{"id":299,"date":"2020-08-07T08:50:24","date_gmt":"2020-08-07T08:50:24","guid":{"rendered":"https:\/\/onceauto.seowaimao.com\/?post_type=product&#038;p=299"},"modified":"2026-01-27T02:57:21","modified_gmt":"2026-01-27T02:57:21","slug":"machine-automatique-de-serigraphie-a-plat","status":"publish","type":"product","link":"https:\/\/autoprintmachine.com\/fr\/machine-automatique-de-serigraphie-a-plat\/","title":{"rendered":"Machine de s\u00e9rigraphie automatique \u00e0 plat"},"content":{"rendered":"<h2>S\u00e9rigraphie \u00e0 plat Introduction :<\/h2>\n<p>La presse s\u00e9rigraphique \u00e9lectrique \u00e0 plat de la s\u00e9rie AP est \u00e9quip\u00e9e d'un syst\u00e8me \u00e0 moteur \u00e9lectrique. Il soul\u00e8ve le cadre de l'\u00e9cran verticalement, maintenant l'encre dans la \u201czone d'impression\u201d. Cette m\u00e9thode de levage \u00e0 plat et \u00e0 la verticale facilite la t\u00e2che de l'op\u00e9rateur. Il peut charger et d\u00e9charger les feuilles graphiques pendant la production. Elle offre l'avantage suppl\u00e9mentaire de faciliter la visualisation et l'inspection de la feuille imprim\u00e9e. L'axe d'impression horizontal est command\u00e9 \u00e9lectriquement par un moteur \u00e0 courant alternatif. L'utilisation d'une table \u00e0 vide est id\u00e9ale pour l'impression de panneaux graphiques et d'enseignes, du plus petit au plus grand format. Elle convient \u00e9galement \u00e0 l'impression de produits industriels plats.<\/p>\n<h2>Presse d'impression \u00e0 plat Sp\u00e9cifications :<\/h2>\n<table width=\"414\">\n<tbody>\n<tr>\n<td width=\"69\">Mod\u00e8le<\/td>\n<td width=\"69\">AP-3050V<\/td>\n<td width=\"69\">AP-4060V<\/td>\n<td width=\"69\">AP-5070V<\/td>\n<td width=\"69\">AP-6090V<\/td>\n<td width=\"69\">AP-70120V<\/td>\n<\/tr>\n<tr>\n<td width=\"69\">Course de mont\u00e9e\/descente du cadre<\/td>\n<td width=\"69\">150 mm<\/td>\n<td width=\"69\">200mm<\/td>\n<td width=\"69\">200mm<\/td>\n<td width=\"69\">200mm<\/td>\n<td width=\"69\">200mm<\/td>\n<\/tr>\n<tr>\n<td width=\"69\">Imprimer stroke(left&amp;right)<\/td>\n<td width=\"69\">550mm<\/td>\n<td width=\"69\">700mm<\/td>\n<td width=\"69\">800mm<\/td>\n<td width=\"69\">1000mm<\/td>\n<td width=\"69\">1300mm<\/td>\n<\/tr>\n<tr>\n<td width=\"69\">Surface d'impression maximale<\/td>\n<td width=\"69\">300x500mm<\/td>\n<td width=\"69\">400x600mm<\/td>\n<td width=\"69\">500x700mm<\/td>\n<td width=\"69\">600x900mm<\/td>\n<td width=\"69\">700x1200mm<\/td>\n<\/tr>\n<tr>\n<td width=\"69\">Taille de la table \u00e0 vide<\/td>\n<td width=\"69\">300x500mm<\/td>\n<td width=\"69\">400x600mm<\/td>\n<td width=\"69\">500x700mm<\/td>\n<td width=\"69\">600x900mm<\/td>\n<td width=\"69\">700x1200mm<\/td>\n<\/tr>\n<tr>\n<td width=\"69\">Taille de la table de travail<\/td>\n<td width=\"69\">350x600mm<\/td>\n<td width=\"69\">500x700mm<\/td>\n<td width=\"69\">600x800mm<\/td>\n<td width=\"69\">700x1000mm<\/td>\n<td width=\"69\">800x1300mm<\/td>\n<\/tr>\n<tr>\n<td width=\"69\">Taille maximale du cadre<\/td>\n<td width=\"69\">500x830mm<\/td>\n<td width=\"69\">600x9300mm<\/td>\n<td width=\"69\">700x1130mm<\/td>\n<td width=\"69\">800x13000mm<\/td>\n<td width=\"69\">1000x14500mm<\/td>\n<\/tr>\n<tr>\n<td width=\"69\">\u00c9paisseur du cadre de l'\u00e9cran<\/td>\n<td width=\"69\">50,8 mm<\/td>\n<td width=\"69\">50,8 mm<\/td>\n<td width=\"69\">50,8 mm<\/td>\n<td width=\"69\">50,8 mm<\/td>\n<td width=\"69\">50,8 mm<\/td>\n<\/tr>\n<tr>\n<td width=\"69\">Pression de la raclette<\/td>\n<td width=\"69\">2-4 bar<\/td>\n<td width=\"69\">2-4 bar<\/td>\n<td width=\"69\">2-4 bar<\/td>\n<td width=\"69\">2-4 bar<\/td>\n<td width=\"69\">2-4 bar<\/td>\n<\/tr>\n<tr>\n<td width=\"69\">Vitesse d'impression maximale<\/td>\n<td width=\"69\">1 200 cycles\/heure<\/td>\n<td width=\"69\">800 cycles\/heure<\/td>\n<td width=\"69\">800 cycles\/heure<\/td>\n<td width=\"69\">800 cycles\/heure<\/td>\n<td width=\"69\">600 cycles\/heure<\/td>\n<\/tr>\n<tr>\n<td width=\"69\">Source \u00e9lectrique<\/td>\n<td width=\"69\">110\/220\/230V 50\/60Hz<\/td>\n<td width=\"69\">110\/220\/230V 50\/60Hz<\/td>\n<td width=\"69\">110\/220\/230V 50\/60Hz<\/td>\n<td width=\"69\">380V 50\/60Hz<\/td>\n<td width=\"69\">380V 50\/60Hz<\/td>\n<\/tr>\n<tr>\n<td width=\"69\">Poids de la machine<\/td>\n<td width=\"69\">190 kg<\/td>\n<td width=\"69\">320 kg<\/td>\n<td width=\"69\">380 kg<\/td>\n<td width=\"69\">660 kg<\/td>\n<td width=\"69\">680 kg<\/td>\n<\/tr>\n<tr>\n<td width=\"69\">Dimensions de la machine<\/td>\n<td width=\"69\">800x1050x1550mm<\/td>\n<td width=\"69\">1150x1000x1700mm<\/td>\n<td width=\"69\">1100x1300x1650mm<\/td>\n<td width=\"69\">1350x1350x1700mm<\/td>\n<td width=\"69\">1450x1650x1700mm<\/td>\n<\/tr>\n<\/tbody>\n<\/table>","protected":false},"excerpt":{"rendered":"<p>La machine \u00e9lectrique d'impression sur \u00e9cran plat de la s\u00e9rie AP est \u00e9quip\u00e9e d'un moteur \u00e0 courant alternatif. Il permet des mouvements vers la gauche, la droite, le haut et le bas. La marque contr\u00f4l\u00e9e par PLC, avec un \u00e9cran tactile, rend la machine programmable. L'entra\u00eenement \u00e9lectrique offre des performances de travail plus stables que les machines de type pneumatique.<\/p>\n<p>L'imprimante \u00e9lectrique \u00e0 \u00e9cran plat standard est disponible en diff\u00e9rentes tailles. Les options comprennent 300x500mm, 400x600mm, 500x700mm, 600x900mm et 700x1200mm, en fonction de votre zone d'impression. Nous pouvons \u00e9galement imprimer en plus grand format. La table de travail peut \u00eatre \u00e0 la fois une table \u00e0 vide et une table \u00e0 rainures en T pour diff\u00e9rentes parties de l'impression.<\/p>\n<p>Cette machine de s\u00e9rie pr\u00e9cise est couramment utilis\u00e9e dans l'impression industrielle. Elle imprime sur du papier transfert, des d\u00e9calcomanies, des commutateurs \u00e0 membrane et m\u00eame des tableaux de bord automobiles.<\/p>","protected":false},"featured_media":304,"template":"","meta":[],"product_brand":[],"product_cat":[17],"product_tag":[],"class_list":{"0":"post-299","1":"product","2":"type-product","3":"status-publish","4":"has-post-thumbnail","6":"product_cat-flat-screen-printing-machine","8":"first","9":"instock","10":"shipping-taxable","11":"product-type-simple"},"yoast_head":"<!-- This site is optimized with the Yoast SEO plugin v27.4 - https:\/\/yoast.com\/product\/yoast-seo-wordpress\/ -->\n<title>Electric Automatic Flat Bed Screen Printing Machine<\/title>\n<meta name=\"description\" content=\"This automatic flat bed screen printing machine is suited for printing graphic panels, signage, membrane switches and overlays.\" \/>\n<meta name=\"robots\" content=\"index, follow, max-snippet:-1, max-image-preview:large, max-video-preview:-1\" \/>\n<link rel=\"canonical\" href=\"https:\/\/autoprintmachine.com\/fr\/machine-automatique-de-serigraphie-a-plat\/\" \/>\n<meta property=\"og:locale\" content=\"fr_FR\" \/>\n<meta property=\"og:type\" content=\"article\" \/>\n<meta property=\"og:title\" content=\"Electric Automatic Flat Bed Screen Printing Machine\" \/>\n<meta property=\"og:description\" content=\"This automatic flat bed screen printing machine is suited for printing graphic panels, signage, membrane switches and overlays.\" \/>\n<meta property=\"og:url\" content=\"https:\/\/autoprintmachine.com\/fr\/machine-automatique-de-serigraphie-a-plat\/\" \/>\n<meta property=\"article:publisher\" content=\"https:\/\/www.facebook.com\/autoprinttech\/\" \/>\n<meta property=\"article:modified_time\" content=\"2026-01-27T02:57:21+00:00\" \/>\n<meta property=\"og:image\" content=\"https:\/\/autoprintmachine.com\/wp-content\/uploads\/2020\/08\/OS-6090.jpg\" \/>\n\t<meta property=\"og:image:width\" content=\"600\" \/>\n\t<meta property=\"og:image:height\" content=\"600\" \/>\n\t<meta property=\"og:image:type\" content=\"image\/jpeg\" \/>\n<meta name=\"twitter:card\" content=\"summary_large_image\" \/>\n<meta name=\"twitter:label1\" content=\"Est. reading time\" \/>\n\t<meta name=\"twitter:data1\" content=\"2 minutes\" \/>\n<script type=\"application\/ld+json\" class=\"yoast-schema-graph\">{\"@context\":\"https:\\\/\\\/schema.org\",\"@graph\":[{\"@type\":\"WebPage\",\"@id\":\"https:\\\/\\\/autoprintmachine.com\\\/automatic-flat-bed-screen-printing-machine\\\/\",\"url\":\"https:\\\/\\\/autoprintmachine.com\\\/automatic-flat-bed-screen-printing-machine\\\/\",\"name\":\"Electric Automatic Flat Bed Screen Printing Machine\",\"isPartOf\":{\"@id\":\"https:\\\/\\\/autoprintmachine.com\\\/#website\"},\"primaryImageOfPage\":{\"@id\":\"https:\\\/\\\/autoprintmachine.com\\\/automatic-flat-bed-screen-printing-machine\\\/#primaryimage\"},\"image\":{\"@id\":\"https:\\\/\\\/autoprintmachine.com\\\/automatic-flat-bed-screen-printing-machine\\\/#primaryimage\"},\"thumbnailUrl\":\"https:\\\/\\\/autoprintmachine.com\\\/wp-content\\\/uploads\\\/2020\\\/08\\\/OS-6090.jpg\",\"datePublished\":\"2020-08-07T08:50:24+00:00\",\"dateModified\":\"2026-01-27T02:57:21+00:00\",\"description\":\"This automatic flat bed screen printing machine is suited for printing graphic panels, signage, membrane switches and overlays.\",\"breadcrumb\":{\"@id\":\"https:\\\/\\\/autoprintmachine.com\\\/automatic-flat-bed-screen-printing-machine\\\/#breadcrumb\"},\"inLanguage\":\"fr-FR\",\"potentialAction\":[{\"@type\":\"ReadAction\",\"target\":[\"https:\\\/\\\/autoprintmachine.com\\\/automatic-flat-bed-screen-printing-machine\\\/\"]}]},{\"@type\":\"ImageObject\",\"inLanguage\":\"fr-FR\",\"@id\":\"https:\\\/\\\/autoprintmachine.com\\\/automatic-flat-bed-screen-printing-machine\\\/#primaryimage\",\"url\":\"https:\\\/\\\/autoprintmachine.com\\\/wp-content\\\/uploads\\\/2020\\\/08\\\/OS-6090.jpg\",\"contentUrl\":\"https:\\\/\\\/autoprintmachine.com\\\/wp-content\\\/uploads\\\/2020\\\/08\\\/OS-6090.jpg\",\"width\":600,\"height\":600,\"caption\":\"automatic screen printing machine\"},{\"@type\":\"BreadcrumbList\",\"@id\":\"https:\\\/\\\/autoprintmachine.com\\\/automatic-flat-bed-screen-printing-machine\\\/#breadcrumb\",\"itemListElement\":[{\"@type\":\"ListItem\",\"position\":1,\"name\":\"Home\",\"item\":\"https:\\\/\\\/autoprintmachine.com\\\/\"},{\"@type\":\"ListItem\",\"position\":2,\"name\":\"Products\",\"item\":\"https:\\\/\\\/autoprintmachine.com\\\/shop\\\/\"},{\"@type\":\"ListItem\",\"position\":3,\"name\":\"Electric Automatic Flatbed Screen Printing Machine\"}]},{\"@type\":\"WebSite\",\"@id\":\"https:\\\/\\\/autoprintmachine.com\\\/#website\",\"url\":\"https:\\\/\\\/autoprintmachine.com\\\/\",\"name\":\"\",\"description\":\"\",\"publisher\":{\"@id\":\"https:\\\/\\\/autoprintmachine.com\\\/#organization\"},\"potentialAction\":[{\"@type\":\"SearchAction\",\"target\":{\"@type\":\"EntryPoint\",\"urlTemplate\":\"https:\\\/\\\/autoprintmachine.com\\\/?s={search_term_string}\"},\"query-input\":{\"@type\":\"PropertyValueSpecification\",\"valueRequired\":true,\"valueName\":\"search_term_string\"}}],\"inLanguage\":\"fr-FR\"},{\"@type\":\"Organization\",\"@id\":\"https:\\\/\\\/autoprintmachine.com\\\/#organization\",\"name\":\"Dongguan Auto Print Tech Co., Ltd\",\"url\":\"https:\\\/\\\/autoprintmachine.com\\\/\",\"logo\":{\"@type\":\"ImageObject\",\"inLanguage\":\"fr-FR\",\"@id\":\"https:\\\/\\\/autoprintmachine.com\\\/#\\\/schema\\\/logo\\\/image\\\/\",\"url\":\"https:\\\/\\\/autoprintmachine.com\\\/wp-content\\\/uploads\\\/2023\\\/06\\\/screen_printing_logo_new.webp\",\"contentUrl\":\"https:\\\/\\\/autoprintmachine.com\\\/wp-content\\\/uploads\\\/2023\\\/06\\\/screen_printing_logo_new.webp\",\"width\":890,\"height\":750,\"caption\":\"Dongguan Auto Print Tech Co., Ltd\"},\"image\":{\"@id\":\"https:\\\/\\\/autoprintmachine.com\\\/#\\\/schema\\\/logo\\\/image\\\/\"},\"sameAs\":[\"https:\\\/\\\/www.facebook.com\\\/autoprinttech\\\/\",\"https:\\\/\\\/www.youtube.com\\\/channel\\\/UCJtPGiBbQWGE2DZLxySpCtw\"]}]}<\/script>\n<!-- \/ Yoast SEO plugin. -->","yoast_head_json":{"title":"Machine de s\u00e9rigraphie \u00e0 plat automatique et \u00e9lectrique","description":"Cette machine automatique de s\u00e9rigraphie \u00e0 plat est adapt\u00e9e \u00e0 l'impression de panneaux graphiques, d'enseignes, de commutateurs \u00e0 membrane et de superpositions.","robots":{"index":"index","follow":"follow","max-snippet":"max-snippet:-1","max-image-preview":"max-image-preview:large","max-video-preview":"max-video-preview:-1"},"canonical":"https:\/\/autoprintmachine.com\/fr\/machine-automatique-de-serigraphie-a-plat\/","og_locale":"fr_FR","og_type":"article","og_title":"Electric Automatic Flat Bed Screen Printing Machine","og_description":"This automatic flat bed screen printing machine is suited for printing graphic panels, signage, membrane switches and overlays.","og_url":"https:\/\/autoprintmachine.com\/fr\/machine-automatique-de-serigraphie-a-plat\/","article_publisher":"https:\/\/www.facebook.com\/autoprinttech\/","article_modified_time":"2026-01-27T02:57:21+00:00","og_image":[{"width":600,"height":600,"url":"https:\/\/autoprintmachine.com\/wp-content\/uploads\/2020\/08\/OS-6090.jpg","type":"image\/jpeg"}],"twitter_card":"summary_large_image","twitter_misc":{"Est. reading time":"2 minutes"},"schema":{"@context":"https:\/\/schema.org","@graph":[{"@type":"WebPage","@id":"https:\/\/autoprintmachine.com\/automatic-flat-bed-screen-printing-machine\/","url":"https:\/\/autoprintmachine.com\/automatic-flat-bed-screen-printing-machine\/","name":"Machine de s\u00e9rigraphie \u00e0 plat automatique et \u00e9lectrique","isPartOf":{"@id":"https:\/\/autoprintmachine.com\/#website"},"primaryImageOfPage":{"@id":"https:\/\/autoprintmachine.com\/automatic-flat-bed-screen-printing-machine\/#primaryimage"},"image":{"@id":"https:\/\/autoprintmachine.com\/automatic-flat-bed-screen-printing-machine\/#primaryimage"},"thumbnailUrl":"https:\/\/autoprintmachine.com\/wp-content\/uploads\/2020\/08\/OS-6090.jpg","datePublished":"2020-08-07T08:50:24+00:00","dateModified":"2026-01-27T02:57:21+00:00","description":"Cette machine automatique de s\u00e9rigraphie \u00e0 plat est adapt\u00e9e \u00e0 l'impression de panneaux graphiques, d'enseignes, de commutateurs \u00e0 membrane et de superpositions.","breadcrumb":{"@id":"https:\/\/autoprintmachine.com\/automatic-flat-bed-screen-printing-machine\/#breadcrumb"},"inLanguage":"fr-FR","potentialAction":[{"@type":"ReadAction","target":["https:\/\/autoprintmachine.com\/automatic-flat-bed-screen-printing-machine\/"]}]},{"@type":"ImageObject","inLanguage":"fr-FR","@id":"https:\/\/autoprintmachine.com\/automatic-flat-bed-screen-printing-machine\/#primaryimage","url":"https:\/\/autoprintmachine.com\/wp-content\/uploads\/2020\/08\/OS-6090.jpg","contentUrl":"https:\/\/autoprintmachine.com\/wp-content\/uploads\/2020\/08\/OS-6090.jpg","width":600,"height":600,"caption":"automatic screen printing machine"},{"@type":"BreadcrumbList","@id":"https:\/\/autoprintmachine.com\/automatic-flat-bed-screen-printing-machine\/#breadcrumb","itemListElement":[{"@type":"ListItem","position":1,"name":"Home","item":"https:\/\/autoprintmachine.com\/"},{"@type":"ListItem","position":2,"name":"Products","item":"https:\/\/autoprintmachine.com\/shop\/"},{"@type":"ListItem","position":3,"name":"Electric Automatic Flatbed Screen Printing Machine"}]},{"@type":"WebSite","@id":"https:\/\/autoprintmachine.com\/#website","url":"https:\/\/autoprintmachine.com\/","name":"","description":"","publisher":{"@id":"https:\/\/autoprintmachine.com\/#organization"},"potentialAction":[{"@type":"SearchAction","target":{"@type":"EntryPoint","urlTemplate":"https:\/\/autoprintmachine.com\/?s={search_term_string}"},"query-input":{"@type":"PropertyValueSpecification","valueRequired":true,"valueName":"search_term_string"}}],"inLanguage":"fr-FR"},{"@type":"Organization","@id":"https:\/\/autoprintmachine.com\/#organization","name":"Dongguan Auto Print Tech Co. Ltd","url":"https:\/\/autoprintmachine.com\/","logo":{"@type":"ImageObject","inLanguage":"fr-FR","@id":"https:\/\/autoprintmachine.com\/#\/schema\/logo\/image\/","url":"https:\/\/autoprintmachine.com\/wp-content\/uploads\/2023\/06\/screen_printing_logo_new.webp","contentUrl":"https:\/\/autoprintmachine.com\/wp-content\/uploads\/2023\/06\/screen_printing_logo_new.webp","width":890,"height":750,"caption":"Dongguan Auto Print Tech Co., Ltd"},"image":{"@id":"https:\/\/autoprintmachine.com\/#\/schema\/logo\/image\/"},"sameAs":["https:\/\/www.facebook.com\/autoprinttech\/","https:\/\/www.youtube.com\/channel\/UCJtPGiBbQWGE2DZLxySpCtw"]}]}},"_links":{"self":[{"href":"https:\/\/autoprintmachine.com\/fr\/wp-json\/wp\/v2\/product\/299","targetHints":{"allow":["GET"]}}],"collection":[{"href":"https:\/\/autoprintmachine.com\/fr\/wp-json\/wp\/v2\/product"}],"about":[{"href":"https:\/\/autoprintmachine.com\/fr\/wp-json\/wp\/v2\/types\/product"}],"wp:featuredmedia":[{"embeddable":true,"href":"https:\/\/autoprintmachine.com\/fr\/wp-json\/wp\/v2\/media\/304"}],"wp:attachment":[{"href":"https:\/\/autoprintmachine.com\/fr\/wp-json\/wp\/v2\/media?parent=299"}],"wp:term":[{"taxonomy":"product_brand","embeddable":true,"href":"https:\/\/autoprintmachine.com\/fr\/wp-json\/wp\/v2\/product_brand?post=299"},{"taxonomy":"product_cat","embeddable":true,"href":"https:\/\/autoprintmachine.com\/fr\/wp-json\/wp\/v2\/product_cat?post=299"},{"taxonomy":"product_tag","embeddable":true,"href":"https:\/\/autoprintmachine.com\/fr\/wp-json\/wp\/v2\/product_tag?post=299"}],"curies":[{"name":"wp","href":"https:\/\/api.w.org\/{rel}","templated":true}]}}