{"id":317,"date":"2020-08-11T02:39:01","date_gmt":"2020-08-11T02:39:01","guid":{"rendered":"https:\/\/onceauto.seowaimao.com\/?post_type=product&#038;p=317"},"modified":"2026-01-27T06:10:33","modified_gmt":"2026-01-27T06:10:33","slug":"rotary-3-color-automatic-flat-uv-screen-printing-machine","status":"publish","type":"product","link":"https:\/\/autoprintmachine.com\/fr\/machine-de-serigraphie-uv-rotative-3-couleurs-automatique\/","title":{"rendered":"Machine de s\u00e9rigraphie UV rotative \u00e0 plat, 3 couleurs, automatique"},"content":{"rendered":"<h2>Machine d'impression \u00e0 plat Introduction :<\/h2>\n<p>The AP-F324 is a fully automatic UV screen printing machine designed for flat surfaces. It offers increased productivity and unrivaled value. It is suitable for printing on print dressing cases, stationery rulers, flat pens, small glass sheets, etc.<\/p>\n<p>A SANKYO rotary positioning drive powers the AP-F324. This setup delivers accurate color-to-color print registration. It features a MOTOVARIO main drive motor with a barrel cam. The UV screen printing inks cure automatically with UV lamps. These high-powered lamps are positioned after each printing station. After loading the flat objects, a pre-flame treating station is available. There&#8217;s also an optional de-ionizing and cleaning station. This setup helps ensure better printing quality and fewer defects.<\/p>\n<p>The AP-F324 system comes with optional UV curing units from Heraeus Fusion or ALPHA-CURE. They are outfitted with high-intensity mercury UV bulbs.<\/p>\n<h2>Imprimante \u00e0 \u00e9cran plat Caract\u00e9ristiques :<\/h2>\n<ul>\n<li>High-precision mechanical rotary indexer<\/li>\n<li>OMRON PLC control with touchscreen<\/li>\n<li>T\u00eates d'impression synchronis\u00e9es m\u00e9caniquement pour des r\u00e9sultats d'impression pr\u00e9cis<\/li>\n<li>Syst\u00e8me de chargement et de d\u00e9chargement automatique<\/li>\n<li>Quick and easy set-up and changeovers<\/li>\n<li>Motor-controlled optical pre-registration device<\/li>\n<li>Angle et hauteur de la raclette r\u00e9glables<\/li>\n<li>Maxprint area: up to 110 x 90 mm (4.33 x 3.54 in)<\/li>\n<li>\u00c9quip\u00e9 de portes de s\u00e9curit\u00e9 \u00e0 verrouillage<\/li>\n<li>Printing speeds of up to 50 ppm<\/li>\n<li>Heraeus Fusion or ALPHA-CURE UV curing units (optional)<\/li>\n<\/ul>\n<h2>Presse d'impression \u00e0 plat Sp\u00e9cifications :<\/h2>\n<table style=\"height: 303px;\" width=\"706\">\n<tbody>\n<tr>\n<td width=\"339\">Num\u00e9ro de mod\u00e8le :<\/td>\n<td width=\"272\">AP-F324<\/td>\n<\/tr>\n<tr>\n<td width=\"339\">Couleur d'impression :<\/td>\n<td width=\"272\">3 Couleur<\/td>\n<\/tr>\n<tr>\n<td width=\"339\">Taille du produit \u00e0 imprimer :<\/td>\n<td width=\"272\">L160 x L160 x H100 mm<\/td>\n<\/tr>\n<tr>\n<td width=\"339\">Surface d'impression max :<\/td>\n<td width=\"272\">L110 x L90 mm<\/td>\n<\/tr>\n<tr>\n<td width=\"339\">Vitesse d'impression maximale :<\/td>\n<td width=\"272\">45 pcs\/min<\/td>\n<\/tr>\n<tr>\n<td width=\"339\">Stations :<\/td>\n<td width=\"272\">24 stations<\/td>\n<\/tr>\n<tr>\n<td width=\"339\">Puissance de la lampe UV :<\/td>\n<td width=\"272\">3 KW\/UNIT\u00c9 6\u2033<\/td>\n<\/tr>\n<tr>\n<td width=\"339\">Alimentation \u00e9lectrique :<\/td>\n<td width=\"272\">380V\/480V triphas\u00e9 50Hz\/60Hz<\/td>\n<\/tr>\n<tr>\n<td width=\"339\">Besoin en air :<\/td>\n<td width=\"272\">6-8 bar<\/td>\n<\/tr>\n<tr>\n<td width=\"339\">Consommation \u00e9lectrique :<\/td>\n<td width=\"272\">10 KW<\/td>\n<\/tr>\n<tr>\n<td width=\"339\">Dimension de la machine :<\/td>\n<td width=\"272\">L4500 x L3500 x H2350 mm<\/td>\n<\/tr>\n<tr>\n<td width=\"339\">Poids :<\/td>\n<td width=\"272\">1500 KG<\/td>\n<\/tr>\n<\/tbody>\n<\/table>","protected":false},"excerpt":{"rendered":"<p>AP-F324 is a 3-color fully automatic screen printing machine. This automatic flat-screen printing machine features a rotary working table. It has a complete printing process. This process involves an auto-infeed conveyor, a deionizing device, screen printing, UV curing, and an auto-outfeed conveyor.<\/p>\n<p>The print size is 110x90mm. It features a SANKYO rotary system and a branded motor. This automatic flat-screen printer is popular for printing small parts. It can handle glass panels, print dressings, stationery rulers, flat pens, and small glass sheets.<\/p>","protected":false},"featured_media":318,"template":"","meta":[],"product_cat":[17],"class_list":{"0":"post-317","1":"product","2":"type-product","3":"status-publish","4":"has-post-thumbnail","6":"product_cat-flat-screen-printing-machine","8":"first","9":"instock","10":"shipping-taxable","11":"product-type-simple"},"acf":[],"yoast_head":"<!-- This site is optimized with the Yoast SEO plugin v23.9 - https:\/\/yoast.com\/wordpress\/plugins\/seo\/ -->\n<title>3 Color Rotary Automatic Flat UV Screen Printing Machine<\/title>\n<meta name=\"description\" content=\"Machine is designed for flat surfaces that available print dressing cases, stationery rulers, flat pens, small glass sheet, etc.\" \/>\n<meta name=\"robots\" content=\"index, follow, max-snippet:-1, max-image-preview:large, max-video-preview:-1\" \/>\n<link rel=\"canonical\" href=\"https:\/\/autoprintmachine.com\/fr\/machine-de-serigraphie-uv-rotative-3-couleurs-automatique\/\" \/>\n<meta property=\"og:locale\" content=\"fr_FR\" \/>\n<meta property=\"og:type\" content=\"article\" \/>\n<meta property=\"og:title\" content=\"3 Color Rotary Automatic Flat UV Screen Printing Machine\" \/>\n<meta property=\"og:description\" content=\"Machine is designed for flat surfaces that available print dressing cases, stationery rulers, flat pens, small glass sheet, etc.\" \/>\n<meta property=\"og:url\" content=\"https:\/\/autoprintmachine.com\/fr\/machine-de-serigraphie-uv-rotative-3-couleurs-automatique\/\" \/>\n<meta property=\"article:publisher\" content=\"https:\/\/www.facebook.com\/autoprinttech\/\" \/>\n<meta property=\"article:modified_time\" content=\"2026-01-27T06:10:33+00:00\" \/>\n<meta property=\"og:image\" content=\"https:\/\/autoprintmachine.com\/wp-content\/uploads\/2020\/08\/OS-324.jpg\" \/>\n\t<meta property=\"og:image:width\" content=\"600\" \/>\n\t<meta property=\"og:image:height\" content=\"600\" \/>\n\t<meta property=\"og:image:type\" content=\"image\/jpeg\" \/>\n<meta name=\"twitter:card\" content=\"summary_large_image\" \/>\n<meta name=\"twitter:label1\" content=\"Dur\u00e9e de lecture estim\u00e9e\" \/>\n\t<meta name=\"twitter:data1\" content=\"2 minutes\" \/>\n<script type=\"application\/ld+json\" class=\"yoast-schema-graph\">{\"@context\":\"https:\/\/schema.org\",\"@graph\":[{\"@type\":\"WebPage\",\"@id\":\"https:\/\/autoprintmachine.com\/rotary-3-color-automatic-flat-uv-screen-printing-machine\/\",\"url\":\"https:\/\/autoprintmachine.com\/rotary-3-color-automatic-flat-uv-screen-printing-machine\/\",\"name\":\"3 Color Rotary Automatic Flat UV Screen Printing Machine\",\"isPartOf\":{\"@id\":\"https:\/\/autoprintmachine.com\/#website\"},\"primaryImageOfPage\":{\"@id\":\"https:\/\/autoprintmachine.com\/rotary-3-color-automatic-flat-uv-screen-printing-machine\/#primaryimage\"},\"image\":{\"@id\":\"https:\/\/autoprintmachine.com\/rotary-3-color-automatic-flat-uv-screen-printing-machine\/#primaryimage\"},\"thumbnailUrl\":\"https:\/\/autoprintmachine.com\/wp-content\/uploads\/2020\/08\/OS-324.jpg\",\"datePublished\":\"2020-08-11T02:39:01+00:00\",\"dateModified\":\"2026-01-27T06:10:33+00:00\",\"description\":\"Machine is designed for flat surfaces that available print dressing cases, stationery rulers, flat pens, small glass sheet, etc.\",\"breadcrumb\":{\"@id\":\"https:\/\/autoprintmachine.com\/rotary-3-color-automatic-flat-uv-screen-printing-machine\/#breadcrumb\"},\"inLanguage\":\"fr-FR\",\"potentialAction\":[{\"@type\":\"ReadAction\",\"target\":[\"https:\/\/autoprintmachine.com\/rotary-3-color-automatic-flat-uv-screen-printing-machine\/\"]}]},{\"@type\":\"ImageObject\",\"inLanguage\":\"fr-FR\",\"@id\":\"https:\/\/autoprintmachine.com\/rotary-3-color-automatic-flat-uv-screen-printing-machine\/#primaryimage\",\"url\":\"https:\/\/autoprintmachine.com\/wp-content\/uploads\/2020\/08\/OS-324.jpg\",\"contentUrl\":\"https:\/\/autoprintmachine.com\/wp-content\/uploads\/2020\/08\/OS-324.jpg\",\"width\":600,\"height\":600},{\"@type\":\"BreadcrumbList\",\"@id\":\"https:\/\/autoprintmachine.com\/rotary-3-color-automatic-flat-uv-screen-printing-machine\/#breadcrumb\",\"itemListElement\":[{\"@type\":\"ListItem\",\"position\":1,\"name\":\"Home\",\"item\":\"https:\/\/autoprintmachine.com\/\"},{\"@type\":\"ListItem\",\"position\":2,\"name\":\"Products\",\"item\":\"https:\/\/autoprintmachine.com\/shop\/\"},{\"@type\":\"ListItem\",\"position\":3,\"name\":\"Rotary 3 Color Automatic Flat UV Screen Printing Machine\"}]},{\"@type\":\"WebSite\",\"@id\":\"https:\/\/autoprintmachine.com\/#website\",\"url\":\"https:\/\/autoprintmachine.com\/\",\"name\":\"\",\"description\":\"\",\"publisher\":{\"@id\":\"https:\/\/autoprintmachine.com\/#organization\"},\"potentialAction\":[{\"@type\":\"SearchAction\",\"target\":{\"@type\":\"EntryPoint\",\"urlTemplate\":\"https:\/\/autoprintmachine.com\/?s={search_term_string}\"},\"query-input\":{\"@type\":\"PropertyValueSpecification\",\"valueRequired\":true,\"valueName\":\"search_term_string\"}}],\"inLanguage\":\"fr-FR\"},{\"@type\":\"Organization\",\"@id\":\"https:\/\/autoprintmachine.com\/#organization\",\"name\":\"Dongguan Auto Print Tech Co., Ltd\",\"url\":\"https:\/\/autoprintmachine.com\/\",\"logo\":{\"@type\":\"ImageObject\",\"inLanguage\":\"fr-FR\",\"@id\":\"https:\/\/autoprintmachine.com\/#\/schema\/logo\/image\/\",\"url\":\"https:\/\/autoprintmachine.com\/wp-content\/uploads\/2023\/06\/screen_printing_logo_new.webp\",\"contentUrl\":\"https:\/\/autoprintmachine.com\/wp-content\/uploads\/2023\/06\/screen_printing_logo_new.webp\",\"width\":890,\"height\":750,\"caption\":\"Dongguan Auto Print Tech Co., Ltd\"},\"image\":{\"@id\":\"https:\/\/autoprintmachine.com\/#\/schema\/logo\/image\/\"},\"sameAs\":[\"https:\/\/www.facebook.com\/autoprinttech\/\",\"https:\/\/www.youtube.com\/channel\/UCJtPGiBbQWGE2DZLxySpCtw\"]}]}<\/script>\n<!-- \/ Yoast SEO plugin. -->","yoast_head_json":{"title":"3 Color Rotary Automatic Flat UV Screen Printing Machine","description":"Machine is designed for flat surfaces that available print dressing cases, stationery rulers, flat pens, small glass sheet, etc.","robots":{"index":"index","follow":"follow","max-snippet":"max-snippet:-1","max-image-preview":"max-image-preview:large","max-video-preview":"max-video-preview:-1"},"canonical":"https:\/\/autoprintmachine.com\/fr\/machine-de-serigraphie-uv-rotative-3-couleurs-automatique\/","og_locale":"fr_FR","og_type":"article","og_title":"3 Color Rotary Automatic Flat UV Screen Printing Machine","og_description":"Machine is designed for flat surfaces that available print dressing cases, stationery rulers, flat pens, small glass sheet, etc.","og_url":"https:\/\/autoprintmachine.com\/fr\/machine-de-serigraphie-uv-rotative-3-couleurs-automatique\/","article_publisher":"https:\/\/www.facebook.com\/autoprinttech\/","article_modified_time":"2026-01-27T06:10:33+00:00","og_image":[{"width":600,"height":600,"url":"https:\/\/autoprintmachine.com\/wp-content\/uploads\/2020\/08\/OS-324.jpg","type":"image\/jpeg"}],"twitter_card":"summary_large_image","twitter_misc":{"Dur\u00e9e de lecture estim\u00e9e":"2 minutes"},"schema":{"@context":"https:\/\/schema.org","@graph":[{"@type":"WebPage","@id":"https:\/\/autoprintmachine.com\/rotary-3-color-automatic-flat-uv-screen-printing-machine\/","url":"https:\/\/autoprintmachine.com\/rotary-3-color-automatic-flat-uv-screen-printing-machine\/","name":"3 Color Rotary Automatic Flat UV Screen Printing Machine","isPartOf":{"@id":"https:\/\/autoprintmachine.com\/#website"},"primaryImageOfPage":{"@id":"https:\/\/autoprintmachine.com\/rotary-3-color-automatic-flat-uv-screen-printing-machine\/#primaryimage"},"image":{"@id":"https:\/\/autoprintmachine.com\/rotary-3-color-automatic-flat-uv-screen-printing-machine\/#primaryimage"},"thumbnailUrl":"https:\/\/autoprintmachine.com\/wp-content\/uploads\/2020\/08\/OS-324.jpg","datePublished":"2020-08-11T02:39:01+00:00","dateModified":"2026-01-27T06:10:33+00:00","description":"Machine is designed for flat surfaces that available print dressing cases, stationery rulers, flat pens, small glass sheet, etc.","breadcrumb":{"@id":"https:\/\/autoprintmachine.com\/rotary-3-color-automatic-flat-uv-screen-printing-machine\/#breadcrumb"},"inLanguage":"fr-FR","potentialAction":[{"@type":"ReadAction","target":["https:\/\/autoprintmachine.com\/rotary-3-color-automatic-flat-uv-screen-printing-machine\/"]}]},{"@type":"ImageObject","inLanguage":"fr-FR","@id":"https:\/\/autoprintmachine.com\/rotary-3-color-automatic-flat-uv-screen-printing-machine\/#primaryimage","url":"https:\/\/autoprintmachine.com\/wp-content\/uploads\/2020\/08\/OS-324.jpg","contentUrl":"https:\/\/autoprintmachine.com\/wp-content\/uploads\/2020\/08\/OS-324.jpg","width":600,"height":600},{"@type":"BreadcrumbList","@id":"https:\/\/autoprintmachine.com\/rotary-3-color-automatic-flat-uv-screen-printing-machine\/#breadcrumb","itemListElement":[{"@type":"ListItem","position":1,"name":"Home","item":"https:\/\/autoprintmachine.com\/"},{"@type":"ListItem","position":2,"name":"Products","item":"https:\/\/autoprintmachine.com\/shop\/"},{"@type":"ListItem","position":3,"name":"Rotary 3 Color Automatic Flat UV Screen Printing Machine"}]},{"@type":"WebSite","@id":"https:\/\/autoprintmachine.com\/#website","url":"https:\/\/autoprintmachine.com\/","name":"","description":"","publisher":{"@id":"https:\/\/autoprintmachine.com\/#organization"},"potentialAction":[{"@type":"SearchAction","target":{"@type":"EntryPoint","urlTemplate":"https:\/\/autoprintmachine.com\/?s={search_term_string}"},"query-input":{"@type":"PropertyValueSpecification","valueRequired":true,"valueName":"search_term_string"}}],"inLanguage":"fr-FR"},{"@type":"Organization","@id":"https:\/\/autoprintmachine.com\/#organization","name":"Dongguan Auto Print Tech Co., Ltd","url":"https:\/\/autoprintmachine.com\/","logo":{"@type":"ImageObject","inLanguage":"fr-FR","@id":"https:\/\/autoprintmachine.com\/#\/schema\/logo\/image\/","url":"https:\/\/autoprintmachine.com\/wp-content\/uploads\/2023\/06\/screen_printing_logo_new.webp","contentUrl":"https:\/\/autoprintmachine.com\/wp-content\/uploads\/2023\/06\/screen_printing_logo_new.webp","width":890,"height":750,"caption":"Dongguan Auto Print Tech Co., Ltd"},"image":{"@id":"https:\/\/autoprintmachine.com\/#\/schema\/logo\/image\/"},"sameAs":["https:\/\/www.facebook.com\/autoprinttech\/","https:\/\/www.youtube.com\/channel\/UCJtPGiBbQWGE2DZLxySpCtw"]}]}},"_links":{"self":[{"href":"https:\/\/autoprintmachine.com\/fr\/wp-json\/wp\/v2\/product\/317","targetHints":{"allow":["GET"]}}],"collection":[{"href":"https:\/\/autoprintmachine.com\/fr\/wp-json\/wp\/v2\/product"}],"about":[{"href":"https:\/\/autoprintmachine.com\/fr\/wp-json\/wp\/v2\/types\/product"}],"wp:featuredmedia":[{"embeddable":true,"href":"https:\/\/autoprintmachine.com\/fr\/wp-json\/wp\/v2\/media\/318"}],"wp:attachment":[{"href":"https:\/\/autoprintmachine.com\/fr\/wp-json\/wp\/v2\/media?parent=317"}],"wp:term":[{"taxonomy":"product_cat","embeddable":true,"href":"https:\/\/autoprintmachine.com\/fr\/wp-json\/wp\/v2\/product_cat?post=317"}],"curies":[{"name":"wp","href":"https:\/\/api.w.org\/{rel}","templated":true}]}}