{"id":324,"date":"2020-08-11T03:13:26","date_gmt":"2020-08-11T03:13:26","guid":{"rendered":"https:\/\/onceauto.seowaimao.com\/?post_type=product&#038;p=324"},"modified":"2026-01-27T03:19:15","modified_gmt":"2026-01-27T03:19:15","slug":"semi-automatic-flatbed-screen-printing-machine-with-rotary-table","status":"publish","type":"product","link":"https:\/\/autoprintmachine.com\/fr\/machine-de-serigraphie-a-plat-semi-automatique-avec-table-rotative\/","title":{"rendered":"Machine de s\u00e9rigraphie \u00e0 plat semi-automatique avec table rotative"},"content":{"rendered":"<h2>Imprimante de s\u00e9rigraphie \u00e0 plat Caract\u00e9ristiques standard :<\/h2>\n<ul>\n<li>A famous brand PLC controlled with a touch screen<\/li>\n<li>\u00a0Printing speed and stroke are adjustable.<\/li>\n<li>\u00c9l\u00e9vation verticale de la t\u00eate avec r\u00e9glage de la hauteur.<\/li>\n<li>L'impression \u00e0 4 stations permet de r\u00e9pondre \u00e0 la capacit\u00e9 d'impression rapide.<\/li>\n<li>R\u00e9glage de l'angle de la raclette et de la hauteur calibr\u00e9e<\/li>\n<li>100 x 150 mm work table, suitable for small items and fast printing.<\/li>\n<li>Regulated squeegee pressure with a pressure gauge<\/li>\n<li>Commande par p\u00e9dale<\/li>\n<\/ul>\n<h2>Presse d'impression \u00e0 plat Sp\u00e9cifications :<\/h2>\n<table width=\"96%\">\n<tbody>\n<tr>\n<td width=\"50%\"><strong>Num\u00e9ro de mod\u00e8le :<\/strong><\/td>\n<td width=\"50%\"><strong>AP-360F-400<\/strong><\/td>\n<\/tr>\n<tr>\n<td><strong>Capacit\u00e9 d'impression :<\/strong><\/td>\n<td>Jusqu'\u00e0 1 600 pi\u00e8ces par heure<\/td>\n<\/tr>\n<tr>\n<td><strong>T\u00eate d'impression :<\/strong><\/td>\n<td>Pneumatique<\/td>\n<\/tr>\n<tr>\n<td><strong>Conduite (haut\/bas, avant\/arri\u00e8re) :<\/strong><\/td>\n<td>Pneumatique<\/td>\n<\/tr>\n<tr>\n<td><strong>Syst\u00e8me de contr\u00f4le<\/strong><\/td>\n<td>PLC avec \u00e9cran tactile<\/td>\n<\/tr>\n<tr>\n<td><strong>Taille d'impression \u00e0 plat (L x l) :<\/strong><\/td>\n<td>100 x 150mm<\/td>\n<\/tr>\n<tr>\n<td><strong>Taille de la table de travail : <\/strong><\/td>\n<td>100x150mm<\/td>\n<\/tr>\n<tr>\n<td><strong>Hauteur d'impression maximale<\/strong><\/td>\n<td>120 mm<\/td>\n<\/tr>\n<tr>\n<td><strong>Trait d'impression (gauche et droite) :<\/strong><\/td>\n<td>350 mm<\/td>\n<\/tr>\n<tr>\n<td><strong>Course de levage de l'\u00e9cran (haut et bas) :<\/strong><\/td>\n<td>125 mm<\/td>\n<\/tr>\n<tr>\n<td><strong>Tension :<\/strong><\/td>\n<td>110V \/ 220V 50\/60Hz 50W<\/td>\n<\/tr>\n<tr>\n<td><strong>Poids :<\/strong><\/td>\n<td>180 kg<\/td>\n<\/tr>\n<tr>\n<td><strong>Dimensions :<\/strong><\/td>\n<td>580 x 780 x 1350mm<\/td>\n<\/tr>\n<tr>\n<td><strong>Taille de la caisse :<\/strong><\/td>\n<td>600x800x1600mm<\/td>\n<\/tr>\n<\/tbody>\n<\/table>","protected":false},"excerpt":{"rendered":"<p>AP-360F-400 is a semi-automatic flat screen printing machine with a rotary table. Brand PLC controlled with pneumatic driven, max print size 100x150mm, 4 working stations. This flat-screen printer is excellent for small parts. It allows for easy loading and unloading while printing.<\/p>\n<p>The rotary table machine can have rotary tables in different sizes, depending on requirements, such as 6 or 8 stations. And the work table can be with or without a vacuum.<\/p>","protected":false},"featured_media":325,"template":"","meta":[],"product_cat":[17],"class_list":{"0":"post-324","1":"product","2":"type-product","3":"status-publish","4":"has-post-thumbnail","6":"product_cat-flat-screen-printing-machine","8":"first","9":"instock","10":"shipping-taxable","11":"product-type-simple"},"acf":[],"yoast_head":"<!-- This site is optimized with the Yoast SEO plugin v23.9 - https:\/\/yoast.com\/wordpress\/plugins\/seo\/ -->\n<title>Semi Automatic Flatbed Screen Rotary Table Printing Machine<\/title>\n<meta name=\"description\" content=\"Famous brand PLC controlled with touch screen, Printing speed and stroke is adjustable. Vertical head lift with height adjustment.\" \/>\n<meta name=\"robots\" content=\"index, follow, max-snippet:-1, max-image-preview:large, max-video-preview:-1\" \/>\n<link rel=\"canonical\" href=\"https:\/\/autoprintmachine.com\/fr\/machine-de-serigraphie-a-plat-semi-automatique-avec-table-rotative\/\" \/>\n<meta property=\"og:locale\" content=\"fr_FR\" \/>\n<meta property=\"og:type\" content=\"article\" \/>\n<meta property=\"og:title\" content=\"Semi Automatic Flatbed Screen Rotary Table Printing Machine\" \/>\n<meta property=\"og:description\" content=\"Famous brand PLC controlled with touch screen, Printing speed and stroke is adjustable. Vertical head lift with height adjustment.\" \/>\n<meta property=\"og:url\" content=\"https:\/\/autoprintmachine.com\/fr\/machine-de-serigraphie-a-plat-semi-automatique-avec-table-rotative\/\" \/>\n<meta property=\"article:publisher\" content=\"https:\/\/www.facebook.com\/autoprinttech\/\" \/>\n<meta property=\"article:modified_time\" content=\"2026-01-27T03:19:15+00:00\" \/>\n<meta property=\"og:image\" content=\"https:\/\/autoprintmachine.com\/wp-content\/uploads\/2020\/08\/OS-360F-400-1.jpg\" \/>\n\t<meta property=\"og:image:width\" content=\"600\" \/>\n\t<meta property=\"og:image:height\" content=\"600\" \/>\n\t<meta property=\"og:image:type\" content=\"image\/jpeg\" \/>\n<meta name=\"twitter:card\" content=\"summary_large_image\" \/>\n<meta name=\"twitter:label1\" content=\"Dur\u00e9e de lecture estim\u00e9e\" \/>\n\t<meta name=\"twitter:data1\" content=\"1 minute\" \/>\n<script type=\"application\/ld+json\" class=\"yoast-schema-graph\">{\"@context\":\"https:\/\/schema.org\",\"@graph\":[{\"@type\":\"WebPage\",\"@id\":\"https:\/\/autoprintmachine.com\/semi-automatic-flatbed-screen-printing-machine-with-rotary-table\/\",\"url\":\"https:\/\/autoprintmachine.com\/semi-automatic-flatbed-screen-printing-machine-with-rotary-table\/\",\"name\":\"Semi Automatic Flatbed Screen Rotary Table Printing Machine\",\"isPartOf\":{\"@id\":\"https:\/\/autoprintmachine.com\/#website\"},\"primaryImageOfPage\":{\"@id\":\"https:\/\/autoprintmachine.com\/semi-automatic-flatbed-screen-printing-machine-with-rotary-table\/#primaryimage\"},\"image\":{\"@id\":\"https:\/\/autoprintmachine.com\/semi-automatic-flatbed-screen-printing-machine-with-rotary-table\/#primaryimage\"},\"thumbnailUrl\":\"https:\/\/autoprintmachine.com\/wp-content\/uploads\/2020\/08\/OS-360F-400-1.jpg\",\"datePublished\":\"2020-08-11T03:13:26+00:00\",\"dateModified\":\"2026-01-27T03:19:15+00:00\",\"description\":\"Famous brand PLC controlled with touch screen, Printing speed and stroke is adjustable. Vertical head lift with height adjustment.\",\"breadcrumb\":{\"@id\":\"https:\/\/autoprintmachine.com\/semi-automatic-flatbed-screen-printing-machine-with-rotary-table\/#breadcrumb\"},\"inLanguage\":\"fr-FR\",\"potentialAction\":[{\"@type\":\"ReadAction\",\"target\":[\"https:\/\/autoprintmachine.com\/semi-automatic-flatbed-screen-printing-machine-with-rotary-table\/\"]}]},{\"@type\":\"ImageObject\",\"inLanguage\":\"fr-FR\",\"@id\":\"https:\/\/autoprintmachine.com\/semi-automatic-flatbed-screen-printing-machine-with-rotary-table\/#primaryimage\",\"url\":\"https:\/\/autoprintmachine.com\/wp-content\/uploads\/2020\/08\/OS-360F-400-1.jpg\",\"contentUrl\":\"https:\/\/autoprintmachine.com\/wp-content\/uploads\/2020\/08\/OS-360F-400-1.jpg\",\"width\":600,\"height\":600},{\"@type\":\"BreadcrumbList\",\"@id\":\"https:\/\/autoprintmachine.com\/semi-automatic-flatbed-screen-printing-machine-with-rotary-table\/#breadcrumb\",\"itemListElement\":[{\"@type\":\"ListItem\",\"position\":1,\"name\":\"Home\",\"item\":\"https:\/\/autoprintmachine.com\/\"},{\"@type\":\"ListItem\",\"position\":2,\"name\":\"Products\",\"item\":\"https:\/\/autoprintmachine.com\/shop\/\"},{\"@type\":\"ListItem\",\"position\":3,\"name\":\"Semi Automatic Flatbed Screen Printing Machine with Rotary Table\"}]},{\"@type\":\"WebSite\",\"@id\":\"https:\/\/autoprintmachine.com\/#website\",\"url\":\"https:\/\/autoprintmachine.com\/\",\"name\":\"\",\"description\":\"\",\"publisher\":{\"@id\":\"https:\/\/autoprintmachine.com\/#organization\"},\"potentialAction\":[{\"@type\":\"SearchAction\",\"target\":{\"@type\":\"EntryPoint\",\"urlTemplate\":\"https:\/\/autoprintmachine.com\/?s={search_term_string}\"},\"query-input\":{\"@type\":\"PropertyValueSpecification\",\"valueRequired\":true,\"valueName\":\"search_term_string\"}}],\"inLanguage\":\"fr-FR\"},{\"@type\":\"Organization\",\"@id\":\"https:\/\/autoprintmachine.com\/#organization\",\"name\":\"Dongguan Auto Print Tech Co., Ltd\",\"url\":\"https:\/\/autoprintmachine.com\/\",\"logo\":{\"@type\":\"ImageObject\",\"inLanguage\":\"fr-FR\",\"@id\":\"https:\/\/autoprintmachine.com\/#\/schema\/logo\/image\/\",\"url\":\"https:\/\/autoprintmachine.com\/wp-content\/uploads\/2023\/06\/screen_printing_logo_new.webp\",\"contentUrl\":\"https:\/\/autoprintmachine.com\/wp-content\/uploads\/2023\/06\/screen_printing_logo_new.webp\",\"width\":890,\"height\":750,\"caption\":\"Dongguan Auto Print Tech Co., Ltd\"},\"image\":{\"@id\":\"https:\/\/autoprintmachine.com\/#\/schema\/logo\/image\/\"},\"sameAs\":[\"https:\/\/www.facebook.com\/autoprinttech\/\",\"https:\/\/www.youtube.com\/channel\/UCJtPGiBbQWGE2DZLxySpCtw\"]}]}<\/script>\n<!-- \/ Yoast SEO plugin. -->","yoast_head_json":{"title":"Semi Automatic Flatbed Screen Rotary Table Printing Machine","description":"Famous brand PLC controlled with touch screen, Printing speed and stroke is adjustable. Vertical head lift with height adjustment.","robots":{"index":"index","follow":"follow","max-snippet":"max-snippet:-1","max-image-preview":"max-image-preview:large","max-video-preview":"max-video-preview:-1"},"canonical":"https:\/\/autoprintmachine.com\/fr\/machine-de-serigraphie-a-plat-semi-automatique-avec-table-rotative\/","og_locale":"fr_FR","og_type":"article","og_title":"Semi Automatic Flatbed Screen Rotary Table Printing Machine","og_description":"Famous brand PLC controlled with touch screen, Printing speed and stroke is adjustable. Vertical head lift with height adjustment.","og_url":"https:\/\/autoprintmachine.com\/fr\/machine-de-serigraphie-a-plat-semi-automatique-avec-table-rotative\/","article_publisher":"https:\/\/www.facebook.com\/autoprinttech\/","article_modified_time":"2026-01-27T03:19:15+00:00","og_image":[{"width":600,"height":600,"url":"https:\/\/autoprintmachine.com\/wp-content\/uploads\/2020\/08\/OS-360F-400-1.jpg","type":"image\/jpeg"}],"twitter_card":"summary_large_image","twitter_misc":{"Dur\u00e9e de lecture estim\u00e9e":"1 minute"},"schema":{"@context":"https:\/\/schema.org","@graph":[{"@type":"WebPage","@id":"https:\/\/autoprintmachine.com\/semi-automatic-flatbed-screen-printing-machine-with-rotary-table\/","url":"https:\/\/autoprintmachine.com\/semi-automatic-flatbed-screen-printing-machine-with-rotary-table\/","name":"Semi Automatic Flatbed Screen Rotary Table Printing Machine","isPartOf":{"@id":"https:\/\/autoprintmachine.com\/#website"},"primaryImageOfPage":{"@id":"https:\/\/autoprintmachine.com\/semi-automatic-flatbed-screen-printing-machine-with-rotary-table\/#primaryimage"},"image":{"@id":"https:\/\/autoprintmachine.com\/semi-automatic-flatbed-screen-printing-machine-with-rotary-table\/#primaryimage"},"thumbnailUrl":"https:\/\/autoprintmachine.com\/wp-content\/uploads\/2020\/08\/OS-360F-400-1.jpg","datePublished":"2020-08-11T03:13:26+00:00","dateModified":"2026-01-27T03:19:15+00:00","description":"Famous brand PLC controlled with touch screen, Printing speed and stroke is adjustable. Vertical head lift with height adjustment.","breadcrumb":{"@id":"https:\/\/autoprintmachine.com\/semi-automatic-flatbed-screen-printing-machine-with-rotary-table\/#breadcrumb"},"inLanguage":"fr-FR","potentialAction":[{"@type":"ReadAction","target":["https:\/\/autoprintmachine.com\/semi-automatic-flatbed-screen-printing-machine-with-rotary-table\/"]}]},{"@type":"ImageObject","inLanguage":"fr-FR","@id":"https:\/\/autoprintmachine.com\/semi-automatic-flatbed-screen-printing-machine-with-rotary-table\/#primaryimage","url":"https:\/\/autoprintmachine.com\/wp-content\/uploads\/2020\/08\/OS-360F-400-1.jpg","contentUrl":"https:\/\/autoprintmachine.com\/wp-content\/uploads\/2020\/08\/OS-360F-400-1.jpg","width":600,"height":600},{"@type":"BreadcrumbList","@id":"https:\/\/autoprintmachine.com\/semi-automatic-flatbed-screen-printing-machine-with-rotary-table\/#breadcrumb","itemListElement":[{"@type":"ListItem","position":1,"name":"Home","item":"https:\/\/autoprintmachine.com\/"},{"@type":"ListItem","position":2,"name":"Products","item":"https:\/\/autoprintmachine.com\/shop\/"},{"@type":"ListItem","position":3,"name":"Semi Automatic Flatbed Screen Printing Machine with Rotary Table"}]},{"@type":"WebSite","@id":"https:\/\/autoprintmachine.com\/#website","url":"https:\/\/autoprintmachine.com\/","name":"","description":"","publisher":{"@id":"https:\/\/autoprintmachine.com\/#organization"},"potentialAction":[{"@type":"SearchAction","target":{"@type":"EntryPoint","urlTemplate":"https:\/\/autoprintmachine.com\/?s={search_term_string}"},"query-input":{"@type":"PropertyValueSpecification","valueRequired":true,"valueName":"search_term_string"}}],"inLanguage":"fr-FR"},{"@type":"Organization","@id":"https:\/\/autoprintmachine.com\/#organization","name":"Dongguan Auto Print Tech Co., Ltd","url":"https:\/\/autoprintmachine.com\/","logo":{"@type":"ImageObject","inLanguage":"fr-FR","@id":"https:\/\/autoprintmachine.com\/#\/schema\/logo\/image\/","url":"https:\/\/autoprintmachine.com\/wp-content\/uploads\/2023\/06\/screen_printing_logo_new.webp","contentUrl":"https:\/\/autoprintmachine.com\/wp-content\/uploads\/2023\/06\/screen_printing_logo_new.webp","width":890,"height":750,"caption":"Dongguan Auto Print Tech Co., Ltd"},"image":{"@id":"https:\/\/autoprintmachine.com\/#\/schema\/logo\/image\/"},"sameAs":["https:\/\/www.facebook.com\/autoprinttech\/","https:\/\/www.youtube.com\/channel\/UCJtPGiBbQWGE2DZLxySpCtw"]}]}},"_links":{"self":[{"href":"https:\/\/autoprintmachine.com\/fr\/wp-json\/wp\/v2\/product\/324","targetHints":{"allow":["GET"]}}],"collection":[{"href":"https:\/\/autoprintmachine.com\/fr\/wp-json\/wp\/v2\/product"}],"about":[{"href":"https:\/\/autoprintmachine.com\/fr\/wp-json\/wp\/v2\/types\/product"}],"wp:featuredmedia":[{"embeddable":true,"href":"https:\/\/autoprintmachine.com\/fr\/wp-json\/wp\/v2\/media\/325"}],"wp:attachment":[{"href":"https:\/\/autoprintmachine.com\/fr\/wp-json\/wp\/v2\/media?parent=324"}],"wp:term":[{"taxonomy":"product_cat","embeddable":true,"href":"https:\/\/autoprintmachine.com\/fr\/wp-json\/wp\/v2\/product_cat?post=324"}],"curies":[{"name":"wp","href":"https:\/\/api.w.org\/{rel}","templated":true}]}}