{"id":328,"date":"2020-08-11T03:27:44","date_gmt":"2020-08-11T03:27:44","guid":{"rendered":"https:\/\/onceauto.seowaimao.com\/?post_type=product&#038;p=328"},"modified":"2026-01-27T05:31:59","modified_gmt":"2026-01-27T05:31:59","slug":"machine-dimpression-de-serigraphie-plate-a-servomoteur","status":"publish","type":"product","link":"https:\/\/autoprintmachine.com\/fr\/machine-dimpression-de-serigraphie-plate-a-servomoteur\/","title":{"rendered":"Machine d'impression de s\u00e9rigraphie plate \u00e0 servomoteur"},"content":{"rendered":"<h2>Machine de s\u00e9rigraphie \u00e0 plat Caract\u00e9ristiques standard :<\/h2>\n<ul>\n<li>Servomoteur pour la mont\u00e9e\/descente du cadre de l'\u00e9cran et l'impression horizontale.<\/li>\n<li>Commande PLC de marque, \u00e9cran tactile Weinview.<\/li>\n<li>Moteur et convertisseur de fr\u00e9quence de marque r\u00e9put\u00e9e.<\/li>\n<li>\u00c9l\u00e9vation verticale de la t\u00eate avec r\u00e9glage de la hauteur.<\/li>\n<li>Table de positionnement X\/Y\/R de haute qualit\u00e9 avec table \u00e0 vide.<\/li>\n<li>R\u00e9glage de l'angle de la raclette et de la hauteur calibr\u00e9e.<\/li>\n<li>Pression de la raclette r\u00e9gul\u00e9e par un manom\u00e8tre.<\/li>\n<li>Niveleurs de sol et roulettes, command\u00e9s par p\u00e9dale.<\/li>\n<li>Installation d'un bouton d'arr\u00eat d'urgence et d'un rideau lumineux de s\u00e9curit\u00e9.<\/li>\n<li>Cadre de l'\u00e9cran avec d\u00e9clic automatique lors de l'impression.<\/li>\n<\/ul>\n<h2>Imprimante \u00e0 \u00e9cran plat Sp\u00e9cifications :<\/h2>\n<table width=\"88%\">\n<tbody>\n<tr>\n<td width=\"44%\"><strong>Mod\u00e8le<\/strong><\/td>\n<td width=\"55%\"><strong>AP-3040S<\/strong><\/td>\n<\/tr>\n<tr>\n<td width=\"44%\"><strong>Syst\u00e8me d'entra\u00eenement<\/strong><\/td>\n<td width=\"55%\">Servomoteur haut\/bas, gauche\/droite<\/td>\n<\/tr>\n<tr>\n<td width=\"44%\"><strong>Syst\u00e8me de contr\u00f4le<\/strong><\/td>\n<td width=\"55%\">PLC avec \u00e9cran tactile<\/td>\n<\/tr>\n<tr>\n<td width=\"44%\"><strong>Course de mont\u00e9e\/descente du cadre<\/strong><\/td>\n<td width=\"55%\">180 mm<\/td>\n<\/tr>\n<tr>\n<td width=\"44%\"><strong>Imprimer stroke(left &amp;right)<\/strong><\/td>\n<td width=\"55%\">400mm<\/td>\n<\/tr>\n<tr>\n<td width=\"44%\"><strong>Surface d'impression maximale<\/strong><\/td>\n<td width=\"55%\">300x400mm<\/td>\n<\/tr>\n<tr>\n<td width=\"44%\"><strong>Taille de la table de travail<\/strong><\/td>\n<td width=\"55%\">400x500mm<\/td>\n<\/tr>\n<tr>\n<td width=\"44%\"><strong>\u00c9paisseur du cadre de l'\u00e9cran<\/strong><\/td>\n<td width=\"55%\">50,8 mm<\/td>\n<\/tr>\n<tr>\n<td width=\"44%\"><strong>R\u00e9p\u00e9tition Tol\u00e9rance d'impression<\/strong><\/td>\n<td width=\"55%\">0,01 mm<\/td>\n<\/tr>\n<tr>\n<td width=\"44%\"><strong>Vitesse d'impression maximale<\/strong><\/td>\n<td width=\"55%\">1 200 cycles\/heure<\/td>\n<\/tr>\n<tr>\n<td width=\"44%\"><strong>Source \u00e9lectrique<\/strong><\/td>\n<td width=\"55%\">110\/220\/230V 50\/60Hz<\/td>\n<\/tr>\n<tr>\n<td width=\"44%\"><strong>Entr\u00e9e de la pression d'air<\/strong><\/td>\n<td width=\"55%\">6 bars<\/td>\n<\/tr>\n<tr>\n<td width=\"44%\"><strong>Poids de la machine<\/strong><\/td>\n<td width=\"55%\">170 kg<\/td>\n<\/tr>\n<tr>\n<td width=\"44%\"><strong>Dimensions de la machine<\/strong><\/td>\n<td width=\"55%\">1000x700x1500mm<\/td>\n<\/tr>\n<\/tbody>\n<\/table>","protected":false},"excerpt":{"rendered":"<p>La machine d'impression d'\u00e9cran plat AP-3040S utilise un servomoteur pour des mouvements pr\u00e9cis de gauche \u00e0 droite et de haut en bas. Sa taille d'impression maximale est de 300 x 400 mm. Vous pouvez la contr\u00f4ler \u00e0 l'aide d'un automate programmable de marque et d'un \u00e9cran tactile. Elle offre une grande pr\u00e9cision et des conditions de travail tr\u00e8s stables. Cette imprimante servo \u00e0 \u00e9cran plat est une machine haut de gamme. Elle assure une impression pr\u00e9cise des pi\u00e8ces pour les industries \u00e9lectronique, automobile et m\u00e9dicale.<\/p>\n<p>Cette machine \u00e0 servomoteur est disponible en diff\u00e9rentes tailles d'impression, notamment 300x500mm, 400x600mm et 500x700mm. Nous proposons \u00e9galement des mod\u00e8les personnalis\u00e9s.<\/p>","protected":false},"featured_media":329,"template":"","meta":[],"product_brand":[],"product_cat":[17],"product_tag":[],"class_list":{"0":"post-328","1":"product","2":"type-product","3":"status-publish","4":"has-post-thumbnail","6":"product_cat-flat-screen-printing-machine","8":"first","9":"instock","10":"shipping-taxable","11":"product-type-simple"},"yoast_head":"<!-- This site is optimized with the Yoast SEO plugin v27.4 - https:\/\/yoast.com\/product\/yoast-seo-wordpress\/ -->\n<title>Servo Driven Screen Printing Machine<\/title>\n<meta name=\"description\" content=\"A wide variety of servo screen printing machine options are available to you.Floor levelers &amp; casters, Foot switch controlled.\" \/>\n<meta name=\"robots\" content=\"index, follow, max-snippet:-1, max-image-preview:large, max-video-preview:-1\" \/>\n<link rel=\"canonical\" href=\"https:\/\/autoprintmachine.com\/fr\/machine-dimpression-de-serigraphie-plate-a-servomoteur\/\" \/>\n<meta property=\"og:locale\" content=\"fr_FR\" \/>\n<meta property=\"og:type\" content=\"article\" \/>\n<meta property=\"og:title\" content=\"Servo Driven Screen Printing Machine\" \/>\n<meta property=\"og:description\" content=\"A wide variety of servo screen printing machine options are available to you.Floor levelers &amp; casters, Foot switch controlled.\" \/>\n<meta property=\"og:url\" content=\"https:\/\/autoprintmachine.com\/fr\/machine-dimpression-de-serigraphie-plate-a-servomoteur\/\" \/>\n<meta property=\"article:publisher\" content=\"https:\/\/www.facebook.com\/autoprinttech\/\" \/>\n<meta property=\"article:modified_time\" content=\"2026-01-27T05:31:59+00:00\" \/>\n<meta property=\"og:image\" content=\"https:\/\/autoprintmachine.com\/wp-content\/uploads\/2020\/08\/OS-3040S.jpg\" \/>\n\t<meta property=\"og:image:width\" content=\"600\" \/>\n\t<meta property=\"og:image:height\" content=\"600\" \/>\n\t<meta property=\"og:image:type\" content=\"image\/jpeg\" \/>\n<meta name=\"twitter:card\" content=\"summary_large_image\" \/>\n<meta name=\"twitter:label1\" content=\"Est. reading time\" \/>\n\t<meta name=\"twitter:data1\" content=\"1 minute\" \/>\n<script type=\"application\/ld+json\" class=\"yoast-schema-graph\">{\"@context\":\"https:\\\/\\\/schema.org\",\"@graph\":[{\"@type\":\"WebPage\",\"@id\":\"https:\\\/\\\/autoprintmachine.com\\\/servo-driven-flat-screen-printing-machine\\\/\",\"url\":\"https:\\\/\\\/autoprintmachine.com\\\/servo-driven-flat-screen-printing-machine\\\/\",\"name\":\"Servo Driven Screen Printing Machine\",\"isPartOf\":{\"@id\":\"https:\\\/\\\/autoprintmachine.com\\\/#website\"},\"primaryImageOfPage\":{\"@id\":\"https:\\\/\\\/autoprintmachine.com\\\/servo-driven-flat-screen-printing-machine\\\/#primaryimage\"},\"image\":{\"@id\":\"https:\\\/\\\/autoprintmachine.com\\\/servo-driven-flat-screen-printing-machine\\\/#primaryimage\"},\"thumbnailUrl\":\"https:\\\/\\\/autoprintmachine.com\\\/wp-content\\\/uploads\\\/2020\\\/08\\\/OS-3040S.jpg\",\"datePublished\":\"2020-08-11T03:27:44+00:00\",\"dateModified\":\"2026-01-27T05:31:59+00:00\",\"description\":\"A wide variety of servo screen printing machine options are available to you.Floor levelers & casters, Foot switch controlled.\",\"breadcrumb\":{\"@id\":\"https:\\\/\\\/autoprintmachine.com\\\/servo-driven-flat-screen-printing-machine\\\/#breadcrumb\"},\"inLanguage\":\"fr-FR\",\"potentialAction\":[{\"@type\":\"ReadAction\",\"target\":[\"https:\\\/\\\/autoprintmachine.com\\\/servo-driven-flat-screen-printing-machine\\\/\"]}]},{\"@type\":\"ImageObject\",\"inLanguage\":\"fr-FR\",\"@id\":\"https:\\\/\\\/autoprintmachine.com\\\/servo-driven-flat-screen-printing-machine\\\/#primaryimage\",\"url\":\"https:\\\/\\\/autoprintmachine.com\\\/wp-content\\\/uploads\\\/2020\\\/08\\\/OS-3040S.jpg\",\"contentUrl\":\"https:\\\/\\\/autoprintmachine.com\\\/wp-content\\\/uploads\\\/2020\\\/08\\\/OS-3040S.jpg\",\"width\":600,\"height\":600},{\"@type\":\"BreadcrumbList\",\"@id\":\"https:\\\/\\\/autoprintmachine.com\\\/servo-driven-flat-screen-printing-machine\\\/#breadcrumb\",\"itemListElement\":[{\"@type\":\"ListItem\",\"position\":1,\"name\":\"Home\",\"item\":\"https:\\\/\\\/autoprintmachine.com\\\/\"},{\"@type\":\"ListItem\",\"position\":2,\"name\":\"Products\",\"item\":\"https:\\\/\\\/autoprintmachine.com\\\/shop\\\/\"},{\"@type\":\"ListItem\",\"position\":3,\"name\":\"Servo Driven Flat Screen Printing Machine\"}]},{\"@type\":\"WebSite\",\"@id\":\"https:\\\/\\\/autoprintmachine.com\\\/#website\",\"url\":\"https:\\\/\\\/autoprintmachine.com\\\/\",\"name\":\"\",\"description\":\"\",\"publisher\":{\"@id\":\"https:\\\/\\\/autoprintmachine.com\\\/#organization\"},\"potentialAction\":[{\"@type\":\"SearchAction\",\"target\":{\"@type\":\"EntryPoint\",\"urlTemplate\":\"https:\\\/\\\/autoprintmachine.com\\\/?s={search_term_string}\"},\"query-input\":{\"@type\":\"PropertyValueSpecification\",\"valueRequired\":true,\"valueName\":\"search_term_string\"}}],\"inLanguage\":\"fr-FR\"},{\"@type\":\"Organization\",\"@id\":\"https:\\\/\\\/autoprintmachine.com\\\/#organization\",\"name\":\"Dongguan Auto Print Tech Co., Ltd\",\"url\":\"https:\\\/\\\/autoprintmachine.com\\\/\",\"logo\":{\"@type\":\"ImageObject\",\"inLanguage\":\"fr-FR\",\"@id\":\"https:\\\/\\\/autoprintmachine.com\\\/#\\\/schema\\\/logo\\\/image\\\/\",\"url\":\"https:\\\/\\\/autoprintmachine.com\\\/wp-content\\\/uploads\\\/2023\\\/06\\\/screen_printing_logo_new.webp\",\"contentUrl\":\"https:\\\/\\\/autoprintmachine.com\\\/wp-content\\\/uploads\\\/2023\\\/06\\\/screen_printing_logo_new.webp\",\"width\":890,\"height\":750,\"caption\":\"Dongguan Auto Print Tech Co., Ltd\"},\"image\":{\"@id\":\"https:\\\/\\\/autoprintmachine.com\\\/#\\\/schema\\\/logo\\\/image\\\/\"},\"sameAs\":[\"https:\\\/\\\/www.facebook.com\\\/autoprinttech\\\/\",\"https:\\\/\\\/www.youtube.com\\\/channel\\\/UCJtPGiBbQWGE2DZLxySpCtw\"]}]}<\/script>\n<!-- \/ Yoast SEO plugin. -->","yoast_head_json":{"title":"Machine de s\u00e9rigraphie \u00e0 servomoteur","description":"Une grande vari\u00e9t\u00e9 d'options de machine de s\u00e9rigraphie servo est disponible pour vous.","robots":{"index":"index","follow":"follow","max-snippet":"max-snippet:-1","max-image-preview":"max-image-preview:large","max-video-preview":"max-video-preview:-1"},"canonical":"https:\/\/autoprintmachine.com\/fr\/machine-dimpression-de-serigraphie-plate-a-servomoteur\/","og_locale":"fr_FR","og_type":"article","og_title":"Servo Driven Screen Printing Machine","og_description":"A wide variety of servo screen printing machine options are available to you.Floor levelers & casters, Foot switch controlled.","og_url":"https:\/\/autoprintmachine.com\/fr\/machine-dimpression-de-serigraphie-plate-a-servomoteur\/","article_publisher":"https:\/\/www.facebook.com\/autoprinttech\/","article_modified_time":"2026-01-27T05:31:59+00:00","og_image":[{"width":600,"height":600,"url":"https:\/\/autoprintmachine.com\/wp-content\/uploads\/2020\/08\/OS-3040S.jpg","type":"image\/jpeg"}],"twitter_card":"summary_large_image","twitter_misc":{"Est. reading time":"1 minute"},"schema":{"@context":"https:\/\/schema.org","@graph":[{"@type":"WebPage","@id":"https:\/\/autoprintmachine.com\/servo-driven-flat-screen-printing-machine\/","url":"https:\/\/autoprintmachine.com\/servo-driven-flat-screen-printing-machine\/","name":"Machine de s\u00e9rigraphie \u00e0 servomoteur","isPartOf":{"@id":"https:\/\/autoprintmachine.com\/#website"},"primaryImageOfPage":{"@id":"https:\/\/autoprintmachine.com\/servo-driven-flat-screen-printing-machine\/#primaryimage"},"image":{"@id":"https:\/\/autoprintmachine.com\/servo-driven-flat-screen-printing-machine\/#primaryimage"},"thumbnailUrl":"https:\/\/autoprintmachine.com\/wp-content\/uploads\/2020\/08\/OS-3040S.jpg","datePublished":"2020-08-11T03:27:44+00:00","dateModified":"2026-01-27T05:31:59+00:00","description":"Une grande vari\u00e9t\u00e9 d'options de machine de s\u00e9rigraphie servo est disponible pour vous.","breadcrumb":{"@id":"https:\/\/autoprintmachine.com\/servo-driven-flat-screen-printing-machine\/#breadcrumb"},"inLanguage":"fr-FR","potentialAction":[{"@type":"ReadAction","target":["https:\/\/autoprintmachine.com\/servo-driven-flat-screen-printing-machine\/"]}]},{"@type":"ImageObject","inLanguage":"fr-FR","@id":"https:\/\/autoprintmachine.com\/servo-driven-flat-screen-printing-machine\/#primaryimage","url":"https:\/\/autoprintmachine.com\/wp-content\/uploads\/2020\/08\/OS-3040S.jpg","contentUrl":"https:\/\/autoprintmachine.com\/wp-content\/uploads\/2020\/08\/OS-3040S.jpg","width":600,"height":600},{"@type":"BreadcrumbList","@id":"https:\/\/autoprintmachine.com\/servo-driven-flat-screen-printing-machine\/#breadcrumb","itemListElement":[{"@type":"ListItem","position":1,"name":"Home","item":"https:\/\/autoprintmachine.com\/"},{"@type":"ListItem","position":2,"name":"Products","item":"https:\/\/autoprintmachine.com\/shop\/"},{"@type":"ListItem","position":3,"name":"Servo Driven Flat Screen Printing Machine"}]},{"@type":"WebSite","@id":"https:\/\/autoprintmachine.com\/#website","url":"https:\/\/autoprintmachine.com\/","name":"","description":"","publisher":{"@id":"https:\/\/autoprintmachine.com\/#organization"},"potentialAction":[{"@type":"SearchAction","target":{"@type":"EntryPoint","urlTemplate":"https:\/\/autoprintmachine.com\/?s={search_term_string}"},"query-input":{"@type":"PropertyValueSpecification","valueRequired":true,"valueName":"search_term_string"}}],"inLanguage":"fr-FR"},{"@type":"Organization","@id":"https:\/\/autoprintmachine.com\/#organization","name":"Dongguan Auto Print Tech Co. Ltd","url":"https:\/\/autoprintmachine.com\/","logo":{"@type":"ImageObject","inLanguage":"fr-FR","@id":"https:\/\/autoprintmachine.com\/#\/schema\/logo\/image\/","url":"https:\/\/autoprintmachine.com\/wp-content\/uploads\/2023\/06\/screen_printing_logo_new.webp","contentUrl":"https:\/\/autoprintmachine.com\/wp-content\/uploads\/2023\/06\/screen_printing_logo_new.webp","width":890,"height":750,"caption":"Dongguan Auto Print Tech Co., Ltd"},"image":{"@id":"https:\/\/autoprintmachine.com\/#\/schema\/logo\/image\/"},"sameAs":["https:\/\/www.facebook.com\/autoprinttech\/","https:\/\/www.youtube.com\/channel\/UCJtPGiBbQWGE2DZLxySpCtw"]}]}},"_links":{"self":[{"href":"https:\/\/autoprintmachine.com\/fr\/wp-json\/wp\/v2\/product\/328","targetHints":{"allow":["GET"]}}],"collection":[{"href":"https:\/\/autoprintmachine.com\/fr\/wp-json\/wp\/v2\/product"}],"about":[{"href":"https:\/\/autoprintmachine.com\/fr\/wp-json\/wp\/v2\/types\/product"}],"wp:featuredmedia":[{"embeddable":true,"href":"https:\/\/autoprintmachine.com\/fr\/wp-json\/wp\/v2\/media\/329"}],"wp:attachment":[{"href":"https:\/\/autoprintmachine.com\/fr\/wp-json\/wp\/v2\/media?parent=328"}],"wp:term":[{"taxonomy":"product_brand","embeddable":true,"href":"https:\/\/autoprintmachine.com\/fr\/wp-json\/wp\/v2\/product_brand?post=328"},{"taxonomy":"product_cat","embeddable":true,"href":"https:\/\/autoprintmachine.com\/fr\/wp-json\/wp\/v2\/product_cat?post=328"},{"taxonomy":"product_tag","embeddable":true,"href":"https:\/\/autoprintmachine.com\/fr\/wp-json\/wp\/v2\/product_tag?post=328"}],"curies":[{"name":"wp","href":"https:\/\/api.w.org\/{rel}","templated":true}]}}