{"id":334,"date":"2020-08-11T07:33:12","date_gmt":"2020-08-11T07:33:12","guid":{"rendered":"https:\/\/onceauto.seowaimao.com\/?post_type=product&#038;p=334"},"modified":"2026-01-06T08:31:12","modified_gmt":"2026-01-06T08:31:12","slug":"one-color-pad-printing-machine","status":"publish","type":"product","link":"https:\/\/autoprintmachine.com\/fr\/machine-de-tampographie-a-une-couleur\/","title":{"rendered":"Machine de tampographie unicolore"},"content":{"rendered":"<p><strong>Introduction :<\/strong><\/p>\n<p>Les machines de tampographie une couleur d'Auto Print sont disponibles en plusieurs s\u00e9ries : 125, 175 et 250. La s\u00e9rie 125 est une machine de petite taille avec un encrier de 90 mm, adapt\u00e9e \u00e0 l'impression de pi\u00e8ces de petite taille. La s\u00e9rie 175 est une machine de type moyen ; la taille de l'encrier est de 90 \u00e0 180 mm, ce qui convient \u00e0 l'impression de produits de taille moyenne. La s\u00e9rie 250 est une machine de grande taille ; la taille de l'encrier peut \u00eatre de 90 \u00e0 140 mm, ce qui convient \u00e0 l'impression de produits de grande taille.<\/p>\n<p>La machine standard est \u00e0 commande pneumatique et contr\u00f4l\u00e9e par une carte PCB. Selon les besoins, elle peut \u00eatre entra\u00een\u00e9e par un servomoteur et contr\u00f4l\u00e9e par un automate programmable avec \u00e9cran tactile.<\/p>\n<p><strong>Caract\u00e9ristiques :\u00a0<\/strong><\/p>\n<ul>\n<li>Convient \u00e0 l'impression rapide d'une couleur, largement appliqu\u00e9e dans de nombreuses industries, y compris la papeterie, les jouets, le plastique, les cadeaux, les appareils \u00e9lectriques, l'\u00e9lectronique, etc.<\/li>\n<li>Syst\u00e8me de commande \u00e0 microprocesseur, commande \u00e9lectropneumatique ;<\/li>\n<li>Course standard de 125, 175 et 250 mm, conception de l'encrier, sans odeur et \u00e0 faible \u00e9vaporation ;<\/li>\n<li>R\u00e9glage ind\u00e9pendant des mouvements de mont\u00e9e et de descente, de l'avant et de l'arri\u00e8re ;<\/li>\n<li>R\u00e9glage ind\u00e9pendant des tampons d'impression X et Y ;<\/li>\n<li>Base du gobelet d'encre avec r\u00e9glage X, Y, R, et table de travail avec r\u00e9glage X, Y ;<\/li>\n<li>La construction robuste avec une armoire garantit des ann\u00e9es de fonctionnement fiable ;<\/li>\n<li>Stabilit\u00e9, durabilit\u00e9 et qualit\u00e9 de fabrication ;<\/li>\n<li>Fonctionnement par p\u00e9dale pour un seul cycle ;<\/li>\n<li>Utilisation de composants pneumatiques allemands FESTO ;<\/li>\n<li>Disponible en encrier ouvert et en syst\u00e8me d'encrier ;<\/li>\n<li>Protection de s\u00e9curit\u00e9 et bouton d'arr\u00eat d'urgence install\u00e9s (en option) ;<\/li>\n<li>Conforme aux normes de s\u00e9curit\u00e9 CE.<\/li>\n<\/ul>\n<p><strong>Sp\u00e9cifications standard de la machine :<\/strong><\/p>\n<table style=\"height: 472px;\" width=\"763\">\n<tbody>\n<tr>\n<td width=\"69\">Mod\u00e8le<\/td>\n<td width=\"69\">AP-125-1T(de table)<\/td>\n<td width=\"69\">AP-125-1C<\/td>\n<td width=\"69\">AP-175-1C<\/td>\n<td width=\"69\">AP-250-1C<\/td>\n<\/tr>\n<tr>\n<td width=\"69\">Syst\u00e8me d'encre<\/td>\n<td width=\"69\">Encrier ferm\u00e9<\/td>\n<td width=\"69\">Encrier ferm\u00e9<\/td>\n<td width=\"69\">Encrier ferm\u00e9<\/td>\n<td width=\"69\">Encrier ferm\u00e9<\/td>\n<\/tr>\n<tr>\n<td width=\"69\">Taille de l'assiette<\/td>\n<td width=\"69\">215x100mm<\/td>\n<td width=\"69\">215x100mm<\/td>\n<td width=\"69\">270x130mm<\/td>\n<td width=\"69\">380x190mm<\/td>\n<\/tr>\n<tr>\n<td width=\"69\">Taille du gobelet d'encre<\/td>\n<td width=\"69\">ID90xOD100mm<\/td>\n<td width=\"69\">ID90xOD100mm<\/td>\n<td width=\"69\">ID120xOD130mm<\/td>\n<td width=\"69\">ID180xOD190mm<\/td>\n<\/tr>\n<tr>\n<td width=\"69\">Capacit\u00e9 d'impression max.<\/td>\n<td width=\"69\">2600pcs<\/td>\n<td width=\"69\">2600pcs<\/td>\n<td width=\"69\">1500pcs<\/td>\n<td width=\"69\">900pcs<\/td>\n<\/tr>\n<tr>\n<td width=\"69\">Conduire<\/td>\n<td width=\"69\">Pneumatique<\/td>\n<td width=\"69\">Pneumatique<\/td>\n<td width=\"69\">Pneumatique<\/td>\n<td width=\"69\">Pneumatique<\/td>\n<\/tr>\n<tr>\n<td width=\"69\">Force d'impression<\/td>\n<td width=\"69\">629N<\/td>\n<td width=\"69\">629N<\/td>\n<td width=\"69\">982N<\/td>\n<td width=\"69\">3690N<\/td>\n<\/tr>\n<tr>\n<td width=\"69\">Trait vertical du tampon<\/td>\n<td width=\"69\">75 mm<\/td>\n<td width=\"69\">75 mm<\/td>\n<td width=\"69\">100mm<\/td>\n<td width=\"69\">80mm<\/td>\n<\/tr>\n<tr>\n<td width=\"69\">Besoin en air<\/td>\n<td width=\"69\">5-6 bar<\/td>\n<td width=\"69\">5-6 bar<\/td>\n<td width=\"69\">5-6 bar<\/td>\n<td width=\"69\">5-6 bar<\/td>\n<\/tr>\n<tr>\n<td width=\"69\">Syst\u00e8me de contr\u00f4le<\/td>\n<td width=\"69\">Carte PCB 12V<\/td>\n<td width=\"69\">Carte PCB 12V<\/td>\n<td width=\"69\">Carte PCB 12V<\/td>\n<td width=\"69\">Carte PCB 12V<\/td>\n<\/tr>\n<tr>\n<td width=\"69\">Tension d'entr\u00e9e<\/td>\n<td width=\"69\">110\/220\/230V 1 phase 50\/60Hz<\/td>\n<td width=\"69\">110\/220\/230V 1 phase 50\/60Hz<\/td>\n<td width=\"69\">110\/220\/230V 1 phase 50\/60Hz<\/td>\n<td width=\"69\">110\/220\/230V 1 phase 50\/60Hz<\/td>\n<\/tr>\n<tr>\n<td width=\"69\">Poids<\/td>\n<td width=\"69\">50 kg<\/td>\n<td width=\"69\">75 kg<\/td>\n<td width=\"69\">100 kg<\/td>\n<td width=\"69\">150 kg<\/td>\n<\/tr>\n<\/tbody>\n<\/table>","protected":false},"excerpt":{"rendered":"<p>La machine de tampographie une couleur d'Auto Print est l'imprimante de tampographie la plus populaire. La plupart de nos machines de tampographie une couleur sont \u00e9quip\u00e9es d'encriers ferm\u00e9s. Cette machine de tampographie une couleur offre une vari\u00e9t\u00e9 de tailles et peut imprimer une gamme de produits.<br \/>\nCette machine de tampographie une couleur est \u00e9quip\u00e9e d'une base robuste en acier soud\u00e9, d'un niveleur de sol r\u00e9glable et d'une table de travail r\u00e9glable en hauteur. Toutes les machines standard sont \u00e0 entra\u00eenement pneumatique et contr\u00f4l\u00e9es par un circuit imprim\u00e9. Nous disposons \u00e9galement de machines \u00e0 servomoteur et fournissons des kits complets de tampographie.<\/p>","protected":false},"featured_media":1365,"template":"","meta":[],"product_cat":[23],"class_list":{"0":"post-334","1":"product","2":"type-product","3":"status-publish","4":"has-post-thumbnail","6":"product_cat-pad-printing-machine","8":"first","9":"instock","10":"shipping-taxable","11":"product-type-simple"},"acf":[],"yoast_head":"<!-- This site is optimized with the Yoast SEO plugin v23.9 - https:\/\/yoast.com\/wordpress\/plugins\/seo\/ -->\n<title>One Color Pad Printing Machine with High Quality &amp; Precision.<\/title>\n<meta name=\"description\" content=\"Auto Print one color pad printing machine have several series, the cup size can be with dia90 to dia180mm.\" \/>\n<meta name=\"robots\" content=\"index, follow, max-snippet:-1, max-image-preview:large, max-video-preview:-1\" \/>\n<link rel=\"canonical\" href=\"https:\/\/autoprintmachine.com\/fr\/machine-de-tampographie-a-une-couleur\/\" \/>\n<meta property=\"og:locale\" content=\"fr_FR\" \/>\n<meta property=\"og:type\" content=\"article\" \/>\n<meta property=\"og:title\" content=\"One Color Pad Printing Machine with High Quality &amp; Precision.\" \/>\n<meta property=\"og:description\" content=\"Auto Print one color pad printing machine have several series, the cup size can be with dia90 to dia180mm.\" \/>\n<meta property=\"og:url\" content=\"https:\/\/autoprintmachine.com\/fr\/machine-de-tampographie-a-une-couleur\/\" \/>\n<meta property=\"article:modified_time\" content=\"2026-01-06T08:31:12+00:00\" \/>\n<meta property=\"og:image\" content=\"https:\/\/autoprintmachine.com\/wp-content\/uploads\/2022\/03\/250-1.jpg\" \/>\n\t<meta property=\"og:image:width\" content=\"600\" \/>\n\t<meta property=\"og:image:height\" content=\"600\" \/>\n\t<meta property=\"og:image:type\" content=\"image\/jpeg\" \/>\n<meta name=\"twitter:card\" content=\"summary_large_image\" \/>\n<meta name=\"twitter:label1\" content=\"Dur\u00e9e de lecture estim\u00e9e\" \/>\n\t<meta name=\"twitter:data1\" content=\"2 minutes\" \/>\n<script type=\"application\/ld+json\" class=\"yoast-schema-graph\">{\"@context\":\"https:\/\/schema.org\",\"@graph\":[{\"@type\":\"WebPage\",\"@id\":\"https:\/\/autoprintmachine.com\/one-color-pad-printing-machine\/\",\"url\":\"https:\/\/autoprintmachine.com\/one-color-pad-printing-machine\/\",\"name\":\"One Color Pad Printing Machine with High Quality & Precision.\",\"isPartOf\":{\"@id\":\"https:\/\/autoprintmachine.com\/#website\"},\"primaryImageOfPage\":{\"@id\":\"https:\/\/autoprintmachine.com\/one-color-pad-printing-machine\/#primaryimage\"},\"image\":{\"@id\":\"https:\/\/autoprintmachine.com\/one-color-pad-printing-machine\/#primaryimage\"},\"thumbnailUrl\":\"https:\/\/autoprintmachine.com\/wp-content\/uploads\/2022\/03\/250-1.jpg\",\"datePublished\":\"2020-08-11T07:33:12+00:00\",\"dateModified\":\"2026-01-06T08:31:12+00:00\",\"description\":\"Auto Print one color pad printing machine have several series, the cup size can be with dia90 to dia180mm.\",\"breadcrumb\":{\"@id\":\"https:\/\/autoprintmachine.com\/one-color-pad-printing-machine\/#breadcrumb\"},\"inLanguage\":\"fr-FR\",\"potentialAction\":[{\"@type\":\"ReadAction\",\"target\":[\"https:\/\/autoprintmachine.com\/one-color-pad-printing-machine\/\"]}]},{\"@type\":\"ImageObject\",\"inLanguage\":\"fr-FR\",\"@id\":\"https:\/\/autoprintmachine.com\/one-color-pad-printing-machine\/#primaryimage\",\"url\":\"https:\/\/autoprintmachine.com\/wp-content\/uploads\/2022\/03\/250-1.jpg\",\"contentUrl\":\"https:\/\/autoprintmachine.com\/wp-content\/uploads\/2022\/03\/250-1.jpg\",\"width\":600,\"height\":600,\"caption\":\"250 1\"},{\"@type\":\"BreadcrumbList\",\"@id\":\"https:\/\/autoprintmachine.com\/one-color-pad-printing-machine\/#breadcrumb\",\"itemListElement\":[{\"@type\":\"ListItem\",\"position\":1,\"name\":\"Home\",\"item\":\"https:\/\/autoprintmachine.com\/\"},{\"@type\":\"ListItem\",\"position\":2,\"name\":\"Products\",\"item\":\"https:\/\/autoprintmachine.com\/shop\/\"},{\"@type\":\"ListItem\",\"position\":3,\"name\":\"One Color Pad Printing Machine\"}]},{\"@type\":\"WebSite\",\"@id\":\"https:\/\/autoprintmachine.com\/#website\",\"url\":\"https:\/\/autoprintmachine.com\/\",\"name\":\"\",\"description\":\"\",\"potentialAction\":[{\"@type\":\"SearchAction\",\"target\":{\"@type\":\"EntryPoint\",\"urlTemplate\":\"https:\/\/autoprintmachine.com\/?s={search_term_string}\"},\"query-input\":{\"@type\":\"PropertyValueSpecification\",\"valueRequired\":true,\"valueName\":\"search_term_string\"}}],\"inLanguage\":\"fr-FR\"}]}<\/script>\n<!-- \/ Yoast SEO plugin. -->","yoast_head_json":{"title":"One Color Pad Printing Machine with High Quality & Precision.","description":"Auto Print one color pad printing machine have several series, the cup size can be with dia90 to dia180mm.","robots":{"index":"index","follow":"follow","max-snippet":"max-snippet:-1","max-image-preview":"max-image-preview:large","max-video-preview":"max-video-preview:-1"},"canonical":"https:\/\/autoprintmachine.com\/fr\/machine-de-tampographie-a-une-couleur\/","og_locale":"fr_FR","og_type":"article","og_title":"One Color Pad Printing Machine with High Quality & Precision.","og_description":"Auto Print one color pad printing machine have several series, the cup size can be with dia90 to dia180mm.","og_url":"https:\/\/autoprintmachine.com\/fr\/machine-de-tampographie-a-une-couleur\/","article_modified_time":"2026-01-06T08:31:12+00:00","og_image":[{"width":600,"height":600,"url":"https:\/\/autoprintmachine.com\/wp-content\/uploads\/2022\/03\/250-1.jpg","type":"image\/jpeg"}],"twitter_card":"summary_large_image","twitter_misc":{"Dur\u00e9e de lecture estim\u00e9e":"2 minutes"},"schema":{"@context":"https:\/\/schema.org","@graph":[{"@type":"WebPage","@id":"https:\/\/autoprintmachine.com\/one-color-pad-printing-machine\/","url":"https:\/\/autoprintmachine.com\/one-color-pad-printing-machine\/","name":"One Color Pad Printing Machine with High Quality & Precision.","isPartOf":{"@id":"https:\/\/autoprintmachine.com\/#website"},"primaryImageOfPage":{"@id":"https:\/\/autoprintmachine.com\/one-color-pad-printing-machine\/#primaryimage"},"image":{"@id":"https:\/\/autoprintmachine.com\/one-color-pad-printing-machine\/#primaryimage"},"thumbnailUrl":"https:\/\/autoprintmachine.com\/wp-content\/uploads\/2022\/03\/250-1.jpg","datePublished":"2020-08-11T07:33:12+00:00","dateModified":"2026-01-06T08:31:12+00:00","description":"Auto Print one color pad printing machine have several series, the cup size can be with dia90 to dia180mm.","breadcrumb":{"@id":"https:\/\/autoprintmachine.com\/one-color-pad-printing-machine\/#breadcrumb"},"inLanguage":"fr-FR","potentialAction":[{"@type":"ReadAction","target":["https:\/\/autoprintmachine.com\/one-color-pad-printing-machine\/"]}]},{"@type":"ImageObject","inLanguage":"fr-FR","@id":"https:\/\/autoprintmachine.com\/one-color-pad-printing-machine\/#primaryimage","url":"https:\/\/autoprintmachine.com\/wp-content\/uploads\/2022\/03\/250-1.jpg","contentUrl":"https:\/\/autoprintmachine.com\/wp-content\/uploads\/2022\/03\/250-1.jpg","width":600,"height":600,"caption":"250 1"},{"@type":"BreadcrumbList","@id":"https:\/\/autoprintmachine.com\/one-color-pad-printing-machine\/#breadcrumb","itemListElement":[{"@type":"ListItem","position":1,"name":"Home","item":"https:\/\/autoprintmachine.com\/"},{"@type":"ListItem","position":2,"name":"Products","item":"https:\/\/autoprintmachine.com\/shop\/"},{"@type":"ListItem","position":3,"name":"One Color Pad Printing Machine"}]},{"@type":"WebSite","@id":"https:\/\/autoprintmachine.com\/#website","url":"https:\/\/autoprintmachine.com\/","name":"","description":"","potentialAction":[{"@type":"SearchAction","target":{"@type":"EntryPoint","urlTemplate":"https:\/\/autoprintmachine.com\/?s={search_term_string}"},"query-input":{"@type":"PropertyValueSpecification","valueRequired":true,"valueName":"search_term_string"}}],"inLanguage":"fr-FR"}]}},"_links":{"self":[{"href":"https:\/\/autoprintmachine.com\/fr\/wp-json\/wp\/v2\/product\/334","targetHints":{"allow":["GET"]}}],"collection":[{"href":"https:\/\/autoprintmachine.com\/fr\/wp-json\/wp\/v2\/product"}],"about":[{"href":"https:\/\/autoprintmachine.com\/fr\/wp-json\/wp\/v2\/types\/product"}],"wp:featuredmedia":[{"embeddable":true,"href":"https:\/\/autoprintmachine.com\/fr\/wp-json\/wp\/v2\/media\/1365"}],"wp:attachment":[{"href":"https:\/\/autoprintmachine.com\/fr\/wp-json\/wp\/v2\/media?parent=334"}],"wp:term":[{"taxonomy":"product_cat","embeddable":true,"href":"https:\/\/autoprintmachine.com\/fr\/wp-json\/wp\/v2\/product_cat?post=334"}],"curies":[{"name":"wp","href":"https:\/\/api.w.org\/{rel}","templated":true}]}}