{"id":339,"date":"2020-08-11T08:45:51","date_gmt":"2020-08-11T08:45:51","guid":{"rendered":"https:\/\/onceauto.seowaimao.com\/?post_type=product&#038;p=339"},"modified":"2026-01-06T08:10:45","modified_gmt":"2026-01-06T08:10:45","slug":"two-color-pad-printing-machine","status":"publish","type":"product","link":"https:\/\/autoprintmachine.com\/fr\/machine-de-tampographie-a-deux-couleurs\/","title":{"rendered":"Machine de tampographie bicolore"},"content":{"rendered":"<p><strong>Introduction :<\/strong><\/p>\n<p>Les tampographes bicolores sont dot\u00e9s de deux encriers ferm\u00e9s avec des porte-clich\u00e9s r\u00e9glables en X\/Y\/R pour l'ajustement de l'angle, d'un entra\u00eenement pneumatique et d'une commande par carte de circuit imprim\u00e9. Les machines bicolores Auto Print se d\u00e9clinent \u00e9galement en plusieurs s\u00e9ries, de la plus petite \u00e0 la plus grande : les s\u00e9ries 125, 175 et 250. Ces machines bicolores sont g\u00e9n\u00e9ralement dot\u00e9es d'une navette pour les pi\u00e8ces et d'une navette pour le transport des tampons, largement utilis\u00e9es pour l'impression rapide en deux couleurs.<\/p>\n<p><strong>Caract\u00e9ristiques standard :<\/strong><\/p>\n<ol>\n<li>Facile \u00e0 utiliser gr\u00e2ce \u00e0 un \u00e9cran tactile<\/li>\n<li>Contr\u00f4l\u00e9 par microprocesseur<\/li>\n<li>Composants pneumatiques SMC ou FESTO<\/li>\n<li>R\u00e9glages de la course du tampon facilement accessibles<\/li>\n<li>Navette pneumatique \u00e0 deux positions<\/li>\n<li>Soufflerie pour tampographie bicolore<\/li>\n<li>Table de travail X\/Y\/R\/Z<\/li>\n<li>Ajustement double des clich\u00e9s X\/Y\/R<\/li>\n<li>Fonctionnement souple et silencieux de la machine<\/li>\n<\/ol>\n<p><strong>Sp\u00e9cifications :<\/strong><\/p>\n<table style=\"height: 430px;\" width=\"681\">\n<tbody>\n<tr>\n<td width=\"69\">Mod\u00e8le<\/td>\n<td width=\"69\">AP-125-2<\/td>\n<td width=\"69\">AP-175-2<\/td>\n<td width=\"69\">AP-250-2<\/td>\n<\/tr>\n<tr>\n<td width=\"69\">Syst\u00e8me d'encre<\/td>\n<td width=\"69\">Encrier ferm\u00e9<\/td>\n<td width=\"69\">Encrier ferm\u00e9<\/td>\n<td width=\"69\">Encrier ferm\u00e9<\/td>\n<\/tr>\n<tr>\n<td width=\"69\">Taille de l'assiette<\/td>\n<td width=\"69\">215x100mm<\/td>\n<td width=\"69\">270x130mm<\/td>\n<td width=\"69\">380x190mm<\/td>\n<\/tr>\n<tr>\n<td width=\"69\">Taille du gobelet d'encre<\/td>\n<td width=\"69\">ID90xOD100mm<\/td>\n<td width=\"69\">ID120xOD130mm<\/td>\n<td width=\"69\">ID180xOD190mm<\/td>\n<\/tr>\n<tr>\n<td width=\"69\">Capacit\u00e9 d'impression<\/td>\n<td width=\"69\">1800pcs<\/td>\n<td width=\"69\">1400pcs<\/td>\n<td width=\"69\">780pcs<\/td>\n<\/tr>\n<tr>\n<td width=\"69\">Conduire<\/td>\n<td width=\"69\">Pneumatique<\/td>\n<td width=\"69\">Pneumatique<\/td>\n<td width=\"69\">Pneumatique<\/td>\n<\/tr>\n<tr>\n<td width=\"69\">Force d'impression<\/td>\n<td width=\"69\">629N<\/td>\n<td width=\"69\">982N<\/td>\n<td width=\"69\">3690N<\/td>\n<\/tr>\n<tr>\n<td width=\"69\">Trait vertical du tampon<\/td>\n<td width=\"69\">75 mm<\/td>\n<td width=\"69\">100mm<\/td>\n<td width=\"69\">80mm<\/td>\n<\/tr>\n<tr>\n<td width=\"69\">Besoin en air<\/td>\n<td width=\"69\">5-6 bar<\/td>\n<td width=\"69\">5-6 bar<\/td>\n<td width=\"69\">5-6 bar<\/td>\n<\/tr>\n<tr>\n<td width=\"69\">Syst\u00e8me de contr\u00f4le<\/td>\n<td width=\"69\">Carte PCB 12V<\/td>\n<td width=\"69\">Carte PCB 12V<\/td>\n<td width=\"69\">Carte PCB 12V<\/td>\n<\/tr>\n<tr>\n<td width=\"69\">Tension<\/td>\n<td width=\"69\">110V\/220V\/230V 50\/60Hz<\/td>\n<td width=\"69\">110V\/220V\/230V 50\/60Hz<\/td>\n<td width=\"69\">110V\/220V\/230V 50\/60Hz<\/td>\n<\/tr>\n<tr>\n<td width=\"69\">Poids<\/td>\n<td width=\"69\">75 kg<\/td>\n<td width=\"69\">100 kg<\/td>\n<td width=\"69\">150 kg<\/td>\n<\/tr>\n<\/tbody>\n<\/table>","protected":false},"excerpt":{"rendered":"<p>Les machines de tampographie bicolore Auto Print sont divis\u00e9es en trois s\u00e9ries : la s\u00e9rie 125, adapt\u00e9e \u00e0 l'impression de pi\u00e8ces de petite taille ; la s\u00e9rie 175, adapt\u00e9e \u00e0 l'impression de pi\u00e8ces de taille moyenne ; et la s\u00e9rie 250, adapt\u00e9e \u00e0 l'impression de pi\u00e8ces de grande taille. Il existe deux types courants de machines de tampographie bicolore Auto Print : l'une est \u00e9quip\u00e9e d'une table de travail \u00e0 navette et l'autre d'une navette de transport des tampons. Cette machine de tampographie bicolore standard est \u00e0 entra\u00eenement pneumatique, mais nous proposons \u00e9galement d'autres types, tels que des imprimantes de tampographie \u00e0 entra\u00eenement par servomoteur. Nous proposons \u00e9galement des kits complets de tampographie.<\/p>","protected":false},"featured_media":1368,"template":"","meta":[],"product_cat":[23],"class_list":{"0":"post-339","1":"product","2":"type-product","3":"status-publish","4":"has-post-thumbnail","6":"product_cat-pad-printing-machine","8":"first","9":"instock","10":"shipping-taxable","11":"product-type-simple"},"acf":[],"yoast_head":"<!-- This site is optimized with the Yoast SEO plugin v23.9 - https:\/\/yoast.com\/wordpress\/plugins\/seo\/ -->\n<title>Two Color Pad Printing Machine with High-Quality &amp; Stable Performance.<\/title>\n<meta name=\"description\" content=\"The printers features 2 closed ink can adjustment cliche holders for different angle adjustment, pneumatic driven and PCB board controlled.\" \/>\n<meta name=\"robots\" content=\"index, follow, max-snippet:-1, max-image-preview:large, max-video-preview:-1\" \/>\n<link rel=\"canonical\" href=\"https:\/\/autoprintmachine.com\/fr\/machine-de-tampographie-a-deux-couleurs\/\" \/>\n<meta property=\"og:locale\" content=\"fr_FR\" \/>\n<meta property=\"og:type\" content=\"article\" \/>\n<meta property=\"og:title\" content=\"Two Color Pad Printing Machine with High-Quality &amp; Stable Performance.\" \/>\n<meta property=\"og:description\" content=\"The printers features 2 closed ink can adjustment cliche holders for different angle adjustment, pneumatic driven and PCB board controlled.\" \/>\n<meta property=\"og:url\" content=\"https:\/\/autoprintmachine.com\/fr\/machine-de-tampographie-a-deux-couleurs\/\" \/>\n<meta property=\"article:modified_time\" content=\"2026-01-06T08:10:45+00:00\" \/>\n<meta property=\"og:image\" content=\"https:\/\/autoprintmachine.com\/wp-content\/uploads\/2022\/03\/175-2.jpg\" \/>\n\t<meta property=\"og:image:width\" content=\"600\" \/>\n\t<meta property=\"og:image:height\" content=\"600\" \/>\n\t<meta property=\"og:image:type\" content=\"image\/jpeg\" \/>\n<meta name=\"twitter:card\" content=\"summary_large_image\" \/>\n<meta name=\"twitter:label1\" content=\"Dur\u00e9e de lecture estim\u00e9e\" \/>\n\t<meta name=\"twitter:data1\" content=\"2 minutes\" \/>\n<script type=\"application\/ld+json\" class=\"yoast-schema-graph\">{\"@context\":\"https:\/\/schema.org\",\"@graph\":[{\"@type\":\"WebPage\",\"@id\":\"https:\/\/autoprintmachine.com\/two-color-pad-printing-machine\/\",\"url\":\"https:\/\/autoprintmachine.com\/two-color-pad-printing-machine\/\",\"name\":\"Two Color Pad Printing Machine with High-Quality & Stable Performance.\",\"isPartOf\":{\"@id\":\"https:\/\/autoprintmachine.com\/#website\"},\"primaryImageOfPage\":{\"@id\":\"https:\/\/autoprintmachine.com\/two-color-pad-printing-machine\/#primaryimage\"},\"image\":{\"@id\":\"https:\/\/autoprintmachine.com\/two-color-pad-printing-machine\/#primaryimage\"},\"thumbnailUrl\":\"https:\/\/autoprintmachine.com\/wp-content\/uploads\/2022\/03\/175-2.jpg\",\"datePublished\":\"2020-08-11T08:45:51+00:00\",\"dateModified\":\"2026-01-06T08:10:45+00:00\",\"description\":\"The printers features 2 closed ink can adjustment cliche holders for different angle adjustment, pneumatic driven and PCB board controlled.\",\"breadcrumb\":{\"@id\":\"https:\/\/autoprintmachine.com\/two-color-pad-printing-machine\/#breadcrumb\"},\"inLanguage\":\"fr-FR\",\"potentialAction\":[{\"@type\":\"ReadAction\",\"target\":[\"https:\/\/autoprintmachine.com\/two-color-pad-printing-machine\/\"]}]},{\"@type\":\"ImageObject\",\"inLanguage\":\"fr-FR\",\"@id\":\"https:\/\/autoprintmachine.com\/two-color-pad-printing-machine\/#primaryimage\",\"url\":\"https:\/\/autoprintmachine.com\/wp-content\/uploads\/2022\/03\/175-2.jpg\",\"contentUrl\":\"https:\/\/autoprintmachine.com\/wp-content\/uploads\/2022\/03\/175-2.jpg\",\"width\":600,\"height\":600,\"caption\":\"175 2\"},{\"@type\":\"BreadcrumbList\",\"@id\":\"https:\/\/autoprintmachine.com\/two-color-pad-printing-machine\/#breadcrumb\",\"itemListElement\":[{\"@type\":\"ListItem\",\"position\":1,\"name\":\"Home\",\"item\":\"https:\/\/autoprintmachine.com\/\"},{\"@type\":\"ListItem\",\"position\":2,\"name\":\"Products\",\"item\":\"https:\/\/autoprintmachine.com\/shop\/\"},{\"@type\":\"ListItem\",\"position\":3,\"name\":\"Two Color Pad Printing Machine\"}]},{\"@type\":\"WebSite\",\"@id\":\"https:\/\/autoprintmachine.com\/#website\",\"url\":\"https:\/\/autoprintmachine.com\/\",\"name\":\"\",\"description\":\"\",\"potentialAction\":[{\"@type\":\"SearchAction\",\"target\":{\"@type\":\"EntryPoint\",\"urlTemplate\":\"https:\/\/autoprintmachine.com\/?s={search_term_string}\"},\"query-input\":{\"@type\":\"PropertyValueSpecification\",\"valueRequired\":true,\"valueName\":\"search_term_string\"}}],\"inLanguage\":\"fr-FR\"}]}<\/script>\n<!-- \/ Yoast SEO plugin. -->","yoast_head_json":{"title":"Two Color Pad Printing Machine with High-Quality & Stable Performance.","description":"The printers features 2 closed ink can adjustment cliche holders for different angle adjustment, pneumatic driven and PCB board controlled.","robots":{"index":"index","follow":"follow","max-snippet":"max-snippet:-1","max-image-preview":"max-image-preview:large","max-video-preview":"max-video-preview:-1"},"canonical":"https:\/\/autoprintmachine.com\/fr\/machine-de-tampographie-a-deux-couleurs\/","og_locale":"fr_FR","og_type":"article","og_title":"Two Color Pad Printing Machine with High-Quality & Stable Performance.","og_description":"The printers features 2 closed ink can adjustment cliche holders for different angle adjustment, pneumatic driven and PCB board controlled.","og_url":"https:\/\/autoprintmachine.com\/fr\/machine-de-tampographie-a-deux-couleurs\/","article_modified_time":"2026-01-06T08:10:45+00:00","og_image":[{"width":600,"height":600,"url":"https:\/\/autoprintmachine.com\/wp-content\/uploads\/2022\/03\/175-2.jpg","type":"image\/jpeg"}],"twitter_card":"summary_large_image","twitter_misc":{"Dur\u00e9e de lecture estim\u00e9e":"2 minutes"},"schema":{"@context":"https:\/\/schema.org","@graph":[{"@type":"WebPage","@id":"https:\/\/autoprintmachine.com\/two-color-pad-printing-machine\/","url":"https:\/\/autoprintmachine.com\/two-color-pad-printing-machine\/","name":"Two Color Pad Printing Machine with High-Quality & Stable Performance.","isPartOf":{"@id":"https:\/\/autoprintmachine.com\/#website"},"primaryImageOfPage":{"@id":"https:\/\/autoprintmachine.com\/two-color-pad-printing-machine\/#primaryimage"},"image":{"@id":"https:\/\/autoprintmachine.com\/two-color-pad-printing-machine\/#primaryimage"},"thumbnailUrl":"https:\/\/autoprintmachine.com\/wp-content\/uploads\/2022\/03\/175-2.jpg","datePublished":"2020-08-11T08:45:51+00:00","dateModified":"2026-01-06T08:10:45+00:00","description":"The printers features 2 closed ink can adjustment cliche holders for different angle adjustment, pneumatic driven and PCB board controlled.","breadcrumb":{"@id":"https:\/\/autoprintmachine.com\/two-color-pad-printing-machine\/#breadcrumb"},"inLanguage":"fr-FR","potentialAction":[{"@type":"ReadAction","target":["https:\/\/autoprintmachine.com\/two-color-pad-printing-machine\/"]}]},{"@type":"ImageObject","inLanguage":"fr-FR","@id":"https:\/\/autoprintmachine.com\/two-color-pad-printing-machine\/#primaryimage","url":"https:\/\/autoprintmachine.com\/wp-content\/uploads\/2022\/03\/175-2.jpg","contentUrl":"https:\/\/autoprintmachine.com\/wp-content\/uploads\/2022\/03\/175-2.jpg","width":600,"height":600,"caption":"175 2"},{"@type":"BreadcrumbList","@id":"https:\/\/autoprintmachine.com\/two-color-pad-printing-machine\/#breadcrumb","itemListElement":[{"@type":"ListItem","position":1,"name":"Home","item":"https:\/\/autoprintmachine.com\/"},{"@type":"ListItem","position":2,"name":"Products","item":"https:\/\/autoprintmachine.com\/shop\/"},{"@type":"ListItem","position":3,"name":"Two Color Pad Printing Machine"}]},{"@type":"WebSite","@id":"https:\/\/autoprintmachine.com\/#website","url":"https:\/\/autoprintmachine.com\/","name":"","description":"","potentialAction":[{"@type":"SearchAction","target":{"@type":"EntryPoint","urlTemplate":"https:\/\/autoprintmachine.com\/?s={search_term_string}"},"query-input":{"@type":"PropertyValueSpecification","valueRequired":true,"valueName":"search_term_string"}}],"inLanguage":"fr-FR"}]}},"_links":{"self":[{"href":"https:\/\/autoprintmachine.com\/fr\/wp-json\/wp\/v2\/product\/339","targetHints":{"allow":["GET"]}}],"collection":[{"href":"https:\/\/autoprintmachine.com\/fr\/wp-json\/wp\/v2\/product"}],"about":[{"href":"https:\/\/autoprintmachine.com\/fr\/wp-json\/wp\/v2\/types\/product"}],"wp:featuredmedia":[{"embeddable":true,"href":"https:\/\/autoprintmachine.com\/fr\/wp-json\/wp\/v2\/media\/1368"}],"wp:attachment":[{"href":"https:\/\/autoprintmachine.com\/fr\/wp-json\/wp\/v2\/media?parent=339"}],"wp:term":[{"taxonomy":"product_cat","embeddable":true,"href":"https:\/\/autoprintmachine.com\/fr\/wp-json\/wp\/v2\/product_cat?post=339"}],"curies":[{"name":"wp","href":"https:\/\/api.w.org\/{rel}","templated":true}]}}