{"id":348,"date":"2020-08-12T03:06:31","date_gmt":"2020-08-12T03:06:31","guid":{"rendered":"https:\/\/onceauto.seowaimao.com\/?post_type=product&#038;p=348"},"modified":"2026-01-06T05:32:17","modified_gmt":"2026-01-06T05:32:17","slug":"machine-de-tampographie-independante-a-cinq-couleurs","status":"publish","type":"product","link":"https:\/\/autoprintmachine.com\/fr\/machine-de-tampographie-independante-a-cinq-couleurs\/","title":{"rendered":"Machine d'impression \u00e0 cinq couleurs ind\u00e9pendante de la tampographie"},"content":{"rendered":"<p><strong>Introduction :<\/strong><\/p>\n<p><strong>AP-250-5IP<\/strong> La machine d'impression par tampographie ind\u00e9pendante \u00e0 cinq couleurs est \u00e9quip\u00e9e d'une navette avant\/arri\u00e8re et d'une navette partielle servo-motoris\u00e9e pour imprimer 1 \u00e0 5 couleurs.<\/p>\n<p>La machine de tampographie ind\u00e9pendante est dot\u00e9e d'un panneau de commande tactile programmable, \u00e0 partir duquel toutes les fonctions peuvent \u00eatre facilement programm\u00e9es.<\/p>\n<p><strong>L'AP-250-5IP<\/strong> est dot\u00e9e d'une base en acier soud\u00e9 solidement construite pour garantir des performances sans heurts et sans vibrations.<\/p>\n<p><strong>AP-250-5IP<\/strong> La machine ind\u00e9pendante de tampographie est \u00e9quip\u00e9e de cinq clich\u00e9s et encriers r\u00e9glables. La taille de l'encrier peut \u00eatre de 90 mm ou de 120 mm, avec cinq porte-clich\u00e9s individuels r\u00e9glables X\/Y\/R pour un alignement pr\u00e9cis des \u0153uvres d'art.<\/p>\n<p><strong>Avantages :\u00a0<\/strong><\/p>\n<ul>\n<li>PLC et \u00e9cran tactile contr\u00f4lent tous les mouvements<\/li>\n<li>Navette programmable entra\u00een\u00e9e par un servomoteur pour une pr\u00e9cision extr\u00eame<\/li>\n<li>Course d'avant en arri\u00e8re entra\u00een\u00e9e par un servomoteur pour une course de travail programmable<\/li>\n<li>Course d'impression ind\u00e9pendante r\u00e9glable<\/li>\n<li>Dispositif de nettoyage automatique du ruban adh\u00e9sif<\/li>\n<li>Taille de plaque modifiable 100x250mm ou 100x300mm<\/li>\n<li>Installation de protections de s\u00e9curit\u00e9<\/li>\n<\/ul>\n<p><strong>Sp\u00e9cifications :<\/strong><\/p>\n<table style=\"height: 567px;\" width=\"696\">\n<tbody>\n<tr>\n<td width=\"69\">Mod\u00e8le<\/td>\n<td width=\"69\">AP-250-5IP<\/td>\n<td width=\"69\">AP-250-6IP<\/td>\n<\/tr>\n<tr>\n<td width=\"69\">Syst\u00e8me d'encre<\/td>\n<td width=\"69\">Encrier ferm\u00e9<\/td>\n<td width=\"69\">Encrier ferm\u00e9<\/td>\n<\/tr>\n<tr>\n<td width=\"69\">Taille de l'assiette<\/td>\n<td width=\"69\">250x100mm ou 300x100mm<\/td>\n<td width=\"69\">250x100mm ou 300x100mm<\/td>\n<\/tr>\n<tr>\n<td width=\"69\">Taille du gobelet d'encre<\/td>\n<td width=\"69\">ID90xOD100mm<\/td>\n<td width=\"69\">ID90xOD100mm<\/td>\n<\/tr>\n<tr>\n<td width=\"69\">Capacit\u00e9 d'impression<\/td>\n<td width=\"69\">150-200pcs<\/td>\n<td width=\"69\">150-200pcs<\/td>\n<\/tr>\n<tr>\n<td width=\"69\">Course avant et arri\u00e8re<\/td>\n<td width=\"69\">Entra\u00eenement par servomoteur<\/td>\n<td width=\"69\">Entra\u00eenement par servomoteur<\/td>\n<\/tr>\n<tr>\n<td width=\"69\">Navette partielle<\/td>\n<td width=\"69\">Entra\u00eenement par servomoteur<\/td>\n<td width=\"69\">Entra\u00eenement par servomoteur<\/td>\n<\/tr>\n<tr>\n<td width=\"69\">Trait vertical du tampon<\/td>\n<td width=\"69\">Cylindre d'air ind\u00e9pendant<\/td>\n<td width=\"69\">Cylindre d'air ind\u00e9pendant<\/td>\n<\/tr>\n<tr>\n<td width=\"69\">Besoin en air<\/td>\n<td width=\"69\">5-6 bar<\/td>\n<td width=\"69\">5-6 bar<\/td>\n<\/tr>\n<tr>\n<td width=\"69\">Syst\u00e8me de contr\u00f4le<\/td>\n<td width=\"69\">PLC et \u00e9cran tactile<\/td>\n<td width=\"69\">PLC et \u00e9cran tactile<\/td>\n<\/tr>\n<tr>\n<td width=\"69\">Tension<\/td>\n<td width=\"69\">110V\/220V\/230V 50\/60Hz<\/td>\n<td width=\"69\">110V\/220V\/230V 50\/60Hz<\/td>\n<\/tr>\n<tr>\n<td width=\"69\">Dimensions<\/td>\n<td width=\"69\">1050x1200x1750mm<\/td>\n<td width=\"69\">\u00a01050x1200x1750mm<\/td>\n<\/tr>\n<\/tbody>\n<\/table>","protected":false},"excerpt":{"rendered":"<p>L'AP-250-5IP est une machine de tampographie cinq couleurs avec une course de tampon ind\u00e9pendante ; chaque course de tampon est r\u00e9glable pour r\u00e9pondre aux diff\u00e9rentes exigences d'impression. La navette Part est entra\u00een\u00e9e par un servomoteur programmable pour une impression pr\u00e9cise et un rep\u00e9rage d'une couleur \u00e0 l'autre. Toutes les fonctions sont facilement contr\u00f4l\u00e9es via l'\u00e9cran tactile. Le syst\u00e8me de nettoyage de la bande r\u00e9duit la charge de travail de l'op\u00e9rateur et garantit une impression de haute qualit\u00e9. La machine peut \u00eatre configur\u00e9e de 4 \u00e0 6 couleurs.<\/p>","protected":false},"featured_media":1364,"template":"","meta":[],"product_brand":[],"product_cat":[23],"product_tag":[],"class_list":{"0":"post-348","1":"product","2":"type-product","3":"status-publish","4":"has-post-thumbnail","6":"product_cat-pad-printing-machine","8":"first","9":"instock","10":"shipping-taxable","11":"product-type-simple"},"yoast_head":"<!-- This site is optimized with the Yoast SEO plugin v27.4 - https:\/\/yoast.com\/product\/yoast-seo-wordpress\/ -->\n<title>5 Color Pad Printer with Independent Pad Stroke and Servo Shuttle<\/title>\n<meta name=\"description\" content=\"The 5 color pad printing machine features with independent pad stroke, servo shuttle work table for accurate printing.\" \/>\n<meta name=\"robots\" content=\"index, follow, max-snippet:-1, max-image-preview:large, max-video-preview:-1\" \/>\n<link rel=\"canonical\" href=\"https:\/\/autoprintmachine.com\/fr\/machine-de-tampographie-independante-a-cinq-couleurs\/\" \/>\n<meta property=\"og:locale\" content=\"fr_FR\" \/>\n<meta property=\"og:type\" content=\"article\" \/>\n<meta property=\"og:title\" content=\"5 Color Pad Printer with Independent Pad Stroke and Servo Shuttle\" \/>\n<meta property=\"og:description\" content=\"The 5 color pad printing machine features with independent pad stroke, servo shuttle work table for accurate printing.\" \/>\n<meta property=\"og:url\" content=\"https:\/\/autoprintmachine.com\/fr\/machine-de-tampographie-independante-a-cinq-couleurs\/\" \/>\n<meta property=\"article:publisher\" content=\"https:\/\/www.facebook.com\/autoprinttech\/\" \/>\n<meta property=\"article:modified_time\" content=\"2026-01-06T05:32:17+00:00\" \/>\n<meta property=\"og:image\" content=\"https:\/\/autoprintmachine.com\/wp-content\/uploads\/2022\/03\/250-5.jpg\" \/>\n\t<meta property=\"og:image:width\" content=\"600\" \/>\n\t<meta property=\"og:image:height\" content=\"600\" \/>\n\t<meta property=\"og:image:type\" content=\"image\/jpeg\" \/>\n<meta name=\"twitter:card\" content=\"summary_large_image\" \/>\n<meta name=\"twitter:label1\" content=\"Est. reading time\" \/>\n\t<meta name=\"twitter:data1\" content=\"2 minutes\" \/>\n<script type=\"application\/ld+json\" class=\"yoast-schema-graph\">{\"@context\":\"https:\\\/\\\/schema.org\",\"@graph\":[{\"@type\":\"WebPage\",\"@id\":\"https:\\\/\\\/autoprintmachine.com\\\/independent-pad-stroke-five-color-pad-printing-machine\\\/\",\"url\":\"https:\\\/\\\/autoprintmachine.com\\\/independent-pad-stroke-five-color-pad-printing-machine\\\/\",\"name\":\"5 Color Pad Printer with Independent Pad Stroke and Servo Shuttle\",\"isPartOf\":{\"@id\":\"https:\\\/\\\/autoprintmachine.com\\\/#website\"},\"primaryImageOfPage\":{\"@id\":\"https:\\\/\\\/autoprintmachine.com\\\/independent-pad-stroke-five-color-pad-printing-machine\\\/#primaryimage\"},\"image\":{\"@id\":\"https:\\\/\\\/autoprintmachine.com\\\/independent-pad-stroke-five-color-pad-printing-machine\\\/#primaryimage\"},\"thumbnailUrl\":\"https:\\\/\\\/autoprintmachine.com\\\/wp-content\\\/uploads\\\/2022\\\/03\\\/250-5.jpg\",\"datePublished\":\"2020-08-12T03:06:31+00:00\",\"dateModified\":\"2026-01-06T05:32:17+00:00\",\"description\":\"The 5 color pad printing machine features with independent pad stroke, servo shuttle work table for accurate printing.\",\"breadcrumb\":{\"@id\":\"https:\\\/\\\/autoprintmachine.com\\\/independent-pad-stroke-five-color-pad-printing-machine\\\/#breadcrumb\"},\"inLanguage\":\"fr-FR\",\"potentialAction\":[{\"@type\":\"ReadAction\",\"target\":[\"https:\\\/\\\/autoprintmachine.com\\\/independent-pad-stroke-five-color-pad-printing-machine\\\/\"]}]},{\"@type\":\"ImageObject\",\"inLanguage\":\"fr-FR\",\"@id\":\"https:\\\/\\\/autoprintmachine.com\\\/independent-pad-stroke-five-color-pad-printing-machine\\\/#primaryimage\",\"url\":\"https:\\\/\\\/autoprintmachine.com\\\/wp-content\\\/uploads\\\/2022\\\/03\\\/250-5.jpg\",\"contentUrl\":\"https:\\\/\\\/autoprintmachine.com\\\/wp-content\\\/uploads\\\/2022\\\/03\\\/250-5.jpg\",\"width\":600,\"height\":600,\"caption\":\"250 5\"},{\"@type\":\"BreadcrumbList\",\"@id\":\"https:\\\/\\\/autoprintmachine.com\\\/independent-pad-stroke-five-color-pad-printing-machine\\\/#breadcrumb\",\"itemListElement\":[{\"@type\":\"ListItem\",\"position\":1,\"name\":\"Home\",\"item\":\"https:\\\/\\\/autoprintmachine.com\\\/\"},{\"@type\":\"ListItem\",\"position\":2,\"name\":\"Products\",\"item\":\"https:\\\/\\\/autoprintmachine.com\\\/shop\\\/\"},{\"@type\":\"ListItem\",\"position\":3,\"name\":\"Independent Pad Stroke Five Color Printing Machine\"}]},{\"@type\":\"WebSite\",\"@id\":\"https:\\\/\\\/autoprintmachine.com\\\/#website\",\"url\":\"https:\\\/\\\/autoprintmachine.com\\\/\",\"name\":\"\",\"description\":\"\",\"publisher\":{\"@id\":\"https:\\\/\\\/autoprintmachine.com\\\/#organization\"},\"potentialAction\":[{\"@type\":\"SearchAction\",\"target\":{\"@type\":\"EntryPoint\",\"urlTemplate\":\"https:\\\/\\\/autoprintmachine.com\\\/?s={search_term_string}\"},\"query-input\":{\"@type\":\"PropertyValueSpecification\",\"valueRequired\":true,\"valueName\":\"search_term_string\"}}],\"inLanguage\":\"fr-FR\"},{\"@type\":\"Organization\",\"@id\":\"https:\\\/\\\/autoprintmachine.com\\\/#organization\",\"name\":\"Dongguan Auto Print Tech Co., Ltd\",\"url\":\"https:\\\/\\\/autoprintmachine.com\\\/\",\"logo\":{\"@type\":\"ImageObject\",\"inLanguage\":\"fr-FR\",\"@id\":\"https:\\\/\\\/autoprintmachine.com\\\/#\\\/schema\\\/logo\\\/image\\\/\",\"url\":\"https:\\\/\\\/autoprintmachine.com\\\/wp-content\\\/uploads\\\/2023\\\/06\\\/screen_printing_logo_new.webp\",\"contentUrl\":\"https:\\\/\\\/autoprintmachine.com\\\/wp-content\\\/uploads\\\/2023\\\/06\\\/screen_printing_logo_new.webp\",\"width\":890,\"height\":750,\"caption\":\"Dongguan Auto Print Tech Co., Ltd\"},\"image\":{\"@id\":\"https:\\\/\\\/autoprintmachine.com\\\/#\\\/schema\\\/logo\\\/image\\\/\"},\"sameAs\":[\"https:\\\/\\\/www.facebook.com\\\/autoprinttech\\\/\",\"https:\\\/\\\/www.youtube.com\\\/channel\\\/UCJtPGiBbQWGE2DZLxySpCtw\"]}]}<\/script>\n<!-- \/ Yoast SEO plugin. -->","yoast_head_json":{"title":"Tamponneuse 5 couleurs avec course ind\u00e9pendante du tampon et navette servo","description":"La machine de tampographie 5 couleurs est dot\u00e9e d'une course de tampon ind\u00e9pendante et d'une table de travail \u00e0 navette servo pour une impression pr\u00e9cise.","robots":{"index":"index","follow":"follow","max-snippet":"max-snippet:-1","max-image-preview":"max-image-preview:large","max-video-preview":"max-video-preview:-1"},"canonical":"https:\/\/autoprintmachine.com\/fr\/machine-de-tampographie-independante-a-cinq-couleurs\/","og_locale":"fr_FR","og_type":"article","og_title":"5 Color Pad Printer with Independent Pad Stroke and Servo Shuttle","og_description":"The 5 color pad printing machine features with independent pad stroke, servo shuttle work table for accurate printing.","og_url":"https:\/\/autoprintmachine.com\/fr\/machine-de-tampographie-independante-a-cinq-couleurs\/","article_publisher":"https:\/\/www.facebook.com\/autoprinttech\/","article_modified_time":"2026-01-06T05:32:17+00:00","og_image":[{"width":600,"height":600,"url":"https:\/\/autoprintmachine.com\/wp-content\/uploads\/2022\/03\/250-5.jpg","type":"image\/jpeg"}],"twitter_card":"summary_large_image","twitter_misc":{"Est. reading time":"2 minutes"},"schema":{"@context":"https:\/\/schema.org","@graph":[{"@type":"WebPage","@id":"https:\/\/autoprintmachine.com\/independent-pad-stroke-five-color-pad-printing-machine\/","url":"https:\/\/autoprintmachine.com\/independent-pad-stroke-five-color-pad-printing-machine\/","name":"Tamponneuse 5 couleurs avec course ind\u00e9pendante du tampon et navette servo","isPartOf":{"@id":"https:\/\/autoprintmachine.com\/#website"},"primaryImageOfPage":{"@id":"https:\/\/autoprintmachine.com\/independent-pad-stroke-five-color-pad-printing-machine\/#primaryimage"},"image":{"@id":"https:\/\/autoprintmachine.com\/independent-pad-stroke-five-color-pad-printing-machine\/#primaryimage"},"thumbnailUrl":"https:\/\/autoprintmachine.com\/wp-content\/uploads\/2022\/03\/250-5.jpg","datePublished":"2020-08-12T03:06:31+00:00","dateModified":"2026-01-06T05:32:17+00:00","description":"La machine de tampographie 5 couleurs est dot\u00e9e d'une course de tampon ind\u00e9pendante et d'une table de travail \u00e0 navette servo pour une impression pr\u00e9cise.","breadcrumb":{"@id":"https:\/\/autoprintmachine.com\/independent-pad-stroke-five-color-pad-printing-machine\/#breadcrumb"},"inLanguage":"fr-FR","potentialAction":[{"@type":"ReadAction","target":["https:\/\/autoprintmachine.com\/independent-pad-stroke-five-color-pad-printing-machine\/"]}]},{"@type":"ImageObject","inLanguage":"fr-FR","@id":"https:\/\/autoprintmachine.com\/independent-pad-stroke-five-color-pad-printing-machine\/#primaryimage","url":"https:\/\/autoprintmachine.com\/wp-content\/uploads\/2022\/03\/250-5.jpg","contentUrl":"https:\/\/autoprintmachine.com\/wp-content\/uploads\/2022\/03\/250-5.jpg","width":600,"height":600,"caption":"250 5"},{"@type":"BreadcrumbList","@id":"https:\/\/autoprintmachine.com\/independent-pad-stroke-five-color-pad-printing-machine\/#breadcrumb","itemListElement":[{"@type":"ListItem","position":1,"name":"Home","item":"https:\/\/autoprintmachine.com\/"},{"@type":"ListItem","position":2,"name":"Products","item":"https:\/\/autoprintmachine.com\/shop\/"},{"@type":"ListItem","position":3,"name":"Independent Pad Stroke Five Color Printing Machine"}]},{"@type":"WebSite","@id":"https:\/\/autoprintmachine.com\/#website","url":"https:\/\/autoprintmachine.com\/","name":"","description":"","publisher":{"@id":"https:\/\/autoprintmachine.com\/#organization"},"potentialAction":[{"@type":"SearchAction","target":{"@type":"EntryPoint","urlTemplate":"https:\/\/autoprintmachine.com\/?s={search_term_string}"},"query-input":{"@type":"PropertyValueSpecification","valueRequired":true,"valueName":"search_term_string"}}],"inLanguage":"fr-FR"},{"@type":"Organization","@id":"https:\/\/autoprintmachine.com\/#organization","name":"Dongguan Auto Print Tech Co. Ltd","url":"https:\/\/autoprintmachine.com\/","logo":{"@type":"ImageObject","inLanguage":"fr-FR","@id":"https:\/\/autoprintmachine.com\/#\/schema\/logo\/image\/","url":"https:\/\/autoprintmachine.com\/wp-content\/uploads\/2023\/06\/screen_printing_logo_new.webp","contentUrl":"https:\/\/autoprintmachine.com\/wp-content\/uploads\/2023\/06\/screen_printing_logo_new.webp","width":890,"height":750,"caption":"Dongguan Auto Print Tech Co., Ltd"},"image":{"@id":"https:\/\/autoprintmachine.com\/#\/schema\/logo\/image\/"},"sameAs":["https:\/\/www.facebook.com\/autoprinttech\/","https:\/\/www.youtube.com\/channel\/UCJtPGiBbQWGE2DZLxySpCtw"]}]}},"_links":{"self":[{"href":"https:\/\/autoprintmachine.com\/fr\/wp-json\/wp\/v2\/product\/348","targetHints":{"allow":["GET"]}}],"collection":[{"href":"https:\/\/autoprintmachine.com\/fr\/wp-json\/wp\/v2\/product"}],"about":[{"href":"https:\/\/autoprintmachine.com\/fr\/wp-json\/wp\/v2\/types\/product"}],"wp:featuredmedia":[{"embeddable":true,"href":"https:\/\/autoprintmachine.com\/fr\/wp-json\/wp\/v2\/media\/1364"}],"wp:attachment":[{"href":"https:\/\/autoprintmachine.com\/fr\/wp-json\/wp\/v2\/media?parent=348"}],"wp:term":[{"taxonomy":"product_brand","embeddable":true,"href":"https:\/\/autoprintmachine.com\/fr\/wp-json\/wp\/v2\/product_brand?post=348"},{"taxonomy":"product_cat","embeddable":true,"href":"https:\/\/autoprintmachine.com\/fr\/wp-json\/wp\/v2\/product_cat?post=348"},{"taxonomy":"product_tag","embeddable":true,"href":"https:\/\/autoprintmachine.com\/fr\/wp-json\/wp\/v2\/product_tag?post=348"}],"curies":[{"name":"wp","href":"https:\/\/api.w.org\/{rel}","templated":true}]}}