{"id":355,"date":"2020-08-12T07:28:45","date_gmt":"2020-08-12T07:28:45","guid":{"rendered":"https:\/\/onceauto.seowaimao.com\/?post_type=product&#038;p=355"},"modified":"2025-12-30T01:37:20","modified_gmt":"2025-12-30T01:37:20","slug":"1-to-6-color-automatic-uv-bottle-screen-printing-machine","status":"publish","type":"product","link":"https:\/\/autoprintmachine.com\/fr\/machine-de-serigraphie-automatique-pour-bouteilles-1-a-6-couleurs-par-uv\/","title":{"rendered":"Machine automatique de s\u00e9rigraphie UV pour bouteilles, 1 \u00e0 6 couleurs"},"content":{"rendered":"<section class=\"section\" id=\"section_336932004\">\n\t\t<div class=\"section-bg fill\" >\n\t\t\t\t\t\t\t\t\t\n\t\t\t\n\n\t\t<\/div>\n\n\t\t\n\n\t\t<div class=\"section-content relative\">\n\t\t\t\n<div class=\"row\"  id=\"row-453468627\">\n\n\t<div id=\"col-272836008\" class=\"col small-12 large-12\"  >\n\t\t\t\t<div class=\"col-inner\"  >\n\t\t\t\n\t\t\t\n<h2>Voir notre machine automatique d'impression UV de bouteilles de 1 \u00e0 6 couleurs<\/h2>\n<hr \/>\n<h2><\/h2>\n<div class=\"row\"  id=\"row-1090114590\">\n\n\t<div id=\"col-1676498834\" class=\"col medium-10 small-12 large-10\"  >\n\t\t\t\t<div class=\"col-inner\"  >\n\t\t\t\n\t\t\t\n<div class=\"video video-fit mb\" style=\"padding-top:56.25%;\"><p><iframe loading=\"lazy\" title=\"Machine de s\u00e9rigraphie ronde:AP-100 avec syst\u00e8me UV LED\" width=\"1020\" height=\"574\" src=\"https:\/\/www.youtube.com\/embed\/b0R1PvPROp0?feature=oembed\" frameborder=\"0\" allow=\"accelerometer; autoplay; clipboard-write; encrypted-media; gyroscope; picture-in-picture; web-share\" referrerpolicy=\"strict-origin-when-cross-origin\" allowfullscreen><\/iframe><\/p>\n<\/div>\n\t\t<\/div>\n\t\t\t\t\t<\/div>\n\n\t\n<\/div>\n\t\t<\/div>\n\t\t\t\t\t<\/div>\n\n\t\n\n\t<div id=\"col-1232430548\" class=\"col small-12 large-12\"  >\n\t\t\t\t<div class=\"col-inner\"  >\n\t\t\t\n\t\t\t\n<h2>Machine de s\u00e9rigraphie UV Introduction :<\/h2>\n<p>La machine de s\u00e9rigraphie automatique UV pour bouteilles de la s\u00e9rie AP-100 est de type \u00e0 entra\u00eenement m\u00e9canique. Elle utilise un moteur \u00e0 courant alternatif et un syst\u00e8me de d\u00e9placement lin\u00e9aire. Cette imprimante UV pour gobelets peut transporter des bouteilles avec un rep\u00e9rage couleur \u00e0 couleur tr\u00e8s pr\u00e9cis. Lorsque la bouteille est charg\u00e9e dans la machine, elle peut \u00eatre automatiquement trait\u00e9e \u00e0 la flamme, s\u00e9rigraphi\u00e9e et s\u00e9ch\u00e9e aux UV. La vitesse d'impression maximale de cette ligne de s\u00e9rigraphie automatique peut atteindre 70 pi\u00e8ces par minute.<\/p>\n<p>La s\u00e9rigraphie automatique de la s\u00e9rie AP-100 est bien adapt\u00e9e \u00e0 diff\u00e9rentes formes. Y compris les formes rondes, ovales et carr\u00e9es. Les mat\u00e9riaux des conteneurs peuvent \u00eatre le plastique, le verre, le m\u00e9tal, etc.<\/p>\n<h2>Machine d'impression UV Caract\u00e9ristiques :<\/h2>\n<ol>\n<li>Presse s\u00e9rigraphique UV automatique de 1 \u00e0 6 couleurs<\/li>\n<li>Vitesse d'impression jusqu'\u00e0 70 bouteilles par minute<\/li>\n<li>Impressions sur r\u00e9cipients ronds et ovales<\/li>\n<li>Poutre de marche m\u00e9canique index\u00e9e<\/li>\n<li>Italie moteur principal<\/li>\n<li>Syst\u00e8me UV \u00e9lectronique<\/li>\n<li>PLC Omron avec \u00e9cran tactile<\/li>\n<li>Soufflage antistatique et traitement de la flamme int\u00e9gr\u00e9s<\/li>\n<\/ol>\n<h2>Imprimante de bouteilles UV Sp\u00e9cifications :<\/h2>\n<table width=\"560\">\n<tbody>\n<tr>\n<td colspan=\"2\" width=\"275\">SPECS DE LA MACHINE<\/td>\n<td width=\"285\">S\u00e9rie AP-100<\/td>\n<\/tr>\n<tr>\n<td colspan=\"2\" width=\"275\">Taille du r\u00e9cipient rond :<\/td>\n<td width=\"285\">Diam\u00e8tre : \u00d810-100mm, Hauteur : 30-260mm<\/td>\n<\/tr>\n<tr>\n<td colspan=\"2\" width=\"275\">Conteneur rond surface d'impression maximale :<\/td>\n<td width=\"285\">L 260 x L 220mm<\/td>\n<\/tr>\n<tr>\n<td colspan=\"2\" width=\"275\">Taille du r\u00e9cipient ovale :<\/td>\n<td width=\"285\">R : 10-250mm, Hauteur : 30-260mm<\/td>\n<\/tr>\n<tr>\n<td colspan=\"2\" width=\"275\">Conteneur ovale surface d'impression maximale :<\/td>\n<td width=\"285\">L 120 x L 220mm<\/td>\n<\/tr>\n<tr>\n<td colspan=\"2\" width=\"275\">Capacit\u00e9 d'impression :<\/td>\n<td width=\"285\">Jusqu'\u00e0 70 pcs\/min<\/td>\n<\/tr>\n<tr>\n<td colspan=\"2\" width=\"275\">Puissance de la lampe UV :<\/td>\n<td width=\"285\">5 KW<\/td>\n<\/tr>\n<tr>\n<td colspan=\"2\" width=\"275\">Conduire :<\/td>\n<td width=\"285\">Entra\u00eenement m\u00e9canique<\/td>\n<\/tr>\n<tr>\n<td colspan=\"2\" width=\"275\">\u00c9lectrique :<\/td>\n<td width=\"285\">380V\/480V triphas\u00e9 50\/60Hz<\/td>\n<\/tr>\n<tr>\n<td colspan=\"2\" width=\"275\">Besoin en air :<\/td>\n<td width=\"285\">5-7 bar<\/td>\n<\/tr>\n<tr>\n<td colspan=\"2\" width=\"275\">Consommation \u00e9lectrique :<\/td>\n<td width=\"285\">5,4 KW\/UNIT\u00c9<\/td>\n<\/tr>\n<tr>\n<td colspan=\"2\" width=\"275\">Poids :<\/td>\n<td width=\"285\">1600 KG<\/td>\n<\/tr>\n<\/tbody>\n<\/table>\n\t\t<\/div>\n\t\t\t\t\t<\/div>\n\n\t\n<\/div>\n\t\t<\/div>\n\n\t\t\n<style>\n#section_336932004 {\n  padding-top: 30px;\n  padding-bottom: 30px;\n}\n<\/style>\n\t<\/section>","protected":false},"excerpt":{"rendered":"<p>La machine de s\u00e9rigraphie UV automatique de la s\u00e9rie AP-100 est une ligne de s\u00e9rigraphie automatique compl\u00e8te de 1 \u00e0 6 couleurs qui comprend le traitement \u00e0 la flamme, la s\u00e9rigraphie et le s\u00e9chage UV. Cette ligne de s\u00e9rigraphie est \u00e9quip\u00e9e d'un moteur principal de marque italienne qui entra\u00eene la poutre de marche lin\u00e9aire solidement construite pour transporter les bouteilles. La vitesse \u00e9lev\u00e9e et le rep\u00e9rage pr\u00e9cis des couleurs font que cette s\u00e9rie de machines est largement utilis\u00e9e pour l'impression sur diff\u00e9rents types de bouteilles, notamment en plastique, en verre, en m\u00e9tal, etc. Les bouteilles peuvent \u00eatre rondes, ovales ou carr\u00e9es.<\/p>","protected":false},"featured_media":1636,"template":"","meta":[],"product_cat":[18],"class_list":{"0":"post-355","1":"product","2":"type-product","3":"status-publish","4":"has-post-thumbnail","6":"product_cat-automatic-uv-screen-printing-equipment","8":"first","9":"instock","10":"shipping-taxable","11":"product-type-simple"},"acf":[],"yoast_head":"<!-- This site is optimized with the Yoast SEO plugin v23.9 - https:\/\/yoast.com\/wordpress\/plugins\/seo\/ -->\n<title>6 Color Automatic UV Bottle Screen Printing Machine<\/title>\n<meta name=\"description\" content=\"The automatic UV tumbler printer is suitable for different shapes bottles can be round, oval, and square shapes. plastic, glass, and metal are OK.\" \/>\n<meta name=\"robots\" content=\"index, follow, max-snippet:-1, max-image-preview:large, max-video-preview:-1\" \/>\n<link rel=\"canonical\" href=\"https:\/\/autoprintmachine.com\/fr\/machine-de-serigraphie-automatique-pour-bouteilles-1-a-6-couleurs-par-uv\/\" \/>\n<meta property=\"og:locale\" content=\"fr_FR\" \/>\n<meta property=\"og:type\" content=\"article\" \/>\n<meta property=\"og:title\" content=\"6 Color Automatic UV Bottle Screen Printing Machine\" \/>\n<meta property=\"og:description\" content=\"The automatic UV tumbler printer is suitable for different shapes bottles can be round, oval, and square shapes. plastic, glass, and metal are OK.\" \/>\n<meta property=\"og:url\" content=\"https:\/\/autoprintmachine.com\/fr\/machine-de-serigraphie-automatique-pour-bouteilles-1-a-6-couleurs-par-uv\/\" \/>\n<meta property=\"article:publisher\" content=\"https:\/\/www.facebook.com\/autoprinttech\/\" \/>\n<meta property=\"article:modified_time\" content=\"2025-12-30T01:37:20+00:00\" \/>\n<meta property=\"og:image\" content=\"https:\/\/autoprintmachine.com\/wp-content\/uploads\/2023\/08\/five_color_bottle_screen_printing_machine.webp\" \/>\n\t<meta property=\"og:image:width\" content=\"600\" \/>\n\t<meta property=\"og:image:height\" content=\"600\" \/>\n\t<meta property=\"og:image:type\" content=\"image\/webp\" \/>\n<meta name=\"twitter:card\" content=\"summary_large_image\" \/>\n<meta name=\"twitter:label1\" content=\"Dur\u00e9e de lecture estim\u00e9e\" \/>\n\t<meta name=\"twitter:data1\" content=\"2 minutes\" \/>\n<script type=\"application\/ld+json\" class=\"yoast-schema-graph\">{\"@context\":\"https:\/\/schema.org\",\"@graph\":[{\"@type\":\"WebPage\",\"@id\":\"https:\/\/autoprintmachine.com\/1-to-6-color-automatic-uv-bottle-screen-printing-machine\/\",\"url\":\"https:\/\/autoprintmachine.com\/1-to-6-color-automatic-uv-bottle-screen-printing-machine\/\",\"name\":\"6 Color Automatic UV Bottle Screen Printing Machine\",\"isPartOf\":{\"@id\":\"https:\/\/autoprintmachine.com\/#website\"},\"primaryImageOfPage\":{\"@id\":\"https:\/\/autoprintmachine.com\/1-to-6-color-automatic-uv-bottle-screen-printing-machine\/#primaryimage\"},\"image\":{\"@id\":\"https:\/\/autoprintmachine.com\/1-to-6-color-automatic-uv-bottle-screen-printing-machine\/#primaryimage\"},\"thumbnailUrl\":\"https:\/\/autoprintmachine.com\/wp-content\/uploads\/2023\/08\/five_color_bottle_screen_printing_machine.webp\",\"datePublished\":\"2020-08-12T07:28:45+00:00\",\"dateModified\":\"2025-12-30T01:37:20+00:00\",\"description\":\"The automatic UV tumbler printer is suitable for different shapes bottles can be round, oval, and square shapes. plastic, glass, and metal are OK.\",\"breadcrumb\":{\"@id\":\"https:\/\/autoprintmachine.com\/1-to-6-color-automatic-uv-bottle-screen-printing-machine\/#breadcrumb\"},\"inLanguage\":\"fr-FR\",\"potentialAction\":[{\"@type\":\"ReadAction\",\"target\":[\"https:\/\/autoprintmachine.com\/1-to-6-color-automatic-uv-bottle-screen-printing-machine\/\"]}]},{\"@type\":\"ImageObject\",\"inLanguage\":\"fr-FR\",\"@id\":\"https:\/\/autoprintmachine.com\/1-to-6-color-automatic-uv-bottle-screen-printing-machine\/#primaryimage\",\"url\":\"https:\/\/autoprintmachine.com\/wp-content\/uploads\/2023\/08\/five_color_bottle_screen_printing_machine.webp\",\"contentUrl\":\"https:\/\/autoprintmachine.com\/wp-content\/uploads\/2023\/08\/five_color_bottle_screen_printing_machine.webp\",\"width\":600,\"height\":600,\"caption\":\"five_color_bottle_screen_printing_machine\"},{\"@type\":\"BreadcrumbList\",\"@id\":\"https:\/\/autoprintmachine.com\/1-to-6-color-automatic-uv-bottle-screen-printing-machine\/#breadcrumb\",\"itemListElement\":[{\"@type\":\"ListItem\",\"position\":1,\"name\":\"Home\",\"item\":\"https:\/\/autoprintmachine.com\/\"},{\"@type\":\"ListItem\",\"position\":2,\"name\":\"Products\",\"item\":\"https:\/\/autoprintmachine.com\/shop\/\"},{\"@type\":\"ListItem\",\"position\":3,\"name\":\"1 to 6 Color Automatic UV Bottle Screen Printing Machine\"}]},{\"@type\":\"WebSite\",\"@id\":\"https:\/\/autoprintmachine.com\/#website\",\"url\":\"https:\/\/autoprintmachine.com\/\",\"name\":\"\",\"description\":\"\",\"publisher\":{\"@id\":\"https:\/\/autoprintmachine.com\/#organization\"},\"potentialAction\":[{\"@type\":\"SearchAction\",\"target\":{\"@type\":\"EntryPoint\",\"urlTemplate\":\"https:\/\/autoprintmachine.com\/?s={search_term_string}\"},\"query-input\":{\"@type\":\"PropertyValueSpecification\",\"valueRequired\":true,\"valueName\":\"search_term_string\"}}],\"inLanguage\":\"fr-FR\"},{\"@type\":\"Organization\",\"@id\":\"https:\/\/autoprintmachine.com\/#organization\",\"name\":\"Dongguan Auto Print Tech Co., Ltd\",\"url\":\"https:\/\/autoprintmachine.com\/\",\"logo\":{\"@type\":\"ImageObject\",\"inLanguage\":\"fr-FR\",\"@id\":\"https:\/\/autoprintmachine.com\/#\/schema\/logo\/image\/\",\"url\":\"https:\/\/autoprintmachine.com\/wp-content\/uploads\/2023\/06\/screen_printing_logo_new.webp\",\"contentUrl\":\"https:\/\/autoprintmachine.com\/wp-content\/uploads\/2023\/06\/screen_printing_logo_new.webp\",\"width\":890,\"height\":750,\"caption\":\"Dongguan Auto Print Tech Co., Ltd\"},\"image\":{\"@id\":\"https:\/\/autoprintmachine.com\/#\/schema\/logo\/image\/\"},\"sameAs\":[\"https:\/\/www.facebook.com\/autoprinttech\/\",\"https:\/\/www.youtube.com\/channel\/UCJtPGiBbQWGE2DZLxySpCtw\"]}]}<\/script>\n<!-- \/ Yoast SEO plugin. -->","yoast_head_json":{"title":"6 Color Automatic UV Bottle Screen Printing Machine","description":"The automatic UV tumbler printer is suitable for different shapes bottles can be round, oval, and square shapes. plastic, glass, and metal are OK.","robots":{"index":"index","follow":"follow","max-snippet":"max-snippet:-1","max-image-preview":"max-image-preview:large","max-video-preview":"max-video-preview:-1"},"canonical":"https:\/\/autoprintmachine.com\/fr\/machine-de-serigraphie-automatique-pour-bouteilles-1-a-6-couleurs-par-uv\/","og_locale":"fr_FR","og_type":"article","og_title":"6 Color Automatic UV Bottle Screen Printing Machine","og_description":"The automatic UV tumbler printer is suitable for different shapes bottles can be round, oval, and square shapes. plastic, glass, and metal are OK.","og_url":"https:\/\/autoprintmachine.com\/fr\/machine-de-serigraphie-automatique-pour-bouteilles-1-a-6-couleurs-par-uv\/","article_publisher":"https:\/\/www.facebook.com\/autoprinttech\/","article_modified_time":"2025-12-30T01:37:20+00:00","og_image":[{"width":600,"height":600,"url":"https:\/\/autoprintmachine.com\/wp-content\/uploads\/2023\/08\/five_color_bottle_screen_printing_machine.webp","type":"image\/webp"}],"twitter_card":"summary_large_image","twitter_misc":{"Dur\u00e9e de lecture estim\u00e9e":"2 minutes"},"schema":{"@context":"https:\/\/schema.org","@graph":[{"@type":"WebPage","@id":"https:\/\/autoprintmachine.com\/1-to-6-color-automatic-uv-bottle-screen-printing-machine\/","url":"https:\/\/autoprintmachine.com\/1-to-6-color-automatic-uv-bottle-screen-printing-machine\/","name":"6 Color Automatic UV Bottle Screen Printing Machine","isPartOf":{"@id":"https:\/\/autoprintmachine.com\/#website"},"primaryImageOfPage":{"@id":"https:\/\/autoprintmachine.com\/1-to-6-color-automatic-uv-bottle-screen-printing-machine\/#primaryimage"},"image":{"@id":"https:\/\/autoprintmachine.com\/1-to-6-color-automatic-uv-bottle-screen-printing-machine\/#primaryimage"},"thumbnailUrl":"https:\/\/autoprintmachine.com\/wp-content\/uploads\/2023\/08\/five_color_bottle_screen_printing_machine.webp","datePublished":"2020-08-12T07:28:45+00:00","dateModified":"2025-12-30T01:37:20+00:00","description":"The automatic UV tumbler printer is suitable for different shapes bottles can be round, oval, and square shapes. plastic, glass, and metal are OK.","breadcrumb":{"@id":"https:\/\/autoprintmachine.com\/1-to-6-color-automatic-uv-bottle-screen-printing-machine\/#breadcrumb"},"inLanguage":"fr-FR","potentialAction":[{"@type":"ReadAction","target":["https:\/\/autoprintmachine.com\/1-to-6-color-automatic-uv-bottle-screen-printing-machine\/"]}]},{"@type":"ImageObject","inLanguage":"fr-FR","@id":"https:\/\/autoprintmachine.com\/1-to-6-color-automatic-uv-bottle-screen-printing-machine\/#primaryimage","url":"https:\/\/autoprintmachine.com\/wp-content\/uploads\/2023\/08\/five_color_bottle_screen_printing_machine.webp","contentUrl":"https:\/\/autoprintmachine.com\/wp-content\/uploads\/2023\/08\/five_color_bottle_screen_printing_machine.webp","width":600,"height":600,"caption":"five_color_bottle_screen_printing_machine"},{"@type":"BreadcrumbList","@id":"https:\/\/autoprintmachine.com\/1-to-6-color-automatic-uv-bottle-screen-printing-machine\/#breadcrumb","itemListElement":[{"@type":"ListItem","position":1,"name":"Home","item":"https:\/\/autoprintmachine.com\/"},{"@type":"ListItem","position":2,"name":"Products","item":"https:\/\/autoprintmachine.com\/shop\/"},{"@type":"ListItem","position":3,"name":"1 to 6 Color Automatic UV Bottle Screen Printing Machine"}]},{"@type":"WebSite","@id":"https:\/\/autoprintmachine.com\/#website","url":"https:\/\/autoprintmachine.com\/","name":"","description":"","publisher":{"@id":"https:\/\/autoprintmachine.com\/#organization"},"potentialAction":[{"@type":"SearchAction","target":{"@type":"EntryPoint","urlTemplate":"https:\/\/autoprintmachine.com\/?s={search_term_string}"},"query-input":{"@type":"PropertyValueSpecification","valueRequired":true,"valueName":"search_term_string"}}],"inLanguage":"fr-FR"},{"@type":"Organization","@id":"https:\/\/autoprintmachine.com\/#organization","name":"Dongguan Auto Print Tech Co., Ltd","url":"https:\/\/autoprintmachine.com\/","logo":{"@type":"ImageObject","inLanguage":"fr-FR","@id":"https:\/\/autoprintmachine.com\/#\/schema\/logo\/image\/","url":"https:\/\/autoprintmachine.com\/wp-content\/uploads\/2023\/06\/screen_printing_logo_new.webp","contentUrl":"https:\/\/autoprintmachine.com\/wp-content\/uploads\/2023\/06\/screen_printing_logo_new.webp","width":890,"height":750,"caption":"Dongguan Auto Print Tech Co., Ltd"},"image":{"@id":"https:\/\/autoprintmachine.com\/#\/schema\/logo\/image\/"},"sameAs":["https:\/\/www.facebook.com\/autoprinttech\/","https:\/\/www.youtube.com\/channel\/UCJtPGiBbQWGE2DZLxySpCtw"]}]}},"_links":{"self":[{"href":"https:\/\/autoprintmachine.com\/fr\/wp-json\/wp\/v2\/product\/355","targetHints":{"allow":["GET"]}}],"collection":[{"href":"https:\/\/autoprintmachine.com\/fr\/wp-json\/wp\/v2\/product"}],"about":[{"href":"https:\/\/autoprintmachine.com\/fr\/wp-json\/wp\/v2\/types\/product"}],"wp:featuredmedia":[{"embeddable":true,"href":"https:\/\/autoprintmachine.com\/fr\/wp-json\/wp\/v2\/media\/1636"}],"wp:attachment":[{"href":"https:\/\/autoprintmachine.com\/fr\/wp-json\/wp\/v2\/media?parent=355"}],"wp:term":[{"taxonomy":"product_cat","embeddable":true,"href":"https:\/\/autoprintmachine.com\/fr\/wp-json\/wp\/v2\/product_cat?post=355"}],"curies":[{"name":"wp","href":"https:\/\/api.w.org\/{rel}","templated":true}]}}