{"id":369,"date":"2020-08-14T02:29:55","date_gmt":"2020-08-14T02:29:55","guid":{"rendered":"https:\/\/onceauto.seowaimao.com\/?post_type=product&#038;p=369"},"modified":"2025-12-30T05:30:10","modified_gmt":"2025-12-30T05:30:10","slug":"machine-automatique-de-serigraphie-uv-pour-tubes-et-pots","status":"publish","type":"product","link":"https:\/\/autoprintmachine.com\/fr\/machine-automatique-de-serigraphie-uv-pour-tubes-et-pots\/","title":{"rendered":"Machine automatique de s\u00e9rigraphie UV pour tubes et pots"},"content":{"rendered":"<h2>Imprimante UV pour bouteilles Introduction :<\/h2>\n<p>La machine automatique de s\u00e9rigraphie UV AP-112 est \u00e9quip\u00e9e d'un convoyeur d'alimentation pour amener automatiquement la pi\u00e8ce sur le mandrin \u00e0 l'aide d'un bras poussoir m\u00e9canique, entra\u00een\u00e9 par une table d'indexation rotative \u00e0 12 stations mont\u00e9e verticalement \u00e0 l'aide d'un moteur d'entra\u00eenement principal italien. Ce syst\u00e8me de s\u00e9rigraphie comprend \u00e9galement 1) une station de pr\u00e9traitement \u00e0 la flamme, 2) une station de d\u00e9sionisation, 3) une station de s\u00e9rigraphie m\u00e9canique index\u00e9e, 4) une station de s\u00e9chage UV ALPHA-CURE, et 5) un convoyeur de sortie automatique.<\/p>\n<h2>Imprimante UV pour bouteilles Caract\u00e9ristiques standard :<\/h2>\n<ol>\n<li>Table rotative verticale de haute pr\u00e9cision (12 stations)<\/li>\n<li>Commande PLC OMRON avec \u00e9cran tactile<\/li>\n<li>T\u00eates d'impression synchronis\u00e9es m\u00e9caniquement pour des r\u00e9sultats d'impression pr\u00e9cis<\/li>\n<li>Convoyeur de chargement \u00e0 l'entr\u00e9e et d\u00e9chargement automatique<\/li>\n<li>Mise en place et changements rapides et faciles<\/li>\n<li>Angle et hauteur de la raclette r\u00e9glables<\/li>\n<li>Vitesse d'impression jusqu'\u00e0 80 pi\u00e8ces par minute<\/li>\n<\/ol>\n<h2>Machine d'impression UV Sp\u00e9cifications :<\/h2>\n<table width=\"588\">\n<tbody>\n<tr>\n<td width=\"320\">Mod\u00e8le<\/td>\n<td width=\"268\">AP-112<\/td>\n<\/tr>\n<tr>\n<td width=\"320\">\u00a0Couleur d'impression<\/td>\n<td width=\"268\">1 Couleur<\/td>\n<\/tr>\n<tr>\n<td width=\"320\">Imprimer la taille du produit (diam\u00e8tre x longueur) :<\/td>\n<td width=\"268\">\u00d810mm-\u00d875mm, L20mm-230mm<\/td>\n<\/tr>\n<tr>\n<td width=\"320\">Surface d'impression max :<\/td>\n<td width=\"268\">236x170mm<\/td>\n<\/tr>\n<tr>\n<td width=\"320\">Vitesse d'impression maximale :<\/td>\n<td width=\"268\">60-80 pcs\/min<\/td>\n<\/tr>\n<tr>\n<td width=\"320\">Puissance de la lampe UV :<\/td>\n<td width=\"268\">3 KW<\/td>\n<\/tr>\n<tr>\n<td width=\"320\">Alimentation \u00e9lectrique :<\/td>\n<td width=\"268\">380V\/480V triphas\u00e9 50Hz\/60Hz<\/td>\n<\/tr>\n<tr>\n<td width=\"320\">Besoin en air :<\/td>\n<td width=\"268\">5-7 BAR<\/td>\n<\/tr>\n<tr>\n<td width=\"320\">Consommation \u00e9lectrique :<\/td>\n<td width=\"268\">4,5 KW<\/td>\n<\/tr>\n<tr>\n<td width=\"320\">Dimensions de la machine (LxLxH) :<\/td>\n<td width=\"268\">1625x1200x1800mm<\/td>\n<\/tr>\n<tr>\n<td width=\"320\">Poids :<\/td>\n<td width=\"268\">1500 KG<\/td>\n<\/tr>\n<\/tbody>\n<\/table>","protected":false},"excerpt":{"rendered":"<p>La machine de s\u00e9rigraphie UV automatique AP-112 est con\u00e7ue pour les cylindres. Elle convient \u00e0 la s\u00e9rigraphie de tubes en plastique flexible ou rigide, de pots et de couvercles en plastique, de flacons m\u00e9dicaux et de seringues. Le diam\u00e8tre d'impression maximal peut atteindre 75 mm et la vitesse peut aller jusqu'\u00e0 80 pi\u00e8ces par minute, ce qui augmente consid\u00e9rablement l'efficacit\u00e9 de la production. La machine est entra\u00een\u00e9e par un moteur principal italien et dispose d'une table rotative verticale \u00e0 12 positions. Elle est contr\u00f4l\u00e9e par un automate programmable de marque, ce qui garantit des conditions de travail et d'impression extr\u00eamement stables et pr\u00e9cises.<\/p>\n<p>Changement rapide et fonctionnement facile. Ce syst\u00e8me de s\u00e9rigraphie automatique est largement utilis\u00e9 dans les secteurs de la m\u00e9decine, des cosm\u00e9tiques, de l'emballage plastique, etc.<\/p>","protected":false},"featured_media":1643,"template":"","meta":[],"product_brand":[],"product_cat":[18],"product_tag":[],"class_list":{"0":"post-369","1":"product","2":"type-product","3":"status-publish","4":"has-post-thumbnail","6":"product_cat-automatic-uv-screen-printing-equipment","8":"first","9":"instock","10":"shipping-taxable","11":"product-type-simple"},"yoast_head":"<!-- This site is optimized with the Yoast SEO plugin v27.4 - https:\/\/yoast.com\/product\/yoast-seo-wordpress\/ -->\n<title>Automatic UV Screen Printing Machine for Tube and Jar<\/title>\n<meta name=\"description\" content=\"The machine equiped with the infeed conveyor for automatically feeding the part onto the mandrel with an mechanical push arm.\" \/>\n<meta name=\"robots\" content=\"index, follow, max-snippet:-1, max-image-preview:large, max-video-preview:-1\" \/>\n<link rel=\"canonical\" href=\"https:\/\/autoprintmachine.com\/fr\/machine-automatique-de-serigraphie-uv-pour-tubes-et-pots\/\" \/>\n<meta property=\"og:locale\" content=\"fr_FR\" \/>\n<meta property=\"og:type\" content=\"article\" \/>\n<meta property=\"og:title\" content=\"Automatic UV Screen Printing Machine for Tube and Jar\" \/>\n<meta property=\"og:description\" content=\"The machine equiped with the infeed conveyor for automatically feeding the part onto the mandrel with an mechanical push arm.\" \/>\n<meta property=\"og:url\" content=\"https:\/\/autoprintmachine.com\/fr\/machine-automatique-de-serigraphie-uv-pour-tubes-et-pots\/\" \/>\n<meta property=\"article:publisher\" content=\"https:\/\/www.facebook.com\/autoprinttech\/\" \/>\n<meta property=\"article:modified_time\" content=\"2025-12-30T05:30:10+00:00\" \/>\n<meta property=\"og:image\" content=\"https:\/\/autoprintmachine.com\/wp-content\/uploads\/2023\/08\/tube_screen_printing_machine.webp\" \/>\n\t<meta property=\"og:image:width\" content=\"600\" \/>\n\t<meta property=\"og:image:height\" content=\"600\" \/>\n\t<meta property=\"og:image:type\" content=\"image\/webp\" \/>\n<meta name=\"twitter:card\" content=\"summary_large_image\" \/>\n<meta name=\"twitter:label1\" content=\"Est. reading time\" \/>\n\t<meta name=\"twitter:data1\" content=\"1 minute\" \/>\n<script type=\"application\/ld+json\" class=\"yoast-schema-graph\">{\"@context\":\"https:\\\/\\\/schema.org\",\"@graph\":[{\"@type\":\"WebPage\",\"@id\":\"https:\\\/\\\/autoprintmachine.com\\\/automatic-uv-screen-printing-machine-for-tube-and-jar\\\/\",\"url\":\"https:\\\/\\\/autoprintmachine.com\\\/automatic-uv-screen-printing-machine-for-tube-and-jar\\\/\",\"name\":\"Automatic UV Screen Printing Machine for Tube and Jar\",\"isPartOf\":{\"@id\":\"https:\\\/\\\/autoprintmachine.com\\\/#website\"},\"primaryImageOfPage\":{\"@id\":\"https:\\\/\\\/autoprintmachine.com\\\/automatic-uv-screen-printing-machine-for-tube-and-jar\\\/#primaryimage\"},\"image\":{\"@id\":\"https:\\\/\\\/autoprintmachine.com\\\/automatic-uv-screen-printing-machine-for-tube-and-jar\\\/#primaryimage\"},\"thumbnailUrl\":\"https:\\\/\\\/autoprintmachine.com\\\/wp-content\\\/uploads\\\/2023\\\/08\\\/tube_screen_printing_machine.webp\",\"datePublished\":\"2020-08-14T02:29:55+00:00\",\"dateModified\":\"2025-12-30T05:30:10+00:00\",\"description\":\"The machine equiped with the infeed conveyor for automatically feeding the part onto the mandrel with an mechanical push arm.\",\"breadcrumb\":{\"@id\":\"https:\\\/\\\/autoprintmachine.com\\\/automatic-uv-screen-printing-machine-for-tube-and-jar\\\/#breadcrumb\"},\"inLanguage\":\"fr-FR\",\"potentialAction\":[{\"@type\":\"ReadAction\",\"target\":[\"https:\\\/\\\/autoprintmachine.com\\\/automatic-uv-screen-printing-machine-for-tube-and-jar\\\/\"]}]},{\"@type\":\"ImageObject\",\"inLanguage\":\"fr-FR\",\"@id\":\"https:\\\/\\\/autoprintmachine.com\\\/automatic-uv-screen-printing-machine-for-tube-and-jar\\\/#primaryimage\",\"url\":\"https:\\\/\\\/autoprintmachine.com\\\/wp-content\\\/uploads\\\/2023\\\/08\\\/tube_screen_printing_machine.webp\",\"contentUrl\":\"https:\\\/\\\/autoprintmachine.com\\\/wp-content\\\/uploads\\\/2023\\\/08\\\/tube_screen_printing_machine.webp\",\"width\":600,\"height\":600,\"caption\":\"tube_screen_printing_machine\"},{\"@type\":\"BreadcrumbList\",\"@id\":\"https:\\\/\\\/autoprintmachine.com\\\/automatic-uv-screen-printing-machine-for-tube-and-jar\\\/#breadcrumb\",\"itemListElement\":[{\"@type\":\"ListItem\",\"position\":1,\"name\":\"Home\",\"item\":\"https:\\\/\\\/autoprintmachine.com\\\/\"},{\"@type\":\"ListItem\",\"position\":2,\"name\":\"Products\",\"item\":\"https:\\\/\\\/autoprintmachine.com\\\/shop\\\/\"},{\"@type\":\"ListItem\",\"position\":3,\"name\":\"Automatic UV Screen Printing Machine for Tube and Jar\"}]},{\"@type\":\"WebSite\",\"@id\":\"https:\\\/\\\/autoprintmachine.com\\\/#website\",\"url\":\"https:\\\/\\\/autoprintmachine.com\\\/\",\"name\":\"\",\"description\":\"\",\"publisher\":{\"@id\":\"https:\\\/\\\/autoprintmachine.com\\\/#organization\"},\"potentialAction\":[{\"@type\":\"SearchAction\",\"target\":{\"@type\":\"EntryPoint\",\"urlTemplate\":\"https:\\\/\\\/autoprintmachine.com\\\/?s={search_term_string}\"},\"query-input\":{\"@type\":\"PropertyValueSpecification\",\"valueRequired\":true,\"valueName\":\"search_term_string\"}}],\"inLanguage\":\"fr-FR\"},{\"@type\":\"Organization\",\"@id\":\"https:\\\/\\\/autoprintmachine.com\\\/#organization\",\"name\":\"Dongguan Auto Print Tech Co., Ltd\",\"url\":\"https:\\\/\\\/autoprintmachine.com\\\/\",\"logo\":{\"@type\":\"ImageObject\",\"inLanguage\":\"fr-FR\",\"@id\":\"https:\\\/\\\/autoprintmachine.com\\\/#\\\/schema\\\/logo\\\/image\\\/\",\"url\":\"https:\\\/\\\/autoprintmachine.com\\\/wp-content\\\/uploads\\\/2023\\\/06\\\/screen_printing_logo_new.webp\",\"contentUrl\":\"https:\\\/\\\/autoprintmachine.com\\\/wp-content\\\/uploads\\\/2023\\\/06\\\/screen_printing_logo_new.webp\",\"width\":890,\"height\":750,\"caption\":\"Dongguan Auto Print Tech Co., Ltd\"},\"image\":{\"@id\":\"https:\\\/\\\/autoprintmachine.com\\\/#\\\/schema\\\/logo\\\/image\\\/\"},\"sameAs\":[\"https:\\\/\\\/www.facebook.com\\\/autoprinttech\\\/\",\"https:\\\/\\\/www.youtube.com\\\/channel\\\/UCJtPGiBbQWGE2DZLxySpCtw\"]}]}<\/script>\n<!-- \/ Yoast SEO plugin. -->","yoast_head_json":{"title":"Machine automatique de s\u00e9rigraphie UV pour tubes et pots","description":"La machine est \u00e9quip\u00e9e d'un convoyeur d'alimentation permettant d'introduire automatiquement la pi\u00e8ce sur le mandrin \u00e0 l'aide d'un bras de pouss\u00e9e m\u00e9canique.","robots":{"index":"index","follow":"follow","max-snippet":"max-snippet:-1","max-image-preview":"max-image-preview:large","max-video-preview":"max-video-preview:-1"},"canonical":"https:\/\/autoprintmachine.com\/fr\/machine-automatique-de-serigraphie-uv-pour-tubes-et-pots\/","og_locale":"fr_FR","og_type":"article","og_title":"Automatic UV Screen Printing Machine for Tube and Jar","og_description":"The machine equiped with the infeed conveyor for automatically feeding the part onto the mandrel with an mechanical push arm.","og_url":"https:\/\/autoprintmachine.com\/fr\/machine-automatique-de-serigraphie-uv-pour-tubes-et-pots\/","article_publisher":"https:\/\/www.facebook.com\/autoprinttech\/","article_modified_time":"2025-12-30T05:30:10+00:00","og_image":[{"width":600,"height":600,"url":"https:\/\/autoprintmachine.com\/wp-content\/uploads\/2023\/08\/tube_screen_printing_machine.webp","type":"image\/webp"}],"twitter_card":"summary_large_image","twitter_misc":{"Est. reading time":"1 minute"},"schema":{"@context":"https:\/\/schema.org","@graph":[{"@type":"WebPage","@id":"https:\/\/autoprintmachine.com\/automatic-uv-screen-printing-machine-for-tube-and-jar\/","url":"https:\/\/autoprintmachine.com\/automatic-uv-screen-printing-machine-for-tube-and-jar\/","name":"Machine automatique de s\u00e9rigraphie UV pour tubes et pots","isPartOf":{"@id":"https:\/\/autoprintmachine.com\/#website"},"primaryImageOfPage":{"@id":"https:\/\/autoprintmachine.com\/automatic-uv-screen-printing-machine-for-tube-and-jar\/#primaryimage"},"image":{"@id":"https:\/\/autoprintmachine.com\/automatic-uv-screen-printing-machine-for-tube-and-jar\/#primaryimage"},"thumbnailUrl":"https:\/\/autoprintmachine.com\/wp-content\/uploads\/2023\/08\/tube_screen_printing_machine.webp","datePublished":"2020-08-14T02:29:55+00:00","dateModified":"2025-12-30T05:30:10+00:00","description":"La machine est \u00e9quip\u00e9e d'un convoyeur d'alimentation permettant d'introduire automatiquement la pi\u00e8ce sur le mandrin \u00e0 l'aide d'un bras de pouss\u00e9e m\u00e9canique.","breadcrumb":{"@id":"https:\/\/autoprintmachine.com\/automatic-uv-screen-printing-machine-for-tube-and-jar\/#breadcrumb"},"inLanguage":"fr-FR","potentialAction":[{"@type":"ReadAction","target":["https:\/\/autoprintmachine.com\/automatic-uv-screen-printing-machine-for-tube-and-jar\/"]}]},{"@type":"ImageObject","inLanguage":"fr-FR","@id":"https:\/\/autoprintmachine.com\/automatic-uv-screen-printing-machine-for-tube-and-jar\/#primaryimage","url":"https:\/\/autoprintmachine.com\/wp-content\/uploads\/2023\/08\/tube_screen_printing_machine.webp","contentUrl":"https:\/\/autoprintmachine.com\/wp-content\/uploads\/2023\/08\/tube_screen_printing_machine.webp","width":600,"height":600,"caption":"tube_screen_printing_machine"},{"@type":"BreadcrumbList","@id":"https:\/\/autoprintmachine.com\/automatic-uv-screen-printing-machine-for-tube-and-jar\/#breadcrumb","itemListElement":[{"@type":"ListItem","position":1,"name":"Home","item":"https:\/\/autoprintmachine.com\/"},{"@type":"ListItem","position":2,"name":"Products","item":"https:\/\/autoprintmachine.com\/shop\/"},{"@type":"ListItem","position":3,"name":"Automatic UV Screen Printing Machine for Tube and Jar"}]},{"@type":"WebSite","@id":"https:\/\/autoprintmachine.com\/#website","url":"https:\/\/autoprintmachine.com\/","name":"","description":"","publisher":{"@id":"https:\/\/autoprintmachine.com\/#organization"},"potentialAction":[{"@type":"SearchAction","target":{"@type":"EntryPoint","urlTemplate":"https:\/\/autoprintmachine.com\/?s={search_term_string}"},"query-input":{"@type":"PropertyValueSpecification","valueRequired":true,"valueName":"search_term_string"}}],"inLanguage":"fr-FR"},{"@type":"Organization","@id":"https:\/\/autoprintmachine.com\/#organization","name":"Dongguan Auto Print Tech Co. Ltd","url":"https:\/\/autoprintmachine.com\/","logo":{"@type":"ImageObject","inLanguage":"fr-FR","@id":"https:\/\/autoprintmachine.com\/#\/schema\/logo\/image\/","url":"https:\/\/autoprintmachine.com\/wp-content\/uploads\/2023\/06\/screen_printing_logo_new.webp","contentUrl":"https:\/\/autoprintmachine.com\/wp-content\/uploads\/2023\/06\/screen_printing_logo_new.webp","width":890,"height":750,"caption":"Dongguan Auto Print Tech Co., Ltd"},"image":{"@id":"https:\/\/autoprintmachine.com\/#\/schema\/logo\/image\/"},"sameAs":["https:\/\/www.facebook.com\/autoprinttech\/","https:\/\/www.youtube.com\/channel\/UCJtPGiBbQWGE2DZLxySpCtw"]}]}},"_links":{"self":[{"href":"https:\/\/autoprintmachine.com\/fr\/wp-json\/wp\/v2\/product\/369","targetHints":{"allow":["GET"]}}],"collection":[{"href":"https:\/\/autoprintmachine.com\/fr\/wp-json\/wp\/v2\/product"}],"about":[{"href":"https:\/\/autoprintmachine.com\/fr\/wp-json\/wp\/v2\/types\/product"}],"wp:featuredmedia":[{"embeddable":true,"href":"https:\/\/autoprintmachine.com\/fr\/wp-json\/wp\/v2\/media\/1643"}],"wp:attachment":[{"href":"https:\/\/autoprintmachine.com\/fr\/wp-json\/wp\/v2\/media?parent=369"}],"wp:term":[{"taxonomy":"product_brand","embeddable":true,"href":"https:\/\/autoprintmachine.com\/fr\/wp-json\/wp\/v2\/product_brand?post=369"},{"taxonomy":"product_cat","embeddable":true,"href":"https:\/\/autoprintmachine.com\/fr\/wp-json\/wp\/v2\/product_cat?post=369"},{"taxonomy":"product_tag","embeddable":true,"href":"https:\/\/autoprintmachine.com\/fr\/wp-json\/wp\/v2\/product_tag?post=369"}],"curies":[{"name":"wp","href":"https:\/\/api.w.org\/{rel}","templated":true}]}}