{"id":376,"date":"2020-08-14T06:46:21","date_gmt":"2020-08-14T06:46:21","guid":{"rendered":"https:\/\/onceauto.seowaimao.com\/?post_type=product&#038;p=376"},"modified":"2025-12-30T08:29:52","modified_gmt":"2025-12-30T08:29:52","slug":"automatic-uv-screen-printing-machine-for-bucket","status":"publish","type":"product","link":"https:\/\/autoprintmachine.com\/fr\/machine-automatique-de-serigraphie-uv-pour-seau\/","title":{"rendered":"Machine automatique de s\u00e9rigraphie UV pour seaux"},"content":{"rendered":"<section class=\"section\" id=\"section_935080128\">\n\t\t<div class=\"section-bg fill\" >\n\t\t\t\t\t\t\t\t\t\n\t\t\t\n\n\t\t<\/div>\n\n\t\t\n\n\t\t<div class=\"section-content relative\">\n\t\t\t\n<div class=\"row\"  id=\"row-1500961005\">\n\n\t<div id=\"col-1995597779\" class=\"col small-12 large-12\"  >\n\t\t\t\t<div class=\"col-inner\"  >\n\t\t\t\n\t\t\t\n<h2>Imprimante UV pour bouteilles Introduction :<\/h2>\n<p>La machine de s\u00e9rigraphie UV automatique AP-350 est une ligne de s\u00e9rigraphie qui peut aller de 1 couleur \u00e0 6 couleurs. Cette machine est \u00e9quip\u00e9e d'une poutre de marche m\u00e9canique de pr\u00e9cision pour transporter les pi\u00e8ces avec exactitude. Lorsque les godets sont plac\u00e9s dans des fixations usin\u00e9es avec pr\u00e9cision, ils sont directement entra\u00een\u00e9s et tournent avec pr\u00e9cision pendant l'impression. Cet \u00e9quipement de s\u00e9rigraphie UV est enti\u00e8rement m\u00e9canique et utilise le moteur principal de la marque italienne avec un contr\u00f4le PLC de tous les mouvements.<\/p>\n<p>De plus, un capteur \"pas de pi\u00e8ce, pas d'impression\" emp\u00eache la raclette de bouger lorsqu'aucun godet n'est charg\u00e9. La machine est solidement construite avec des dispositifs d'usinage de haute pr\u00e9cision. Cette machine offre un rep\u00e9rage pr\u00e9cis d'une couleur \u00e0 l'autre lors de l'impression multicolore. L'\u00e9quipement de s\u00e9rigraphie UV AP-350 est dot\u00e9 de t\u00eates de traitement \u00e0 la flamme et d'un syst\u00e8me de s\u00e9chage UV haute puissance. Il est largement utilis\u00e9 pour les seaux, les pails, les bouteilles de 5 gallons et les conteneurs, etc.<\/p>\n<h2>Machine d'impression UV Caract\u00e9ristiques :<\/h2>\n<ol>\n<li>\u00c9quipement de s\u00e9rigraphie UV automatique de 1 \u00e0 6 couleurs<\/li>\n<li>Vitesse d'impression jusqu'\u00e0 22 bouteilles par minute<\/li>\n<li>Impressions sur les grands seaux et godets<\/li>\n<li>Poutre de marche m\u00e9canique index\u00e9e<\/li>\n<li>Puissance de s\u00e9chage UV \u00e0 haute intensit\u00e9 (5KW)<\/li>\n<li>Contr\u00f4le PLC Omron avec \u00e9cran tactile<\/li>\n<\/ol>\n<h2><\/h2>\n<h2>Machine d'impression de bouteilles UV Sp\u00e9cifications :<\/h2>\n<table width=\"635\">\n<tbody>\n<tr>\n<td colspan=\"2\" width=\"275\"><span style=\"font-size: 14.4px;\">Mod\u00e8le<\/span><\/td>\n<td width=\"360\">AP-350<\/td>\n<\/tr>\n<tr>\n<td colspan=\"2\" width=\"275\"><span style=\"font-size: 14.4px;\">Taille du seau :<\/span><\/td>\n<td width=\"360\"><span style=\"font-size: 14.4px;\">Diam\u00e8tre : \u00d8150-350mm, Hauteur : 200-400mm<\/span><\/td>\n<\/tr>\n<tr>\n<td colspan=\"2\" width=\"275\"><span style=\"font-size: 14.4px;\">Surface d'impression max :<\/span><\/td>\n<td width=\"360\"><span style=\"font-size: 14.4px;\">L900 x L250mm<\/span><\/td>\n<\/tr>\n<tr>\n<td colspan=\"2\" width=\"275\"><span style=\"font-size: 14.4px;\">Capacit\u00e9 d'impression :<\/span><\/td>\n<td width=\"360\"><span style=\"font-size: 14.4px;\">Jusqu'\u00e0 22 PCS\/MIN<\/span><\/td>\n<\/tr>\n<tr>\n<td colspan=\"2\" width=\"275\"><span style=\"font-size: 14.4px;\">Puissance de la lampe UV :<\/span><\/td>\n<td width=\"360\"><span style=\"font-size: 14.4px;\">5 KW\/UNIT\u00c9<\/span><\/td>\n<\/tr>\n<tr>\n<td colspan=\"2\" width=\"275\"><span style=\"font-size: 14.4px;\">\u00c9lectrique :<\/span><\/td>\n<td width=\"360\"><span style=\"font-size: 14.4px;\">380V\/480V triphas\u00e9 50\/60Hz<\/span><\/td>\n<\/tr>\n<tr>\n<td colspan=\"2\" width=\"275\"><span style=\"font-size: 14.4px;\">Besoin en air :<\/span><\/td>\n<td width=\"360\"><span style=\"font-size: 14.4px;\">5-7 BAR<\/span><\/td>\n<\/tr>\n<tr>\n<td colspan=\"2\" width=\"275\"><span style=\"font-size: 14.4px;\">Consommation \u00e9lectrique :<\/span><\/td>\n<td width=\"360\"><span style=\"font-size: 14.4px;\">20 KW\/UNIT\u00c9<\/span><\/td>\n<\/tr>\n<tr>\n<td colspan=\"2\" width=\"275\"><span style=\"font-size: 14.4px;\">Poids :<\/span><\/td>\n<td width=\"360\"><span style=\"font-size: 14.4px;\">2500 KG<\/span><\/td>\n<\/tr>\n<\/tbody>\n<\/table>\n\t\t<\/div>\n\t\t\t\t\t<\/div>\n\n\t\n<\/div>\n\t\t<\/div>\n\n\t\t\n<style>\n#section_935080128 {\n  padding-top: 30px;\n  padding-bottom: 30px;\n}\n<\/style>\n\t<\/section>\n\t\n\n\t<section class=\"section\" id=\"section_607801011\">\n\t\t<div class=\"section-bg fill\" >\n\t\t\t\t\t\t\t\t\t\n\t\t\t\n\n\t\t<\/div>\n\n\t\t\n\n\t\t<div class=\"section-content relative\">\n\t\t\t\n<div class=\"row\"  id=\"row-115921444\">\n\n\t<div id=\"col-104604108\" class=\"col small-12 large-12\"  >\n\t\t\t\t<div class=\"col-inner\"  >\n\t\t\t\n\t\t\t\n<h2>Pr\u00e9sentation vid\u00e9o des produits<\/h2>\n<div class=\"video video-fit mb\" style=\"padding-top:56.25%;\"><p><iframe loading=\"lazy\" title=\"Machine automatique de s\u00e9rigraphie UV \u00e0 godets AP-350-4C\" width=\"1020\" height=\"574\" src=\"https:\/\/www.youtube.com\/embed\/GUUgpCzwnWM?feature=oembed\" frameborder=\"0\" allow=\"accelerometer; autoplay; clipboard-write; encrypted-media; gyroscope; picture-in-picture; web-share\" referrerpolicy=\"strict-origin-when-cross-origin\" allowfullscreen><\/iframe><\/p>\n<\/div>\n\t\t<\/div>\n\t\t\t\t\t<\/div>\n\n\t\n<\/div>\n\t\t<\/div>\n\n\t\t\n<style>\n#section_607801011 {\n  padding-top: 30px;\n  padding-bottom: 30px;\n}\n<\/style>\n\t<\/section>","protected":false},"excerpt":{"rendered":"<p>La machine de s\u00e9rigraphie UV automatique de la s\u00e9rie AP-350 est une ligne de s\u00e9rigraphie automatique de 1 \u00e0 6 couleurs. Cette machine de s\u00e9rigraphie est dot\u00e9e d'un processus d'impression complet. Elle comprend un convoyeur d'alimentation automatique, un ramassage automatique, un traitement \u00e0 la flamme, une s\u00e9rigraphie, un s\u00e9chage UV et un convoyeur de sortie automatique.<\/p>\n<p>La machine est enti\u00e8rement m\u00e9canique et entra\u00een\u00e9e par un moteur principal de marque italienne ; un automate programmable avec \u00e9cran tactile contr\u00f4le tous les mouvements. Cette s\u00e9rie de machines excelle dans la pr\u00e9cision de l'impression et le rep\u00e9rage couleur par couleur. Cette machine est largement utilis\u00e9e pour l'impression de seaux, de chaudi\u00e8res et de conteneurs de 5 gallons.<\/p>","protected":false},"featured_media":377,"template":"","meta":[],"product_cat":[18],"class_list":{"0":"post-376","1":"product","2":"type-product","3":"status-publish","4":"has-post-thumbnail","6":"product_cat-automatic-uv-screen-printing-equipment","8":"first","9":"instock","10":"shipping-taxable","11":"product-type-simple"},"acf":[],"yoast_head":"<!-- This site is optimized with the Yoast SEO plugin v23.9 - https:\/\/yoast.com\/wordpress\/plugins\/seo\/ -->\n<title>Automatic UV Screen Printing Machine for Bucket<\/title>\n<meta name=\"description\" content=\"The machine is an screen printing line can be with from 1 color to 6 color widely used in bucket, pail, 5 gallon bottle &amp; container, etc.\" \/>\n<meta name=\"robots\" content=\"index, follow, max-snippet:-1, max-image-preview:large, max-video-preview:-1\" \/>\n<link rel=\"canonical\" href=\"https:\/\/autoprintmachine.com\/fr\/machine-automatique-de-serigraphie-uv-pour-seau\/\" \/>\n<meta property=\"og:locale\" content=\"fr_FR\" \/>\n<meta property=\"og:type\" content=\"article\" \/>\n<meta property=\"og:title\" content=\"Automatic UV Screen Printing Machine for Bucket\" \/>\n<meta property=\"og:description\" content=\"The machine is an screen printing line can be with from 1 color to 6 color widely used in bucket, pail, 5 gallon bottle &amp; container, etc.\" \/>\n<meta property=\"og:url\" content=\"https:\/\/autoprintmachine.com\/fr\/machine-automatique-de-serigraphie-uv-pour-seau\/\" \/>\n<meta property=\"article:publisher\" content=\"https:\/\/www.facebook.com\/autoprinttech\/\" \/>\n<meta property=\"article:modified_time\" content=\"2025-12-30T08:29:52+00:00\" \/>\n<meta property=\"og:image\" content=\"https:\/\/autoprintmachine.com\/wp-content\/uploads\/2020\/08\/OS-1000.jpg\" \/>\n\t<meta property=\"og:image:width\" content=\"600\" \/>\n\t<meta property=\"og:image:height\" content=\"600\" \/>\n\t<meta property=\"og:image:type\" content=\"image\/jpeg\" \/>\n<meta name=\"twitter:card\" content=\"summary_large_image\" \/>\n<meta name=\"twitter:label1\" content=\"Dur\u00e9e de lecture estim\u00e9e\" \/>\n\t<meta name=\"twitter:data1\" content=\"2 minutes\" \/>\n<script type=\"application\/ld+json\" class=\"yoast-schema-graph\">{\"@context\":\"https:\/\/schema.org\",\"@graph\":[{\"@type\":\"WebPage\",\"@id\":\"https:\/\/autoprintmachine.com\/automatic-uv-screen-printing-machine-for-bucket\/\",\"url\":\"https:\/\/autoprintmachine.com\/automatic-uv-screen-printing-machine-for-bucket\/\",\"name\":\"Automatic UV Screen Printing Machine for Bucket\",\"isPartOf\":{\"@id\":\"https:\/\/autoprintmachine.com\/#website\"},\"primaryImageOfPage\":{\"@id\":\"https:\/\/autoprintmachine.com\/automatic-uv-screen-printing-machine-for-bucket\/#primaryimage\"},\"image\":{\"@id\":\"https:\/\/autoprintmachine.com\/automatic-uv-screen-printing-machine-for-bucket\/#primaryimage\"},\"thumbnailUrl\":\"https:\/\/autoprintmachine.com\/wp-content\/uploads\/2020\/08\/OS-1000.jpg\",\"datePublished\":\"2020-08-14T06:46:21+00:00\",\"dateModified\":\"2025-12-30T08:29:52+00:00\",\"description\":\"The machine is an screen printing line can be with from 1 color to 6 color widely used in bucket, pail, 5 gallon bottle & container, etc.\",\"breadcrumb\":{\"@id\":\"https:\/\/autoprintmachine.com\/automatic-uv-screen-printing-machine-for-bucket\/#breadcrumb\"},\"inLanguage\":\"fr-FR\",\"potentialAction\":[{\"@type\":\"ReadAction\",\"target\":[\"https:\/\/autoprintmachine.com\/automatic-uv-screen-printing-machine-for-bucket\/\"]}]},{\"@type\":\"ImageObject\",\"inLanguage\":\"fr-FR\",\"@id\":\"https:\/\/autoprintmachine.com\/automatic-uv-screen-printing-machine-for-bucket\/#primaryimage\",\"url\":\"https:\/\/autoprintmachine.com\/wp-content\/uploads\/2020\/08\/OS-1000.jpg\",\"contentUrl\":\"https:\/\/autoprintmachine.com\/wp-content\/uploads\/2020\/08\/OS-1000.jpg\",\"width\":600,\"height\":600},{\"@type\":\"BreadcrumbList\",\"@id\":\"https:\/\/autoprintmachine.com\/automatic-uv-screen-printing-machine-for-bucket\/#breadcrumb\",\"itemListElement\":[{\"@type\":\"ListItem\",\"position\":1,\"name\":\"Home\",\"item\":\"https:\/\/autoprintmachine.com\/\"},{\"@type\":\"ListItem\",\"position\":2,\"name\":\"Products\",\"item\":\"https:\/\/autoprintmachine.com\/shop\/\"},{\"@type\":\"ListItem\",\"position\":3,\"name\":\"Automatic UV Screen Printing Machine for Bucket\"}]},{\"@type\":\"WebSite\",\"@id\":\"https:\/\/autoprintmachine.com\/#website\",\"url\":\"https:\/\/autoprintmachine.com\/\",\"name\":\"\",\"description\":\"\",\"publisher\":{\"@id\":\"https:\/\/autoprintmachine.com\/#organization\"},\"potentialAction\":[{\"@type\":\"SearchAction\",\"target\":{\"@type\":\"EntryPoint\",\"urlTemplate\":\"https:\/\/autoprintmachine.com\/?s={search_term_string}\"},\"query-input\":{\"@type\":\"PropertyValueSpecification\",\"valueRequired\":true,\"valueName\":\"search_term_string\"}}],\"inLanguage\":\"fr-FR\"},{\"@type\":\"Organization\",\"@id\":\"https:\/\/autoprintmachine.com\/#organization\",\"name\":\"Dongguan Auto Print Tech Co., Ltd\",\"url\":\"https:\/\/autoprintmachine.com\/\",\"logo\":{\"@type\":\"ImageObject\",\"inLanguage\":\"fr-FR\",\"@id\":\"https:\/\/autoprintmachine.com\/#\/schema\/logo\/image\/\",\"url\":\"https:\/\/autoprintmachine.com\/wp-content\/uploads\/2023\/06\/screen_printing_logo_new.webp\",\"contentUrl\":\"https:\/\/autoprintmachine.com\/wp-content\/uploads\/2023\/06\/screen_printing_logo_new.webp\",\"width\":890,\"height\":750,\"caption\":\"Dongguan Auto Print Tech Co., Ltd\"},\"image\":{\"@id\":\"https:\/\/autoprintmachine.com\/#\/schema\/logo\/image\/\"},\"sameAs\":[\"https:\/\/www.facebook.com\/autoprinttech\/\",\"https:\/\/www.youtube.com\/channel\/UCJtPGiBbQWGE2DZLxySpCtw\"]}]}<\/script>\n<!-- \/ Yoast SEO plugin. -->","yoast_head_json":{"title":"Automatic UV Screen Printing Machine for Bucket","description":"The machine is an screen printing line can be with from 1 color to 6 color widely used in bucket, pail, 5 gallon bottle & container, etc.","robots":{"index":"index","follow":"follow","max-snippet":"max-snippet:-1","max-image-preview":"max-image-preview:large","max-video-preview":"max-video-preview:-1"},"canonical":"https:\/\/autoprintmachine.com\/fr\/machine-automatique-de-serigraphie-uv-pour-seau\/","og_locale":"fr_FR","og_type":"article","og_title":"Automatic UV Screen Printing Machine for Bucket","og_description":"The machine is an screen printing line can be with from 1 color to 6 color widely used in bucket, pail, 5 gallon bottle & container, etc.","og_url":"https:\/\/autoprintmachine.com\/fr\/machine-automatique-de-serigraphie-uv-pour-seau\/","article_publisher":"https:\/\/www.facebook.com\/autoprinttech\/","article_modified_time":"2025-12-30T08:29:52+00:00","og_image":[{"width":600,"height":600,"url":"https:\/\/autoprintmachine.com\/wp-content\/uploads\/2020\/08\/OS-1000.jpg","type":"image\/jpeg"}],"twitter_card":"summary_large_image","twitter_misc":{"Dur\u00e9e de lecture estim\u00e9e":"2 minutes"},"schema":{"@context":"https:\/\/schema.org","@graph":[{"@type":"WebPage","@id":"https:\/\/autoprintmachine.com\/automatic-uv-screen-printing-machine-for-bucket\/","url":"https:\/\/autoprintmachine.com\/automatic-uv-screen-printing-machine-for-bucket\/","name":"Automatic UV Screen Printing Machine for Bucket","isPartOf":{"@id":"https:\/\/autoprintmachine.com\/#website"},"primaryImageOfPage":{"@id":"https:\/\/autoprintmachine.com\/automatic-uv-screen-printing-machine-for-bucket\/#primaryimage"},"image":{"@id":"https:\/\/autoprintmachine.com\/automatic-uv-screen-printing-machine-for-bucket\/#primaryimage"},"thumbnailUrl":"https:\/\/autoprintmachine.com\/wp-content\/uploads\/2020\/08\/OS-1000.jpg","datePublished":"2020-08-14T06:46:21+00:00","dateModified":"2025-12-30T08:29:52+00:00","description":"The machine is an screen printing line can be with from 1 color to 6 color widely used in bucket, pail, 5 gallon bottle & container, etc.","breadcrumb":{"@id":"https:\/\/autoprintmachine.com\/automatic-uv-screen-printing-machine-for-bucket\/#breadcrumb"},"inLanguage":"fr-FR","potentialAction":[{"@type":"ReadAction","target":["https:\/\/autoprintmachine.com\/automatic-uv-screen-printing-machine-for-bucket\/"]}]},{"@type":"ImageObject","inLanguage":"fr-FR","@id":"https:\/\/autoprintmachine.com\/automatic-uv-screen-printing-machine-for-bucket\/#primaryimage","url":"https:\/\/autoprintmachine.com\/wp-content\/uploads\/2020\/08\/OS-1000.jpg","contentUrl":"https:\/\/autoprintmachine.com\/wp-content\/uploads\/2020\/08\/OS-1000.jpg","width":600,"height":600},{"@type":"BreadcrumbList","@id":"https:\/\/autoprintmachine.com\/automatic-uv-screen-printing-machine-for-bucket\/#breadcrumb","itemListElement":[{"@type":"ListItem","position":1,"name":"Home","item":"https:\/\/autoprintmachine.com\/"},{"@type":"ListItem","position":2,"name":"Products","item":"https:\/\/autoprintmachine.com\/shop\/"},{"@type":"ListItem","position":3,"name":"Automatic UV Screen Printing Machine for Bucket"}]},{"@type":"WebSite","@id":"https:\/\/autoprintmachine.com\/#website","url":"https:\/\/autoprintmachine.com\/","name":"","description":"","publisher":{"@id":"https:\/\/autoprintmachine.com\/#organization"},"potentialAction":[{"@type":"SearchAction","target":{"@type":"EntryPoint","urlTemplate":"https:\/\/autoprintmachine.com\/?s={search_term_string}"},"query-input":{"@type":"PropertyValueSpecification","valueRequired":true,"valueName":"search_term_string"}}],"inLanguage":"fr-FR"},{"@type":"Organization","@id":"https:\/\/autoprintmachine.com\/#organization","name":"Dongguan Auto Print Tech Co., Ltd","url":"https:\/\/autoprintmachine.com\/","logo":{"@type":"ImageObject","inLanguage":"fr-FR","@id":"https:\/\/autoprintmachine.com\/#\/schema\/logo\/image\/","url":"https:\/\/autoprintmachine.com\/wp-content\/uploads\/2023\/06\/screen_printing_logo_new.webp","contentUrl":"https:\/\/autoprintmachine.com\/wp-content\/uploads\/2023\/06\/screen_printing_logo_new.webp","width":890,"height":750,"caption":"Dongguan Auto Print Tech Co., Ltd"},"image":{"@id":"https:\/\/autoprintmachine.com\/#\/schema\/logo\/image\/"},"sameAs":["https:\/\/www.facebook.com\/autoprinttech\/","https:\/\/www.youtube.com\/channel\/UCJtPGiBbQWGE2DZLxySpCtw"]}]}},"_links":{"self":[{"href":"https:\/\/autoprintmachine.com\/fr\/wp-json\/wp\/v2\/product\/376","targetHints":{"allow":["GET"]}}],"collection":[{"href":"https:\/\/autoprintmachine.com\/fr\/wp-json\/wp\/v2\/product"}],"about":[{"href":"https:\/\/autoprintmachine.com\/fr\/wp-json\/wp\/v2\/types\/product"}],"wp:featuredmedia":[{"embeddable":true,"href":"https:\/\/autoprintmachine.com\/fr\/wp-json\/wp\/v2\/media\/377"}],"wp:attachment":[{"href":"https:\/\/autoprintmachine.com\/fr\/wp-json\/wp\/v2\/media?parent=376"}],"wp:term":[{"taxonomy":"product_cat","embeddable":true,"href":"https:\/\/autoprintmachine.com\/fr\/wp-json\/wp\/v2\/product_cat?post=376"}],"curies":[{"name":"wp","href":"https:\/\/api.w.org\/{rel}","templated":true}]}}