{"id":383,"date":"2020-08-15T03:17:45","date_gmt":"2020-08-15T03:17:45","guid":{"rendered":"https:\/\/onceauto.seowaimao.com\/?post_type=product&#038;p=383"},"modified":"2026-01-13T08:30:03","modified_gmt":"2026-01-13T08:30:03","slug":"machine-de-sechage-uv-ronde-et-plate","status":"publish","type":"product","link":"https:\/\/autoprintmachine.com\/fr\/machine-de-sechage-uv-ronde-et-plate\/","title":{"rendered":"Machine de s\u00e9chage UV ronde et plate"},"content":{"rendered":"<h2>Machine UV ronde Introduction :<\/h2>\n<p><strong>L'AP-UV200RF<\/strong> La machine de s\u00e9chage UV pour surfaces planes et cylindriques est principalement utilis\u00e9e pour s\u00e9cher l'encre UV imprim\u00e9e sur diverses surfaces, y compris les bouteilles, les conteneurs et d'autres objets cylindriques. Elle peut \u00e9galement polym\u00e9riser des surfaces planes apr\u00e8s avoir ajust\u00e9 l'angle d'irradiation de la lumi\u00e8re. La vitesse du convoyeur est r\u00e9glable. La plaque du convoyeur est fabriqu\u00e9e en acier inoxydable et fonctionne en douceur.<\/p>\n<h2>Machine d'impression UV \u00e0 plat Sp\u00e9cification :<\/h2>\n<table width=\"96%\">\n<tbody>\n<tr>\n<td width=\"50%\">Mod\u00e8le NO :<\/td>\n<td width=\"50%\">AP-UV200RF<\/td>\n<\/tr>\n<tr>\n<td>Syst\u00e8me d'entra\u00eenement :<\/td>\n<td>Syst\u00e8me UV \u00e9lectrique \/ \u00e9lectronique<\/td>\n<\/tr>\n<tr>\n<td>Taille d'ouverture de la bouteille adapt\u00e9e<\/td>\n<td>Rond : \u03a612-\u03a630mm<\/td>\n<\/tr>\n<tr>\n<td>Taille du corps de la bouteille<\/td>\n<td>Hauteur : 25-300 mm<\/td>\n<\/tr>\n<tr>\n<td>Taille du produit plat :<\/td>\n<td>Largeur maximale \u00e0 plat : 430 mm<br \/>\nHauteur max. du plateau : 140 mm<\/td>\n<\/tr>\n<tr>\n<td>Max. Vitesse de traitement :<\/td>\n<td>50 pcs\/min<\/td>\n<\/tr>\n<tr>\n<td>Tension :<\/td>\n<td>380V 50Hz 3-Phase<\/td>\n<\/tr>\n<tr>\n<td>Puissance de la lampe UV :<\/td>\n<td>Une lampe, 5 kW<\/td>\n<\/tr>\n<tr>\n<td>Longueur de la bande transporteuse :<\/td>\n<td>2100 mm<\/td>\n<\/tr>\n<tr>\n<td>Taille de la machine :<\/td>\n<td>L2200xL750xH1800 mm<\/td>\n<\/tr>\n<tr>\n<td>Taille en caisse :<\/td>\n<td>L2470xL830xH1880 mm<\/td>\n<\/tr>\n<tr>\n<td>Poids net :<\/td>\n<td>380 kg<\/td>\n<\/tr>\n<tr>\n<td>Poids brut :<\/td>\n<td>450 kg<\/td>\n<\/tr>\n<\/tbody>\n<\/table>","protected":false},"excerpt":{"rendered":"<p>Cette machine de s\u00e9chage UV convient au s\u00e9chage UV d'objets ronds et plats. La vitesse de la bande transporteuse est r\u00e9glable. Gr\u00e2ce \u00e0 l'utilisation d'un syst\u00e8me UV \u00e9lectronique, cette machine est plus \u00e9conome en \u00e9nergie que les syst\u00e8mes UV traditionnels. Nous pouvons \u00e9galement personnaliser diff\u00e9rentes tailles pour r\u00e9pondre aux besoins de s\u00e9chage UV de divers produits.<\/p>","protected":false},"featured_media":384,"template":"","meta":[],"product_brand":[],"product_cat":[24],"product_tag":[],"class_list":{"0":"post-383","1":"product","2":"type-product","3":"status-publish","4":"has-post-thumbnail","6":"product_cat-auxiliary-equipment-for-screen-printing-and-pad-printing","8":"first","9":"instock","10":"shipping-taxable","11":"product-type-simple"},"yoast_head":"<!-- This site is optimized with the Yoast SEO plugin v27.4 - https:\/\/yoast.com\/product\/yoast-seo-wordpress\/ -->\n<title>Round and Flat UV Curing Machine<\/title>\n<meta name=\"description\" content=\"The curing machine is mainly used for the curing of printed UV ink on various surfaces such as bottles containers and cylindrical objects.\" \/>\n<meta name=\"robots\" content=\"index, follow, max-snippet:-1, max-image-preview:large, max-video-preview:-1\" \/>\n<link rel=\"canonical\" href=\"https:\/\/autoprintmachine.com\/fr\/machine-de-sechage-uv-ronde-et-plate\/\" \/>\n<meta property=\"og:locale\" content=\"fr_FR\" \/>\n<meta property=\"og:type\" content=\"article\" \/>\n<meta property=\"og:title\" content=\"Round and Flat UV Curing Machine\" \/>\n<meta property=\"og:description\" content=\"The curing machine is mainly used for the curing of printed UV ink on various surfaces such as bottles containers and cylindrical objects.\" \/>\n<meta property=\"og:url\" content=\"https:\/\/autoprintmachine.com\/fr\/machine-de-sechage-uv-ronde-et-plate\/\" \/>\n<meta property=\"article:publisher\" content=\"https:\/\/www.facebook.com\/autoprinttech\/\" \/>\n<meta property=\"article:modified_time\" content=\"2026-01-13T08:30:03+00:00\" \/>\n<meta property=\"og:image\" content=\"https:\/\/autoprintmachine.com\/wp-content\/uploads\/2020\/08\/OS-300RF.jpg\" \/>\n\t<meta property=\"og:image:width\" content=\"600\" \/>\n\t<meta property=\"og:image:height\" content=\"600\" \/>\n\t<meta property=\"og:image:type\" content=\"image\/jpeg\" \/>\n<meta name=\"twitter:card\" content=\"summary_large_image\" \/>\n<meta name=\"twitter:label1\" content=\"Est. reading time\" \/>\n\t<meta name=\"twitter:data1\" content=\"1 minute\" \/>\n<script type=\"application\/ld+json\" class=\"yoast-schema-graph\">{\"@context\":\"https:\\\/\\\/schema.org\",\"@graph\":[{\"@type\":\"WebPage\",\"@id\":\"https:\\\/\\\/autoprintmachine.com\\\/round-and-flat-uv-curing-machine\\\/\",\"url\":\"https:\\\/\\\/autoprintmachine.com\\\/round-and-flat-uv-curing-machine\\\/\",\"name\":\"Round and Flat UV Curing Machine\",\"isPartOf\":{\"@id\":\"https:\\\/\\\/autoprintmachine.com\\\/#website\"},\"primaryImageOfPage\":{\"@id\":\"https:\\\/\\\/autoprintmachine.com\\\/round-and-flat-uv-curing-machine\\\/#primaryimage\"},\"image\":{\"@id\":\"https:\\\/\\\/autoprintmachine.com\\\/round-and-flat-uv-curing-machine\\\/#primaryimage\"},\"thumbnailUrl\":\"https:\\\/\\\/autoprintmachine.com\\\/wp-content\\\/uploads\\\/2020\\\/08\\\/OS-300RF.jpg\",\"datePublished\":\"2020-08-15T03:17:45+00:00\",\"dateModified\":\"2026-01-13T08:30:03+00:00\",\"description\":\"The curing machine is mainly used for the curing of printed UV ink on various surfaces such as bottles containers and cylindrical objects.\",\"breadcrumb\":{\"@id\":\"https:\\\/\\\/autoprintmachine.com\\\/round-and-flat-uv-curing-machine\\\/#breadcrumb\"},\"inLanguage\":\"fr-FR\",\"potentialAction\":[{\"@type\":\"ReadAction\",\"target\":[\"https:\\\/\\\/autoprintmachine.com\\\/round-and-flat-uv-curing-machine\\\/\"]}]},{\"@type\":\"ImageObject\",\"inLanguage\":\"fr-FR\",\"@id\":\"https:\\\/\\\/autoprintmachine.com\\\/round-and-flat-uv-curing-machine\\\/#primaryimage\",\"url\":\"https:\\\/\\\/autoprintmachine.com\\\/wp-content\\\/uploads\\\/2020\\\/08\\\/OS-300RF.jpg\",\"contentUrl\":\"https:\\\/\\\/autoprintmachine.com\\\/wp-content\\\/uploads\\\/2020\\\/08\\\/OS-300RF.jpg\",\"width\":600,\"height\":600},{\"@type\":\"BreadcrumbList\",\"@id\":\"https:\\\/\\\/autoprintmachine.com\\\/round-and-flat-uv-curing-machine\\\/#breadcrumb\",\"itemListElement\":[{\"@type\":\"ListItem\",\"position\":1,\"name\":\"Home\",\"item\":\"https:\\\/\\\/autoprintmachine.com\\\/\"},{\"@type\":\"ListItem\",\"position\":2,\"name\":\"Products\",\"item\":\"https:\\\/\\\/autoprintmachine.com\\\/shop\\\/\"},{\"@type\":\"ListItem\",\"position\":3,\"name\":\"Round and Flat UV Curing Machine\"}]},{\"@type\":\"WebSite\",\"@id\":\"https:\\\/\\\/autoprintmachine.com\\\/#website\",\"url\":\"https:\\\/\\\/autoprintmachine.com\\\/\",\"name\":\"\",\"description\":\"\",\"publisher\":{\"@id\":\"https:\\\/\\\/autoprintmachine.com\\\/#organization\"},\"potentialAction\":[{\"@type\":\"SearchAction\",\"target\":{\"@type\":\"EntryPoint\",\"urlTemplate\":\"https:\\\/\\\/autoprintmachine.com\\\/?s={search_term_string}\"},\"query-input\":{\"@type\":\"PropertyValueSpecification\",\"valueRequired\":true,\"valueName\":\"search_term_string\"}}],\"inLanguage\":\"fr-FR\"},{\"@type\":\"Organization\",\"@id\":\"https:\\\/\\\/autoprintmachine.com\\\/#organization\",\"name\":\"Dongguan Auto Print Tech Co., Ltd\",\"url\":\"https:\\\/\\\/autoprintmachine.com\\\/\",\"logo\":{\"@type\":\"ImageObject\",\"inLanguage\":\"fr-FR\",\"@id\":\"https:\\\/\\\/autoprintmachine.com\\\/#\\\/schema\\\/logo\\\/image\\\/\",\"url\":\"https:\\\/\\\/autoprintmachine.com\\\/wp-content\\\/uploads\\\/2023\\\/06\\\/screen_printing_logo_new.webp\",\"contentUrl\":\"https:\\\/\\\/autoprintmachine.com\\\/wp-content\\\/uploads\\\/2023\\\/06\\\/screen_printing_logo_new.webp\",\"width\":890,\"height\":750,\"caption\":\"Dongguan Auto Print Tech Co., Ltd\"},\"image\":{\"@id\":\"https:\\\/\\\/autoprintmachine.com\\\/#\\\/schema\\\/logo\\\/image\\\/\"},\"sameAs\":[\"https:\\\/\\\/www.facebook.com\\\/autoprinttech\\\/\",\"https:\\\/\\\/www.youtube.com\\\/channel\\\/UCJtPGiBbQWGE2DZLxySpCtw\"]}]}<\/script>\n<!-- \/ Yoast SEO plugin. -->","yoast_head_json":{"title":"Machine de s\u00e9chage UV ronde et plate","description":"La machine de s\u00e9chage est principalement utilis\u00e9e pour le s\u00e9chage de l'encre UV imprim\u00e9e sur diverses surfaces telles que les bouteilles, les conteneurs et les objets cylindriques.","robots":{"index":"index","follow":"follow","max-snippet":"max-snippet:-1","max-image-preview":"max-image-preview:large","max-video-preview":"max-video-preview:-1"},"canonical":"https:\/\/autoprintmachine.com\/fr\/machine-de-sechage-uv-ronde-et-plate\/","og_locale":"fr_FR","og_type":"article","og_title":"Round and Flat UV Curing Machine","og_description":"The curing machine is mainly used for the curing of printed UV ink on various surfaces such as bottles containers and cylindrical objects.","og_url":"https:\/\/autoprintmachine.com\/fr\/machine-de-sechage-uv-ronde-et-plate\/","article_publisher":"https:\/\/www.facebook.com\/autoprinttech\/","article_modified_time":"2026-01-13T08:30:03+00:00","og_image":[{"width":600,"height":600,"url":"https:\/\/autoprintmachine.com\/wp-content\/uploads\/2020\/08\/OS-300RF.jpg","type":"image\/jpeg"}],"twitter_card":"summary_large_image","twitter_misc":{"Est. reading time":"1 minute"},"schema":{"@context":"https:\/\/schema.org","@graph":[{"@type":"WebPage","@id":"https:\/\/autoprintmachine.com\/round-and-flat-uv-curing-machine\/","url":"https:\/\/autoprintmachine.com\/round-and-flat-uv-curing-machine\/","name":"Machine de s\u00e9chage UV ronde et plate","isPartOf":{"@id":"https:\/\/autoprintmachine.com\/#website"},"primaryImageOfPage":{"@id":"https:\/\/autoprintmachine.com\/round-and-flat-uv-curing-machine\/#primaryimage"},"image":{"@id":"https:\/\/autoprintmachine.com\/round-and-flat-uv-curing-machine\/#primaryimage"},"thumbnailUrl":"https:\/\/autoprintmachine.com\/wp-content\/uploads\/2020\/08\/OS-300RF.jpg","datePublished":"2020-08-15T03:17:45+00:00","dateModified":"2026-01-13T08:30:03+00:00","description":"La machine de s\u00e9chage est principalement utilis\u00e9e pour le s\u00e9chage de l'encre UV imprim\u00e9e sur diverses surfaces telles que les bouteilles, les conteneurs et les objets cylindriques.","breadcrumb":{"@id":"https:\/\/autoprintmachine.com\/round-and-flat-uv-curing-machine\/#breadcrumb"},"inLanguage":"fr-FR","potentialAction":[{"@type":"ReadAction","target":["https:\/\/autoprintmachine.com\/round-and-flat-uv-curing-machine\/"]}]},{"@type":"ImageObject","inLanguage":"fr-FR","@id":"https:\/\/autoprintmachine.com\/round-and-flat-uv-curing-machine\/#primaryimage","url":"https:\/\/autoprintmachine.com\/wp-content\/uploads\/2020\/08\/OS-300RF.jpg","contentUrl":"https:\/\/autoprintmachine.com\/wp-content\/uploads\/2020\/08\/OS-300RF.jpg","width":600,"height":600},{"@type":"BreadcrumbList","@id":"https:\/\/autoprintmachine.com\/round-and-flat-uv-curing-machine\/#breadcrumb","itemListElement":[{"@type":"ListItem","position":1,"name":"Home","item":"https:\/\/autoprintmachine.com\/"},{"@type":"ListItem","position":2,"name":"Products","item":"https:\/\/autoprintmachine.com\/shop\/"},{"@type":"ListItem","position":3,"name":"Round and Flat UV Curing Machine"}]},{"@type":"WebSite","@id":"https:\/\/autoprintmachine.com\/#website","url":"https:\/\/autoprintmachine.com\/","name":"","description":"","publisher":{"@id":"https:\/\/autoprintmachine.com\/#organization"},"potentialAction":[{"@type":"SearchAction","target":{"@type":"EntryPoint","urlTemplate":"https:\/\/autoprintmachine.com\/?s={search_term_string}"},"query-input":{"@type":"PropertyValueSpecification","valueRequired":true,"valueName":"search_term_string"}}],"inLanguage":"fr-FR"},{"@type":"Organization","@id":"https:\/\/autoprintmachine.com\/#organization","name":"Dongguan Auto Print Tech Co. Ltd","url":"https:\/\/autoprintmachine.com\/","logo":{"@type":"ImageObject","inLanguage":"fr-FR","@id":"https:\/\/autoprintmachine.com\/#\/schema\/logo\/image\/","url":"https:\/\/autoprintmachine.com\/wp-content\/uploads\/2023\/06\/screen_printing_logo_new.webp","contentUrl":"https:\/\/autoprintmachine.com\/wp-content\/uploads\/2023\/06\/screen_printing_logo_new.webp","width":890,"height":750,"caption":"Dongguan Auto Print Tech Co., Ltd"},"image":{"@id":"https:\/\/autoprintmachine.com\/#\/schema\/logo\/image\/"},"sameAs":["https:\/\/www.facebook.com\/autoprinttech\/","https:\/\/www.youtube.com\/channel\/UCJtPGiBbQWGE2DZLxySpCtw"]}]}},"_links":{"self":[{"href":"https:\/\/autoprintmachine.com\/fr\/wp-json\/wp\/v2\/product\/383","targetHints":{"allow":["GET"]}}],"collection":[{"href":"https:\/\/autoprintmachine.com\/fr\/wp-json\/wp\/v2\/product"}],"about":[{"href":"https:\/\/autoprintmachine.com\/fr\/wp-json\/wp\/v2\/types\/product"}],"wp:featuredmedia":[{"embeddable":true,"href":"https:\/\/autoprintmachine.com\/fr\/wp-json\/wp\/v2\/media\/384"}],"wp:attachment":[{"href":"https:\/\/autoprintmachine.com\/fr\/wp-json\/wp\/v2\/media?parent=383"}],"wp:term":[{"taxonomy":"product_brand","embeddable":true,"href":"https:\/\/autoprintmachine.com\/fr\/wp-json\/wp\/v2\/product_brand?post=383"},{"taxonomy":"product_cat","embeddable":true,"href":"https:\/\/autoprintmachine.com\/fr\/wp-json\/wp\/v2\/product_cat?post=383"},{"taxonomy":"product_tag","embeddable":true,"href":"https:\/\/autoprintmachine.com\/fr\/wp-json\/wp\/v2\/product_tag?post=383"}],"curies":[{"name":"wp","href":"https:\/\/api.w.org\/{rel}","templated":true}]}}