{"id":386,"date":"2020-08-15T03:58:53","date_gmt":"2020-08-15T03:58:53","guid":{"rendered":"https:\/\/onceauto.seowaimao.com\/?post_type=product&#038;p=386"},"modified":"2026-01-13T08:41:49","modified_gmt":"2026-01-13T08:41:49","slug":"flame-treatment-unit","status":"publish","type":"product","link":"https:\/\/autoprintmachine.com\/fr\/unite-de-traitement-des-flammes\/","title":{"rendered":"Unit\u00e9 de traitement des flammes"},"content":{"rendered":"<h2>Unit\u00e9 de traitement des flammes Introduction :<\/h2>\n<p>L'unit\u00e9 de traitement \u00e0 la flamme AP-F200 est une machine auxiliaire pour le traitement de surface des produits. Elle est principalement utilis\u00e9e pour traiter \u00e0 la flamme les surfaces des pi\u00e8ces en plastique en PP, PE, HDPE, etc., afin d'am\u00e9liorer l'adh\u00e9rence de l'encre.<br \/>\nIl est \u00e9quip\u00e9 d'une bande transporteuse en acier inoxydable, d'un allumage automatique, d'une utilisation facile et d'un changement rapide.<\/p>\n<h2>Unit\u00e9 de traitement des flammes Sp\u00e9cification :<\/h2>\n<table width=\"600\">\n<tbody>\n<tr>\n<td>Num\u00e9ro de mod\u00e8le<\/td>\n<td>AP-F200<\/td>\n<\/tr>\n<tr>\n<td>Diam\u00e8tre d'ouverture du produit<\/td>\n<td>\u00d810-\u00d830 mm<\/td>\n<\/tr>\n<tr>\n<td>Hauteur du produit<\/td>\n<td>25-250 mm<\/td>\n<\/tr>\n<tr>\n<td>Vitesse de traitement maximale<\/td>\n<td>3000 pcs\/hr<\/td>\n<\/tr>\n<tr>\n<td>Alimentation \u00e9lectrique<\/td>\n<td>220V, 120W<\/td>\n<\/tr>\n<tr>\n<td>Consommation d'air<\/td>\n<td>4-6 bar<\/td>\n<\/tr>\n<tr>\n<td>Carburant<\/td>\n<td>GPL (gaz de p\u00e9trole liqu\u00e9fi\u00e9)<\/td>\n<\/tr>\n<tr>\n<td>Dimensions de la machine<\/td>\n<td>L2200 \u00d7 L600 \u00d7 H1200 mm<\/td>\n<\/tr>\n<tr>\n<td>Dimensions de la caisse<\/td>\n<td>L2460 \u00d7 L690 \u00d7 H1340 mm<\/td>\n<\/tr>\n<tr>\n<td>Poids net<\/td>\n<td>180 kg<\/td>\n<\/tr>\n<tr>\n<td>Poids brut<\/td>\n<td>260 kg<\/td>\n<\/tr>\n<\/tbody>\n<\/table>","protected":false},"excerpt":{"rendered":"<p>Cette machine de traitement \u00e0 la flamme est con\u00e7ue pour le traitement de surface des produits en plastique afin d'am\u00e9liorer l'adh\u00e9rence de l'encre pour la tampographie et la s\u00e9rigraphie. Elle est g\u00e9n\u00e9ralement utilis\u00e9e sur des mat\u00e9riaux tels que le PP, le PE, le PEHD, le PEBD, etc. Le convoyeur est en acier inoxydable et sa vitesse est r\u00e9glable. La fonction d'auto-inflammation rend l'op\u00e9ration plus facile et plus s\u00fbre.<\/p>\n<p>D'autres tailles et unit\u00e9s de traitement des flammes personnalis\u00e9es sont \u00e9galement disponibles.<\/p>","protected":false},"featured_media":387,"template":"","meta":[],"product_cat":[24],"class_list":{"0":"post-386","1":"product","2":"type-product","3":"status-publish","4":"has-post-thumbnail","6":"product_cat-auxiliary-equipment-for-screen-printing-and-pad-printing","8":"first","9":"instock","10":"shipping-taxable","11":"product-type-simple"},"acf":[],"yoast_head":"<!-- This site is optimized with the Yoast SEO plugin v23.9 - https:\/\/yoast.com\/wordpress\/plugins\/seo\/ -->\n<title>Flame Treatment Unit<\/title>\n<meta name=\"description\" content=\"This AP-F200 flame treatment unit is mostly used in plastic part like PP, PE, HDPE, etc. To make the part have better ink adhesion.\" \/>\n<meta name=\"robots\" content=\"index, follow, max-snippet:-1, max-image-preview:large, max-video-preview:-1\" \/>\n<link rel=\"canonical\" href=\"https:\/\/autoprintmachine.com\/fr\/unite-de-traitement-des-flammes\/\" \/>\n<meta property=\"og:locale\" content=\"fr_FR\" \/>\n<meta property=\"og:type\" content=\"article\" \/>\n<meta property=\"og:title\" content=\"Flame Treatment Unit\" \/>\n<meta property=\"og:description\" content=\"This AP-F200 flame treatment unit is mostly used in plastic part like PP, PE, HDPE, etc. To make the part have better ink adhesion.\" \/>\n<meta property=\"og:url\" content=\"https:\/\/autoprintmachine.com\/fr\/unite-de-traitement-des-flammes\/\" \/>\n<meta property=\"article:modified_time\" content=\"2026-01-13T08:41:49+00:00\" \/>\n<meta property=\"og:image\" content=\"https:\/\/autoprintmachine.com\/wp-content\/uploads\/2020\/08\/OS-220.jpg\" \/>\n\t<meta property=\"og:image:width\" content=\"600\" \/>\n\t<meta property=\"og:image:height\" content=\"600\" \/>\n\t<meta property=\"og:image:type\" content=\"image\/jpeg\" \/>\n<meta name=\"twitter:card\" content=\"summary_large_image\" \/>\n<meta name=\"twitter:label1\" content=\"Dur\u00e9e de lecture estim\u00e9e\" \/>\n\t<meta name=\"twitter:data1\" content=\"1 minute\" \/>\n<script type=\"application\/ld+json\" class=\"yoast-schema-graph\">{\"@context\":\"https:\/\/schema.org\",\"@graph\":[{\"@type\":\"WebPage\",\"@id\":\"https:\/\/autoprintmachine.com\/flame-treatment-unit\/\",\"url\":\"https:\/\/autoprintmachine.com\/flame-treatment-unit\/\",\"name\":\"Flame Treatment Unit\",\"isPartOf\":{\"@id\":\"https:\/\/autoprintmachine.com\/#website\"},\"primaryImageOfPage\":{\"@id\":\"https:\/\/autoprintmachine.com\/flame-treatment-unit\/#primaryimage\"},\"image\":{\"@id\":\"https:\/\/autoprintmachine.com\/flame-treatment-unit\/#primaryimage\"},\"thumbnailUrl\":\"https:\/\/autoprintmachine.com\/wp-content\/uploads\/2020\/08\/OS-220.jpg\",\"datePublished\":\"2020-08-15T03:58:53+00:00\",\"dateModified\":\"2026-01-13T08:41:49+00:00\",\"description\":\"This AP-F200 flame treatment unit is mostly used in plastic part like PP, PE, HDPE, etc. To make the part have better ink adhesion.\",\"breadcrumb\":{\"@id\":\"https:\/\/autoprintmachine.com\/flame-treatment-unit\/#breadcrumb\"},\"inLanguage\":\"fr-FR\",\"potentialAction\":[{\"@type\":\"ReadAction\",\"target\":[\"https:\/\/autoprintmachine.com\/flame-treatment-unit\/\"]}]},{\"@type\":\"ImageObject\",\"inLanguage\":\"fr-FR\",\"@id\":\"https:\/\/autoprintmachine.com\/flame-treatment-unit\/#primaryimage\",\"url\":\"https:\/\/autoprintmachine.com\/wp-content\/uploads\/2020\/08\/OS-220.jpg\",\"contentUrl\":\"https:\/\/autoprintmachine.com\/wp-content\/uploads\/2020\/08\/OS-220.jpg\",\"width\":600,\"height\":600},{\"@type\":\"BreadcrumbList\",\"@id\":\"https:\/\/autoprintmachine.com\/flame-treatment-unit\/#breadcrumb\",\"itemListElement\":[{\"@type\":\"ListItem\",\"position\":1,\"name\":\"Home\",\"item\":\"https:\/\/autoprintmachine.com\/\"},{\"@type\":\"ListItem\",\"position\":2,\"name\":\"Products\",\"item\":\"https:\/\/autoprintmachine.com\/shop\/\"},{\"@type\":\"ListItem\",\"position\":3,\"name\":\"Flame Treatment Unit\"}]},{\"@type\":\"WebSite\",\"@id\":\"https:\/\/autoprintmachine.com\/#website\",\"url\":\"https:\/\/autoprintmachine.com\/\",\"name\":\"\",\"description\":\"\",\"potentialAction\":[{\"@type\":\"SearchAction\",\"target\":{\"@type\":\"EntryPoint\",\"urlTemplate\":\"https:\/\/autoprintmachine.com\/?s={search_term_string}\"},\"query-input\":{\"@type\":\"PropertyValueSpecification\",\"valueRequired\":true,\"valueName\":\"search_term_string\"}}],\"inLanguage\":\"fr-FR\"}]}<\/script>\n<!-- \/ Yoast SEO plugin. -->","yoast_head_json":{"title":"Flame Treatment Unit","description":"This AP-F200 flame treatment unit is mostly used in plastic part like PP, PE, HDPE, etc. To make the part have better ink adhesion.","robots":{"index":"index","follow":"follow","max-snippet":"max-snippet:-1","max-image-preview":"max-image-preview:large","max-video-preview":"max-video-preview:-1"},"canonical":"https:\/\/autoprintmachine.com\/fr\/unite-de-traitement-des-flammes\/","og_locale":"fr_FR","og_type":"article","og_title":"Flame Treatment Unit","og_description":"This AP-F200 flame treatment unit is mostly used in plastic part like PP, PE, HDPE, etc. To make the part have better ink adhesion.","og_url":"https:\/\/autoprintmachine.com\/fr\/unite-de-traitement-des-flammes\/","article_modified_time":"2026-01-13T08:41:49+00:00","og_image":[{"width":600,"height":600,"url":"https:\/\/autoprintmachine.com\/wp-content\/uploads\/2020\/08\/OS-220.jpg","type":"image\/jpeg"}],"twitter_card":"summary_large_image","twitter_misc":{"Dur\u00e9e de lecture estim\u00e9e":"1 minute"},"schema":{"@context":"https:\/\/schema.org","@graph":[{"@type":"WebPage","@id":"https:\/\/autoprintmachine.com\/flame-treatment-unit\/","url":"https:\/\/autoprintmachine.com\/flame-treatment-unit\/","name":"Flame Treatment Unit","isPartOf":{"@id":"https:\/\/autoprintmachine.com\/#website"},"primaryImageOfPage":{"@id":"https:\/\/autoprintmachine.com\/flame-treatment-unit\/#primaryimage"},"image":{"@id":"https:\/\/autoprintmachine.com\/flame-treatment-unit\/#primaryimage"},"thumbnailUrl":"https:\/\/autoprintmachine.com\/wp-content\/uploads\/2020\/08\/OS-220.jpg","datePublished":"2020-08-15T03:58:53+00:00","dateModified":"2026-01-13T08:41:49+00:00","description":"This AP-F200 flame treatment unit is mostly used in plastic part like PP, PE, HDPE, etc. To make the part have better ink adhesion.","breadcrumb":{"@id":"https:\/\/autoprintmachine.com\/flame-treatment-unit\/#breadcrumb"},"inLanguage":"fr-FR","potentialAction":[{"@type":"ReadAction","target":["https:\/\/autoprintmachine.com\/flame-treatment-unit\/"]}]},{"@type":"ImageObject","inLanguage":"fr-FR","@id":"https:\/\/autoprintmachine.com\/flame-treatment-unit\/#primaryimage","url":"https:\/\/autoprintmachine.com\/wp-content\/uploads\/2020\/08\/OS-220.jpg","contentUrl":"https:\/\/autoprintmachine.com\/wp-content\/uploads\/2020\/08\/OS-220.jpg","width":600,"height":600},{"@type":"BreadcrumbList","@id":"https:\/\/autoprintmachine.com\/flame-treatment-unit\/#breadcrumb","itemListElement":[{"@type":"ListItem","position":1,"name":"Home","item":"https:\/\/autoprintmachine.com\/"},{"@type":"ListItem","position":2,"name":"Products","item":"https:\/\/autoprintmachine.com\/shop\/"},{"@type":"ListItem","position":3,"name":"Flame Treatment Unit"}]},{"@type":"WebSite","@id":"https:\/\/autoprintmachine.com\/#website","url":"https:\/\/autoprintmachine.com\/","name":"","description":"","potentialAction":[{"@type":"SearchAction","target":{"@type":"EntryPoint","urlTemplate":"https:\/\/autoprintmachine.com\/?s={search_term_string}"},"query-input":{"@type":"PropertyValueSpecification","valueRequired":true,"valueName":"search_term_string"}}],"inLanguage":"fr-FR"}]}},"_links":{"self":[{"href":"https:\/\/autoprintmachine.com\/fr\/wp-json\/wp\/v2\/product\/386","targetHints":{"allow":["GET"]}}],"collection":[{"href":"https:\/\/autoprintmachine.com\/fr\/wp-json\/wp\/v2\/product"}],"about":[{"href":"https:\/\/autoprintmachine.com\/fr\/wp-json\/wp\/v2\/types\/product"}],"wp:featuredmedia":[{"embeddable":true,"href":"https:\/\/autoprintmachine.com\/fr\/wp-json\/wp\/v2\/media\/387"}],"wp:attachment":[{"href":"https:\/\/autoprintmachine.com\/fr\/wp-json\/wp\/v2\/media?parent=386"}],"wp:term":[{"taxonomy":"product_cat","embeddable":true,"href":"https:\/\/autoprintmachine.com\/fr\/wp-json\/wp\/v2\/product_cat?post=386"}],"curies":[{"name":"wp","href":"https:\/\/api.w.org\/{rel}","templated":true}]}}