{"id":391,"date":"2020-08-15T08:17:06","date_gmt":"2020-08-15T08:17:06","guid":{"rendered":"https:\/\/onceauto.seowaimao.com\/?post_type=product&#038;p=391"},"modified":"2026-01-21T03:07:56","modified_gmt":"2026-01-21T03:07:56","slug":"anneaux-en-ceramique-et-en-carbure-de-tungstene-pour-la-tampographie","status":"publish","type":"product","link":"https:\/\/autoprintmachine.com\/fr\/ceramic-and-tungsten-carbide-rings-for-pad-printing\/","title":{"rendered":"Bagues en c\u00e9ramique et en carbure de tungst\u00e8ne pour la tampographie"},"content":{"rendered":"<p>La bague (en c\u00e9ramique ou en carbure de tungst\u00e8ne) est un composant de l'encrier de tampographie. En raison du raclage prolong\u00e9 contre le clich\u00e9, la bague s'use avec le temps et doit \u00eatre remplac\u00e9e. L'anneau est une pi\u00e8ce consommable dans les machines de tampographie.<\/p>\n<p><strong>Anneau en c\u00e9ramique :<\/strong><\/p>\n<p>Elle est fabriqu\u00e9e en zircone, qui est r\u00e9sistante \u00e0 l'abrasion. Il n'est pas aussi dur que le carbure de tungst\u00e8ne, mais il co\u00fbte moins cher qu'un anneau en carbure de tungst\u00e8ne. L'anneau en c\u00e9ramique est donc l'anneau standard utilis\u00e9 dans le godet par la plupart des utilisateurs de tampographie.<\/p>\n<p><strong>Bague en carbure de tungst\u00e8ne :<\/strong><\/p>\n<p>Il offre une grande r\u00e9sistance \u00e0 l'abrasion et une excellente duret\u00e9. Ainsi, pour une utilisation \u00e0 long terme, certains utilisateurs de machines de tampographie choisissent ce type d'anneau. Mais son co\u00fbt est l\u00e9g\u00e8rement sup\u00e9rieur \u00e0 celui de l'anneau en c\u00e9ramique.<\/p>\n<p>Sp\u00e9cification de l'anneau :<\/p>\n<p>Les bagues (en c\u00e9ramique et en carbure de tungst\u00e8ne) ont les caract\u00e9ristiques suivantes :<\/p>\n<p><strong>Mono-lame :<\/strong> l'anneau n'a une lame que d'un seul c\u00f4t\u00e9.<br \/>\n<strong>Double lame :<\/strong> l'anneau est dot\u00e9 d'un type de lame sur les deux c\u00f4t\u00e9s.<br \/>\n<strong>Biseau ext\u00e9rieur :<\/strong> biseaut\u00e9 de l'ext\u00e9rieur vers l'int\u00e9rieur, formant le tranchant de la lame.<br \/>\n<strong>Biseau int\u00e9rieur :<\/strong> biseaut\u00e9 de l'int\u00e9rieur vers l'ext\u00e9rieur, formant le tranchant de la lame.<br \/>\n<strong>Double biseau (int\u00e9rieur et ext\u00e9rieur)<\/strong>La lame est biseaut\u00e9e de l'int\u00e9rieur et de l'ext\u00e9rieur jusqu'au milieu, formant ainsi le tranchant de la lame.<\/p>\n<p>Les descriptions des anneaux se composent g\u00e9n\u00e9ralement de deux parties, telles que \u201clame unique, biseau ext\u00e9rieur\u201d, \u201clame double, biseau int\u00e9rieur et ext\u00e9rieur\u201d, etc.<\/p>\n<p>&nbsp;<\/p>\n<div class=\"row\"  id=\"row-1720852008\">\n\n\t<div id=\"col-1068327318\" class=\"col small-12 large-12\"  >\n\t\t\t\t<div class=\"col-inner text-center\"  >\n\t\t\t\n\t\t\t\n\t<div class=\"img has-hover x md-x lg-x y md-y lg-y\" id=\"image_866413685\">\n\t\t\t\t\t\t\t\t<div class=\"img-inner dark\" >\n\t\t\t<img loading=\"lazy\" decoding=\"async\" width=\"2441\" height=\"1260\" src=\"https:\/\/autoprintmachine.com\/wp-content\/uploads\/2022\/07\/pad_printing.webp\" class=\"attachment-original size-original\" alt=\"tampographie\" srcset=\"https:\/\/autoprintmachine.com\/wp-content\/uploads\/2022\/07\/pad_printing.webp 2441w, https:\/\/autoprintmachine.com\/wp-content\/uploads\/2022\/07\/pad_printing-510x263.webp 510w, https:\/\/autoprintmachine.com\/wp-content\/uploads\/2022\/07\/pad_printing-300x155.webp 300w, https:\/\/autoprintmachine.com\/wp-content\/uploads\/2022\/07\/pad_printing-1030x532.webp 1030w, https:\/\/autoprintmachine.com\/wp-content\/uploads\/2022\/07\/pad_printing-768x396.webp 768w, https:\/\/autoprintmachine.com\/wp-content\/uploads\/2022\/07\/pad_printing-1536x793.webp 1536w, https:\/\/autoprintmachine.com\/wp-content\/uploads\/2022\/07\/pad_printing-2048x1057.webp 2048w, https:\/\/autoprintmachine.com\/wp-content\/uploads\/2022\/07\/pad_printing-800x413.webp 800w\" sizes=\"auto, (max-width: 2441px) 100vw, 2441px\" \/>\t\t\t\t\t\t\n\t\t\t\t\t<\/div>\n\t\t\t\t\t\t\t\t\n<style>\n#image_866413685 {\n  width: 64%;\n}\n<\/style>\n\t<\/div>\n\t\n\t\t<\/div>\n\t\t\t\t\t<\/div>\n\n\t\n<\/div>\n<p>Taille de la bague :<\/p>\n<p>Auto Print peut fournir diff\u00e9rentes tailles en fonction de l'utilisation des gobelets. Les tailles standard internationales sont g\u00e9n\u00e9ralement en stock. Mais si vous avez des exigences particuli\u00e8res en mati\u00e8re d'anneaux, nous pouvons \u00e9galement les personnaliser.<\/p>\n<p>Nos bagues sont populaires en Europe et en Am\u00e9rique du Nord et du Sud, notamment aux Pays-Bas, en Espagne, aux \u00c9tats-Unis, au Mexique et au Br\u00e9sil. La haute qualit\u00e9 de nos produits nous a valu une solide r\u00e9putation aupr\u00e8s de nos clients. Nous esp\u00e9rons pouvoir vous aider \u00e9galement !<\/p>","protected":false},"excerpt":{"rendered":"<p>Auto Print propose des anneaux en c\u00e9ramique et en carbure de tungst\u00e8ne de diff\u00e9rentes tailles et sp\u00e9cifications pour diff\u00e9rentes marques d'encriers de tampographie.<\/p>","protected":false},"featured_media":393,"template":"","meta":[],"product_brand":[],"product_cat":[26],"product_tag":[],"class_list":{"0":"post-391","1":"product","2":"type-product","3":"status-publish","4":"has-post-thumbnail","6":"product_cat-screen-printing-pad-printing-consumables","8":"first","9":"instock","10":"shipping-taxable","11":"product-type-simple"},"yoast_head":"<!-- This site is optimized with the Yoast SEO plugin v27.4 - https:\/\/yoast.com\/product\/yoast-seo-wordpress\/ -->\n<title>Ceramic Ring and Hard Steel Ring for Pad Printing<\/title>\n<meta name=\"description\" content=\"Auto Print provides ceramic and hard steel ring for pad printing. There are many kinds of specifications and sizes which fits your needs\" \/>\n<meta name=\"robots\" content=\"index, follow, max-snippet:-1, max-image-preview:large, max-video-preview:-1\" \/>\n<link rel=\"canonical\" href=\"https:\/\/autoprintmachine.com\/fr\/ceramic-and-tungsten-carbide-rings-for-pad-printing\/\" \/>\n<meta property=\"og:locale\" content=\"fr_FR\" \/>\n<meta property=\"og:type\" content=\"article\" \/>\n<meta property=\"og:title\" content=\"Ceramic Ring and Hard Steel Ring for Pad Printing\" \/>\n<meta property=\"og:description\" content=\"Auto Print provides ceramic and hard steel ring for pad printing. There are many kinds of specifications and sizes which fits your needs\" \/>\n<meta property=\"og:url\" content=\"https:\/\/autoprintmachine.com\/fr\/ceramic-and-tungsten-carbide-rings-for-pad-printing\/\" \/>\n<meta property=\"article:publisher\" content=\"https:\/\/www.facebook.com\/autoprinttech\/\" \/>\n<meta property=\"article:modified_time\" content=\"2026-01-21T03:07:56+00:00\" \/>\n<meta property=\"og:image\" content=\"https:\/\/autoprintmachine.com\/wp-content\/uploads\/2020\/08\/\u9676\u74f7\u73af.jpg\" \/>\n\t<meta property=\"og:image:width\" content=\"600\" \/>\n\t<meta property=\"og:image:height\" content=\"600\" \/>\n\t<meta property=\"og:image:type\" content=\"image\/jpeg\" \/>\n<meta name=\"twitter:card\" content=\"summary_large_image\" \/>\n<meta name=\"twitter:label1\" content=\"Est. reading time\" \/>\n\t<meta name=\"twitter:data1\" content=\"2 minutes\" \/>\n<script type=\"application\/ld+json\" class=\"yoast-schema-graph\">{\"@context\":\"https:\\\/\\\/schema.org\",\"@graph\":[{\"@type\":\"WebPage\",\"@id\":\"https:\\\/\\\/autoprintmachine.com\\\/ceramic-and-tungsten-carbide-rings-for-pad-printing\\\/\",\"url\":\"https:\\\/\\\/autoprintmachine.com\\\/ceramic-and-tungsten-carbide-rings-for-pad-printing\\\/\",\"name\":\"Ceramic Ring and Hard Steel Ring for Pad Printing\",\"isPartOf\":{\"@id\":\"https:\\\/\\\/autoprintmachine.com\\\/#website\"},\"primaryImageOfPage\":{\"@id\":\"https:\\\/\\\/autoprintmachine.com\\\/ceramic-and-tungsten-carbide-rings-for-pad-printing\\\/#primaryimage\"},\"image\":{\"@id\":\"https:\\\/\\\/autoprintmachine.com\\\/ceramic-and-tungsten-carbide-rings-for-pad-printing\\\/#primaryimage\"},\"thumbnailUrl\":\"https:\\\/\\\/autoprintmachine.com\\\/wp-content\\\/uploads\\\/2020\\\/08\\\/\u9676\u74f7\u73af.jpg\",\"datePublished\":\"2020-08-15T08:17:06+00:00\",\"dateModified\":\"2026-01-21T03:07:56+00:00\",\"description\":\"Auto Print provides ceramic and hard steel ring for pad printing. There are many kinds of specifications and sizes which fits your needs\",\"breadcrumb\":{\"@id\":\"https:\\\/\\\/autoprintmachine.com\\\/ceramic-and-tungsten-carbide-rings-for-pad-printing\\\/#breadcrumb\"},\"inLanguage\":\"fr-FR\",\"potentialAction\":[{\"@type\":\"ReadAction\",\"target\":[\"https:\\\/\\\/autoprintmachine.com\\\/ceramic-and-tungsten-carbide-rings-for-pad-printing\\\/\"]}]},{\"@type\":\"ImageObject\",\"inLanguage\":\"fr-FR\",\"@id\":\"https:\\\/\\\/autoprintmachine.com\\\/ceramic-and-tungsten-carbide-rings-for-pad-printing\\\/#primaryimage\",\"url\":\"https:\\\/\\\/autoprintmachine.com\\\/wp-content\\\/uploads\\\/2020\\\/08\\\/\u9676\u74f7\u73af.jpg\",\"contentUrl\":\"https:\\\/\\\/autoprintmachine.com\\\/wp-content\\\/uploads\\\/2020\\\/08\\\/\u9676\u74f7\u73af.jpg\",\"width\":600,\"height\":600},{\"@type\":\"BreadcrumbList\",\"@id\":\"https:\\\/\\\/autoprintmachine.com\\\/ceramic-and-tungsten-carbide-rings-for-pad-printing\\\/#breadcrumb\",\"itemListElement\":[{\"@type\":\"ListItem\",\"position\":1,\"name\":\"Home\",\"item\":\"https:\\\/\\\/autoprintmachine.com\\\/\"},{\"@type\":\"ListItem\",\"position\":2,\"name\":\"Products\",\"item\":\"https:\\\/\\\/autoprintmachine.com\\\/shop\\\/\"},{\"@type\":\"ListItem\",\"position\":3,\"name\":\"Ceramic and Tungsten Carbide Rings for Pad Printing\"}]},{\"@type\":\"WebSite\",\"@id\":\"https:\\\/\\\/autoprintmachine.com\\\/#website\",\"url\":\"https:\\\/\\\/autoprintmachine.com\\\/\",\"name\":\"\",\"description\":\"\",\"publisher\":{\"@id\":\"https:\\\/\\\/autoprintmachine.com\\\/#organization\"},\"potentialAction\":[{\"@type\":\"SearchAction\",\"target\":{\"@type\":\"EntryPoint\",\"urlTemplate\":\"https:\\\/\\\/autoprintmachine.com\\\/?s={search_term_string}\"},\"query-input\":{\"@type\":\"PropertyValueSpecification\",\"valueRequired\":true,\"valueName\":\"search_term_string\"}}],\"inLanguage\":\"fr-FR\"},{\"@type\":\"Organization\",\"@id\":\"https:\\\/\\\/autoprintmachine.com\\\/#organization\",\"name\":\"Dongguan Auto Print Tech Co., Ltd\",\"url\":\"https:\\\/\\\/autoprintmachine.com\\\/\",\"logo\":{\"@type\":\"ImageObject\",\"inLanguage\":\"fr-FR\",\"@id\":\"https:\\\/\\\/autoprintmachine.com\\\/#\\\/schema\\\/logo\\\/image\\\/\",\"url\":\"https:\\\/\\\/autoprintmachine.com\\\/wp-content\\\/uploads\\\/2023\\\/06\\\/screen_printing_logo_new.webp\",\"contentUrl\":\"https:\\\/\\\/autoprintmachine.com\\\/wp-content\\\/uploads\\\/2023\\\/06\\\/screen_printing_logo_new.webp\",\"width\":890,\"height\":750,\"caption\":\"Dongguan Auto Print Tech Co., Ltd\"},\"image\":{\"@id\":\"https:\\\/\\\/autoprintmachine.com\\\/#\\\/schema\\\/logo\\\/image\\\/\"},\"sameAs\":[\"https:\\\/\\\/www.facebook.com\\\/autoprinttech\\\/\",\"https:\\\/\\\/www.youtube.com\\\/channel\\\/UCJtPGiBbQWGE2DZLxySpCtw\"]}]}<\/script>\n<!-- \/ Yoast SEO plugin. -->","yoast_head_json":{"title":"Anneau en c\u00e9ramique et anneau en acier dur pour la tampographie","description":"Auto Print fournit des anneaux en c\u00e9ramique et en acier dur pour la tampographie. Il existe de nombreux types de sp\u00e9cifications et de tailles qui r\u00e9pondent \u00e0 vos besoins.","robots":{"index":"index","follow":"follow","max-snippet":"max-snippet:-1","max-image-preview":"max-image-preview:large","max-video-preview":"max-video-preview:-1"},"canonical":"https:\/\/autoprintmachine.com\/fr\/ceramic-and-tungsten-carbide-rings-for-pad-printing\/","og_locale":"fr_FR","og_type":"article","og_title":"Ceramic Ring and Hard Steel Ring for Pad Printing","og_description":"Auto Print provides ceramic and hard steel ring for pad printing. There are many kinds of specifications and sizes which fits your needs","og_url":"https:\/\/autoprintmachine.com\/fr\/ceramic-and-tungsten-carbide-rings-for-pad-printing\/","article_publisher":"https:\/\/www.facebook.com\/autoprinttech\/","article_modified_time":"2026-01-21T03:07:56+00:00","og_image":[{"width":600,"height":600,"url":"https:\/\/autoprintmachine.com\/wp-content\/uploads\/2020\/08\/\u9676\u74f7\u73af.jpg","type":"image\/jpeg"}],"twitter_card":"summary_large_image","twitter_misc":{"Est. reading time":"2 minutes"},"schema":{"@context":"https:\/\/schema.org","@graph":[{"@type":"WebPage","@id":"https:\/\/autoprintmachine.com\/ceramic-and-tungsten-carbide-rings-for-pad-printing\/","url":"https:\/\/autoprintmachine.com\/ceramic-and-tungsten-carbide-rings-for-pad-printing\/","name":"Anneau en c\u00e9ramique et anneau en acier dur pour la tampographie","isPartOf":{"@id":"https:\/\/autoprintmachine.com\/#website"},"primaryImageOfPage":{"@id":"https:\/\/autoprintmachine.com\/ceramic-and-tungsten-carbide-rings-for-pad-printing\/#primaryimage"},"image":{"@id":"https:\/\/autoprintmachine.com\/ceramic-and-tungsten-carbide-rings-for-pad-printing\/#primaryimage"},"thumbnailUrl":"https:\/\/autoprintmachine.com\/wp-content\/uploads\/2020\/08\/\u9676\u74f7\u73af.jpg","datePublished":"2020-08-15T08:17:06+00:00","dateModified":"2026-01-21T03:07:56+00:00","description":"Auto Print fournit des anneaux en c\u00e9ramique et en acier dur pour la tampographie. Il existe de nombreux types de sp\u00e9cifications et de tailles qui r\u00e9pondent \u00e0 vos besoins.","breadcrumb":{"@id":"https:\/\/autoprintmachine.com\/ceramic-and-tungsten-carbide-rings-for-pad-printing\/#breadcrumb"},"inLanguage":"fr-FR","potentialAction":[{"@type":"ReadAction","target":["https:\/\/autoprintmachine.com\/ceramic-and-tungsten-carbide-rings-for-pad-printing\/"]}]},{"@type":"ImageObject","inLanguage":"fr-FR","@id":"https:\/\/autoprintmachine.com\/ceramic-and-tungsten-carbide-rings-for-pad-printing\/#primaryimage","url":"https:\/\/autoprintmachine.com\/wp-content\/uploads\/2020\/08\/\u9676\u74f7\u73af.jpg","contentUrl":"https:\/\/autoprintmachine.com\/wp-content\/uploads\/2020\/08\/\u9676\u74f7\u73af.jpg","width":600,"height":600},{"@type":"BreadcrumbList","@id":"https:\/\/autoprintmachine.com\/ceramic-and-tungsten-carbide-rings-for-pad-printing\/#breadcrumb","itemListElement":[{"@type":"ListItem","position":1,"name":"Home","item":"https:\/\/autoprintmachine.com\/"},{"@type":"ListItem","position":2,"name":"Products","item":"https:\/\/autoprintmachine.com\/shop\/"},{"@type":"ListItem","position":3,"name":"Ceramic and Tungsten Carbide Rings for Pad Printing"}]},{"@type":"WebSite","@id":"https:\/\/autoprintmachine.com\/#website","url":"https:\/\/autoprintmachine.com\/","name":"","description":"","publisher":{"@id":"https:\/\/autoprintmachine.com\/#organization"},"potentialAction":[{"@type":"SearchAction","target":{"@type":"EntryPoint","urlTemplate":"https:\/\/autoprintmachine.com\/?s={search_term_string}"},"query-input":{"@type":"PropertyValueSpecification","valueRequired":true,"valueName":"search_term_string"}}],"inLanguage":"fr-FR"},{"@type":"Organization","@id":"https:\/\/autoprintmachine.com\/#organization","name":"Dongguan Auto Print Tech Co. Ltd","url":"https:\/\/autoprintmachine.com\/","logo":{"@type":"ImageObject","inLanguage":"fr-FR","@id":"https:\/\/autoprintmachine.com\/#\/schema\/logo\/image\/","url":"https:\/\/autoprintmachine.com\/wp-content\/uploads\/2023\/06\/screen_printing_logo_new.webp","contentUrl":"https:\/\/autoprintmachine.com\/wp-content\/uploads\/2023\/06\/screen_printing_logo_new.webp","width":890,"height":750,"caption":"Dongguan Auto Print Tech Co., Ltd"},"image":{"@id":"https:\/\/autoprintmachine.com\/#\/schema\/logo\/image\/"},"sameAs":["https:\/\/www.facebook.com\/autoprinttech\/","https:\/\/www.youtube.com\/channel\/UCJtPGiBbQWGE2DZLxySpCtw"]}]}},"_links":{"self":[{"href":"https:\/\/autoprintmachine.com\/fr\/wp-json\/wp\/v2\/product\/391","targetHints":{"allow":["GET"]}}],"collection":[{"href":"https:\/\/autoprintmachine.com\/fr\/wp-json\/wp\/v2\/product"}],"about":[{"href":"https:\/\/autoprintmachine.com\/fr\/wp-json\/wp\/v2\/types\/product"}],"wp:featuredmedia":[{"embeddable":true,"href":"https:\/\/autoprintmachine.com\/fr\/wp-json\/wp\/v2\/media\/393"}],"wp:attachment":[{"href":"https:\/\/autoprintmachine.com\/fr\/wp-json\/wp\/v2\/media?parent=391"}],"wp:term":[{"taxonomy":"product_brand","embeddable":true,"href":"https:\/\/autoprintmachine.com\/fr\/wp-json\/wp\/v2\/product_brand?post=391"},{"taxonomy":"product_cat","embeddable":true,"href":"https:\/\/autoprintmachine.com\/fr\/wp-json\/wp\/v2\/product_cat?post=391"},{"taxonomy":"product_tag","embeddable":true,"href":"https:\/\/autoprintmachine.com\/fr\/wp-json\/wp\/v2\/product_tag?post=391"}],"curies":[{"name":"wp","href":"https:\/\/api.w.org\/{rel}","templated":true}]}}