{"id":543,"date":"2020-08-26T08:05:00","date_gmt":"2020-08-26T08:05:00","guid":{"rendered":"https:\/\/onceauto.seowaimao.com\/?post_type=product&#038;p=543"},"modified":"2025-12-24T06:07:18","modified_gmt":"2025-12-24T06:07:18","slug":"machine-de-serigraphie-cylindrique-multicolore","status":"publish","type":"product","link":"https:\/\/autoprintmachine.com\/fr\/machine-de-serigraphie-cylindrique-multicolore\/","title":{"rendered":"Machine de s\u00e9rigraphie cylindrique multi-couleurs"},"content":{"rendered":"<section class=\"section\" id=\"section_1282994680\">\n\t\t<div class=\"section-bg fill\" >\n\t\t\t\t\t\t\t\t\t\n\t\t\t\n\n\t\t<\/div>\n\n\t\t\n\n\t\t<div class=\"section-content relative\">\n\t\t\t\n<div class=\"row\"  id=\"row-288714083\">\n\n\t<div id=\"col-2145701182\" class=\"col small-12 large-12\"  >\n\t\t\t\t<div class=\"col-inner\"  >\n\t\t\t\n\t\t\t\n<h2>Pr\u00e9sentation vid\u00e9o du produit : Machine de s\u00e9rigraphie cylindrique AP-400S<\/h2>\n\t\t<\/div>\n\t\t\t\t\t<\/div>\n\n\t\n\n\t<div id=\"col-1575474656\" class=\"col medium-2 small-12 large-2\"  >\n\t\t\t\t<div class=\"col-inner text-center\"  >\n\t\t\t\n\t\t\t\n\t\t<\/div>\n\t\t\t\t\t<\/div>\n\n\t\n\n\t<div id=\"col-1730684140\" class=\"col medium-8 small-12 large-8\"  >\n\t\t\t\t<div class=\"col-inner text-center\"  >\n\t\t\t\n\t\t\t\n<div class=\"video video-fit mb\" style=\"padding-top:56.25%;\"><p><iframe loading=\"lazy\" title=\"Machine semi-automatique d&#039;impression de gobelets en plastique 2 couleurs\" width=\"1020\" height=\"574\" src=\"https:\/\/www.youtube.com\/embed\/6YkJuxVgy-Y?feature=oembed\" frameborder=\"0\" allow=\"accelerometer; autoplay; clipboard-write; encrypted-media; gyroscope; picture-in-picture; web-share\" referrerpolicy=\"strict-origin-when-cross-origin\" allowfullscreen><\/iframe><\/p>\n<\/div>\n\t\t<\/div>\n\t\t\t\t\t<\/div>\n\n\t\n\n\t<div id=\"col-373732311\" class=\"col medium-2 small-12 large-2\"  >\n\t\t\t\t<div class=\"col-inner text-center\"  >\n\t\t\t\n\t\t\t\n\t\t<\/div>\n\t\t\t\t\t<\/div>\n\n\t\n<\/div>\n\t\t<\/div>\n\n\t\t\n<style>\n#section_1282994680 {\n  padding-top: 30px;\n  padding-bottom: 30px;\n}\n<\/style>\n\t<\/section>\n\t\n\n\t<section class=\"section\" id=\"section_1549260405\">\n\t\t<div class=\"section-bg fill\" >\n\t\t\t\t\t\t\t\t\t\n\t\t\t\n\n\t\t<\/div>\n\n\t\t\n\n\t\t<div class=\"section-content relative\">\n\t\t\t\n<div class=\"row\"  id=\"row-2136456442\">\n\n\t<div id=\"col-2141078966\" class=\"col small-12 large-12\"  >\n\t\t\t\t<div class=\"col-inner\"  >\n\t\t\t\n\t\t\t\t\t<\/div>\n\t\t\t\t\t<\/div>\n\n\t\n<h2>Aper\u00e7u de la s\u00e9rigraphie cylindrique AP-400S<\/h2>\n<p>La machine AP-400S est une machine \u00e0 s\u00e9rigraphier servo-motoris\u00e9e, \u00e0 mouvement gauche\/droite, rotative cylindrique. Elle est \u00e9quip\u00e9e d'un automate de marque et d'un \u00e9cran tactile qui contr\u00f4le tous les mouvements. Le diam\u00e8tre d'impression maximal peut atteindre 110 mm. Cette machine est \u00e9quip\u00e9e d'un capteur optique de marque pour l'impression de rep\u00e9rage couleur \u00e0 couleur. Elle est largement utilis\u00e9e pour les objets ronds sans marque de rep\u00e9rage (point d'ancrage) afin d'imprimer plusieurs couleurs. Gr\u00e2ce \u00e0 la rotation servo, cette machine n'a pas besoin d'engrenages pour imprimer des bouteilles de diam\u00e8tres diff\u00e9rents. Elle peut imprimer avec un rep\u00e9rage pr\u00e9cis.<\/p>\n<\/div>\n\t\t<\/div>\n\n\t\t\n<style>\n#section_1549260405 {\n  padding-top: 30px;\n  padding-bottom: 30px;\n}\n<\/style>\n\t<\/section>\n\t\n\n\t<section class=\"section\" id=\"section_1755741027\">\n\t\t<div class=\"section-bg fill\" >\n\t\t\t\t\t\t\t\t\t\n\t\t\t\n\n\t\t<\/div>\n\n\t\t\n\n\t\t<div class=\"section-content relative\">\n\t\t\t\n<div class=\"row\"  id=\"row-1255942233\">\n\n\t<div id=\"col-600564789\" class=\"col small-12 large-12\"  >\n\t\t\t\t<div class=\"col-inner\"  >\n\t\t\t\n\t\t\t\n<h2>Caract\u00e9ristiques principales de la machine de s\u00e9rigraphie cylindrique AP-400S<\/h2>\n<ol>\n<li>Sp\u00e9cialement con\u00e7u pour les objets ronds sans ergots d'enregistrement, tels que les bouteilles en plastique, les bouteilles d'eau, les r\u00e9cipients en verre, les filtres \u00e0 huile, les tubes cosm\u00e9tiques, etc.<\/li>\n<li>Changement d'outil rapide et facile gr\u00e2ce \u00e0 un servopositionnement de haute pr\u00e9cision. Toutes les commandes sont facilement accessibles via l'\u00e9cran tactile.<\/li>\n<li>Entra\u00eenement par servomoteur avec commande par \u00e9cran tactile PLC<\/li>\n<li>R\u00e9enregistrement par le capteur optique<\/li>\n<li>Fonctionnement stable et silencieux de la machine<\/li>\n<\/ol>\n\t\t<\/div>\n\t\t\t\t\t<\/div>\n\n\t\n<\/div>\n\t\t<\/div>\n\n\t\t\n<style>\n#section_1755741027 {\n  padding-top: 30px;\n  padding-bottom: 30px;\n}\n<\/style>\n\t<\/section>\n\t\n\n\t<section class=\"section\" id=\"section_910992230\">\n\t\t<div class=\"section-bg fill\" >\n\t\t\t\t\t\t\t\t\t\n\t\t\t\n\n\t\t<\/div>\n\n\t\t\n\n\t\t<div class=\"section-content relative\">\n\t\t\t\n<div class=\"row\"  id=\"row-1036029495\">\n\n\t<div id=\"col-286881115\" class=\"col small-12 large-12\"  >\n\t\t\t\t<div class=\"col-inner\"  >\n\t\t\t\n\t\t\t\n<h2>Sp\u00e9cifications techniques<\/h2>\n<table style=\"font-size: 15px;\" width=\"647\">\n<tbody>\n<tr>\n<td width=\"292\"><strong>Mod\u00e8le NO :<\/strong><\/td>\n<td width=\"355\">AP-400S<\/td>\n<\/tr>\n<tr>\n<td width=\"292\"><strong>Forme d'impression<\/strong><\/td>\n<td width=\"355\">Rond<\/td>\n<\/tr>\n<tr>\n<td width=\"292\"><strong>Course ascendante et descendante Entra\u00eenement :<\/strong><\/td>\n<td width=\"355\">Moteur \u00e9lectrique<\/td>\n<\/tr>\n<tr>\n<td width=\"292\"><strong>Course d'impression entra\u00een\u00e9e :<\/strong><\/td>\n<td width=\"355\">Servomoteur<\/td>\n<\/tr>\n<tr>\n<td width=\"292\"><strong>Syst\u00e8me de r\u00e9enregistrement :<\/strong><\/td>\n<td width=\"355\">Servomoteur et capteur optique<\/td>\n<\/tr>\n<tr>\n<td width=\"292\"><strong>Syst\u00e8me de contr\u00f4le : <\/strong><\/td>\n<td width=\"355\">PLC de marque et \u00e9cran tactile<\/td>\n<\/tr>\n<tr>\n<td width=\"292\"><strong>Imprimer le diam\u00e8tre rond :<\/strong><\/td>\n<td width=\"355\">\u00a0\u00d87mm(0.276\u2033)-\u00d8110mm (4.33\u2033)<\/td>\n<\/tr>\n<tr>\n<td width=\"292\"><strong>Surface d'impression maximale :<\/strong><\/td>\n<td width=\"355\">L350mm x H220 mm<\/td>\n<\/tr>\n<tr>\n<td width=\"292\"><strong>Taille maximale du cadre de l'\u00e9cran :<\/strong><\/td>\n<td width=\"355\">800 x 400mm (31.50\u2033 x 15.74\u2033)<\/td>\n<\/tr>\n<tr>\n<td width=\"292\"><strong>Vitesse du cycle d'impression :<\/strong><\/td>\n<td width=\"355\">2000 cycles\/heure<\/td>\n<\/tr>\n<tr>\n<td width=\"292\"><strong>Tol\u00e9rance d'enregistrement : <\/strong><\/td>\n<td width=\"355\">+\/- 0,3-0,5 mm (sauf tol\u00e9rance sur les produits)<\/td>\n<\/tr>\n<tr>\n<td width=\"292\"><strong>Alimentation \u00e9lectrique : <\/strong><\/td>\n<td width=\"355\">110V\/220V 50-60Hz 2,5KW<\/td>\n<\/tr>\n<tr>\n<td width=\"292\"><strong>Besoin en air :<\/strong><\/td>\n<td width=\"355\">5-7 bar<\/td>\n<\/tr>\n<tr>\n<td width=\"292\"><strong>Dimension de la machine :<\/strong><\/td>\n<td width=\"355\">L900 x L800 x H1450 mm<\/td>\n<\/tr>\n<tr>\n<td width=\"292\"><strong>Poids : <\/strong><\/td>\n<td width=\"355\">200 kg (440.92 lbs)<\/td>\n<\/tr>\n<\/tbody>\n<\/table>\n\t\t<\/div>\n\t\t\t\t\t<\/div>\n\n\t\n<\/div>\n\t\t<\/div>\n\n\t\t\n<style>\n#section_910992230 {\n  padding-top: 30px;\n  padding-bottom: 30px;\n}\n<\/style>\n\t<\/section>","protected":false},"excerpt":{"rendered":"<p>La machine de s\u00e9rigraphie ronde AP-400S est con\u00e7ue pour les objets cylindriques, tels que les bouteilles, les conteneurs et les gobelets, qui n'ont pas de marque d'enregistrement (point d'ancrage) mais qui n\u00e9cessitent une impression multicolore. Le diam\u00e8tre d'impression maximal est de 110 mm. Ce type de machine de s\u00e9rigraphie est largement utilis\u00e9 pour l'impression sur des bouteilles, r\u00e9cipients et gobelets ronds, tels que les bouteilles d'eau de sport et les gobelets en plastique.<\/p>\n<p>&nbsp;<\/p>","protected":false},"featured_media":544,"template":"","meta":[],"product_brand":[],"product_cat":[15],"product_tag":[],"class_list":{"0":"post-543","1":"product","2":"type-product","3":"status-publish","4":"has-post-thumbnail","6":"product_cat-automatic-cylindrical-screen-printing-machine","8":"first","9":"instock","10":"shipping-taxable","11":"product-type-simple"},"yoast_head":"<!-- This site is optimized with the Yoast SEO plugin v27.4 - https:\/\/yoast.com\/product\/yoast-seo-wordpress\/ -->\n<title>Multi Color Screen Printing Machine on Cylindrical products<\/title>\n<meta name=\"description\" content=\"Our machine can print different patterns on round products with touch screen control system. And without gear when the diameter is different.\" \/>\n<meta name=\"robots\" content=\"index, follow, max-snippet:-1, max-image-preview:large, max-video-preview:-1\" \/>\n<link rel=\"canonical\" href=\"https:\/\/autoprintmachine.com\/fr\/machine-de-serigraphie-cylindrique-multicolore\/\" \/>\n<meta property=\"og:locale\" content=\"fr_FR\" \/>\n<meta property=\"og:type\" content=\"article\" \/>\n<meta property=\"og:title\" content=\"Multi Color Screen Printing Machine on Cylindrical products\" \/>\n<meta property=\"og:description\" content=\"Our machine can print different patterns on round products with touch screen control system. And without gear when the diameter is different.\" \/>\n<meta property=\"og:url\" content=\"https:\/\/autoprintmachine.com\/fr\/machine-de-serigraphie-cylindrique-multicolore\/\" \/>\n<meta property=\"article:publisher\" content=\"https:\/\/www.facebook.com\/autoprinttech\/\" \/>\n<meta property=\"article:modified_time\" content=\"2025-12-24T06:07:18+00:00\" \/>\n<meta property=\"og:image\" content=\"https:\/\/autoprintmachine.com\/wp-content\/uploads\/2020\/08\/OS-400S.jpg\" \/>\n\t<meta property=\"og:image:width\" content=\"600\" \/>\n\t<meta property=\"og:image:height\" content=\"600\" \/>\n\t<meta property=\"og:image:type\" content=\"image\/jpeg\" \/>\n<meta name=\"twitter:card\" content=\"summary_large_image\" \/>\n<meta name=\"twitter:label1\" content=\"Est. reading time\" \/>\n\t<meta name=\"twitter:data1\" content=\"2 minutes\" \/>\n<script type=\"application\/ld+json\" class=\"yoast-schema-graph\">{\"@context\":\"https:\\\/\\\/schema.org\",\"@graph\":[{\"@type\":\"WebPage\",\"@id\":\"https:\\\/\\\/autoprintmachine.com\\\/multi-color-cylindrical-screen-printing-machine\\\/\",\"url\":\"https:\\\/\\\/autoprintmachine.com\\\/multi-color-cylindrical-screen-printing-machine\\\/\",\"name\":\"Multi Color Screen Printing Machine on Cylindrical products\",\"isPartOf\":{\"@id\":\"https:\\\/\\\/autoprintmachine.com\\\/#website\"},\"primaryImageOfPage\":{\"@id\":\"https:\\\/\\\/autoprintmachine.com\\\/multi-color-cylindrical-screen-printing-machine\\\/#primaryimage\"},\"image\":{\"@id\":\"https:\\\/\\\/autoprintmachine.com\\\/multi-color-cylindrical-screen-printing-machine\\\/#primaryimage\"},\"thumbnailUrl\":\"https:\\\/\\\/autoprintmachine.com\\\/wp-content\\\/uploads\\\/2020\\\/08\\\/OS-400S.jpg\",\"datePublished\":\"2020-08-26T08:05:00+00:00\",\"dateModified\":\"2025-12-24T06:07:18+00:00\",\"description\":\"Our machine can print different patterns on round products with touch screen control system. And without gear when the diameter is different.\",\"breadcrumb\":{\"@id\":\"https:\\\/\\\/autoprintmachine.com\\\/multi-color-cylindrical-screen-printing-machine\\\/#breadcrumb\"},\"inLanguage\":\"fr-FR\",\"potentialAction\":[{\"@type\":\"ReadAction\",\"target\":[\"https:\\\/\\\/autoprintmachine.com\\\/multi-color-cylindrical-screen-printing-machine\\\/\"]}]},{\"@type\":\"ImageObject\",\"inLanguage\":\"fr-FR\",\"@id\":\"https:\\\/\\\/autoprintmachine.com\\\/multi-color-cylindrical-screen-printing-machine\\\/#primaryimage\",\"url\":\"https:\\\/\\\/autoprintmachine.com\\\/wp-content\\\/uploads\\\/2020\\\/08\\\/OS-400S.jpg\",\"contentUrl\":\"https:\\\/\\\/autoprintmachine.com\\\/wp-content\\\/uploads\\\/2020\\\/08\\\/OS-400S.jpg\",\"width\":600,\"height\":600,\"caption\":\"automatic screen printing machine\"},{\"@type\":\"BreadcrumbList\",\"@id\":\"https:\\\/\\\/autoprintmachine.com\\\/multi-color-cylindrical-screen-printing-machine\\\/#breadcrumb\",\"itemListElement\":[{\"@type\":\"ListItem\",\"position\":1,\"name\":\"Home\",\"item\":\"https:\\\/\\\/autoprintmachine.com\\\/\"},{\"@type\":\"ListItem\",\"position\":2,\"name\":\"Products\",\"item\":\"https:\\\/\\\/autoprintmachine.com\\\/shop\\\/\"},{\"@type\":\"ListItem\",\"position\":3,\"name\":\"Multi Color Cylindrical Screen Printing Machine\"}]},{\"@type\":\"WebSite\",\"@id\":\"https:\\\/\\\/autoprintmachine.com\\\/#website\",\"url\":\"https:\\\/\\\/autoprintmachine.com\\\/\",\"name\":\"\",\"description\":\"\",\"publisher\":{\"@id\":\"https:\\\/\\\/autoprintmachine.com\\\/#organization\"},\"potentialAction\":[{\"@type\":\"SearchAction\",\"target\":{\"@type\":\"EntryPoint\",\"urlTemplate\":\"https:\\\/\\\/autoprintmachine.com\\\/?s={search_term_string}\"},\"query-input\":{\"@type\":\"PropertyValueSpecification\",\"valueRequired\":true,\"valueName\":\"search_term_string\"}}],\"inLanguage\":\"fr-FR\"},{\"@type\":\"Organization\",\"@id\":\"https:\\\/\\\/autoprintmachine.com\\\/#organization\",\"name\":\"Dongguan Auto Print Tech Co., Ltd\",\"url\":\"https:\\\/\\\/autoprintmachine.com\\\/\",\"logo\":{\"@type\":\"ImageObject\",\"inLanguage\":\"fr-FR\",\"@id\":\"https:\\\/\\\/autoprintmachine.com\\\/#\\\/schema\\\/logo\\\/image\\\/\",\"url\":\"https:\\\/\\\/autoprintmachine.com\\\/wp-content\\\/uploads\\\/2023\\\/06\\\/screen_printing_logo_new.webp\",\"contentUrl\":\"https:\\\/\\\/autoprintmachine.com\\\/wp-content\\\/uploads\\\/2023\\\/06\\\/screen_printing_logo_new.webp\",\"width\":890,\"height\":750,\"caption\":\"Dongguan Auto Print Tech Co., Ltd\"},\"image\":{\"@id\":\"https:\\\/\\\/autoprintmachine.com\\\/#\\\/schema\\\/logo\\\/image\\\/\"},\"sameAs\":[\"https:\\\/\\\/www.facebook.com\\\/autoprinttech\\\/\",\"https:\\\/\\\/www.youtube.com\\\/channel\\\/UCJtPGiBbQWGE2DZLxySpCtw\"]}]}<\/script>\n<!-- \/ Yoast SEO plugin. -->","yoast_head_json":{"title":"Machine de s\u00e9rigraphie multi-couleurs sur produits cylindriques","description":"Notre machine peut imprimer diff\u00e9rents motifs sur des produits ronds gr\u00e2ce \u00e0 un syst\u00e8me de commande \u00e0 \u00e9cran tactile. Et sans engrenage lorsque le diam\u00e8tre est diff\u00e9rent.","robots":{"index":"index","follow":"follow","max-snippet":"max-snippet:-1","max-image-preview":"max-image-preview:large","max-video-preview":"max-video-preview:-1"},"canonical":"https:\/\/autoprintmachine.com\/fr\/machine-de-serigraphie-cylindrique-multicolore\/","og_locale":"fr_FR","og_type":"article","og_title":"Multi Color Screen Printing Machine on Cylindrical products","og_description":"Our machine can print different patterns on round products with touch screen control system. And without gear when the diameter is different.","og_url":"https:\/\/autoprintmachine.com\/fr\/machine-de-serigraphie-cylindrique-multicolore\/","article_publisher":"https:\/\/www.facebook.com\/autoprinttech\/","article_modified_time":"2025-12-24T06:07:18+00:00","og_image":[{"width":600,"height":600,"url":"https:\/\/autoprintmachine.com\/wp-content\/uploads\/2020\/08\/OS-400S.jpg","type":"image\/jpeg"}],"twitter_card":"summary_large_image","twitter_misc":{"Est. reading time":"2 minutes"},"schema":{"@context":"https:\/\/schema.org","@graph":[{"@type":"WebPage","@id":"https:\/\/autoprintmachine.com\/multi-color-cylindrical-screen-printing-machine\/","url":"https:\/\/autoprintmachine.com\/multi-color-cylindrical-screen-printing-machine\/","name":"Machine de s\u00e9rigraphie multi-couleurs sur produits cylindriques","isPartOf":{"@id":"https:\/\/autoprintmachine.com\/#website"},"primaryImageOfPage":{"@id":"https:\/\/autoprintmachine.com\/multi-color-cylindrical-screen-printing-machine\/#primaryimage"},"image":{"@id":"https:\/\/autoprintmachine.com\/multi-color-cylindrical-screen-printing-machine\/#primaryimage"},"thumbnailUrl":"https:\/\/autoprintmachine.com\/wp-content\/uploads\/2020\/08\/OS-400S.jpg","datePublished":"2020-08-26T08:05:00+00:00","dateModified":"2025-12-24T06:07:18+00:00","description":"Notre machine peut imprimer diff\u00e9rents motifs sur des produits ronds gr\u00e2ce \u00e0 un syst\u00e8me de commande \u00e0 \u00e9cran tactile. Et sans engrenage lorsque le diam\u00e8tre est diff\u00e9rent.","breadcrumb":{"@id":"https:\/\/autoprintmachine.com\/multi-color-cylindrical-screen-printing-machine\/#breadcrumb"},"inLanguage":"fr-FR","potentialAction":[{"@type":"ReadAction","target":["https:\/\/autoprintmachine.com\/multi-color-cylindrical-screen-printing-machine\/"]}]},{"@type":"ImageObject","inLanguage":"fr-FR","@id":"https:\/\/autoprintmachine.com\/multi-color-cylindrical-screen-printing-machine\/#primaryimage","url":"https:\/\/autoprintmachine.com\/wp-content\/uploads\/2020\/08\/OS-400S.jpg","contentUrl":"https:\/\/autoprintmachine.com\/wp-content\/uploads\/2020\/08\/OS-400S.jpg","width":600,"height":600,"caption":"automatic screen printing machine"},{"@type":"BreadcrumbList","@id":"https:\/\/autoprintmachine.com\/multi-color-cylindrical-screen-printing-machine\/#breadcrumb","itemListElement":[{"@type":"ListItem","position":1,"name":"Home","item":"https:\/\/autoprintmachine.com\/"},{"@type":"ListItem","position":2,"name":"Products","item":"https:\/\/autoprintmachine.com\/shop\/"},{"@type":"ListItem","position":3,"name":"Multi Color Cylindrical Screen Printing Machine"}]},{"@type":"WebSite","@id":"https:\/\/autoprintmachine.com\/#website","url":"https:\/\/autoprintmachine.com\/","name":"","description":"","publisher":{"@id":"https:\/\/autoprintmachine.com\/#organization"},"potentialAction":[{"@type":"SearchAction","target":{"@type":"EntryPoint","urlTemplate":"https:\/\/autoprintmachine.com\/?s={search_term_string}"},"query-input":{"@type":"PropertyValueSpecification","valueRequired":true,"valueName":"search_term_string"}}],"inLanguage":"fr-FR"},{"@type":"Organization","@id":"https:\/\/autoprintmachine.com\/#organization","name":"Dongguan Auto Print Tech Co. Ltd","url":"https:\/\/autoprintmachine.com\/","logo":{"@type":"ImageObject","inLanguage":"fr-FR","@id":"https:\/\/autoprintmachine.com\/#\/schema\/logo\/image\/","url":"https:\/\/autoprintmachine.com\/wp-content\/uploads\/2023\/06\/screen_printing_logo_new.webp","contentUrl":"https:\/\/autoprintmachine.com\/wp-content\/uploads\/2023\/06\/screen_printing_logo_new.webp","width":890,"height":750,"caption":"Dongguan Auto Print Tech Co., Ltd"},"image":{"@id":"https:\/\/autoprintmachine.com\/#\/schema\/logo\/image\/"},"sameAs":["https:\/\/www.facebook.com\/autoprinttech\/","https:\/\/www.youtube.com\/channel\/UCJtPGiBbQWGE2DZLxySpCtw"]}]}},"_links":{"self":[{"href":"https:\/\/autoprintmachine.com\/fr\/wp-json\/wp\/v2\/product\/543","targetHints":{"allow":["GET"]}}],"collection":[{"href":"https:\/\/autoprintmachine.com\/fr\/wp-json\/wp\/v2\/product"}],"about":[{"href":"https:\/\/autoprintmachine.com\/fr\/wp-json\/wp\/v2\/types\/product"}],"wp:featuredmedia":[{"embeddable":true,"href":"https:\/\/autoprintmachine.com\/fr\/wp-json\/wp\/v2\/media\/544"}],"wp:attachment":[{"href":"https:\/\/autoprintmachine.com\/fr\/wp-json\/wp\/v2\/media?parent=543"}],"wp:term":[{"taxonomy":"product_brand","embeddable":true,"href":"https:\/\/autoprintmachine.com\/fr\/wp-json\/wp\/v2\/product_brand?post=543"},{"taxonomy":"product_cat","embeddable":true,"href":"https:\/\/autoprintmachine.com\/fr\/wp-json\/wp\/v2\/product_cat?post=543"},{"taxonomy":"product_tag","embeddable":true,"href":"https:\/\/autoprintmachine.com\/fr\/wp-json\/wp\/v2\/product_tag?post=543"}],"curies":[{"name":"wp","href":"https:\/\/api.w.org\/{rel}","templated":true}]}}