{"id":561,"date":"2020-09-19T03:02:20","date_gmt":"2020-09-19T03:02:20","guid":{"rendered":"https:\/\/autoprintmachine.com\/?post_type=product&#038;p=561"},"modified":"2026-01-06T05:18:35","modified_gmt":"2026-01-06T05:18:35","slug":"servo-driven-tabletop-one-color-pad-printing-machine","status":"publish","type":"product","link":"https:\/\/autoprintmachine.com\/fr\/machine-de-tampographie-unicolore-de-table-a-servomoteur\/","title":{"rendered":"Machine de tampographie unicolore de table \u00e0 servomoteur"},"content":{"rendered":"<h2><strong>INTRODUCTION<\/strong><\/h2>\n<p><strong>AP-100-SM<\/strong> La machine de tampographie command\u00e9e par servomoteur est un syst\u00e8me de tampographie unicolore compact et pr\u00e9cis qui est \u00e0 la fois convivial et rapide \u00e0 installer. Elle est dot\u00e9e d'un panneau de commande tactile programmable, \u00e0 partir duquel toutes les fonctions peuvent \u00eatre facilement programm\u00e9es.<\/p>\n<p><strong>L'AP-100-SM<\/strong> est \u00e9quip\u00e9e de servomoteurs Panasonic qui commandent le mouvement avant\/arri\u00e8re de la plaque et la course du tampon sur les objets imprim\u00e9s.<\/p>\n<p><strong>L'AP-100-SM<\/strong> La machine de tampographie \u00e0 servocommande convient \u00e0 l'impression rapide et \u00e0 petite \u00e9chelle d'une seule couleur et est largement utilis\u00e9e dans de nombreux secteurs, notamment la papeterie, les jouets, les plastiques, les cadeaux, les appareils \u00e9lectriques et l'\u00e9lectronique.<\/p>\n<h2><strong>Caract\u00e9ristiques standard :<\/strong><\/h2>\n<ul>\n<li>Tamponneuse mono-couleur compacte et pr\u00e9cise<\/li>\n<li>Convivialit\u00e9 et rapidit\u00e9 d'installation<\/li>\n<li>L'automate Mitsubishi et l'\u00e9cran tactile Weinview contr\u00f4lent tous les mouvements.<\/li>\n<li>Le servomoteur entra\u00eene le mouvement avant et arri\u00e8re de la plaque.<\/li>\n<li>\u00a0Course d'impression programmable entra\u00een\u00e9e par un servomoteur<\/li>\n<li>Dispositif de nettoyage automatique des tampons avec bande (en option)<\/li>\n<li>Commande par \u00e9cran tactile avec m\u00e9morisation des travaux<\/li>\n<li>Fonctionnement souple et silencieux de la machine<\/li>\n<\/ul>\n<h2><strong>Sp\u00e9cifications :<\/strong><\/h2>\n<table width=\"643\">\n<tbody>\n<tr>\n<td width=\"260\">Mod\u00e8le<\/td>\n<td width=\"383\">AP-100-SM<\/td>\n<\/tr>\n<tr>\n<td width=\"260\">Syst\u00e8me de contr\u00f4le<\/td>\n<td width=\"383\">Automate Mitsubishi et \u00e9cran tactile Weinview<\/td>\n<\/tr>\n<tr>\n<td width=\"260\">Entra\u00eenement de la course avant\/arri\u00e8re<\/td>\n<td width=\"383\">Servomoteur Panasonic<\/td>\n<\/tr>\n<tr>\n<td width=\"260\">Impression haut\/bas pilot\u00e9e par le trait d'impression<\/td>\n<td width=\"383\">Servomoteur Panasonic<\/td>\n<\/tr>\n<tr>\n<td width=\"260\">Taille du clich\u00e9<\/td>\n<td width=\"383\">100 x 215 mm<\/td>\n<\/tr>\n<tr>\n<td width=\"260\">Epaisseur du clich\u00e9<\/td>\n<td width=\"383\">0,3 mm ou 0,5 mm ou 10 mm<\/td>\n<\/tr>\n<tr>\n<td width=\"260\">Taille du gobelet d'encre<\/td>\n<td width=\"383\">ID90 x OD100 mm<\/td>\n<\/tr>\n<tr>\n<td width=\"260\">Taille d'impression max.<\/td>\n<td width=\"383\">\u00d8 85 mm<\/td>\n<\/tr>\n<tr>\n<td width=\"260\">Cycles de fonctionnement\/heure Max.<\/td>\n<td width=\"383\">1800 &#8211; 6300<\/td>\n<\/tr>\n<tr>\n<td width=\"260\">Coup de tampon<\/td>\n<td width=\"383\">100 mm<\/td>\n<\/tr>\n<tr>\n<td width=\"260\">Tension principale<\/td>\n<td width=\"383\">110V\/220V\/230V 1Phase 50\/60Hz<\/td>\n<\/tr>\n<tr>\n<td width=\"260\">Tension de contr\u00f4le<\/td>\n<td width=\"383\">24 V\/DC<\/td>\n<\/tr>\n<tr>\n<td width=\"260\">Poids<\/td>\n<td width=\"383\">100 kg environ.<\/td>\n<\/tr>\n<tr>\n<td width=\"260\">Taille de la machine<\/td>\n<td width=\"383\">L670 x L420 x H766 mm<\/td>\n<\/tr>\n<\/tbody>\n<\/table>","protected":false},"excerpt":{"rendered":"<p>L'AP-100-SM est une machine de tampographie de table avec une course servocommand\u00e9e haut\/bas et avant\/arri\u00e8re. Toutes les op\u00e9rations peuvent \u00eatre r\u00e9gl\u00e9es et programm\u00e9es via l'\u00e9cran tactile et contr\u00f4l\u00e9es par un automate programmable de marque. Cette machine de tampographie a des performances stables et peut r\u00e9aliser des impressions de haute pr\u00e9cision. La taille de l'encrier de cette machine de tampographie est de 90x100mm, et la taille de la plaque d'impression est de 100x215mm. Elle est largement utilis\u00e9e pour l'impression de petites pi\u00e8ces, en particulier les pi\u00e8ces de haute qualit\u00e9 telles que les composants automobiles et \u00e9lectroniques. Cette machine de tampographie de table est \u00e9galement adapt\u00e9e \u00e0 l'int\u00e9gration dans les lignes de production.<\/p>","protected":false},"featured_media":1369,"template":"","meta":[],"product_cat":[23],"class_list":{"0":"post-561","1":"product","2":"type-product","3":"status-publish","4":"has-post-thumbnail","6":"product_cat-pad-printing-machine","8":"first","9":"instock","10":"shipping-taxable","11":"product-type-simple"},"acf":[],"yoast_head":"<!-- This site is optimized with the Yoast SEO plugin v23.9 - https:\/\/yoast.com\/wordpress\/plugins\/seo\/ -->\n<title>Servo Tabletop One Color Pad Printing Machine with High-Quality<\/title>\n<meta name=\"description\" content=\"AP-100-SM is a tabletop pad printing machine with an up\/down drive and front\/rear drive, all driven by servo motors.\" \/>\n<meta name=\"robots\" content=\"index, follow, max-snippet:-1, max-image-preview:large, max-video-preview:-1\" \/>\n<link rel=\"canonical\" href=\"https:\/\/autoprintmachine.com\/fr\/machine-de-tampographie-unicolore-de-table-a-servomoteur\/\" \/>\n<meta property=\"og:locale\" content=\"fr_FR\" \/>\n<meta property=\"og:type\" content=\"article\" \/>\n<meta property=\"og:title\" content=\"Servo Tabletop One Color Pad Printing Machine with High-Quality\" \/>\n<meta property=\"og:description\" content=\"AP-100-SM is a tabletop pad printing machine with an up\/down drive and front\/rear drive, all driven by servo motors.\" \/>\n<meta property=\"og:url\" content=\"https:\/\/autoprintmachine.com\/fr\/machine-de-tampographie-unicolore-de-table-a-servomoteur\/\" \/>\n<meta property=\"article:modified_time\" content=\"2026-01-06T05:18:35+00:00\" \/>\n<meta property=\"og:image\" content=\"https:\/\/autoprintmachine.com\/wp-content\/uploads\/2022\/03\/125-1-SM.jpg\" \/>\n\t<meta property=\"og:image:width\" content=\"600\" \/>\n\t<meta property=\"og:image:height\" content=\"600\" \/>\n\t<meta property=\"og:image:type\" content=\"image\/jpeg\" \/>\n<meta name=\"twitter:card\" content=\"summary_large_image\" \/>\n<meta name=\"twitter:label1\" content=\"Dur\u00e9e de lecture estim\u00e9e\" \/>\n\t<meta name=\"twitter:data1\" content=\"2 minutes\" \/>\n<script type=\"application\/ld+json\" class=\"yoast-schema-graph\">{\"@context\":\"https:\/\/schema.org\",\"@graph\":[{\"@type\":\"WebPage\",\"@id\":\"https:\/\/autoprintmachine.com\/servo-driven-tabletop-one-color-pad-printing-machine\/\",\"url\":\"https:\/\/autoprintmachine.com\/servo-driven-tabletop-one-color-pad-printing-machine\/\",\"name\":\"Servo Tabletop One Color Pad Printing Machine with High-Quality\",\"isPartOf\":{\"@id\":\"https:\/\/autoprintmachine.com\/#website\"},\"primaryImageOfPage\":{\"@id\":\"https:\/\/autoprintmachine.com\/servo-driven-tabletop-one-color-pad-printing-machine\/#primaryimage\"},\"image\":{\"@id\":\"https:\/\/autoprintmachine.com\/servo-driven-tabletop-one-color-pad-printing-machine\/#primaryimage\"},\"thumbnailUrl\":\"https:\/\/autoprintmachine.com\/wp-content\/uploads\/2022\/03\/125-1-SM.jpg\",\"datePublished\":\"2020-09-19T03:02:20+00:00\",\"dateModified\":\"2026-01-06T05:18:35+00:00\",\"description\":\"AP-100-SM is a tabletop pad printing machine with an up\/down drive and front\/rear drive, all driven by servo motors.\",\"breadcrumb\":{\"@id\":\"https:\/\/autoprintmachine.com\/servo-driven-tabletop-one-color-pad-printing-machine\/#breadcrumb\"},\"inLanguage\":\"fr-FR\",\"potentialAction\":[{\"@type\":\"ReadAction\",\"target\":[\"https:\/\/autoprintmachine.com\/servo-driven-tabletop-one-color-pad-printing-machine\/\"]}]},{\"@type\":\"ImageObject\",\"inLanguage\":\"fr-FR\",\"@id\":\"https:\/\/autoprintmachine.com\/servo-driven-tabletop-one-color-pad-printing-machine\/#primaryimage\",\"url\":\"https:\/\/autoprintmachine.com\/wp-content\/uploads\/2022\/03\/125-1-SM.jpg\",\"contentUrl\":\"https:\/\/autoprintmachine.com\/wp-content\/uploads\/2022\/03\/125-1-SM.jpg\",\"width\":600,\"height\":600,\"caption\":\"125 1 SM\"},{\"@type\":\"BreadcrumbList\",\"@id\":\"https:\/\/autoprintmachine.com\/servo-driven-tabletop-one-color-pad-printing-machine\/#breadcrumb\",\"itemListElement\":[{\"@type\":\"ListItem\",\"position\":1,\"name\":\"Home\",\"item\":\"https:\/\/autoprintmachine.com\/\"},{\"@type\":\"ListItem\",\"position\":2,\"name\":\"Products\",\"item\":\"https:\/\/autoprintmachine.com\/shop\/\"},{\"@type\":\"ListItem\",\"position\":3,\"name\":\"Servo Driven Tabletop One Color Pad Printing Machine\"}]},{\"@type\":\"WebSite\",\"@id\":\"https:\/\/autoprintmachine.com\/#website\",\"url\":\"https:\/\/autoprintmachine.com\/\",\"name\":\"\",\"description\":\"\",\"potentialAction\":[{\"@type\":\"SearchAction\",\"target\":{\"@type\":\"EntryPoint\",\"urlTemplate\":\"https:\/\/autoprintmachine.com\/?s={search_term_string}\"},\"query-input\":{\"@type\":\"PropertyValueSpecification\",\"valueRequired\":true,\"valueName\":\"search_term_string\"}}],\"inLanguage\":\"fr-FR\"}]}<\/script>\n<!-- \/ Yoast SEO plugin. -->","yoast_head_json":{"title":"Servo Tabletop One Color Pad Printing Machine with High-Quality","description":"AP-100-SM is a tabletop pad printing machine with an up\/down drive and front\/rear drive, all driven by servo motors.","robots":{"index":"index","follow":"follow","max-snippet":"max-snippet:-1","max-image-preview":"max-image-preview:large","max-video-preview":"max-video-preview:-1"},"canonical":"https:\/\/autoprintmachine.com\/fr\/machine-de-tampographie-unicolore-de-table-a-servomoteur\/","og_locale":"fr_FR","og_type":"article","og_title":"Servo Tabletop One Color Pad Printing Machine with High-Quality","og_description":"AP-100-SM is a tabletop pad printing machine with an up\/down drive and front\/rear drive, all driven by servo motors.","og_url":"https:\/\/autoprintmachine.com\/fr\/machine-de-tampographie-unicolore-de-table-a-servomoteur\/","article_modified_time":"2026-01-06T05:18:35+00:00","og_image":[{"width":600,"height":600,"url":"https:\/\/autoprintmachine.com\/wp-content\/uploads\/2022\/03\/125-1-SM.jpg","type":"image\/jpeg"}],"twitter_card":"summary_large_image","twitter_misc":{"Dur\u00e9e de lecture estim\u00e9e":"2 minutes"},"schema":{"@context":"https:\/\/schema.org","@graph":[{"@type":"WebPage","@id":"https:\/\/autoprintmachine.com\/servo-driven-tabletop-one-color-pad-printing-machine\/","url":"https:\/\/autoprintmachine.com\/servo-driven-tabletop-one-color-pad-printing-machine\/","name":"Servo Tabletop One Color Pad Printing Machine with High-Quality","isPartOf":{"@id":"https:\/\/autoprintmachine.com\/#website"},"primaryImageOfPage":{"@id":"https:\/\/autoprintmachine.com\/servo-driven-tabletop-one-color-pad-printing-machine\/#primaryimage"},"image":{"@id":"https:\/\/autoprintmachine.com\/servo-driven-tabletop-one-color-pad-printing-machine\/#primaryimage"},"thumbnailUrl":"https:\/\/autoprintmachine.com\/wp-content\/uploads\/2022\/03\/125-1-SM.jpg","datePublished":"2020-09-19T03:02:20+00:00","dateModified":"2026-01-06T05:18:35+00:00","description":"AP-100-SM is a tabletop pad printing machine with an up\/down drive and front\/rear drive, all driven by servo motors.","breadcrumb":{"@id":"https:\/\/autoprintmachine.com\/servo-driven-tabletop-one-color-pad-printing-machine\/#breadcrumb"},"inLanguage":"fr-FR","potentialAction":[{"@type":"ReadAction","target":["https:\/\/autoprintmachine.com\/servo-driven-tabletop-one-color-pad-printing-machine\/"]}]},{"@type":"ImageObject","inLanguage":"fr-FR","@id":"https:\/\/autoprintmachine.com\/servo-driven-tabletop-one-color-pad-printing-machine\/#primaryimage","url":"https:\/\/autoprintmachine.com\/wp-content\/uploads\/2022\/03\/125-1-SM.jpg","contentUrl":"https:\/\/autoprintmachine.com\/wp-content\/uploads\/2022\/03\/125-1-SM.jpg","width":600,"height":600,"caption":"125 1 SM"},{"@type":"BreadcrumbList","@id":"https:\/\/autoprintmachine.com\/servo-driven-tabletop-one-color-pad-printing-machine\/#breadcrumb","itemListElement":[{"@type":"ListItem","position":1,"name":"Home","item":"https:\/\/autoprintmachine.com\/"},{"@type":"ListItem","position":2,"name":"Products","item":"https:\/\/autoprintmachine.com\/shop\/"},{"@type":"ListItem","position":3,"name":"Servo Driven Tabletop One Color Pad Printing Machine"}]},{"@type":"WebSite","@id":"https:\/\/autoprintmachine.com\/#website","url":"https:\/\/autoprintmachine.com\/","name":"","description":"","potentialAction":[{"@type":"SearchAction","target":{"@type":"EntryPoint","urlTemplate":"https:\/\/autoprintmachine.com\/?s={search_term_string}"},"query-input":{"@type":"PropertyValueSpecification","valueRequired":true,"valueName":"search_term_string"}}],"inLanguage":"fr-FR"}]}},"_links":{"self":[{"href":"https:\/\/autoprintmachine.com\/fr\/wp-json\/wp\/v2\/product\/561","targetHints":{"allow":["GET"]}}],"collection":[{"href":"https:\/\/autoprintmachine.com\/fr\/wp-json\/wp\/v2\/product"}],"about":[{"href":"https:\/\/autoprintmachine.com\/fr\/wp-json\/wp\/v2\/types\/product"}],"wp:featuredmedia":[{"embeddable":true,"href":"https:\/\/autoprintmachine.com\/fr\/wp-json\/wp\/v2\/media\/1369"}],"wp:attachment":[{"href":"https:\/\/autoprintmachine.com\/fr\/wp-json\/wp\/v2\/media?parent=561"}],"wp:term":[{"taxonomy":"product_cat","embeddable":true,"href":"https:\/\/autoprintmachine.com\/fr\/wp-json\/wp\/v2\/product_cat?post=561"}],"curies":[{"name":"wp","href":"https:\/\/api.w.org\/{rel}","templated":true}]}}