{"id":2487,"date":"2025-06-06T06:29:43","date_gmt":"2025-06-06T06:29:43","guid":{"rendered":"https:\/\/autoprintmachine.com\/?post_type=product&#038;p=2487"},"modified":"2026-01-13T05:44:02","modified_gmt":"2026-01-13T05:44:02","slug":"ap-200w-uv-exposure-unit-for-pad-printing-cliche-making","status":"publish","type":"product","link":"https:\/\/autoprintmachine.com\/it\/ap-200w-unita-di-esposizione-uv-per-la-produzione-di-cliche-in-tampografia\/","title":{"rendered":"AP-200W Unit\u00e0 di esposizione UV per la produzione di cliche in tampografia"},"content":{"rendered":"<section class=\"section\" id=\"section_1066483462\">\n\t\t<div class=\"section-bg fill\" >\n\t\t\t\t\t\t\t\t\t\n\t\t\t\n\n\t\t<\/div>\n\n\t\t\n\n\t\t<div class=\"section-content relative\">\n\t\t\t\n<div class=\"row\"  id=\"row-1724566456\">\n\n\t<div id=\"col-153199542\" class=\"col small-12 large-12\"  >\n\t\t\t\t<div class=\"col-inner\"  >\n\t\t\t\n\t\t\t\n<h2>Introduzione<\/h2>\n<p>La macchina per l'esposizione di clich\u00e9 AP-200W \u00e8 progettata per la produzione di lastre d'acciaio in tampografia. Adotta tubi a lampada ultravioletta da 200W ad alta efficienza. Ha le caratteristiche di esposizione uniforme, basso consumo energetico e facilit\u00e0 di funzionamento. \u00c8 adatta per piccole aziende di stampa, studi personalizzati e processi di tampografia di precisione.<\/p>\n\t\t<\/div>\n\t\t\t\t\t<\/div>\n\n\t\n<\/div>\n\t\t<\/div>\n\n\t\t\n<style>\n#section_1066483462 {\n  padding-top: 30px;\n  padding-bottom: 30px;\n}\n<\/style>\n\t<\/section>\n\t\n\n\t<section class=\"section\" id=\"section_1470950487\">\n\t\t<div class=\"section-bg fill\" >\n\t\t\t\t\t\t\t\t\t\n\t\t\t\n\n\t\t<\/div>\n\n\t\t\n\n\t\t<div class=\"section-content relative\">\n\t\t\t\n<div class=\"row\"  id=\"row-42294679\">\n\n\t<div id=\"col-1172506074\" class=\"col small-12 large-12\"  >\n\t\t\t\t<div class=\"col-inner\"  >\n\t\t\t\n\t\t\t\n<h2>Caratteristiche principali<\/h2>\n<div class=\"row align-equal row-box-shadow-3 row-box-shadow-2-hover\"  id=\"row-1613568816\">\n\n\n\n\t<div id=\"col-1653435159\" class=\"col medium-6 small-12 large-6\"  >\n\t\t\t\t<div class=\"col-inner\"  >\n\t\t\t\n\t\t\t\n<h3>1. Sistema di esposizione ad alta efficienza<\/h3>\n<ul>\n<li>\n<p>Dotata di tubi a lampada ultravioletta ad alta potenza da 200W, con uno spettro stabile (picco principale 365nm), che assicura una rapida polimerizzazione del rivestimento fotosensibile della piastra d'acciaio e un tempo di vuoto e di esposizione regolabile (di solito 1-3 minuti).<\/p>\n<\/li>\n<\/ul>\n\t\t<\/div>\n\t\t\t\t\n<style>\n#col-1653435159 > .col-inner {\n  padding: 20px 20px 10px 20px;\n}\n<\/style>\n\t<\/div>\n\n\t\n\n\t<div id=\"col-1295220395\" class=\"col medium-6 small-12 large-6\"  >\n\t\t\t\t<div class=\"col-inner\"  >\n\t\t\t\n\t\t\t\n<h3>2. Struttura compatta e durata nel tempo<\/h3>\n<ul>\n<li>\n<p>La macchina \u00e8 costruita con un telaio leggero in lamiera di 800\u00d7630\u00d7260 mm (personalizzabile), che consente di risparmiare spazio e di spostarla facilmente.<\/p>\n<\/li>\n<li>Dotato di piano di lavoro sottovuoto, resistenza alle alte temperature e ai graffi e capacit\u00e0 di carico fino a 10 kg.<\/li>\n<\/ul>\n\t\t<\/div>\n\t\t\t\t\n<style>\n#col-1295220395 > .col-inner {\n  padding: 20px 20px 10px 20px;\n}\n<\/style>\n\t<\/div>\n\n\t\n\n<style>\n#row-1613568816 > .col > .col-inner {\n  border-radius: 22px;\n}\n<\/style>\n<\/div>\n<div class=\"row align-equal row-box-shadow-3 row-box-shadow-2-hover\"  id=\"row-1743424016\">\n\n\t<div id=\"col-540298885\" class=\"col medium-6 small-12 large-6\"  >\n\t\t\t\t<div class=\"col-inner\"  >\n\t\t\t\n\t\t\t\n<h3>3. Controllo intelligente e sicurezza<\/h3>\n<ul>\n<li>\n<p>Un timer digitale (0-9999 secondi) controlla accuratamente il vuoto e l'esposizione e supporta la memoria di spegnimento.<\/p>\n<\/li>\n<li>Protezione di sicurezza: Utilizza un microinterruttore meccanico. Quando il coperchio superiore viene aperto, l'alimentazione del circuito principale viene immediatamente interrotta per evitare perdite di raggi ultravioletti.<\/li>\n<\/ul>\n\t\t<\/div>\n\t\t\t\t\n<style>\n#col-540298885 > .col-inner {\n  padding: 20px 20px 10px 20px;\n}\n<\/style>\n\t<\/div>\n\n\t\n\n\t<div id=\"col-831028240\" class=\"col medium-6 small-12 large-6\"  >\n\t\t\t\t<div class=\"col-inner\"  >\n\t\t\t\n\t\t\t\n<h3>4. Ampia compatibilit\u00e0<\/h3>\n<ul>\n<li>Adatto a tutti i tipi di lastre in acciaio per tampografia (spessore 0,3-10 mm) e di lastre in polimero (ad esempio con lavaggio ad acqua\/alcool).<\/li>\n<li>Dotato di una funzione di vuoto per garantire che la piastra d'acciaio si adatti perfettamente alla pellicola.<\/li>\n<\/ul>\n\t\t<\/div>\n\t\t\t\t\n<style>\n#col-831028240 > .col-inner {\n  padding: 20px 20px 10px 20px;\n}\n<\/style>\n\t<\/div>\n\n\t\n\n<style>\n#row-1743424016 > .col > .col-inner {\n  border-radius: 22px;\n}\n<\/style>\n<\/div>\n\t\t<\/div>\n\t\t\t\t\t<\/div>\n\n\t\n<\/div>\n\t\t<\/div>\n\n\t\t\n<style>\n#section_1470950487 {\n  padding-top: 30px;\n  padding-bottom: 30px;\n}\n<\/style>\n\t<\/section>\n\t\n\n\t<section class=\"section\" id=\"section_1754249436\">\n\t\t<div class=\"section-bg fill\" >\n\t\t\t\t\t\t\t\t\t\n\t\t\t\n\n\t\t<\/div>\n\n\t\t\n\n\t\t<div class=\"section-content relative\">\n\t\t\t\n<div class=\"row\"  id=\"row-1530563895\">\n\n\t<div id=\"col-1906664459\" class=\"col small-12 large-12\"  >\n\t\t\t\t<div class=\"col-inner\"  >\n\t\t\t\n\t\t\t\n<div class=\"specifications-container\">\n<h2>Specifiche dell'unit\u00e0 di esposizione UV<\/h2>\n<table class=\"specifications-table\">\n<tbody>\n<tr>\n<th>Modello No.<\/th>\n<td>AP-200W<\/td>\n<\/tr>\n<tr>\n<th>Massimo. Dimensione del cliche<\/th>\n<td>450 x 250 mm<\/td>\n<\/tr>\n<tr>\n<th>Dimensioni del tavolo<\/th>\n<td>650 x 440 mm<\/td>\n<\/tr>\n<tr>\n<th>Potenza UV totale<\/th>\n<td>200W (durata di vita \u2265 2000 ore)<\/td>\n<\/tr>\n<tr>\n<th>Timer<\/th>\n<td>Digitale<\/td>\n<\/tr>\n<tr>\n<th>Tipo di lampada<\/th>\n<td>Philips 5 tubi fluorescenti UV ad alta potenza da 40W<\/td>\n<\/tr>\n<tr>\n<th>Tensione<\/th>\n<td>220\/110V 50Hz Monofase<\/td>\n<\/tr>\n<tr>\n<th>Dimensioni dell'unit\u00e0<\/th>\n<td>L800 x L630 x H260 mm<\/td>\n<\/tr>\n<tr>\n<th>Dimensioni in scatola<\/th>\n<td>L890 x L720 x H400 mm<\/td>\n<\/tr>\n<tr>\n<th>Peso netto<\/th>\n<td>32,6 kg<\/td>\n<\/tr>\n<tr>\n<th>Peso lordo<\/th>\n<td>53,6 kg<\/td>\n<\/tr>\n<\/tbody>\n<\/table>\n<\/div>\n\t\t<\/div>\n\t\t\t\t\t<\/div>\n\n\t\n<\/div>\n\t\t<\/div>\n\n\t\t\n<style>\n#section_1754249436 {\n  padding-top: 30px;\n  padding-bottom: 30px;\n}\n<\/style>\n\t<\/section>\n\t\n\n\t<section class=\"section\" id=\"section_1693359863\">\n\t\t<div class=\"section-bg fill\" >\n\t\t\t\t\t\t\t\t\t\n\t\t\t\n\n\t\t<\/div>\n\n\t\t\n\n\t\t<div class=\"section-content relative\">\n\t\t\t\n<div class=\"row\"  id=\"row-121906101\">\n\n\t<div id=\"col-370368919\" class=\"col small-12 large-12\"  >\n\t\t\t\t<div class=\"col-inner\"  >\n\t\t\t\n\t\t\t\n<h2>Scenari di applicazione<\/h2>\n<div class=\"row\"  id=\"row-351059663\">\n\n\t<div id=\"col-1333226848\" class=\"col small-12 large-12\"  >\n\t\t\t\t<div class=\"col-inner\"  >\n\t\t\t\n\t\t\t\n<h3>Industria della tampografia:<\/h3>\n<div class=\"row\"  id=\"row-1946721668\">\n\n\t<div id=\"col-1030954724\" class=\"col medium-6 small-12 large-6\"  >\n\t\t\t\t<div class=\"col-inner\"  >\n\t\t\t\n\t\t\t\n<h4>Produzione del prodotto:<\/h4>\n<ul>\n<li>Produzione di marchi e logotipi<\/li>\n<li>Parti di precisione per prodotti elettronici, giocattoli e prodotti culturali<\/li>\n<\/ul>\n\t\t<\/div>\n\t\t\t\t\t<\/div>\n\n\t\n\n\t<div id=\"col-672940029\" class=\"col medium-6 small-12 large-6\"  >\n\t\t\t\t<div class=\"col-inner\"  >\n\t\t\t\n\t\t\t\n<h4>Campi industriali e specializzati:<\/h4>\n<ul>\n<li>Componenti automobilistici e industriali<\/li>\n<li>Applicazioni mediche<\/li>\n<li>Campi di imballaggio<\/li>\n<\/ul>\n\t\t<\/div>\n\t\t\t\t\t<\/div>\n\n\t\n\n\t<div id=\"col-1442840986\" class=\"col small-12 large-12\"  >\n\t\t\t\t<div class=\"col-inner\"  >\n\t\t\t\n\t\t\t\n<p>Questa macchina per l'esposizione ai raggi UV \u00e8 fondamentale per ottenere una produzione di alta qualit\u00e0.<\/p>\n\t\t<\/div>\n\t\t\t\t\t<\/div>\n\n\t\n<\/div>\n<h3>Personalizzazione fai da te:<\/h3>\n<p>Perfetta come unit\u00e0 di esposizione fai-da-te per la stampa di piccoli lotti di targhette e superfici regalo. Questa versatile scatola di esposizione pu\u00f2 essere presa in considerazione anche da chi cerca un'unit\u00e0 di esposizione UV fai da te per vari progetti.<\/p>\n\t\t<\/div>\n\t\t\t\t\t<\/div>\n\n\t\n<\/div>\n<p>Contattateci per conoscere le immagini dei prodotti, i video sul funzionamento e la politica post-vendita.<\/p>\n\t\t<\/div>\n\t\t\t\t\t<\/div>\n\n\t\n<\/div>\n\t\t<\/div>\n\n\t\t\n<style>\n#section_1693359863 {\n  padding-top: 30px;\n  padding-bottom: 30px;\n}\n<\/style>\n\t<\/section>","protected":false},"excerpt":{"rendered":"<p>La macchina per l'esposizione di clich\u00e9 AP-200W \u00e8 progettata specificamente per la produzione di lastre in acciaio per la tampografia. \u00c8 dotata di tubi lampada ultravioletti ad alta efficienza da 200 W per un'esposizione uniforme, un basso consumo energetico e un funzionamento semplice. Questa unit\u00e0 \u00e8 ideale per piccole aziende di stampa, studi personalizzati e processi di tampografia di precisione.<\/p>\n<p>Questa unit\u00e0 di esposizione per clich\u00e9 \u00e8 adatta a diverse lastre di acciaio per tampografia (spessore 0,3-10 mm) e lastre polimeriche (lavabili con acqua o alcol). \u00c8 dotata di una funzione di vuoto per una stretta aderenza tra la lastra di acciaio e la pellicola e offre un accurato controllo digitale del timer (0-9999 secondi) sia per il vuoto che per il tempo di esposizione.<\/p>\n<p>Offriamo inoltre un supporto completo, che comprende assistenza tecnica e raccomandazioni sui materiali di consumo per le vostre esigenze di esposizione dei clich\u00e9.<\/p>","protected":false},"featured_media":2488,"template":"","meta":[],"product_cat":[24],"class_list":{"0":"post-2487","1":"product","2":"type-product","3":"status-publish","4":"has-post-thumbnail","6":"product_cat-auxiliary-equipment-for-screen-printing-and-pad-printing","8":"first","9":"instock","10":"shipping-taxable","11":"product-type-simple"},"acf":[],"yoast_head":"<!-- This site is optimized with the Yoast SEO plugin v23.9 - https:\/\/yoast.com\/wordpress\/plugins\/seo\/ -->\n<title>AP-200W UV Exposure Unit for Pad Printing Cliche Making -<\/title>\n<meta name=\"description\" content=\"Discover our high-performance UV Exposure Unit for pad printing clich\u00e9 making. Ideal for photopolymer plates, small-batch nameplates, and diverse printing projects.\" \/>\n<meta name=\"robots\" content=\"index, follow, max-snippet:-1, max-image-preview:large, max-video-preview:-1\" \/>\n<link rel=\"canonical\" href=\"https:\/\/autoprintmachine.com\/it\/ap-200w-unita-di-esposizione-uv-per-la-produzione-di-cliche-in-tampografia\/\" \/>\n<meta property=\"og:locale\" content=\"it_IT\" \/>\n<meta property=\"og:type\" content=\"article\" \/>\n<meta property=\"og:title\" content=\"AP-200W UV Exposure Unit for Pad Printing Cliche Making -\" \/>\n<meta property=\"og:description\" content=\"Discover our high-performance UV Exposure Unit for pad printing clich\u00e9 making. Ideal for photopolymer plates, small-batch nameplates, and diverse printing projects.\" \/>\n<meta property=\"og:url\" content=\"https:\/\/autoprintmachine.com\/it\/ap-200w-unita-di-esposizione-uv-per-la-produzione-di-cliche-in-tampografia\/\" \/>\n<meta property=\"article:modified_time\" content=\"2026-01-13T05:44:02+00:00\" \/>\n<meta property=\"og:image\" content=\"https:\/\/autoprintmachine.com\/wp-content\/uploads\/2025\/06\/clicle_exposure_machine_ap_200w.webp\" \/>\n\t<meta property=\"og:image:width\" content=\"1000\" \/>\n\t<meta property=\"og:image:height\" content=\"764\" \/>\n\t<meta property=\"og:image:type\" content=\"image\/webp\" \/>\n<meta name=\"twitter:card\" content=\"summary_large_image\" \/>\n<meta name=\"twitter:label1\" content=\"Tempo di lettura stimato\" \/>\n\t<meta name=\"twitter:data1\" content=\"3 minuti\" \/>\n<script type=\"application\/ld+json\" class=\"yoast-schema-graph\">{\"@context\":\"https:\/\/schema.org\",\"@graph\":[{\"@type\":\"WebPage\",\"@id\":\"https:\/\/autoprintmachine.com\/ap-200w-uv-exposure-unit-for-pad-printing-cliche-making\/\",\"url\":\"https:\/\/autoprintmachine.com\/ap-200w-uv-exposure-unit-for-pad-printing-cliche-making\/\",\"name\":\"AP-200W UV Exposure Unit for Pad Printing Cliche Making -\",\"isPartOf\":{\"@id\":\"https:\/\/autoprintmachine.com\/#website\"},\"primaryImageOfPage\":{\"@id\":\"https:\/\/autoprintmachine.com\/ap-200w-uv-exposure-unit-for-pad-printing-cliche-making\/#primaryimage\"},\"image\":{\"@id\":\"https:\/\/autoprintmachine.com\/ap-200w-uv-exposure-unit-for-pad-printing-cliche-making\/#primaryimage\"},\"thumbnailUrl\":\"https:\/\/autoprintmachine.com\/wp-content\/uploads\/2025\/06\/clicle_exposure_machine_ap_200w.webp\",\"datePublished\":\"2025-06-06T06:29:43+00:00\",\"dateModified\":\"2026-01-13T05:44:02+00:00\",\"description\":\"Discover our high-performance UV Exposure Unit for pad printing clich\u00e9 making. Ideal for photopolymer plates, small-batch nameplates, and diverse printing projects.\",\"breadcrumb\":{\"@id\":\"https:\/\/autoprintmachine.com\/ap-200w-uv-exposure-unit-for-pad-printing-cliche-making\/#breadcrumb\"},\"inLanguage\":\"it-IT\",\"potentialAction\":[{\"@type\":\"ReadAction\",\"target\":[\"https:\/\/autoprintmachine.com\/ap-200w-uv-exposure-unit-for-pad-printing-cliche-making\/\"]}]},{\"@type\":\"ImageObject\",\"inLanguage\":\"it-IT\",\"@id\":\"https:\/\/autoprintmachine.com\/ap-200w-uv-exposure-unit-for-pad-printing-cliche-making\/#primaryimage\",\"url\":\"https:\/\/autoprintmachine.com\/wp-content\/uploads\/2025\/06\/clicle_exposure_machine_ap_200w.webp\",\"contentUrl\":\"https:\/\/autoprintmachine.com\/wp-content\/uploads\/2025\/06\/clicle_exposure_machine_ap_200w.webp\",\"width\":1000,\"height\":764,\"caption\":\"White AP-200W clich\u00e9 exposure machine for pad printing steel plates, featuring multiple UV lamps and a vacuum worktable.\"},{\"@type\":\"BreadcrumbList\",\"@id\":\"https:\/\/autoprintmachine.com\/ap-200w-uv-exposure-unit-for-pad-printing-cliche-making\/#breadcrumb\",\"itemListElement\":[{\"@type\":\"ListItem\",\"position\":1,\"name\":\"Home\",\"item\":\"https:\/\/autoprintmachine.com\/\"},{\"@type\":\"ListItem\",\"position\":2,\"name\":\"Products\",\"item\":\"https:\/\/autoprintmachine.com\/shop\/\"},{\"@type\":\"ListItem\",\"position\":3,\"name\":\"AP-200W UV Exposure Unit for Pad Printing Cliche Making\"}]},{\"@type\":\"WebSite\",\"@id\":\"https:\/\/autoprintmachine.com\/#website\",\"url\":\"https:\/\/autoprintmachine.com\/\",\"name\":\"\",\"description\":\"\",\"potentialAction\":[{\"@type\":\"SearchAction\",\"target\":{\"@type\":\"EntryPoint\",\"urlTemplate\":\"https:\/\/autoprintmachine.com\/?s={search_term_string}\"},\"query-input\":{\"@type\":\"PropertyValueSpecification\",\"valueRequired\":true,\"valueName\":\"search_term_string\"}}],\"inLanguage\":\"it-IT\"}]}<\/script>\n<!-- \/ Yoast SEO plugin. -->","yoast_head_json":{"title":"AP-200W UV Exposure Unit for Pad Printing Cliche Making -","description":"Discover our high-performance UV Exposure Unit for pad printing clich\u00e9 making. Ideal for photopolymer plates, small-batch nameplates, and diverse printing projects.","robots":{"index":"index","follow":"follow","max-snippet":"max-snippet:-1","max-image-preview":"max-image-preview:large","max-video-preview":"max-video-preview:-1"},"canonical":"https:\/\/autoprintmachine.com\/it\/ap-200w-unita-di-esposizione-uv-per-la-produzione-di-cliche-in-tampografia\/","og_locale":"it_IT","og_type":"article","og_title":"AP-200W UV Exposure Unit for Pad Printing Cliche Making -","og_description":"Discover our high-performance UV Exposure Unit for pad printing clich\u00e9 making. Ideal for photopolymer plates, small-batch nameplates, and diverse printing projects.","og_url":"https:\/\/autoprintmachine.com\/it\/ap-200w-unita-di-esposizione-uv-per-la-produzione-di-cliche-in-tampografia\/","article_modified_time":"2026-01-13T05:44:02+00:00","og_image":[{"width":1000,"height":764,"url":"https:\/\/autoprintmachine.com\/wp-content\/uploads\/2025\/06\/clicle_exposure_machine_ap_200w.webp","type":"image\/webp"}],"twitter_card":"summary_large_image","twitter_misc":{"Tempo di lettura stimato":"3 minuti"},"schema":{"@context":"https:\/\/schema.org","@graph":[{"@type":"WebPage","@id":"https:\/\/autoprintmachine.com\/ap-200w-uv-exposure-unit-for-pad-printing-cliche-making\/","url":"https:\/\/autoprintmachine.com\/ap-200w-uv-exposure-unit-for-pad-printing-cliche-making\/","name":"AP-200W UV Exposure Unit for Pad Printing Cliche Making -","isPartOf":{"@id":"https:\/\/autoprintmachine.com\/#website"},"primaryImageOfPage":{"@id":"https:\/\/autoprintmachine.com\/ap-200w-uv-exposure-unit-for-pad-printing-cliche-making\/#primaryimage"},"image":{"@id":"https:\/\/autoprintmachine.com\/ap-200w-uv-exposure-unit-for-pad-printing-cliche-making\/#primaryimage"},"thumbnailUrl":"https:\/\/autoprintmachine.com\/wp-content\/uploads\/2025\/06\/clicle_exposure_machine_ap_200w.webp","datePublished":"2025-06-06T06:29:43+00:00","dateModified":"2026-01-13T05:44:02+00:00","description":"Discover our high-performance UV Exposure Unit for pad printing clich\u00e9 making. Ideal for photopolymer plates, small-batch nameplates, and diverse printing projects.","breadcrumb":{"@id":"https:\/\/autoprintmachine.com\/ap-200w-uv-exposure-unit-for-pad-printing-cliche-making\/#breadcrumb"},"inLanguage":"it-IT","potentialAction":[{"@type":"ReadAction","target":["https:\/\/autoprintmachine.com\/ap-200w-uv-exposure-unit-for-pad-printing-cliche-making\/"]}]},{"@type":"ImageObject","inLanguage":"it-IT","@id":"https:\/\/autoprintmachine.com\/ap-200w-uv-exposure-unit-for-pad-printing-cliche-making\/#primaryimage","url":"https:\/\/autoprintmachine.com\/wp-content\/uploads\/2025\/06\/clicle_exposure_machine_ap_200w.webp","contentUrl":"https:\/\/autoprintmachine.com\/wp-content\/uploads\/2025\/06\/clicle_exposure_machine_ap_200w.webp","width":1000,"height":764,"caption":"White AP-200W clich\u00e9 exposure machine for pad printing steel plates, featuring multiple UV lamps and a vacuum worktable."},{"@type":"BreadcrumbList","@id":"https:\/\/autoprintmachine.com\/ap-200w-uv-exposure-unit-for-pad-printing-cliche-making\/#breadcrumb","itemListElement":[{"@type":"ListItem","position":1,"name":"Home","item":"https:\/\/autoprintmachine.com\/"},{"@type":"ListItem","position":2,"name":"Products","item":"https:\/\/autoprintmachine.com\/shop\/"},{"@type":"ListItem","position":3,"name":"AP-200W UV Exposure Unit for Pad Printing Cliche Making"}]},{"@type":"WebSite","@id":"https:\/\/autoprintmachine.com\/#website","url":"https:\/\/autoprintmachine.com\/","name":"","description":"","potentialAction":[{"@type":"SearchAction","target":{"@type":"EntryPoint","urlTemplate":"https:\/\/autoprintmachine.com\/?s={search_term_string}"},"query-input":{"@type":"PropertyValueSpecification","valueRequired":true,"valueName":"search_term_string"}}],"inLanguage":"it-IT"}]}},"_links":{"self":[{"href":"https:\/\/autoprintmachine.com\/it\/wp-json\/wp\/v2\/product\/2487","targetHints":{"allow":["GET"]}}],"collection":[{"href":"https:\/\/autoprintmachine.com\/it\/wp-json\/wp\/v2\/product"}],"about":[{"href":"https:\/\/autoprintmachine.com\/it\/wp-json\/wp\/v2\/types\/product"}],"wp:featuredmedia":[{"embeddable":true,"href":"https:\/\/autoprintmachine.com\/it\/wp-json\/wp\/v2\/media\/2488"}],"wp:attachment":[{"href":"https:\/\/autoprintmachine.com\/it\/wp-json\/wp\/v2\/media?parent=2487"}],"wp:term":[{"taxonomy":"product_cat","embeddable":true,"href":"https:\/\/autoprintmachine.com\/it\/wp-json\/wp\/v2\/product_cat?post=2487"}],"curies":[{"name":"wp","href":"https:\/\/api.w.org\/{rel}","templated":true}]}}