{"id":284,"date":"2020-08-06T06:59:01","date_gmt":"2020-08-06T06:59:01","guid":{"rendered":"https:\/\/onceauto.seowaimao.com\/?post_type=product&#038;p=284"},"modified":"2025-12-24T03:05:54","modified_gmt":"2025-12-24T03:05:54","slug":"%e2%88%85110mm-round-screen-printing-machine","status":"publish","type":"product","link":"https:\/\/autoprintmachine.com\/it\/\u2205110mm-macchina-per-la-stampa-dello-schermo-rotondo\/","title":{"rendered":"Macchina serigrafica rotonda \u2205110mm"},"content":{"rendered":"<p><strong>Introduzione:<\/strong><\/p>\n<p><strong>AP-400<\/strong><span data-offset-key=\"2aaq2-0-1\"><strong>\u00a0<\/strong>La stampante semiautomatica per bottiglie e contenitori \u00e8 una macchina ben progettata e versatile. Il\u00a0<\/span><strong>AP-400<\/strong><span data-offset-key=\"2aaq2-0-3\"> pu\u00f2 stampare su oggetti piatti e cilindrici. Tra gli esempi vi sono bottiglie soffiate, tubi per cosmetici, bottiglie d'acqua in alluminio, bacchette e pipette di vetro.\u00a0 <\/span><span class=\"veryhardreadability\"><span data-offset-key=\"2aaq2-1-0\">Il <strong>AP-400<\/strong>\u00a0offre un cambio rapido e semplice degli utensili, un registro meccanico preciso e comodi comandi sul pannello frontale.<\/span><\/span><span data-offset-key=\"2aaq2-2-0\">. Queste caratteristiche rendono il <strong>AP-400<\/strong> la macchina da stampa serigrafica universale perfetta per tutti.<\/span><\/p>\n<p><strong>Caratteristiche standard:<\/strong><\/p>\n<ul>\n<li>Controllo elettropneumatico<\/li>\n<li>Impostazione programmabile<\/li>\n<li>Controllo pneumatico con ammortizzatori<\/li>\n<li>Sollevamento verticale della testa con blocco su\/gi\u00f9<\/li>\n<li>Cuscinetti a sfere lineari su alberi temprati<\/li>\n<li>Interruttore a pedale controllato<\/li>\n<li>Regolazione dell'inclinazione, dell'inclinazione e dell'altezza del tergicristallo<\/li>\n<li>Regolazione dell'angolo della cornice dello schermo<\/li>\n<li>Barra di fissaggio universale per il montaggio di utensili personalizzati<\/li>\n<li>Sistema di gonfiaggio delle bottiglie con regolatore<\/li>\n<li>Il gonfiaggio del flacone \u00e8 sincronizzato con il ciclo di stampa<\/li>\n<li>Pressione del tergipavimento regolata con manometro<\/li>\n<li>Livellatori e rotelle<\/li>\n<li>Pulsante di arresto di emergenza installato, protezione di sicurezza opzionale<\/li>\n<\/ul>\n<p><strong>Specifiche:<\/strong><\/p>\n<table width=\"100%\">\n<tbody>\n<tr>\n<td width=\"47%\"><strong>Numero di modello:<\/strong><\/td>\n<td width=\"52%\"><strong>AP-400<\/strong><\/td>\n<\/tr>\n<tr>\n<td><strong>Sistema di trasmissione:<\/strong><\/td>\n<td width=\"52%\">Pneumatico<\/td>\n<\/tr>\n<tr>\n<td><strong>Corsa su\/gi\u00f9 del telaio:<\/strong><\/td>\n<td width=\"52%\">100 mm (3,94\u2033)<\/td>\n<\/tr>\n<tr>\n<td><strong>Area di stampa massima rotonda:<\/strong><\/p>\n<p><strong>Area di stampa massima Ovale:<br \/>\n<\/strong><\/td>\n<td width=\"52%\">110 mm (4,33\u2033) \u00d8<\/p>\n<p>340 mm (13,39\u2033) Lunghezza arco<\/td>\n<\/tr>\n<tr>\n<td><strong>Dimensioni del tavolo di lavoro:<\/strong><\/td>\n<td width=\"52%\">250 x 350 mm<\/td>\n<\/tr>\n<tr>\n<td><strong>Regolazione della tabella:<\/strong><\/td>\n<td width=\"52%\">X,Y \u00b1 15 mm \/\u00a0<em>\u03b8<\/em>\u00a015 \u00b0<\/td>\n<\/tr>\n<tr>\n<td><strong>Dimensione massima della cornice dello schermo:<\/strong><\/td>\n<td width=\"52%\">380 x 580 mm<\/td>\n<\/tr>\n<tr>\n<td><strong>Spessore della cornice dello schermo:<\/strong><\/td>\n<td width=\"52%\">18 - 25 mm (.71\u2033 - .98\u2033)<\/td>\n<\/tr>\n<tr>\n<td><strong>Angolo del tergipavimento:<\/strong><\/td>\n<td width=\"52%\">0-15\u00b0<\/td>\n<\/tr>\n<tr>\n<td><strong>Velocit\u00e0 del ciclo di stampa:<\/strong><\/td>\n<td width=\"52%\">1.200 cicli\/ora<\/td>\n<\/tr>\n<tr>\n<td><strong>Velocit\u00e0 del tergipavimento:<\/strong><\/td>\n<td width=\"52%\">20\/min<\/td>\n<\/tr>\n<tr>\n<td><strong>Pressione del tergipavimento:<\/strong><\/td>\n<td width=\"52%\">2 - 4 Bar<\/td>\n<\/tr>\n<tr>\n<td><strong>Fonte di energia elettrica:<\/strong><\/td>\n<td width=\"52%\">110V\/220V 50-60Hz 50W<\/td>\n<\/tr>\n<tr>\n<td><strong>Pressione d'aria in ingresso:<\/strong><\/td>\n<td width=\"52%\">80 psi<\/td>\n<\/tr>\n<tr>\n<td><strong>Consumo d'aria:<\/strong><\/td>\n<td width=\"52%\">0,7 L\/ciclo<\/td>\n<\/tr>\n<tr>\n<td><strong>Peso della macchina:<\/strong><\/td>\n<td width=\"52%\">150 kg<\/td>\n<\/tr>\n<tr>\n<td><strong>Peso della macchina (compreso l'imballo):<\/strong><\/td>\n<td width=\"52%\">190 kg<\/td>\n<\/tr>\n<tr>\n<td><strong>Dimensioni (L x L x A):<\/strong><\/td>\n<td width=\"52%\">1.000 x 950 x 1.400 mm<\/td>\n<\/tr>\n<tr>\n<td><strong>Dimensioni della cassa:<\/strong><\/td>\n<td width=\"52%\">1.080 x 1.010 x 1.520 mm<\/td>\n<\/tr>\n<\/tbody>\n<\/table>","protected":false},"excerpt":{"rendered":"<p>La macchina serigrafica rotonda AP-400 \u00e8 il modello pi\u00f9 popolare. Questa stampante serigrafica cilindrica \u00e8 dotata di un sistema ad azionamento pneumatico e controllato da scheda PCB. Ha una struttura solida e prestazioni stabili. Il diametro massimo di stampa \u00e8 di 110 mm. Offre un funzionamento facile e veloce e consente un rapido cambio di attrezzatura. Questa stampante serigrafica rotonda \u00e8 ampiamente utilizzata per bottiglie, tazze, contenitori di medie e piccole dimensioni, ecc. Pu\u00f2 gestire sia forme rotonde che ovali.<\/p>\n<p>&nbsp;<\/p>","protected":false},"featured_media":916,"template":"","meta":[],"product_cat":[15],"class_list":{"0":"post-284","1":"product","2":"type-product","3":"status-publish","4":"has-post-thumbnail","6":"product_cat-automatic-cylindrical-screen-printing-machine","8":"first","9":"instock","10":"shipping-taxable","11":"product-type-simple"},"acf":[],"yoast_head":"<!-- This site is optimized with the Yoast SEO plugin v23.9 - https:\/\/yoast.com\/wordpress\/plugins\/seo\/ -->\n<title>Round Screen Printing Machine<\/title>\n<meta name=\"description\" content=\"The\u00a0AP-400\u00a0can screen print on flat and cylindrical objects,blow molded bottles, cosmetic tubes, aluminum water bottles, drum sticks, etc.\" \/>\n<meta name=\"robots\" content=\"index, follow, max-snippet:-1, max-image-preview:large, max-video-preview:-1\" \/>\n<link rel=\"canonical\" href=\"https:\/\/autoprintmachine.com\/it\/\u2205110mm-macchina-per-la-stampa-dello-schermo-rotondo\/\" \/>\n<meta property=\"og:locale\" content=\"it_IT\" \/>\n<meta property=\"og:type\" content=\"article\" \/>\n<meta property=\"og:title\" content=\"Round Screen Printing Machine\" \/>\n<meta property=\"og:description\" content=\"The\u00a0AP-400\u00a0can screen print on flat and cylindrical objects,blow molded bottles, cosmetic tubes, aluminum water bottles, drum sticks, etc.\" \/>\n<meta property=\"og:url\" content=\"https:\/\/autoprintmachine.com\/it\/\u2205110mm-macchina-per-la-stampa-dello-schermo-rotondo\/\" \/>\n<meta property=\"article:modified_time\" content=\"2025-12-24T03:05:54+00:00\" \/>\n<meta property=\"og:image\" content=\"https:\/\/autoprintmachine.com\/wp-content\/uploads\/2020\/08\/OS-400New.jpg\" \/>\n\t<meta property=\"og:image:width\" content=\"600\" \/>\n\t<meta property=\"og:image:height\" content=\"600\" \/>\n\t<meta property=\"og:image:type\" content=\"image\/jpeg\" \/>\n<meta name=\"twitter:card\" content=\"summary_large_image\" \/>\n<meta name=\"twitter:label1\" content=\"Tempo di lettura stimato\" \/>\n\t<meta name=\"twitter:data1\" content=\"2 minuti\" \/>\n<script type=\"application\/ld+json\" class=\"yoast-schema-graph\">{\"@context\":\"https:\/\/schema.org\",\"@graph\":[{\"@type\":\"WebPage\",\"@id\":\"https:\/\/autoprintmachine.com\/%e2%88%85110mm-round-screen-printing-machine\/\",\"url\":\"https:\/\/autoprintmachine.com\/%e2%88%85110mm-round-screen-printing-machine\/\",\"name\":\"Round Screen Printing Machine\",\"isPartOf\":{\"@id\":\"https:\/\/autoprintmachine.com\/#website\"},\"primaryImageOfPage\":{\"@id\":\"https:\/\/autoprintmachine.com\/%e2%88%85110mm-round-screen-printing-machine\/#primaryimage\"},\"image\":{\"@id\":\"https:\/\/autoprintmachine.com\/%e2%88%85110mm-round-screen-printing-machine\/#primaryimage\"},\"thumbnailUrl\":\"https:\/\/autoprintmachine.com\/wp-content\/uploads\/2020\/08\/OS-400New.jpg\",\"datePublished\":\"2020-08-06T06:59:01+00:00\",\"dateModified\":\"2025-12-24T03:05:54+00:00\",\"description\":\"The\u00a0AP-400\u00a0can screen print on flat and cylindrical objects,blow molded bottles, cosmetic tubes, aluminum water bottles, drum sticks, etc.\",\"breadcrumb\":{\"@id\":\"https:\/\/autoprintmachine.com\/%e2%88%85110mm-round-screen-printing-machine\/#breadcrumb\"},\"inLanguage\":\"it-IT\",\"potentialAction\":[{\"@type\":\"ReadAction\",\"target\":[\"https:\/\/autoprintmachine.com\/%e2%88%85110mm-round-screen-printing-machine\/\"]}]},{\"@type\":\"ImageObject\",\"inLanguage\":\"it-IT\",\"@id\":\"https:\/\/autoprintmachine.com\/%e2%88%85110mm-round-screen-printing-machine\/#primaryimage\",\"url\":\"https:\/\/autoprintmachine.com\/wp-content\/uploads\/2020\/08\/OS-400New.jpg\",\"contentUrl\":\"https:\/\/autoprintmachine.com\/wp-content\/uploads\/2020\/08\/OS-400New.jpg\",\"width\":600,\"height\":600,\"caption\":\"OS 400New\"},{\"@type\":\"BreadcrumbList\",\"@id\":\"https:\/\/autoprintmachine.com\/%e2%88%85110mm-round-screen-printing-machine\/#breadcrumb\",\"itemListElement\":[{\"@type\":\"ListItem\",\"position\":1,\"name\":\"Home\",\"item\":\"https:\/\/autoprintmachine.com\/\"},{\"@type\":\"ListItem\",\"position\":2,\"name\":\"Products\",\"item\":\"https:\/\/autoprintmachine.com\/shop\/\"},{\"@type\":\"ListItem\",\"position\":3,\"name\":\"\u2205110mm Round Screen Printing Machine\"}]},{\"@type\":\"WebSite\",\"@id\":\"https:\/\/autoprintmachine.com\/#website\",\"url\":\"https:\/\/autoprintmachine.com\/\",\"name\":\"\",\"description\":\"\",\"potentialAction\":[{\"@type\":\"SearchAction\",\"target\":{\"@type\":\"EntryPoint\",\"urlTemplate\":\"https:\/\/autoprintmachine.com\/?s={search_term_string}\"},\"query-input\":{\"@type\":\"PropertyValueSpecification\",\"valueRequired\":true,\"valueName\":\"search_term_string\"}}],\"inLanguage\":\"it-IT\"}]}<\/script>\n<!-- \/ Yoast SEO plugin. -->","yoast_head_json":{"title":"Round Screen Printing Machine","description":"The\u00a0AP-400\u00a0can screen print on flat and cylindrical objects,blow molded bottles, cosmetic tubes, aluminum water bottles, drum sticks, etc.","robots":{"index":"index","follow":"follow","max-snippet":"max-snippet:-1","max-image-preview":"max-image-preview:large","max-video-preview":"max-video-preview:-1"},"canonical":"https:\/\/autoprintmachine.com\/it\/\u2205110mm-macchina-per-la-stampa-dello-schermo-rotondo\/","og_locale":"it_IT","og_type":"article","og_title":"Round Screen Printing Machine","og_description":"The\u00a0AP-400\u00a0can screen print on flat and cylindrical objects,blow molded bottles, cosmetic tubes, aluminum water bottles, drum sticks, etc.","og_url":"https:\/\/autoprintmachine.com\/it\/\u2205110mm-macchina-per-la-stampa-dello-schermo-rotondo\/","article_modified_time":"2025-12-24T03:05:54+00:00","og_image":[{"width":600,"height":600,"url":"https:\/\/autoprintmachine.com\/wp-content\/uploads\/2020\/08\/OS-400New.jpg","type":"image\/jpeg"}],"twitter_card":"summary_large_image","twitter_misc":{"Tempo di lettura stimato":"2 minuti"},"schema":{"@context":"https:\/\/schema.org","@graph":[{"@type":"WebPage","@id":"https:\/\/autoprintmachine.com\/%e2%88%85110mm-round-screen-printing-machine\/","url":"https:\/\/autoprintmachine.com\/%e2%88%85110mm-round-screen-printing-machine\/","name":"Round Screen Printing Machine","isPartOf":{"@id":"https:\/\/autoprintmachine.com\/#website"},"primaryImageOfPage":{"@id":"https:\/\/autoprintmachine.com\/%e2%88%85110mm-round-screen-printing-machine\/#primaryimage"},"image":{"@id":"https:\/\/autoprintmachine.com\/%e2%88%85110mm-round-screen-printing-machine\/#primaryimage"},"thumbnailUrl":"https:\/\/autoprintmachine.com\/wp-content\/uploads\/2020\/08\/OS-400New.jpg","datePublished":"2020-08-06T06:59:01+00:00","dateModified":"2025-12-24T03:05:54+00:00","description":"The\u00a0AP-400\u00a0can screen print on flat and cylindrical objects,blow molded bottles, cosmetic tubes, aluminum water bottles, drum sticks, etc.","breadcrumb":{"@id":"https:\/\/autoprintmachine.com\/%e2%88%85110mm-round-screen-printing-machine\/#breadcrumb"},"inLanguage":"it-IT","potentialAction":[{"@type":"ReadAction","target":["https:\/\/autoprintmachine.com\/%e2%88%85110mm-round-screen-printing-machine\/"]}]},{"@type":"ImageObject","inLanguage":"it-IT","@id":"https:\/\/autoprintmachine.com\/%e2%88%85110mm-round-screen-printing-machine\/#primaryimage","url":"https:\/\/autoprintmachine.com\/wp-content\/uploads\/2020\/08\/OS-400New.jpg","contentUrl":"https:\/\/autoprintmachine.com\/wp-content\/uploads\/2020\/08\/OS-400New.jpg","width":600,"height":600,"caption":"OS 400New"},{"@type":"BreadcrumbList","@id":"https:\/\/autoprintmachine.com\/%e2%88%85110mm-round-screen-printing-machine\/#breadcrumb","itemListElement":[{"@type":"ListItem","position":1,"name":"Home","item":"https:\/\/autoprintmachine.com\/"},{"@type":"ListItem","position":2,"name":"Products","item":"https:\/\/autoprintmachine.com\/shop\/"},{"@type":"ListItem","position":3,"name":"\u2205110mm Round Screen Printing Machine"}]},{"@type":"WebSite","@id":"https:\/\/autoprintmachine.com\/#website","url":"https:\/\/autoprintmachine.com\/","name":"","description":"","potentialAction":[{"@type":"SearchAction","target":{"@type":"EntryPoint","urlTemplate":"https:\/\/autoprintmachine.com\/?s={search_term_string}"},"query-input":{"@type":"PropertyValueSpecification","valueRequired":true,"valueName":"search_term_string"}}],"inLanguage":"it-IT"}]}},"_links":{"self":[{"href":"https:\/\/autoprintmachine.com\/it\/wp-json\/wp\/v2\/product\/284","targetHints":{"allow":["GET"]}}],"collection":[{"href":"https:\/\/autoprintmachine.com\/it\/wp-json\/wp\/v2\/product"}],"about":[{"href":"https:\/\/autoprintmachine.com\/it\/wp-json\/wp\/v2\/types\/product"}],"wp:featuredmedia":[{"embeddable":true,"href":"https:\/\/autoprintmachine.com\/it\/wp-json\/wp\/v2\/media\/916"}],"wp:attachment":[{"href":"https:\/\/autoprintmachine.com\/it\/wp-json\/wp\/v2\/media?parent=284"}],"wp:term":[{"taxonomy":"product_cat","embeddable":true,"href":"https:\/\/autoprintmachine.com\/it\/wp-json\/wp\/v2\/product_cat?post=284"}],"curies":[{"name":"wp","href":"https:\/\/api.w.org\/{rel}","templated":true}]}}