{"id":299,"date":"2020-08-07T08:50:24","date_gmt":"2020-08-07T08:50:24","guid":{"rendered":"https:\/\/onceauto.seowaimao.com\/?post_type=product&#038;p=299"},"modified":"2026-01-27T02:57:21","modified_gmt":"2026-01-27T02:57:21","slug":"macchina-serigrafica-automatica-a-letto-piano","status":"publish","type":"product","link":"https:\/\/autoprintmachine.com\/it\/macchina-serigrafica-automatica-a-letto-piano\/","title":{"rendered":"Macchina serigrafica automatica elettrica a letto piano"},"content":{"rendered":"<h2>Stampante serigrafica a letto piano Introduzione:<\/h2>\n<p>La macchina serigrafica piana elettrica della serie AP \u00e8 dotata di un sistema azionato da un motore elettrico. Solleva il telaio del retino verticalmente, mantenendo l'inchiostro nella \u201czona di stampa\u201d. Questo metodo di sollevamento piatto e verticale facilita l'operatore. Pu\u00f2 caricare e scaricare i fogli grafici durante la produzione. Inoltre, offre il vantaggio di una facile visualizzazione e ispezione del foglio stampato. L'asse di stampa orizzontale \u00e8 controllato elettricamente da un motore CA. L'utilizzo di un tavolo a vuoto \u00e8 perfetto per la stampa di pannelli grafici e insegne, da piccoli a grandi formati. \u00c8 adatto anche per la stampa di prodotti piani industriali.<\/p>\n<h2>Macchina da stampa in piano Specifiche:<\/h2>\n<table width=\"414\">\n<tbody>\n<tr>\n<td width=\"69\">Modello<\/td>\n<td width=\"69\">AP-3050V<\/td>\n<td width=\"69\">AP-4060V<\/td>\n<td width=\"69\">AP-5070V<\/td>\n<td width=\"69\">AP-6090V<\/td>\n<td width=\"69\">AP-70120V<\/td>\n<\/tr>\n<tr>\n<td width=\"69\">Corsa di salita\/discesa del telaio<\/td>\n<td width=\"69\">150 mm<\/td>\n<td width=\"69\">200 mm<\/td>\n<td width=\"69\">200 mm<\/td>\n<td width=\"69\">200 mm<\/td>\n<td width=\"69\">200 mm<\/td>\n<\/tr>\n<tr>\n<td width=\"69\">Stampa tratto(sinistra&amp;destra)<\/td>\n<td width=\"69\">550 mm<\/td>\n<td width=\"69\">700 mm<\/td>\n<td width=\"69\">800 mm<\/td>\n<td width=\"69\">1000 mm<\/td>\n<td width=\"69\">1300 mm<\/td>\n<\/tr>\n<tr>\n<td width=\"69\">Area di stampa massima<\/td>\n<td width=\"69\">300x500 mm<\/td>\n<td width=\"69\">400x600 mm<\/td>\n<td width=\"69\">500x700 mm<\/td>\n<td width=\"69\">600x900mm<\/td>\n<td width=\"69\">700x1200 mm<\/td>\n<\/tr>\n<tr>\n<td width=\"69\">Dimensioni del tavolo da vuoto<\/td>\n<td width=\"69\">300x500 mm<\/td>\n<td width=\"69\">400x600 mm<\/td>\n<td width=\"69\">500x700 mm<\/td>\n<td width=\"69\">600x900mm<\/td>\n<td width=\"69\">700x1200 mm<\/td>\n<\/tr>\n<tr>\n<td width=\"69\">Dimensioni del tavolo di lavoro<\/td>\n<td width=\"69\">350x600 mm<\/td>\n<td width=\"69\">500x700 mm<\/td>\n<td width=\"69\">600x800 mm<\/td>\n<td width=\"69\">700x1000mm<\/td>\n<td width=\"69\">800x1300 mm<\/td>\n<\/tr>\n<tr>\n<td width=\"69\">Dimensione massima del telaio<\/td>\n<td width=\"69\">500x830 mm<\/td>\n<td width=\"69\">600x9300mm<\/td>\n<td width=\"69\">700x1130 mm<\/td>\n<td width=\"69\">800x13000mm<\/td>\n<td width=\"69\">1000x14500mm<\/td>\n<\/tr>\n<tr>\n<td width=\"69\">Spessore della cornice dello schermo<\/td>\n<td width=\"69\">50,8 mm<\/td>\n<td width=\"69\">50,8 mm<\/td>\n<td width=\"69\">50,8 mm<\/td>\n<td width=\"69\">50,8 mm<\/td>\n<td width=\"69\">50,8 mm<\/td>\n<\/tr>\n<tr>\n<td width=\"69\">Pressione del tergipavimento<\/td>\n<td width=\"69\">2-4 bar<\/td>\n<td width=\"69\">2-4 bar<\/td>\n<td width=\"69\">2-4 bar<\/td>\n<td width=\"69\">2-4 bar<\/td>\n<td width=\"69\">2-4 bar<\/td>\n<\/tr>\n<tr>\n<td width=\"69\">Velocit\u00e0 massima di stampa<\/td>\n<td width=\"69\">1.200 cicli\/ora<\/td>\n<td width=\"69\">800 cicli\/ora<\/td>\n<td width=\"69\">800 cicli\/ora<\/td>\n<td width=\"69\">800 cicli\/ora<\/td>\n<td width=\"69\">600 cicli\/ora<\/td>\n<\/tr>\n<tr>\n<td width=\"69\">Sorgente elettrica<\/td>\n<td width=\"69\">110\/220\/230V 50\/60Hz<\/td>\n<td width=\"69\">110\/220\/230V 50\/60Hz<\/td>\n<td width=\"69\">110\/220\/230V 50\/60Hz<\/td>\n<td width=\"69\">380V 50\/60Hz<\/td>\n<td width=\"69\">380V 50\/60Hz<\/td>\n<\/tr>\n<tr>\n<td width=\"69\">Peso della macchina<\/td>\n<td width=\"69\">190 kg<\/td>\n<td width=\"69\">320 kg<\/td>\n<td width=\"69\">380 kg<\/td>\n<td width=\"69\">660 kg<\/td>\n<td width=\"69\">680 kg<\/td>\n<\/tr>\n<tr>\n<td width=\"69\">Dimensione della macchina<\/td>\n<td width=\"69\">800x1050x1550 mm<\/td>\n<td width=\"69\">1150x1000x1700mm<\/td>\n<td width=\"69\">1100x1300x1650 mm<\/td>\n<td width=\"69\">1350x1350x1700mm<\/td>\n<td width=\"69\">1450x1650x1700mm<\/td>\n<\/tr>\n<\/tbody>\n<\/table>","protected":false},"excerpt":{"rendered":"<p>La macchina per la stampa di schermi piatti elettrici della serie AP \u00e8 dotata di un motore a corrente alternata. Consente il movimento nelle direzioni sinistra, destra, su e gi\u00f9. Il marchio controllato da PLC, con touchscreen, rende la macchina programmabile. L'azionamento elettrico offre prestazioni di lavoro pi\u00f9 stabili rispetto alle macchine di tipo pneumatico.<\/p>\n<p>La stampante elettrica standard per schermi piatti \u00e8 disponibile in vari formati. Le opzioni includono 300x500 mm, 400x600 mm, 500x700 mm, 600x900 mm e 700x1200 mm, a seconda dell'area di stampa. Possiamo anche stampare in dimensioni maggiori. Il piano di lavoro pu\u00f2 essere sia un tavolo a vuoto che un tavolo con scanalature a T per diverse parti di stampa.<\/p>\n<p>Questa accurata macchina di serie \u00e8 comunemente utilizzata nella stampa industriale. Stampa su carta transfer, decalcomanie, interruttori a membrana e persino cruscotti di automobili.<\/p>","protected":false},"featured_media":304,"template":"","meta":[],"product_brand":[],"product_cat":[17],"product_tag":[],"class_list":{"0":"post-299","1":"product","2":"type-product","3":"status-publish","4":"has-post-thumbnail","6":"product_cat-flat-screen-printing-machine","8":"first","9":"instock","10":"shipping-taxable","11":"product-type-simple"},"yoast_head":"<!-- This site is optimized with the Yoast SEO plugin v27.4 - https:\/\/yoast.com\/product\/yoast-seo-wordpress\/ -->\n<title>Electric Automatic Flat Bed Screen Printing Machine<\/title>\n<meta name=\"description\" content=\"This automatic flat bed screen printing machine is suited for printing graphic panels, signage, membrane switches and overlays.\" \/>\n<meta name=\"robots\" content=\"index, follow, max-snippet:-1, max-image-preview:large, max-video-preview:-1\" \/>\n<link rel=\"canonical\" href=\"https:\/\/autoprintmachine.com\/it\/macchina-serigrafica-automatica-a-letto-piano\/\" \/>\n<meta property=\"og:locale\" content=\"it_IT\" \/>\n<meta property=\"og:type\" content=\"article\" \/>\n<meta property=\"og:title\" content=\"Electric Automatic Flat Bed Screen Printing Machine\" \/>\n<meta property=\"og:description\" content=\"This automatic flat bed screen printing machine is suited for printing graphic panels, signage, membrane switches and overlays.\" \/>\n<meta property=\"og:url\" content=\"https:\/\/autoprintmachine.com\/it\/macchina-serigrafica-automatica-a-letto-piano\/\" \/>\n<meta property=\"article:publisher\" content=\"https:\/\/www.facebook.com\/autoprinttech\/\" \/>\n<meta property=\"article:modified_time\" content=\"2026-01-27T02:57:21+00:00\" \/>\n<meta property=\"og:image\" content=\"https:\/\/autoprintmachine.com\/wp-content\/uploads\/2020\/08\/OS-6090.jpg\" \/>\n\t<meta property=\"og:image:width\" content=\"600\" \/>\n\t<meta property=\"og:image:height\" content=\"600\" \/>\n\t<meta property=\"og:image:type\" content=\"image\/jpeg\" \/>\n<meta name=\"twitter:card\" content=\"summary_large_image\" \/>\n<meta name=\"twitter:label1\" content=\"Est. reading time\" \/>\n\t<meta name=\"twitter:data1\" content=\"2 minuti\" \/>\n<script type=\"application\/ld+json\" class=\"yoast-schema-graph\">{\"@context\":\"https:\\\/\\\/schema.org\",\"@graph\":[{\"@type\":\"WebPage\",\"@id\":\"https:\\\/\\\/autoprintmachine.com\\\/automatic-flat-bed-screen-printing-machine\\\/\",\"url\":\"https:\\\/\\\/autoprintmachine.com\\\/automatic-flat-bed-screen-printing-machine\\\/\",\"name\":\"Electric Automatic Flat Bed Screen Printing Machine\",\"isPartOf\":{\"@id\":\"https:\\\/\\\/autoprintmachine.com\\\/#website\"},\"primaryImageOfPage\":{\"@id\":\"https:\\\/\\\/autoprintmachine.com\\\/automatic-flat-bed-screen-printing-machine\\\/#primaryimage\"},\"image\":{\"@id\":\"https:\\\/\\\/autoprintmachine.com\\\/automatic-flat-bed-screen-printing-machine\\\/#primaryimage\"},\"thumbnailUrl\":\"https:\\\/\\\/autoprintmachine.com\\\/wp-content\\\/uploads\\\/2020\\\/08\\\/OS-6090.jpg\",\"datePublished\":\"2020-08-07T08:50:24+00:00\",\"dateModified\":\"2026-01-27T02:57:21+00:00\",\"description\":\"This automatic flat bed screen printing machine is suited for printing graphic panels, signage, membrane switches and overlays.\",\"breadcrumb\":{\"@id\":\"https:\\\/\\\/autoprintmachine.com\\\/automatic-flat-bed-screen-printing-machine\\\/#breadcrumb\"},\"inLanguage\":\"it-IT\",\"potentialAction\":[{\"@type\":\"ReadAction\",\"target\":[\"https:\\\/\\\/autoprintmachine.com\\\/automatic-flat-bed-screen-printing-machine\\\/\"]}]},{\"@type\":\"ImageObject\",\"inLanguage\":\"it-IT\",\"@id\":\"https:\\\/\\\/autoprintmachine.com\\\/automatic-flat-bed-screen-printing-machine\\\/#primaryimage\",\"url\":\"https:\\\/\\\/autoprintmachine.com\\\/wp-content\\\/uploads\\\/2020\\\/08\\\/OS-6090.jpg\",\"contentUrl\":\"https:\\\/\\\/autoprintmachine.com\\\/wp-content\\\/uploads\\\/2020\\\/08\\\/OS-6090.jpg\",\"width\":600,\"height\":600,\"caption\":\"automatic screen printing machine\"},{\"@type\":\"BreadcrumbList\",\"@id\":\"https:\\\/\\\/autoprintmachine.com\\\/automatic-flat-bed-screen-printing-machine\\\/#breadcrumb\",\"itemListElement\":[{\"@type\":\"ListItem\",\"position\":1,\"name\":\"Home\",\"item\":\"https:\\\/\\\/autoprintmachine.com\\\/\"},{\"@type\":\"ListItem\",\"position\":2,\"name\":\"Products\",\"item\":\"https:\\\/\\\/autoprintmachine.com\\\/shop\\\/\"},{\"@type\":\"ListItem\",\"position\":3,\"name\":\"Electric Automatic Flatbed Screen Printing Machine\"}]},{\"@type\":\"WebSite\",\"@id\":\"https:\\\/\\\/autoprintmachine.com\\\/#website\",\"url\":\"https:\\\/\\\/autoprintmachine.com\\\/\",\"name\":\"\",\"description\":\"\",\"publisher\":{\"@id\":\"https:\\\/\\\/autoprintmachine.com\\\/#organization\"},\"potentialAction\":[{\"@type\":\"SearchAction\",\"target\":{\"@type\":\"EntryPoint\",\"urlTemplate\":\"https:\\\/\\\/autoprintmachine.com\\\/?s={search_term_string}\"},\"query-input\":{\"@type\":\"PropertyValueSpecification\",\"valueRequired\":true,\"valueName\":\"search_term_string\"}}],\"inLanguage\":\"it-IT\"},{\"@type\":\"Organization\",\"@id\":\"https:\\\/\\\/autoprintmachine.com\\\/#organization\",\"name\":\"Dongguan Auto Print Tech Co., Ltd\",\"url\":\"https:\\\/\\\/autoprintmachine.com\\\/\",\"logo\":{\"@type\":\"ImageObject\",\"inLanguage\":\"it-IT\",\"@id\":\"https:\\\/\\\/autoprintmachine.com\\\/#\\\/schema\\\/logo\\\/image\\\/\",\"url\":\"https:\\\/\\\/autoprintmachine.com\\\/wp-content\\\/uploads\\\/2023\\\/06\\\/screen_printing_logo_new.webp\",\"contentUrl\":\"https:\\\/\\\/autoprintmachine.com\\\/wp-content\\\/uploads\\\/2023\\\/06\\\/screen_printing_logo_new.webp\",\"width\":890,\"height\":750,\"caption\":\"Dongguan Auto Print Tech Co., Ltd\"},\"image\":{\"@id\":\"https:\\\/\\\/autoprintmachine.com\\\/#\\\/schema\\\/logo\\\/image\\\/\"},\"sameAs\":[\"https:\\\/\\\/www.facebook.com\\\/autoprinttech\\\/\",\"https:\\\/\\\/www.youtube.com\\\/channel\\\/UCJtPGiBbQWGE2DZLxySpCtw\"]}]}<\/script>\n<!-- \/ Yoast SEO plugin. -->","yoast_head_json":{"title":"Macchina elettrica automatica per la stampa di schermi a letto piano","description":"Questa macchina serigrafica automatica a letto piano \u00e8 adatta alla stampa di pannelli grafici, segnaletica, interruttori a membrana e overlay.","robots":{"index":"index","follow":"follow","max-snippet":"max-snippet:-1","max-image-preview":"max-image-preview:large","max-video-preview":"max-video-preview:-1"},"canonical":"https:\/\/autoprintmachine.com\/it\/macchina-serigrafica-automatica-a-letto-piano\/","og_locale":"it_IT","og_type":"article","og_title":"Electric Automatic Flat Bed Screen Printing Machine","og_description":"This automatic flat bed screen printing machine is suited for printing graphic panels, signage, membrane switches and overlays.","og_url":"https:\/\/autoprintmachine.com\/it\/macchina-serigrafica-automatica-a-letto-piano\/","article_publisher":"https:\/\/www.facebook.com\/autoprinttech\/","article_modified_time":"2026-01-27T02:57:21+00:00","og_image":[{"width":600,"height":600,"url":"https:\/\/autoprintmachine.com\/wp-content\/uploads\/2020\/08\/OS-6090.jpg","type":"image\/jpeg"}],"twitter_card":"summary_large_image","twitter_misc":{"Est. reading time":"2 minuti"},"schema":{"@context":"https:\/\/schema.org","@graph":[{"@type":"WebPage","@id":"https:\/\/autoprintmachine.com\/automatic-flat-bed-screen-printing-machine\/","url":"https:\/\/autoprintmachine.com\/automatic-flat-bed-screen-printing-machine\/","name":"Macchina elettrica automatica per la stampa di schermi a letto piano","isPartOf":{"@id":"https:\/\/autoprintmachine.com\/#website"},"primaryImageOfPage":{"@id":"https:\/\/autoprintmachine.com\/automatic-flat-bed-screen-printing-machine\/#primaryimage"},"image":{"@id":"https:\/\/autoprintmachine.com\/automatic-flat-bed-screen-printing-machine\/#primaryimage"},"thumbnailUrl":"https:\/\/autoprintmachine.com\/wp-content\/uploads\/2020\/08\/OS-6090.jpg","datePublished":"2020-08-07T08:50:24+00:00","dateModified":"2026-01-27T02:57:21+00:00","description":"Questa macchina serigrafica automatica a letto piano \u00e8 adatta alla stampa di pannelli grafici, segnaletica, interruttori a membrana e overlay.","breadcrumb":{"@id":"https:\/\/autoprintmachine.com\/automatic-flat-bed-screen-printing-machine\/#breadcrumb"},"inLanguage":"it-IT","potentialAction":[{"@type":"ReadAction","target":["https:\/\/autoprintmachine.com\/automatic-flat-bed-screen-printing-machine\/"]}]},{"@type":"ImageObject","inLanguage":"it-IT","@id":"https:\/\/autoprintmachine.com\/automatic-flat-bed-screen-printing-machine\/#primaryimage","url":"https:\/\/autoprintmachine.com\/wp-content\/uploads\/2020\/08\/OS-6090.jpg","contentUrl":"https:\/\/autoprintmachine.com\/wp-content\/uploads\/2020\/08\/OS-6090.jpg","width":600,"height":600,"caption":"automatic screen printing machine"},{"@type":"BreadcrumbList","@id":"https:\/\/autoprintmachine.com\/automatic-flat-bed-screen-printing-machine\/#breadcrumb","itemListElement":[{"@type":"ListItem","position":1,"name":"Home","item":"https:\/\/autoprintmachine.com\/"},{"@type":"ListItem","position":2,"name":"Products","item":"https:\/\/autoprintmachine.com\/shop\/"},{"@type":"ListItem","position":3,"name":"Electric Automatic Flatbed Screen Printing Machine"}]},{"@type":"WebSite","@id":"https:\/\/autoprintmachine.com\/#website","url":"https:\/\/autoprintmachine.com\/","name":"","description":"","publisher":{"@id":"https:\/\/autoprintmachine.com\/#organization"},"potentialAction":[{"@type":"SearchAction","target":{"@type":"EntryPoint","urlTemplate":"https:\/\/autoprintmachine.com\/?s={search_term_string}"},"query-input":{"@type":"PropertyValueSpecification","valueRequired":true,"valueName":"search_term_string"}}],"inLanguage":"it-IT"},{"@type":"Organization","@id":"https:\/\/autoprintmachine.com\/#organization","name":"Dongguan Auto Print Tech Co., Ltd","url":"https:\/\/autoprintmachine.com\/","logo":{"@type":"ImageObject","inLanguage":"it-IT","@id":"https:\/\/autoprintmachine.com\/#\/schema\/logo\/image\/","url":"https:\/\/autoprintmachine.com\/wp-content\/uploads\/2023\/06\/screen_printing_logo_new.webp","contentUrl":"https:\/\/autoprintmachine.com\/wp-content\/uploads\/2023\/06\/screen_printing_logo_new.webp","width":890,"height":750,"caption":"Dongguan Auto Print Tech Co., Ltd"},"image":{"@id":"https:\/\/autoprintmachine.com\/#\/schema\/logo\/image\/"},"sameAs":["https:\/\/www.facebook.com\/autoprinttech\/","https:\/\/www.youtube.com\/channel\/UCJtPGiBbQWGE2DZLxySpCtw"]}]}},"_links":{"self":[{"href":"https:\/\/autoprintmachine.com\/it\/wp-json\/wp\/v2\/product\/299","targetHints":{"allow":["GET"]}}],"collection":[{"href":"https:\/\/autoprintmachine.com\/it\/wp-json\/wp\/v2\/product"}],"about":[{"href":"https:\/\/autoprintmachine.com\/it\/wp-json\/wp\/v2\/types\/product"}],"wp:featuredmedia":[{"embeddable":true,"href":"https:\/\/autoprintmachine.com\/it\/wp-json\/wp\/v2\/media\/304"}],"wp:attachment":[{"href":"https:\/\/autoprintmachine.com\/it\/wp-json\/wp\/v2\/media?parent=299"}],"wp:term":[{"taxonomy":"product_brand","embeddable":true,"href":"https:\/\/autoprintmachine.com\/it\/wp-json\/wp\/v2\/product_brand?post=299"},{"taxonomy":"product_cat","embeddable":true,"href":"https:\/\/autoprintmachine.com\/it\/wp-json\/wp\/v2\/product_cat?post=299"},{"taxonomy":"product_tag","embeddable":true,"href":"https:\/\/autoprintmachine.com\/it\/wp-json\/wp\/v2\/product_tag?post=299"}],"curies":[{"name":"wp","href":"https:\/\/api.w.org\/{rel}","templated":true}]}}