{"id":348,"date":"2020-08-12T03:06:31","date_gmt":"2020-08-12T03:06:31","guid":{"rendered":"https:\/\/onceauto.seowaimao.com\/?post_type=product&#038;p=348"},"modified":"2026-01-06T05:32:17","modified_gmt":"2026-01-06T05:32:17","slug":"macchina-tampografica-indipendente-a-cinque-colori","status":"publish","type":"product","link":"https:\/\/autoprintmachine.com\/it\/macchina-tampografica-indipendente-a-cinque-colori\/","title":{"rendered":"Macchina da stampa indipendente a cinque colori con colpo di tampone"},"content":{"rendered":"<p><strong>Introduzione:<\/strong><\/p>\n<p><strong>AP-250-5IP<\/strong> La macchina tampografica indipendente a cinque colori \u00e8 dotata di navetta frontale\/posteriore e parziale servoassistita per la stampa di 1-5 colori.<\/p>\n<p>La macchina tampografica indipendente \u00e8 dotata di un pannello di controllo programmabile con touchscreen, da cui \u00e8 possibile programmare facilmente tutte le funzioni.<\/p>\n<p><strong>L'AP-250-5IP<\/strong> \u00e8 dotato di una solida base della macchina in acciaio saldato per garantire prestazioni fluide e prive di vibrazioni.<\/p>\n<p><strong>AP-250-5IP<\/strong> La macchina tampografica indipendente \u00e8 dotata di cinque clich\u00e9 e calamai regolabili. La dimensione del calamaio pu\u00f2 essere di 90 mm o 120 mm, con cinque supporti per clich\u00e9 regolabili X\/Y\/R per un allineamento preciso delle opere d'arte.<\/p>\n<p><strong>Vantaggi:\u00a0<\/strong><\/p>\n<ul>\n<li>PLC e touch screen controllano tutti i movimenti<\/li>\n<li>Navetta programmabile azionata da servomotore per una precisione estrema<\/li>\n<li>Corsa anteriore-posteriore azionata dal servomotore per una corsa di lavoro programmabile<\/li>\n<li>Corsa di stampa indipendente regolabile<\/li>\n<li>Dispositivo di pulizia automatica del nastro adesivo<\/li>\n<li>Dimensioni della piastra modificabili 100x250 mm o 100x300 mm<\/li>\n<li>Protezione di sicurezza installata<\/li>\n<\/ul>\n<p><strong>Specifiche:<\/strong><\/p>\n<table style=\"height: 567px;\" width=\"696\">\n<tbody>\n<tr>\n<td width=\"69\">Modello<\/td>\n<td width=\"69\">AP-250-5IP<\/td>\n<td width=\"69\">AP-250-6IP<\/td>\n<\/tr>\n<tr>\n<td width=\"69\">Sistema a inchiostro<\/td>\n<td width=\"69\">Calamaio chiuso<\/td>\n<td width=\"69\">Calamaio chiuso<\/td>\n<\/tr>\n<tr>\n<td width=\"69\">Dimensione del piatto<\/td>\n<td width=\"69\">250x100 mm o 300x100 mm<\/td>\n<td width=\"69\">250x100 mm o 300x100 mm<\/td>\n<\/tr>\n<tr>\n<td width=\"69\">Dimensioni del calamaio<\/td>\n<td width=\"69\">ID90xOD100mm<\/td>\n<td width=\"69\">ID90xOD100mm<\/td>\n<\/tr>\n<tr>\n<td width=\"69\">Capacit\u00e0 di stampa<\/td>\n<td width=\"69\">150-200 pezzi<\/td>\n<td width=\"69\">150-200 pezzi<\/td>\n<\/tr>\n<tr>\n<td width=\"69\">Corsa anteriore e posteriore<\/td>\n<td width=\"69\">Servoazionamento<\/td>\n<td width=\"69\">Servoazionamento<\/td>\n<\/tr>\n<tr>\n<td width=\"69\">Parte a navetta<\/td>\n<td width=\"69\">Servoazionamento<\/td>\n<td width=\"69\">Servoazionamento<\/td>\n<\/tr>\n<tr>\n<td width=\"69\">Corsa verticale del pad<\/td>\n<td width=\"69\">Cilindro d'aria indipendente<\/td>\n<td width=\"69\">Cilindro d'aria indipendente<\/td>\n<\/tr>\n<tr>\n<td width=\"69\">Fabbisogno d'aria<\/td>\n<td width=\"69\">5-6 bar<\/td>\n<td width=\"69\">5-6 bar<\/td>\n<\/tr>\n<tr>\n<td width=\"69\">Sistema di controllo<\/td>\n<td width=\"69\">PLC e touch screen<\/td>\n<td width=\"69\">PLC e touch screen<\/td>\n<\/tr>\n<tr>\n<td width=\"69\">Tensione<\/td>\n<td width=\"69\">110V\/220V\/230V 50\/60Hz<\/td>\n<td width=\"69\">110V\/220V\/230V 50\/60Hz<\/td>\n<\/tr>\n<tr>\n<td width=\"69\">Dimensioni<\/td>\n<td width=\"69\">1050x1200x1750 mm<\/td>\n<td width=\"69\">\u00a01050x1200x1750 mm<\/td>\n<\/tr>\n<\/tbody>\n<\/table>","protected":false},"excerpt":{"rendered":"<p>AP-250-5IP \u00e8 una macchina tampografica a cinque colori con corsa del tampone indipendente; ogni corsa del tampone \u00e8 regolabile per soddisfare le diverse esigenze di stampa. La navetta della parte \u00e8 azionata da un servomotore programmabile per una stampa accurata e una registrazione da colore a colore. Tutte le funzioni sono facilmente controllabili tramite il touchscreen. Il sistema di pulizia del nastro riduce il carico di lavoro dell'operatore e garantisce una stampa di alta qualit\u00e0. La macchina pu\u00f2 essere configurata da 4 a 6 colori.<\/p>","protected":false},"featured_media":1364,"template":"","meta":[],"product_brand":[],"product_cat":[23],"product_tag":[],"class_list":{"0":"post-348","1":"product","2":"type-product","3":"status-publish","4":"has-post-thumbnail","6":"product_cat-pad-printing-machine","8":"first","9":"instock","10":"shipping-taxable","11":"product-type-simple"},"yoast_head":"<!-- This site is optimized with the Yoast SEO plugin v27.4 - https:\/\/yoast.com\/product\/yoast-seo-wordpress\/ -->\n<title>5 Color Pad Printer with Independent Pad Stroke and Servo Shuttle<\/title>\n<meta name=\"description\" content=\"The 5 color pad printing machine features with independent pad stroke, servo shuttle work table for accurate printing.\" \/>\n<meta name=\"robots\" content=\"index, follow, max-snippet:-1, max-image-preview:large, max-video-preview:-1\" \/>\n<link rel=\"canonical\" href=\"https:\/\/autoprintmachine.com\/it\/macchina-tampografica-indipendente-a-cinque-colori\/\" \/>\n<meta property=\"og:locale\" content=\"it_IT\" \/>\n<meta property=\"og:type\" content=\"article\" \/>\n<meta property=\"og:title\" content=\"5 Color Pad Printer with Independent Pad Stroke and Servo Shuttle\" \/>\n<meta property=\"og:description\" content=\"The 5 color pad printing machine features with independent pad stroke, servo shuttle work table for accurate printing.\" \/>\n<meta property=\"og:url\" content=\"https:\/\/autoprintmachine.com\/it\/macchina-tampografica-indipendente-a-cinque-colori\/\" \/>\n<meta property=\"article:publisher\" content=\"https:\/\/www.facebook.com\/autoprinttech\/\" \/>\n<meta property=\"article:modified_time\" content=\"2026-01-06T05:32:17+00:00\" \/>\n<meta property=\"og:image\" content=\"https:\/\/autoprintmachine.com\/wp-content\/uploads\/2022\/03\/250-5.jpg\" \/>\n\t<meta property=\"og:image:width\" content=\"600\" \/>\n\t<meta property=\"og:image:height\" content=\"600\" \/>\n\t<meta property=\"og:image:type\" content=\"image\/jpeg\" \/>\n<meta name=\"twitter:card\" content=\"summary_large_image\" \/>\n<meta name=\"twitter:label1\" content=\"Est. reading time\" \/>\n\t<meta name=\"twitter:data1\" content=\"2 minuti\" \/>\n<script type=\"application\/ld+json\" class=\"yoast-schema-graph\">{\"@context\":\"https:\\\/\\\/schema.org\",\"@graph\":[{\"@type\":\"WebPage\",\"@id\":\"https:\\\/\\\/autoprintmachine.com\\\/independent-pad-stroke-five-color-pad-printing-machine\\\/\",\"url\":\"https:\\\/\\\/autoprintmachine.com\\\/independent-pad-stroke-five-color-pad-printing-machine\\\/\",\"name\":\"5 Color Pad Printer with Independent Pad Stroke and Servo Shuttle\",\"isPartOf\":{\"@id\":\"https:\\\/\\\/autoprintmachine.com\\\/#website\"},\"primaryImageOfPage\":{\"@id\":\"https:\\\/\\\/autoprintmachine.com\\\/independent-pad-stroke-five-color-pad-printing-machine\\\/#primaryimage\"},\"image\":{\"@id\":\"https:\\\/\\\/autoprintmachine.com\\\/independent-pad-stroke-five-color-pad-printing-machine\\\/#primaryimage\"},\"thumbnailUrl\":\"https:\\\/\\\/autoprintmachine.com\\\/wp-content\\\/uploads\\\/2022\\\/03\\\/250-5.jpg\",\"datePublished\":\"2020-08-12T03:06:31+00:00\",\"dateModified\":\"2026-01-06T05:32:17+00:00\",\"description\":\"The 5 color pad printing machine features with independent pad stroke, servo shuttle work table for accurate printing.\",\"breadcrumb\":{\"@id\":\"https:\\\/\\\/autoprintmachine.com\\\/independent-pad-stroke-five-color-pad-printing-machine\\\/#breadcrumb\"},\"inLanguage\":\"it-IT\",\"potentialAction\":[{\"@type\":\"ReadAction\",\"target\":[\"https:\\\/\\\/autoprintmachine.com\\\/independent-pad-stroke-five-color-pad-printing-machine\\\/\"]}]},{\"@type\":\"ImageObject\",\"inLanguage\":\"it-IT\",\"@id\":\"https:\\\/\\\/autoprintmachine.com\\\/independent-pad-stroke-five-color-pad-printing-machine\\\/#primaryimage\",\"url\":\"https:\\\/\\\/autoprintmachine.com\\\/wp-content\\\/uploads\\\/2022\\\/03\\\/250-5.jpg\",\"contentUrl\":\"https:\\\/\\\/autoprintmachine.com\\\/wp-content\\\/uploads\\\/2022\\\/03\\\/250-5.jpg\",\"width\":600,\"height\":600,\"caption\":\"250 5\"},{\"@type\":\"BreadcrumbList\",\"@id\":\"https:\\\/\\\/autoprintmachine.com\\\/independent-pad-stroke-five-color-pad-printing-machine\\\/#breadcrumb\",\"itemListElement\":[{\"@type\":\"ListItem\",\"position\":1,\"name\":\"Home\",\"item\":\"https:\\\/\\\/autoprintmachine.com\\\/\"},{\"@type\":\"ListItem\",\"position\":2,\"name\":\"Products\",\"item\":\"https:\\\/\\\/autoprintmachine.com\\\/shop\\\/\"},{\"@type\":\"ListItem\",\"position\":3,\"name\":\"Independent Pad Stroke Five Color Printing Machine\"}]},{\"@type\":\"WebSite\",\"@id\":\"https:\\\/\\\/autoprintmachine.com\\\/#website\",\"url\":\"https:\\\/\\\/autoprintmachine.com\\\/\",\"name\":\"\",\"description\":\"\",\"publisher\":{\"@id\":\"https:\\\/\\\/autoprintmachine.com\\\/#organization\"},\"potentialAction\":[{\"@type\":\"SearchAction\",\"target\":{\"@type\":\"EntryPoint\",\"urlTemplate\":\"https:\\\/\\\/autoprintmachine.com\\\/?s={search_term_string}\"},\"query-input\":{\"@type\":\"PropertyValueSpecification\",\"valueRequired\":true,\"valueName\":\"search_term_string\"}}],\"inLanguage\":\"it-IT\"},{\"@type\":\"Organization\",\"@id\":\"https:\\\/\\\/autoprintmachine.com\\\/#organization\",\"name\":\"Dongguan Auto Print Tech Co., Ltd\",\"url\":\"https:\\\/\\\/autoprintmachine.com\\\/\",\"logo\":{\"@type\":\"ImageObject\",\"inLanguage\":\"it-IT\",\"@id\":\"https:\\\/\\\/autoprintmachine.com\\\/#\\\/schema\\\/logo\\\/image\\\/\",\"url\":\"https:\\\/\\\/autoprintmachine.com\\\/wp-content\\\/uploads\\\/2023\\\/06\\\/screen_printing_logo_new.webp\",\"contentUrl\":\"https:\\\/\\\/autoprintmachine.com\\\/wp-content\\\/uploads\\\/2023\\\/06\\\/screen_printing_logo_new.webp\",\"width\":890,\"height\":750,\"caption\":\"Dongguan Auto Print Tech Co., Ltd\"},\"image\":{\"@id\":\"https:\\\/\\\/autoprintmachine.com\\\/#\\\/schema\\\/logo\\\/image\\\/\"},\"sameAs\":[\"https:\\\/\\\/www.facebook.com\\\/autoprinttech\\\/\",\"https:\\\/\\\/www.youtube.com\\\/channel\\\/UCJtPGiBbQWGE2DZLxySpCtw\"]}]}<\/script>\n<!-- \/ Yoast SEO plugin. -->","yoast_head_json":{"title":"Stampante tampografica a 5 colori con corsa del tampone indipendente e servo shuttle","description":"La macchina tampografica a 5 colori \u00e8 dotata di una corsa indipendente del tampone e di un tavolo di lavoro a navetta per una stampa accurata.","robots":{"index":"index","follow":"follow","max-snippet":"max-snippet:-1","max-image-preview":"max-image-preview:large","max-video-preview":"max-video-preview:-1"},"canonical":"https:\/\/autoprintmachine.com\/it\/macchina-tampografica-indipendente-a-cinque-colori\/","og_locale":"it_IT","og_type":"article","og_title":"5 Color Pad Printer with Independent Pad Stroke and Servo Shuttle","og_description":"The 5 color pad printing machine features with independent pad stroke, servo shuttle work table for accurate printing.","og_url":"https:\/\/autoprintmachine.com\/it\/macchina-tampografica-indipendente-a-cinque-colori\/","article_publisher":"https:\/\/www.facebook.com\/autoprinttech\/","article_modified_time":"2026-01-06T05:32:17+00:00","og_image":[{"width":600,"height":600,"url":"https:\/\/autoprintmachine.com\/wp-content\/uploads\/2022\/03\/250-5.jpg","type":"image\/jpeg"}],"twitter_card":"summary_large_image","twitter_misc":{"Est. reading time":"2 minuti"},"schema":{"@context":"https:\/\/schema.org","@graph":[{"@type":"WebPage","@id":"https:\/\/autoprintmachine.com\/independent-pad-stroke-five-color-pad-printing-machine\/","url":"https:\/\/autoprintmachine.com\/independent-pad-stroke-five-color-pad-printing-machine\/","name":"Stampante tampografica a 5 colori con corsa del tampone indipendente e servo shuttle","isPartOf":{"@id":"https:\/\/autoprintmachine.com\/#website"},"primaryImageOfPage":{"@id":"https:\/\/autoprintmachine.com\/independent-pad-stroke-five-color-pad-printing-machine\/#primaryimage"},"image":{"@id":"https:\/\/autoprintmachine.com\/independent-pad-stroke-five-color-pad-printing-machine\/#primaryimage"},"thumbnailUrl":"https:\/\/autoprintmachine.com\/wp-content\/uploads\/2022\/03\/250-5.jpg","datePublished":"2020-08-12T03:06:31+00:00","dateModified":"2026-01-06T05:32:17+00:00","description":"La macchina tampografica a 5 colori \u00e8 dotata di una corsa indipendente del tampone e di un tavolo di lavoro a navetta per una stampa accurata.","breadcrumb":{"@id":"https:\/\/autoprintmachine.com\/independent-pad-stroke-five-color-pad-printing-machine\/#breadcrumb"},"inLanguage":"it-IT","potentialAction":[{"@type":"ReadAction","target":["https:\/\/autoprintmachine.com\/independent-pad-stroke-five-color-pad-printing-machine\/"]}]},{"@type":"ImageObject","inLanguage":"it-IT","@id":"https:\/\/autoprintmachine.com\/independent-pad-stroke-five-color-pad-printing-machine\/#primaryimage","url":"https:\/\/autoprintmachine.com\/wp-content\/uploads\/2022\/03\/250-5.jpg","contentUrl":"https:\/\/autoprintmachine.com\/wp-content\/uploads\/2022\/03\/250-5.jpg","width":600,"height":600,"caption":"250 5"},{"@type":"BreadcrumbList","@id":"https:\/\/autoprintmachine.com\/independent-pad-stroke-five-color-pad-printing-machine\/#breadcrumb","itemListElement":[{"@type":"ListItem","position":1,"name":"Home","item":"https:\/\/autoprintmachine.com\/"},{"@type":"ListItem","position":2,"name":"Products","item":"https:\/\/autoprintmachine.com\/shop\/"},{"@type":"ListItem","position":3,"name":"Independent Pad Stroke Five Color Printing Machine"}]},{"@type":"WebSite","@id":"https:\/\/autoprintmachine.com\/#website","url":"https:\/\/autoprintmachine.com\/","name":"","description":"","publisher":{"@id":"https:\/\/autoprintmachine.com\/#organization"},"potentialAction":[{"@type":"SearchAction","target":{"@type":"EntryPoint","urlTemplate":"https:\/\/autoprintmachine.com\/?s={search_term_string}"},"query-input":{"@type":"PropertyValueSpecification","valueRequired":true,"valueName":"search_term_string"}}],"inLanguage":"it-IT"},{"@type":"Organization","@id":"https:\/\/autoprintmachine.com\/#organization","name":"Dongguan Auto Print Tech Co., Ltd","url":"https:\/\/autoprintmachine.com\/","logo":{"@type":"ImageObject","inLanguage":"it-IT","@id":"https:\/\/autoprintmachine.com\/#\/schema\/logo\/image\/","url":"https:\/\/autoprintmachine.com\/wp-content\/uploads\/2023\/06\/screen_printing_logo_new.webp","contentUrl":"https:\/\/autoprintmachine.com\/wp-content\/uploads\/2023\/06\/screen_printing_logo_new.webp","width":890,"height":750,"caption":"Dongguan Auto Print Tech Co., Ltd"},"image":{"@id":"https:\/\/autoprintmachine.com\/#\/schema\/logo\/image\/"},"sameAs":["https:\/\/www.facebook.com\/autoprinttech\/","https:\/\/www.youtube.com\/channel\/UCJtPGiBbQWGE2DZLxySpCtw"]}]}},"_links":{"self":[{"href":"https:\/\/autoprintmachine.com\/it\/wp-json\/wp\/v2\/product\/348","targetHints":{"allow":["GET"]}}],"collection":[{"href":"https:\/\/autoprintmachine.com\/it\/wp-json\/wp\/v2\/product"}],"about":[{"href":"https:\/\/autoprintmachine.com\/it\/wp-json\/wp\/v2\/types\/product"}],"wp:featuredmedia":[{"embeddable":true,"href":"https:\/\/autoprintmachine.com\/it\/wp-json\/wp\/v2\/media\/1364"}],"wp:attachment":[{"href":"https:\/\/autoprintmachine.com\/it\/wp-json\/wp\/v2\/media?parent=348"}],"wp:term":[{"taxonomy":"product_brand","embeddable":true,"href":"https:\/\/autoprintmachine.com\/it\/wp-json\/wp\/v2\/product_brand?post=348"},{"taxonomy":"product_cat","embeddable":true,"href":"https:\/\/autoprintmachine.com\/it\/wp-json\/wp\/v2\/product_cat?post=348"},{"taxonomy":"product_tag","embeddable":true,"href":"https:\/\/autoprintmachine.com\/it\/wp-json\/wp\/v2\/product_tag?post=348"}],"curies":[{"name":"wp","href":"https:\/\/api.w.org\/{rel}","templated":true}]}}