{"id":355,"date":"2020-08-12T07:28:45","date_gmt":"2020-08-12T07:28:45","guid":{"rendered":"https:\/\/onceauto.seowaimao.com\/?post_type=product&#038;p=355"},"modified":"2025-12-30T01:37:20","modified_gmt":"2025-12-30T01:37:20","slug":"da-1-a-6-colori-macchina-serigrafica-automatica-bottiglia-uv","status":"publish","type":"product","link":"https:\/\/autoprintmachine.com\/it\/da-1-a-6-colori-macchina-serigrafica-automatica-bottiglia-uv\/","title":{"rendered":"Macchina serigrafica UV automatica della bottiglia da 1 a 6 colori"},"content":{"rendered":"<section class=\"section\" id=\"section_1636619203\">\n\t\t<div class=\"section-bg fill\" >\n\t\t\t\t\t\t\t\t\t\n\t\t\t\n\n\t\t<\/div>\n\n\t\t\n\n\t\t<div class=\"section-content relative\">\n\t\t\t\n<div class=\"row\"  id=\"row-1855012843\">\n\n\t<div id=\"col-1372570921\" class=\"col small-12 large-12\"  >\n\t\t\t\t<div class=\"col-inner\"  >\n\t\t\t\n\t\t\t\n<h2>Guarda la nostra macchina per la stampa automatica di bottiglie UV da 1 a 6 colori<\/h2>\n<hr \/>\n<h2><\/h2>\n<div class=\"row\"  id=\"row-1026658600\">\n\n\t<div id=\"col-639729290\" class=\"col medium-10 small-12 large-10\"  >\n\t\t\t\t<div class=\"col-inner\"  >\n\t\t\t\n\t\t\t\n<div class=\"video video-fit mb\" style=\"padding-top:56.25%;\"><p><iframe loading=\"lazy\" title=\"Macchina serigrafica rotonda: AP-100 con sistema UV a LED\" width=\"1020\" height=\"574\" src=\"https:\/\/www.youtube.com\/embed\/b0R1PvPROp0?feature=oembed\" frameborder=\"0\" allow=\"accelerometer; autoplay; clipboard-write; encrypted-media; gyroscope; picture-in-picture; web-share\" referrerpolicy=\"strict-origin-when-cross-origin\" allowfullscreen><\/iframe><\/p>\n<\/div>\n\t\t<\/div>\n\t\t\t\t\t<\/div>\n\n\t\n<\/div>\n\t\t<\/div>\n\t\t\t\t\t<\/div>\n\n\t\n\n\t<div id=\"col-109976625\" class=\"col small-12 large-12\"  >\n\t\t\t\t<div class=\"col-inner\"  >\n\t\t\t\n\t\t\t\n<h2>Macchina serigrafica UV Introduzione:<\/h2>\n<p>La macchina serigrafica automatica UV per bottiglie della serie AP-100 \u00e8 di tipo meccanico. Utilizza il controllo del motore a corrente alternata e il sistema lineare del fascio di luce. Questa stampante uv per bottiglie \u00e8 in grado di trasportare le bottiglie con una registrazione accurata da colore a colore. Quando la bottiglia viene caricata nella macchina, pu\u00f2 essere automaticamente trattata alla fiamma, serigrafata e polimerizzata con i raggi UV. La velocit\u00e0 massima di stampa di questa linea serigrafica automatica pu\u00f2 raggiungere i 70 pezzi al minuto.<\/p>\n<p>La stampante serigrafica automatica della serie AP-100 \u00e8 adatta a diverse forme. Tra cui forme rotonde, ovali e quadrate. I materiali del contenitore possono essere plastica, vetro, metallo, ecc.<\/p>\n<h2>Macchina da stampa UV Caratteristiche:<\/h2>\n<ol>\n<li>Macchina serigrafica UV automatica da 1 a 6 colori<\/li>\n<li>Velocit\u00e0 di stampa fino a 70 bottiglie al minuto<\/li>\n<li>Stampe su contenitori rotondi e ovali<\/li>\n<li>Trave meccanica di deambulazione indicizzata<\/li>\n<li>Motore principale Italia<\/li>\n<li>Sistema UV elettronico<\/li>\n<li>PLC Omron con touch screen controllato<\/li>\n<li>Soffiaggio antistatico e trattamento antifiamma integrati<\/li>\n<\/ol>\n<h2>Stampante UV a bottiglia Specifiche:<\/h2>\n<table width=\"560\">\n<tbody>\n<tr>\n<td colspan=\"2\" width=\"275\">SPECIFICHE DELLA MACCHINA<\/td>\n<td width=\"285\">Serie AP-100<\/td>\n<\/tr>\n<tr>\n<td colspan=\"2\" width=\"275\">Dimensioni del contenitore rotondo:<\/td>\n<td width=\"285\">Diametro: \u00d810-100mm, Altezza: 30-260mm<\/td>\n<\/tr>\n<tr>\n<td colspan=\"2\" width=\"275\">Contenitore rotondo area di stampa massima:<\/td>\n<td width=\"285\">L 260 x L 220 mm<\/td>\n<\/tr>\n<tr>\n<td colspan=\"2\" width=\"275\">Dimensioni del contenitore ovale:<\/td>\n<td width=\"285\">R: 10-250 mm, Altezza: 30-260 mm<\/td>\n<\/tr>\n<tr>\n<td colspan=\"2\" width=\"275\">Contenitore ovale area di stampa massima:<\/td>\n<td width=\"285\">L 120 x L 220 mm<\/td>\n<\/tr>\n<tr>\n<td colspan=\"2\" width=\"275\">Capacit\u00e0 di stampa:<\/td>\n<td width=\"285\">Fino a 70 pezzi\/min<\/td>\n<\/tr>\n<tr>\n<td colspan=\"2\" width=\"275\">Potenza della lampada UV:<\/td>\n<td width=\"285\">5 KW<\/td>\n<\/tr>\n<tr>\n<td colspan=\"2\" width=\"275\">Guida:<\/td>\n<td width=\"285\">Azionamento meccanico<\/td>\n<\/tr>\n<tr>\n<td colspan=\"2\" width=\"275\">Elettrico:<\/td>\n<td width=\"285\">380V\/480V trifase 50\/60Hz<\/td>\n<\/tr>\n<tr>\n<td colspan=\"2\" width=\"275\">Fabbisogno d'aria:<\/td>\n<td width=\"285\">5-7 bar<\/td>\n<\/tr>\n<tr>\n<td colspan=\"2\" width=\"275\">Consumo di energia:<\/td>\n<td width=\"285\">5,4 KW\/UNITA<\/td>\n<\/tr>\n<tr>\n<td colspan=\"2\" width=\"275\">Peso:<\/td>\n<td width=\"285\">1600 KG<\/td>\n<\/tr>\n<\/tbody>\n<\/table>\n\t\t<\/div>\n\t\t\t\t\t<\/div>\n\n\t\n<\/div>\n\t\t<\/div>\n\n\t\t\n<style>\n#section_1636619203 {\n  padding-top: 30px;\n  padding-bottom: 30px;\n}\n<\/style>\n\t<\/section>","protected":false},"excerpt":{"rendered":"<p>La macchina serigrafica automatica UV della serie AP-100 \u00e8 una linea di serigrafia automatica da 1 a 6 colori che include il trattamento alla fiamma, la serigrafia e la polimerizzazione UV. Questa linea di stampa serigrafica \u00e8 dotata di un motore principale di marca italiana che aziona la solida trave lineare per il trasporto delle bottiglie. L'alta velocit\u00e0 e l'accurata registrazione dei colori rendono questa serie di macchine ampiamente utilizzata per la stampa su diversi tipi di bottiglie, tra cui plastica, vetro, metallo, ecc. Le forme delle bottiglie possono essere rotonde, ovali e quadrate.<\/p>","protected":false},"featured_media":1636,"template":"","meta":[],"product_brand":[],"product_cat":[18],"product_tag":[],"class_list":{"0":"post-355","1":"product","2":"type-product","3":"status-publish","4":"has-post-thumbnail","6":"product_cat-automatic-uv-screen-printing-equipment","8":"first","9":"instock","10":"shipping-taxable","11":"product-type-simple"},"yoast_head":"<!-- This site is optimized with the Yoast SEO plugin v27.4 - https:\/\/yoast.com\/product\/yoast-seo-wordpress\/ -->\n<title>6 Color Automatic UV Bottle Screen Printing Machine<\/title>\n<meta name=\"description\" content=\"The automatic UV tumbler printer is suitable for different shapes bottles can be round, oval, and square shapes. plastic, glass, and metal are OK.\" \/>\n<meta name=\"robots\" content=\"index, follow, max-snippet:-1, max-image-preview:large, max-video-preview:-1\" \/>\n<link rel=\"canonical\" href=\"https:\/\/autoprintmachine.com\/it\/da-1-a-6-colori-macchina-serigrafica-automatica-bottiglia-uv\/\" \/>\n<meta property=\"og:locale\" content=\"it_IT\" \/>\n<meta property=\"og:type\" content=\"article\" \/>\n<meta property=\"og:title\" content=\"6 Color Automatic UV Bottle Screen Printing Machine\" \/>\n<meta property=\"og:description\" content=\"The automatic UV tumbler printer is suitable for different shapes bottles can be round, oval, and square shapes. plastic, glass, and metal are OK.\" \/>\n<meta property=\"og:url\" content=\"https:\/\/autoprintmachine.com\/it\/da-1-a-6-colori-macchina-serigrafica-automatica-bottiglia-uv\/\" \/>\n<meta property=\"article:publisher\" content=\"https:\/\/www.facebook.com\/autoprinttech\/\" \/>\n<meta property=\"article:modified_time\" content=\"2025-12-30T01:37:20+00:00\" \/>\n<meta property=\"og:image\" content=\"https:\/\/autoprintmachine.com\/wp-content\/uploads\/2023\/08\/five_color_bottle_screen_printing_machine.webp\" \/>\n\t<meta property=\"og:image:width\" content=\"600\" \/>\n\t<meta property=\"og:image:height\" content=\"600\" \/>\n\t<meta property=\"og:image:type\" content=\"image\/webp\" \/>\n<meta name=\"twitter:card\" content=\"summary_large_image\" \/>\n<meta name=\"twitter:label1\" content=\"Est. reading time\" \/>\n\t<meta name=\"twitter:data1\" content=\"2 minuti\" \/>\n<script type=\"application\/ld+json\" class=\"yoast-schema-graph\">{\"@context\":\"https:\\\/\\\/schema.org\",\"@graph\":[{\"@type\":\"WebPage\",\"@id\":\"https:\\\/\\\/autoprintmachine.com\\\/1-to-6-color-automatic-uv-bottle-screen-printing-machine\\\/\",\"url\":\"https:\\\/\\\/autoprintmachine.com\\\/1-to-6-color-automatic-uv-bottle-screen-printing-machine\\\/\",\"name\":\"6 Color Automatic UV Bottle Screen Printing Machine\",\"isPartOf\":{\"@id\":\"https:\\\/\\\/autoprintmachine.com\\\/#website\"},\"primaryImageOfPage\":{\"@id\":\"https:\\\/\\\/autoprintmachine.com\\\/1-to-6-color-automatic-uv-bottle-screen-printing-machine\\\/#primaryimage\"},\"image\":{\"@id\":\"https:\\\/\\\/autoprintmachine.com\\\/1-to-6-color-automatic-uv-bottle-screen-printing-machine\\\/#primaryimage\"},\"thumbnailUrl\":\"https:\\\/\\\/autoprintmachine.com\\\/wp-content\\\/uploads\\\/2023\\\/08\\\/five_color_bottle_screen_printing_machine.webp\",\"datePublished\":\"2020-08-12T07:28:45+00:00\",\"dateModified\":\"2025-12-30T01:37:20+00:00\",\"description\":\"The automatic UV tumbler printer is suitable for different shapes bottles can be round, oval, and square shapes. plastic, glass, and metal are OK.\",\"breadcrumb\":{\"@id\":\"https:\\\/\\\/autoprintmachine.com\\\/1-to-6-color-automatic-uv-bottle-screen-printing-machine\\\/#breadcrumb\"},\"inLanguage\":\"it-IT\",\"potentialAction\":[{\"@type\":\"ReadAction\",\"target\":[\"https:\\\/\\\/autoprintmachine.com\\\/1-to-6-color-automatic-uv-bottle-screen-printing-machine\\\/\"]}]},{\"@type\":\"ImageObject\",\"inLanguage\":\"it-IT\",\"@id\":\"https:\\\/\\\/autoprintmachine.com\\\/1-to-6-color-automatic-uv-bottle-screen-printing-machine\\\/#primaryimage\",\"url\":\"https:\\\/\\\/autoprintmachine.com\\\/wp-content\\\/uploads\\\/2023\\\/08\\\/five_color_bottle_screen_printing_machine.webp\",\"contentUrl\":\"https:\\\/\\\/autoprintmachine.com\\\/wp-content\\\/uploads\\\/2023\\\/08\\\/five_color_bottle_screen_printing_machine.webp\",\"width\":600,\"height\":600,\"caption\":\"five_color_bottle_screen_printing_machine\"},{\"@type\":\"BreadcrumbList\",\"@id\":\"https:\\\/\\\/autoprintmachine.com\\\/1-to-6-color-automatic-uv-bottle-screen-printing-machine\\\/#breadcrumb\",\"itemListElement\":[{\"@type\":\"ListItem\",\"position\":1,\"name\":\"Home\",\"item\":\"https:\\\/\\\/autoprintmachine.com\\\/\"},{\"@type\":\"ListItem\",\"position\":2,\"name\":\"Products\",\"item\":\"https:\\\/\\\/autoprintmachine.com\\\/shop\\\/\"},{\"@type\":\"ListItem\",\"position\":3,\"name\":\"1 to 6 Color Automatic UV Bottle Screen Printing Machine\"}]},{\"@type\":\"WebSite\",\"@id\":\"https:\\\/\\\/autoprintmachine.com\\\/#website\",\"url\":\"https:\\\/\\\/autoprintmachine.com\\\/\",\"name\":\"\",\"description\":\"\",\"publisher\":{\"@id\":\"https:\\\/\\\/autoprintmachine.com\\\/#organization\"},\"potentialAction\":[{\"@type\":\"SearchAction\",\"target\":{\"@type\":\"EntryPoint\",\"urlTemplate\":\"https:\\\/\\\/autoprintmachine.com\\\/?s={search_term_string}\"},\"query-input\":{\"@type\":\"PropertyValueSpecification\",\"valueRequired\":true,\"valueName\":\"search_term_string\"}}],\"inLanguage\":\"it-IT\"},{\"@type\":\"Organization\",\"@id\":\"https:\\\/\\\/autoprintmachine.com\\\/#organization\",\"name\":\"Dongguan Auto Print Tech Co., Ltd\",\"url\":\"https:\\\/\\\/autoprintmachine.com\\\/\",\"logo\":{\"@type\":\"ImageObject\",\"inLanguage\":\"it-IT\",\"@id\":\"https:\\\/\\\/autoprintmachine.com\\\/#\\\/schema\\\/logo\\\/image\\\/\",\"url\":\"https:\\\/\\\/autoprintmachine.com\\\/wp-content\\\/uploads\\\/2023\\\/06\\\/screen_printing_logo_new.webp\",\"contentUrl\":\"https:\\\/\\\/autoprintmachine.com\\\/wp-content\\\/uploads\\\/2023\\\/06\\\/screen_printing_logo_new.webp\",\"width\":890,\"height\":750,\"caption\":\"Dongguan Auto Print Tech Co., Ltd\"},\"image\":{\"@id\":\"https:\\\/\\\/autoprintmachine.com\\\/#\\\/schema\\\/logo\\\/image\\\/\"},\"sameAs\":[\"https:\\\/\\\/www.facebook.com\\\/autoprinttech\\\/\",\"https:\\\/\\\/www.youtube.com\\\/channel\\\/UCJtPGiBbQWGE2DZLxySpCtw\"]}]}<\/script>\n<!-- \/ Yoast SEO plugin. -->","yoast_head_json":{"title":"6 Colore automatico UV bottiglia schermo macchina di stampa","description":"La stampante automatica UV per tumbler \u00e8 adatta a bottiglie di diverse forme, che possono essere rotonde, ovali e quadrate. plastica, vetro e metallo sono adatti.","robots":{"index":"index","follow":"follow","max-snippet":"max-snippet:-1","max-image-preview":"max-image-preview:large","max-video-preview":"max-video-preview:-1"},"canonical":"https:\/\/autoprintmachine.com\/it\/da-1-a-6-colori-macchina-serigrafica-automatica-bottiglia-uv\/","og_locale":"it_IT","og_type":"article","og_title":"6 Color Automatic UV Bottle Screen Printing Machine","og_description":"The automatic UV tumbler printer is suitable for different shapes bottles can be round, oval, and square shapes. plastic, glass, and metal are OK.","og_url":"https:\/\/autoprintmachine.com\/it\/da-1-a-6-colori-macchina-serigrafica-automatica-bottiglia-uv\/","article_publisher":"https:\/\/www.facebook.com\/autoprinttech\/","article_modified_time":"2025-12-30T01:37:20+00:00","og_image":[{"width":600,"height":600,"url":"https:\/\/autoprintmachine.com\/wp-content\/uploads\/2023\/08\/five_color_bottle_screen_printing_machine.webp","type":"image\/webp"}],"twitter_card":"summary_large_image","twitter_misc":{"Est. reading time":"2 minuti"},"schema":{"@context":"https:\/\/schema.org","@graph":[{"@type":"WebPage","@id":"https:\/\/autoprintmachine.com\/1-to-6-color-automatic-uv-bottle-screen-printing-machine\/","url":"https:\/\/autoprintmachine.com\/1-to-6-color-automatic-uv-bottle-screen-printing-machine\/","name":"6 Colore automatico UV bottiglia schermo macchina di stampa","isPartOf":{"@id":"https:\/\/autoprintmachine.com\/#website"},"primaryImageOfPage":{"@id":"https:\/\/autoprintmachine.com\/1-to-6-color-automatic-uv-bottle-screen-printing-machine\/#primaryimage"},"image":{"@id":"https:\/\/autoprintmachine.com\/1-to-6-color-automatic-uv-bottle-screen-printing-machine\/#primaryimage"},"thumbnailUrl":"https:\/\/autoprintmachine.com\/wp-content\/uploads\/2023\/08\/five_color_bottle_screen_printing_machine.webp","datePublished":"2020-08-12T07:28:45+00:00","dateModified":"2025-12-30T01:37:20+00:00","description":"La stampante automatica UV per tumbler \u00e8 adatta a bottiglie di diverse forme, che possono essere rotonde, ovali e quadrate. plastica, vetro e metallo sono adatti.","breadcrumb":{"@id":"https:\/\/autoprintmachine.com\/1-to-6-color-automatic-uv-bottle-screen-printing-machine\/#breadcrumb"},"inLanguage":"it-IT","potentialAction":[{"@type":"ReadAction","target":["https:\/\/autoprintmachine.com\/1-to-6-color-automatic-uv-bottle-screen-printing-machine\/"]}]},{"@type":"ImageObject","inLanguage":"it-IT","@id":"https:\/\/autoprintmachine.com\/1-to-6-color-automatic-uv-bottle-screen-printing-machine\/#primaryimage","url":"https:\/\/autoprintmachine.com\/wp-content\/uploads\/2023\/08\/five_color_bottle_screen_printing_machine.webp","contentUrl":"https:\/\/autoprintmachine.com\/wp-content\/uploads\/2023\/08\/five_color_bottle_screen_printing_machine.webp","width":600,"height":600,"caption":"five_color_bottle_screen_printing_machine"},{"@type":"BreadcrumbList","@id":"https:\/\/autoprintmachine.com\/1-to-6-color-automatic-uv-bottle-screen-printing-machine\/#breadcrumb","itemListElement":[{"@type":"ListItem","position":1,"name":"Home","item":"https:\/\/autoprintmachine.com\/"},{"@type":"ListItem","position":2,"name":"Products","item":"https:\/\/autoprintmachine.com\/shop\/"},{"@type":"ListItem","position":3,"name":"1 to 6 Color Automatic UV Bottle Screen Printing Machine"}]},{"@type":"WebSite","@id":"https:\/\/autoprintmachine.com\/#website","url":"https:\/\/autoprintmachine.com\/","name":"","description":"","publisher":{"@id":"https:\/\/autoprintmachine.com\/#organization"},"potentialAction":[{"@type":"SearchAction","target":{"@type":"EntryPoint","urlTemplate":"https:\/\/autoprintmachine.com\/?s={search_term_string}"},"query-input":{"@type":"PropertyValueSpecification","valueRequired":true,"valueName":"search_term_string"}}],"inLanguage":"it-IT"},{"@type":"Organization","@id":"https:\/\/autoprintmachine.com\/#organization","name":"Dongguan Auto Print Tech Co., Ltd","url":"https:\/\/autoprintmachine.com\/","logo":{"@type":"ImageObject","inLanguage":"it-IT","@id":"https:\/\/autoprintmachine.com\/#\/schema\/logo\/image\/","url":"https:\/\/autoprintmachine.com\/wp-content\/uploads\/2023\/06\/screen_printing_logo_new.webp","contentUrl":"https:\/\/autoprintmachine.com\/wp-content\/uploads\/2023\/06\/screen_printing_logo_new.webp","width":890,"height":750,"caption":"Dongguan Auto Print Tech Co., Ltd"},"image":{"@id":"https:\/\/autoprintmachine.com\/#\/schema\/logo\/image\/"},"sameAs":["https:\/\/www.facebook.com\/autoprinttech\/","https:\/\/www.youtube.com\/channel\/UCJtPGiBbQWGE2DZLxySpCtw"]}]}},"_links":{"self":[{"href":"https:\/\/autoprintmachine.com\/it\/wp-json\/wp\/v2\/product\/355","targetHints":{"allow":["GET"]}}],"collection":[{"href":"https:\/\/autoprintmachine.com\/it\/wp-json\/wp\/v2\/product"}],"about":[{"href":"https:\/\/autoprintmachine.com\/it\/wp-json\/wp\/v2\/types\/product"}],"wp:featuredmedia":[{"embeddable":true,"href":"https:\/\/autoprintmachine.com\/it\/wp-json\/wp\/v2\/media\/1636"}],"wp:attachment":[{"href":"https:\/\/autoprintmachine.com\/it\/wp-json\/wp\/v2\/media?parent=355"}],"wp:term":[{"taxonomy":"product_brand","embeddable":true,"href":"https:\/\/autoprintmachine.com\/it\/wp-json\/wp\/v2\/product_brand?post=355"},{"taxonomy":"product_cat","embeddable":true,"href":"https:\/\/autoprintmachine.com\/it\/wp-json\/wp\/v2\/product_cat?post=355"},{"taxonomy":"product_tag","embeddable":true,"href":"https:\/\/autoprintmachine.com\/it\/wp-json\/wp\/v2\/product_tag?post=355"}],"curies":[{"name":"wp","href":"https:\/\/api.w.org\/{rel}","templated":true}]}}