{"id":369,"date":"2020-08-14T02:29:55","date_gmt":"2020-08-14T02:29:55","guid":{"rendered":"https:\/\/onceauto.seowaimao.com\/?post_type=product&#038;p=369"},"modified":"2025-12-30T05:30:10","modified_gmt":"2025-12-30T05:30:10","slug":"macchina-serigrafica-automatica-uv-per-tubi-e-barattoli","status":"publish","type":"product","link":"https:\/\/autoprintmachine.com\/it\/macchina-serigrafica-automatica-uv-per-tubi-e-barattoli\/","title":{"rendered":"Macchina serigrafica UV automatica per tubi e barattoli"},"content":{"rendered":"<h2>Stampante UV a bottiglia Introduzione:<\/h2>\n<p>La macchina serigrafica automatica UV AP-112 \u00e8 dotata di un trasportatore di ingresso per l'alimentazione automatica del pezzo sul mandrino con un braccio di spinta meccanico, azionato da una tavola rotante a 12 stazioni montata verticalmente che utilizza un motore principale italiano. Questo sistema di stampa serigrafica comprende anche: 1) stazione di pretrattamento alla fiamma, 2) stazione di de-ionizzazione, 3) stazione di stampa serigrafica meccanica indicizzata, 4) stazione di polimerizzazione UV ALPHA-CURE e 5) trasportatore di uscita automatico.<\/p>\n<h2>Stampante UV per bottiglie Caratteristiche standard:<\/h2>\n<ol>\n<li>Tavola rotante verticale di alta precisione (12 stazioni)<\/li>\n<li>PLC OMRON controllato con touch screen<\/li>\n<li>Testine di stampa sincronizzate meccanicamente per risultati di stampa precisi<\/li>\n<li>Nastro di carico e scarico automatico in entrata<\/li>\n<li>Configurazione e cambio rapido e semplice<\/li>\n<li>Angolo e altezza del tergipavimento regolabili<\/li>\n<li>Velocit\u00e0 di stampa fino a 80 pezzi al minuto<\/li>\n<\/ol>\n<h2>Macchina di stampa UV Specifiche:<\/h2>\n<table width=\"588\">\n<tbody>\n<tr>\n<td width=\"320\">Modello<\/td>\n<td width=\"268\">AP-112<\/td>\n<\/tr>\n<tr>\n<td width=\"320\">\u00a0Colore di stampa<\/td>\n<td width=\"268\">1 Colore<\/td>\n<\/tr>\n<tr>\n<td width=\"320\">Stampa delle dimensioni del prodotto (diametro x lunghezza):<\/td>\n<td width=\"268\">\u00d810mm-\u00d875mm, L20mm-230mm<\/td>\n<\/tr>\n<tr>\n<td width=\"320\">Area di stampa massima:<\/td>\n<td width=\"268\">236x170 mm<\/td>\n<\/tr>\n<tr>\n<td width=\"320\">Velocit\u00e0 massima di stampa:<\/td>\n<td width=\"268\">60-80 pezzi\/min<\/td>\n<\/tr>\n<tr>\n<td width=\"320\">Potenza della lampada UV:<\/td>\n<td width=\"268\">3 KW<\/td>\n<\/tr>\n<tr>\n<td width=\"320\">Alimentazione elettrica:<\/td>\n<td width=\"268\">380V\/480V 3Fase 50Hz\/60Hz<\/td>\n<\/tr>\n<tr>\n<td width=\"320\">Fabbisogno d'aria:<\/td>\n<td width=\"268\">5-7 BAR<\/td>\n<\/tr>\n<tr>\n<td width=\"320\">Consumo di energia:<\/td>\n<td width=\"268\">4,5 KW<\/td>\n<\/tr>\n<tr>\n<td width=\"320\">Dimensioni della macchina (LxLxH):<\/td>\n<td width=\"268\">1625x1200x1800 mm<\/td>\n<\/tr>\n<tr>\n<td width=\"320\">Peso:<\/td>\n<td width=\"268\">1500 KG<\/td>\n<\/tr>\n<\/tbody>\n<\/table>","protected":false},"excerpt":{"rendered":"<p>La macchina serigrafica automatica UV AP-112 \u00e8 stata progettata per i cilindri. \u00c8 adatta per la stampa serigrafica su tubi di plastica flessibili o rigidi, barattoli e coperchi di plastica, fiale e siringhe mediche. Il diametro massimo di stampa pu\u00f2 raggiungere i 75 mm e la velocit\u00e0 pu\u00f2 raggiungere gli 80 pezzi al minuto, aumentando notevolmente l'efficienza produttiva. La macchina \u00e8 azionata da un motore principale italiano e dispone di una tavola rotante verticale a 12 stazioni. \u00c8 controllata da un PLC di marca, che garantisce condizioni di lavoro e di stampa altamente stabili e precise.<\/p>\n<p>Cambio rapido e facilit\u00e0 di funzionamento. Questo sistema di serigrafia automatica \u00e8 ampiamente utilizzato nell'industria medica, cosmetica e degli imballaggi in plastica, ecc.<\/p>","protected":false},"featured_media":1643,"template":"","meta":[],"product_brand":[],"product_cat":[18],"product_tag":[],"class_list":{"0":"post-369","1":"product","2":"type-product","3":"status-publish","4":"has-post-thumbnail","6":"product_cat-automatic-uv-screen-printing-equipment","8":"first","9":"instock","10":"shipping-taxable","11":"product-type-simple"},"yoast_head":"<!-- This site is optimized with the Yoast SEO plugin v27.4 - https:\/\/yoast.com\/product\/yoast-seo-wordpress\/ -->\n<title>Automatic UV Screen Printing Machine for Tube and Jar<\/title>\n<meta name=\"description\" content=\"The machine equiped with the infeed conveyor for automatically feeding the part onto the mandrel with an mechanical push arm.\" \/>\n<meta name=\"robots\" content=\"index, follow, max-snippet:-1, max-image-preview:large, max-video-preview:-1\" \/>\n<link rel=\"canonical\" href=\"https:\/\/autoprintmachine.com\/it\/macchina-serigrafica-automatica-uv-per-tubi-e-barattoli\/\" \/>\n<meta property=\"og:locale\" content=\"it_IT\" \/>\n<meta property=\"og:type\" content=\"article\" \/>\n<meta property=\"og:title\" content=\"Automatic UV Screen Printing Machine for Tube and Jar\" \/>\n<meta property=\"og:description\" content=\"The machine equiped with the infeed conveyor for automatically feeding the part onto the mandrel with an mechanical push arm.\" \/>\n<meta property=\"og:url\" content=\"https:\/\/autoprintmachine.com\/it\/macchina-serigrafica-automatica-uv-per-tubi-e-barattoli\/\" \/>\n<meta property=\"article:publisher\" content=\"https:\/\/www.facebook.com\/autoprinttech\/\" \/>\n<meta property=\"article:modified_time\" content=\"2025-12-30T05:30:10+00:00\" \/>\n<meta property=\"og:image\" content=\"https:\/\/autoprintmachine.com\/wp-content\/uploads\/2023\/08\/tube_screen_printing_machine.webp\" \/>\n\t<meta property=\"og:image:width\" content=\"600\" \/>\n\t<meta property=\"og:image:height\" content=\"600\" \/>\n\t<meta property=\"og:image:type\" content=\"image\/webp\" \/>\n<meta name=\"twitter:card\" content=\"summary_large_image\" \/>\n<meta name=\"twitter:label1\" content=\"Est. reading time\" \/>\n\t<meta name=\"twitter:data1\" content=\"1 minuto\" \/>\n<script type=\"application\/ld+json\" class=\"yoast-schema-graph\">{\"@context\":\"https:\\\/\\\/schema.org\",\"@graph\":[{\"@type\":\"WebPage\",\"@id\":\"https:\\\/\\\/autoprintmachine.com\\\/automatic-uv-screen-printing-machine-for-tube-and-jar\\\/\",\"url\":\"https:\\\/\\\/autoprintmachine.com\\\/automatic-uv-screen-printing-machine-for-tube-and-jar\\\/\",\"name\":\"Automatic UV Screen Printing Machine for Tube and Jar\",\"isPartOf\":{\"@id\":\"https:\\\/\\\/autoprintmachine.com\\\/#website\"},\"primaryImageOfPage\":{\"@id\":\"https:\\\/\\\/autoprintmachine.com\\\/automatic-uv-screen-printing-machine-for-tube-and-jar\\\/#primaryimage\"},\"image\":{\"@id\":\"https:\\\/\\\/autoprintmachine.com\\\/automatic-uv-screen-printing-machine-for-tube-and-jar\\\/#primaryimage\"},\"thumbnailUrl\":\"https:\\\/\\\/autoprintmachine.com\\\/wp-content\\\/uploads\\\/2023\\\/08\\\/tube_screen_printing_machine.webp\",\"datePublished\":\"2020-08-14T02:29:55+00:00\",\"dateModified\":\"2025-12-30T05:30:10+00:00\",\"description\":\"The machine equiped with the infeed conveyor for automatically feeding the part onto the mandrel with an mechanical push arm.\",\"breadcrumb\":{\"@id\":\"https:\\\/\\\/autoprintmachine.com\\\/automatic-uv-screen-printing-machine-for-tube-and-jar\\\/#breadcrumb\"},\"inLanguage\":\"it-IT\",\"potentialAction\":[{\"@type\":\"ReadAction\",\"target\":[\"https:\\\/\\\/autoprintmachine.com\\\/automatic-uv-screen-printing-machine-for-tube-and-jar\\\/\"]}]},{\"@type\":\"ImageObject\",\"inLanguage\":\"it-IT\",\"@id\":\"https:\\\/\\\/autoprintmachine.com\\\/automatic-uv-screen-printing-machine-for-tube-and-jar\\\/#primaryimage\",\"url\":\"https:\\\/\\\/autoprintmachine.com\\\/wp-content\\\/uploads\\\/2023\\\/08\\\/tube_screen_printing_machine.webp\",\"contentUrl\":\"https:\\\/\\\/autoprintmachine.com\\\/wp-content\\\/uploads\\\/2023\\\/08\\\/tube_screen_printing_machine.webp\",\"width\":600,\"height\":600,\"caption\":\"tube_screen_printing_machine\"},{\"@type\":\"BreadcrumbList\",\"@id\":\"https:\\\/\\\/autoprintmachine.com\\\/automatic-uv-screen-printing-machine-for-tube-and-jar\\\/#breadcrumb\",\"itemListElement\":[{\"@type\":\"ListItem\",\"position\":1,\"name\":\"Home\",\"item\":\"https:\\\/\\\/autoprintmachine.com\\\/\"},{\"@type\":\"ListItem\",\"position\":2,\"name\":\"Products\",\"item\":\"https:\\\/\\\/autoprintmachine.com\\\/shop\\\/\"},{\"@type\":\"ListItem\",\"position\":3,\"name\":\"Automatic UV Screen Printing Machine for Tube and Jar\"}]},{\"@type\":\"WebSite\",\"@id\":\"https:\\\/\\\/autoprintmachine.com\\\/#website\",\"url\":\"https:\\\/\\\/autoprintmachine.com\\\/\",\"name\":\"\",\"description\":\"\",\"publisher\":{\"@id\":\"https:\\\/\\\/autoprintmachine.com\\\/#organization\"},\"potentialAction\":[{\"@type\":\"SearchAction\",\"target\":{\"@type\":\"EntryPoint\",\"urlTemplate\":\"https:\\\/\\\/autoprintmachine.com\\\/?s={search_term_string}\"},\"query-input\":{\"@type\":\"PropertyValueSpecification\",\"valueRequired\":true,\"valueName\":\"search_term_string\"}}],\"inLanguage\":\"it-IT\"},{\"@type\":\"Organization\",\"@id\":\"https:\\\/\\\/autoprintmachine.com\\\/#organization\",\"name\":\"Dongguan Auto Print Tech Co., Ltd\",\"url\":\"https:\\\/\\\/autoprintmachine.com\\\/\",\"logo\":{\"@type\":\"ImageObject\",\"inLanguage\":\"it-IT\",\"@id\":\"https:\\\/\\\/autoprintmachine.com\\\/#\\\/schema\\\/logo\\\/image\\\/\",\"url\":\"https:\\\/\\\/autoprintmachine.com\\\/wp-content\\\/uploads\\\/2023\\\/06\\\/screen_printing_logo_new.webp\",\"contentUrl\":\"https:\\\/\\\/autoprintmachine.com\\\/wp-content\\\/uploads\\\/2023\\\/06\\\/screen_printing_logo_new.webp\",\"width\":890,\"height\":750,\"caption\":\"Dongguan Auto Print Tech Co., Ltd\"},\"image\":{\"@id\":\"https:\\\/\\\/autoprintmachine.com\\\/#\\\/schema\\\/logo\\\/image\\\/\"},\"sameAs\":[\"https:\\\/\\\/www.facebook.com\\\/autoprinttech\\\/\",\"https:\\\/\\\/www.youtube.com\\\/channel\\\/UCJtPGiBbQWGE2DZLxySpCtw\"]}]}<\/script>\n<!-- \/ Yoast SEO plugin. -->","yoast_head_json":{"title":"Macchina serigrafica UV automatica per tubi e barattoli","description":"La macchina \u00e8 dotata di un trasportatore d'ingresso per alimentare automaticamente il pezzo sul mandrino con un braccio di spinta meccanico.","robots":{"index":"index","follow":"follow","max-snippet":"max-snippet:-1","max-image-preview":"max-image-preview:large","max-video-preview":"max-video-preview:-1"},"canonical":"https:\/\/autoprintmachine.com\/it\/macchina-serigrafica-automatica-uv-per-tubi-e-barattoli\/","og_locale":"it_IT","og_type":"article","og_title":"Automatic UV Screen Printing Machine for Tube and Jar","og_description":"The machine equiped with the infeed conveyor for automatically feeding the part onto the mandrel with an mechanical push arm.","og_url":"https:\/\/autoprintmachine.com\/it\/macchina-serigrafica-automatica-uv-per-tubi-e-barattoli\/","article_publisher":"https:\/\/www.facebook.com\/autoprinttech\/","article_modified_time":"2025-12-30T05:30:10+00:00","og_image":[{"width":600,"height":600,"url":"https:\/\/autoprintmachine.com\/wp-content\/uploads\/2023\/08\/tube_screen_printing_machine.webp","type":"image\/webp"}],"twitter_card":"summary_large_image","twitter_misc":{"Est. reading time":"1 minuto"},"schema":{"@context":"https:\/\/schema.org","@graph":[{"@type":"WebPage","@id":"https:\/\/autoprintmachine.com\/automatic-uv-screen-printing-machine-for-tube-and-jar\/","url":"https:\/\/autoprintmachine.com\/automatic-uv-screen-printing-machine-for-tube-and-jar\/","name":"Macchina serigrafica UV automatica per tubi e barattoli","isPartOf":{"@id":"https:\/\/autoprintmachine.com\/#website"},"primaryImageOfPage":{"@id":"https:\/\/autoprintmachine.com\/automatic-uv-screen-printing-machine-for-tube-and-jar\/#primaryimage"},"image":{"@id":"https:\/\/autoprintmachine.com\/automatic-uv-screen-printing-machine-for-tube-and-jar\/#primaryimage"},"thumbnailUrl":"https:\/\/autoprintmachine.com\/wp-content\/uploads\/2023\/08\/tube_screen_printing_machine.webp","datePublished":"2020-08-14T02:29:55+00:00","dateModified":"2025-12-30T05:30:10+00:00","description":"La macchina \u00e8 dotata di un trasportatore d'ingresso per alimentare automaticamente il pezzo sul mandrino con un braccio di spinta meccanico.","breadcrumb":{"@id":"https:\/\/autoprintmachine.com\/automatic-uv-screen-printing-machine-for-tube-and-jar\/#breadcrumb"},"inLanguage":"it-IT","potentialAction":[{"@type":"ReadAction","target":["https:\/\/autoprintmachine.com\/automatic-uv-screen-printing-machine-for-tube-and-jar\/"]}]},{"@type":"ImageObject","inLanguage":"it-IT","@id":"https:\/\/autoprintmachine.com\/automatic-uv-screen-printing-machine-for-tube-and-jar\/#primaryimage","url":"https:\/\/autoprintmachine.com\/wp-content\/uploads\/2023\/08\/tube_screen_printing_machine.webp","contentUrl":"https:\/\/autoprintmachine.com\/wp-content\/uploads\/2023\/08\/tube_screen_printing_machine.webp","width":600,"height":600,"caption":"tube_screen_printing_machine"},{"@type":"BreadcrumbList","@id":"https:\/\/autoprintmachine.com\/automatic-uv-screen-printing-machine-for-tube-and-jar\/#breadcrumb","itemListElement":[{"@type":"ListItem","position":1,"name":"Home","item":"https:\/\/autoprintmachine.com\/"},{"@type":"ListItem","position":2,"name":"Products","item":"https:\/\/autoprintmachine.com\/shop\/"},{"@type":"ListItem","position":3,"name":"Automatic UV Screen Printing Machine for Tube and Jar"}]},{"@type":"WebSite","@id":"https:\/\/autoprintmachine.com\/#website","url":"https:\/\/autoprintmachine.com\/","name":"","description":"","publisher":{"@id":"https:\/\/autoprintmachine.com\/#organization"},"potentialAction":[{"@type":"SearchAction","target":{"@type":"EntryPoint","urlTemplate":"https:\/\/autoprintmachine.com\/?s={search_term_string}"},"query-input":{"@type":"PropertyValueSpecification","valueRequired":true,"valueName":"search_term_string"}}],"inLanguage":"it-IT"},{"@type":"Organization","@id":"https:\/\/autoprintmachine.com\/#organization","name":"Dongguan Auto Print Tech Co., Ltd","url":"https:\/\/autoprintmachine.com\/","logo":{"@type":"ImageObject","inLanguage":"it-IT","@id":"https:\/\/autoprintmachine.com\/#\/schema\/logo\/image\/","url":"https:\/\/autoprintmachine.com\/wp-content\/uploads\/2023\/06\/screen_printing_logo_new.webp","contentUrl":"https:\/\/autoprintmachine.com\/wp-content\/uploads\/2023\/06\/screen_printing_logo_new.webp","width":890,"height":750,"caption":"Dongguan Auto Print Tech Co., Ltd"},"image":{"@id":"https:\/\/autoprintmachine.com\/#\/schema\/logo\/image\/"},"sameAs":["https:\/\/www.facebook.com\/autoprinttech\/","https:\/\/www.youtube.com\/channel\/UCJtPGiBbQWGE2DZLxySpCtw"]}]}},"_links":{"self":[{"href":"https:\/\/autoprintmachine.com\/it\/wp-json\/wp\/v2\/product\/369","targetHints":{"allow":["GET"]}}],"collection":[{"href":"https:\/\/autoprintmachine.com\/it\/wp-json\/wp\/v2\/product"}],"about":[{"href":"https:\/\/autoprintmachine.com\/it\/wp-json\/wp\/v2\/types\/product"}],"wp:featuredmedia":[{"embeddable":true,"href":"https:\/\/autoprintmachine.com\/it\/wp-json\/wp\/v2\/media\/1643"}],"wp:attachment":[{"href":"https:\/\/autoprintmachine.com\/it\/wp-json\/wp\/v2\/media?parent=369"}],"wp:term":[{"taxonomy":"product_brand","embeddable":true,"href":"https:\/\/autoprintmachine.com\/it\/wp-json\/wp\/v2\/product_brand?post=369"},{"taxonomy":"product_cat","embeddable":true,"href":"https:\/\/autoprintmachine.com\/it\/wp-json\/wp\/v2\/product_cat?post=369"},{"taxonomy":"product_tag","embeddable":true,"href":"https:\/\/autoprintmachine.com\/it\/wp-json\/wp\/v2\/product_tag?post=369"}],"curies":[{"name":"wp","href":"https:\/\/api.w.org\/{rel}","templated":true}]}}