{"id":376,"date":"2020-08-14T06:46:21","date_gmt":"2020-08-14T06:46:21","guid":{"rendered":"https:\/\/onceauto.seowaimao.com\/?post_type=product&#038;p=376"},"modified":"2025-12-30T08:29:52","modified_gmt":"2025-12-30T08:29:52","slug":"macchina-serigrafica-automatica-uv-per-secchio","status":"publish","type":"product","link":"https:\/\/autoprintmachine.com\/it\/macchina-serigrafica-automatica-uv-per-secchio\/","title":{"rendered":"Macchina serigrafica UV automatica per secchi"},"content":{"rendered":"<section class=\"section\" id=\"section_528592871\">\n\t\t<div class=\"section-bg fill\" >\n\t\t\t\t\t\t\t\t\t\n\t\t\t\n\n\t\t<\/div>\n\n\t\t\n\n\t\t<div class=\"section-content relative\">\n\t\t\t\n<div class=\"row\"  id=\"row-1974804570\">\n\n\t<div id=\"col-929968333\" class=\"col small-12 large-12\"  >\n\t\t\t\t<div class=\"col-inner\"  >\n\t\t\t\n\t\t\t\n<h2>Stampante UV a bottiglia Introduzione:<\/h2>\n<p>La macchina serigrafica automatica UV AP-350 \u00e8 una linea di stampa serigrafica che pu\u00f2 variare da 1 colore a 6 colori. Questa macchina \u00e8 dotata di una trave meccanica di precisione per il trasporto accurato dei pezzi. Quando i secchi vengono posizionati in dispositivi lavorati di precisione, vengono azionati direttamente e ruotati con precisione durante la stampa. Questa apparecchiatura per la stampa serigrafica UV \u00e8 azionata completamente in modo meccanico utilizzando il motore principale del marchio italiano con controllo PLC di tutti i movimenti.<\/p>\n<p>Inoltre, un sensore \"no part no print\" impedisce al tergipavimento di muoversi quando non \u00e8 caricato alcun secchio. La macchina \u00e8 costruita in modo solido con dispositivi di lavorazione ad alta precisione. Questa macchina ha una registrazione accurata da colore a colore quando si esegue la stampa multicolore. L'apparecchiatura serigrafica AP-350 UV \u00e8 dotata di teste di trattamento della fiamma e di un sistema di polimerizzazione UV ad alta potenza. \u00c8 ampiamente utilizzata per secchi, secchielli, bottiglie e contenitori da 5 galloni, ecc.<\/p>\n<h2>Macchina da stampa UV Caratteristiche:<\/h2>\n<ol>\n<li>Attrezzatura serigrafica UV automatica da 1 a 6 colori<\/li>\n<li>Velocit\u00e0 di stampa fino a 22 bottiglie al minuto<\/li>\n<li>Stampe su secchi e secchielli di grandi dimensioni<\/li>\n<li>Trave meccanica di deambulazione indicizzata<\/li>\n<li>Potenza di polimerizzazione UV ad alta intensit\u00e0 (5KW)<\/li>\n<li>PLC Omron controllato con touch screen<\/li>\n<\/ol>\n<h2><\/h2>\n<h2>Macchina di stampa UV per bottiglie Specifiche:<\/h2>\n<table width=\"635\">\n<tbody>\n<tr>\n<td colspan=\"2\" width=\"275\"><span style=\"font-size: 14.4px;\">Modello<\/span><\/td>\n<td width=\"360\">AP-350<\/td>\n<\/tr>\n<tr>\n<td colspan=\"2\" width=\"275\"><span style=\"font-size: 14.4px;\">Dimensione del secchio:<\/span><\/td>\n<td width=\"360\"><span style=\"font-size: 14.4px;\">Diametro: \u00d8150-350mm, altezza: 200-400mm<\/span><\/td>\n<\/tr>\n<tr>\n<td colspan=\"2\" width=\"275\"><span style=\"font-size: 14.4px;\">Area di stampa massima:<\/span><\/td>\n<td width=\"360\"><span style=\"font-size: 14.4px;\">L900 x L250 mm<\/span><\/td>\n<\/tr>\n<tr>\n<td colspan=\"2\" width=\"275\"><span style=\"font-size: 14.4px;\">Capacit\u00e0 di stampa:<\/span><\/td>\n<td width=\"360\"><span style=\"font-size: 14.4px;\">Fino a 22 PCS\/MIN<\/span><\/td>\n<\/tr>\n<tr>\n<td colspan=\"2\" width=\"275\"><span style=\"font-size: 14.4px;\">Potenza della lampada UV:<\/span><\/td>\n<td width=\"360\"><span style=\"font-size: 14.4px;\">5 KW\/UNITA<\/span><\/td>\n<\/tr>\n<tr>\n<td colspan=\"2\" width=\"275\"><span style=\"font-size: 14.4px;\">Elettrico:<\/span><\/td>\n<td width=\"360\"><span style=\"font-size: 14.4px;\">380V\/480V 3Fase 50\/60Hz<\/span><\/td>\n<\/tr>\n<tr>\n<td colspan=\"2\" width=\"275\"><span style=\"font-size: 14.4px;\">Fabbisogno d'aria:<\/span><\/td>\n<td width=\"360\"><span style=\"font-size: 14.4px;\">5-7 BAR<\/span><\/td>\n<\/tr>\n<tr>\n<td colspan=\"2\" width=\"275\"><span style=\"font-size: 14.4px;\">Consumo di energia:<\/span><\/td>\n<td width=\"360\"><span style=\"font-size: 14.4px;\">20 KW\/UNITA<\/span><\/td>\n<\/tr>\n<tr>\n<td colspan=\"2\" width=\"275\"><span style=\"font-size: 14.4px;\">Peso:<\/span><\/td>\n<td width=\"360\"><span style=\"font-size: 14.4px;\">2500 KG<\/span><\/td>\n<\/tr>\n<\/tbody>\n<\/table>\n\t\t<\/div>\n\t\t\t\t\t<\/div>\n\n\t\n<\/div>\n\t\t<\/div>\n\n\t\t\n<style>\n#section_528592871 {\n  padding-top: 30px;\n  padding-bottom: 30px;\n}\n<\/style>\n\t<\/section>\n\t\n\n\t<section class=\"section\" id=\"section_1302320458\">\n\t\t<div class=\"section-bg fill\" >\n\t\t\t\t\t\t\t\t\t\n\t\t\t\n\n\t\t<\/div>\n\n\t\t\n\n\t\t<div class=\"section-content relative\">\n\t\t\t\n<div class=\"row\"  id=\"row-283958201\">\n\n\t<div id=\"col-1805085268\" class=\"col small-12 large-12\"  >\n\t\t\t\t<div class=\"col-inner\"  >\n\t\t\t\n\t\t\t\n<h2>Vetrina video dei prodotti<\/h2>\n<div class=\"video video-fit mb\" style=\"padding-top:56.25%;\"><p><iframe loading=\"lazy\" title=\"Macchina serigrafica UV a secchiello automatica AP-350-4C\" width=\"1020\" height=\"574\" src=\"https:\/\/www.youtube.com\/embed\/GUUgpCzwnWM?feature=oembed\" frameborder=\"0\" allow=\"accelerometer; autoplay; clipboard-write; encrypted-media; gyroscope; picture-in-picture; web-share\" referrerpolicy=\"strict-origin-when-cross-origin\" allowfullscreen><\/iframe><\/p>\n<\/div>\n\t\t<\/div>\n\t\t\t\t\t<\/div>\n\n\t\n<\/div>\n\t\t<\/div>\n\n\t\t\n<style>\n#section_1302320458 {\n  padding-top: 30px;\n  padding-bottom: 30px;\n}\n<\/style>\n\t<\/section>","protected":false},"excerpt":{"rendered":"<p>La macchina serigrafica automatica UV della serie AP-350 \u00e8 una linea di stampa serigrafica automatica da 1 a 6 colori. Questa stampante serigrafica \u00e8 dotata di un processo di stampa completo. Include un trasportatore di alimentazione automatico, il prelievo automatico, il trattamento alla fiamma, la stampa serigrafica, la polimerizzazione UV e il trasportatore di uscita automatico.<\/p>\n<p>La macchina \u00e8 completamente meccanica ed \u00e8 azionata da un motore principale di marca italiana; un PLC con touch screen controlla tutti i movimenti. Questa serie di macchine eccelle per l'accuratezza della stampa e la registrazione da colore a colore. Questa macchina \u00e8 ampiamente utilizzata per la stampa di secchi, secchielli e contenitori da 5 galloni.<\/p>","protected":false},"featured_media":377,"template":"","meta":[],"product_brand":[],"product_cat":[18],"product_tag":[],"class_list":{"0":"post-376","1":"product","2":"type-product","3":"status-publish","4":"has-post-thumbnail","6":"product_cat-automatic-uv-screen-printing-equipment","8":"first","9":"instock","10":"shipping-taxable","11":"product-type-simple"},"yoast_head":"<!-- This site is optimized with the Yoast SEO plugin v27.4 - https:\/\/yoast.com\/product\/yoast-seo-wordpress\/ -->\n<title>Automatic UV Screen Printing Machine for Bucket<\/title>\n<meta name=\"description\" content=\"The machine is an screen printing line can be with from 1 color to 6 color widely used in bucket, pail, 5 gallon bottle &amp; container, etc.\" \/>\n<meta name=\"robots\" content=\"index, follow, max-snippet:-1, max-image-preview:large, max-video-preview:-1\" \/>\n<link rel=\"canonical\" href=\"https:\/\/autoprintmachine.com\/it\/macchina-serigrafica-automatica-uv-per-secchio\/\" \/>\n<meta property=\"og:locale\" content=\"it_IT\" \/>\n<meta property=\"og:type\" content=\"article\" \/>\n<meta property=\"og:title\" content=\"Automatic UV Screen Printing Machine for Bucket\" \/>\n<meta property=\"og:description\" content=\"The machine is an screen printing line can be with from 1 color to 6 color widely used in bucket, pail, 5 gallon bottle &amp; container, etc.\" \/>\n<meta property=\"og:url\" content=\"https:\/\/autoprintmachine.com\/it\/macchina-serigrafica-automatica-uv-per-secchio\/\" \/>\n<meta property=\"article:publisher\" content=\"https:\/\/www.facebook.com\/autoprinttech\/\" \/>\n<meta property=\"article:modified_time\" content=\"2025-12-30T08:29:52+00:00\" \/>\n<meta property=\"og:image\" content=\"https:\/\/autoprintmachine.com\/wp-content\/uploads\/2020\/08\/OS-1000.jpg\" \/>\n\t<meta property=\"og:image:width\" content=\"600\" \/>\n\t<meta property=\"og:image:height\" content=\"600\" \/>\n\t<meta property=\"og:image:type\" content=\"image\/jpeg\" \/>\n<meta name=\"twitter:card\" content=\"summary_large_image\" \/>\n<meta name=\"twitter:label1\" content=\"Est. reading time\" \/>\n\t<meta name=\"twitter:data1\" content=\"2 minuti\" \/>\n<script type=\"application\/ld+json\" class=\"yoast-schema-graph\">{\"@context\":\"https:\\\/\\\/schema.org\",\"@graph\":[{\"@type\":\"WebPage\",\"@id\":\"https:\\\/\\\/autoprintmachine.com\\\/automatic-uv-screen-printing-machine-for-bucket\\\/\",\"url\":\"https:\\\/\\\/autoprintmachine.com\\\/automatic-uv-screen-printing-machine-for-bucket\\\/\",\"name\":\"Automatic UV Screen Printing Machine for Bucket\",\"isPartOf\":{\"@id\":\"https:\\\/\\\/autoprintmachine.com\\\/#website\"},\"primaryImageOfPage\":{\"@id\":\"https:\\\/\\\/autoprintmachine.com\\\/automatic-uv-screen-printing-machine-for-bucket\\\/#primaryimage\"},\"image\":{\"@id\":\"https:\\\/\\\/autoprintmachine.com\\\/automatic-uv-screen-printing-machine-for-bucket\\\/#primaryimage\"},\"thumbnailUrl\":\"https:\\\/\\\/autoprintmachine.com\\\/wp-content\\\/uploads\\\/2020\\\/08\\\/OS-1000.jpg\",\"datePublished\":\"2020-08-14T06:46:21+00:00\",\"dateModified\":\"2025-12-30T08:29:52+00:00\",\"description\":\"The machine is an screen printing line can be with from 1 color to 6 color widely used in bucket, pail, 5 gallon bottle & container, etc.\",\"breadcrumb\":{\"@id\":\"https:\\\/\\\/autoprintmachine.com\\\/automatic-uv-screen-printing-machine-for-bucket\\\/#breadcrumb\"},\"inLanguage\":\"it-IT\",\"potentialAction\":[{\"@type\":\"ReadAction\",\"target\":[\"https:\\\/\\\/autoprintmachine.com\\\/automatic-uv-screen-printing-machine-for-bucket\\\/\"]}]},{\"@type\":\"ImageObject\",\"inLanguage\":\"it-IT\",\"@id\":\"https:\\\/\\\/autoprintmachine.com\\\/automatic-uv-screen-printing-machine-for-bucket\\\/#primaryimage\",\"url\":\"https:\\\/\\\/autoprintmachine.com\\\/wp-content\\\/uploads\\\/2020\\\/08\\\/OS-1000.jpg\",\"contentUrl\":\"https:\\\/\\\/autoprintmachine.com\\\/wp-content\\\/uploads\\\/2020\\\/08\\\/OS-1000.jpg\",\"width\":600,\"height\":600},{\"@type\":\"BreadcrumbList\",\"@id\":\"https:\\\/\\\/autoprintmachine.com\\\/automatic-uv-screen-printing-machine-for-bucket\\\/#breadcrumb\",\"itemListElement\":[{\"@type\":\"ListItem\",\"position\":1,\"name\":\"Home\",\"item\":\"https:\\\/\\\/autoprintmachine.com\\\/\"},{\"@type\":\"ListItem\",\"position\":2,\"name\":\"Products\",\"item\":\"https:\\\/\\\/autoprintmachine.com\\\/shop\\\/\"},{\"@type\":\"ListItem\",\"position\":3,\"name\":\"Automatic UV Screen Printing Machine for Bucket\"}]},{\"@type\":\"WebSite\",\"@id\":\"https:\\\/\\\/autoprintmachine.com\\\/#website\",\"url\":\"https:\\\/\\\/autoprintmachine.com\\\/\",\"name\":\"\",\"description\":\"\",\"publisher\":{\"@id\":\"https:\\\/\\\/autoprintmachine.com\\\/#organization\"},\"potentialAction\":[{\"@type\":\"SearchAction\",\"target\":{\"@type\":\"EntryPoint\",\"urlTemplate\":\"https:\\\/\\\/autoprintmachine.com\\\/?s={search_term_string}\"},\"query-input\":{\"@type\":\"PropertyValueSpecification\",\"valueRequired\":true,\"valueName\":\"search_term_string\"}}],\"inLanguage\":\"it-IT\"},{\"@type\":\"Organization\",\"@id\":\"https:\\\/\\\/autoprintmachine.com\\\/#organization\",\"name\":\"Dongguan Auto Print Tech Co., Ltd\",\"url\":\"https:\\\/\\\/autoprintmachine.com\\\/\",\"logo\":{\"@type\":\"ImageObject\",\"inLanguage\":\"it-IT\",\"@id\":\"https:\\\/\\\/autoprintmachine.com\\\/#\\\/schema\\\/logo\\\/image\\\/\",\"url\":\"https:\\\/\\\/autoprintmachine.com\\\/wp-content\\\/uploads\\\/2023\\\/06\\\/screen_printing_logo_new.webp\",\"contentUrl\":\"https:\\\/\\\/autoprintmachine.com\\\/wp-content\\\/uploads\\\/2023\\\/06\\\/screen_printing_logo_new.webp\",\"width\":890,\"height\":750,\"caption\":\"Dongguan Auto Print Tech Co., Ltd\"},\"image\":{\"@id\":\"https:\\\/\\\/autoprintmachine.com\\\/#\\\/schema\\\/logo\\\/image\\\/\"},\"sameAs\":[\"https:\\\/\\\/www.facebook.com\\\/autoprinttech\\\/\",\"https:\\\/\\\/www.youtube.com\\\/channel\\\/UCJtPGiBbQWGE2DZLxySpCtw\"]}]}<\/script>\n<!-- \/ Yoast SEO plugin. -->","yoast_head_json":{"title":"Macchina serigrafica UV automatica per secchi","description":"La macchina \u00e8 una linea di stampa dello schermo pu\u00f2 essere con da 1 colore a 6 colori ampiamente utilizzati in secchio, secchio, 5 galloni bottiglia &amp; contenitore, ecc.","robots":{"index":"index","follow":"follow","max-snippet":"max-snippet:-1","max-image-preview":"max-image-preview:large","max-video-preview":"max-video-preview:-1"},"canonical":"https:\/\/autoprintmachine.com\/it\/macchina-serigrafica-automatica-uv-per-secchio\/","og_locale":"it_IT","og_type":"article","og_title":"Automatic UV Screen Printing Machine for Bucket","og_description":"The machine is an screen printing line can be with from 1 color to 6 color widely used in bucket, pail, 5 gallon bottle & container, etc.","og_url":"https:\/\/autoprintmachine.com\/it\/macchina-serigrafica-automatica-uv-per-secchio\/","article_publisher":"https:\/\/www.facebook.com\/autoprinttech\/","article_modified_time":"2025-12-30T08:29:52+00:00","og_image":[{"width":600,"height":600,"url":"https:\/\/autoprintmachine.com\/wp-content\/uploads\/2020\/08\/OS-1000.jpg","type":"image\/jpeg"}],"twitter_card":"summary_large_image","twitter_misc":{"Est. reading time":"2 minuti"},"schema":{"@context":"https:\/\/schema.org","@graph":[{"@type":"WebPage","@id":"https:\/\/autoprintmachine.com\/automatic-uv-screen-printing-machine-for-bucket\/","url":"https:\/\/autoprintmachine.com\/automatic-uv-screen-printing-machine-for-bucket\/","name":"Macchina serigrafica UV automatica per secchi","isPartOf":{"@id":"https:\/\/autoprintmachine.com\/#website"},"primaryImageOfPage":{"@id":"https:\/\/autoprintmachine.com\/automatic-uv-screen-printing-machine-for-bucket\/#primaryimage"},"image":{"@id":"https:\/\/autoprintmachine.com\/automatic-uv-screen-printing-machine-for-bucket\/#primaryimage"},"thumbnailUrl":"https:\/\/autoprintmachine.com\/wp-content\/uploads\/2020\/08\/OS-1000.jpg","datePublished":"2020-08-14T06:46:21+00:00","dateModified":"2025-12-30T08:29:52+00:00","description":"La macchina \u00e8 una linea di stampa dello schermo pu\u00f2 essere con da 1 colore a 6 colori ampiamente utilizzati in secchio, secchio, 5 galloni bottiglia &amp; contenitore, ecc.","breadcrumb":{"@id":"https:\/\/autoprintmachine.com\/automatic-uv-screen-printing-machine-for-bucket\/#breadcrumb"},"inLanguage":"it-IT","potentialAction":[{"@type":"ReadAction","target":["https:\/\/autoprintmachine.com\/automatic-uv-screen-printing-machine-for-bucket\/"]}]},{"@type":"ImageObject","inLanguage":"it-IT","@id":"https:\/\/autoprintmachine.com\/automatic-uv-screen-printing-machine-for-bucket\/#primaryimage","url":"https:\/\/autoprintmachine.com\/wp-content\/uploads\/2020\/08\/OS-1000.jpg","contentUrl":"https:\/\/autoprintmachine.com\/wp-content\/uploads\/2020\/08\/OS-1000.jpg","width":600,"height":600},{"@type":"BreadcrumbList","@id":"https:\/\/autoprintmachine.com\/automatic-uv-screen-printing-machine-for-bucket\/#breadcrumb","itemListElement":[{"@type":"ListItem","position":1,"name":"Home","item":"https:\/\/autoprintmachine.com\/"},{"@type":"ListItem","position":2,"name":"Products","item":"https:\/\/autoprintmachine.com\/shop\/"},{"@type":"ListItem","position":3,"name":"Automatic UV Screen Printing Machine for Bucket"}]},{"@type":"WebSite","@id":"https:\/\/autoprintmachine.com\/#website","url":"https:\/\/autoprintmachine.com\/","name":"","description":"","publisher":{"@id":"https:\/\/autoprintmachine.com\/#organization"},"potentialAction":[{"@type":"SearchAction","target":{"@type":"EntryPoint","urlTemplate":"https:\/\/autoprintmachine.com\/?s={search_term_string}"},"query-input":{"@type":"PropertyValueSpecification","valueRequired":true,"valueName":"search_term_string"}}],"inLanguage":"it-IT"},{"@type":"Organization","@id":"https:\/\/autoprintmachine.com\/#organization","name":"Dongguan Auto Print Tech Co., Ltd","url":"https:\/\/autoprintmachine.com\/","logo":{"@type":"ImageObject","inLanguage":"it-IT","@id":"https:\/\/autoprintmachine.com\/#\/schema\/logo\/image\/","url":"https:\/\/autoprintmachine.com\/wp-content\/uploads\/2023\/06\/screen_printing_logo_new.webp","contentUrl":"https:\/\/autoprintmachine.com\/wp-content\/uploads\/2023\/06\/screen_printing_logo_new.webp","width":890,"height":750,"caption":"Dongguan Auto Print Tech Co., Ltd"},"image":{"@id":"https:\/\/autoprintmachine.com\/#\/schema\/logo\/image\/"},"sameAs":["https:\/\/www.facebook.com\/autoprinttech\/","https:\/\/www.youtube.com\/channel\/UCJtPGiBbQWGE2DZLxySpCtw"]}]}},"_links":{"self":[{"href":"https:\/\/autoprintmachine.com\/it\/wp-json\/wp\/v2\/product\/376","targetHints":{"allow":["GET"]}}],"collection":[{"href":"https:\/\/autoprintmachine.com\/it\/wp-json\/wp\/v2\/product"}],"about":[{"href":"https:\/\/autoprintmachine.com\/it\/wp-json\/wp\/v2\/types\/product"}],"wp:featuredmedia":[{"embeddable":true,"href":"https:\/\/autoprintmachine.com\/it\/wp-json\/wp\/v2\/media\/377"}],"wp:attachment":[{"href":"https:\/\/autoprintmachine.com\/it\/wp-json\/wp\/v2\/media?parent=376"}],"wp:term":[{"taxonomy":"product_brand","embeddable":true,"href":"https:\/\/autoprintmachine.com\/it\/wp-json\/wp\/v2\/product_brand?post=376"},{"taxonomy":"product_cat","embeddable":true,"href":"https:\/\/autoprintmachine.com\/it\/wp-json\/wp\/v2\/product_cat?post=376"},{"taxonomy":"product_tag","embeddable":true,"href":"https:\/\/autoprintmachine.com\/it\/wp-json\/wp\/v2\/product_tag?post=376"}],"curies":[{"name":"wp","href":"https:\/\/api.w.org\/{rel}","templated":true}]}}