{"id":383,"date":"2020-08-15T03:17:45","date_gmt":"2020-08-15T03:17:45","guid":{"rendered":"https:\/\/onceauto.seowaimao.com\/?post_type=product&#038;p=383"},"modified":"2026-01-13T08:30:03","modified_gmt":"2026-01-13T08:30:03","slug":"round-and-flat-uv-curing-machine","status":"publish","type":"product","link":"https:\/\/autoprintmachine.com\/it\/macchina-per-la-polimerizzazione-uv-rotonda-e-piatta\/","title":{"rendered":"Macchina di polimerizzazione UV rotonda e piatta"},"content":{"rendered":"<h2>Macchina UV rotonda Introduzione:<\/h2>\n<p><strong>L'AP-UV200RF<\/strong> La macchina di polimerizzazione UV piatta e cilindrica \u00e8 utilizzata principalmente per polimerizzare l'inchiostro UV stampato su varie superfici, tra cui bottiglie, contenitori e altri oggetti cilindrici. Pu\u00f2 anche polimerizzare superfici piane dopo aver regolato l'angolo di irradiazione della luce. La velocit\u00e0 del trasportatore \u00e8 regolabile. La piastra di trasporto \u00e8 realizzata in acciaio inossidabile e funziona senza problemi.<\/p>\n<h2>Macchina da stampa UV piatta Specificazione:<\/h2>\n<table width=\"96%\">\n<tbody>\n<tr>\n<td width=\"50%\">Modello n.:<\/td>\n<td width=\"50%\">AP-UV200RF<\/td>\n<\/tr>\n<tr>\n<td>Sistema di trasmissione:<\/td>\n<td>Sistema UV elettrico\/elettronico<\/td>\n<\/tr>\n<tr>\n<td>Dimensioni adeguate per l'apertura delle bottiglie<\/td>\n<td>Rotondo: \u03a612-\u03a630mm<\/td>\n<\/tr>\n<tr>\n<td>Dimensioni del corpo della bottiglia<\/td>\n<td>Altezza: 25-300 mm<\/td>\n<\/tr>\n<tr>\n<td>Dimensioni del prodotto piatto:<\/td>\n<td>Larghezza massima del piano: 430 mm<br \/>\nAltezza massima del piano: 140 mm<\/td>\n<\/tr>\n<tr>\n<td>Max. Velocit\u00e0 di processo:<\/td>\n<td>50 pezzi\/min<\/td>\n<\/tr>\n<tr>\n<td>Tensione:<\/td>\n<td>380V 50Hz 3-Fase<\/td>\n<\/tr>\n<tr>\n<td>Potenza della lampada UV:<\/td>\n<td>Una lampada, 5 kW<\/td>\n<\/tr>\n<tr>\n<td>Lunghezza del nastro trasportatore:<\/td>\n<td>2100 mm<\/td>\n<\/tr>\n<tr>\n<td>Dimensioni della macchina:<\/td>\n<td>L2200xL750xH1800 mm<\/td>\n<\/tr>\n<tr>\n<td>Dimensioni in scatola:<\/td>\n<td>L2470xL830xH1880 mm<\/td>\n<\/tr>\n<tr>\n<td>Peso netto:<\/td>\n<td>380 kg<\/td>\n<\/tr>\n<tr>\n<td>Peso lordo:<\/td>\n<td>450 kg<\/td>\n<\/tr>\n<\/tbody>\n<\/table>","protected":false},"excerpt":{"rendered":"<p>Questa macchina per la polimerizzazione UV \u00e8 adatta per la polimerizzazione UV di oggetti rotondi e piatti. La velocit\u00e0 del nastro trasportatore \u00e8 regolabile. Utilizzando un sistema UV elettronico, questa macchina \u00e8 pi\u00f9 efficiente dal punto di vista energetico rispetto ai sistemi UV tradizionali. Possiamo anche personalizzare diverse dimensioni per soddisfare le esigenze di polimerizzazione UV di vari prodotti.<\/p>","protected":false},"featured_media":384,"template":"","meta":[],"product_cat":[24],"class_list":{"0":"post-383","1":"product","2":"type-product","3":"status-publish","4":"has-post-thumbnail","6":"product_cat-auxiliary-equipment-for-screen-printing-and-pad-printing","8":"first","9":"instock","10":"shipping-taxable","11":"product-type-simple"},"acf":[],"yoast_head":"<!-- This site is optimized with the Yoast SEO plugin v23.9 - https:\/\/yoast.com\/wordpress\/plugins\/seo\/ -->\n<title>Round and Flat UV Curing Machine<\/title>\n<meta name=\"description\" content=\"The curing machine is mainly used for the curing of printed UV ink on various surfaces such as bottles containers and cylindrical objects.\" \/>\n<meta name=\"robots\" content=\"index, follow, max-snippet:-1, max-image-preview:large, max-video-preview:-1\" \/>\n<link rel=\"canonical\" href=\"https:\/\/autoprintmachine.com\/it\/macchina-per-la-polimerizzazione-uv-rotonda-e-piatta\/\" \/>\n<meta property=\"og:locale\" content=\"it_IT\" \/>\n<meta property=\"og:type\" content=\"article\" \/>\n<meta property=\"og:title\" content=\"Round and Flat UV Curing Machine\" \/>\n<meta property=\"og:description\" content=\"The curing machine is mainly used for the curing of printed UV ink on various surfaces such as bottles containers and cylindrical objects.\" \/>\n<meta property=\"og:url\" content=\"https:\/\/autoprintmachine.com\/it\/macchina-per-la-polimerizzazione-uv-rotonda-e-piatta\/\" \/>\n<meta property=\"article:modified_time\" content=\"2026-01-13T08:30:03+00:00\" \/>\n<meta property=\"og:image\" content=\"https:\/\/autoprintmachine.com\/wp-content\/uploads\/2020\/08\/OS-300RF.jpg\" \/>\n\t<meta property=\"og:image:width\" content=\"600\" \/>\n\t<meta property=\"og:image:height\" content=\"600\" \/>\n\t<meta property=\"og:image:type\" content=\"image\/jpeg\" \/>\n<meta name=\"twitter:card\" content=\"summary_large_image\" \/>\n<meta name=\"twitter:label1\" content=\"Tempo di lettura stimato\" \/>\n\t<meta name=\"twitter:data1\" content=\"1 minuto\" \/>\n<script type=\"application\/ld+json\" class=\"yoast-schema-graph\">{\"@context\":\"https:\/\/schema.org\",\"@graph\":[{\"@type\":\"WebPage\",\"@id\":\"https:\/\/autoprintmachine.com\/round-and-flat-uv-curing-machine\/\",\"url\":\"https:\/\/autoprintmachine.com\/round-and-flat-uv-curing-machine\/\",\"name\":\"Round and Flat UV Curing Machine\",\"isPartOf\":{\"@id\":\"https:\/\/autoprintmachine.com\/#website\"},\"primaryImageOfPage\":{\"@id\":\"https:\/\/autoprintmachine.com\/round-and-flat-uv-curing-machine\/#primaryimage\"},\"image\":{\"@id\":\"https:\/\/autoprintmachine.com\/round-and-flat-uv-curing-machine\/#primaryimage\"},\"thumbnailUrl\":\"https:\/\/autoprintmachine.com\/wp-content\/uploads\/2020\/08\/OS-300RF.jpg\",\"datePublished\":\"2020-08-15T03:17:45+00:00\",\"dateModified\":\"2026-01-13T08:30:03+00:00\",\"description\":\"The curing machine is mainly used for the curing of printed UV ink on various surfaces such as bottles containers and cylindrical objects.\",\"breadcrumb\":{\"@id\":\"https:\/\/autoprintmachine.com\/round-and-flat-uv-curing-machine\/#breadcrumb\"},\"inLanguage\":\"it-IT\",\"potentialAction\":[{\"@type\":\"ReadAction\",\"target\":[\"https:\/\/autoprintmachine.com\/round-and-flat-uv-curing-machine\/\"]}]},{\"@type\":\"ImageObject\",\"inLanguage\":\"it-IT\",\"@id\":\"https:\/\/autoprintmachine.com\/round-and-flat-uv-curing-machine\/#primaryimage\",\"url\":\"https:\/\/autoprintmachine.com\/wp-content\/uploads\/2020\/08\/OS-300RF.jpg\",\"contentUrl\":\"https:\/\/autoprintmachine.com\/wp-content\/uploads\/2020\/08\/OS-300RF.jpg\",\"width\":600,\"height\":600},{\"@type\":\"BreadcrumbList\",\"@id\":\"https:\/\/autoprintmachine.com\/round-and-flat-uv-curing-machine\/#breadcrumb\",\"itemListElement\":[{\"@type\":\"ListItem\",\"position\":1,\"name\":\"Home\",\"item\":\"https:\/\/autoprintmachine.com\/\"},{\"@type\":\"ListItem\",\"position\":2,\"name\":\"Products\",\"item\":\"https:\/\/autoprintmachine.com\/shop\/\"},{\"@type\":\"ListItem\",\"position\":3,\"name\":\"Round and Flat UV Curing Machine\"}]},{\"@type\":\"WebSite\",\"@id\":\"https:\/\/autoprintmachine.com\/#website\",\"url\":\"https:\/\/autoprintmachine.com\/\",\"name\":\"\",\"description\":\"\",\"potentialAction\":[{\"@type\":\"SearchAction\",\"target\":{\"@type\":\"EntryPoint\",\"urlTemplate\":\"https:\/\/autoprintmachine.com\/?s={search_term_string}\"},\"query-input\":{\"@type\":\"PropertyValueSpecification\",\"valueRequired\":true,\"valueName\":\"search_term_string\"}}],\"inLanguage\":\"it-IT\"}]}<\/script>\n<!-- \/ Yoast SEO plugin. -->","yoast_head_json":{"title":"Round and Flat UV Curing Machine","description":"The curing machine is mainly used for the curing of printed UV ink on various surfaces such as bottles containers and cylindrical objects.","robots":{"index":"index","follow":"follow","max-snippet":"max-snippet:-1","max-image-preview":"max-image-preview:large","max-video-preview":"max-video-preview:-1"},"canonical":"https:\/\/autoprintmachine.com\/it\/macchina-per-la-polimerizzazione-uv-rotonda-e-piatta\/","og_locale":"it_IT","og_type":"article","og_title":"Round and Flat UV Curing Machine","og_description":"The curing machine is mainly used for the curing of printed UV ink on various surfaces such as bottles containers and cylindrical objects.","og_url":"https:\/\/autoprintmachine.com\/it\/macchina-per-la-polimerizzazione-uv-rotonda-e-piatta\/","article_modified_time":"2026-01-13T08:30:03+00:00","og_image":[{"width":600,"height":600,"url":"https:\/\/autoprintmachine.com\/wp-content\/uploads\/2020\/08\/OS-300RF.jpg","type":"image\/jpeg"}],"twitter_card":"summary_large_image","twitter_misc":{"Tempo di lettura stimato":"1 minuto"},"schema":{"@context":"https:\/\/schema.org","@graph":[{"@type":"WebPage","@id":"https:\/\/autoprintmachine.com\/round-and-flat-uv-curing-machine\/","url":"https:\/\/autoprintmachine.com\/round-and-flat-uv-curing-machine\/","name":"Round and Flat UV Curing Machine","isPartOf":{"@id":"https:\/\/autoprintmachine.com\/#website"},"primaryImageOfPage":{"@id":"https:\/\/autoprintmachine.com\/round-and-flat-uv-curing-machine\/#primaryimage"},"image":{"@id":"https:\/\/autoprintmachine.com\/round-and-flat-uv-curing-machine\/#primaryimage"},"thumbnailUrl":"https:\/\/autoprintmachine.com\/wp-content\/uploads\/2020\/08\/OS-300RF.jpg","datePublished":"2020-08-15T03:17:45+00:00","dateModified":"2026-01-13T08:30:03+00:00","description":"The curing machine is mainly used for the curing of printed UV ink on various surfaces such as bottles containers and cylindrical objects.","breadcrumb":{"@id":"https:\/\/autoprintmachine.com\/round-and-flat-uv-curing-machine\/#breadcrumb"},"inLanguage":"it-IT","potentialAction":[{"@type":"ReadAction","target":["https:\/\/autoprintmachine.com\/round-and-flat-uv-curing-machine\/"]}]},{"@type":"ImageObject","inLanguage":"it-IT","@id":"https:\/\/autoprintmachine.com\/round-and-flat-uv-curing-machine\/#primaryimage","url":"https:\/\/autoprintmachine.com\/wp-content\/uploads\/2020\/08\/OS-300RF.jpg","contentUrl":"https:\/\/autoprintmachine.com\/wp-content\/uploads\/2020\/08\/OS-300RF.jpg","width":600,"height":600},{"@type":"BreadcrumbList","@id":"https:\/\/autoprintmachine.com\/round-and-flat-uv-curing-machine\/#breadcrumb","itemListElement":[{"@type":"ListItem","position":1,"name":"Home","item":"https:\/\/autoprintmachine.com\/"},{"@type":"ListItem","position":2,"name":"Products","item":"https:\/\/autoprintmachine.com\/shop\/"},{"@type":"ListItem","position":3,"name":"Round and Flat UV Curing Machine"}]},{"@type":"WebSite","@id":"https:\/\/autoprintmachine.com\/#website","url":"https:\/\/autoprintmachine.com\/","name":"","description":"","potentialAction":[{"@type":"SearchAction","target":{"@type":"EntryPoint","urlTemplate":"https:\/\/autoprintmachine.com\/?s={search_term_string}"},"query-input":{"@type":"PropertyValueSpecification","valueRequired":true,"valueName":"search_term_string"}}],"inLanguage":"it-IT"}]}},"_links":{"self":[{"href":"https:\/\/autoprintmachine.com\/it\/wp-json\/wp\/v2\/product\/383","targetHints":{"allow":["GET"]}}],"collection":[{"href":"https:\/\/autoprintmachine.com\/it\/wp-json\/wp\/v2\/product"}],"about":[{"href":"https:\/\/autoprintmachine.com\/it\/wp-json\/wp\/v2\/types\/product"}],"wp:featuredmedia":[{"embeddable":true,"href":"https:\/\/autoprintmachine.com\/it\/wp-json\/wp\/v2\/media\/384"}],"wp:attachment":[{"href":"https:\/\/autoprintmachine.com\/it\/wp-json\/wp\/v2\/media?parent=383"}],"wp:term":[{"taxonomy":"product_cat","embeddable":true,"href":"https:\/\/autoprintmachine.com\/it\/wp-json\/wp\/v2\/product_cat?post=383"}],"curies":[{"name":"wp","href":"https:\/\/api.w.org\/{rel}","templated":true}]}}