{"id":386,"date":"2020-08-15T03:58:53","date_gmt":"2020-08-15T03:58:53","guid":{"rendered":"https:\/\/onceauto.seowaimao.com\/?post_type=product&#038;p=386"},"modified":"2026-01-13T08:41:49","modified_gmt":"2026-01-13T08:41:49","slug":"unita-di-trattamento-della-fiamma","status":"publish","type":"product","link":"https:\/\/autoprintmachine.com\/it\/unita-di-trattamento-della-fiamma\/","title":{"rendered":"Unit\u00e0 di trattamento delle fiamme"},"content":{"rendered":"<h2>Unit\u00e0 di trattamento delle fiamme Introduzione:<\/h2>\n<p>L'unit\u00e0 di trattamento a fiamma AP-F200 \u00e8 una macchina ausiliaria per il trattamento superficiale dei prodotti. Viene utilizzata principalmente per il trattamento a fiamma delle superfici di parti in plastica in PP, PE, HDPE, ecc. per migliorare l'adesione dell'inchiostro.<br \/>\n\u00c8 dotata di nastro trasportatore in acciaio inox, autoaccensione, facilit\u00e0 di funzionamento e cambio rapido.<\/p>\n<h2>Unit\u00e0 di trattamento della fiamma Specifiche:<\/h2>\n<table width=\"600\">\n<tbody>\n<tr>\n<td>Modello No.<\/td>\n<td>AP-F200<\/td>\n<\/tr>\n<tr>\n<td>Diametro di apertura del prodotto<\/td>\n<td>\u00d810-\u00d830 mm<\/td>\n<\/tr>\n<tr>\n<td>Altezza del prodotto<\/td>\n<td>25-250 mm<\/td>\n<\/tr>\n<tr>\n<td>Velocit\u00e0 massima di elaborazione<\/td>\n<td>3000 pezzi\/ora<\/td>\n<\/tr>\n<tr>\n<td>Alimentazione<\/td>\n<td>220V, 120W<\/td>\n<\/tr>\n<tr>\n<td>Consumo d'aria<\/td>\n<td>4-6 bar<\/td>\n<\/tr>\n<tr>\n<td>Carburante<\/td>\n<td>GPL (Gas di Petrolio Liquefatto)<\/td>\n<\/tr>\n<tr>\n<td>Dimensioni della macchina<\/td>\n<td>L2200 \u00d7 L600 \u00d7 H1200 mm<\/td>\n<\/tr>\n<tr>\n<td>Dimensioni della cassa<\/td>\n<td>L2460 \u00d7 L690 \u00d7 H1340 mm<\/td>\n<\/tr>\n<tr>\n<td>Peso netto<\/td>\n<td>180 kg<\/td>\n<\/tr>\n<tr>\n<td>Peso lordo<\/td>\n<td>260 kg<\/td>\n<\/tr>\n<\/tbody>\n<\/table>","protected":false},"excerpt":{"rendered":"<p>Questa macchina per il trattamento alla fiamma \u00e8 progettata per il trattamento superficiale dei prodotti in plastica per migliorare l'adesione dell'inchiostro sia per la tampografia che per la serigrafia. In genere viene utilizzata su materiali come PP, PE, HDPE, LDPE, ecc. Il trasportatore \u00e8 realizzato in acciaio inox con velocit\u00e0 regolabile. La funzione di autoaccensione rende il funzionamento pi\u00f9 semplice e sicuro.<\/p>\n<p>Sono disponibili anche altre dimensioni e unit\u00e0 di trattamento della fiamma personalizzate.<\/p>","protected":false},"featured_media":387,"template":"","meta":[],"product_brand":[],"product_cat":[24],"product_tag":[],"class_list":{"0":"post-386","1":"product","2":"type-product","3":"status-publish","4":"has-post-thumbnail","6":"product_cat-auxiliary-equipment-for-screen-printing-and-pad-printing","8":"first","9":"instock","10":"shipping-taxable","11":"product-type-simple"},"yoast_head":"<!-- This site is optimized with the Yoast SEO plugin v27.4 - https:\/\/yoast.com\/product\/yoast-seo-wordpress\/ -->\n<title>Flame Treatment Unit<\/title>\n<meta name=\"description\" content=\"This AP-F200 flame treatment unit is mostly used in plastic part like PP, PE, HDPE, etc. To make the part have better ink adhesion.\" \/>\n<meta name=\"robots\" content=\"index, follow, max-snippet:-1, max-image-preview:large, max-video-preview:-1\" \/>\n<link rel=\"canonical\" href=\"https:\/\/autoprintmachine.com\/it\/unita-di-trattamento-della-fiamma\/\" \/>\n<meta property=\"og:locale\" content=\"it_IT\" \/>\n<meta property=\"og:type\" content=\"article\" \/>\n<meta property=\"og:title\" content=\"Flame Treatment Unit\" \/>\n<meta property=\"og:description\" content=\"This AP-F200 flame treatment unit is mostly used in plastic part like PP, PE, HDPE, etc. To make the part have better ink adhesion.\" \/>\n<meta property=\"og:url\" content=\"https:\/\/autoprintmachine.com\/it\/unita-di-trattamento-della-fiamma\/\" \/>\n<meta property=\"article:publisher\" content=\"https:\/\/www.facebook.com\/autoprinttech\/\" \/>\n<meta property=\"article:modified_time\" content=\"2026-01-13T08:41:49+00:00\" \/>\n<meta property=\"og:image\" content=\"https:\/\/autoprintmachine.com\/wp-content\/uploads\/2020\/08\/OS-220.jpg\" \/>\n\t<meta property=\"og:image:width\" content=\"600\" \/>\n\t<meta property=\"og:image:height\" content=\"600\" \/>\n\t<meta property=\"og:image:type\" content=\"image\/jpeg\" \/>\n<meta name=\"twitter:card\" content=\"summary_large_image\" \/>\n<meta name=\"twitter:label1\" content=\"Est. reading time\" \/>\n\t<meta name=\"twitter:data1\" content=\"1 minuto\" \/>\n<script type=\"application\/ld+json\" class=\"yoast-schema-graph\">{\"@context\":\"https:\\\/\\\/schema.org\",\"@graph\":[{\"@type\":\"WebPage\",\"@id\":\"https:\\\/\\\/autoprintmachine.com\\\/flame-treatment-unit\\\/\",\"url\":\"https:\\\/\\\/autoprintmachine.com\\\/flame-treatment-unit\\\/\",\"name\":\"Flame Treatment Unit\",\"isPartOf\":{\"@id\":\"https:\\\/\\\/autoprintmachine.com\\\/#website\"},\"primaryImageOfPage\":{\"@id\":\"https:\\\/\\\/autoprintmachine.com\\\/flame-treatment-unit\\\/#primaryimage\"},\"image\":{\"@id\":\"https:\\\/\\\/autoprintmachine.com\\\/flame-treatment-unit\\\/#primaryimage\"},\"thumbnailUrl\":\"https:\\\/\\\/autoprintmachine.com\\\/wp-content\\\/uploads\\\/2020\\\/08\\\/OS-220.jpg\",\"datePublished\":\"2020-08-15T03:58:53+00:00\",\"dateModified\":\"2026-01-13T08:41:49+00:00\",\"description\":\"This AP-F200 flame treatment unit is mostly used in plastic part like PP, PE, HDPE, etc. To make the part have better ink adhesion.\",\"breadcrumb\":{\"@id\":\"https:\\\/\\\/autoprintmachine.com\\\/flame-treatment-unit\\\/#breadcrumb\"},\"inLanguage\":\"it-IT\",\"potentialAction\":[{\"@type\":\"ReadAction\",\"target\":[\"https:\\\/\\\/autoprintmachine.com\\\/flame-treatment-unit\\\/\"]}]},{\"@type\":\"ImageObject\",\"inLanguage\":\"it-IT\",\"@id\":\"https:\\\/\\\/autoprintmachine.com\\\/flame-treatment-unit\\\/#primaryimage\",\"url\":\"https:\\\/\\\/autoprintmachine.com\\\/wp-content\\\/uploads\\\/2020\\\/08\\\/OS-220.jpg\",\"contentUrl\":\"https:\\\/\\\/autoprintmachine.com\\\/wp-content\\\/uploads\\\/2020\\\/08\\\/OS-220.jpg\",\"width\":600,\"height\":600},{\"@type\":\"BreadcrumbList\",\"@id\":\"https:\\\/\\\/autoprintmachine.com\\\/flame-treatment-unit\\\/#breadcrumb\",\"itemListElement\":[{\"@type\":\"ListItem\",\"position\":1,\"name\":\"Home\",\"item\":\"https:\\\/\\\/autoprintmachine.com\\\/\"},{\"@type\":\"ListItem\",\"position\":2,\"name\":\"Products\",\"item\":\"https:\\\/\\\/autoprintmachine.com\\\/shop\\\/\"},{\"@type\":\"ListItem\",\"position\":3,\"name\":\"Flame Treatment Unit\"}]},{\"@type\":\"WebSite\",\"@id\":\"https:\\\/\\\/autoprintmachine.com\\\/#website\",\"url\":\"https:\\\/\\\/autoprintmachine.com\\\/\",\"name\":\"\",\"description\":\"\",\"publisher\":{\"@id\":\"https:\\\/\\\/autoprintmachine.com\\\/#organization\"},\"potentialAction\":[{\"@type\":\"SearchAction\",\"target\":{\"@type\":\"EntryPoint\",\"urlTemplate\":\"https:\\\/\\\/autoprintmachine.com\\\/?s={search_term_string}\"},\"query-input\":{\"@type\":\"PropertyValueSpecification\",\"valueRequired\":true,\"valueName\":\"search_term_string\"}}],\"inLanguage\":\"it-IT\"},{\"@type\":\"Organization\",\"@id\":\"https:\\\/\\\/autoprintmachine.com\\\/#organization\",\"name\":\"Dongguan Auto Print Tech Co., Ltd\",\"url\":\"https:\\\/\\\/autoprintmachine.com\\\/\",\"logo\":{\"@type\":\"ImageObject\",\"inLanguage\":\"it-IT\",\"@id\":\"https:\\\/\\\/autoprintmachine.com\\\/#\\\/schema\\\/logo\\\/image\\\/\",\"url\":\"https:\\\/\\\/autoprintmachine.com\\\/wp-content\\\/uploads\\\/2023\\\/06\\\/screen_printing_logo_new.webp\",\"contentUrl\":\"https:\\\/\\\/autoprintmachine.com\\\/wp-content\\\/uploads\\\/2023\\\/06\\\/screen_printing_logo_new.webp\",\"width\":890,\"height\":750,\"caption\":\"Dongguan Auto Print Tech Co., Ltd\"},\"image\":{\"@id\":\"https:\\\/\\\/autoprintmachine.com\\\/#\\\/schema\\\/logo\\\/image\\\/\"},\"sameAs\":[\"https:\\\/\\\/www.facebook.com\\\/autoprinttech\\\/\",\"https:\\\/\\\/www.youtube.com\\\/channel\\\/UCJtPGiBbQWGE2DZLxySpCtw\"]}]}<\/script>\n<!-- \/ Yoast SEO plugin. -->","yoast_head_json":{"title":"Unit\u00e0 di trattamento delle fiamme","description":"L'unit\u00e0 di trattamento alla fiamma AP-F200 viene utilizzata soprattutto per le parti in plastica come PP, PE, HDPE, ecc. Per migliorare l'adesione dell'inchiostro.","robots":{"index":"index","follow":"follow","max-snippet":"max-snippet:-1","max-image-preview":"max-image-preview:large","max-video-preview":"max-video-preview:-1"},"canonical":"https:\/\/autoprintmachine.com\/it\/unita-di-trattamento-della-fiamma\/","og_locale":"it_IT","og_type":"article","og_title":"Flame Treatment Unit","og_description":"This AP-F200 flame treatment unit is mostly used in plastic part like PP, PE, HDPE, etc. To make the part have better ink adhesion.","og_url":"https:\/\/autoprintmachine.com\/it\/unita-di-trattamento-della-fiamma\/","article_publisher":"https:\/\/www.facebook.com\/autoprinttech\/","article_modified_time":"2026-01-13T08:41:49+00:00","og_image":[{"width":600,"height":600,"url":"https:\/\/autoprintmachine.com\/wp-content\/uploads\/2020\/08\/OS-220.jpg","type":"image\/jpeg"}],"twitter_card":"summary_large_image","twitter_misc":{"Est. reading time":"1 minuto"},"schema":{"@context":"https:\/\/schema.org","@graph":[{"@type":"WebPage","@id":"https:\/\/autoprintmachine.com\/flame-treatment-unit\/","url":"https:\/\/autoprintmachine.com\/flame-treatment-unit\/","name":"Unit\u00e0 di trattamento delle fiamme","isPartOf":{"@id":"https:\/\/autoprintmachine.com\/#website"},"primaryImageOfPage":{"@id":"https:\/\/autoprintmachine.com\/flame-treatment-unit\/#primaryimage"},"image":{"@id":"https:\/\/autoprintmachine.com\/flame-treatment-unit\/#primaryimage"},"thumbnailUrl":"https:\/\/autoprintmachine.com\/wp-content\/uploads\/2020\/08\/OS-220.jpg","datePublished":"2020-08-15T03:58:53+00:00","dateModified":"2026-01-13T08:41:49+00:00","description":"L'unit\u00e0 di trattamento alla fiamma AP-F200 viene utilizzata soprattutto per le parti in plastica come PP, PE, HDPE, ecc. Per migliorare l'adesione dell'inchiostro.","breadcrumb":{"@id":"https:\/\/autoprintmachine.com\/flame-treatment-unit\/#breadcrumb"},"inLanguage":"it-IT","potentialAction":[{"@type":"ReadAction","target":["https:\/\/autoprintmachine.com\/flame-treatment-unit\/"]}]},{"@type":"ImageObject","inLanguage":"it-IT","@id":"https:\/\/autoprintmachine.com\/flame-treatment-unit\/#primaryimage","url":"https:\/\/autoprintmachine.com\/wp-content\/uploads\/2020\/08\/OS-220.jpg","contentUrl":"https:\/\/autoprintmachine.com\/wp-content\/uploads\/2020\/08\/OS-220.jpg","width":600,"height":600},{"@type":"BreadcrumbList","@id":"https:\/\/autoprintmachine.com\/flame-treatment-unit\/#breadcrumb","itemListElement":[{"@type":"ListItem","position":1,"name":"Home","item":"https:\/\/autoprintmachine.com\/"},{"@type":"ListItem","position":2,"name":"Products","item":"https:\/\/autoprintmachine.com\/shop\/"},{"@type":"ListItem","position":3,"name":"Flame Treatment Unit"}]},{"@type":"WebSite","@id":"https:\/\/autoprintmachine.com\/#website","url":"https:\/\/autoprintmachine.com\/","name":"","description":"","publisher":{"@id":"https:\/\/autoprintmachine.com\/#organization"},"potentialAction":[{"@type":"SearchAction","target":{"@type":"EntryPoint","urlTemplate":"https:\/\/autoprintmachine.com\/?s={search_term_string}"},"query-input":{"@type":"PropertyValueSpecification","valueRequired":true,"valueName":"search_term_string"}}],"inLanguage":"it-IT"},{"@type":"Organization","@id":"https:\/\/autoprintmachine.com\/#organization","name":"Dongguan Auto Print Tech Co., Ltd","url":"https:\/\/autoprintmachine.com\/","logo":{"@type":"ImageObject","inLanguage":"it-IT","@id":"https:\/\/autoprintmachine.com\/#\/schema\/logo\/image\/","url":"https:\/\/autoprintmachine.com\/wp-content\/uploads\/2023\/06\/screen_printing_logo_new.webp","contentUrl":"https:\/\/autoprintmachine.com\/wp-content\/uploads\/2023\/06\/screen_printing_logo_new.webp","width":890,"height":750,"caption":"Dongguan Auto Print Tech Co., Ltd"},"image":{"@id":"https:\/\/autoprintmachine.com\/#\/schema\/logo\/image\/"},"sameAs":["https:\/\/www.facebook.com\/autoprinttech\/","https:\/\/www.youtube.com\/channel\/UCJtPGiBbQWGE2DZLxySpCtw"]}]}},"_links":{"self":[{"href":"https:\/\/autoprintmachine.com\/it\/wp-json\/wp\/v2\/product\/386","targetHints":{"allow":["GET"]}}],"collection":[{"href":"https:\/\/autoprintmachine.com\/it\/wp-json\/wp\/v2\/product"}],"about":[{"href":"https:\/\/autoprintmachine.com\/it\/wp-json\/wp\/v2\/types\/product"}],"wp:featuredmedia":[{"embeddable":true,"href":"https:\/\/autoprintmachine.com\/it\/wp-json\/wp\/v2\/media\/387"}],"wp:attachment":[{"href":"https:\/\/autoprintmachine.com\/it\/wp-json\/wp\/v2\/media?parent=386"}],"wp:term":[{"taxonomy":"product_brand","embeddable":true,"href":"https:\/\/autoprintmachine.com\/it\/wp-json\/wp\/v2\/product_brand?post=386"},{"taxonomy":"product_cat","embeddable":true,"href":"https:\/\/autoprintmachine.com\/it\/wp-json\/wp\/v2\/product_cat?post=386"},{"taxonomy":"product_tag","embeddable":true,"href":"https:\/\/autoprintmachine.com\/it\/wp-json\/wp\/v2\/product_tag?post=386"}],"curies":[{"name":"wp","href":"https:\/\/api.w.org\/{rel}","templated":true}]}}