{"id":388,"date":"2020-08-15T04:14:21","date_gmt":"2020-08-15T04:14:21","guid":{"rendered":"https:\/\/onceauto.seowaimao.com\/?post_type=product&#038;p=388"},"modified":"2026-01-13T09:04:17","modified_gmt":"2026-01-13T09:04:17","slug":"led-vacuum-exposure-unit","status":"publish","type":"product","link":"https:\/\/autoprintmachine.com\/it\/unita-di-esposizione-sottovuoto-a-led\/","title":{"rendered":"Unit\u00e0 di esposizione a LED"},"content":{"rendered":"<h2>Unit\u00e0 di esposizione a LED Introduzione:<\/h2>\n<p>AP-LED4060 \u00e8 una macchina per esposizione a LED ad alta efficienza energetica. Questa unit\u00e0 di esposizione a LED offre molti vantaggi, tra cui una durata di vita significativamente maggiore della sorgente luminosa, un basso consumo energetico, una struttura compatta, un'illuminazione pi\u00f9 uniforme e una maggiore efficienza produttiva. Abbracciando i concetti di protezione ambientale e di basse emissioni di carbonio, rappresenta una scelta migliore per i clienti.<\/p>\n<h2>LED Caratteristiche dell'unit\u00e0 di esposizione:<\/h2>\n<ol>\n<li>Energia a bassa potenza, elevata lunghezza d'onda effettiva, assenza di emissioni di ozono, basse emissioni di carbonio e rispetto dell'ambiente.<\/li>\n<li>Ampia compatibilit\u00e0, adatto alle emulsioni fotosensibili della maggior parte delle marche.<\/li>\n<li>Dotato di un sistema di raffreddamento ad acqua. In questo modo \u00e8 possibile ridurre tutti i tipi di fattori instabili causati dal riscaldamento del vetro e mantenere la stabilit\u00e0 della qualit\u00e0 dell'esposizione del clich\u00e9.<\/li>\n<li>Un timer a controllo digitale riduce notevolmente la probabilit\u00e0 di sovraesposizione o sottoesposizione.<\/li>\n<li>L'illuminazione \u00e8 pi\u00f9 uniforme rispetto a quella di una lampada convenzionale e consente di ottenere linee di disegno pi\u00f9 chiare. Inoltre, \u00e8 in grado di ridurre notevolmente le situazioni di dentellatura o di ondulazione.<\/li>\n<li>Funzionamento semplice e veloce: quando la lampada LED si accende, il valore dell'energia spettrale viene raggiunto immediatamente e pu\u00f2 esporre il clich\u00e9 allo stesso tempo.<\/li>\n<\/ol>\n<h2>Unit\u00e0 di esposizione a LED Specifiche:<\/h2>\n<table style=\"height: 239px;\" width=\"555\">\n<tbody>\n<tr>\n<td width=\"179\">Modello NO.<\/td>\n<td width=\"200\">AP-LED4060<\/td>\n<\/tr>\n<tr>\n<td width=\"179\">Area di esposizione massima<\/td>\n<td width=\"200\">210 x 330 mm<\/td>\n<\/tr>\n<tr>\n<td width=\"179\">Dimensioni del vetro<\/td>\n<td width=\"200\">395 x 495 mm<\/td>\n<\/tr>\n<tr>\n<td width=\"179\">Spessore del vetro<\/td>\n<td width=\"200\">10 mm<\/td>\n<\/tr>\n<tr>\n<td width=\"179\">Sorgente di luce UV<\/td>\n<td width=\"200\">LED, 120W<\/td>\n<\/tr>\n<tr>\n<td width=\"179\">Livello di vuoto<\/td>\n<td width=\"200\">-600 mmHg<\/td>\n<\/tr>\n<tr>\n<td width=\"179\">Alimentazione<\/td>\n<td width=\"200\">AC 220V, 50Hz, monofase<\/td>\n<\/tr>\n<tr>\n<td width=\"179\">Dimensioni complessive<\/td>\n<td width=\"200\">400 \u00d7 500 \u00d7 600 mm (L \u00d7 P \u00d7 A)<\/td>\n<\/tr>\n<tr>\n<td width=\"179\">Peso netto<\/td>\n<td width=\"200\">28 kg<\/td>\n<\/tr>\n<\/tbody>\n<\/table>","protected":false},"excerpt":{"rendered":"<p>L'unit\u00e0 di esposizione \u00e8 un elemento essenziale delle attrezzature di pre-stampa, ampiamente utilizzato per la produzione di lastre per tampografia (clich\u00e9) e telai serigrafici. L'unit\u00e0 di esposizione Auto Print LED \u00e8 dotata di un sistema di luce LED fredda a basso consumo energetico, di un'elevata resa energetica a lunghezze d'onda efficaci e di un design ecologico e a basse emissioni di carbonio. Questo modello ha un formato di vetro di 395 \u00d7 495 mm. Sono disponibili anche altri formati, come 600 \u00d7 900 mm e 800 \u00d7 1200 mm, e formati personalizzati.<\/p>","protected":false},"featured_media":389,"template":"","meta":[],"product_cat":[24],"class_list":{"0":"post-388","1":"product","2":"type-product","3":"status-publish","4":"has-post-thumbnail","6":"product_cat-auxiliary-equipment-for-screen-printing-and-pad-printing","8":"first","9":"instock","10":"shipping-taxable","11":"product-type-simple"},"acf":[],"yoast_head":"<!-- This site is optimized with the Yoast SEO plugin v23.9 - https:\/\/yoast.com\/wordpress\/plugins\/seo\/ -->\n<title>LED Exposure Unit<\/title>\n<meta name=\"description\" content=\"This LED exposure has long light source lifetime extended, low energy consumption, uniform illumination,higher production efficiency.\" \/>\n<meta name=\"robots\" content=\"index, follow, max-snippet:-1, max-image-preview:large, max-video-preview:-1\" \/>\n<link rel=\"canonical\" href=\"https:\/\/autoprintmachine.com\/it\/unita-di-esposizione-sottovuoto-a-led\/\" \/>\n<meta property=\"og:locale\" content=\"it_IT\" \/>\n<meta property=\"og:type\" content=\"article\" \/>\n<meta property=\"og:title\" content=\"LED Exposure Unit\" \/>\n<meta property=\"og:description\" content=\"This LED exposure has long light source lifetime extended, low energy consumption, uniform illumination,higher production efficiency.\" \/>\n<meta property=\"og:url\" content=\"https:\/\/autoprintmachine.com\/it\/unita-di-esposizione-sottovuoto-a-led\/\" \/>\n<meta property=\"article:publisher\" content=\"https:\/\/www.facebook.com\/autoprinttech\/\" \/>\n<meta property=\"article:modified_time\" content=\"2026-01-13T09:04:17+00:00\" \/>\n<meta property=\"og:image\" content=\"https:\/\/autoprintmachine.com\/wp-content\/uploads\/2020\/08\/OS-LED4060.jpg\" \/>\n\t<meta property=\"og:image:width\" content=\"600\" \/>\n\t<meta property=\"og:image:height\" content=\"600\" \/>\n\t<meta property=\"og:image:type\" content=\"image\/jpeg\" \/>\n<meta name=\"twitter:card\" content=\"summary_large_image\" \/>\n<meta name=\"twitter:label1\" content=\"Tempo di lettura stimato\" \/>\n\t<meta name=\"twitter:data1\" content=\"2 minuti\" \/>\n<script type=\"application\/ld+json\" class=\"yoast-schema-graph\">{\"@context\":\"https:\/\/schema.org\",\"@graph\":[{\"@type\":\"WebPage\",\"@id\":\"https:\/\/autoprintmachine.com\/led-vacuum-exposure-unit\/\",\"url\":\"https:\/\/autoprintmachine.com\/led-vacuum-exposure-unit\/\",\"name\":\"LED Exposure Unit\",\"isPartOf\":{\"@id\":\"https:\/\/autoprintmachine.com\/#website\"},\"primaryImageOfPage\":{\"@id\":\"https:\/\/autoprintmachine.com\/led-vacuum-exposure-unit\/#primaryimage\"},\"image\":{\"@id\":\"https:\/\/autoprintmachine.com\/led-vacuum-exposure-unit\/#primaryimage\"},\"thumbnailUrl\":\"https:\/\/autoprintmachine.com\/wp-content\/uploads\/2020\/08\/OS-LED4060.jpg\",\"datePublished\":\"2020-08-15T04:14:21+00:00\",\"dateModified\":\"2026-01-13T09:04:17+00:00\",\"description\":\"This LED exposure has long light source lifetime extended, low energy consumption, uniform illumination,higher production efficiency.\",\"breadcrumb\":{\"@id\":\"https:\/\/autoprintmachine.com\/led-vacuum-exposure-unit\/#breadcrumb\"},\"inLanguage\":\"it-IT\",\"potentialAction\":[{\"@type\":\"ReadAction\",\"target\":[\"https:\/\/autoprintmachine.com\/led-vacuum-exposure-unit\/\"]}]},{\"@type\":\"ImageObject\",\"inLanguage\":\"it-IT\",\"@id\":\"https:\/\/autoprintmachine.com\/led-vacuum-exposure-unit\/#primaryimage\",\"url\":\"https:\/\/autoprintmachine.com\/wp-content\/uploads\/2020\/08\/OS-LED4060.jpg\",\"contentUrl\":\"https:\/\/autoprintmachine.com\/wp-content\/uploads\/2020\/08\/OS-LED4060.jpg\",\"width\":600,\"height\":600},{\"@type\":\"BreadcrumbList\",\"@id\":\"https:\/\/autoprintmachine.com\/led-vacuum-exposure-unit\/#breadcrumb\",\"itemListElement\":[{\"@type\":\"ListItem\",\"position\":1,\"name\":\"Home\",\"item\":\"https:\/\/autoprintmachine.com\/\"},{\"@type\":\"ListItem\",\"position\":2,\"name\":\"Products\",\"item\":\"https:\/\/autoprintmachine.com\/shop\/\"},{\"@type\":\"ListItem\",\"position\":3,\"name\":\"LED Exposure Unit\"}]},{\"@type\":\"WebSite\",\"@id\":\"https:\/\/autoprintmachine.com\/#website\",\"url\":\"https:\/\/autoprintmachine.com\/\",\"name\":\"\",\"description\":\"\",\"publisher\":{\"@id\":\"https:\/\/autoprintmachine.com\/#organization\"},\"potentialAction\":[{\"@type\":\"SearchAction\",\"target\":{\"@type\":\"EntryPoint\",\"urlTemplate\":\"https:\/\/autoprintmachine.com\/?s={search_term_string}\"},\"query-input\":{\"@type\":\"PropertyValueSpecification\",\"valueRequired\":true,\"valueName\":\"search_term_string\"}}],\"inLanguage\":\"it-IT\"},{\"@type\":\"Organization\",\"@id\":\"https:\/\/autoprintmachine.com\/#organization\",\"name\":\"Dongguan Auto Print Tech Co., Ltd\",\"url\":\"https:\/\/autoprintmachine.com\/\",\"logo\":{\"@type\":\"ImageObject\",\"inLanguage\":\"it-IT\",\"@id\":\"https:\/\/autoprintmachine.com\/#\/schema\/logo\/image\/\",\"url\":\"https:\/\/autoprintmachine.com\/wp-content\/uploads\/2023\/06\/screen_printing_logo_new.webp\",\"contentUrl\":\"https:\/\/autoprintmachine.com\/wp-content\/uploads\/2023\/06\/screen_printing_logo_new.webp\",\"width\":890,\"height\":750,\"caption\":\"Dongguan Auto Print Tech Co., Ltd\"},\"image\":{\"@id\":\"https:\/\/autoprintmachine.com\/#\/schema\/logo\/image\/\"},\"sameAs\":[\"https:\/\/www.facebook.com\/autoprinttech\/\",\"https:\/\/www.youtube.com\/channel\/UCJtPGiBbQWGE2DZLxySpCtw\"]}]}<\/script>\n<!-- \/ Yoast SEO plugin. -->","yoast_head_json":{"title":"LED Exposure Unit","description":"This LED exposure has long light source lifetime extended, low energy consumption, uniform illumination,higher production efficiency.","robots":{"index":"index","follow":"follow","max-snippet":"max-snippet:-1","max-image-preview":"max-image-preview:large","max-video-preview":"max-video-preview:-1"},"canonical":"https:\/\/autoprintmachine.com\/it\/unita-di-esposizione-sottovuoto-a-led\/","og_locale":"it_IT","og_type":"article","og_title":"LED Exposure Unit","og_description":"This LED exposure has long light source lifetime extended, low energy consumption, uniform illumination,higher production efficiency.","og_url":"https:\/\/autoprintmachine.com\/it\/unita-di-esposizione-sottovuoto-a-led\/","article_publisher":"https:\/\/www.facebook.com\/autoprinttech\/","article_modified_time":"2026-01-13T09:04:17+00:00","og_image":[{"width":600,"height":600,"url":"https:\/\/autoprintmachine.com\/wp-content\/uploads\/2020\/08\/OS-LED4060.jpg","type":"image\/jpeg"}],"twitter_card":"summary_large_image","twitter_misc":{"Tempo di lettura stimato":"2 minuti"},"schema":{"@context":"https:\/\/schema.org","@graph":[{"@type":"WebPage","@id":"https:\/\/autoprintmachine.com\/led-vacuum-exposure-unit\/","url":"https:\/\/autoprintmachine.com\/led-vacuum-exposure-unit\/","name":"LED Exposure Unit","isPartOf":{"@id":"https:\/\/autoprintmachine.com\/#website"},"primaryImageOfPage":{"@id":"https:\/\/autoprintmachine.com\/led-vacuum-exposure-unit\/#primaryimage"},"image":{"@id":"https:\/\/autoprintmachine.com\/led-vacuum-exposure-unit\/#primaryimage"},"thumbnailUrl":"https:\/\/autoprintmachine.com\/wp-content\/uploads\/2020\/08\/OS-LED4060.jpg","datePublished":"2020-08-15T04:14:21+00:00","dateModified":"2026-01-13T09:04:17+00:00","description":"This LED exposure has long light source lifetime extended, low energy consumption, uniform illumination,higher production efficiency.","breadcrumb":{"@id":"https:\/\/autoprintmachine.com\/led-vacuum-exposure-unit\/#breadcrumb"},"inLanguage":"it-IT","potentialAction":[{"@type":"ReadAction","target":["https:\/\/autoprintmachine.com\/led-vacuum-exposure-unit\/"]}]},{"@type":"ImageObject","inLanguage":"it-IT","@id":"https:\/\/autoprintmachine.com\/led-vacuum-exposure-unit\/#primaryimage","url":"https:\/\/autoprintmachine.com\/wp-content\/uploads\/2020\/08\/OS-LED4060.jpg","contentUrl":"https:\/\/autoprintmachine.com\/wp-content\/uploads\/2020\/08\/OS-LED4060.jpg","width":600,"height":600},{"@type":"BreadcrumbList","@id":"https:\/\/autoprintmachine.com\/led-vacuum-exposure-unit\/#breadcrumb","itemListElement":[{"@type":"ListItem","position":1,"name":"Home","item":"https:\/\/autoprintmachine.com\/"},{"@type":"ListItem","position":2,"name":"Products","item":"https:\/\/autoprintmachine.com\/shop\/"},{"@type":"ListItem","position":3,"name":"LED Exposure Unit"}]},{"@type":"WebSite","@id":"https:\/\/autoprintmachine.com\/#website","url":"https:\/\/autoprintmachine.com\/","name":"","description":"","publisher":{"@id":"https:\/\/autoprintmachine.com\/#organization"},"potentialAction":[{"@type":"SearchAction","target":{"@type":"EntryPoint","urlTemplate":"https:\/\/autoprintmachine.com\/?s={search_term_string}"},"query-input":{"@type":"PropertyValueSpecification","valueRequired":true,"valueName":"search_term_string"}}],"inLanguage":"it-IT"},{"@type":"Organization","@id":"https:\/\/autoprintmachine.com\/#organization","name":"Dongguan Auto Print Tech Co., Ltd","url":"https:\/\/autoprintmachine.com\/","logo":{"@type":"ImageObject","inLanguage":"it-IT","@id":"https:\/\/autoprintmachine.com\/#\/schema\/logo\/image\/","url":"https:\/\/autoprintmachine.com\/wp-content\/uploads\/2023\/06\/screen_printing_logo_new.webp","contentUrl":"https:\/\/autoprintmachine.com\/wp-content\/uploads\/2023\/06\/screen_printing_logo_new.webp","width":890,"height":750,"caption":"Dongguan Auto Print Tech Co., Ltd"},"image":{"@id":"https:\/\/autoprintmachine.com\/#\/schema\/logo\/image\/"},"sameAs":["https:\/\/www.facebook.com\/autoprinttech\/","https:\/\/www.youtube.com\/channel\/UCJtPGiBbQWGE2DZLxySpCtw"]}]}},"_links":{"self":[{"href":"https:\/\/autoprintmachine.com\/it\/wp-json\/wp\/v2\/product\/388","targetHints":{"allow":["GET"]}}],"collection":[{"href":"https:\/\/autoprintmachine.com\/it\/wp-json\/wp\/v2\/product"}],"about":[{"href":"https:\/\/autoprintmachine.com\/it\/wp-json\/wp\/v2\/types\/product"}],"wp:featuredmedia":[{"embeddable":true,"href":"https:\/\/autoprintmachine.com\/it\/wp-json\/wp\/v2\/media\/389"}],"wp:attachment":[{"href":"https:\/\/autoprintmachine.com\/it\/wp-json\/wp\/v2\/media?parent=388"}],"wp:term":[{"taxonomy":"product_cat","embeddable":true,"href":"https:\/\/autoprintmachine.com\/it\/wp-json\/wp\/v2\/product_cat?post=388"}],"curies":[{"name":"wp","href":"https:\/\/api.w.org\/{rel}","templated":true}]}}