{"id":391,"date":"2020-08-15T08:17:06","date_gmt":"2020-08-15T08:17:06","guid":{"rendered":"https:\/\/onceauto.seowaimao.com\/?post_type=product&#038;p=391"},"modified":"2026-01-21T03:07:56","modified_gmt":"2026-01-21T03:07:56","slug":"anelli-in-ceramica-e-carburo-di-tungsteno-per-tampografia","status":"publish","type":"product","link":"https:\/\/autoprintmachine.com\/it\/anelli-in-ceramica-e-carburo-di-tungsteno-per-tampografia\/","title":{"rendered":"Anelli in ceramica e carburo di tungsteno per la tampografia"},"content":{"rendered":"<p>L'anello (in ceramica o carburo di tungsteno) \u00e8 un componente del calamaio della tampografia. A causa della prolungata raclatura contro il clich\u00e9, l'anello si consuma nel tempo e deve essere sostituito. L'anello \u00e8 un componente di consumo delle macchine tampografiche.<\/p>\n<p><strong>Anello in ceramica:<\/strong><\/p>\n<p>\u00c8 realizzato in zirconia, resistente all'abrasione. Non \u00e8 duro come il carburo di tungsteno, ma costa meno di un anello in carburo di tungsteno. L'anello in ceramica \u00e8 quindi l'anello standard utilizzato nella tazza dalla maggior parte degli utenti di tampografia.<\/p>\n<p><strong>Anello in carburo di tungsteno:<\/strong><\/p>\n<p>Offre un'elevata resistenza all'abrasione e un'eccellente durezza. Pertanto, per un utilizzo a lungo termine, alcuni utenti di macchine tampografiche scelgono questo tipo di anello. Tuttavia, il costo \u00e8 leggermente superiore a quello dell'anello in ceramica.<\/p>\n<p>Specifiche dell'anello:<\/p>\n<p>Gli anelli (sia in ceramica che in carburo di tungsteno) hanno le seguenti specifiche:<\/p>\n<p><strong>Monolama:<\/strong> l'anello ha una lama solo su un lato.<br \/>\n<strong>A doppia lama:<\/strong> l'anello ha il tipo di lama su entrambi i lati.<br \/>\n<strong>Smusso esterno:<\/strong> smussato dall'esterno all'interno, formando il bordo della lama.<br \/>\n<strong>Smusso interno:<\/strong> smussato dall'interno all'esterno, formando il bordo della lama.<br \/>\n<strong>Doppio smusso (interno ed esterno)<\/strong>: smussato sia all'interno che all'esterno fino al centro, formando il bordo della lama.<\/p>\n<p>Le descrizioni degli anelli sono solitamente composte da 2 parti, come \u201clama singola, smusso esterno\u201d, \u201cdoppia lama, smusso interno ed esterno\u201d, ecc.<\/p>\n<p>&nbsp;<\/p>\n<div class=\"row\"  id=\"row-1022780158\">\n\n\t<div id=\"col-1856253916\" class=\"col small-12 large-12\"  >\n\t\t\t\t<div class=\"col-inner text-center\"  >\n\t\t\t\n\t\t\t\n\t<div class=\"img has-hover x md-x lg-x y md-y lg-y\" id=\"image_167769715\">\n\t\t\t\t\t\t\t\t<div class=\"img-inner dark\" >\n\t\t\t<img loading=\"lazy\" decoding=\"async\" width=\"2441\" height=\"1260\" src=\"https:\/\/autoprintmachine.com\/wp-content\/uploads\/2022\/07\/pad_printing.webp\" class=\"attachment-original size-original\" alt=\"tampografia\" srcset=\"https:\/\/autoprintmachine.com\/wp-content\/uploads\/2022\/07\/pad_printing.webp 2441w, https:\/\/autoprintmachine.com\/wp-content\/uploads\/2022\/07\/pad_printing-510x263.webp 510w, https:\/\/autoprintmachine.com\/wp-content\/uploads\/2022\/07\/pad_printing-300x155.webp 300w, https:\/\/autoprintmachine.com\/wp-content\/uploads\/2022\/07\/pad_printing-1030x532.webp 1030w, https:\/\/autoprintmachine.com\/wp-content\/uploads\/2022\/07\/pad_printing-768x396.webp 768w, https:\/\/autoprintmachine.com\/wp-content\/uploads\/2022\/07\/pad_printing-1536x793.webp 1536w, https:\/\/autoprintmachine.com\/wp-content\/uploads\/2022\/07\/pad_printing-2048x1057.webp 2048w, https:\/\/autoprintmachine.com\/wp-content\/uploads\/2022\/07\/pad_printing-800x413.webp 800w\" sizes=\"auto, (max-width: 2441px) 100vw, 2441px\" \/>\t\t\t\t\t\t\n\t\t\t\t\t<\/div>\n\t\t\t\t\t\t\t\t\n<style>\n#image_167769715 {\n  width: 64%;\n}\n<\/style>\n\t<\/div>\n\t\n\t\t<\/div>\n\t\t\t\t\t<\/div>\n\n\t\n<\/div>\n<p>Misura dell'anello:<\/p>\n<p>Auto Print \u00e8 in grado di fornire diversi formati in base all'utilizzo delle tazze. Le misure standard internazionali sono per lo pi\u00f9 disponibili a magazzino. Ma se avete dei requisiti speciali per gli anelli, possiamo anche personalizzarli.<\/p>\n<p>I nostri anelli sono molto apprezzati in Europa e in Nord e Sud America, tra cui Paesi Bassi, Spagna, Stati Uniti, Messico e Brasile. L'alta qualit\u00e0 ci ha fatto guadagnare una solida reputazione tra i nostri clienti. Speriamo di poter aiutare anche voi!<\/p>","protected":false},"excerpt":{"rendered":"<p>Auto Print offre anelli in ceramica e carburo di tungsteno in varie dimensioni e specifiche per diverse marche di calamai per stampanti a tampone.<\/p>","protected":false},"featured_media":393,"template":"","meta":[],"product_brand":[],"product_cat":[26],"product_tag":[],"class_list":{"0":"post-391","1":"product","2":"type-product","3":"status-publish","4":"has-post-thumbnail","6":"product_cat-screen-printing-pad-printing-consumables","8":"first","9":"instock","10":"shipping-taxable","11":"product-type-simple"},"yoast_head":"<!-- This site is optimized with the Yoast SEO plugin v27.4 - https:\/\/yoast.com\/product\/yoast-seo-wordpress\/ -->\n<title>Ceramic Ring and Hard Steel Ring for Pad Printing<\/title>\n<meta name=\"description\" content=\"Auto Print provides ceramic and hard steel ring for pad printing. There are many kinds of specifications and sizes which fits your needs\" \/>\n<meta name=\"robots\" content=\"index, follow, max-snippet:-1, max-image-preview:large, max-video-preview:-1\" \/>\n<link rel=\"canonical\" href=\"https:\/\/autoprintmachine.com\/it\/anelli-in-ceramica-e-carburo-di-tungsteno-per-tampografia\/\" \/>\n<meta property=\"og:locale\" content=\"it_IT\" \/>\n<meta property=\"og:type\" content=\"article\" \/>\n<meta property=\"og:title\" content=\"Ceramic Ring and Hard Steel Ring for Pad Printing\" \/>\n<meta property=\"og:description\" content=\"Auto Print provides ceramic and hard steel ring for pad printing. There are many kinds of specifications and sizes which fits your needs\" \/>\n<meta property=\"og:url\" content=\"https:\/\/autoprintmachine.com\/it\/anelli-in-ceramica-e-carburo-di-tungsteno-per-tampografia\/\" \/>\n<meta property=\"article:publisher\" content=\"https:\/\/www.facebook.com\/autoprinttech\/\" \/>\n<meta property=\"article:modified_time\" content=\"2026-01-21T03:07:56+00:00\" \/>\n<meta property=\"og:image\" content=\"https:\/\/autoprintmachine.com\/wp-content\/uploads\/2020\/08\/\u9676\u74f7\u73af.jpg\" \/>\n\t<meta property=\"og:image:width\" content=\"600\" \/>\n\t<meta property=\"og:image:height\" content=\"600\" \/>\n\t<meta property=\"og:image:type\" content=\"image\/jpeg\" \/>\n<meta name=\"twitter:card\" content=\"summary_large_image\" \/>\n<meta name=\"twitter:label1\" content=\"Est. reading time\" \/>\n\t<meta name=\"twitter:data1\" content=\"2 minuti\" \/>\n<script type=\"application\/ld+json\" class=\"yoast-schema-graph\">{\"@context\":\"https:\\\/\\\/schema.org\",\"@graph\":[{\"@type\":\"WebPage\",\"@id\":\"https:\\\/\\\/autoprintmachine.com\\\/ceramic-and-tungsten-carbide-rings-for-pad-printing\\\/\",\"url\":\"https:\\\/\\\/autoprintmachine.com\\\/ceramic-and-tungsten-carbide-rings-for-pad-printing\\\/\",\"name\":\"Ceramic Ring and Hard Steel Ring for Pad Printing\",\"isPartOf\":{\"@id\":\"https:\\\/\\\/autoprintmachine.com\\\/#website\"},\"primaryImageOfPage\":{\"@id\":\"https:\\\/\\\/autoprintmachine.com\\\/ceramic-and-tungsten-carbide-rings-for-pad-printing\\\/#primaryimage\"},\"image\":{\"@id\":\"https:\\\/\\\/autoprintmachine.com\\\/ceramic-and-tungsten-carbide-rings-for-pad-printing\\\/#primaryimage\"},\"thumbnailUrl\":\"https:\\\/\\\/autoprintmachine.com\\\/wp-content\\\/uploads\\\/2020\\\/08\\\/\u9676\u74f7\u73af.jpg\",\"datePublished\":\"2020-08-15T08:17:06+00:00\",\"dateModified\":\"2026-01-21T03:07:56+00:00\",\"description\":\"Auto Print provides ceramic and hard steel ring for pad printing. There are many kinds of specifications and sizes which fits your needs\",\"breadcrumb\":{\"@id\":\"https:\\\/\\\/autoprintmachine.com\\\/ceramic-and-tungsten-carbide-rings-for-pad-printing\\\/#breadcrumb\"},\"inLanguage\":\"it-IT\",\"potentialAction\":[{\"@type\":\"ReadAction\",\"target\":[\"https:\\\/\\\/autoprintmachine.com\\\/ceramic-and-tungsten-carbide-rings-for-pad-printing\\\/\"]}]},{\"@type\":\"ImageObject\",\"inLanguage\":\"it-IT\",\"@id\":\"https:\\\/\\\/autoprintmachine.com\\\/ceramic-and-tungsten-carbide-rings-for-pad-printing\\\/#primaryimage\",\"url\":\"https:\\\/\\\/autoprintmachine.com\\\/wp-content\\\/uploads\\\/2020\\\/08\\\/\u9676\u74f7\u73af.jpg\",\"contentUrl\":\"https:\\\/\\\/autoprintmachine.com\\\/wp-content\\\/uploads\\\/2020\\\/08\\\/\u9676\u74f7\u73af.jpg\",\"width\":600,\"height\":600},{\"@type\":\"BreadcrumbList\",\"@id\":\"https:\\\/\\\/autoprintmachine.com\\\/ceramic-and-tungsten-carbide-rings-for-pad-printing\\\/#breadcrumb\",\"itemListElement\":[{\"@type\":\"ListItem\",\"position\":1,\"name\":\"Home\",\"item\":\"https:\\\/\\\/autoprintmachine.com\\\/\"},{\"@type\":\"ListItem\",\"position\":2,\"name\":\"Products\",\"item\":\"https:\\\/\\\/autoprintmachine.com\\\/shop\\\/\"},{\"@type\":\"ListItem\",\"position\":3,\"name\":\"Ceramic and Tungsten Carbide Rings for Pad Printing\"}]},{\"@type\":\"WebSite\",\"@id\":\"https:\\\/\\\/autoprintmachine.com\\\/#website\",\"url\":\"https:\\\/\\\/autoprintmachine.com\\\/\",\"name\":\"\",\"description\":\"\",\"publisher\":{\"@id\":\"https:\\\/\\\/autoprintmachine.com\\\/#organization\"},\"potentialAction\":[{\"@type\":\"SearchAction\",\"target\":{\"@type\":\"EntryPoint\",\"urlTemplate\":\"https:\\\/\\\/autoprintmachine.com\\\/?s={search_term_string}\"},\"query-input\":{\"@type\":\"PropertyValueSpecification\",\"valueRequired\":true,\"valueName\":\"search_term_string\"}}],\"inLanguage\":\"it-IT\"},{\"@type\":\"Organization\",\"@id\":\"https:\\\/\\\/autoprintmachine.com\\\/#organization\",\"name\":\"Dongguan Auto Print Tech Co., Ltd\",\"url\":\"https:\\\/\\\/autoprintmachine.com\\\/\",\"logo\":{\"@type\":\"ImageObject\",\"inLanguage\":\"it-IT\",\"@id\":\"https:\\\/\\\/autoprintmachine.com\\\/#\\\/schema\\\/logo\\\/image\\\/\",\"url\":\"https:\\\/\\\/autoprintmachine.com\\\/wp-content\\\/uploads\\\/2023\\\/06\\\/screen_printing_logo_new.webp\",\"contentUrl\":\"https:\\\/\\\/autoprintmachine.com\\\/wp-content\\\/uploads\\\/2023\\\/06\\\/screen_printing_logo_new.webp\",\"width\":890,\"height\":750,\"caption\":\"Dongguan Auto Print Tech Co., Ltd\"},\"image\":{\"@id\":\"https:\\\/\\\/autoprintmachine.com\\\/#\\\/schema\\\/logo\\\/image\\\/\"},\"sameAs\":[\"https:\\\/\\\/www.facebook.com\\\/autoprinttech\\\/\",\"https:\\\/\\\/www.youtube.com\\\/channel\\\/UCJtPGiBbQWGE2DZLxySpCtw\"]}]}<\/script>\n<!-- \/ Yoast SEO plugin. -->","yoast_head_json":{"title":"Anello in ceramica e anello in acciaio duro per la tampografia","description":"Auto Print fornisce anelli in ceramica e acciaio duro per la tampografia. Esistono molti tipi di specifiche e dimensioni che si adattano alle vostre esigenze.","robots":{"index":"index","follow":"follow","max-snippet":"max-snippet:-1","max-image-preview":"max-image-preview:large","max-video-preview":"max-video-preview:-1"},"canonical":"https:\/\/autoprintmachine.com\/it\/anelli-in-ceramica-e-carburo-di-tungsteno-per-tampografia\/","og_locale":"it_IT","og_type":"article","og_title":"Ceramic Ring and Hard Steel Ring for Pad Printing","og_description":"Auto Print provides ceramic and hard steel ring for pad printing. There are many kinds of specifications and sizes which fits your needs","og_url":"https:\/\/autoprintmachine.com\/it\/anelli-in-ceramica-e-carburo-di-tungsteno-per-tampografia\/","article_publisher":"https:\/\/www.facebook.com\/autoprinttech\/","article_modified_time":"2026-01-21T03:07:56+00:00","og_image":[{"width":600,"height":600,"url":"https:\/\/autoprintmachine.com\/wp-content\/uploads\/2020\/08\/\u9676\u74f7\u73af.jpg","type":"image\/jpeg"}],"twitter_card":"summary_large_image","twitter_misc":{"Est. reading time":"2 minuti"},"schema":{"@context":"https:\/\/schema.org","@graph":[{"@type":"WebPage","@id":"https:\/\/autoprintmachine.com\/ceramic-and-tungsten-carbide-rings-for-pad-printing\/","url":"https:\/\/autoprintmachine.com\/ceramic-and-tungsten-carbide-rings-for-pad-printing\/","name":"Anello in ceramica e anello in acciaio duro per la tampografia","isPartOf":{"@id":"https:\/\/autoprintmachine.com\/#website"},"primaryImageOfPage":{"@id":"https:\/\/autoprintmachine.com\/ceramic-and-tungsten-carbide-rings-for-pad-printing\/#primaryimage"},"image":{"@id":"https:\/\/autoprintmachine.com\/ceramic-and-tungsten-carbide-rings-for-pad-printing\/#primaryimage"},"thumbnailUrl":"https:\/\/autoprintmachine.com\/wp-content\/uploads\/2020\/08\/\u9676\u74f7\u73af.jpg","datePublished":"2020-08-15T08:17:06+00:00","dateModified":"2026-01-21T03:07:56+00:00","description":"Auto Print fornisce anelli in ceramica e acciaio duro per la tampografia. Esistono molti tipi di specifiche e dimensioni che si adattano alle vostre esigenze.","breadcrumb":{"@id":"https:\/\/autoprintmachine.com\/ceramic-and-tungsten-carbide-rings-for-pad-printing\/#breadcrumb"},"inLanguage":"it-IT","potentialAction":[{"@type":"ReadAction","target":["https:\/\/autoprintmachine.com\/ceramic-and-tungsten-carbide-rings-for-pad-printing\/"]}]},{"@type":"ImageObject","inLanguage":"it-IT","@id":"https:\/\/autoprintmachine.com\/ceramic-and-tungsten-carbide-rings-for-pad-printing\/#primaryimage","url":"https:\/\/autoprintmachine.com\/wp-content\/uploads\/2020\/08\/\u9676\u74f7\u73af.jpg","contentUrl":"https:\/\/autoprintmachine.com\/wp-content\/uploads\/2020\/08\/\u9676\u74f7\u73af.jpg","width":600,"height":600},{"@type":"BreadcrumbList","@id":"https:\/\/autoprintmachine.com\/ceramic-and-tungsten-carbide-rings-for-pad-printing\/#breadcrumb","itemListElement":[{"@type":"ListItem","position":1,"name":"Home","item":"https:\/\/autoprintmachine.com\/"},{"@type":"ListItem","position":2,"name":"Products","item":"https:\/\/autoprintmachine.com\/shop\/"},{"@type":"ListItem","position":3,"name":"Ceramic and Tungsten Carbide Rings for Pad Printing"}]},{"@type":"WebSite","@id":"https:\/\/autoprintmachine.com\/#website","url":"https:\/\/autoprintmachine.com\/","name":"","description":"","publisher":{"@id":"https:\/\/autoprintmachine.com\/#organization"},"potentialAction":[{"@type":"SearchAction","target":{"@type":"EntryPoint","urlTemplate":"https:\/\/autoprintmachine.com\/?s={search_term_string}"},"query-input":{"@type":"PropertyValueSpecification","valueRequired":true,"valueName":"search_term_string"}}],"inLanguage":"it-IT"},{"@type":"Organization","@id":"https:\/\/autoprintmachine.com\/#organization","name":"Dongguan Auto Print Tech Co., Ltd","url":"https:\/\/autoprintmachine.com\/","logo":{"@type":"ImageObject","inLanguage":"it-IT","@id":"https:\/\/autoprintmachine.com\/#\/schema\/logo\/image\/","url":"https:\/\/autoprintmachine.com\/wp-content\/uploads\/2023\/06\/screen_printing_logo_new.webp","contentUrl":"https:\/\/autoprintmachine.com\/wp-content\/uploads\/2023\/06\/screen_printing_logo_new.webp","width":890,"height":750,"caption":"Dongguan Auto Print Tech Co., Ltd"},"image":{"@id":"https:\/\/autoprintmachine.com\/#\/schema\/logo\/image\/"},"sameAs":["https:\/\/www.facebook.com\/autoprinttech\/","https:\/\/www.youtube.com\/channel\/UCJtPGiBbQWGE2DZLxySpCtw"]}]}},"_links":{"self":[{"href":"https:\/\/autoprintmachine.com\/it\/wp-json\/wp\/v2\/product\/391","targetHints":{"allow":["GET"]}}],"collection":[{"href":"https:\/\/autoprintmachine.com\/it\/wp-json\/wp\/v2\/product"}],"about":[{"href":"https:\/\/autoprintmachine.com\/it\/wp-json\/wp\/v2\/types\/product"}],"wp:featuredmedia":[{"embeddable":true,"href":"https:\/\/autoprintmachine.com\/it\/wp-json\/wp\/v2\/media\/393"}],"wp:attachment":[{"href":"https:\/\/autoprintmachine.com\/it\/wp-json\/wp\/v2\/media?parent=391"}],"wp:term":[{"taxonomy":"product_brand","embeddable":true,"href":"https:\/\/autoprintmachine.com\/it\/wp-json\/wp\/v2\/product_brand?post=391"},{"taxonomy":"product_cat","embeddable":true,"href":"https:\/\/autoprintmachine.com\/it\/wp-json\/wp\/v2\/product_cat?post=391"},{"taxonomy":"product_tag","embeddable":true,"href":"https:\/\/autoprintmachine.com\/it\/wp-json\/wp\/v2\/product_tag?post=391"}],"curies":[{"name":"wp","href":"https:\/\/api.w.org\/{rel}","templated":true}]}}