{"id":543,"date":"2020-08-26T08:05:00","date_gmt":"2020-08-26T08:05:00","guid":{"rendered":"https:\/\/onceauto.seowaimao.com\/?post_type=product&#038;p=543"},"modified":"2025-12-24T06:07:18","modified_gmt":"2025-12-24T06:07:18","slug":"multi-color-cylindrical-screen-printing-machine","status":"publish","type":"product","link":"https:\/\/autoprintmachine.com\/it\/macchina-serigrafica-cilindrica-multicolore\/","title":{"rendered":"Macchina serigrafica cilindrica multicolore"},"content":{"rendered":"<section class=\"section\" id=\"section_1467981545\">\n\t\t<div class=\"section-bg fill\" >\n\t\t\t\t\t\t\t\t\t\n\t\t\t\n\n\t\t<\/div>\n\n\t\t\n\n\t\t<div class=\"section-content relative\">\n\t\t\t\n<div class=\"row\"  id=\"row-533237229\">\n\n\t<div id=\"col-1878221223\" class=\"col small-12 large-12\"  >\n\t\t\t\t<div class=\"col-inner\"  >\n\t\t\t\n\t\t\t\n<h2>Panoramica del prodotto: Macchina serigrafica cilindrica AP-400S<\/h2>\n\t\t<\/div>\n\t\t\t\t\t<\/div>\n\n\t\n\n\t<div id=\"col-1657538764\" class=\"col medium-2 small-12 large-2\"  >\n\t\t\t\t<div class=\"col-inner text-center\"  >\n\t\t\t\n\t\t\t\n\t\t<\/div>\n\t\t\t\t\t<\/div>\n\n\t\n\n\t<div id=\"col-121528468\" class=\"col medium-8 small-12 large-8\"  >\n\t\t\t\t<div class=\"col-inner text-center\"  >\n\t\t\t\n\t\t\t\n<div class=\"video video-fit mb\" style=\"padding-top:56.25%;\"><p><iframe loading=\"lazy\" title=\"Macchina per la stampa di tazze di plastica semiautomatica a 2 colori\" width=\"1020\" height=\"574\" src=\"https:\/\/www.youtube.com\/embed\/6YkJuxVgy-Y?feature=oembed\" frameborder=\"0\" allow=\"accelerometer; autoplay; clipboard-write; encrypted-media; gyroscope; picture-in-picture; web-share\" referrerpolicy=\"strict-origin-when-cross-origin\" allowfullscreen><\/iframe><\/p>\n<\/div>\n\t\t<\/div>\n\t\t\t\t\t<\/div>\n\n\t\n\n\t<div id=\"col-1987289356\" class=\"col medium-2 small-12 large-2\"  >\n\t\t\t\t<div class=\"col-inner text-center\"  >\n\t\t\t\n\t\t\t\n\t\t<\/div>\n\t\t\t\t\t<\/div>\n\n\t\n<\/div>\n\t\t<\/div>\n\n\t\t\n<style>\n#section_1467981545 {\n  padding-top: 30px;\n  padding-bottom: 30px;\n}\n<\/style>\n\t<\/section>\n\t\n\n\t<section class=\"section\" id=\"section_126257327\">\n\t\t<div class=\"section-bg fill\" >\n\t\t\t\t\t\t\t\t\t\n\t\t\t\n\n\t\t<\/div>\n\n\t\t\n\n\t\t<div class=\"section-content relative\">\n\t\t\t\n<div class=\"row\"  id=\"row-424835248\">\n\n\t<div id=\"col-1039316654\" class=\"col small-12 large-12\"  >\n\t\t\t\t<div class=\"col-inner\"  >\n\t\t\t\n\t\t\t\t\t<\/div>\n\t\t\t\t\t<\/div>\n\n\t\n<h2>Panoramica della stampante serigrafica cilindrica AP-400S<\/h2>\n<p>La macchina AP-400S \u00e8 una serigrafia cilindrica rotante servoassistita, con movimenti a destra e a sinistra. \u00c8 dotata di un PLC di marca e di un touchscreen che controlla tutti i movimenti. Il diametro massimo di stampa pu\u00f2 raggiungere i 110 mm. Questa macchina \u00e8 dotata di un sensore ottico di marca per la stampa a registro da colore a colore. \u00c8 ampiamente utilizzata per oggetti rotondi senza segno di registrazione (punto di ancoraggio) per stampare pi\u00f9 colori. Grazie alla rotazione servoassistita, questa macchina non necessita di ingranaggi per il passaggio a bottiglie di diametro diverso. Pu\u00f2 stampare con una registrazione accurata.<\/p>\n<\/div>\n\t\t<\/div>\n\n\t\t\n<style>\n#section_126257327 {\n  padding-top: 30px;\n  padding-bottom: 30px;\n}\n<\/style>\n\t<\/section>\n\t\n\n\t<section class=\"section\" id=\"section_1788553217\">\n\t\t<div class=\"section-bg fill\" >\n\t\t\t\t\t\t\t\t\t\n\t\t\t\n\n\t\t<\/div>\n\n\t\t\n\n\t\t<div class=\"section-content relative\">\n\t\t\t\n<div class=\"row\"  id=\"row-1074534602\">\n\n\t<div id=\"col-1690763416\" class=\"col small-12 large-12\"  >\n\t\t\t\t<div class=\"col-inner\"  >\n\t\t\t\n\t\t\t\n<h2>Caratteristiche principali della macchina serigrafica cilindrica AP-400S<\/h2>\n<ol>\n<li>Appositamente progettato per oggetti rotondi senza alette di registrazione, come bottiglie di plastica, bottiglie d'acqua, contenitori di vetro, filtri dell'olio, tubi per cosmetici, ecc.<\/li>\n<li>Cambio utensile facile e veloce grazie al servoposizionamento di alta precisione. Tutti i comandi sono comodamente azionabili tramite il touchscreen.<\/li>\n<li>Azionamento del servomotore con controllo PLC touch screen<\/li>\n<li>Ri-registrazione da parte del sensore ottico<\/li>\n<li>Funzionamento stabile e silenzioso della macchina<\/li>\n<\/ol>\n\t\t<\/div>\n\t\t\t\t\t<\/div>\n\n\t\n<\/div>\n\t\t<\/div>\n\n\t\t\n<style>\n#section_1788553217 {\n  padding-top: 30px;\n  padding-bottom: 30px;\n}\n<\/style>\n\t<\/section>\n\t\n\n\t<section class=\"section\" id=\"section_872279569\">\n\t\t<div class=\"section-bg fill\" >\n\t\t\t\t\t\t\t\t\t\n\t\t\t\n\n\t\t<\/div>\n\n\t\t\n\n\t\t<div class=\"section-content relative\">\n\t\t\t\n<div class=\"row\"  id=\"row-1962108798\">\n\n\t<div id=\"col-2016268021\" class=\"col small-12 large-12\"  >\n\t\t\t\t<div class=\"col-inner\"  >\n\t\t\t\n\t\t\t\n<h2>Specifiche tecniche<\/h2>\n<table style=\"font-size: 15px;\" width=\"647\">\n<tbody>\n<tr>\n<td width=\"292\"><strong>Modello n.:<\/strong><\/td>\n<td width=\"355\">AP-400S<\/td>\n<\/tr>\n<tr>\n<td width=\"292\"><strong>Forma di stampa<\/strong><\/td>\n<td width=\"355\">Rotondo<\/td>\n<\/tr>\n<tr>\n<td width=\"292\"><strong>Corsa verso l'alto e verso il basso Guidata:<\/strong><\/td>\n<td width=\"355\">Motore elettrico<\/td>\n<\/tr>\n<tr>\n<td width=\"292\"><strong>Corsa di stampa guidata:<\/strong><\/td>\n<td width=\"355\">Servomotore<\/td>\n<\/tr>\n<tr>\n<td width=\"292\"><strong>Sistema di ri-registrazione:<\/strong><\/td>\n<td width=\"355\">Servomotore e sensore ottico<\/td>\n<\/tr>\n<tr>\n<td width=\"292\"><strong>Sistema di controllo: <\/strong><\/td>\n<td width=\"355\">PLC e touch screen di marca<\/td>\n<\/tr>\n<tr>\n<td width=\"292\"><strong>Stampa del diametro rotondo:<\/strong><\/td>\n<td width=\"355\">\u00a0\u00d87mm(0,276\u2033)-\u00d8110mm (4,33\u2033)<\/td>\n<\/tr>\n<tr>\n<td width=\"292\"><strong>Area di stampa massima:<\/strong><\/td>\n<td width=\"355\">L350 mm x H220 mm<\/td>\n<\/tr>\n<tr>\n<td width=\"292\"><strong>Dimensione massima della cornice dello schermo:<\/strong><\/td>\n<td width=\"355\">800 x 400 mm (31,50\u2033 x 15,74\u2033)<\/td>\n<\/tr>\n<tr>\n<td width=\"292\"><strong>Velocit\u00e0 del ciclo di stampa:<\/strong><\/td>\n<td width=\"355\">2000 cicli\/ora<\/td>\n<\/tr>\n<tr>\n<td width=\"292\"><strong>Tolleranza alla registrazione: <\/strong><\/td>\n<td width=\"355\">+\/- 0,3-0,5 mm (eccetto la tolleranza dei prodotti)<\/td>\n<\/tr>\n<tr>\n<td width=\"292\"><strong>Alimentazione elettrica: <\/strong><\/td>\n<td width=\"355\">110V\/220V 50-60Hz 2,5KW<\/td>\n<\/tr>\n<tr>\n<td width=\"292\"><strong>Fabbisogno d'aria:<\/strong><\/td>\n<td width=\"355\">5-7 bar<\/td>\n<\/tr>\n<tr>\n<td width=\"292\"><strong>Dimensione della macchina:<\/strong><\/td>\n<td width=\"355\">L900 x L800 x H1450 mm<\/td>\n<\/tr>\n<tr>\n<td width=\"292\"><strong>Peso: <\/strong><\/td>\n<td width=\"355\">200 kg (440,92 libbre)<\/td>\n<\/tr>\n<\/tbody>\n<\/table>\n\t\t<\/div>\n\t\t\t\t\t<\/div>\n\n\t\n<\/div>\n\t\t<\/div>\n\n\t\t\n<style>\n#section_872279569 {\n  padding-top: 30px;\n  padding-bottom: 30px;\n}\n<\/style>\n\t<\/section>","protected":false},"excerpt":{"rendered":"<p>La macchina serigrafica AP-400S \u00e8 progettata per oggetti cilindrici, come bottiglie, contenitori e tazze, che non hanno un segno di registrazione (punto di ancoraggio) ma richiedono una stampa multicolore. Il diametro massimo di stampa \u00e8 di 110 mm. Questo tipo di macchina serigrafica \u00e8 ampiamente utilizzata per la stampa su bottiglie, contenitori e bicchieri rotondi, come le bottiglie d'acqua sportive e i bicchieri di plastica.<\/p>\n<p>&nbsp;<\/p>","protected":false},"featured_media":544,"template":"","meta":[],"product_cat":[15],"class_list":{"0":"post-543","1":"product","2":"type-product","3":"status-publish","4":"has-post-thumbnail","6":"product_cat-automatic-cylindrical-screen-printing-machine","8":"first","9":"instock","10":"shipping-taxable","11":"product-type-simple"},"acf":[],"yoast_head":"<!-- This site is optimized with the Yoast SEO plugin v23.9 - https:\/\/yoast.com\/wordpress\/plugins\/seo\/ -->\n<title>Multi Color Screen Printing Machine on Cylindrical products<\/title>\n<meta name=\"description\" content=\"Our machine can print different patterns on round products with touch screen control system. And without gear when the diameter is different.\" \/>\n<meta name=\"robots\" content=\"index, follow, max-snippet:-1, max-image-preview:large, max-video-preview:-1\" \/>\n<link rel=\"canonical\" href=\"https:\/\/autoprintmachine.com\/it\/macchina-serigrafica-cilindrica-multicolore\/\" \/>\n<meta property=\"og:locale\" content=\"it_IT\" \/>\n<meta property=\"og:type\" content=\"article\" \/>\n<meta property=\"og:title\" content=\"Multi Color Screen Printing Machine on Cylindrical products\" \/>\n<meta property=\"og:description\" content=\"Our machine can print different patterns on round products with touch screen control system. And without gear when the diameter is different.\" \/>\n<meta property=\"og:url\" content=\"https:\/\/autoprintmachine.com\/it\/macchina-serigrafica-cilindrica-multicolore\/\" \/>\n<meta property=\"article:publisher\" content=\"https:\/\/www.facebook.com\/autoprinttech\/\" \/>\n<meta property=\"article:modified_time\" content=\"2025-12-24T06:07:18+00:00\" \/>\n<meta property=\"og:image\" content=\"https:\/\/autoprintmachine.com\/wp-content\/uploads\/2020\/08\/OS-400S.jpg\" \/>\n\t<meta property=\"og:image:width\" content=\"600\" \/>\n\t<meta property=\"og:image:height\" content=\"600\" \/>\n\t<meta property=\"og:image:type\" content=\"image\/jpeg\" \/>\n<meta name=\"twitter:card\" content=\"summary_large_image\" \/>\n<meta name=\"twitter:label1\" content=\"Tempo di lettura stimato\" \/>\n\t<meta name=\"twitter:data1\" content=\"2 minuti\" \/>\n<script type=\"application\/ld+json\" class=\"yoast-schema-graph\">{\"@context\":\"https:\/\/schema.org\",\"@graph\":[{\"@type\":\"WebPage\",\"@id\":\"https:\/\/autoprintmachine.com\/multi-color-cylindrical-screen-printing-machine\/\",\"url\":\"https:\/\/autoprintmachine.com\/multi-color-cylindrical-screen-printing-machine\/\",\"name\":\"Multi Color Screen Printing Machine on Cylindrical products\",\"isPartOf\":{\"@id\":\"https:\/\/autoprintmachine.com\/#website\"},\"primaryImageOfPage\":{\"@id\":\"https:\/\/autoprintmachine.com\/multi-color-cylindrical-screen-printing-machine\/#primaryimage\"},\"image\":{\"@id\":\"https:\/\/autoprintmachine.com\/multi-color-cylindrical-screen-printing-machine\/#primaryimage\"},\"thumbnailUrl\":\"https:\/\/autoprintmachine.com\/wp-content\/uploads\/2020\/08\/OS-400S.jpg\",\"datePublished\":\"2020-08-26T08:05:00+00:00\",\"dateModified\":\"2025-12-24T06:07:18+00:00\",\"description\":\"Our machine can print different patterns on round products with touch screen control system. And without gear when the diameter is different.\",\"breadcrumb\":{\"@id\":\"https:\/\/autoprintmachine.com\/multi-color-cylindrical-screen-printing-machine\/#breadcrumb\"},\"inLanguage\":\"it-IT\",\"potentialAction\":[{\"@type\":\"ReadAction\",\"target\":[\"https:\/\/autoprintmachine.com\/multi-color-cylindrical-screen-printing-machine\/\"]}]},{\"@type\":\"ImageObject\",\"inLanguage\":\"it-IT\",\"@id\":\"https:\/\/autoprintmachine.com\/multi-color-cylindrical-screen-printing-machine\/#primaryimage\",\"url\":\"https:\/\/autoprintmachine.com\/wp-content\/uploads\/2020\/08\/OS-400S.jpg\",\"contentUrl\":\"https:\/\/autoprintmachine.com\/wp-content\/uploads\/2020\/08\/OS-400S.jpg\",\"width\":600,\"height\":600,\"caption\":\"automatic screen printing machine\"},{\"@type\":\"BreadcrumbList\",\"@id\":\"https:\/\/autoprintmachine.com\/multi-color-cylindrical-screen-printing-machine\/#breadcrumb\",\"itemListElement\":[{\"@type\":\"ListItem\",\"position\":1,\"name\":\"Home\",\"item\":\"https:\/\/autoprintmachine.com\/\"},{\"@type\":\"ListItem\",\"position\":2,\"name\":\"Products\",\"item\":\"https:\/\/autoprintmachine.com\/shop\/\"},{\"@type\":\"ListItem\",\"position\":3,\"name\":\"Multi Color Cylindrical Screen Printing Machine\"}]},{\"@type\":\"WebSite\",\"@id\":\"https:\/\/autoprintmachine.com\/#website\",\"url\":\"https:\/\/autoprintmachine.com\/\",\"name\":\"\",\"description\":\"\",\"publisher\":{\"@id\":\"https:\/\/autoprintmachine.com\/#organization\"},\"potentialAction\":[{\"@type\":\"SearchAction\",\"target\":{\"@type\":\"EntryPoint\",\"urlTemplate\":\"https:\/\/autoprintmachine.com\/?s={search_term_string}\"},\"query-input\":{\"@type\":\"PropertyValueSpecification\",\"valueRequired\":true,\"valueName\":\"search_term_string\"}}],\"inLanguage\":\"it-IT\"},{\"@type\":\"Organization\",\"@id\":\"https:\/\/autoprintmachine.com\/#organization\",\"name\":\"Dongguan Auto Print Tech Co., Ltd\",\"url\":\"https:\/\/autoprintmachine.com\/\",\"logo\":{\"@type\":\"ImageObject\",\"inLanguage\":\"it-IT\",\"@id\":\"https:\/\/autoprintmachine.com\/#\/schema\/logo\/image\/\",\"url\":\"https:\/\/autoprintmachine.com\/wp-content\/uploads\/2023\/06\/screen_printing_logo_new.webp\",\"contentUrl\":\"https:\/\/autoprintmachine.com\/wp-content\/uploads\/2023\/06\/screen_printing_logo_new.webp\",\"width\":890,\"height\":750,\"caption\":\"Dongguan Auto Print Tech Co., Ltd\"},\"image\":{\"@id\":\"https:\/\/autoprintmachine.com\/#\/schema\/logo\/image\/\"},\"sameAs\":[\"https:\/\/www.facebook.com\/autoprinttech\/\",\"https:\/\/www.youtube.com\/channel\/UCJtPGiBbQWGE2DZLxySpCtw\"]}]}<\/script>\n<!-- \/ Yoast SEO plugin. -->","yoast_head_json":{"title":"Multi Color Screen Printing Machine on Cylindrical products","description":"Our machine can print different patterns on round products with touch screen control system. And without gear when the diameter is different.","robots":{"index":"index","follow":"follow","max-snippet":"max-snippet:-1","max-image-preview":"max-image-preview:large","max-video-preview":"max-video-preview:-1"},"canonical":"https:\/\/autoprintmachine.com\/it\/macchina-serigrafica-cilindrica-multicolore\/","og_locale":"it_IT","og_type":"article","og_title":"Multi Color Screen Printing Machine on Cylindrical products","og_description":"Our machine can print different patterns on round products with touch screen control system. And without gear when the diameter is different.","og_url":"https:\/\/autoprintmachine.com\/it\/macchina-serigrafica-cilindrica-multicolore\/","article_publisher":"https:\/\/www.facebook.com\/autoprinttech\/","article_modified_time":"2025-12-24T06:07:18+00:00","og_image":[{"width":600,"height":600,"url":"https:\/\/autoprintmachine.com\/wp-content\/uploads\/2020\/08\/OS-400S.jpg","type":"image\/jpeg"}],"twitter_card":"summary_large_image","twitter_misc":{"Tempo di lettura stimato":"2 minuti"},"schema":{"@context":"https:\/\/schema.org","@graph":[{"@type":"WebPage","@id":"https:\/\/autoprintmachine.com\/multi-color-cylindrical-screen-printing-machine\/","url":"https:\/\/autoprintmachine.com\/multi-color-cylindrical-screen-printing-machine\/","name":"Multi Color Screen Printing Machine on Cylindrical products","isPartOf":{"@id":"https:\/\/autoprintmachine.com\/#website"},"primaryImageOfPage":{"@id":"https:\/\/autoprintmachine.com\/multi-color-cylindrical-screen-printing-machine\/#primaryimage"},"image":{"@id":"https:\/\/autoprintmachine.com\/multi-color-cylindrical-screen-printing-machine\/#primaryimage"},"thumbnailUrl":"https:\/\/autoprintmachine.com\/wp-content\/uploads\/2020\/08\/OS-400S.jpg","datePublished":"2020-08-26T08:05:00+00:00","dateModified":"2025-12-24T06:07:18+00:00","description":"Our machine can print different patterns on round products with touch screen control system. And without gear when the diameter is different.","breadcrumb":{"@id":"https:\/\/autoprintmachine.com\/multi-color-cylindrical-screen-printing-machine\/#breadcrumb"},"inLanguage":"it-IT","potentialAction":[{"@type":"ReadAction","target":["https:\/\/autoprintmachine.com\/multi-color-cylindrical-screen-printing-machine\/"]}]},{"@type":"ImageObject","inLanguage":"it-IT","@id":"https:\/\/autoprintmachine.com\/multi-color-cylindrical-screen-printing-machine\/#primaryimage","url":"https:\/\/autoprintmachine.com\/wp-content\/uploads\/2020\/08\/OS-400S.jpg","contentUrl":"https:\/\/autoprintmachine.com\/wp-content\/uploads\/2020\/08\/OS-400S.jpg","width":600,"height":600,"caption":"automatic screen printing machine"},{"@type":"BreadcrumbList","@id":"https:\/\/autoprintmachine.com\/multi-color-cylindrical-screen-printing-machine\/#breadcrumb","itemListElement":[{"@type":"ListItem","position":1,"name":"Home","item":"https:\/\/autoprintmachine.com\/"},{"@type":"ListItem","position":2,"name":"Products","item":"https:\/\/autoprintmachine.com\/shop\/"},{"@type":"ListItem","position":3,"name":"Multi Color Cylindrical Screen Printing Machine"}]},{"@type":"WebSite","@id":"https:\/\/autoprintmachine.com\/#website","url":"https:\/\/autoprintmachine.com\/","name":"","description":"","publisher":{"@id":"https:\/\/autoprintmachine.com\/#organization"},"potentialAction":[{"@type":"SearchAction","target":{"@type":"EntryPoint","urlTemplate":"https:\/\/autoprintmachine.com\/?s={search_term_string}"},"query-input":{"@type":"PropertyValueSpecification","valueRequired":true,"valueName":"search_term_string"}}],"inLanguage":"it-IT"},{"@type":"Organization","@id":"https:\/\/autoprintmachine.com\/#organization","name":"Dongguan Auto Print Tech Co., Ltd","url":"https:\/\/autoprintmachine.com\/","logo":{"@type":"ImageObject","inLanguage":"it-IT","@id":"https:\/\/autoprintmachine.com\/#\/schema\/logo\/image\/","url":"https:\/\/autoprintmachine.com\/wp-content\/uploads\/2023\/06\/screen_printing_logo_new.webp","contentUrl":"https:\/\/autoprintmachine.com\/wp-content\/uploads\/2023\/06\/screen_printing_logo_new.webp","width":890,"height":750,"caption":"Dongguan Auto Print Tech Co., Ltd"},"image":{"@id":"https:\/\/autoprintmachine.com\/#\/schema\/logo\/image\/"},"sameAs":["https:\/\/www.facebook.com\/autoprinttech\/","https:\/\/www.youtube.com\/channel\/UCJtPGiBbQWGE2DZLxySpCtw"]}]}},"_links":{"self":[{"href":"https:\/\/autoprintmachine.com\/it\/wp-json\/wp\/v2\/product\/543","targetHints":{"allow":["GET"]}}],"collection":[{"href":"https:\/\/autoprintmachine.com\/it\/wp-json\/wp\/v2\/product"}],"about":[{"href":"https:\/\/autoprintmachine.com\/it\/wp-json\/wp\/v2\/types\/product"}],"wp:featuredmedia":[{"embeddable":true,"href":"https:\/\/autoprintmachine.com\/it\/wp-json\/wp\/v2\/media\/544"}],"wp:attachment":[{"href":"https:\/\/autoprintmachine.com\/it\/wp-json\/wp\/v2\/media?parent=543"}],"wp:term":[{"taxonomy":"product_cat","embeddable":true,"href":"https:\/\/autoprintmachine.com\/it\/wp-json\/wp\/v2\/product_cat?post=543"}],"curies":[{"name":"wp","href":"https:\/\/api.w.org\/{rel}","templated":true}]}}