{"id":561,"date":"2020-09-19T03:02:20","date_gmt":"2020-09-19T03:02:20","guid":{"rendered":"https:\/\/autoprintmachine.com\/?post_type=product&#038;p=561"},"modified":"2026-01-06T05:18:35","modified_gmt":"2026-01-06T05:18:35","slug":"macchina-per-la-stampa-tampografica-monocolore-da-tavolo-servoassistita","status":"publish","type":"product","link":"https:\/\/autoprintmachine.com\/it\/macchina-per-la-stampa-tampografica-monocolore-da-tavolo-servoassistita\/","title":{"rendered":"Macchina tampografica monocolore da tavolo servoassistita"},"content":{"rendered":"<h2><strong>INTRODUZIONE<\/strong><\/h2>\n<p><strong>AP-100-SM<\/strong> La macchina tampografica con servomotore \u00e8 un sistema compatto e preciso per la stampa di tamponi a un colore, facile da usare e veloce da configurare. \u00c8 dotata di un pannello di controllo programmabile con touchscreen, da cui \u00e8 possibile programmare facilmente tutte le funzioni.<\/p>\n<p><strong>Il modello AP-100-SM<\/strong> La stampante a tampone servo-controllata \u00e8 dotata di servomotori Panasonic che guidano il movimento anteriore\/posteriore della piastra e la corsa del tampone sugli oggetti stampati.<\/p>\n<p><strong>Il modello AP-100-SM<\/strong> La macchina tampografica servo-controllata \u00e8 adatta per la stampa rapida e su piccola scala di un solo colore ed \u00e8 ampiamente utilizzata in molti settori, tra cui la cartoleria, i giocattoli, la plastica, gli articoli da regalo, gli elettrodomestici e l'elettronica.<\/p>\n<h2><strong>Caratteristiche standard:<\/strong><\/h2>\n<ul>\n<li>Stampante tampografica monocolore compatta e precisa<\/li>\n<li>Facile e veloce da configurare<\/li>\n<li>Il PLC Mitsubishi e il touch screen Weinview controllano tutti i movimenti<\/li>\n<li>Il servomotore aziona il movimento anteriore e posteriore della piastra<\/li>\n<li>\u00a0Corsa di stampa programmabile azionata da un servomotore<\/li>\n<li>Dispositivo di pulizia automatica del tampone con nastro (opzionale)<\/li>\n<li>Controllo touch screen con memorizzazione dei lavori<\/li>\n<li>Prestazioni fluide e silenziose della macchina<\/li>\n<\/ul>\n<h2><strong>Specifiche:<\/strong><\/h2>\n<table width=\"643\">\n<tbody>\n<tr>\n<td width=\"260\">Modello<\/td>\n<td width=\"383\">AP-100-SM<\/td>\n<\/tr>\n<tr>\n<td width=\"260\">Sistema di controllo<\/td>\n<td width=\"383\">PLC Mitsubishi e touch screen Weinview<\/td>\n<\/tr>\n<tr>\n<td width=\"260\">Azionamento della corsa anteriore\/posteriore<\/td>\n<td width=\"383\">Servomotore Panasonic<\/td>\n<\/tr>\n<tr>\n<td width=\"260\">Corsa di stampa su\/gi\u00f9 guidata<\/td>\n<td width=\"383\">Servomotore Panasonic<\/td>\n<\/tr>\n<tr>\n<td width=\"260\">Dimensione del clich\u00e9<\/td>\n<td width=\"383\">100 x 215 mm<\/td>\n<\/tr>\n<tr>\n<td width=\"260\">Spessore del clich\u00e9<\/td>\n<td width=\"383\">0,3 mm o 0,5 mm o 10 mm<\/td>\n<\/tr>\n<tr>\n<td width=\"260\">Dimensioni del calamaio<\/td>\n<td width=\"383\">ID90 x OD100 mm<\/td>\n<\/tr>\n<tr>\n<td width=\"260\">Dimensione di stampa massima.<\/td>\n<td width=\"383\">\u00d8 85 mm<\/td>\n<\/tr>\n<tr>\n<td width=\"260\">Cicli di funzionamento\/ora Max.<\/td>\n<td width=\"383\">1800 - 6300<\/td>\n<\/tr>\n<tr>\n<td width=\"260\">Corsa del tampone<\/td>\n<td width=\"383\">100 mm<\/td>\n<\/tr>\n<tr>\n<td width=\"260\">Tensione principale<\/td>\n<td width=\"383\">110V\/220V\/230V 1Fase 50\/60Hz<\/td>\n<\/tr>\n<tr>\n<td width=\"260\">Tensione di controllo<\/td>\n<td width=\"383\">24 V\/DC<\/td>\n<\/tr>\n<tr>\n<td width=\"260\">Peso<\/td>\n<td width=\"383\">100 kg circa.<\/td>\n<\/tr>\n<tr>\n<td width=\"260\">Dimensioni della macchina<\/td>\n<td width=\"383\">L670 x L420 x H766 mm<\/td>\n<\/tr>\n<\/tbody>\n<\/table>","protected":false},"excerpt":{"rendered":"<p>AP-100-SM \u00e8 una macchina tampografica da tavolo con corsa su\/gi\u00f9 e fronte\/retro servoassistita. Tutte le operazioni possono essere regolate e programmate tramite il touch screen e controllate da un PLC di marca. Questa macchina per la stampa a tampone ha prestazioni di lavoro stabili ed \u00e8 in grado di ottenere una stampa di alta precisione. La dimensione del calamaio di questa stampante a tampone \u00e8 di 90x100 mm e la dimensione del piatto di stampa \u00e8 di 100x215 mm. \u00c8 ampiamente utilizzata per la stampa di piccole parti, soprattutto quelle di alta qualit\u00e0 come i componenti automobilistici ed elettronici. Questa macchina tampografica da tavolo \u00e8 adatta anche per essere integrata nelle linee di produzione.<\/p>","protected":false},"featured_media":1369,"template":"","meta":[],"product_brand":[],"product_cat":[23],"product_tag":[],"class_list":{"0":"post-561","1":"product","2":"type-product","3":"status-publish","4":"has-post-thumbnail","6":"product_cat-pad-printing-machine","8":"first","9":"instock","10":"shipping-taxable","11":"product-type-simple"},"yoast_head":"<!-- This site is optimized with the Yoast SEO plugin v27.4 - https:\/\/yoast.com\/product\/yoast-seo-wordpress\/ -->\n<title>Servo Tabletop One Color Pad Printing Machine with High-Quality<\/title>\n<meta name=\"description\" content=\"AP-100-SM is a tabletop pad printing machine with an up\/down drive and front\/rear drive, all driven by servo motors.\" \/>\n<meta name=\"robots\" content=\"index, follow, max-snippet:-1, max-image-preview:large, max-video-preview:-1\" \/>\n<link rel=\"canonical\" href=\"https:\/\/autoprintmachine.com\/it\/macchina-per-la-stampa-tampografica-monocolore-da-tavolo-servoassistita\/\" \/>\n<meta property=\"og:locale\" content=\"it_IT\" \/>\n<meta property=\"og:type\" content=\"article\" \/>\n<meta property=\"og:title\" content=\"Servo Tabletop One Color Pad Printing Machine with High-Quality\" \/>\n<meta property=\"og:description\" content=\"AP-100-SM is a tabletop pad printing machine with an up\/down drive and front\/rear drive, all driven by servo motors.\" \/>\n<meta property=\"og:url\" content=\"https:\/\/autoprintmachine.com\/it\/macchina-per-la-stampa-tampografica-monocolore-da-tavolo-servoassistita\/\" \/>\n<meta property=\"article:publisher\" content=\"https:\/\/www.facebook.com\/autoprinttech\/\" \/>\n<meta property=\"article:modified_time\" content=\"2026-01-06T05:18:35+00:00\" \/>\n<meta property=\"og:image\" content=\"https:\/\/autoprintmachine.com\/wp-content\/uploads\/2022\/03\/125-1-SM.jpg\" \/>\n\t<meta property=\"og:image:width\" content=\"600\" \/>\n\t<meta property=\"og:image:height\" content=\"600\" \/>\n\t<meta property=\"og:image:type\" content=\"image\/jpeg\" \/>\n<meta name=\"twitter:card\" content=\"summary_large_image\" \/>\n<meta name=\"twitter:label1\" content=\"Est. reading time\" \/>\n\t<meta name=\"twitter:data1\" content=\"2 minuti\" \/>\n<script type=\"application\/ld+json\" class=\"yoast-schema-graph\">{\"@context\":\"https:\\\/\\\/schema.org\",\"@graph\":[{\"@type\":\"WebPage\",\"@id\":\"https:\\\/\\\/autoprintmachine.com\\\/servo-driven-tabletop-one-color-pad-printing-machine\\\/\",\"url\":\"https:\\\/\\\/autoprintmachine.com\\\/servo-driven-tabletop-one-color-pad-printing-machine\\\/\",\"name\":\"Servo Tabletop One Color Pad Printing Machine with High-Quality\",\"isPartOf\":{\"@id\":\"https:\\\/\\\/autoprintmachine.com\\\/#website\"},\"primaryImageOfPage\":{\"@id\":\"https:\\\/\\\/autoprintmachine.com\\\/servo-driven-tabletop-one-color-pad-printing-machine\\\/#primaryimage\"},\"image\":{\"@id\":\"https:\\\/\\\/autoprintmachine.com\\\/servo-driven-tabletop-one-color-pad-printing-machine\\\/#primaryimage\"},\"thumbnailUrl\":\"https:\\\/\\\/autoprintmachine.com\\\/wp-content\\\/uploads\\\/2022\\\/03\\\/125-1-SM.jpg\",\"datePublished\":\"2020-09-19T03:02:20+00:00\",\"dateModified\":\"2026-01-06T05:18:35+00:00\",\"description\":\"AP-100-SM is a tabletop pad printing machine with an up\\\/down drive and front\\\/rear drive, all driven by servo motors.\",\"breadcrumb\":{\"@id\":\"https:\\\/\\\/autoprintmachine.com\\\/servo-driven-tabletop-one-color-pad-printing-machine\\\/#breadcrumb\"},\"inLanguage\":\"it-IT\",\"potentialAction\":[{\"@type\":\"ReadAction\",\"target\":[\"https:\\\/\\\/autoprintmachine.com\\\/servo-driven-tabletop-one-color-pad-printing-machine\\\/\"]}]},{\"@type\":\"ImageObject\",\"inLanguage\":\"it-IT\",\"@id\":\"https:\\\/\\\/autoprintmachine.com\\\/servo-driven-tabletop-one-color-pad-printing-machine\\\/#primaryimage\",\"url\":\"https:\\\/\\\/autoprintmachine.com\\\/wp-content\\\/uploads\\\/2022\\\/03\\\/125-1-SM.jpg\",\"contentUrl\":\"https:\\\/\\\/autoprintmachine.com\\\/wp-content\\\/uploads\\\/2022\\\/03\\\/125-1-SM.jpg\",\"width\":600,\"height\":600,\"caption\":\"125 1 SM\"},{\"@type\":\"BreadcrumbList\",\"@id\":\"https:\\\/\\\/autoprintmachine.com\\\/servo-driven-tabletop-one-color-pad-printing-machine\\\/#breadcrumb\",\"itemListElement\":[{\"@type\":\"ListItem\",\"position\":1,\"name\":\"Home\",\"item\":\"https:\\\/\\\/autoprintmachine.com\\\/\"},{\"@type\":\"ListItem\",\"position\":2,\"name\":\"Products\",\"item\":\"https:\\\/\\\/autoprintmachine.com\\\/shop\\\/\"},{\"@type\":\"ListItem\",\"position\":3,\"name\":\"Servo Driven Tabletop One Color Pad Printing Machine\"}]},{\"@type\":\"WebSite\",\"@id\":\"https:\\\/\\\/autoprintmachine.com\\\/#website\",\"url\":\"https:\\\/\\\/autoprintmachine.com\\\/\",\"name\":\"\",\"description\":\"\",\"publisher\":{\"@id\":\"https:\\\/\\\/autoprintmachine.com\\\/#organization\"},\"potentialAction\":[{\"@type\":\"SearchAction\",\"target\":{\"@type\":\"EntryPoint\",\"urlTemplate\":\"https:\\\/\\\/autoprintmachine.com\\\/?s={search_term_string}\"},\"query-input\":{\"@type\":\"PropertyValueSpecification\",\"valueRequired\":true,\"valueName\":\"search_term_string\"}}],\"inLanguage\":\"it-IT\"},{\"@type\":\"Organization\",\"@id\":\"https:\\\/\\\/autoprintmachine.com\\\/#organization\",\"name\":\"Dongguan Auto Print Tech Co., Ltd\",\"url\":\"https:\\\/\\\/autoprintmachine.com\\\/\",\"logo\":{\"@type\":\"ImageObject\",\"inLanguage\":\"it-IT\",\"@id\":\"https:\\\/\\\/autoprintmachine.com\\\/#\\\/schema\\\/logo\\\/image\\\/\",\"url\":\"https:\\\/\\\/autoprintmachine.com\\\/wp-content\\\/uploads\\\/2023\\\/06\\\/screen_printing_logo_new.webp\",\"contentUrl\":\"https:\\\/\\\/autoprintmachine.com\\\/wp-content\\\/uploads\\\/2023\\\/06\\\/screen_printing_logo_new.webp\",\"width\":890,\"height\":750,\"caption\":\"Dongguan Auto Print Tech Co., Ltd\"},\"image\":{\"@id\":\"https:\\\/\\\/autoprintmachine.com\\\/#\\\/schema\\\/logo\\\/image\\\/\"},\"sameAs\":[\"https:\\\/\\\/www.facebook.com\\\/autoprinttech\\\/\",\"https:\\\/\\\/www.youtube.com\\\/channel\\\/UCJtPGiBbQWGE2DZLxySpCtw\"]}]}<\/script>\n<!-- \/ Yoast SEO plugin. -->","yoast_head_json":{"title":"Servo da tavolo un colore tampografia macchina con alta qualit\u00e0","description":"AP-100-SM \u00e8 una macchina tampografica da tavolo con un azionamento verso l'alto\/il basso e un azionamento anteriore\/posteriore, tutti azionati da servomotori.","robots":{"index":"index","follow":"follow","max-snippet":"max-snippet:-1","max-image-preview":"max-image-preview:large","max-video-preview":"max-video-preview:-1"},"canonical":"https:\/\/autoprintmachine.com\/it\/macchina-per-la-stampa-tampografica-monocolore-da-tavolo-servoassistita\/","og_locale":"it_IT","og_type":"article","og_title":"Servo Tabletop One Color Pad Printing Machine with High-Quality","og_description":"AP-100-SM is a tabletop pad printing machine with an up\/down drive and front\/rear drive, all driven by servo motors.","og_url":"https:\/\/autoprintmachine.com\/it\/macchina-per-la-stampa-tampografica-monocolore-da-tavolo-servoassistita\/","article_publisher":"https:\/\/www.facebook.com\/autoprinttech\/","article_modified_time":"2026-01-06T05:18:35+00:00","og_image":[{"width":600,"height":600,"url":"https:\/\/autoprintmachine.com\/wp-content\/uploads\/2022\/03\/125-1-SM.jpg","type":"image\/jpeg"}],"twitter_card":"summary_large_image","twitter_misc":{"Est. reading time":"2 minuti"},"schema":{"@context":"https:\/\/schema.org","@graph":[{"@type":"WebPage","@id":"https:\/\/autoprintmachine.com\/servo-driven-tabletop-one-color-pad-printing-machine\/","url":"https:\/\/autoprintmachine.com\/servo-driven-tabletop-one-color-pad-printing-machine\/","name":"Servo da tavolo un colore tampografia macchina con alta qualit\u00e0","isPartOf":{"@id":"https:\/\/autoprintmachine.com\/#website"},"primaryImageOfPage":{"@id":"https:\/\/autoprintmachine.com\/servo-driven-tabletop-one-color-pad-printing-machine\/#primaryimage"},"image":{"@id":"https:\/\/autoprintmachine.com\/servo-driven-tabletop-one-color-pad-printing-machine\/#primaryimage"},"thumbnailUrl":"https:\/\/autoprintmachine.com\/wp-content\/uploads\/2022\/03\/125-1-SM.jpg","datePublished":"2020-09-19T03:02:20+00:00","dateModified":"2026-01-06T05:18:35+00:00","description":"AP-100-SM \u00e8 una macchina tampografica da tavolo con un azionamento verso l'alto\/il basso e un azionamento anteriore\/posteriore, tutti azionati da servomotori.","breadcrumb":{"@id":"https:\/\/autoprintmachine.com\/servo-driven-tabletop-one-color-pad-printing-machine\/#breadcrumb"},"inLanguage":"it-IT","potentialAction":[{"@type":"ReadAction","target":["https:\/\/autoprintmachine.com\/servo-driven-tabletop-one-color-pad-printing-machine\/"]}]},{"@type":"ImageObject","inLanguage":"it-IT","@id":"https:\/\/autoprintmachine.com\/servo-driven-tabletop-one-color-pad-printing-machine\/#primaryimage","url":"https:\/\/autoprintmachine.com\/wp-content\/uploads\/2022\/03\/125-1-SM.jpg","contentUrl":"https:\/\/autoprintmachine.com\/wp-content\/uploads\/2022\/03\/125-1-SM.jpg","width":600,"height":600,"caption":"125 1 SM"},{"@type":"BreadcrumbList","@id":"https:\/\/autoprintmachine.com\/servo-driven-tabletop-one-color-pad-printing-machine\/#breadcrumb","itemListElement":[{"@type":"ListItem","position":1,"name":"Home","item":"https:\/\/autoprintmachine.com\/"},{"@type":"ListItem","position":2,"name":"Products","item":"https:\/\/autoprintmachine.com\/shop\/"},{"@type":"ListItem","position":3,"name":"Servo Driven Tabletop One Color Pad Printing Machine"}]},{"@type":"WebSite","@id":"https:\/\/autoprintmachine.com\/#website","url":"https:\/\/autoprintmachine.com\/","name":"","description":"","publisher":{"@id":"https:\/\/autoprintmachine.com\/#organization"},"potentialAction":[{"@type":"SearchAction","target":{"@type":"EntryPoint","urlTemplate":"https:\/\/autoprintmachine.com\/?s={search_term_string}"},"query-input":{"@type":"PropertyValueSpecification","valueRequired":true,"valueName":"search_term_string"}}],"inLanguage":"it-IT"},{"@type":"Organization","@id":"https:\/\/autoprintmachine.com\/#organization","name":"Dongguan Auto Print Tech Co., Ltd","url":"https:\/\/autoprintmachine.com\/","logo":{"@type":"ImageObject","inLanguage":"it-IT","@id":"https:\/\/autoprintmachine.com\/#\/schema\/logo\/image\/","url":"https:\/\/autoprintmachine.com\/wp-content\/uploads\/2023\/06\/screen_printing_logo_new.webp","contentUrl":"https:\/\/autoprintmachine.com\/wp-content\/uploads\/2023\/06\/screen_printing_logo_new.webp","width":890,"height":750,"caption":"Dongguan Auto Print Tech Co., Ltd"},"image":{"@id":"https:\/\/autoprintmachine.com\/#\/schema\/logo\/image\/"},"sameAs":["https:\/\/www.facebook.com\/autoprinttech\/","https:\/\/www.youtube.com\/channel\/UCJtPGiBbQWGE2DZLxySpCtw"]}]}},"_links":{"self":[{"href":"https:\/\/autoprintmachine.com\/it\/wp-json\/wp\/v2\/product\/561","targetHints":{"allow":["GET"]}}],"collection":[{"href":"https:\/\/autoprintmachine.com\/it\/wp-json\/wp\/v2\/product"}],"about":[{"href":"https:\/\/autoprintmachine.com\/it\/wp-json\/wp\/v2\/types\/product"}],"wp:featuredmedia":[{"embeddable":true,"href":"https:\/\/autoprintmachine.com\/it\/wp-json\/wp\/v2\/media\/1369"}],"wp:attachment":[{"href":"https:\/\/autoprintmachine.com\/it\/wp-json\/wp\/v2\/media?parent=561"}],"wp:term":[{"taxonomy":"product_brand","embeddable":true,"href":"https:\/\/autoprintmachine.com\/it\/wp-json\/wp\/v2\/product_brand?post=561"},{"taxonomy":"product_cat","embeddable":true,"href":"https:\/\/autoprintmachine.com\/it\/wp-json\/wp\/v2\/product_cat?post=561"},{"taxonomy":"product_tag","embeddable":true,"href":"https:\/\/autoprintmachine.com\/it\/wp-json\/wp\/v2\/product_tag?post=561"}],"curies":[{"name":"wp","href":"https:\/\/api.w.org\/{rel}","templated":true}]}}