{"id":38,"date":"2020-02-07T07:03:33","date_gmt":"2020-02-07T07:03:33","guid":{"rendered":"https:\/\/f.seowaimao.com\/?page_id=38"},"modified":"2020-02-07T07:31:19","modified_gmt":"2020-02-07T07:31:19","slug":"faq","status":"publish","type":"page","link":"https:\/\/autoprintmachine.com\/pt\/perguntas-frequentes\/","title":{"rendered":"PERGUNTAS FREQUENTES"},"content":{"rendered":"<section class=\"section\" id=\"section_241767531\">\n\t\t<div class=\"section-bg fill\" >\n\t\t\t\t\t\t\t\t\t\n\t\t\t\n\n\t\t<\/div>\n\n\t\t\n\n\t\t<div class=\"section-content relative\">\n\t\t\t\n<div class=\"row\"  id=\"row-1911289433\">\n\n\t<div id=\"col-2013224953\" class=\"col small-12 large-12\"  >\n\t\t\t\t<div class=\"col-inner\"  >\n\t\t\t\n\t\t\t\n<div class=\"accordion\">\n\t<div id=\"accordion-1678192541\" class=\"accordion-item\">\n\t\t<a id=\"accordion-1678192541-label\" class=\"accordion-title plain active\" href=\"#accordion-item-can-i-cancel-or-change-an-existing-order?\" aria-expanded=\"true\" aria-controls=\"accordion-1678192541-content\" >\n\t\t\t<button class=\"toggle\" aria-label=\"Alternar\"><i class=\"icon-angle-down\"><\/i><\/button>\n\t\t\t<span>Posso cancelar ou alterar um pedido existente?<\/span>\n\t\t<\/a>\n\t\t<div id=\"accordion-1678192541-content\" class=\"accordion-inner\" style=\"display: block;\" aria-labelledby=\"accordion-1678192541-label\" >\n\t\t\t\n<p>Lorem ipsum dolor sit amet, consectetuer adipiscing elit, sed Lorem ipsum dolor sit amet, consectetuer adipiscing elit, sed Lorem ipsum dolor sit amet, consectetuer adipiscing elit, sed Lorem ipsum dolor sit amet, consectetuer adipiscing elit, sed Lorem ipsum dolor sit amet, consectetuer adipiscing elit, sed diam nonummy nibh euismod tincidunt ut laoreet dolore magna aliquam erat volutpat.<\/p>\n\t\t<\/div>\n\t<\/div>\n\t\n\t<div id=\"accordion-1460169661\" class=\"accordion-item\">\n\t\t<a id=\"accordion-1460169661-label\" class=\"accordion-title plain\" href=\"#accordion-item-how-much-will-shipping-cost-and-what-methods-do-you-offer?\" aria-expanded=\"false\" aria-controls=\"accordion-1460169661-content\" >\n\t\t\t<button class=\"toggle\" aria-label=\"Alternar\"><i class=\"icon-angle-down\"><\/i><\/button>\n\t\t\t<span>Quanto custar\u00e1 o frete e quais m\u00e9todos voc\u00eas oferecem?<\/span>\n\t\t<\/a>\n\t\t<div id=\"accordion-1460169661-content\" class=\"accordion-inner\" aria-labelledby=\"accordion-1460169661-label\" >\n\t\t\t\n<p>222<\/p>\n\t\t<\/div>\n\t<\/div>\n\t\n\t<div id=\"accordion-1586159353\" class=\"accordion-item\">\n\t\t<a id=\"accordion-1586159353-label\" class=\"accordion-title plain\" href=\"#accordion-item-what-freight-companies-do-you-use?\" aria-expanded=\"false\" aria-controls=\"accordion-1586159353-content\" >\n\t\t\t<button class=\"toggle\" aria-label=\"Alternar\"><i class=\"icon-angle-down\"><\/i><\/button>\n\t\t\t<span>Quais empresas de frete voc\u00ea usa?<\/span>\n\t\t<\/a>\n\t\t<div id=\"accordion-1586159353-content\" class=\"accordion-inner\" aria-labelledby=\"accordion-1586159353-label\" >\n\t\t\t\n<p>33<\/p>\n\t\t<\/div>\n\t<\/div>\n\t\n\t<div id=\"accordion-876921171\" class=\"accordion-item\">\n\t\t<a id=\"accordion-876921171-label\" class=\"accordion-title plain\" href=\"#accordion-item-when-will-my-order-be-shipped?\" aria-expanded=\"false\" aria-controls=\"accordion-876921171-content\" >\n\t\t\t<button class=\"toggle\" aria-label=\"Alternar\"><i class=\"icon-angle-down\"><\/i><\/button>\n\t\t\t<span>Quando meu pedido ser\u00e1 enviado?<\/span>\n\t\t<\/a>\n\t\t<div id=\"accordion-876921171-content\" class=\"accordion-inner\" aria-labelledby=\"accordion-876921171-label\" >\n\t\t\t\n<p>44<\/p>\n\t\t<\/div>\n\t<\/div>\n\t\n\t<div id=\"accordion-1955333274\" class=\"accordion-item\">\n\t\t<a id=\"accordion-1955333274-label\" class=\"accordion-title plain\" href=\"#accordion-item-do-you-offer-discounts-on-large-orders?\" aria-expanded=\"false\" aria-controls=\"accordion-1955333274-content\" >\n\t\t\t<button class=\"toggle\" aria-label=\"Alternar\"><i class=\"icon-angle-down\"><\/i><\/button>\n\t\t\t<span>Voc\u00eas oferecem descontos para pedidos grandes?<\/span>\n\t\t<\/a>\n\t\t<div id=\"accordion-1955333274-content\" class=\"accordion-inner\" aria-labelledby=\"accordion-1955333274-label\" >\n\t\t\t\n<p>55<\/p>\n\t\t<\/div>\n\t<\/div>\n\t\n\t<div id=\"accordion-2792751711\" class=\"accordion-item\">\n\t\t<a id=\"accordion-2792751711-label\" class=\"accordion-title plain\" href=\"#accordion-item-i-just-placed-my-order,-is-it-possible-to-change-my-shipping-service?\" aria-expanded=\"false\" aria-controls=\"accordion-2792751711-content\" >\n\t\t\t<button class=\"toggle\" aria-label=\"Alternar\"><i class=\"icon-angle-down\"><\/i><\/button>\n\t\t\t<span>Acabei de fazer meu pedido, \u00e9 poss\u00edvel alterar meu servi\u00e7o de remessa?<\/span>\n\t\t<\/a>\n\t\t<div id=\"accordion-2792751711-content\" class=\"accordion-inner\" aria-labelledby=\"accordion-2792751711-label\" >\n\t\t\t\n<p>66<\/p>\n\t\t<\/div>\n\t<\/div>\n\t\n\t<div id=\"accordion-2311464488\" class=\"accordion-item\">\n\t\t<a id=\"accordion-2311464488-label\" class=\"accordion-title plain\" href=\"#accordion-item-how-can-i-get-my-tracking-number?\" aria-expanded=\"false\" aria-controls=\"accordion-2311464488-content\" >\n\t\t\t<button class=\"toggle\" aria-label=\"Alternar\"><i class=\"icon-angle-down\"><\/i><\/button>\n\t\t\t<span>Como posso obter meu n\u00famero de rastreamento?<\/span>\n\t\t<\/a>\n\t\t<div id=\"accordion-2311464488-content\" class=\"accordion-inner\" aria-labelledby=\"accordion-2311464488-label\" >\n\t\t\t\n<p>7<\/p>\n\t\t<\/div>\n\t<\/div>\n\t\n\t<div id=\"accordion-3380576507\" class=\"accordion-item\">\n\t\t<a id=\"accordion-3380576507-label\" class=\"accordion-title plain\" href=\"#accordion-item-what-happens-if-a-package-is-damaged-during-shipping?\" aria-expanded=\"false\" aria-controls=\"accordion-3380576507-content\" >\n\t\t\t<button class=\"toggle\" aria-label=\"Alternar\"><i class=\"icon-angle-down\"><\/i><\/button>\n\t\t\t<span>O que acontece se um pacote for danificado durante o envio?<\/span>\n\t\t<\/a>\n\t\t<div id=\"accordion-3380576507-content\" class=\"accordion-inner\" aria-labelledby=\"accordion-3380576507-label\" >\n\t\t\t\n<p>7<\/p>\n\t\t<\/div>\n\t<\/div>\n\t\n\t<div id=\"accordion-675694414\" class=\"accordion-item\">\n\t\t<a id=\"accordion-675694414-label\" class=\"accordion-title plain\" href=\"#accordion-item-what-is-your-return-policy?\" aria-expanded=\"false\" aria-controls=\"accordion-675694414-content\" >\n\t\t\t<button class=\"toggle\" aria-label=\"Alternar\"><i class=\"icon-angle-down\"><\/i><\/button>\n\t\t\t<span>Qual \u00e9 sua pol\u00edtica de devolu\u00e7\u00e3o?<\/span>\n\t\t<\/a>\n\t\t<div id=\"accordion-675694414-content\" class=\"accordion-inner\" aria-labelledby=\"accordion-675694414-label\" >\n\t\t\t\n<p>8<\/p>\n\t\t<\/div>\n\t<\/div>\n\t\n\t<div id=\"accordion-2890719917\" class=\"accordion-item\">\n\t\t<a id=\"accordion-2890719917-label\" class=\"accordion-title plain\" href=\"#accordion-item-what-methods-of-payment-do-you-accept?\" aria-expanded=\"false\" aria-controls=\"accordion-2890719917-content\" >\n\t\t\t<button class=\"toggle\" aria-label=\"Alternar\"><i class=\"icon-angle-down\"><\/i><\/button>\n\t\t\t<span>Quais m\u00e9todos de pagamento s\u00e3o aceitos?<\/span>\n\t\t<\/a>\n\t\t<div id=\"accordion-2890719917-content\" class=\"accordion-inner\" aria-labelledby=\"accordion-2890719917-label\" >\n\t\t\t\n<p>9<\/p>\n\t\t<\/div>\n\t<\/div>\n\t\n\t<div id=\"accordion-3269980071\" class=\"accordion-item\">\n\t\t<a id=\"accordion-3269980071-label\" class=\"accordion-title plain\" href=\"#accordion-item-what-form-of-currency-are-your-prices-in?\" aria-expanded=\"false\" aria-controls=\"accordion-3269980071-content\" >\n\t\t\t<button class=\"toggle\" aria-label=\"Alternar\"><i class=\"icon-angle-down\"><\/i><\/button>\n\t\t\t<span>Em que moeda est\u00e3o seus pre\u00e7os?<\/span>\n\t\t<\/a>\n\t\t<div id=\"accordion-3269980071-content\" class=\"accordion-inner\" aria-labelledby=\"accordion-3269980071-label\" >\n\t\t\t\n<p>10<\/p>\n\t\t<\/div>\n\t<\/div>\n\t\n\t<div id=\"accordion-384933714\" class=\"accordion-item\">\n\t\t<a id=\"accordion-384933714-label\" class=\"accordion-title plain\" href=\"#accordion-item-do-you-offer-purchases-on-credit?\" aria-expanded=\"false\" aria-controls=\"accordion-384933714-content\" >\n\t\t\t<button class=\"toggle\" aria-label=\"Alternar\"><i class=\"icon-angle-down\"><\/i><\/button>\n\t\t\t<span>Voc\u00eas oferecem compras a cr\u00e9dito?<\/span>\n\t\t<\/a>\n\t\t<div id=\"accordion-384933714-content\" class=\"accordion-inner\" aria-labelledby=\"accordion-384933714-label\" >\n\t\t\t\n<p>11<\/p>\n\t\t<\/div>\n\t<\/div>\n\t\n\t<div id=\"accordion-1895224969\" class=\"accordion-item\">\n\t\t<a id=\"accordion-1895224969-label\" class=\"accordion-title plain\" href=\"#accordion-item-how-do-i-know-if-the-product-i-want-is-in-stock?\" aria-expanded=\"false\" aria-controls=\"accordion-1895224969-content\" >\n\t\t\t<button class=\"toggle\" aria-label=\"Alternar\"><i class=\"icon-angle-down\"><\/i><\/button>\n\t\t\t<span>Como posso saber se o produto que desejo est\u00e1 em estoque?<\/span>\n\t\t<\/a>\n\t\t<div id=\"accordion-1895224969-content\" class=\"accordion-inner\" aria-labelledby=\"accordion-1895224969-label\" >\n\t\t\t\n<p>1111<\/p>\n\t\t<\/div>\n\t<\/div>\n\t\n\t<div id=\"accordion-3330610414\" class=\"accordion-item\">\n\t\t<a id=\"accordion-3330610414-label\" class=\"accordion-title plain\" href=\"#accordion-item-do-you-offer-discounted-products?\" aria-expanded=\"false\" aria-controls=\"accordion-3330610414-content\" >\n\t\t\t<button class=\"toggle\" aria-label=\"Alternar\"><i class=\"icon-angle-down\"><\/i><\/button>\n\t\t\t<span>Voc\u00eas oferecem produtos com desconto?<\/span>\n\t\t<\/a>\n\t\t<div id=\"accordion-3330610414-content\" class=\"accordion-inner\" aria-labelledby=\"accordion-3330610414-label\" >\n\t\t\t\n<p>111<\/p>\n\t\t<\/div>\n\t<\/div>\n\t\n\t<div id=\"accordion-3619200037\" class=\"accordion-item\">\n\t\t<a id=\"accordion-3619200037-label\" class=\"accordion-title plain\" href=\"#accordion-item-what-type-of-warranty-comes-with-the-purchase-of-my-products?\" aria-expanded=\"false\" aria-controls=\"accordion-3619200037-content\" >\n\t\t\t<button class=\"toggle\" aria-label=\"Alternar\"><i class=\"icon-angle-down\"><\/i><\/button>\n\t\t\t<span>Que tipo de garantia acompanha a compra de meus produtos?<\/span>\n\t\t<\/a>\n\t\t<div id=\"accordion-3619200037-content\" class=\"accordion-inner\" aria-labelledby=\"accordion-3619200037-label\" >\n\t\t\t\n<p>111<\/p>\n\t\t<\/div>\n\t<\/div>\n\t\n\t<div id=\"accordion-4086165153\" class=\"accordion-item\">\n\t\t<a id=\"accordion-4086165153-label\" class=\"accordion-title plain\" href=\"#accordion-item-where-can-i-find-the-dimensions-for-my-products?\" aria-expanded=\"false\" aria-controls=\"accordion-4086165153-content\" >\n\t\t\t<button class=\"toggle\" aria-label=\"Alternar\"><i class=\"icon-angle-down\"><\/i><\/button>\n\t\t\t<span>Onde posso encontrar as dimens\u00f5es dos meus produtos?<\/span>\n\t\t<\/a>\n\t\t<div id=\"accordion-4086165153-content\" class=\"accordion-inner\" aria-labelledby=\"accordion-4086165153-label\" >\n\t\t\t\n<p>111<\/p>\n\t\t<\/div>\n\t<\/div>\n\t\n<\/div>\n\t\t<\/div>\n\t\t\t\t\t<\/div>\n\n\t\n<\/div>\n\t\t<\/div>\n\n\t\t\n<style>\n#section_241767531 {\n  padding-top: 30px;\n  padding-bottom: 30px;\n}\n<\/style>\n\t<\/section>\n\t\n\n\t<section class=\"section\" id=\"section_391720746\">\n\t\t<div class=\"section-bg fill\" >\n\t\t\t\t\t\t\t\t\t\n\t\t\t\n\n\t\t<\/div>\n\n\t\t\n\n\t\t<div class=\"section-content relative\">\n\t\t\t\n\t\t<\/div>\n\n\t\t\n<style>\n#section_391720746 {\n  padding-top: 30px;\n  padding-bottom: 30px;\n}\n<\/style>\n\t<\/section>\n\t\n\n\t<section class=\"section\" id=\"section_432862708\">\n\t\t<div class=\"section-bg fill\" >\n\t\t\t\t\t\t\t\t\t\n\t\t\t\n\n\t\t<\/div>\n\n\t\t\n\n\t\t<div class=\"section-content relative\">\n\t\t\t\n\t\t<\/div>\n\n\t\t\n<style>\n#section_432862708 {\n  padding-top: 30px;\n  padding-bottom: 30px;\n}\n<\/style>\n\t<\/section>\n\t\n\n\t<section class=\"section\" id=\"section_205642046\">\n\t\t<div class=\"section-bg fill\" >\n\t\t\t\t\t\t\t\t\t\n\t\t\t\n\n\t\t<\/div>\n\n\t\t\n\n\t\t<div class=\"section-content relative\">\n\t\t\t\n\t\t<\/div>\n\n\t\t\n<style>\n#section_205642046 {\n  padding-top: 30px;\n  padding-bottom: 30px;\n}\n<\/style>\n\t<\/section>\n\t\n\n\t<section class=\"section\" id=\"section_1975201476\">\n\t\t<div class=\"section-bg fill\" >\n\t\t\t\t\t\t\t\t\t\n\t\t\t\n\n\t\t<\/div>\n\n\t\t\n\n\t\t<div class=\"section-content relative\">\n\t\t\t\n\t\t<\/div>\n\n\t\t\n<style>\n#section_1975201476 {\n  padding-top: 30px;\n  padding-bottom: 30px;\n}\n<\/style>\n\t<\/section>","protected":false},"excerpt":{"rendered":"","protected":false},"author":1,"featured_media":0,"parent":0,"menu_order":0,"comment_status":"closed","ping_status":"closed","template":"page-blank.php","meta":{"footnotes":""},"class_list":["post-38","page","type-page","status-publish","hentry"],"acf":[],"yoast_head":"<!-- This site is optimized with the Yoast SEO plugin v23.9 - https:\/\/yoast.com\/wordpress\/plugins\/seo\/ -->\n<title>FAQ -<\/title>\n<meta name=\"robots\" content=\"index, follow, max-snippet:-1, max-image-preview:large, max-video-preview:-1\" \/>\n<link rel=\"canonical\" href=\"https:\/\/autoprintmachine.com\/pt\/perguntas-frequentes\/\" \/>\n<meta property=\"og:locale\" content=\"pt_BR\" \/>\n<meta property=\"og:type\" content=\"article\" \/>\n<meta property=\"og:title\" content=\"FAQ -\" \/>\n<meta property=\"og:url\" content=\"https:\/\/autoprintmachine.com\/pt\/perguntas-frequentes\/\" \/>\n<meta property=\"article:publisher\" content=\"https:\/\/www.facebook.com\/autoprinttech\/\" \/>\n<meta property=\"article:modified_time\" content=\"2020-02-07T07:31:19+00:00\" \/>\n<meta name=\"twitter:card\" content=\"summary_large_image\" \/>\n<meta name=\"twitter:label1\" content=\"Est. tempo de leitura\" \/>\n\t<meta name=\"twitter:data1\" content=\"1 minuto\" \/>\n<script type=\"application\/ld+json\" class=\"yoast-schema-graph\">{\"@context\":\"https:\/\/schema.org\",\"@graph\":[{\"@type\":\"WebPage\",\"@id\":\"https:\/\/autoprintmachine.com\/faq\/\",\"url\":\"https:\/\/autoprintmachine.com\/faq\/\",\"name\":\"FAQ -\",\"isPartOf\":{\"@id\":\"https:\/\/autoprintmachine.com\/#website\"},\"datePublished\":\"2020-02-07T07:03:33+00:00\",\"dateModified\":\"2020-02-07T07:31:19+00:00\",\"breadcrumb\":{\"@id\":\"https:\/\/autoprintmachine.com\/faq\/#breadcrumb\"},\"inLanguage\":\"pt-BR\",\"potentialAction\":[{\"@type\":\"ReadAction\",\"target\":[\"https:\/\/autoprintmachine.com\/faq\/\"]}]},{\"@type\":\"BreadcrumbList\",\"@id\":\"https:\/\/autoprintmachine.com\/faq\/#breadcrumb\",\"itemListElement\":[{\"@type\":\"ListItem\",\"position\":1,\"name\":\"Home\",\"item\":\"https:\/\/autoprintmachine.com\/\"},{\"@type\":\"ListItem\",\"position\":2,\"name\":\"FAQ\"}]},{\"@type\":\"WebSite\",\"@id\":\"https:\/\/autoprintmachine.com\/#website\",\"url\":\"https:\/\/autoprintmachine.com\/\",\"name\":\"\",\"description\":\"\",\"publisher\":{\"@id\":\"https:\/\/autoprintmachine.com\/#organization\"},\"potentialAction\":[{\"@type\":\"SearchAction\",\"target\":{\"@type\":\"EntryPoint\",\"urlTemplate\":\"https:\/\/autoprintmachine.com\/?s={search_term_string}\"},\"query-input\":{\"@type\":\"PropertyValueSpecification\",\"valueRequired\":true,\"valueName\":\"search_term_string\"}}],\"inLanguage\":\"pt-BR\"},{\"@type\":\"Organization\",\"@id\":\"https:\/\/autoprintmachine.com\/#organization\",\"name\":\"Dongguan Auto Print Tech Co., Ltd\",\"url\":\"https:\/\/autoprintmachine.com\/\",\"logo\":{\"@type\":\"ImageObject\",\"inLanguage\":\"pt-BR\",\"@id\":\"https:\/\/autoprintmachine.com\/#\/schema\/logo\/image\/\",\"url\":\"https:\/\/autoprintmachine.com\/wp-content\/uploads\/2023\/06\/screen_printing_logo_new.webp\",\"contentUrl\":\"https:\/\/autoprintmachine.com\/wp-content\/uploads\/2023\/06\/screen_printing_logo_new.webp\",\"width\":890,\"height\":750,\"caption\":\"Dongguan Auto Print Tech Co., Ltd\"},\"image\":{\"@id\":\"https:\/\/autoprintmachine.com\/#\/schema\/logo\/image\/\"},\"sameAs\":[\"https:\/\/www.facebook.com\/autoprinttech\/\",\"https:\/\/www.youtube.com\/channel\/UCJtPGiBbQWGE2DZLxySpCtw\"]}]}<\/script>\n<!-- \/ Yoast SEO plugin. -->","yoast_head_json":{"title":"FAQ -","robots":{"index":"index","follow":"follow","max-snippet":"max-snippet:-1","max-image-preview":"max-image-preview:large","max-video-preview":"max-video-preview:-1"},"canonical":"https:\/\/autoprintmachine.com\/pt\/perguntas-frequentes\/","og_locale":"pt_BR","og_type":"article","og_title":"FAQ -","og_url":"https:\/\/autoprintmachine.com\/pt\/perguntas-frequentes\/","article_publisher":"https:\/\/www.facebook.com\/autoprinttech\/","article_modified_time":"2020-02-07T07:31:19+00:00","twitter_card":"summary_large_image","twitter_misc":{"Est. tempo de leitura":"1 minuto"},"schema":{"@context":"https:\/\/schema.org","@graph":[{"@type":"WebPage","@id":"https:\/\/autoprintmachine.com\/faq\/","url":"https:\/\/autoprintmachine.com\/faq\/","name":"FAQ -","isPartOf":{"@id":"https:\/\/autoprintmachine.com\/#website"},"datePublished":"2020-02-07T07:03:33+00:00","dateModified":"2020-02-07T07:31:19+00:00","breadcrumb":{"@id":"https:\/\/autoprintmachine.com\/faq\/#breadcrumb"},"inLanguage":"pt-BR","potentialAction":[{"@type":"ReadAction","target":["https:\/\/autoprintmachine.com\/faq\/"]}]},{"@type":"BreadcrumbList","@id":"https:\/\/autoprintmachine.com\/faq\/#breadcrumb","itemListElement":[{"@type":"ListItem","position":1,"name":"Home","item":"https:\/\/autoprintmachine.com\/"},{"@type":"ListItem","position":2,"name":"FAQ"}]},{"@type":"WebSite","@id":"https:\/\/autoprintmachine.com\/#website","url":"https:\/\/autoprintmachine.com\/","name":"","description":"","publisher":{"@id":"https:\/\/autoprintmachine.com\/#organization"},"potentialAction":[{"@type":"SearchAction","target":{"@type":"EntryPoint","urlTemplate":"https:\/\/autoprintmachine.com\/?s={search_term_string}"},"query-input":{"@type":"PropertyValueSpecification","valueRequired":true,"valueName":"search_term_string"}}],"inLanguage":"pt-BR"},{"@type":"Organization","@id":"https:\/\/autoprintmachine.com\/#organization","name":"Dongguan Auto Print Tech Co., Ltd","url":"https:\/\/autoprintmachine.com\/","logo":{"@type":"ImageObject","inLanguage":"pt-BR","@id":"https:\/\/autoprintmachine.com\/#\/schema\/logo\/image\/","url":"https:\/\/autoprintmachine.com\/wp-content\/uploads\/2023\/06\/screen_printing_logo_new.webp","contentUrl":"https:\/\/autoprintmachine.com\/wp-content\/uploads\/2023\/06\/screen_printing_logo_new.webp","width":890,"height":750,"caption":"Dongguan Auto Print Tech Co., Ltd"},"image":{"@id":"https:\/\/autoprintmachine.com\/#\/schema\/logo\/image\/"},"sameAs":["https:\/\/www.facebook.com\/autoprinttech\/","https:\/\/www.youtube.com\/channel\/UCJtPGiBbQWGE2DZLxySpCtw"]}]}},"_links":{"self":[{"href":"https:\/\/autoprintmachine.com\/pt\/wp-json\/wp\/v2\/pages\/38","targetHints":{"allow":["GET"]}}],"collection":[{"href":"https:\/\/autoprintmachine.com\/pt\/wp-json\/wp\/v2\/pages"}],"about":[{"href":"https:\/\/autoprintmachine.com\/pt\/wp-json\/wp\/v2\/types\/page"}],"author":[{"embeddable":true,"href":"https:\/\/autoprintmachine.com\/pt\/wp-json\/wp\/v2\/users\/1"}],"replies":[{"embeddable":true,"href":"https:\/\/autoprintmachine.com\/pt\/wp-json\/wp\/v2\/comments?post=38"}],"version-history":[{"count":0,"href":"https:\/\/autoprintmachine.com\/pt\/wp-json\/wp\/v2\/pages\/38\/revisions"}],"wp:attachment":[{"href":"https:\/\/autoprintmachine.com\/pt\/wp-json\/wp\/v2\/media?parent=38"}],"curies":[{"name":"wp","href":"https:\/\/api.w.org\/{rel}","templated":true}]}}