{"id":2487,"date":"2025-06-06T06:29:43","date_gmt":"2025-06-06T06:29:43","guid":{"rendered":"https:\/\/autoprintmachine.com\/?post_type=product&#038;p=2487"},"modified":"2026-01-13T05:44:02","modified_gmt":"2026-01-13T05:44:02","slug":"unidade-de-exposicao-uv-ap-200w-para-impressao-de-cliches-em-bloco","status":"publish","type":"product","link":"https:\/\/autoprintmachine.com\/pt\/unidade-de-exposicao-uv-ap-200w-para-impressao-de-cliches-em-bloco\/","title":{"rendered":"Unidade de exposi\u00e7\u00e3o UV AP-200W para impress\u00e3o de clich\u00eas em bloco"},"content":{"rendered":"<section class=\"section\" id=\"section_185124870\">\n\t\t<div class=\"section-bg fill\" >\n\t\t\t\t\t\t\t\t\t\n\t\t\t\n\n\t\t<\/div>\n\n\t\t\n\n\t\t<div class=\"section-content relative\">\n\t\t\t\n<div class=\"row\"  id=\"row-1847611644\">\n\n\t<div id=\"col-1456750704\" class=\"col small-12 large-12\"  >\n\t\t\t\t<div class=\"col-inner\"  >\n\t\t\t\n\t\t\t\n<h2>Introdu\u00e7\u00e3o<\/h2>\n<p>A m\u00e1quina de exposi\u00e7\u00e3o de clich\u00ea AP-200W foi projetada para a fabrica\u00e7\u00e3o de chapas de a\u00e7o para tampografia. Ela adota tubos de l\u00e2mpada ultravioleta de 200W de alta efici\u00eancia. Tem as caracter\u00edsticas de exposi\u00e7\u00e3o uniforme, baixo consumo de energia e f\u00e1cil opera\u00e7\u00e3o. \u00c9 adequada para pequenas empresas de impress\u00e3o, est\u00fadios personalizados e processos de tampografia de precis\u00e3o.<\/p>\n\t\t<\/div>\n\t\t\t\t\t<\/div>\n\n\t\n<\/div>\n\t\t<\/div>\n\n\t\t\n<style>\n#section_185124870 {\n  padding-top: 30px;\n  padding-bottom: 30px;\n}\n<\/style>\n\t<\/section>\n\t\n\n\t<section class=\"section\" id=\"section_836291837\">\n\t\t<div class=\"section-bg fill\" >\n\t\t\t\t\t\t\t\t\t\n\t\t\t\n\n\t\t<\/div>\n\n\t\t\n\n\t\t<div class=\"section-content relative\">\n\t\t\t\n<div class=\"row\"  id=\"row-1412536482\">\n\n\t<div id=\"col-846971940\" class=\"col small-12 large-12\"  >\n\t\t\t\t<div class=\"col-inner\"  >\n\t\t\t\n\t\t\t\n<h2>Recursos principais<\/h2>\n<div class=\"row align-equal row-box-shadow-3 row-box-shadow-2-hover\"  id=\"row-350246545\">\n\n\n\n\t<div id=\"col-1060365314\" class=\"col medium-6 small-12 large-6\"  >\n\t\t\t\t<div class=\"col-inner\"  >\n\t\t\t\n\t\t\t\n<h3>1. Sistema de exposi\u00e7\u00e3o de alta efici\u00eancia<\/h3>\n<ul>\n<li>\n<p>Equipado com tubos de l\u00e2mpada ultravioleta de alta pot\u00eancia de 200 W, com um espectro est\u00e1vel (pico principal de 365 nm), garantindo a cura r\u00e1pida do revestimento fotossens\u00edvel da placa de a\u00e7o e tempo de v\u00e1cuo e tempo de exposi\u00e7\u00e3o ajust\u00e1veis (geralmente de 1 a 3 minutos).<\/p>\n<\/li>\n<\/ul>\n\t\t<\/div>\n\t\t\t\t\n<style>\n#col-1060365314 > .col-inner {\n  padding: 20px 20px 10px 20px;\n}\n<\/style>\n\t<\/div>\n\n\t\n\n\t<div id=\"col-2018814502\" class=\"col medium-6 small-12 large-6\"  >\n\t\t\t\t<div class=\"col-inner\"  >\n\t\t\t\n\t\t\t\n<h3>2. Estrutura compacta e durabilidade<\/h3>\n<ul>\n<li>\n<p>A m\u00e1quina \u00e9 constru\u00edda com uma estrutura de chapa met\u00e1lica leve medindo 800\u00d7630\u00d7260 mm (personaliz\u00e1vel), economizando espa\u00e7o e facilitando a movimenta\u00e7\u00e3o.<\/p>\n<\/li>\n<li>Equipado com uma mesa de trabalho a v\u00e1cuo, alta temperatura e resist\u00eancia a arranh\u00f5es, e uma capacidade de carga de at\u00e9 10 kg.<\/li>\n<\/ul>\n\t\t<\/div>\n\t\t\t\t\n<style>\n#col-2018814502 > .col-inner {\n  padding: 20px 20px 10px 20px;\n}\n<\/style>\n\t<\/div>\n\n\t\n\n<style>\n#row-350246545 > .col > .col-inner {\n  border-radius: 22px;\n}\n<\/style>\n<\/div>\n<div class=\"row align-equal row-box-shadow-3 row-box-shadow-2-hover\"  id=\"row-1659187669\">\n\n\t<div id=\"col-2006178742\" class=\"col medium-6 small-12 large-6\"  >\n\t\t\t\t<div class=\"col-inner\"  >\n\t\t\t\n\t\t\t\n<h3>3. Controle inteligente e seguran\u00e7a<\/h3>\n<ul>\n<li>\n<p>Um timer digital (0-9999 segundos) controla com precis\u00e3o o v\u00e1cuo e a exposi\u00e7\u00e3o e suporta a mem\u00f3ria de desligamento.<\/p>\n<\/li>\n<li>Prote\u00e7\u00e3o de seguran\u00e7a: Usa um microinterruptor mec\u00e2nico. Quando a tampa superior \u00e9 aberta, a energia do circuito principal \u00e9 imediatamente cortada para evitar vazamento de raios ultravioleta.<\/li>\n<\/ul>\n\t\t<\/div>\n\t\t\t\t\n<style>\n#col-2006178742 > .col-inner {\n  padding: 20px 20px 10px 20px;\n}\n<\/style>\n\t<\/div>\n\n\t\n\n\t<div id=\"col-2111738618\" class=\"col medium-6 small-12 large-6\"  >\n\t\t\t\t<div class=\"col-inner\"  >\n\t\t\t\n\t\t\t\n<h3>4. Ampla compatibilidade<\/h3>\n<ul>\n<li>Adequado para todos os tipos de chapas de a\u00e7o para tampografia (espessura de 0,3 a 10 mm) e chapas de pol\u00edmero (como lavagem com \u00e1gua e lavagem com \u00e1lcool).<\/li>\n<li>Equipado com uma fun\u00e7\u00e3o de v\u00e1cuo para garantir que a placa de a\u00e7o se encaixe perfeitamente no filme.<\/li>\n<\/ul>\n\t\t<\/div>\n\t\t\t\t\n<style>\n#col-2111738618 > .col-inner {\n  padding: 20px 20px 10px 20px;\n}\n<\/style>\n\t<\/div>\n\n\t\n\n<style>\n#row-1659187669 > .col > .col-inner {\n  border-radius: 22px;\n}\n<\/style>\n<\/div>\n\t\t<\/div>\n\t\t\t\t\t<\/div>\n\n\t\n<\/div>\n\t\t<\/div>\n\n\t\t\n<style>\n#section_836291837 {\n  padding-top: 30px;\n  padding-bottom: 30px;\n}\n<\/style>\n\t<\/section>\n\t\n\n\t<section class=\"section\" id=\"section_1826566004\">\n\t\t<div class=\"section-bg fill\" >\n\t\t\t\t\t\t\t\t\t\n\t\t\t\n\n\t\t<\/div>\n\n\t\t\n\n\t\t<div class=\"section-content relative\">\n\t\t\t\n<div class=\"row\"  id=\"row-1261381245\">\n\n\t<div id=\"col-1430212158\" class=\"col small-12 large-12\"  >\n\t\t\t\t<div class=\"col-inner\"  >\n\t\t\t\n\t\t\t\n<div class=\"specifications-container\">\n<h2>Especifica\u00e7\u00f5es da unidade de exposi\u00e7\u00e3o UV<\/h2>\n<table class=\"specifications-table\">\n<tbody>\n<tr>\n<th>Modelo n\u00ba.<\/th>\n<td>AP-200W<\/td>\n<\/tr>\n<tr>\n<th>M\u00e1ximo. Tamanho do clich\u00ea<\/th>\n<td>450 x 250 mm<\/td>\n<\/tr>\n<tr>\n<th>Dimens\u00f5es da mesa<\/th>\n<td>650 x 440 mm<\/td>\n<\/tr>\n<tr>\n<th>Pot\u00eancia UV total<\/th>\n<td>200W (vida \u00fatil \u2265 2000 horas)<\/td>\n<\/tr>\n<tr>\n<th>Temporizador<\/th>\n<td>Digital<\/td>\n<\/tr>\n<tr>\n<th>Tipo de l\u00e2mpada<\/th>\n<td>Tubos fluorescentes UV de alta pot\u00eancia Philips 5 x 40W<\/td>\n<\/tr>\n<tr>\n<th>Tens\u00e3o<\/th>\n<td>220\/110V 50Hz Monof\u00e1sico<\/td>\n<\/tr>\n<tr>\n<th>Dimens\u00f5es da unidade<\/th>\n<td>L800 x W630 x H260 mm<\/td>\n<\/tr>\n<tr>\n<th>Dimens\u00f5es da caixa<\/th>\n<td>C890 x L720 x A400 mm<\/td>\n<\/tr>\n<tr>\n<th>Peso l\u00edquido<\/th>\n<td>32,6 kg<\/td>\n<\/tr>\n<tr>\n<th>Peso bruto<\/th>\n<td>53,6 kg<\/td>\n<\/tr>\n<\/tbody>\n<\/table>\n<\/div>\n\t\t<\/div>\n\t\t\t\t\t<\/div>\n\n\t\n<\/div>\n\t\t<\/div>\n\n\t\t\n<style>\n#section_1826566004 {\n  padding-top: 30px;\n  padding-bottom: 30px;\n}\n<\/style>\n\t<\/section>\n\t\n\n\t<section class=\"section\" id=\"section_1836741095\">\n\t\t<div class=\"section-bg fill\" >\n\t\t\t\t\t\t\t\t\t\n\t\t\t\n\n\t\t<\/div>\n\n\t\t\n\n\t\t<div class=\"section-content relative\">\n\t\t\t\n<div class=\"row\"  id=\"row-1572890602\">\n\n\t<div id=\"col-1069559730\" class=\"col small-12 large-12\"  >\n\t\t\t\t<div class=\"col-inner\"  >\n\t\t\t\n\t\t\t\n<h2>Cen\u00e1rios de aplicativos<\/h2>\n<div class=\"row\"  id=\"row-1967429977\">\n\n\t<div id=\"col-641766283\" class=\"col small-12 large-12\"  >\n\t\t\t\t<div class=\"col-inner\"  >\n\t\t\t\n\t\t\t\n<h3>Setor de impress\u00e3o em bloco:<\/h3>\n<div class=\"row\"  id=\"row-2059257887\">\n\n\t<div id=\"col-1872624402\" class=\"col medium-6 small-12 large-6\"  >\n\t\t\t\t<div class=\"col-inner\"  >\n\t\t\t\n\t\t\t\n<h4>Fabrica\u00e7\u00e3o de produtos:<\/h4>\n<ul>\n<li>Produ\u00e7\u00e3o de marcas registradas e logotipos de marcas<\/li>\n<li>Pe\u00e7as de precis\u00e3o para produtos eletr\u00f4nicos, brinquedos e produtos culturais<\/li>\n<\/ul>\n\t\t<\/div>\n\t\t\t\t\t<\/div>\n\n\t\n\n\t<div id=\"col-2134344421\" class=\"col medium-6 small-12 large-6\"  >\n\t\t\t\t<div class=\"col-inner\"  >\n\t\t\t\n\t\t\t\n<h4>Campos industriais e especializados:<\/h4>\n<ul>\n<li>Componentes automotivos e industriais<\/li>\n<li>Aplica\u00e7\u00f5es m\u00e9dicas<\/li>\n<li>Campos de embalagem<\/li>\n<\/ul>\n\t\t<\/div>\n\t\t\t\t\t<\/div>\n\n\t\n\n\t<div id=\"col-352306439\" class=\"col small-12 large-12\"  >\n\t\t\t\t<div class=\"col-inner\"  >\n\t\t\t\n\t\t\t\n<p>Essa m\u00e1quina de exposi\u00e7\u00e3o UV \u00e9 fundamental para obter um resultado de alta qualidade.<\/p>\n\t\t<\/div>\n\t\t\t\t\t<\/div>\n\n\t\n<\/div>\n<h3>Personaliza\u00e7\u00e3o DIY:<\/h3>\n<p>Perfeita como unidade de exposi\u00e7\u00e3o \"fa\u00e7a voc\u00ea mesmo\" para impress\u00e3o de pequenas placas de identifica\u00e7\u00e3o e superf\u00edcies de presentes. Essa vers\u00e1til caixa de exposi\u00e7\u00e3o tamb\u00e9m pode ser considerada por aqueles que procuram uma unidade de exposi\u00e7\u00e3o UV \"fa\u00e7a voc\u00ea mesmo\" para v\u00e1rios projetos.<\/p>\n\t\t<\/div>\n\t\t\t\t\t<\/div>\n\n\t\n<\/div>\n<p>Entre em contato conosco para obter imagens do produto, v\u00eddeos de opera\u00e7\u00e3o e pol\u00edtica de p\u00f3s-venda.<\/p>\n\t\t<\/div>\n\t\t\t\t\t<\/div>\n\n\t\n<\/div>\n\t\t<\/div>\n\n\t\t\n<style>\n#section_1836741095 {\n  padding-top: 30px;\n  padding-bottom: 30px;\n}\n<\/style>\n\t<\/section>","protected":false},"excerpt":{"rendered":"<p>A m\u00e1quina de exposi\u00e7\u00e3o de clich\u00eas AP-200W foi projetada especificamente para a fabrica\u00e7\u00e3o de chapas de a\u00e7o para tampografia. Ela apresenta tubos de l\u00e2mpada ultravioleta de 200 W de alta efici\u00eancia para exposi\u00e7\u00e3o uniforme, baixo consumo de energia e f\u00e1cil opera\u00e7\u00e3o. Essa unidade \u00e9 ideal para pequenas empresas de impress\u00e3o, est\u00fadios personalizados e processos de tampografia de precis\u00e3o.<\/p>\n<p>Essa unidade de exposi\u00e7\u00e3o de clich\u00eas \u00e9 adequada para v\u00e1rias chapas de a\u00e7o para tampografia (0,3 a 10 mm de espessura) e chapas de pol\u00edmero (lav\u00e1veis com \u00e1gua ou \u00e1lcool). Ela vem equipada com uma fun\u00e7\u00e3o de v\u00e1cuo para um ajuste perfeito entre a chapa de a\u00e7o e o filme, al\u00e9m de oferecer um controle preciso do temporizador digital (0-9999 segundos) para o v\u00e1cuo e o tempo de exposi\u00e7\u00e3o.<\/p>\n<p>Tamb\u00e9m oferecemos suporte abrangente, incluindo assist\u00eancia t\u00e9cnica e recomenda\u00e7\u00f5es sobre consum\u00edveis para suas necessidades de exposi\u00e7\u00e3o de clich\u00eas.<\/p>","protected":false},"featured_media":2488,"template":"","meta":[],"product_brand":[],"product_cat":[24],"product_tag":[],"class_list":{"0":"post-2487","1":"product","2":"type-product","3":"status-publish","4":"has-post-thumbnail","6":"product_cat-auxiliary-equipment-for-screen-printing-and-pad-printing","8":"first","9":"instock","10":"shipping-taxable","11":"product-type-simple"},"yoast_head":"<!-- This site is optimized with the Yoast SEO plugin v27.4 - https:\/\/yoast.com\/product\/yoast-seo-wordpress\/ -->\n<title>AP-200W UV Exposure Unit for Pad Printing Cliche Making -<\/title>\n<meta name=\"description\" content=\"Discover our high-performance UV Exposure Unit for pad printing clich\u00e9 making. Ideal for photopolymer plates, small-batch nameplates, and diverse printing projects.\" \/>\n<meta name=\"robots\" content=\"index, follow, max-snippet:-1, max-image-preview:large, max-video-preview:-1\" \/>\n<link rel=\"canonical\" href=\"https:\/\/autoprintmachine.com\/pt\/unidade-de-exposicao-uv-ap-200w-para-impressao-de-cliches-em-bloco\/\" \/>\n<meta property=\"og:locale\" content=\"pt_BR\" \/>\n<meta property=\"og:type\" content=\"article\" \/>\n<meta property=\"og:title\" content=\"AP-200W UV Exposure Unit for Pad Printing Cliche Making -\" \/>\n<meta property=\"og:description\" content=\"Discover our high-performance UV Exposure Unit for pad printing clich\u00e9 making. Ideal for photopolymer plates, small-batch nameplates, and diverse printing projects.\" \/>\n<meta property=\"og:url\" content=\"https:\/\/autoprintmachine.com\/pt\/unidade-de-exposicao-uv-ap-200w-para-impressao-de-cliches-em-bloco\/\" \/>\n<meta property=\"article:publisher\" content=\"https:\/\/www.facebook.com\/autoprinttech\/\" \/>\n<meta property=\"article:modified_time\" content=\"2026-01-13T05:44:02+00:00\" \/>\n<meta property=\"og:image\" content=\"https:\/\/autoprintmachine.com\/wp-content\/uploads\/2025\/06\/clicle_exposure_machine_ap_200w.webp\" \/>\n\t<meta property=\"og:image:width\" content=\"1000\" \/>\n\t<meta property=\"og:image:height\" content=\"764\" \/>\n\t<meta property=\"og:image:type\" content=\"image\/webp\" \/>\n<meta name=\"twitter:card\" content=\"summary_large_image\" \/>\n<meta name=\"twitter:label1\" content=\"Est. reading time\" \/>\n\t<meta name=\"twitter:data1\" content=\"3 minutos\" \/>\n<script type=\"application\/ld+json\" class=\"yoast-schema-graph\">{\"@context\":\"https:\\\/\\\/schema.org\",\"@graph\":[{\"@type\":\"WebPage\",\"@id\":\"https:\\\/\\\/autoprintmachine.com\\\/ap-200w-uv-exposure-unit-for-pad-printing-cliche-making\\\/\",\"url\":\"https:\\\/\\\/autoprintmachine.com\\\/ap-200w-uv-exposure-unit-for-pad-printing-cliche-making\\\/\",\"name\":\"AP-200W UV Exposure Unit for Pad Printing Cliche Making -\",\"isPartOf\":{\"@id\":\"https:\\\/\\\/autoprintmachine.com\\\/#website\"},\"primaryImageOfPage\":{\"@id\":\"https:\\\/\\\/autoprintmachine.com\\\/ap-200w-uv-exposure-unit-for-pad-printing-cliche-making\\\/#primaryimage\"},\"image\":{\"@id\":\"https:\\\/\\\/autoprintmachine.com\\\/ap-200w-uv-exposure-unit-for-pad-printing-cliche-making\\\/#primaryimage\"},\"thumbnailUrl\":\"https:\\\/\\\/autoprintmachine.com\\\/wp-content\\\/uploads\\\/2025\\\/06\\\/clicle_exposure_machine_ap_200w.webp\",\"datePublished\":\"2025-06-06T06:29:43+00:00\",\"dateModified\":\"2026-01-13T05:44:02+00:00\",\"description\":\"Discover our high-performance UV Exposure Unit for pad printing clich\u00e9 making. Ideal for photopolymer plates, small-batch nameplates, and diverse printing projects.\",\"breadcrumb\":{\"@id\":\"https:\\\/\\\/autoprintmachine.com\\\/ap-200w-uv-exposure-unit-for-pad-printing-cliche-making\\\/#breadcrumb\"},\"inLanguage\":\"pt-BR\",\"potentialAction\":[{\"@type\":\"ReadAction\",\"target\":[\"https:\\\/\\\/autoprintmachine.com\\\/ap-200w-uv-exposure-unit-for-pad-printing-cliche-making\\\/\"]}]},{\"@type\":\"ImageObject\",\"inLanguage\":\"pt-BR\",\"@id\":\"https:\\\/\\\/autoprintmachine.com\\\/ap-200w-uv-exposure-unit-for-pad-printing-cliche-making\\\/#primaryimage\",\"url\":\"https:\\\/\\\/autoprintmachine.com\\\/wp-content\\\/uploads\\\/2025\\\/06\\\/clicle_exposure_machine_ap_200w.webp\",\"contentUrl\":\"https:\\\/\\\/autoprintmachine.com\\\/wp-content\\\/uploads\\\/2025\\\/06\\\/clicle_exposure_machine_ap_200w.webp\",\"width\":1000,\"height\":764,\"caption\":\"White AP-200W clich\u00e9 exposure machine for pad printing steel plates, featuring multiple UV lamps and a vacuum worktable.\"},{\"@type\":\"BreadcrumbList\",\"@id\":\"https:\\\/\\\/autoprintmachine.com\\\/ap-200w-uv-exposure-unit-for-pad-printing-cliche-making\\\/#breadcrumb\",\"itemListElement\":[{\"@type\":\"ListItem\",\"position\":1,\"name\":\"Home\",\"item\":\"https:\\\/\\\/autoprintmachine.com\\\/\"},{\"@type\":\"ListItem\",\"position\":2,\"name\":\"Products\",\"item\":\"https:\\\/\\\/autoprintmachine.com\\\/shop\\\/\"},{\"@type\":\"ListItem\",\"position\":3,\"name\":\"AP-200W UV Exposure Unit for Pad Printing Cliche Making\"}]},{\"@type\":\"WebSite\",\"@id\":\"https:\\\/\\\/autoprintmachine.com\\\/#website\",\"url\":\"https:\\\/\\\/autoprintmachine.com\\\/\",\"name\":\"\",\"description\":\"\",\"publisher\":{\"@id\":\"https:\\\/\\\/autoprintmachine.com\\\/#organization\"},\"potentialAction\":[{\"@type\":\"SearchAction\",\"target\":{\"@type\":\"EntryPoint\",\"urlTemplate\":\"https:\\\/\\\/autoprintmachine.com\\\/?s={search_term_string}\"},\"query-input\":{\"@type\":\"PropertyValueSpecification\",\"valueRequired\":true,\"valueName\":\"search_term_string\"}}],\"inLanguage\":\"pt-BR\"},{\"@type\":\"Organization\",\"@id\":\"https:\\\/\\\/autoprintmachine.com\\\/#organization\",\"name\":\"Dongguan Auto Print Tech Co., Ltd\",\"url\":\"https:\\\/\\\/autoprintmachine.com\\\/\",\"logo\":{\"@type\":\"ImageObject\",\"inLanguage\":\"pt-BR\",\"@id\":\"https:\\\/\\\/autoprintmachine.com\\\/#\\\/schema\\\/logo\\\/image\\\/\",\"url\":\"https:\\\/\\\/autoprintmachine.com\\\/wp-content\\\/uploads\\\/2023\\\/06\\\/screen_printing_logo_new.webp\",\"contentUrl\":\"https:\\\/\\\/autoprintmachine.com\\\/wp-content\\\/uploads\\\/2023\\\/06\\\/screen_printing_logo_new.webp\",\"width\":890,\"height\":750,\"caption\":\"Dongguan Auto Print Tech Co., Ltd\"},\"image\":{\"@id\":\"https:\\\/\\\/autoprintmachine.com\\\/#\\\/schema\\\/logo\\\/image\\\/\"},\"sameAs\":[\"https:\\\/\\\/www.facebook.com\\\/autoprinttech\\\/\",\"https:\\\/\\\/www.youtube.com\\\/channel\\\/UCJtPGiBbQWGE2DZLxySpCtw\"]}]}<\/script>\n<!-- \/ Yoast SEO plugin. -->","yoast_head_json":{"title":"Unidade de exposi\u00e7\u00e3o UV AP-200W para impress\u00e3o de clich\u00eas em bloco","description":"Conhe\u00e7a nossa unidade de exposi\u00e7\u00e3o UV de alto desempenho para a cria\u00e7\u00e3o de clich\u00eas de tampografia. Ideal para placas de fotopol\u00edmero, placas de identifica\u00e7\u00e3o de pequenos lotes e diversos projetos de impress\u00e3o.","robots":{"index":"index","follow":"follow","max-snippet":"max-snippet:-1","max-image-preview":"max-image-preview:large","max-video-preview":"max-video-preview:-1"},"canonical":"https:\/\/autoprintmachine.com\/pt\/unidade-de-exposicao-uv-ap-200w-para-impressao-de-cliches-em-bloco\/","og_locale":"pt_BR","og_type":"article","og_title":"AP-200W UV Exposure Unit for Pad Printing Cliche Making -","og_description":"Discover our high-performance UV Exposure Unit for pad printing clich\u00e9 making. Ideal for photopolymer plates, small-batch nameplates, and diverse printing projects.","og_url":"https:\/\/autoprintmachine.com\/pt\/unidade-de-exposicao-uv-ap-200w-para-impressao-de-cliches-em-bloco\/","article_publisher":"https:\/\/www.facebook.com\/autoprinttech\/","article_modified_time":"2026-01-13T05:44:02+00:00","og_image":[{"width":1000,"height":764,"url":"https:\/\/autoprintmachine.com\/wp-content\/uploads\/2025\/06\/clicle_exposure_machine_ap_200w.webp","type":"image\/webp"}],"twitter_card":"summary_large_image","twitter_misc":{"Est. reading time":"3 minutos"},"schema":{"@context":"https:\/\/schema.org","@graph":[{"@type":"WebPage","@id":"https:\/\/autoprintmachine.com\/ap-200w-uv-exposure-unit-for-pad-printing-cliche-making\/","url":"https:\/\/autoprintmachine.com\/ap-200w-uv-exposure-unit-for-pad-printing-cliche-making\/","name":"Unidade de exposi\u00e7\u00e3o UV AP-200W para impress\u00e3o de clich\u00eas em bloco","isPartOf":{"@id":"https:\/\/autoprintmachine.com\/#website"},"primaryImageOfPage":{"@id":"https:\/\/autoprintmachine.com\/ap-200w-uv-exposure-unit-for-pad-printing-cliche-making\/#primaryimage"},"image":{"@id":"https:\/\/autoprintmachine.com\/ap-200w-uv-exposure-unit-for-pad-printing-cliche-making\/#primaryimage"},"thumbnailUrl":"https:\/\/autoprintmachine.com\/wp-content\/uploads\/2025\/06\/clicle_exposure_machine_ap_200w.webp","datePublished":"2025-06-06T06:29:43+00:00","dateModified":"2026-01-13T05:44:02+00:00","description":"Conhe\u00e7a nossa unidade de exposi\u00e7\u00e3o UV de alto desempenho para a cria\u00e7\u00e3o de clich\u00eas de tampografia. Ideal para placas de fotopol\u00edmero, placas de identifica\u00e7\u00e3o de pequenos lotes e diversos projetos de impress\u00e3o.","breadcrumb":{"@id":"https:\/\/autoprintmachine.com\/ap-200w-uv-exposure-unit-for-pad-printing-cliche-making\/#breadcrumb"},"inLanguage":"pt-BR","potentialAction":[{"@type":"ReadAction","target":["https:\/\/autoprintmachine.com\/ap-200w-uv-exposure-unit-for-pad-printing-cliche-making\/"]}]},{"@type":"ImageObject","inLanguage":"pt-BR","@id":"https:\/\/autoprintmachine.com\/ap-200w-uv-exposure-unit-for-pad-printing-cliche-making\/#primaryimage","url":"https:\/\/autoprintmachine.com\/wp-content\/uploads\/2025\/06\/clicle_exposure_machine_ap_200w.webp","contentUrl":"https:\/\/autoprintmachine.com\/wp-content\/uploads\/2025\/06\/clicle_exposure_machine_ap_200w.webp","width":1000,"height":764,"caption":"White AP-200W clich\u00e9 exposure machine for pad printing steel plates, featuring multiple UV lamps and a vacuum worktable."},{"@type":"BreadcrumbList","@id":"https:\/\/autoprintmachine.com\/ap-200w-uv-exposure-unit-for-pad-printing-cliche-making\/#breadcrumb","itemListElement":[{"@type":"ListItem","position":1,"name":"Home","item":"https:\/\/autoprintmachine.com\/"},{"@type":"ListItem","position":2,"name":"Products","item":"https:\/\/autoprintmachine.com\/shop\/"},{"@type":"ListItem","position":3,"name":"AP-200W UV Exposure Unit for Pad Printing Cliche Making"}]},{"@type":"WebSite","@id":"https:\/\/autoprintmachine.com\/#website","url":"https:\/\/autoprintmachine.com\/","name":"","description":"","publisher":{"@id":"https:\/\/autoprintmachine.com\/#organization"},"potentialAction":[{"@type":"SearchAction","target":{"@type":"EntryPoint","urlTemplate":"https:\/\/autoprintmachine.com\/?s={search_term_string}"},"query-input":{"@type":"PropertyValueSpecification","valueRequired":true,"valueName":"search_term_string"}}],"inLanguage":"pt-BR"},{"@type":"Organization","@id":"https:\/\/autoprintmachine.com\/#organization","name":"Dongguan Auto Print Tech Co., Ltd","url":"https:\/\/autoprintmachine.com\/","logo":{"@type":"ImageObject","inLanguage":"pt-BR","@id":"https:\/\/autoprintmachine.com\/#\/schema\/logo\/image\/","url":"https:\/\/autoprintmachine.com\/wp-content\/uploads\/2023\/06\/screen_printing_logo_new.webp","contentUrl":"https:\/\/autoprintmachine.com\/wp-content\/uploads\/2023\/06\/screen_printing_logo_new.webp","width":890,"height":750,"caption":"Dongguan Auto Print Tech Co., Ltd"},"image":{"@id":"https:\/\/autoprintmachine.com\/#\/schema\/logo\/image\/"},"sameAs":["https:\/\/www.facebook.com\/autoprinttech\/","https:\/\/www.youtube.com\/channel\/UCJtPGiBbQWGE2DZLxySpCtw"]}]}},"_links":{"self":[{"href":"https:\/\/autoprintmachine.com\/pt\/wp-json\/wp\/v2\/product\/2487","targetHints":{"allow":["GET"]}}],"collection":[{"href":"https:\/\/autoprintmachine.com\/pt\/wp-json\/wp\/v2\/product"}],"about":[{"href":"https:\/\/autoprintmachine.com\/pt\/wp-json\/wp\/v2\/types\/product"}],"wp:featuredmedia":[{"embeddable":true,"href":"https:\/\/autoprintmachine.com\/pt\/wp-json\/wp\/v2\/media\/2488"}],"wp:attachment":[{"href":"https:\/\/autoprintmachine.com\/pt\/wp-json\/wp\/v2\/media?parent=2487"}],"wp:term":[{"taxonomy":"product_brand","embeddable":true,"href":"https:\/\/autoprintmachine.com\/pt\/wp-json\/wp\/v2\/product_brand?post=2487"},{"taxonomy":"product_cat","embeddable":true,"href":"https:\/\/autoprintmachine.com\/pt\/wp-json\/wp\/v2\/product_cat?post=2487"},{"taxonomy":"product_tag","embeddable":true,"href":"https:\/\/autoprintmachine.com\/pt\/wp-json\/wp\/v2\/product_tag?post=2487"}],"curies":[{"name":"wp","href":"https:\/\/api.w.org\/{rel}","templated":true}]}}