{"id":280,"date":"2020-08-06T03:24:41","date_gmt":"2020-08-06T03:24:41","guid":{"rendered":"https:\/\/onceauto.seowaimao.com\/?post_type=product&#038;p=280"},"modified":"2026-03-31T06:22:32","modified_gmt":"2026-03-31T06:22:32","slug":"maquina-de-impressao-de-tela-cilindrica-%e2%88%8575mm","status":"publish","type":"product","link":"https:\/\/autoprintmachine.com\/pt\/maquina-de-impressao-de-tela-cilindrica-%e2%88%8575mm\/","title":{"rendered":"\u2205M\u00e1quina de impress\u00e3o de tela cil\u00edndrica de 75 mm"},"content":{"rendered":"<p><strong>Introdu\u00e7\u00e3o:<\/strong><\/p>\n<p><strong>AP-300<\/strong> A m\u00e1quina de impress\u00e3o de tela redonda \u00e9 acionada pneumaticamente. Trata-se de uma impressora de tela universal controlada por placa PCB com um di\u00e2metro m\u00e1ximo de impress\u00e3o de 75 mm. Essa m\u00e1quina \u00e9 adequada para a impress\u00e3o de produtos redondos \/ cil\u00edndricos e ovais de pequeno porte. Por exemplo, pequenos tubos, copos, garrafas e outros recipientes redondos.<\/p>\n<p><strong>Recursos padr\u00e3o:<\/strong><\/p>\n<ul>\n<li>Controlado eletropneumaticamente<\/li>\n<li>Configura\u00e7\u00e3o program\u00e1vel<\/li>\n<li>Controle pneum\u00e1tico com amortecedores<\/li>\n<li>Elevador de cabe\u00e7a vertical com trava para cima\/para baixo<\/li>\n<li>Rolamentos lineares de esferas em eixos endurecidos<\/li>\n<li>Controlado por pedal<\/li>\n<li>Inclina\u00e7\u00e3o, inclina\u00e7\u00e3o e altura do rodo ajust\u00e1veis<\/li>\n<li>Ajuste do \u00e2ngulo da moldura da tela<\/li>\n<li>Barra de fixa\u00e7\u00e3o universal para montagem de ferramentas personalizadas<\/li>\n<li>Sistema de enchimento da garrafa com regulador<\/li>\n<li>A infla\u00e7\u00e3o da garrafa \u00e9 sincronizada com o ciclo de impress\u00e3o<\/li>\n<li>Press\u00e3o regulada do rodo com medidor de press\u00e3o<\/li>\n<li>Niveladores de piso e rod\u00edzios<\/li>\n<li>Bot\u00e3o de parada de emerg\u00eancia \/ Prote\u00e7\u00e3o de seguran\u00e7a opcional<\/li>\n<\/ul>\n<p><strong>Especifica\u00e7\u00f5es:<\/strong><\/p>\n<table width=\"96%\">\n<tbody>\n<tr>\n<td width=\"50%\"><strong>N\u00famero do modelo:<\/strong><\/td>\n<td width=\"50%\"><strong>AP-300<\/strong><\/td>\n<\/tr>\n<tr>\n<td><strong>Sistema de acionamento:<\/strong><\/td>\n<td>Pneum\u00e1tico<\/td>\n<\/tr>\n<tr>\n<td><strong>Curso para cima\/para baixo do quadro:<\/strong><\/td>\n<td>100 mm (3,94\u2033)<\/td>\n<\/tr>\n<tr>\n<td><strong>\u00c1rea m\u00e1xima de impress\u00e3o redonda:<\/strong><\/p>\n<p><strong>\u00c1rea m\u00ednima de impress\u00e3o redonda:<\/strong><\/p>\n<p><strong>\u00c1rea m\u00e1xima de impress\u00e3o oval:<\/strong><\/td>\n<td>75 mm (2,95\u2033) \u00d8<\/p>\n<p>15 mm (0,59\u2033) \u00d8<\/p>\n<p>230 mm (9,06\u2033) Comprimento do arco<\/td>\n<\/tr>\n<tr>\n<td><strong>Tamanho da mesa de trabalho:<\/strong><\/td>\n<td>200 x 300 mm<\/td>\n<\/tr>\n<tr>\n<td><strong>Ajuste da tabela:<\/strong><\/td>\n<td>X,Y \u00b1 15 mm \/ <em>\u03b8<\/em> 15 \u00b0<\/td>\n<\/tr>\n<tr>\n<td><strong>Tamanho m\u00e1ximo do quadro da tela:<\/strong><\/td>\n<td>280 x 430 mm<\/td>\n<\/tr>\n<tr>\n<td><strong>Espessura da moldura da tela:<\/strong><\/td>\n<td>18 - 25 mm<\/td>\n<\/tr>\n<tr>\n<td><strong>\u00c2ngulo do rodo:<\/strong><\/td>\n<td>0-15\u00b0<\/td>\n<\/tr>\n<tr>\n<td><strong>Velocidade do ciclo de impress\u00e3o:<\/strong><\/td>\n<td>1.980 ciclos\/hora<\/td>\n<\/tr>\n<tr>\n<td><strong>Velocidade do rodo:<\/strong><\/td>\n<td>33\/min<\/td>\n<\/tr>\n<tr>\n<td><strong>Press\u00e3o do rodo:<\/strong><\/td>\n<td>2 - 4 Barras<\/td>\n<\/tr>\n<tr>\n<td><strong>Fonte el\u00e9trica:<\/strong><\/td>\n<td>110V\/220V 50-60Hz 50W<\/td>\n<\/tr>\n<tr>\n<td><strong>Entrada de press\u00e3o de ar:<\/strong><\/td>\n<td>80 psi<\/td>\n<\/tr>\n<tr>\n<td><strong>Consumo de ar:<\/strong><\/td>\n<td>0,7 L\/ciclo<\/td>\n<\/tr>\n<tr>\n<td><strong>Peso da m\u00e1quina:<\/strong><\/td>\n<td>130 kg<\/td>\n<\/tr>\n<tr>\n<td><strong>Peso da m\u00e1quina (incluindo a embalagem):<\/strong><\/td>\n<td>\u00a0170 kg<\/td>\n<\/tr>\n<tr>\n<td><strong>Dimens\u00f5es (C x L x A):<\/strong><\/td>\n<td>850 x 830 x 1.280 mm<\/td>\n<\/tr>\n<tr>\n<td><strong>Dimens\u00f5es da caixa:<\/strong><\/td>\n<td>980 x 870 x 1.410 mm<\/td>\n<\/tr>\n<\/tbody>\n<\/table>","protected":false},"excerpt":{"rendered":"<p>A m\u00e1quina de impress\u00e3o de tela cil\u00edndrica semiautom\u00e1tica AP-300 foi projetada especificamente para pequenos recipientes cil\u00edndricos e el\u00edpticos com di\u00e2metros que variam de 15 a 75 mm. Ela \u00e9 acionada por energia pneum\u00e1tica e controlada por um sistema eletr\u00f4nico preciso. A m\u00e1quina tem desempenho est\u00e1vel, ajuste f\u00e1cil e opera\u00e7\u00e3o simples.<\/p>\n<p>A AP-300 \u00e9 especialmente adequada para imprimir produtos como frascos de perfume, tubos de cosm\u00e9ticos e seringas. A m\u00e1quina \u00e9 equipada com um sistema sincronizado de enchimento de frascos. Esse sistema evita efetivamente que produtos de paredes finas se deformem durante a impress\u00e3o. Ele garante alta qualidade de impress\u00e3o e lotes consistentes.<\/p>\n<p>Tamb\u00e9m fornecemos uma solu\u00e7\u00e3o completa de impress\u00e3o de tela, desde o pr\u00e9-tratamento at\u00e9 o p\u00f3s-tratamento.<\/p>","protected":false},"featured_media":839,"template":"","meta":[],"product_brand":[],"product_cat":[15],"product_tag":[],"class_list":{"0":"post-280","1":"product","2":"type-product","3":"status-publish","4":"has-post-thumbnail","6":"product_cat-automatic-cylindrical-screen-printing-machine","8":"first","9":"instock","10":"shipping-taxable","11":"product-type-simple"},"yoast_head":"<!-- This site is optimized with the Yoast SEO plugin v27.4 - https:\/\/yoast.com\/product\/yoast-seo-wordpress\/ -->\n<title>Cylinder Screen Printing Machine<\/title>\n<meta name=\"description\" content=\"This machine suitable for small size round \/ cylindrical and oval product printing, such as small tubes, cups, bottles, etc.\" \/>\n<meta name=\"robots\" content=\"index, follow, max-snippet:-1, max-image-preview:large, max-video-preview:-1\" \/>\n<link rel=\"canonical\" href=\"https:\/\/autoprintmachine.com\/pt\/maquina-de-impressao-de-tela-cilindrica-\u220575mm\/\" \/>\n<meta property=\"og:locale\" content=\"pt_BR\" \/>\n<meta property=\"og:type\" content=\"article\" \/>\n<meta property=\"og:title\" content=\"Cylinder Screen Printing Machine\" \/>\n<meta property=\"og:description\" content=\"This machine suitable for small size round \/ cylindrical and oval product printing, such as small tubes, cups, bottles, etc.\" \/>\n<meta property=\"og:url\" content=\"https:\/\/autoprintmachine.com\/pt\/maquina-de-impressao-de-tela-cilindrica-\u220575mm\/\" \/>\n<meta property=\"article:publisher\" content=\"https:\/\/www.facebook.com\/autoprinttech\/\" \/>\n<meta property=\"article:modified_time\" content=\"2026-03-31T06:22:32+00:00\" \/>\n<meta property=\"og:image\" content=\"https:\/\/autoprintmachine.com\/wp-content\/uploads\/2020\/08\/OS-300-1.jpg\" \/>\n\t<meta property=\"og:image:width\" content=\"600\" \/>\n\t<meta property=\"og:image:height\" content=\"600\" \/>\n\t<meta property=\"og:image:type\" content=\"image\/jpeg\" \/>\n<meta name=\"twitter:card\" content=\"summary_large_image\" \/>\n<meta name=\"twitter:label1\" content=\"Est. reading time\" \/>\n\t<meta name=\"twitter:data1\" content=\"2 minutos\" \/>\n<script type=\"application\/ld+json\" class=\"yoast-schema-graph\">{\"@context\":\"https:\\\/\\\/schema.org\",\"@graph\":[{\"@type\":\"WebPage\",\"@id\":\"https:\\\/\\\/autoprintmachine.com\\\/%e2%88%8575mm-cylinder-screen-printing-machine\\\/\",\"url\":\"https:\\\/\\\/autoprintmachine.com\\\/%e2%88%8575mm-cylinder-screen-printing-machine\\\/\",\"name\":\"Cylinder Screen Printing Machine\",\"isPartOf\":{\"@id\":\"https:\\\/\\\/autoprintmachine.com\\\/#website\"},\"primaryImageOfPage\":{\"@id\":\"https:\\\/\\\/autoprintmachine.com\\\/%e2%88%8575mm-cylinder-screen-printing-machine\\\/#primaryimage\"},\"image\":{\"@id\":\"https:\\\/\\\/autoprintmachine.com\\\/%e2%88%8575mm-cylinder-screen-printing-machine\\\/#primaryimage\"},\"thumbnailUrl\":\"https:\\\/\\\/autoprintmachine.com\\\/wp-content\\\/uploads\\\/2020\\\/08\\\/OS-300-1.jpg\",\"datePublished\":\"2020-08-06T03:24:41+00:00\",\"dateModified\":\"2026-03-31T06:22:32+00:00\",\"description\":\"This machine suitable for small size round \\\/ cylindrical and oval product printing, such as small tubes, cups, bottles, etc.\",\"breadcrumb\":{\"@id\":\"https:\\\/\\\/autoprintmachine.com\\\/%e2%88%8575mm-cylinder-screen-printing-machine\\\/#breadcrumb\"},\"inLanguage\":\"pt-BR\",\"potentialAction\":[{\"@type\":\"ReadAction\",\"target\":[\"https:\\\/\\\/autoprintmachine.com\\\/%e2%88%8575mm-cylinder-screen-printing-machine\\\/\"]}]},{\"@type\":\"ImageObject\",\"inLanguage\":\"pt-BR\",\"@id\":\"https:\\\/\\\/autoprintmachine.com\\\/%e2%88%8575mm-cylinder-screen-printing-machine\\\/#primaryimage\",\"url\":\"https:\\\/\\\/autoprintmachine.com\\\/wp-content\\\/uploads\\\/2020\\\/08\\\/OS-300-1.jpg\",\"contentUrl\":\"https:\\\/\\\/autoprintmachine.com\\\/wp-content\\\/uploads\\\/2020\\\/08\\\/OS-300-1.jpg\",\"width\":600,\"height\":600,\"caption\":\"led bulb pad printing machine\"},{\"@type\":\"BreadcrumbList\",\"@id\":\"https:\\\/\\\/autoprintmachine.com\\\/%e2%88%8575mm-cylinder-screen-printing-machine\\\/#breadcrumb\",\"itemListElement\":[{\"@type\":\"ListItem\",\"position\":1,\"name\":\"Home\",\"item\":\"https:\\\/\\\/autoprintmachine.com\\\/\"},{\"@type\":\"ListItem\",\"position\":2,\"name\":\"Products\",\"item\":\"https:\\\/\\\/autoprintmachine.com\\\/shop\\\/\"},{\"@type\":\"ListItem\",\"position\":3,\"name\":\"\u220575mm Cylinder Screen Printing Machine\"}]},{\"@type\":\"WebSite\",\"@id\":\"https:\\\/\\\/autoprintmachine.com\\\/#website\",\"url\":\"https:\\\/\\\/autoprintmachine.com\\\/\",\"name\":\"\",\"description\":\"\",\"publisher\":{\"@id\":\"https:\\\/\\\/autoprintmachine.com\\\/#organization\"},\"potentialAction\":[{\"@type\":\"SearchAction\",\"target\":{\"@type\":\"EntryPoint\",\"urlTemplate\":\"https:\\\/\\\/autoprintmachine.com\\\/?s={search_term_string}\"},\"query-input\":{\"@type\":\"PropertyValueSpecification\",\"valueRequired\":true,\"valueName\":\"search_term_string\"}}],\"inLanguage\":\"pt-BR\"},{\"@type\":\"Organization\",\"@id\":\"https:\\\/\\\/autoprintmachine.com\\\/#organization\",\"name\":\"Dongguan Auto Print Tech Co., Ltd\",\"url\":\"https:\\\/\\\/autoprintmachine.com\\\/\",\"logo\":{\"@type\":\"ImageObject\",\"inLanguage\":\"pt-BR\",\"@id\":\"https:\\\/\\\/autoprintmachine.com\\\/#\\\/schema\\\/logo\\\/image\\\/\",\"url\":\"https:\\\/\\\/autoprintmachine.com\\\/wp-content\\\/uploads\\\/2023\\\/06\\\/screen_printing_logo_new.webp\",\"contentUrl\":\"https:\\\/\\\/autoprintmachine.com\\\/wp-content\\\/uploads\\\/2023\\\/06\\\/screen_printing_logo_new.webp\",\"width\":890,\"height\":750,\"caption\":\"Dongguan Auto Print Tech Co., Ltd\"},\"image\":{\"@id\":\"https:\\\/\\\/autoprintmachine.com\\\/#\\\/schema\\\/logo\\\/image\\\/\"},\"sameAs\":[\"https:\\\/\\\/www.facebook.com\\\/autoprinttech\\\/\",\"https:\\\/\\\/www.youtube.com\\\/channel\\\/UCJtPGiBbQWGE2DZLxySpCtw\"]}]}<\/script>\n<!-- \/ Yoast SEO plugin. -->","yoast_head_json":{"title":"M\u00e1quina de impress\u00e3o de tela de cilindro","description":"Essa m\u00e1quina \u00e9 adequada para a impress\u00e3o de produtos redondos\/cil\u00edndricos e ovais de tamanho pequeno, como pequenos tubos, copos, garrafas etc.","robots":{"index":"index","follow":"follow","max-snippet":"max-snippet:-1","max-image-preview":"max-image-preview:large","max-video-preview":"max-video-preview:-1"},"canonical":"https:\/\/autoprintmachine.com\/pt\/maquina-de-impressao-de-tela-cilindrica-\u220575mm\/","og_locale":"pt_BR","og_type":"article","og_title":"Cylinder Screen Printing Machine","og_description":"This machine suitable for small size round \/ cylindrical and oval product printing, such as small tubes, cups, bottles, etc.","og_url":"https:\/\/autoprintmachine.com\/pt\/maquina-de-impressao-de-tela-cilindrica-\u220575mm\/","article_publisher":"https:\/\/www.facebook.com\/autoprinttech\/","article_modified_time":"2026-03-31T06:22:32+00:00","og_image":[{"width":600,"height":600,"url":"https:\/\/autoprintmachine.com\/wp-content\/uploads\/2020\/08\/OS-300-1.jpg","type":"image\/jpeg"}],"twitter_card":"summary_large_image","twitter_misc":{"Est. reading time":"2 minutos"},"schema":{"@context":"https:\/\/schema.org","@graph":[{"@type":"WebPage","@id":"https:\/\/autoprintmachine.com\/%e2%88%8575mm-cylinder-screen-printing-machine\/","url":"https:\/\/autoprintmachine.com\/%e2%88%8575mm-cylinder-screen-printing-machine\/","name":"M\u00e1quina de impress\u00e3o de tela de cilindro","isPartOf":{"@id":"https:\/\/autoprintmachine.com\/#website"},"primaryImageOfPage":{"@id":"https:\/\/autoprintmachine.com\/%e2%88%8575mm-cylinder-screen-printing-machine\/#primaryimage"},"image":{"@id":"https:\/\/autoprintmachine.com\/%e2%88%8575mm-cylinder-screen-printing-machine\/#primaryimage"},"thumbnailUrl":"https:\/\/autoprintmachine.com\/wp-content\/uploads\/2020\/08\/OS-300-1.jpg","datePublished":"2020-08-06T03:24:41+00:00","dateModified":"2026-03-31T06:22:32+00:00","description":"Essa m\u00e1quina \u00e9 adequada para a impress\u00e3o de produtos redondos\/cil\u00edndricos e ovais de tamanho pequeno, como pequenos tubos, copos, garrafas etc.","breadcrumb":{"@id":"https:\/\/autoprintmachine.com\/%e2%88%8575mm-cylinder-screen-printing-machine\/#breadcrumb"},"inLanguage":"pt-BR","potentialAction":[{"@type":"ReadAction","target":["https:\/\/autoprintmachine.com\/%e2%88%8575mm-cylinder-screen-printing-machine\/"]}]},{"@type":"ImageObject","inLanguage":"pt-BR","@id":"https:\/\/autoprintmachine.com\/%e2%88%8575mm-cylinder-screen-printing-machine\/#primaryimage","url":"https:\/\/autoprintmachine.com\/wp-content\/uploads\/2020\/08\/OS-300-1.jpg","contentUrl":"https:\/\/autoprintmachine.com\/wp-content\/uploads\/2020\/08\/OS-300-1.jpg","width":600,"height":600,"caption":"led bulb pad printing machine"},{"@type":"BreadcrumbList","@id":"https:\/\/autoprintmachine.com\/%e2%88%8575mm-cylinder-screen-printing-machine\/#breadcrumb","itemListElement":[{"@type":"ListItem","position":1,"name":"Home","item":"https:\/\/autoprintmachine.com\/"},{"@type":"ListItem","position":2,"name":"Products","item":"https:\/\/autoprintmachine.com\/shop\/"},{"@type":"ListItem","position":3,"name":"\u220575mm Cylinder Screen Printing Machine"}]},{"@type":"WebSite","@id":"https:\/\/autoprintmachine.com\/#website","url":"https:\/\/autoprintmachine.com\/","name":"","description":"","publisher":{"@id":"https:\/\/autoprintmachine.com\/#organization"},"potentialAction":[{"@type":"SearchAction","target":{"@type":"EntryPoint","urlTemplate":"https:\/\/autoprintmachine.com\/?s={search_term_string}"},"query-input":{"@type":"PropertyValueSpecification","valueRequired":true,"valueName":"search_term_string"}}],"inLanguage":"pt-BR"},{"@type":"Organization","@id":"https:\/\/autoprintmachine.com\/#organization","name":"Dongguan Auto Print Tech Co., Ltd","url":"https:\/\/autoprintmachine.com\/","logo":{"@type":"ImageObject","inLanguage":"pt-BR","@id":"https:\/\/autoprintmachine.com\/#\/schema\/logo\/image\/","url":"https:\/\/autoprintmachine.com\/wp-content\/uploads\/2023\/06\/screen_printing_logo_new.webp","contentUrl":"https:\/\/autoprintmachine.com\/wp-content\/uploads\/2023\/06\/screen_printing_logo_new.webp","width":890,"height":750,"caption":"Dongguan Auto Print Tech Co., Ltd"},"image":{"@id":"https:\/\/autoprintmachine.com\/#\/schema\/logo\/image\/"},"sameAs":["https:\/\/www.facebook.com\/autoprinttech\/","https:\/\/www.youtube.com\/channel\/UCJtPGiBbQWGE2DZLxySpCtw"]}]}},"_links":{"self":[{"href":"https:\/\/autoprintmachine.com\/pt\/wp-json\/wp\/v2\/product\/280","targetHints":{"allow":["GET"]}}],"collection":[{"href":"https:\/\/autoprintmachine.com\/pt\/wp-json\/wp\/v2\/product"}],"about":[{"href":"https:\/\/autoprintmachine.com\/pt\/wp-json\/wp\/v2\/types\/product"}],"wp:featuredmedia":[{"embeddable":true,"href":"https:\/\/autoprintmachine.com\/pt\/wp-json\/wp\/v2\/media\/839"}],"wp:attachment":[{"href":"https:\/\/autoprintmachine.com\/pt\/wp-json\/wp\/v2\/media?parent=280"}],"wp:term":[{"taxonomy":"product_brand","embeddable":true,"href":"https:\/\/autoprintmachine.com\/pt\/wp-json\/wp\/v2\/product_brand?post=280"},{"taxonomy":"product_cat","embeddable":true,"href":"https:\/\/autoprintmachine.com\/pt\/wp-json\/wp\/v2\/product_cat?post=280"},{"taxonomy":"product_tag","embeddable":true,"href":"https:\/\/autoprintmachine.com\/pt\/wp-json\/wp\/v2\/product_tag?post=280"}],"curies":[{"name":"wp","href":"https:\/\/api.w.org\/{rel}","templated":true}]}}