{"id":284,"date":"2020-08-06T06:59:01","date_gmt":"2020-08-06T06:59:01","guid":{"rendered":"https:\/\/onceauto.seowaimao.com\/?post_type=product&#038;p=284"},"modified":"2025-12-24T03:05:54","modified_gmt":"2025-12-24T03:05:54","slug":"maquina-de-impressao-de-tela-redonda-%e2%88%85110mm","status":"publish","type":"product","link":"https:\/\/autoprintmachine.com\/pt\/maquina-de-impressao-de-tela-redonda-%e2%88%85110mm\/","title":{"rendered":"M\u00e1quina de impress\u00e3o de tela redonda \u2205110mm"},"content":{"rendered":"<p><strong>Introdu\u00e7\u00e3o:<\/strong><\/p>\n<p><strong>AP-400<\/strong><span data-offset-key=\"2aaq2-0-1\"><strong>\u00a0<\/strong>A impressora serigr\u00e1fica semiautom\u00e1tica para garrafas e recipientes \u00e9 uma m\u00e1quina bem projetada e vers\u00e1til. A\u00a0<\/span><strong>AP-400<\/strong><span data-offset-key=\"2aaq2-0-3\"> pode imprimir a tela em objetos planos e cil\u00edndricos. Os exemplos incluem garrafas moldadas por sopro, tubos de cosm\u00e9ticos, garrafas de \u00e1gua de alum\u00ednio, baquetas e pipetas de vidro.\u00a0 <\/span><span class=\"veryhardreadability\"><span data-offset-key=\"2aaq2-1-0\">O <strong>AP-400<\/strong>\u00a0apresenta trocas de ferramentas r\u00e1pidas e simples, registro mec\u00e2nico preciso e controles convenientes no painel frontal<\/span><\/span><span data-offset-key=\"2aaq2-2-0\">. Esses recursos tornam o <strong>AP-400<\/strong> a impressora de serigrafia universal perfeita para todos os fins.<\/span><\/p>\n<p><strong>Recursos padr\u00e3o:<\/strong><\/p>\n<ul>\n<li>Controle eletropneum\u00e1tico<\/li>\n<li>Configura\u00e7\u00e3o program\u00e1vel<\/li>\n<li>Controle pneum\u00e1tico com amortecedores<\/li>\n<li>Elevador de cabe\u00e7a vertical com trava para cima\/para baixo<\/li>\n<li>Rolamentos lineares de esferas em eixos endurecidos<\/li>\n<li>Controlado por pedal<\/li>\n<li>Ajustes de inclina\u00e7\u00e3o, inclina\u00e7\u00e3o e altura do rodo<\/li>\n<li>Ajuste do \u00e2ngulo da moldura da tela<\/li>\n<li>Barra de fixa\u00e7\u00e3o universal para montagem de ferramentas personalizadas<\/li>\n<li>Sistema de enchimento da garrafa com regulador<\/li>\n<li>A infla\u00e7\u00e3o da garrafa \u00e9 sincronizada com o ciclo de impress\u00e3o<\/li>\n<li>Press\u00e3o regulada do rodo com medidor de press\u00e3o<\/li>\n<li>Niveladores de piso e rod\u00edzios<\/li>\n<li>Bot\u00e3o de parada de emerg\u00eancia instalado, a prote\u00e7\u00e3o de seguran\u00e7a \u00e9 opcional<\/li>\n<\/ul>\n<p><strong>Especifica\u00e7\u00f5es:<\/strong><\/p>\n<table width=\"100%\">\n<tbody>\n<tr>\n<td width=\"47%\"><strong>N\u00famero do modelo:<\/strong><\/td>\n<td width=\"52%\"><strong>AP-400<\/strong><\/td>\n<\/tr>\n<tr>\n<td><strong>Sistema de acionamento:<\/strong><\/td>\n<td width=\"52%\">Pneum\u00e1tico<\/td>\n<\/tr>\n<tr>\n<td><strong>Curso para cima\/para baixo do quadro:<\/strong><\/td>\n<td width=\"52%\">100 mm (3,94\u2033)<\/td>\n<\/tr>\n<tr>\n<td><strong>\u00c1rea m\u00e1xima de impress\u00e3o redonda:<\/strong><\/p>\n<p><strong>\u00c1rea m\u00e1xima de impress\u00e3o oval:<br \/>\n<\/strong><\/td>\n<td width=\"52%\">110 mm (4,33\u2033) \u00d8<\/p>\n<p>340 mm (13,39\u2033) Comprimento do arco<\/td>\n<\/tr>\n<tr>\n<td><strong>Tamanho da mesa de trabalho:<\/strong><\/td>\n<td width=\"52%\">250 x 350 mm<\/td>\n<\/tr>\n<tr>\n<td><strong>Ajuste da tabela:<\/strong><\/td>\n<td width=\"52%\">X,Y \u00b1 15 mm \/\u00a0<em>\u03b8<\/em>\u00a015 \u00b0<\/td>\n<\/tr>\n<tr>\n<td><strong>Tamanho m\u00e1ximo do quadro da tela:<\/strong><\/td>\n<td width=\"52%\">380 x 580 mm<\/td>\n<\/tr>\n<tr>\n<td><strong>Espessura da moldura da tela:<\/strong><\/td>\n<td width=\"52%\">18 - 25 mm (.71\u2033 - .98\u2033)<\/td>\n<\/tr>\n<tr>\n<td><strong>\u00c2ngulo do rodo:<\/strong><\/td>\n<td width=\"52%\">0-15\u00b0<\/td>\n<\/tr>\n<tr>\n<td><strong>Velocidade do ciclo de impress\u00e3o:<\/strong><\/td>\n<td width=\"52%\">1.200 ciclos\/hora<\/td>\n<\/tr>\n<tr>\n<td><strong>Velocidade do rodo:<\/strong><\/td>\n<td width=\"52%\">20\/min<\/td>\n<\/tr>\n<tr>\n<td><strong>Press\u00e3o do rodo:<\/strong><\/td>\n<td width=\"52%\">2 - 4 Barras<\/td>\n<\/tr>\n<tr>\n<td><strong>Fonte el\u00e9trica:<\/strong><\/td>\n<td width=\"52%\">110V\/220V 50-60Hz 50W<\/td>\n<\/tr>\n<tr>\n<td><strong>Entrada de press\u00e3o de ar:<\/strong><\/td>\n<td width=\"52%\">80 psi<\/td>\n<\/tr>\n<tr>\n<td><strong>Consumo de ar:<\/strong><\/td>\n<td width=\"52%\">0,7 L\/ciclo<\/td>\n<\/tr>\n<tr>\n<td><strong>Peso da m\u00e1quina:<\/strong><\/td>\n<td width=\"52%\">150 kg<\/td>\n<\/tr>\n<tr>\n<td><strong>Peso da m\u00e1quina (incluindo a embalagem):<\/strong><\/td>\n<td width=\"52%\">190 kg<\/td>\n<\/tr>\n<tr>\n<td><strong>Dimens\u00f5es (C x L x A):<\/strong><\/td>\n<td width=\"52%\">1.000 x 950 x 1.400 mm<\/td>\n<\/tr>\n<tr>\n<td><strong>Dimens\u00f5es da caixa:<\/strong><\/td>\n<td width=\"52%\">1.080 x 1.010 x 1.520 mm<\/td>\n<\/tr>\n<\/tbody>\n<\/table>","protected":false},"excerpt":{"rendered":"<p>A m\u00e1quina de impress\u00e3o de tela redonda AP-400 \u00e9 o modelo mais popular. Essa impressora de tela cil\u00edndrica \u00e9 equipada com um sistema acionado pneumaticamente e controlado por placa PCB. Ela tem uma estrutura s\u00f3lida e desempenho est\u00e1vel. Seu di\u00e2metro m\u00e1ximo de impress\u00e3o \u00e9 de 110 mm. Ela oferece opera\u00e7\u00e3o f\u00e1cil e r\u00e1pida e permite a troca r\u00e1pida de acess\u00f3rios. Essa impressora de tela redonda \u00e9 amplamente utilizada para garrafas, copos, recipientes de tamanho m\u00e9dio e pequeno, etc. Ela pode lidar com formas redondas e ovais.<\/p>\n<p>&nbsp;<\/p>","protected":false},"featured_media":916,"template":"","meta":[],"product_brand":[],"product_cat":[15],"product_tag":[],"class_list":{"0":"post-284","1":"product","2":"type-product","3":"status-publish","4":"has-post-thumbnail","6":"product_cat-automatic-cylindrical-screen-printing-machine","8":"first","9":"instock","10":"shipping-taxable","11":"product-type-simple"},"yoast_head":"<!-- This site is optimized with the Yoast SEO plugin v27.4 - https:\/\/yoast.com\/product\/yoast-seo-wordpress\/ -->\n<title>Round Screen Printing Machine<\/title>\n<meta name=\"description\" content=\"The\u00a0AP-400\u00a0can screen print on flat and cylindrical objects,blow molded bottles, cosmetic tubes, aluminum water bottles, drum sticks, etc.\" \/>\n<meta name=\"robots\" content=\"index, follow, max-snippet:-1, max-image-preview:large, max-video-preview:-1\" \/>\n<link rel=\"canonical\" href=\"https:\/\/autoprintmachine.com\/pt\/maquina-de-impressao-de-tela-redonda-\u2205110mm\/\" \/>\n<meta property=\"og:locale\" content=\"pt_BR\" \/>\n<meta property=\"og:type\" content=\"article\" \/>\n<meta property=\"og:title\" content=\"Round Screen Printing Machine\" \/>\n<meta property=\"og:description\" content=\"The\u00a0AP-400\u00a0can screen print on flat and cylindrical objects,blow molded bottles, cosmetic tubes, aluminum water bottles, drum sticks, etc.\" \/>\n<meta property=\"og:url\" content=\"https:\/\/autoprintmachine.com\/pt\/maquina-de-impressao-de-tela-redonda-\u2205110mm\/\" \/>\n<meta property=\"article:publisher\" content=\"https:\/\/www.facebook.com\/autoprinttech\/\" \/>\n<meta property=\"article:modified_time\" content=\"2025-12-24T03:05:54+00:00\" \/>\n<meta property=\"og:image\" content=\"https:\/\/autoprintmachine.com\/wp-content\/uploads\/2020\/08\/OS-400New.jpg\" \/>\n\t<meta property=\"og:image:width\" content=\"600\" \/>\n\t<meta property=\"og:image:height\" content=\"600\" \/>\n\t<meta property=\"og:image:type\" content=\"image\/jpeg\" \/>\n<meta name=\"twitter:card\" content=\"summary_large_image\" \/>\n<meta name=\"twitter:label1\" content=\"Est. reading time\" \/>\n\t<meta name=\"twitter:data1\" content=\"2 minutos\" \/>\n<script type=\"application\/ld+json\" class=\"yoast-schema-graph\">{\"@context\":\"https:\\\/\\\/schema.org\",\"@graph\":[{\"@type\":\"WebPage\",\"@id\":\"https:\\\/\\\/autoprintmachine.com\\\/%e2%88%85110mm-round-screen-printing-machine\\\/\",\"url\":\"https:\\\/\\\/autoprintmachine.com\\\/%e2%88%85110mm-round-screen-printing-machine\\\/\",\"name\":\"Round Screen Printing Machine\",\"isPartOf\":{\"@id\":\"https:\\\/\\\/autoprintmachine.com\\\/#website\"},\"primaryImageOfPage\":{\"@id\":\"https:\\\/\\\/autoprintmachine.com\\\/%e2%88%85110mm-round-screen-printing-machine\\\/#primaryimage\"},\"image\":{\"@id\":\"https:\\\/\\\/autoprintmachine.com\\\/%e2%88%85110mm-round-screen-printing-machine\\\/#primaryimage\"},\"thumbnailUrl\":\"https:\\\/\\\/autoprintmachine.com\\\/wp-content\\\/uploads\\\/2020\\\/08\\\/OS-400New.jpg\",\"datePublished\":\"2020-08-06T06:59:01+00:00\",\"dateModified\":\"2025-12-24T03:05:54+00:00\",\"description\":\"The\u00a0AP-400\u00a0can screen print on flat and cylindrical objects,blow molded bottles, cosmetic tubes, aluminum water bottles, drum sticks, etc.\",\"breadcrumb\":{\"@id\":\"https:\\\/\\\/autoprintmachine.com\\\/%e2%88%85110mm-round-screen-printing-machine\\\/#breadcrumb\"},\"inLanguage\":\"pt-BR\",\"potentialAction\":[{\"@type\":\"ReadAction\",\"target\":[\"https:\\\/\\\/autoprintmachine.com\\\/%e2%88%85110mm-round-screen-printing-machine\\\/\"]}]},{\"@type\":\"ImageObject\",\"inLanguage\":\"pt-BR\",\"@id\":\"https:\\\/\\\/autoprintmachine.com\\\/%e2%88%85110mm-round-screen-printing-machine\\\/#primaryimage\",\"url\":\"https:\\\/\\\/autoprintmachine.com\\\/wp-content\\\/uploads\\\/2020\\\/08\\\/OS-400New.jpg\",\"contentUrl\":\"https:\\\/\\\/autoprintmachine.com\\\/wp-content\\\/uploads\\\/2020\\\/08\\\/OS-400New.jpg\",\"width\":600,\"height\":600,\"caption\":\"OS 400New\"},{\"@type\":\"BreadcrumbList\",\"@id\":\"https:\\\/\\\/autoprintmachine.com\\\/%e2%88%85110mm-round-screen-printing-machine\\\/#breadcrumb\",\"itemListElement\":[{\"@type\":\"ListItem\",\"position\":1,\"name\":\"Home\",\"item\":\"https:\\\/\\\/autoprintmachine.com\\\/\"},{\"@type\":\"ListItem\",\"position\":2,\"name\":\"Products\",\"item\":\"https:\\\/\\\/autoprintmachine.com\\\/shop\\\/\"},{\"@type\":\"ListItem\",\"position\":3,\"name\":\"\u2205110mm Round Screen Printing Machine\"}]},{\"@type\":\"WebSite\",\"@id\":\"https:\\\/\\\/autoprintmachine.com\\\/#website\",\"url\":\"https:\\\/\\\/autoprintmachine.com\\\/\",\"name\":\"\",\"description\":\"\",\"publisher\":{\"@id\":\"https:\\\/\\\/autoprintmachine.com\\\/#organization\"},\"potentialAction\":[{\"@type\":\"SearchAction\",\"target\":{\"@type\":\"EntryPoint\",\"urlTemplate\":\"https:\\\/\\\/autoprintmachine.com\\\/?s={search_term_string}\"},\"query-input\":{\"@type\":\"PropertyValueSpecification\",\"valueRequired\":true,\"valueName\":\"search_term_string\"}}],\"inLanguage\":\"pt-BR\"},{\"@type\":\"Organization\",\"@id\":\"https:\\\/\\\/autoprintmachine.com\\\/#organization\",\"name\":\"Dongguan Auto Print Tech Co., Ltd\",\"url\":\"https:\\\/\\\/autoprintmachine.com\\\/\",\"logo\":{\"@type\":\"ImageObject\",\"inLanguage\":\"pt-BR\",\"@id\":\"https:\\\/\\\/autoprintmachine.com\\\/#\\\/schema\\\/logo\\\/image\\\/\",\"url\":\"https:\\\/\\\/autoprintmachine.com\\\/wp-content\\\/uploads\\\/2023\\\/06\\\/screen_printing_logo_new.webp\",\"contentUrl\":\"https:\\\/\\\/autoprintmachine.com\\\/wp-content\\\/uploads\\\/2023\\\/06\\\/screen_printing_logo_new.webp\",\"width\":890,\"height\":750,\"caption\":\"Dongguan Auto Print Tech Co., Ltd\"},\"image\":{\"@id\":\"https:\\\/\\\/autoprintmachine.com\\\/#\\\/schema\\\/logo\\\/image\\\/\"},\"sameAs\":[\"https:\\\/\\\/www.facebook.com\\\/autoprinttech\\\/\",\"https:\\\/\\\/www.youtube.com\\\/channel\\\/UCJtPGiBbQWGE2DZLxySpCtw\"]}]}<\/script>\n<!-- \/ Yoast SEO plugin. -->","yoast_head_json":{"title":"M\u00e1quina de impress\u00e3o de tela redonda","description":"O AP-400 pode imprimir a tela em objetos planos e cil\u00edndricos, garrafas moldadas por sopro, tubos de cosm\u00e9ticos, garrafas de \u00e1gua de alum\u00ednio, baquetas de bateria, etc.","robots":{"index":"index","follow":"follow","max-snippet":"max-snippet:-1","max-image-preview":"max-image-preview:large","max-video-preview":"max-video-preview:-1"},"canonical":"https:\/\/autoprintmachine.com\/pt\/maquina-de-impressao-de-tela-redonda-\u2205110mm\/","og_locale":"pt_BR","og_type":"article","og_title":"Round Screen Printing Machine","og_description":"The\u00a0AP-400\u00a0can screen print on flat and cylindrical objects,blow molded bottles, cosmetic tubes, aluminum water bottles, drum sticks, etc.","og_url":"https:\/\/autoprintmachine.com\/pt\/maquina-de-impressao-de-tela-redonda-\u2205110mm\/","article_publisher":"https:\/\/www.facebook.com\/autoprinttech\/","article_modified_time":"2025-12-24T03:05:54+00:00","og_image":[{"width":600,"height":600,"url":"https:\/\/autoprintmachine.com\/wp-content\/uploads\/2020\/08\/OS-400New.jpg","type":"image\/jpeg"}],"twitter_card":"summary_large_image","twitter_misc":{"Est. reading time":"2 minutos"},"schema":{"@context":"https:\/\/schema.org","@graph":[{"@type":"WebPage","@id":"https:\/\/autoprintmachine.com\/%e2%88%85110mm-round-screen-printing-machine\/","url":"https:\/\/autoprintmachine.com\/%e2%88%85110mm-round-screen-printing-machine\/","name":"M\u00e1quina de impress\u00e3o de tela redonda","isPartOf":{"@id":"https:\/\/autoprintmachine.com\/#website"},"primaryImageOfPage":{"@id":"https:\/\/autoprintmachine.com\/%e2%88%85110mm-round-screen-printing-machine\/#primaryimage"},"image":{"@id":"https:\/\/autoprintmachine.com\/%e2%88%85110mm-round-screen-printing-machine\/#primaryimage"},"thumbnailUrl":"https:\/\/autoprintmachine.com\/wp-content\/uploads\/2020\/08\/OS-400New.jpg","datePublished":"2020-08-06T06:59:01+00:00","dateModified":"2025-12-24T03:05:54+00:00","description":"O AP-400 pode imprimir a tela em objetos planos e cil\u00edndricos, garrafas moldadas por sopro, tubos de cosm\u00e9ticos, garrafas de \u00e1gua de alum\u00ednio, baquetas de bateria, etc.","breadcrumb":{"@id":"https:\/\/autoprintmachine.com\/%e2%88%85110mm-round-screen-printing-machine\/#breadcrumb"},"inLanguage":"pt-BR","potentialAction":[{"@type":"ReadAction","target":["https:\/\/autoprintmachine.com\/%e2%88%85110mm-round-screen-printing-machine\/"]}]},{"@type":"ImageObject","inLanguage":"pt-BR","@id":"https:\/\/autoprintmachine.com\/%e2%88%85110mm-round-screen-printing-machine\/#primaryimage","url":"https:\/\/autoprintmachine.com\/wp-content\/uploads\/2020\/08\/OS-400New.jpg","contentUrl":"https:\/\/autoprintmachine.com\/wp-content\/uploads\/2020\/08\/OS-400New.jpg","width":600,"height":600,"caption":"OS 400New"},{"@type":"BreadcrumbList","@id":"https:\/\/autoprintmachine.com\/%e2%88%85110mm-round-screen-printing-machine\/#breadcrumb","itemListElement":[{"@type":"ListItem","position":1,"name":"Home","item":"https:\/\/autoprintmachine.com\/"},{"@type":"ListItem","position":2,"name":"Products","item":"https:\/\/autoprintmachine.com\/shop\/"},{"@type":"ListItem","position":3,"name":"\u2205110mm Round Screen Printing Machine"}]},{"@type":"WebSite","@id":"https:\/\/autoprintmachine.com\/#website","url":"https:\/\/autoprintmachine.com\/","name":"","description":"","publisher":{"@id":"https:\/\/autoprintmachine.com\/#organization"},"potentialAction":[{"@type":"SearchAction","target":{"@type":"EntryPoint","urlTemplate":"https:\/\/autoprintmachine.com\/?s={search_term_string}"},"query-input":{"@type":"PropertyValueSpecification","valueRequired":true,"valueName":"search_term_string"}}],"inLanguage":"pt-BR"},{"@type":"Organization","@id":"https:\/\/autoprintmachine.com\/#organization","name":"Dongguan Auto Print Tech Co., Ltd","url":"https:\/\/autoprintmachine.com\/","logo":{"@type":"ImageObject","inLanguage":"pt-BR","@id":"https:\/\/autoprintmachine.com\/#\/schema\/logo\/image\/","url":"https:\/\/autoprintmachine.com\/wp-content\/uploads\/2023\/06\/screen_printing_logo_new.webp","contentUrl":"https:\/\/autoprintmachine.com\/wp-content\/uploads\/2023\/06\/screen_printing_logo_new.webp","width":890,"height":750,"caption":"Dongguan Auto Print Tech Co., Ltd"},"image":{"@id":"https:\/\/autoprintmachine.com\/#\/schema\/logo\/image\/"},"sameAs":["https:\/\/www.facebook.com\/autoprinttech\/","https:\/\/www.youtube.com\/channel\/UCJtPGiBbQWGE2DZLxySpCtw"]}]}},"_links":{"self":[{"href":"https:\/\/autoprintmachine.com\/pt\/wp-json\/wp\/v2\/product\/284","targetHints":{"allow":["GET"]}}],"collection":[{"href":"https:\/\/autoprintmachine.com\/pt\/wp-json\/wp\/v2\/product"}],"about":[{"href":"https:\/\/autoprintmachine.com\/pt\/wp-json\/wp\/v2\/types\/product"}],"wp:featuredmedia":[{"embeddable":true,"href":"https:\/\/autoprintmachine.com\/pt\/wp-json\/wp\/v2\/media\/916"}],"wp:attachment":[{"href":"https:\/\/autoprintmachine.com\/pt\/wp-json\/wp\/v2\/media?parent=284"}],"wp:term":[{"taxonomy":"product_brand","embeddable":true,"href":"https:\/\/autoprintmachine.com\/pt\/wp-json\/wp\/v2\/product_brand?post=284"},{"taxonomy":"product_cat","embeddable":true,"href":"https:\/\/autoprintmachine.com\/pt\/wp-json\/wp\/v2\/product_cat?post=284"},{"taxonomy":"product_tag","embeddable":true,"href":"https:\/\/autoprintmachine.com\/pt\/wp-json\/wp\/v2\/product_tag?post=284"}],"curies":[{"name":"wp","href":"https:\/\/api.w.org\/{rel}","templated":true}]}}