{"id":292,"date":"2020-08-06T08:42:15","date_gmt":"2020-08-06T08:42:15","guid":{"rendered":"https:\/\/onceauto.seowaimao.com\/?post_type=product&#038;p=292"},"modified":"2025-12-24T05:44:57","modified_gmt":"2025-12-24T05:44:57","slug":"maquina-de-impressao-de-tela-redonda-para-conteineres-%e2%88%85180mm","status":"publish","type":"product","link":"https:\/\/autoprintmachine.com\/pt\/maquina-de-impressao-de-tela-redonda-para-conteineres-%e2%88%85180mm\/","title":{"rendered":"\u2205M\u00e1quina de impress\u00e3o de tela redonda para cont\u00eaineres de 180 mm"},"content":{"rendered":"<p><strong>Introdu\u00e7\u00e3o:<\/strong><\/p>\n<p>O <strong>AP-600<\/strong> A m\u00e1quina de impress\u00e3o de tela redonda tem um di\u00e2metro m\u00e1ximo de impress\u00e3o de 180 mm. Essa m\u00e1quina \u00e9 adequada para imprimir em garrafas, recipientes, copos, etc. de tamanho m\u00e9dio.<\/p>\n<p><strong>Recursos padr\u00e3o:<\/strong><\/p>\n<ul>\n<li>Controle pneum\u00e1tico com amortecedores<\/li>\n<li>Controlado por microprocessador - PCB<\/li>\n<li>Elevador vertical de pe\u00e7as com ajuste de altura<\/li>\n<li>Curso de impress\u00e3o controlado com cilindro sem haste<\/li>\n<li>Mesa de montagem de utens\u00edlios de posicionamento X\/Y\/R<\/li>\n<li>Rolamentos lineares de esferas em eixos endurecidos<\/li>\n<li>Inclina\u00e7\u00e3o, inclina\u00e7\u00e3o e altura do rodo ajust\u00e1veis<\/li>\n<li>\u00c2ngulo e inclina\u00e7\u00e3o da moldura da tela ajust\u00e1veis<\/li>\n<li>Sistema sincronizado de enchimento de garrafas com regulador<\/li>\n<li>Press\u00e3o regulada do rodo com medidor de press\u00e3o<\/li>\n<li>Niveladores de piso e rod\u00edzios<\/li>\n<li>Controlado por pedal<\/li>\n<\/ul>\n<p><strong>Especifica\u00e7\u00f5es:<\/strong><\/p>\n<table width=\"96%\">\n<tbody>\n<tr>\n<td width=\"50%\"><strong>Modelo n\u00ba:<\/strong><\/td>\n<td width=\"50%\"><strong>AP-600<\/strong><\/td>\n<\/tr>\n<tr>\n<td><strong>Sistema de acionamento:<\/strong><\/td>\n<td>Pneum\u00e1tico<\/td>\n<\/tr>\n<tr>\n<td><strong>Curso para cima\/para baixo do quadro:<\/strong><\/td>\n<td>100 mm (3,94\u2033)<\/td>\n<\/tr>\n<tr>\n<td><strong>\u00c1rea m\u00e1xima de impress\u00e3o redonda:<br \/>\n\u00c1rea m\u00e1xima de impress\u00e3o oval:<\/strong><\/td>\n<td>180 mm (7,08\u2033) \u00d8<br \/>\n560 mm (22,05\u2033) Comprimento do arco<\/td>\n<\/tr>\n<tr>\n<td><strong>Tamanho da mesa de trabalho:<\/strong><\/td>\n<td>250 x 700 mm (9,84\u2033 x 27,56\u2033)<\/td>\n<\/tr>\n<tr>\n<td><strong>Ajuste da tabela:<\/strong><\/td>\n<td>X,Y \u00b1 15 mm \/\u00a0<em>\u03b8<\/em>\u00a015 \u00b0<\/td>\n<\/tr>\n<tr>\n<td><strong>Tamanho m\u00e1ximo do quadro da tela<\/strong><strong>:<\/strong><\/td>\n<td>400 x 800 mm (15,75\u2033 x 31,50\u2033)<\/td>\n<\/tr>\n<tr>\n<td><strong>Espessura da moldura da tela:<\/strong><\/td>\n<td>18 - 25 mm (.71\u2033 - .98\u2033)<\/td>\n<\/tr>\n<tr>\n<td><strong>\u00c2ngulo do rodo:<\/strong><\/td>\n<td>0-15\u00b0<\/td>\n<\/tr>\n<tr>\n<td><strong>Velocidade do ciclo de impress\u00e3o<\/strong><strong>:<\/strong><\/td>\n<td>960 ciclos\/hora<\/td>\n<\/tr>\n<tr>\n<td><strong>Velocidade do rodo:<\/strong><\/td>\n<td>16\/min<\/td>\n<\/tr>\n<tr>\n<td><strong>Press\u00e3o do rodo:<\/strong><\/td>\n<td>2 - 4 Barras<\/td>\n<\/tr>\n<tr>\n<td><strong>Fonte el\u00e9trica:<\/strong><\/td>\n<td>110V\/220V 50-60Hz 50W<\/td>\n<\/tr>\n<tr>\n<td><strong>Entrada de press\u00e3o de ar:<\/strong><\/td>\n<td>80 psi<\/td>\n<\/tr>\n<tr>\n<td><strong>Consumo de ar:<\/strong><\/td>\n<td>0,7 L\/ciclo<\/td>\n<\/tr>\n<tr>\n<td><strong>Peso l\u00edquido:<\/strong><\/td>\n<td>170 kg<\/td>\n<\/tr>\n<tr>\n<td><strong>Peso bruto:<\/strong><\/td>\n<td>260 kg<\/td>\n<\/tr>\n<tr>\n<td><strong>Dimens\u00f5es (C x L x A):<\/strong><\/td>\n<td>1.130 x 750 x 1.350 mm<\/td>\n<\/tr>\n<tr>\n<td><strong>Dimens\u00f5es da caixa:<\/strong><\/td>\n<td>1.250 x 940 x 1.460 mm<\/td>\n<\/tr>\n<\/tbody>\n<\/table>","protected":false},"excerpt":{"rendered":"<p>A m\u00e1quina de impress\u00e3o de tela redonda AP-600 \u00e9 vers\u00e1til para imprimir em recipientes redondos, cil\u00edndricos e ovais. Com um di\u00e2metro m\u00e1ximo de impress\u00e3o de 180 mm, essa impressora de tela cil\u00edndrica \u00e9 adequada para imprimir objetos de tamanho m\u00e9dio. Ela oferece desempenho est\u00e1vel da m\u00e1quina, f\u00e1cil opera\u00e7\u00e3o e troca r\u00e1pida de gabarito. Essa m\u00e1quina \u00e9 popular nos setores de embalagens pl\u00e1sticas, impress\u00e3o de vidro, etc.<\/p>\n<p>&nbsp;<\/p>","protected":false},"featured_media":918,"template":"","meta":[],"product_brand":[],"product_cat":[15],"product_tag":[],"class_list":{"0":"post-292","1":"product","2":"type-product","3":"status-publish","4":"has-post-thumbnail","6":"product_cat-automatic-cylindrical-screen-printing-machine","8":"first","9":"instock","10":"shipping-taxable","11":"product-type-simple"},"yoast_head":"<!-- This site is optimized with the Yoast SEO plugin v27.4 - https:\/\/yoast.com\/product\/yoast-seo-wordpress\/ -->\n<title>Round Screen Printing Machine | \u2205180mm Container<\/title>\n<meta name=\"description\" content=\"The machine with a max print diameter 180mm. This machine suitable for medium size bottle, container, cup, etc. printing.\" \/>\n<meta name=\"robots\" content=\"index, follow, max-snippet:-1, max-image-preview:large, max-video-preview:-1\" \/>\n<link rel=\"canonical\" href=\"https:\/\/autoprintmachine.com\/pt\/maquina-de-impressao-de-tela-redonda-para-conteineres-\u2205180mm\/\" \/>\n<meta property=\"og:locale\" content=\"pt_BR\" \/>\n<meta property=\"og:type\" content=\"article\" \/>\n<meta property=\"og:title\" content=\"Round Screen Printing Machine | \u2205180mm Container\" \/>\n<meta property=\"og:description\" content=\"The machine with a max print diameter 180mm. This machine suitable for medium size bottle, container, cup, etc. printing.\" \/>\n<meta property=\"og:url\" content=\"https:\/\/autoprintmachine.com\/pt\/maquina-de-impressao-de-tela-redonda-para-conteineres-\u2205180mm\/\" \/>\n<meta property=\"article:publisher\" content=\"https:\/\/www.facebook.com\/autoprinttech\/\" \/>\n<meta property=\"article:modified_time\" content=\"2025-12-24T05:44:57+00:00\" \/>\n<meta property=\"og:image\" content=\"https:\/\/autoprintmachine.com\/wp-content\/uploads\/2020\/08\/OS-600-1.jpg\" \/>\n\t<meta property=\"og:image:width\" content=\"600\" \/>\n\t<meta property=\"og:image:height\" content=\"600\" \/>\n\t<meta property=\"og:image:type\" content=\"image\/jpeg\" \/>\n<meta name=\"twitter:card\" content=\"summary_large_image\" \/>\n<meta name=\"twitter:label1\" content=\"Est. reading time\" \/>\n\t<meta name=\"twitter:data1\" content=\"2 minutos\" \/>\n<script type=\"application\/ld+json\" class=\"yoast-schema-graph\">{\"@context\":\"https:\\\/\\\/schema.org\",\"@graph\":[{\"@type\":\"WebPage\",\"@id\":\"https:\\\/\\\/autoprintmachine.com\\\/%e2%88%85180mm-container-round-screen-printing-machine\\\/\",\"url\":\"https:\\\/\\\/autoprintmachine.com\\\/%e2%88%85180mm-container-round-screen-printing-machine\\\/\",\"name\":\"Round Screen Printing Machine | \u2205180mm Container\",\"isPartOf\":{\"@id\":\"https:\\\/\\\/autoprintmachine.com\\\/#website\"},\"primaryImageOfPage\":{\"@id\":\"https:\\\/\\\/autoprintmachine.com\\\/%e2%88%85180mm-container-round-screen-printing-machine\\\/#primaryimage\"},\"image\":{\"@id\":\"https:\\\/\\\/autoprintmachine.com\\\/%e2%88%85180mm-container-round-screen-printing-machine\\\/#primaryimage\"},\"thumbnailUrl\":\"https:\\\/\\\/autoprintmachine.com\\\/wp-content\\\/uploads\\\/2020\\\/08\\\/OS-600-1.jpg\",\"datePublished\":\"2020-08-06T08:42:15+00:00\",\"dateModified\":\"2025-12-24T05:44:57+00:00\",\"description\":\"The machine with a max print diameter 180mm. This machine suitable for medium size bottle, container, cup, etc. printing.\",\"breadcrumb\":{\"@id\":\"https:\\\/\\\/autoprintmachine.com\\\/%e2%88%85180mm-container-round-screen-printing-machine\\\/#breadcrumb\"},\"inLanguage\":\"pt-BR\",\"potentialAction\":[{\"@type\":\"ReadAction\",\"target\":[\"https:\\\/\\\/autoprintmachine.com\\\/%e2%88%85180mm-container-round-screen-printing-machine\\\/\"]}]},{\"@type\":\"ImageObject\",\"inLanguage\":\"pt-BR\",\"@id\":\"https:\\\/\\\/autoprintmachine.com\\\/%e2%88%85180mm-container-round-screen-printing-machine\\\/#primaryimage\",\"url\":\"https:\\\/\\\/autoprintmachine.com\\\/wp-content\\\/uploads\\\/2020\\\/08\\\/OS-600-1.jpg\",\"contentUrl\":\"https:\\\/\\\/autoprintmachine.com\\\/wp-content\\\/uploads\\\/2020\\\/08\\\/OS-600-1.jpg\",\"width\":600,\"height\":600,\"caption\":\"OS 600\"},{\"@type\":\"BreadcrumbList\",\"@id\":\"https:\\\/\\\/autoprintmachine.com\\\/%e2%88%85180mm-container-round-screen-printing-machine\\\/#breadcrumb\",\"itemListElement\":[{\"@type\":\"ListItem\",\"position\":1,\"name\":\"Home\",\"item\":\"https:\\\/\\\/autoprintmachine.com\\\/\"},{\"@type\":\"ListItem\",\"position\":2,\"name\":\"Products\",\"item\":\"https:\\\/\\\/autoprintmachine.com\\\/shop\\\/\"},{\"@type\":\"ListItem\",\"position\":3,\"name\":\"\u2205180mm Container Round Screen Printing Machine\"}]},{\"@type\":\"WebSite\",\"@id\":\"https:\\\/\\\/autoprintmachine.com\\\/#website\",\"url\":\"https:\\\/\\\/autoprintmachine.com\\\/\",\"name\":\"\",\"description\":\"\",\"publisher\":{\"@id\":\"https:\\\/\\\/autoprintmachine.com\\\/#organization\"},\"potentialAction\":[{\"@type\":\"SearchAction\",\"target\":{\"@type\":\"EntryPoint\",\"urlTemplate\":\"https:\\\/\\\/autoprintmachine.com\\\/?s={search_term_string}\"},\"query-input\":{\"@type\":\"PropertyValueSpecification\",\"valueRequired\":true,\"valueName\":\"search_term_string\"}}],\"inLanguage\":\"pt-BR\"},{\"@type\":\"Organization\",\"@id\":\"https:\\\/\\\/autoprintmachine.com\\\/#organization\",\"name\":\"Dongguan Auto Print Tech Co., Ltd\",\"url\":\"https:\\\/\\\/autoprintmachine.com\\\/\",\"logo\":{\"@type\":\"ImageObject\",\"inLanguage\":\"pt-BR\",\"@id\":\"https:\\\/\\\/autoprintmachine.com\\\/#\\\/schema\\\/logo\\\/image\\\/\",\"url\":\"https:\\\/\\\/autoprintmachine.com\\\/wp-content\\\/uploads\\\/2023\\\/06\\\/screen_printing_logo_new.webp\",\"contentUrl\":\"https:\\\/\\\/autoprintmachine.com\\\/wp-content\\\/uploads\\\/2023\\\/06\\\/screen_printing_logo_new.webp\",\"width\":890,\"height\":750,\"caption\":\"Dongguan Auto Print Tech Co., Ltd\"},\"image\":{\"@id\":\"https:\\\/\\\/autoprintmachine.com\\\/#\\\/schema\\\/logo\\\/image\\\/\"},\"sameAs\":[\"https:\\\/\\\/www.facebook.com\\\/autoprinttech\\\/\",\"https:\\\/\\\/www.youtube.com\\\/channel\\\/UCJtPGiBbQWGE2DZLxySpCtw\"]}]}<\/script>\n<!-- \/ Yoast SEO plugin. -->","yoast_head_json":{"title":"M\u00e1quina de impress\u00e3o de tela redonda | Recipiente de \u2205180mm","description":"A m\u00e1quina tem um di\u00e2metro m\u00e1ximo de impress\u00e3o de 180 mm. Essa m\u00e1quina \u00e9 adequada para impress\u00e3o de garrafas, recipientes, copos, etc. de tamanho m\u00e9dio.","robots":{"index":"index","follow":"follow","max-snippet":"max-snippet:-1","max-image-preview":"max-image-preview:large","max-video-preview":"max-video-preview:-1"},"canonical":"https:\/\/autoprintmachine.com\/pt\/maquina-de-impressao-de-tela-redonda-para-conteineres-\u2205180mm\/","og_locale":"pt_BR","og_type":"article","og_title":"Round Screen Printing Machine | \u2205180mm Container","og_description":"The machine with a max print diameter 180mm. This machine suitable for medium size bottle, container, cup, etc. printing.","og_url":"https:\/\/autoprintmachine.com\/pt\/maquina-de-impressao-de-tela-redonda-para-conteineres-\u2205180mm\/","article_publisher":"https:\/\/www.facebook.com\/autoprinttech\/","article_modified_time":"2025-12-24T05:44:57+00:00","og_image":[{"width":600,"height":600,"url":"https:\/\/autoprintmachine.com\/wp-content\/uploads\/2020\/08\/OS-600-1.jpg","type":"image\/jpeg"}],"twitter_card":"summary_large_image","twitter_misc":{"Est. reading time":"2 minutos"},"schema":{"@context":"https:\/\/schema.org","@graph":[{"@type":"WebPage","@id":"https:\/\/autoprintmachine.com\/%e2%88%85180mm-container-round-screen-printing-machine\/","url":"https:\/\/autoprintmachine.com\/%e2%88%85180mm-container-round-screen-printing-machine\/","name":"M\u00e1quina de impress\u00e3o de tela redonda | Recipiente de \u2205180mm","isPartOf":{"@id":"https:\/\/autoprintmachine.com\/#website"},"primaryImageOfPage":{"@id":"https:\/\/autoprintmachine.com\/%e2%88%85180mm-container-round-screen-printing-machine\/#primaryimage"},"image":{"@id":"https:\/\/autoprintmachine.com\/%e2%88%85180mm-container-round-screen-printing-machine\/#primaryimage"},"thumbnailUrl":"https:\/\/autoprintmachine.com\/wp-content\/uploads\/2020\/08\/OS-600-1.jpg","datePublished":"2020-08-06T08:42:15+00:00","dateModified":"2025-12-24T05:44:57+00:00","description":"A m\u00e1quina tem um di\u00e2metro m\u00e1ximo de impress\u00e3o de 180 mm. Essa m\u00e1quina \u00e9 adequada para impress\u00e3o de garrafas, recipientes, copos, etc. de tamanho m\u00e9dio.","breadcrumb":{"@id":"https:\/\/autoprintmachine.com\/%e2%88%85180mm-container-round-screen-printing-machine\/#breadcrumb"},"inLanguage":"pt-BR","potentialAction":[{"@type":"ReadAction","target":["https:\/\/autoprintmachine.com\/%e2%88%85180mm-container-round-screen-printing-machine\/"]}]},{"@type":"ImageObject","inLanguage":"pt-BR","@id":"https:\/\/autoprintmachine.com\/%e2%88%85180mm-container-round-screen-printing-machine\/#primaryimage","url":"https:\/\/autoprintmachine.com\/wp-content\/uploads\/2020\/08\/OS-600-1.jpg","contentUrl":"https:\/\/autoprintmachine.com\/wp-content\/uploads\/2020\/08\/OS-600-1.jpg","width":600,"height":600,"caption":"OS 600"},{"@type":"BreadcrumbList","@id":"https:\/\/autoprintmachine.com\/%e2%88%85180mm-container-round-screen-printing-machine\/#breadcrumb","itemListElement":[{"@type":"ListItem","position":1,"name":"Home","item":"https:\/\/autoprintmachine.com\/"},{"@type":"ListItem","position":2,"name":"Products","item":"https:\/\/autoprintmachine.com\/shop\/"},{"@type":"ListItem","position":3,"name":"\u2205180mm Container Round Screen Printing Machine"}]},{"@type":"WebSite","@id":"https:\/\/autoprintmachine.com\/#website","url":"https:\/\/autoprintmachine.com\/","name":"","description":"","publisher":{"@id":"https:\/\/autoprintmachine.com\/#organization"},"potentialAction":[{"@type":"SearchAction","target":{"@type":"EntryPoint","urlTemplate":"https:\/\/autoprintmachine.com\/?s={search_term_string}"},"query-input":{"@type":"PropertyValueSpecification","valueRequired":true,"valueName":"search_term_string"}}],"inLanguage":"pt-BR"},{"@type":"Organization","@id":"https:\/\/autoprintmachine.com\/#organization","name":"Dongguan Auto Print Tech Co., Ltd","url":"https:\/\/autoprintmachine.com\/","logo":{"@type":"ImageObject","inLanguage":"pt-BR","@id":"https:\/\/autoprintmachine.com\/#\/schema\/logo\/image\/","url":"https:\/\/autoprintmachine.com\/wp-content\/uploads\/2023\/06\/screen_printing_logo_new.webp","contentUrl":"https:\/\/autoprintmachine.com\/wp-content\/uploads\/2023\/06\/screen_printing_logo_new.webp","width":890,"height":750,"caption":"Dongguan Auto Print Tech Co., Ltd"},"image":{"@id":"https:\/\/autoprintmachine.com\/#\/schema\/logo\/image\/"},"sameAs":["https:\/\/www.facebook.com\/autoprinttech\/","https:\/\/www.youtube.com\/channel\/UCJtPGiBbQWGE2DZLxySpCtw"]}]}},"_links":{"self":[{"href":"https:\/\/autoprintmachine.com\/pt\/wp-json\/wp\/v2\/product\/292","targetHints":{"allow":["GET"]}}],"collection":[{"href":"https:\/\/autoprintmachine.com\/pt\/wp-json\/wp\/v2\/product"}],"about":[{"href":"https:\/\/autoprintmachine.com\/pt\/wp-json\/wp\/v2\/types\/product"}],"wp:featuredmedia":[{"embeddable":true,"href":"https:\/\/autoprintmachine.com\/pt\/wp-json\/wp\/v2\/media\/918"}],"wp:attachment":[{"href":"https:\/\/autoprintmachine.com\/pt\/wp-json\/wp\/v2\/media?parent=292"}],"wp:term":[{"taxonomy":"product_brand","embeddable":true,"href":"https:\/\/autoprintmachine.com\/pt\/wp-json\/wp\/v2\/product_brand?post=292"},{"taxonomy":"product_cat","embeddable":true,"href":"https:\/\/autoprintmachine.com\/pt\/wp-json\/wp\/v2\/product_cat?post=292"},{"taxonomy":"product_tag","embeddable":true,"href":"https:\/\/autoprintmachine.com\/pt\/wp-json\/wp\/v2\/product_tag?post=292"}],"curies":[{"name":"wp","href":"https:\/\/api.w.org\/{rel}","templated":true}]}}