{"id":299,"date":"2020-08-07T08:50:24","date_gmt":"2020-08-07T08:50:24","guid":{"rendered":"https:\/\/onceauto.seowaimao.com\/?post_type=product&#038;p=299"},"modified":"2026-01-27T02:57:21","modified_gmt":"2026-01-27T02:57:21","slug":"automatic-flat-bed-screen-printing-machine","status":"publish","type":"product","link":"https:\/\/autoprintmachine.com\/pt\/maquina-automatica-de-impressao-de-tela-plana\/","title":{"rendered":"M\u00e1quina de impress\u00e3o de tela plana autom\u00e1tica el\u00e9trica"},"content":{"rendered":"<h2>Introdu\u00e7\u00e3o \u00e0 impressora de tela plana:<\/h2>\n<p>The AP series electric flatbed screen printing press features an electric-motor-driven system. It lifts the screen frame vertically, keeping the ink in the \u201cprint zone\u201d. This flat, vertical lifting method makes it easy for the operator. They can load and unload graphic sheets during production runs. It provides the added advantage of easy viewing and inspection of the printed sheet. The horizontal printing axis is controlled electrically by an AC motor. When you use a vacuum table, it&#8217;s perfect for printing graphic panels and signs, from small to large sizes. It is also suitable for printing industrial flat goods.<\/p>\n<h2>Especifica\u00e7\u00f5es da prensa de impress\u00e3o plana:<\/h2>\n<table width=\"414\">\n<tbody>\n<tr>\n<td width=\"69\">Modelo<\/td>\n<td width=\"69\">AP-3050V<\/td>\n<td width=\"69\">AP-4060V<\/td>\n<td width=\"69\">AP-5070V<\/td>\n<td width=\"69\">AP-6090V<\/td>\n<td width=\"69\">AP-70120V<\/td>\n<\/tr>\n<tr>\n<td width=\"69\">Curso para cima\/para baixo do quadro<\/td>\n<td width=\"69\">150 mm<\/td>\n<td width=\"69\">200 mm<\/td>\n<td width=\"69\">200 mm<\/td>\n<td width=\"69\">200 mm<\/td>\n<td width=\"69\">200 mm<\/td>\n<\/tr>\n<tr>\n<td width=\"69\">Imprimir tra\u00e7o (esquerda e direita)<\/td>\n<td width=\"69\">550 mm<\/td>\n<td width=\"69\">700 mm<\/td>\n<td width=\"69\">800 mm<\/td>\n<td width=\"69\">1000 mm<\/td>\n<td width=\"69\">1300 mm<\/td>\n<\/tr>\n<tr>\n<td width=\"69\">\u00c1rea m\u00e1xima de impress\u00e3o<\/td>\n<td width=\"69\">300x500mm<\/td>\n<td width=\"69\">400x600mm<\/td>\n<td width=\"69\">500x700mm<\/td>\n<td width=\"69\">600x900mm<\/td>\n<td width=\"69\">700x1200mm<\/td>\n<\/tr>\n<tr>\n<td width=\"69\">Tamanho da mesa de v\u00e1cuo<\/td>\n<td width=\"69\">300x500mm<\/td>\n<td width=\"69\">400x600mm<\/td>\n<td width=\"69\">500x700mm<\/td>\n<td width=\"69\">600x900mm<\/td>\n<td width=\"69\">700x1200mm<\/td>\n<\/tr>\n<tr>\n<td width=\"69\">Tamanho da mesa de trabalho<\/td>\n<td width=\"69\">350x600mm<\/td>\n<td width=\"69\">500x700mm<\/td>\n<td width=\"69\">600x800mm<\/td>\n<td width=\"69\">700x1000mm<\/td>\n<td width=\"69\">800x1300mm<\/td>\n<\/tr>\n<tr>\n<td width=\"69\">Tamanho m\u00e1ximo da estrutura<\/td>\n<td width=\"69\">500x830mm<\/td>\n<td width=\"69\">600x9300mm<\/td>\n<td width=\"69\">700x1130mm<\/td>\n<td width=\"69\">800x13000mm<\/td>\n<td width=\"69\">1000x14500mm<\/td>\n<\/tr>\n<tr>\n<td width=\"69\">Espessura da moldura da tela<\/td>\n<td width=\"69\">50,8 mm<\/td>\n<td width=\"69\">50,8 mm<\/td>\n<td width=\"69\">50,8 mm<\/td>\n<td width=\"69\">50,8 mm<\/td>\n<td width=\"69\">50,8 mm<\/td>\n<\/tr>\n<tr>\n<td width=\"69\">Press\u00e3o do rodo<\/td>\n<td width=\"69\">2-4 bar<\/td>\n<td width=\"69\">2-4 bar<\/td>\n<td width=\"69\">2-4 bar<\/td>\n<td width=\"69\">2-4 bar<\/td>\n<td width=\"69\">2-4 bar<\/td>\n<\/tr>\n<tr>\n<td width=\"69\">Velocidade m\u00e1xima de impress\u00e3o<\/td>\n<td width=\"69\">1.200 ciclos\/hora<\/td>\n<td width=\"69\">800 ciclos\/hora<\/td>\n<td width=\"69\">800 ciclos\/hora<\/td>\n<td width=\"69\">800 ciclos\/hora<\/td>\n<td width=\"69\">600 ciclos\/hora<\/td>\n<\/tr>\n<tr>\n<td width=\"69\">Fonte el\u00e9trica<\/td>\n<td width=\"69\">110\/220\/230V 50\/60Hz<\/td>\n<td width=\"69\">110\/220\/230V 50\/60Hz<\/td>\n<td width=\"69\">110\/220\/230V 50\/60Hz<\/td>\n<td width=\"69\">380V 50\/60Hz<\/td>\n<td width=\"69\">380V 50\/60Hz<\/td>\n<\/tr>\n<tr>\n<td width=\"69\">Peso da m\u00e1quina<\/td>\n<td width=\"69\">190 kg<\/td>\n<td width=\"69\">320 kg<\/td>\n<td width=\"69\">380 kg<\/td>\n<td width=\"69\">660 kg<\/td>\n<td width=\"69\">680 kg<\/td>\n<\/tr>\n<tr>\n<td width=\"69\">Dimens\u00e3o da m\u00e1quina<\/td>\n<td width=\"69\">800x1050x1550mm<\/td>\n<td width=\"69\">1150x1000x1700mm<\/td>\n<td width=\"69\">1100x1300x1650mm<\/td>\n<td width=\"69\">1350x1350x1700mm<\/td>\n<td width=\"69\">1450x1650x1700mm<\/td>\n<\/tr>\n<\/tbody>\n<\/table>","protected":false},"excerpt":{"rendered":"<p>The AP series electric flat screen printing machine features an AC motor. It allows movement in the left, right, up, and down directions. The PLC-controlled brand, with a touchscreen, makes the machine programmable. The electric drive offers more stable working performance than pneumatic-type machines.<\/p>\n<p>You can find the standard electric flat screen printer in various sizes. Options include 300x500mm, 400x600mm, 500x700mm, 600x900mm, and 700x1200mm, depending on your print area. And we can print at a larger size. The worktable can be both a vacuum table and a T-slot table for different print parts.<\/p>\n<p>This accurate series machine is commonly used in industrial printing. It prints on transfer paper, decals, membrane switches, and even automobile dashboards.<\/p>","protected":false},"featured_media":304,"template":"","meta":[],"product_cat":[17],"class_list":{"0":"post-299","1":"product","2":"type-product","3":"status-publish","4":"has-post-thumbnail","6":"product_cat-flat-screen-printing-machine","8":"first","9":"instock","10":"shipping-taxable","11":"product-type-simple"},"acf":[],"yoast_head":"<!-- This site is optimized with the Yoast SEO plugin v23.9 - https:\/\/yoast.com\/wordpress\/plugins\/seo\/ -->\n<title>Electric Automatic Flat Bed Screen Printing Machine<\/title>\n<meta name=\"description\" content=\"This automatic flat bed screen printing machine is suited for printing graphic panels, signage, membrane switches and overlays.\" \/>\n<meta name=\"robots\" content=\"index, follow, max-snippet:-1, max-image-preview:large, max-video-preview:-1\" \/>\n<link rel=\"canonical\" href=\"https:\/\/autoprintmachine.com\/pt\/maquina-automatica-de-impressao-de-tela-plana\/\" \/>\n<meta property=\"og:locale\" content=\"pt_BR\" \/>\n<meta property=\"og:type\" content=\"article\" \/>\n<meta property=\"og:title\" content=\"Electric Automatic Flat Bed Screen Printing Machine\" \/>\n<meta property=\"og:description\" content=\"This automatic flat bed screen printing machine is suited for printing graphic panels, signage, membrane switches and overlays.\" \/>\n<meta property=\"og:url\" content=\"https:\/\/autoprintmachine.com\/pt\/maquina-automatica-de-impressao-de-tela-plana\/\" \/>\n<meta property=\"article:publisher\" content=\"https:\/\/www.facebook.com\/autoprinttech\/\" \/>\n<meta property=\"article:modified_time\" content=\"2026-01-27T02:57:21+00:00\" \/>\n<meta property=\"og:image\" content=\"https:\/\/autoprintmachine.com\/wp-content\/uploads\/2020\/08\/OS-6090.jpg\" \/>\n\t<meta property=\"og:image:width\" content=\"600\" \/>\n\t<meta property=\"og:image:height\" content=\"600\" \/>\n\t<meta property=\"og:image:type\" content=\"image\/jpeg\" \/>\n<meta name=\"twitter:card\" content=\"summary_large_image\" \/>\n<meta name=\"twitter:label1\" content=\"Est. tempo de leitura\" \/>\n\t<meta name=\"twitter:data1\" content=\"2 minutos\" \/>\n<script type=\"application\/ld+json\" class=\"yoast-schema-graph\">{\"@context\":\"https:\/\/schema.org\",\"@graph\":[{\"@type\":\"WebPage\",\"@id\":\"https:\/\/autoprintmachine.com\/automatic-flat-bed-screen-printing-machine\/\",\"url\":\"https:\/\/autoprintmachine.com\/automatic-flat-bed-screen-printing-machine\/\",\"name\":\"Electric Automatic Flat Bed Screen Printing Machine\",\"isPartOf\":{\"@id\":\"https:\/\/autoprintmachine.com\/#website\"},\"primaryImageOfPage\":{\"@id\":\"https:\/\/autoprintmachine.com\/automatic-flat-bed-screen-printing-machine\/#primaryimage\"},\"image\":{\"@id\":\"https:\/\/autoprintmachine.com\/automatic-flat-bed-screen-printing-machine\/#primaryimage\"},\"thumbnailUrl\":\"https:\/\/autoprintmachine.com\/wp-content\/uploads\/2020\/08\/OS-6090.jpg\",\"datePublished\":\"2020-08-07T08:50:24+00:00\",\"dateModified\":\"2026-01-27T02:57:21+00:00\",\"description\":\"This automatic flat bed screen printing machine is suited for printing graphic panels, signage, membrane switches and overlays.\",\"breadcrumb\":{\"@id\":\"https:\/\/autoprintmachine.com\/automatic-flat-bed-screen-printing-machine\/#breadcrumb\"},\"inLanguage\":\"pt-BR\",\"potentialAction\":[{\"@type\":\"ReadAction\",\"target\":[\"https:\/\/autoprintmachine.com\/automatic-flat-bed-screen-printing-machine\/\"]}]},{\"@type\":\"ImageObject\",\"inLanguage\":\"pt-BR\",\"@id\":\"https:\/\/autoprintmachine.com\/automatic-flat-bed-screen-printing-machine\/#primaryimage\",\"url\":\"https:\/\/autoprintmachine.com\/wp-content\/uploads\/2020\/08\/OS-6090.jpg\",\"contentUrl\":\"https:\/\/autoprintmachine.com\/wp-content\/uploads\/2020\/08\/OS-6090.jpg\",\"width\":600,\"height\":600,\"caption\":\"automatic screen printing machine\"},{\"@type\":\"BreadcrumbList\",\"@id\":\"https:\/\/autoprintmachine.com\/automatic-flat-bed-screen-printing-machine\/#breadcrumb\",\"itemListElement\":[{\"@type\":\"ListItem\",\"position\":1,\"name\":\"Home\",\"item\":\"https:\/\/autoprintmachine.com\/\"},{\"@type\":\"ListItem\",\"position\":2,\"name\":\"Products\",\"item\":\"https:\/\/autoprintmachine.com\/shop\/\"},{\"@type\":\"ListItem\",\"position\":3,\"name\":\"Electric Automatic Flatbed Screen Printing Machine\"}]},{\"@type\":\"WebSite\",\"@id\":\"https:\/\/autoprintmachine.com\/#website\",\"url\":\"https:\/\/autoprintmachine.com\/\",\"name\":\"\",\"description\":\"\",\"publisher\":{\"@id\":\"https:\/\/autoprintmachine.com\/#organization\"},\"potentialAction\":[{\"@type\":\"SearchAction\",\"target\":{\"@type\":\"EntryPoint\",\"urlTemplate\":\"https:\/\/autoprintmachine.com\/?s={search_term_string}\"},\"query-input\":{\"@type\":\"PropertyValueSpecification\",\"valueRequired\":true,\"valueName\":\"search_term_string\"}}],\"inLanguage\":\"pt-BR\"},{\"@type\":\"Organization\",\"@id\":\"https:\/\/autoprintmachine.com\/#organization\",\"name\":\"Dongguan Auto Print Tech Co., Ltd\",\"url\":\"https:\/\/autoprintmachine.com\/\",\"logo\":{\"@type\":\"ImageObject\",\"inLanguage\":\"pt-BR\",\"@id\":\"https:\/\/autoprintmachine.com\/#\/schema\/logo\/image\/\",\"url\":\"https:\/\/autoprintmachine.com\/wp-content\/uploads\/2023\/06\/screen_printing_logo_new.webp\",\"contentUrl\":\"https:\/\/autoprintmachine.com\/wp-content\/uploads\/2023\/06\/screen_printing_logo_new.webp\",\"width\":890,\"height\":750,\"caption\":\"Dongguan Auto Print Tech Co., Ltd\"},\"image\":{\"@id\":\"https:\/\/autoprintmachine.com\/#\/schema\/logo\/image\/\"},\"sameAs\":[\"https:\/\/www.facebook.com\/autoprinttech\/\",\"https:\/\/www.youtube.com\/channel\/UCJtPGiBbQWGE2DZLxySpCtw\"]}]}<\/script>\n<!-- \/ Yoast SEO plugin. -->","yoast_head_json":{"title":"Electric Automatic Flat Bed Screen Printing Machine","description":"This automatic flat bed screen printing machine is suited for printing graphic panels, signage, membrane switches and overlays.","robots":{"index":"index","follow":"follow","max-snippet":"max-snippet:-1","max-image-preview":"max-image-preview:large","max-video-preview":"max-video-preview:-1"},"canonical":"https:\/\/autoprintmachine.com\/pt\/maquina-automatica-de-impressao-de-tela-plana\/","og_locale":"pt_BR","og_type":"article","og_title":"Electric Automatic Flat Bed Screen Printing Machine","og_description":"This automatic flat bed screen printing machine is suited for printing graphic panels, signage, membrane switches and overlays.","og_url":"https:\/\/autoprintmachine.com\/pt\/maquina-automatica-de-impressao-de-tela-plana\/","article_publisher":"https:\/\/www.facebook.com\/autoprinttech\/","article_modified_time":"2026-01-27T02:57:21+00:00","og_image":[{"width":600,"height":600,"url":"https:\/\/autoprintmachine.com\/wp-content\/uploads\/2020\/08\/OS-6090.jpg","type":"image\/jpeg"}],"twitter_card":"summary_large_image","twitter_misc":{"Est. tempo de leitura":"2 minutos"},"schema":{"@context":"https:\/\/schema.org","@graph":[{"@type":"WebPage","@id":"https:\/\/autoprintmachine.com\/automatic-flat-bed-screen-printing-machine\/","url":"https:\/\/autoprintmachine.com\/automatic-flat-bed-screen-printing-machine\/","name":"Electric Automatic Flat Bed Screen Printing Machine","isPartOf":{"@id":"https:\/\/autoprintmachine.com\/#website"},"primaryImageOfPage":{"@id":"https:\/\/autoprintmachine.com\/automatic-flat-bed-screen-printing-machine\/#primaryimage"},"image":{"@id":"https:\/\/autoprintmachine.com\/automatic-flat-bed-screen-printing-machine\/#primaryimage"},"thumbnailUrl":"https:\/\/autoprintmachine.com\/wp-content\/uploads\/2020\/08\/OS-6090.jpg","datePublished":"2020-08-07T08:50:24+00:00","dateModified":"2026-01-27T02:57:21+00:00","description":"This automatic flat bed screen printing machine is suited for printing graphic panels, signage, membrane switches and overlays.","breadcrumb":{"@id":"https:\/\/autoprintmachine.com\/automatic-flat-bed-screen-printing-machine\/#breadcrumb"},"inLanguage":"pt-BR","potentialAction":[{"@type":"ReadAction","target":["https:\/\/autoprintmachine.com\/automatic-flat-bed-screen-printing-machine\/"]}]},{"@type":"ImageObject","inLanguage":"pt-BR","@id":"https:\/\/autoprintmachine.com\/automatic-flat-bed-screen-printing-machine\/#primaryimage","url":"https:\/\/autoprintmachine.com\/wp-content\/uploads\/2020\/08\/OS-6090.jpg","contentUrl":"https:\/\/autoprintmachine.com\/wp-content\/uploads\/2020\/08\/OS-6090.jpg","width":600,"height":600,"caption":"automatic screen printing machine"},{"@type":"BreadcrumbList","@id":"https:\/\/autoprintmachine.com\/automatic-flat-bed-screen-printing-machine\/#breadcrumb","itemListElement":[{"@type":"ListItem","position":1,"name":"Home","item":"https:\/\/autoprintmachine.com\/"},{"@type":"ListItem","position":2,"name":"Products","item":"https:\/\/autoprintmachine.com\/shop\/"},{"@type":"ListItem","position":3,"name":"Electric Automatic Flatbed Screen Printing Machine"}]},{"@type":"WebSite","@id":"https:\/\/autoprintmachine.com\/#website","url":"https:\/\/autoprintmachine.com\/","name":"","description":"","publisher":{"@id":"https:\/\/autoprintmachine.com\/#organization"},"potentialAction":[{"@type":"SearchAction","target":{"@type":"EntryPoint","urlTemplate":"https:\/\/autoprintmachine.com\/?s={search_term_string}"},"query-input":{"@type":"PropertyValueSpecification","valueRequired":true,"valueName":"search_term_string"}}],"inLanguage":"pt-BR"},{"@type":"Organization","@id":"https:\/\/autoprintmachine.com\/#organization","name":"Dongguan Auto Print Tech Co., Ltd","url":"https:\/\/autoprintmachine.com\/","logo":{"@type":"ImageObject","inLanguage":"pt-BR","@id":"https:\/\/autoprintmachine.com\/#\/schema\/logo\/image\/","url":"https:\/\/autoprintmachine.com\/wp-content\/uploads\/2023\/06\/screen_printing_logo_new.webp","contentUrl":"https:\/\/autoprintmachine.com\/wp-content\/uploads\/2023\/06\/screen_printing_logo_new.webp","width":890,"height":750,"caption":"Dongguan Auto Print Tech Co., Ltd"},"image":{"@id":"https:\/\/autoprintmachine.com\/#\/schema\/logo\/image\/"},"sameAs":["https:\/\/www.facebook.com\/autoprinttech\/","https:\/\/www.youtube.com\/channel\/UCJtPGiBbQWGE2DZLxySpCtw"]}]}},"_links":{"self":[{"href":"https:\/\/autoprintmachine.com\/pt\/wp-json\/wp\/v2\/product\/299","targetHints":{"allow":["GET"]}}],"collection":[{"href":"https:\/\/autoprintmachine.com\/pt\/wp-json\/wp\/v2\/product"}],"about":[{"href":"https:\/\/autoprintmachine.com\/pt\/wp-json\/wp\/v2\/types\/product"}],"wp:featuredmedia":[{"embeddable":true,"href":"https:\/\/autoprintmachine.com\/pt\/wp-json\/wp\/v2\/media\/304"}],"wp:attachment":[{"href":"https:\/\/autoprintmachine.com\/pt\/wp-json\/wp\/v2\/media?parent=299"}],"wp:term":[{"taxonomy":"product_cat","embeddable":true,"href":"https:\/\/autoprintmachine.com\/pt\/wp-json\/wp\/v2\/product_cat?post=299"}],"curies":[{"name":"wp","href":"https:\/\/api.w.org\/{rel}","templated":true}]}}