{"id":317,"date":"2020-08-11T02:39:01","date_gmt":"2020-08-11T02:39:01","guid":{"rendered":"https:\/\/onceauto.seowaimao.com\/?post_type=product&#038;p=317"},"modified":"2026-01-27T06:10:33","modified_gmt":"2026-01-27T06:10:33","slug":"rotary-3-color-automatic-flat-uv-screen-printing-machine","status":"publish","type":"product","link":"https:\/\/autoprintmachine.com\/pt\/maquina-rotativa-de-impressao-de-tela-uv-plana-automatica-de-3-cores\/","title":{"rendered":"M\u00e1quina rotativa de impress\u00e3o de tela plana UV autom\u00e1tica de 3 cores"},"content":{"rendered":"<h2>Introdu\u00e7\u00e3o \u00e0 m\u00e1quina de impress\u00e3o plana:<\/h2>\n<p>The AP-F324 is a fully automatic UV screen printing machine designed for flat surfaces. It offers increased productivity and unrivaled value. It is suitable for printing on print dressing cases, stationery rulers, flat pens, small glass sheets, etc.<\/p>\n<p>A SANKYO rotary positioning drive powers the AP-F324. This setup delivers accurate color-to-color print registration. It features a MOTOVARIO main drive motor with a barrel cam. The UV screen printing inks cure automatically with UV lamps. These high-powered lamps are positioned after each printing station. After loading the flat objects, a pre-flame treating station is available. There&#8217;s also an optional de-ionizing and cleaning station. This setup helps ensure better printing quality and fewer defects.<\/p>\n<p>The AP-F324 system comes with optional UV curing units from Heraeus Fusion or ALPHA-CURE. They are outfitted with high-intensity mercury UV bulbs.<\/p>\n<h2>Caracter\u00edsticas da impressora de tela plana:<\/h2>\n<ul>\n<li>High-precision mechanical rotary indexer<\/li>\n<li>OMRON PLC control with touchscreen<\/li>\n<li>Cabe\u00e7as de impress\u00e3o sincronizadas mecanicamente para resultados de impress\u00e3o precisos<\/li>\n<li>Sistema autom\u00e1tico de carga e descarga<\/li>\n<li>Quick and easy set-up and changeovers<\/li>\n<li>Motor-controlled optical pre-registration device<\/li>\n<li>\u00c2ngulo e altura ajust\u00e1veis do rodo<\/li>\n<li>Maxprint area: up to 110 x 90 mm (4.33 x 3.54 in)<\/li>\n<li>Equipado com portas de seguran\u00e7a com travas<\/li>\n<li>Printing speeds of up to 50 ppm<\/li>\n<li>Heraeus Fusion or ALPHA-CURE UV curing units (optional)<\/li>\n<\/ul>\n<h2>Especifica\u00e7\u00f5es da prensa de impress\u00e3o de leito plano:<\/h2>\n<table style=\"height: 303px;\" width=\"706\">\n<tbody>\n<tr>\n<td width=\"339\">Modelo n\u00ba:<\/td>\n<td width=\"272\">AP-F324<\/td>\n<\/tr>\n<tr>\n<td width=\"339\">Cor de impress\u00e3o:<\/td>\n<td width=\"272\">3 Cor<\/td>\n<\/tr>\n<tr>\n<td width=\"339\">Tamanho do produto de impress\u00e3o:<\/td>\n<td width=\"272\">L160 x L160 x A100 mm<\/td>\n<\/tr>\n<tr>\n<td width=\"339\">\u00c1rea m\u00e1xima de impress\u00e3o:<\/td>\n<td width=\"272\">L110 x L90 mm<\/td>\n<\/tr>\n<tr>\n<td width=\"339\">Velocidade m\u00e1xima de impress\u00e3o:<\/td>\n<td width=\"272\">45 pe\u00e7as\/min<\/td>\n<\/tr>\n<tr>\n<td width=\"339\">Esta\u00e7\u00f5es:<\/td>\n<td width=\"272\">24 esta\u00e7\u00f5es<\/td>\n<\/tr>\n<tr>\n<td width=\"339\">Pot\u00eancia da l\u00e2mpada UV:<\/td>\n<td width=\"272\">3 KW\/UNIDADE 6<\/td>\n<\/tr>\n<tr>\n<td width=\"339\">Alimenta\u00e7\u00e3o el\u00e9trica:<\/td>\n<td width=\"272\">380V\/480V trif\u00e1sico 50Hz\/60Hz<\/td>\n<\/tr>\n<tr>\n<td width=\"339\">Necessidade de ar:<\/td>\n<td width=\"272\">6-8 bar<\/td>\n<\/tr>\n<tr>\n<td width=\"339\">Consumo de energia:<\/td>\n<td width=\"272\">10 KW<\/td>\n<\/tr>\n<tr>\n<td width=\"339\">Dimens\u00e3o da m\u00e1quina:<\/td>\n<td width=\"272\">C4500 x L3500 x A2350 mm<\/td>\n<\/tr>\n<tr>\n<td width=\"339\">Peso:<\/td>\n<td width=\"272\">1500 KG<\/td>\n<\/tr>\n<\/tbody>\n<\/table>","protected":false},"excerpt":{"rendered":"<p>AP-F324 is a 3-color fully automatic screen printing machine. This automatic flat-screen printing machine features a rotary working table. It has a complete printing process. This process involves an auto-infeed conveyor, a deionizing device, screen printing, UV curing, and an auto-outfeed conveyor.<\/p>\n<p>The print size is 110x90mm. It features a SANKYO rotary system and a branded motor. This automatic flat-screen printer is popular for printing small parts. It can handle glass panels, print dressings, stationery rulers, flat pens, and small glass sheets.<\/p>","protected":false},"featured_media":318,"template":"","meta":[],"product_cat":[17],"class_list":{"0":"post-317","1":"product","2":"type-product","3":"status-publish","4":"has-post-thumbnail","6":"product_cat-flat-screen-printing-machine","8":"first","9":"instock","10":"shipping-taxable","11":"product-type-simple"},"acf":[],"yoast_head":"<!-- This site is optimized with the Yoast SEO plugin v23.9 - https:\/\/yoast.com\/wordpress\/plugins\/seo\/ -->\n<title>3 Color Rotary Automatic Flat UV Screen Printing Machine<\/title>\n<meta name=\"description\" content=\"Machine is designed for flat surfaces that available print dressing cases, stationery rulers, flat pens, small glass sheet, etc.\" \/>\n<meta name=\"robots\" content=\"index, follow, max-snippet:-1, max-image-preview:large, max-video-preview:-1\" \/>\n<link rel=\"canonical\" href=\"https:\/\/autoprintmachine.com\/pt\/maquina-rotativa-de-impressao-de-tela-uv-plana-automatica-de-3-cores\/\" \/>\n<meta property=\"og:locale\" content=\"pt_BR\" \/>\n<meta property=\"og:type\" content=\"article\" \/>\n<meta property=\"og:title\" content=\"3 Color Rotary Automatic Flat UV Screen Printing Machine\" \/>\n<meta property=\"og:description\" content=\"Machine is designed for flat surfaces that available print dressing cases, stationery rulers, flat pens, small glass sheet, etc.\" \/>\n<meta property=\"og:url\" content=\"https:\/\/autoprintmachine.com\/pt\/maquina-rotativa-de-impressao-de-tela-uv-plana-automatica-de-3-cores\/\" \/>\n<meta property=\"article:modified_time\" content=\"2026-01-27T06:10:33+00:00\" \/>\n<meta property=\"og:image\" content=\"https:\/\/autoprintmachine.com\/wp-content\/uploads\/2020\/08\/OS-324.jpg\" \/>\n\t<meta property=\"og:image:width\" content=\"600\" \/>\n\t<meta property=\"og:image:height\" content=\"600\" \/>\n\t<meta property=\"og:image:type\" content=\"image\/jpeg\" \/>\n<meta name=\"twitter:card\" content=\"summary_large_image\" \/>\n<meta name=\"twitter:label1\" content=\"Est. tempo de leitura\" \/>\n\t<meta name=\"twitter:data1\" content=\"2 minutos\" \/>\n<script type=\"application\/ld+json\" class=\"yoast-schema-graph\">{\"@context\":\"https:\/\/schema.org\",\"@graph\":[{\"@type\":\"WebPage\",\"@id\":\"https:\/\/autoprintmachine.com\/rotary-3-color-automatic-flat-uv-screen-printing-machine\/\",\"url\":\"https:\/\/autoprintmachine.com\/rotary-3-color-automatic-flat-uv-screen-printing-machine\/\",\"name\":\"3 Color Rotary Automatic Flat UV Screen Printing Machine\",\"isPartOf\":{\"@id\":\"https:\/\/autoprintmachine.com\/#website\"},\"primaryImageOfPage\":{\"@id\":\"https:\/\/autoprintmachine.com\/rotary-3-color-automatic-flat-uv-screen-printing-machine\/#primaryimage\"},\"image\":{\"@id\":\"https:\/\/autoprintmachine.com\/rotary-3-color-automatic-flat-uv-screen-printing-machine\/#primaryimage\"},\"thumbnailUrl\":\"https:\/\/autoprintmachine.com\/wp-content\/uploads\/2020\/08\/OS-324.jpg\",\"datePublished\":\"2020-08-11T02:39:01+00:00\",\"dateModified\":\"2026-01-27T06:10:33+00:00\",\"description\":\"Machine is designed for flat surfaces that available print dressing cases, stationery rulers, flat pens, small glass sheet, etc.\",\"breadcrumb\":{\"@id\":\"https:\/\/autoprintmachine.com\/rotary-3-color-automatic-flat-uv-screen-printing-machine\/#breadcrumb\"},\"inLanguage\":\"pt-BR\",\"potentialAction\":[{\"@type\":\"ReadAction\",\"target\":[\"https:\/\/autoprintmachine.com\/rotary-3-color-automatic-flat-uv-screen-printing-machine\/\"]}]},{\"@type\":\"ImageObject\",\"inLanguage\":\"pt-BR\",\"@id\":\"https:\/\/autoprintmachine.com\/rotary-3-color-automatic-flat-uv-screen-printing-machine\/#primaryimage\",\"url\":\"https:\/\/autoprintmachine.com\/wp-content\/uploads\/2020\/08\/OS-324.jpg\",\"contentUrl\":\"https:\/\/autoprintmachine.com\/wp-content\/uploads\/2020\/08\/OS-324.jpg\",\"width\":600,\"height\":600},{\"@type\":\"BreadcrumbList\",\"@id\":\"https:\/\/autoprintmachine.com\/rotary-3-color-automatic-flat-uv-screen-printing-machine\/#breadcrumb\",\"itemListElement\":[{\"@type\":\"ListItem\",\"position\":1,\"name\":\"Home\",\"item\":\"https:\/\/autoprintmachine.com\/\"},{\"@type\":\"ListItem\",\"position\":2,\"name\":\"Products\",\"item\":\"https:\/\/autoprintmachine.com\/shop\/\"},{\"@type\":\"ListItem\",\"position\":3,\"name\":\"Rotary 3 Color Automatic Flat UV Screen Printing Machine\"}]},{\"@type\":\"WebSite\",\"@id\":\"https:\/\/autoprintmachine.com\/#website\",\"url\":\"https:\/\/autoprintmachine.com\/\",\"name\":\"\",\"description\":\"\",\"potentialAction\":[{\"@type\":\"SearchAction\",\"target\":{\"@type\":\"EntryPoint\",\"urlTemplate\":\"https:\/\/autoprintmachine.com\/?s={search_term_string}\"},\"query-input\":{\"@type\":\"PropertyValueSpecification\",\"valueRequired\":true,\"valueName\":\"search_term_string\"}}],\"inLanguage\":\"pt-BR\"}]}<\/script>\n<!-- \/ Yoast SEO plugin. -->","yoast_head_json":{"title":"3 Color Rotary Automatic Flat UV Screen Printing Machine","description":"Machine is designed for flat surfaces that available print dressing cases, stationery rulers, flat pens, small glass sheet, etc.","robots":{"index":"index","follow":"follow","max-snippet":"max-snippet:-1","max-image-preview":"max-image-preview:large","max-video-preview":"max-video-preview:-1"},"canonical":"https:\/\/autoprintmachine.com\/pt\/maquina-rotativa-de-impressao-de-tela-uv-plana-automatica-de-3-cores\/","og_locale":"pt_BR","og_type":"article","og_title":"3 Color Rotary Automatic Flat UV Screen Printing Machine","og_description":"Machine is designed for flat surfaces that available print dressing cases, stationery rulers, flat pens, small glass sheet, etc.","og_url":"https:\/\/autoprintmachine.com\/pt\/maquina-rotativa-de-impressao-de-tela-uv-plana-automatica-de-3-cores\/","article_modified_time":"2026-01-27T06:10:33+00:00","og_image":[{"width":600,"height":600,"url":"https:\/\/autoprintmachine.com\/wp-content\/uploads\/2020\/08\/OS-324.jpg","type":"image\/jpeg"}],"twitter_card":"summary_large_image","twitter_misc":{"Est. tempo de leitura":"2 minutos"},"schema":{"@context":"https:\/\/schema.org","@graph":[{"@type":"WebPage","@id":"https:\/\/autoprintmachine.com\/rotary-3-color-automatic-flat-uv-screen-printing-machine\/","url":"https:\/\/autoprintmachine.com\/rotary-3-color-automatic-flat-uv-screen-printing-machine\/","name":"3 Color Rotary Automatic Flat UV Screen Printing Machine","isPartOf":{"@id":"https:\/\/autoprintmachine.com\/#website"},"primaryImageOfPage":{"@id":"https:\/\/autoprintmachine.com\/rotary-3-color-automatic-flat-uv-screen-printing-machine\/#primaryimage"},"image":{"@id":"https:\/\/autoprintmachine.com\/rotary-3-color-automatic-flat-uv-screen-printing-machine\/#primaryimage"},"thumbnailUrl":"https:\/\/autoprintmachine.com\/wp-content\/uploads\/2020\/08\/OS-324.jpg","datePublished":"2020-08-11T02:39:01+00:00","dateModified":"2026-01-27T06:10:33+00:00","description":"Machine is designed for flat surfaces that available print dressing cases, stationery rulers, flat pens, small glass sheet, etc.","breadcrumb":{"@id":"https:\/\/autoprintmachine.com\/rotary-3-color-automatic-flat-uv-screen-printing-machine\/#breadcrumb"},"inLanguage":"pt-BR","potentialAction":[{"@type":"ReadAction","target":["https:\/\/autoprintmachine.com\/rotary-3-color-automatic-flat-uv-screen-printing-machine\/"]}]},{"@type":"ImageObject","inLanguage":"pt-BR","@id":"https:\/\/autoprintmachine.com\/rotary-3-color-automatic-flat-uv-screen-printing-machine\/#primaryimage","url":"https:\/\/autoprintmachine.com\/wp-content\/uploads\/2020\/08\/OS-324.jpg","contentUrl":"https:\/\/autoprintmachine.com\/wp-content\/uploads\/2020\/08\/OS-324.jpg","width":600,"height":600},{"@type":"BreadcrumbList","@id":"https:\/\/autoprintmachine.com\/rotary-3-color-automatic-flat-uv-screen-printing-machine\/#breadcrumb","itemListElement":[{"@type":"ListItem","position":1,"name":"Home","item":"https:\/\/autoprintmachine.com\/"},{"@type":"ListItem","position":2,"name":"Products","item":"https:\/\/autoprintmachine.com\/shop\/"},{"@type":"ListItem","position":3,"name":"Rotary 3 Color Automatic Flat UV Screen Printing Machine"}]},{"@type":"WebSite","@id":"https:\/\/autoprintmachine.com\/#website","url":"https:\/\/autoprintmachine.com\/","name":"","description":"","potentialAction":[{"@type":"SearchAction","target":{"@type":"EntryPoint","urlTemplate":"https:\/\/autoprintmachine.com\/?s={search_term_string}"},"query-input":{"@type":"PropertyValueSpecification","valueRequired":true,"valueName":"search_term_string"}}],"inLanguage":"pt-BR"}]}},"_links":{"self":[{"href":"https:\/\/autoprintmachine.com\/pt\/wp-json\/wp\/v2\/product\/317","targetHints":{"allow":["GET"]}}],"collection":[{"href":"https:\/\/autoprintmachine.com\/pt\/wp-json\/wp\/v2\/product"}],"about":[{"href":"https:\/\/autoprintmachine.com\/pt\/wp-json\/wp\/v2\/types\/product"}],"wp:featuredmedia":[{"embeddable":true,"href":"https:\/\/autoprintmachine.com\/pt\/wp-json\/wp\/v2\/media\/318"}],"wp:attachment":[{"href":"https:\/\/autoprintmachine.com\/pt\/wp-json\/wp\/v2\/media?parent=317"}],"wp:term":[{"taxonomy":"product_cat","embeddable":true,"href":"https:\/\/autoprintmachine.com\/pt\/wp-json\/wp\/v2\/product_cat?post=317"}],"curies":[{"name":"wp","href":"https:\/\/api.w.org\/{rel}","templated":true}]}}