{"id":328,"date":"2020-08-11T03:27:44","date_gmt":"2020-08-11T03:27:44","guid":{"rendered":"https:\/\/onceauto.seowaimao.com\/?post_type=product&#038;p=328"},"modified":"2026-01-27T05:31:59","modified_gmt":"2026-01-27T05:31:59","slug":"maquina-de-impressao-de-tela-plana-servoacionada","status":"publish","type":"product","link":"https:\/\/autoprintmachine.com\/pt\/maquina-de-impressao-de-tela-plana-servoacionada\/","title":{"rendered":"M\u00e1quina de impress\u00e3o em tela plana servoacionada"},"content":{"rendered":"<h2>M\u00e1quina de impress\u00e3o de tela plana Caracter\u00edsticas padr\u00e3o:<\/h2>\n<ul>\n<li>Acionamento por servomotor para impress\u00e3o horizontal e para cima\/para baixo do quadro da tela.<\/li>\n<li>Marca controlada por PLC, tela sens\u00edvel ao toque Weinview.<\/li>\n<li>Motor e conversor de frequ\u00eancia de marcas famosas.<\/li>\n<li>Elevador de cabe\u00e7a vertical com ajuste de altura.<\/li>\n<li>Mesa de posicionamento X\/Y\/R de alto acabamento com mesa de v\u00e1cuo.<\/li>\n<li>Ajuste do \u00e2ngulo do rodo e da altura calibrada.<\/li>\n<li>Press\u00e3o do rodo regulada com medidor de press\u00e3o.<\/li>\n<li>Niveladores de piso e rod\u00edzios, controlados por interruptor de p\u00e9.<\/li>\n<li>Instalou o bot\u00e3o de parada de emerg\u00eancia e a cortina de luz de seguran\u00e7a.<\/li>\n<li>Moldura de tela com encaixe autom\u00e1tico durante a impress\u00e3o.<\/li>\n<\/ul>\n<h2>Especifica\u00e7\u00f5es da impressora de tela plana:<\/h2>\n<table width=\"88%\">\n<tbody>\n<tr>\n<td width=\"44%\"><strong>Modelo<\/strong><\/td>\n<td width=\"55%\"><strong>AP-3040S<\/strong><\/td>\n<\/tr>\n<tr>\n<td width=\"44%\"><strong>Sistema de acionamento<\/strong><\/td>\n<td width=\"55%\">Acionamento do servomotor para cima\/para baixo, esquerda\/direita<\/td>\n<\/tr>\n<tr>\n<td width=\"44%\"><strong>Sistema de controle<\/strong><\/td>\n<td width=\"55%\">PLC com tela sens\u00edvel ao toque<\/td>\n<\/tr>\n<tr>\n<td width=\"44%\"><strong>Curso para cima\/para baixo do quadro<\/strong><\/td>\n<td width=\"55%\">180 mm<\/td>\n<\/tr>\n<tr>\n<td width=\"44%\"><strong>Print stroke(left &amp;right)<\/strong><\/td>\n<td width=\"55%\">400 mm<\/td>\n<\/tr>\n<tr>\n<td width=\"44%\"><strong>\u00c1rea m\u00e1xima de impress\u00e3o<\/strong><\/td>\n<td width=\"55%\">300x400mm<\/td>\n<\/tr>\n<tr>\n<td width=\"44%\"><strong>Tamanho da mesa de trabalho<\/strong><\/td>\n<td width=\"55%\">400x500mm<\/td>\n<\/tr>\n<tr>\n<td width=\"44%\"><strong>Espessura da moldura da tela<\/strong><\/td>\n<td width=\"55%\">50,8 mm<\/td>\n<\/tr>\n<tr>\n<td width=\"44%\"><strong>Repeti\u00e7\u00e3o da toler\u00e2ncia de impress\u00e3o<\/strong><\/td>\n<td width=\"55%\">0,01 mm<\/td>\n<\/tr>\n<tr>\n<td width=\"44%\"><strong>Velocidade m\u00e1xima de impress\u00e3o<\/strong><\/td>\n<td width=\"55%\">1.200 ciclos\/hora<\/td>\n<\/tr>\n<tr>\n<td width=\"44%\"><strong>Fonte el\u00e9trica<\/strong><\/td>\n<td width=\"55%\">110\/220\/230V 50\/60Hz<\/td>\n<\/tr>\n<tr>\n<td width=\"44%\"><strong>Entrada de press\u00e3o de ar<\/strong><\/td>\n<td width=\"55%\">6 barras<\/td>\n<\/tr>\n<tr>\n<td width=\"44%\"><strong>Peso da m\u00e1quina<\/strong><\/td>\n<td width=\"55%\">170 kg<\/td>\n<\/tr>\n<tr>\n<td width=\"44%\"><strong>Dimens\u00e3o da m\u00e1quina<\/strong><\/td>\n<td width=\"55%\">1000x700x1500mm<\/td>\n<\/tr>\n<\/tbody>\n<\/table>","protected":false},"excerpt":{"rendered":"<p>A m\u00e1quina de impress\u00e3o de tela plana AP-3040S usa um servoacionamento para movimentos precisos para a esquerda\/direita e para cima\/baixo. Ela tem um tamanho m\u00e1ximo de impress\u00e3o de 300 x 400 mm. \u00c9 poss\u00edvel control\u00e1-la com um PLC de marca e uma tela sens\u00edvel ao toque. Ela oferece alta precis\u00e3o e condi\u00e7\u00f5es de trabalho muito est\u00e1veis. Essa impressora servo de tela plana \u00e9 uma m\u00e1quina premium. Ela garante a impress\u00e3o precisa em pe\u00e7as para os setores eletr\u00f4nico, automotivo e m\u00e9dico.<\/p>\n<p>Essa m\u00e1quina servo-acionada vem em v\u00e1rios tamanhos de impress\u00e3o, incluindo 300x500mm, 400x600mm e 500x700mm. Tamb\u00e9m oferecemos modelos personalizados.<\/p>","protected":false},"featured_media":329,"template":"","meta":[],"product_brand":[],"product_cat":[17],"product_tag":[],"class_list":{"0":"post-328","1":"product","2":"type-product","3":"status-publish","4":"has-post-thumbnail","6":"product_cat-flat-screen-printing-machine","8":"first","9":"instock","10":"shipping-taxable","11":"product-type-simple"},"yoast_head":"<!-- This site is optimized with the Yoast SEO plugin v27.4 - https:\/\/yoast.com\/product\/yoast-seo-wordpress\/ -->\n<title>Servo Driven Screen Printing Machine<\/title>\n<meta name=\"description\" content=\"A wide variety of servo screen printing machine options are available to you.Floor levelers &amp; casters, Foot switch controlled.\" \/>\n<meta name=\"robots\" content=\"index, follow, max-snippet:-1, max-image-preview:large, max-video-preview:-1\" \/>\n<link rel=\"canonical\" href=\"https:\/\/autoprintmachine.com\/pt\/maquina-de-impressao-de-tela-plana-servoacionada\/\" \/>\n<meta property=\"og:locale\" content=\"pt_BR\" \/>\n<meta property=\"og:type\" content=\"article\" \/>\n<meta property=\"og:title\" content=\"Servo Driven Screen Printing Machine\" \/>\n<meta property=\"og:description\" content=\"A wide variety of servo screen printing machine options are available to you.Floor levelers &amp; casters, Foot switch controlled.\" \/>\n<meta property=\"og:url\" content=\"https:\/\/autoprintmachine.com\/pt\/maquina-de-impressao-de-tela-plana-servoacionada\/\" \/>\n<meta property=\"article:publisher\" content=\"https:\/\/www.facebook.com\/autoprinttech\/\" \/>\n<meta property=\"article:modified_time\" content=\"2026-01-27T05:31:59+00:00\" \/>\n<meta property=\"og:image\" content=\"https:\/\/autoprintmachine.com\/wp-content\/uploads\/2020\/08\/OS-3040S.jpg\" \/>\n\t<meta property=\"og:image:width\" content=\"600\" \/>\n\t<meta property=\"og:image:height\" content=\"600\" \/>\n\t<meta property=\"og:image:type\" content=\"image\/jpeg\" \/>\n<meta name=\"twitter:card\" content=\"summary_large_image\" \/>\n<meta name=\"twitter:label1\" content=\"Est. reading time\" \/>\n\t<meta name=\"twitter:data1\" content=\"1 minuto\" \/>\n<script type=\"application\/ld+json\" class=\"yoast-schema-graph\">{\"@context\":\"https:\\\/\\\/schema.org\",\"@graph\":[{\"@type\":\"WebPage\",\"@id\":\"https:\\\/\\\/autoprintmachine.com\\\/servo-driven-flat-screen-printing-machine\\\/\",\"url\":\"https:\\\/\\\/autoprintmachine.com\\\/servo-driven-flat-screen-printing-machine\\\/\",\"name\":\"Servo Driven Screen Printing Machine\",\"isPartOf\":{\"@id\":\"https:\\\/\\\/autoprintmachine.com\\\/#website\"},\"primaryImageOfPage\":{\"@id\":\"https:\\\/\\\/autoprintmachine.com\\\/servo-driven-flat-screen-printing-machine\\\/#primaryimage\"},\"image\":{\"@id\":\"https:\\\/\\\/autoprintmachine.com\\\/servo-driven-flat-screen-printing-machine\\\/#primaryimage\"},\"thumbnailUrl\":\"https:\\\/\\\/autoprintmachine.com\\\/wp-content\\\/uploads\\\/2020\\\/08\\\/OS-3040S.jpg\",\"datePublished\":\"2020-08-11T03:27:44+00:00\",\"dateModified\":\"2026-01-27T05:31:59+00:00\",\"description\":\"A wide variety of servo screen printing machine options are available to you.Floor levelers & casters, Foot switch controlled.\",\"breadcrumb\":{\"@id\":\"https:\\\/\\\/autoprintmachine.com\\\/servo-driven-flat-screen-printing-machine\\\/#breadcrumb\"},\"inLanguage\":\"pt-BR\",\"potentialAction\":[{\"@type\":\"ReadAction\",\"target\":[\"https:\\\/\\\/autoprintmachine.com\\\/servo-driven-flat-screen-printing-machine\\\/\"]}]},{\"@type\":\"ImageObject\",\"inLanguage\":\"pt-BR\",\"@id\":\"https:\\\/\\\/autoprintmachine.com\\\/servo-driven-flat-screen-printing-machine\\\/#primaryimage\",\"url\":\"https:\\\/\\\/autoprintmachine.com\\\/wp-content\\\/uploads\\\/2020\\\/08\\\/OS-3040S.jpg\",\"contentUrl\":\"https:\\\/\\\/autoprintmachine.com\\\/wp-content\\\/uploads\\\/2020\\\/08\\\/OS-3040S.jpg\",\"width\":600,\"height\":600},{\"@type\":\"BreadcrumbList\",\"@id\":\"https:\\\/\\\/autoprintmachine.com\\\/servo-driven-flat-screen-printing-machine\\\/#breadcrumb\",\"itemListElement\":[{\"@type\":\"ListItem\",\"position\":1,\"name\":\"Home\",\"item\":\"https:\\\/\\\/autoprintmachine.com\\\/\"},{\"@type\":\"ListItem\",\"position\":2,\"name\":\"Products\",\"item\":\"https:\\\/\\\/autoprintmachine.com\\\/shop\\\/\"},{\"@type\":\"ListItem\",\"position\":3,\"name\":\"Servo Driven Flat Screen Printing Machine\"}]},{\"@type\":\"WebSite\",\"@id\":\"https:\\\/\\\/autoprintmachine.com\\\/#website\",\"url\":\"https:\\\/\\\/autoprintmachine.com\\\/\",\"name\":\"\",\"description\":\"\",\"publisher\":{\"@id\":\"https:\\\/\\\/autoprintmachine.com\\\/#organization\"},\"potentialAction\":[{\"@type\":\"SearchAction\",\"target\":{\"@type\":\"EntryPoint\",\"urlTemplate\":\"https:\\\/\\\/autoprintmachine.com\\\/?s={search_term_string}\"},\"query-input\":{\"@type\":\"PropertyValueSpecification\",\"valueRequired\":true,\"valueName\":\"search_term_string\"}}],\"inLanguage\":\"pt-BR\"},{\"@type\":\"Organization\",\"@id\":\"https:\\\/\\\/autoprintmachine.com\\\/#organization\",\"name\":\"Dongguan Auto Print Tech Co., Ltd\",\"url\":\"https:\\\/\\\/autoprintmachine.com\\\/\",\"logo\":{\"@type\":\"ImageObject\",\"inLanguage\":\"pt-BR\",\"@id\":\"https:\\\/\\\/autoprintmachine.com\\\/#\\\/schema\\\/logo\\\/image\\\/\",\"url\":\"https:\\\/\\\/autoprintmachine.com\\\/wp-content\\\/uploads\\\/2023\\\/06\\\/screen_printing_logo_new.webp\",\"contentUrl\":\"https:\\\/\\\/autoprintmachine.com\\\/wp-content\\\/uploads\\\/2023\\\/06\\\/screen_printing_logo_new.webp\",\"width\":890,\"height\":750,\"caption\":\"Dongguan Auto Print Tech Co., Ltd\"},\"image\":{\"@id\":\"https:\\\/\\\/autoprintmachine.com\\\/#\\\/schema\\\/logo\\\/image\\\/\"},\"sameAs\":[\"https:\\\/\\\/www.facebook.com\\\/autoprinttech\\\/\",\"https:\\\/\\\/www.youtube.com\\\/channel\\\/UCJtPGiBbQWGE2DZLxySpCtw\"]}]}<\/script>\n<!-- \/ Yoast SEO plugin. -->","yoast_head_json":{"title":"M\u00e1quina de impress\u00e3o de tela servoacionada","description":"H\u00e1 uma grande variedade de op\u00e7\u00f5es de m\u00e1quinas de serigrafia servo dispon\u00edveis para voc\u00ea. Niveladores de piso e rod\u00edzios, controlados por pedal.","robots":{"index":"index","follow":"follow","max-snippet":"max-snippet:-1","max-image-preview":"max-image-preview:large","max-video-preview":"max-video-preview:-1"},"canonical":"https:\/\/autoprintmachine.com\/pt\/maquina-de-impressao-de-tela-plana-servoacionada\/","og_locale":"pt_BR","og_type":"article","og_title":"Servo Driven Screen Printing Machine","og_description":"A wide variety of servo screen printing machine options are available to you.Floor levelers & casters, Foot switch controlled.","og_url":"https:\/\/autoprintmachine.com\/pt\/maquina-de-impressao-de-tela-plana-servoacionada\/","article_publisher":"https:\/\/www.facebook.com\/autoprinttech\/","article_modified_time":"2026-01-27T05:31:59+00:00","og_image":[{"width":600,"height":600,"url":"https:\/\/autoprintmachine.com\/wp-content\/uploads\/2020\/08\/OS-3040S.jpg","type":"image\/jpeg"}],"twitter_card":"summary_large_image","twitter_misc":{"Est. reading time":"1 minuto"},"schema":{"@context":"https:\/\/schema.org","@graph":[{"@type":"WebPage","@id":"https:\/\/autoprintmachine.com\/servo-driven-flat-screen-printing-machine\/","url":"https:\/\/autoprintmachine.com\/servo-driven-flat-screen-printing-machine\/","name":"M\u00e1quina de impress\u00e3o de tela servoacionada","isPartOf":{"@id":"https:\/\/autoprintmachine.com\/#website"},"primaryImageOfPage":{"@id":"https:\/\/autoprintmachine.com\/servo-driven-flat-screen-printing-machine\/#primaryimage"},"image":{"@id":"https:\/\/autoprintmachine.com\/servo-driven-flat-screen-printing-machine\/#primaryimage"},"thumbnailUrl":"https:\/\/autoprintmachine.com\/wp-content\/uploads\/2020\/08\/OS-3040S.jpg","datePublished":"2020-08-11T03:27:44+00:00","dateModified":"2026-01-27T05:31:59+00:00","description":"H\u00e1 uma grande variedade de op\u00e7\u00f5es de m\u00e1quinas de serigrafia servo dispon\u00edveis para voc\u00ea. Niveladores de piso e rod\u00edzios, controlados por pedal.","breadcrumb":{"@id":"https:\/\/autoprintmachine.com\/servo-driven-flat-screen-printing-machine\/#breadcrumb"},"inLanguage":"pt-BR","potentialAction":[{"@type":"ReadAction","target":["https:\/\/autoprintmachine.com\/servo-driven-flat-screen-printing-machine\/"]}]},{"@type":"ImageObject","inLanguage":"pt-BR","@id":"https:\/\/autoprintmachine.com\/servo-driven-flat-screen-printing-machine\/#primaryimage","url":"https:\/\/autoprintmachine.com\/wp-content\/uploads\/2020\/08\/OS-3040S.jpg","contentUrl":"https:\/\/autoprintmachine.com\/wp-content\/uploads\/2020\/08\/OS-3040S.jpg","width":600,"height":600},{"@type":"BreadcrumbList","@id":"https:\/\/autoprintmachine.com\/servo-driven-flat-screen-printing-machine\/#breadcrumb","itemListElement":[{"@type":"ListItem","position":1,"name":"Home","item":"https:\/\/autoprintmachine.com\/"},{"@type":"ListItem","position":2,"name":"Products","item":"https:\/\/autoprintmachine.com\/shop\/"},{"@type":"ListItem","position":3,"name":"Servo Driven Flat Screen Printing Machine"}]},{"@type":"WebSite","@id":"https:\/\/autoprintmachine.com\/#website","url":"https:\/\/autoprintmachine.com\/","name":"","description":"","publisher":{"@id":"https:\/\/autoprintmachine.com\/#organization"},"potentialAction":[{"@type":"SearchAction","target":{"@type":"EntryPoint","urlTemplate":"https:\/\/autoprintmachine.com\/?s={search_term_string}"},"query-input":{"@type":"PropertyValueSpecification","valueRequired":true,"valueName":"search_term_string"}}],"inLanguage":"pt-BR"},{"@type":"Organization","@id":"https:\/\/autoprintmachine.com\/#organization","name":"Dongguan Auto Print Tech Co., Ltd","url":"https:\/\/autoprintmachine.com\/","logo":{"@type":"ImageObject","inLanguage":"pt-BR","@id":"https:\/\/autoprintmachine.com\/#\/schema\/logo\/image\/","url":"https:\/\/autoprintmachine.com\/wp-content\/uploads\/2023\/06\/screen_printing_logo_new.webp","contentUrl":"https:\/\/autoprintmachine.com\/wp-content\/uploads\/2023\/06\/screen_printing_logo_new.webp","width":890,"height":750,"caption":"Dongguan Auto Print Tech Co., Ltd"},"image":{"@id":"https:\/\/autoprintmachine.com\/#\/schema\/logo\/image\/"},"sameAs":["https:\/\/www.facebook.com\/autoprinttech\/","https:\/\/www.youtube.com\/channel\/UCJtPGiBbQWGE2DZLxySpCtw"]}]}},"_links":{"self":[{"href":"https:\/\/autoprintmachine.com\/pt\/wp-json\/wp\/v2\/product\/328","targetHints":{"allow":["GET"]}}],"collection":[{"href":"https:\/\/autoprintmachine.com\/pt\/wp-json\/wp\/v2\/product"}],"about":[{"href":"https:\/\/autoprintmachine.com\/pt\/wp-json\/wp\/v2\/types\/product"}],"wp:featuredmedia":[{"embeddable":true,"href":"https:\/\/autoprintmachine.com\/pt\/wp-json\/wp\/v2\/media\/329"}],"wp:attachment":[{"href":"https:\/\/autoprintmachine.com\/pt\/wp-json\/wp\/v2\/media?parent=328"}],"wp:term":[{"taxonomy":"product_brand","embeddable":true,"href":"https:\/\/autoprintmachine.com\/pt\/wp-json\/wp\/v2\/product_brand?post=328"},{"taxonomy":"product_cat","embeddable":true,"href":"https:\/\/autoprintmachine.com\/pt\/wp-json\/wp\/v2\/product_cat?post=328"},{"taxonomy":"product_tag","embeddable":true,"href":"https:\/\/autoprintmachine.com\/pt\/wp-json\/wp\/v2\/product_tag?post=328"}],"curies":[{"name":"wp","href":"https:\/\/api.w.org\/{rel}","templated":true}]}}