{"id":334,"date":"2020-08-11T07:33:12","date_gmt":"2020-08-11T07:33:12","guid":{"rendered":"https:\/\/onceauto.seowaimao.com\/?post_type=product&#038;p=334"},"modified":"2026-01-06T08:31:12","modified_gmt":"2026-01-06T08:31:12","slug":"one-color-pad-printing-machine","status":"publish","type":"product","link":"https:\/\/autoprintmachine.com\/pt\/maquina-de-tampografia-de-uma-cor\/","title":{"rendered":"M\u00e1quina de tampografia de uma cor"},"content":{"rendered":"<p><strong>Introdu\u00e7\u00e3o:<\/strong><\/p>\n<p>As m\u00e1quinas de tampografia de uma cor da Auto Print est\u00e3o dispon\u00edveis em v\u00e1rias s\u00e9ries: 125, 175 e 250. A s\u00e9rie 125 \u00e9 uma m\u00e1quina do tipo pequeno com um tamanho de copo de tinta de 90 mm, adequada para impress\u00e3o de pe\u00e7as pequenas. A s\u00e9rie 175 \u00e9 uma m\u00e1quina do tipo m\u00e9dio; o tamanho do copo \u00e9 de 90 a 180 mm, adequado para a impress\u00e3o de produtos de tamanho m\u00e9dio. A s\u00e9rie 250 \u00e9 a m\u00e1quina do tipo grande; o tamanho do copo pode ser de 90 a 140 mm, adequado para impress\u00e3o de produtos de grande porte.<\/p>\n<p>A m\u00e1quina padr\u00e3o \u00e9 acionada pneumaticamente e controlada por uma placa PCB. Dependendo dos requisitos, ela pode ser acionada por servomotor e controlada por um PLC com tela sens\u00edvel ao toque.<\/p>\n<p><strong>Caracter\u00edsticas:\u00a0<\/strong><\/p>\n<ul>\n<li>Adequado para impress\u00e3o r\u00e1pida de uma cor, amplamente aplicado em muitos setores, incluindo artigos de papelaria, brinquedos, pl\u00e1sticos, presentes, eletrodom\u00e9sticos, eletr\u00f4nicos etc.<\/li>\n<li>Sistema de controle por microprocessador, controle eletropneum\u00e1tico;<\/li>\n<li>Curso padr\u00e3o de 125, 175 e 250 mm, design de copo de tinta, sem cheiro e com baixa evapora\u00e7\u00e3o;<\/li>\n<li>Ajuste independente dos movimentos para cima e para baixo, para frente e para tr\u00e1s;<\/li>\n<li>Ajuste independente das almofadas de impress\u00e3o X e Y;<\/li>\n<li>Base do copo de tinta com ajuste X, Y, R e ajuste X, Y da mesa de trabalho;<\/li>\n<li>A constru\u00e7\u00e3o refor\u00e7ada com um gabinete garante anos de opera\u00e7\u00e3o confi\u00e1vel;<\/li>\n<li>Est\u00e1vel, dur\u00e1vel e de fino acabamento;<\/li>\n<li>Opera\u00e7\u00e3o com pedal para um \u00fanico ciclo;<\/li>\n<li>Usando componentes pneum\u00e1ticos da FESTO da Alemanha;<\/li>\n<li>Dispon\u00edvel em tinteiro aberto e sistema de copo de tinta;<\/li>\n<li>Prote\u00e7\u00e3o de seguran\u00e7a instalada e bot\u00e3o de parada de emerg\u00eancia (opcional);<\/li>\n<li>Em conformidade com os padr\u00f5es de seguran\u00e7a da CE.<\/li>\n<\/ul>\n<p><strong>Especifica\u00e7\u00f5es padr\u00e3o da m\u00e1quina:<\/strong><\/p>\n<table style=\"height: 472px;\" width=\"763\">\n<tbody>\n<tr>\n<td width=\"69\">Modelo<\/td>\n<td width=\"69\">AP-125-1T (mesa)<\/td>\n<td width=\"69\">AP-125-1C<\/td>\n<td width=\"69\">AP-175-1C<\/td>\n<td width=\"69\">AP-250-1C<\/td>\n<\/tr>\n<tr>\n<td width=\"69\">Sistema de tinta<\/td>\n<td width=\"69\">Copo de tinta fechado<\/td>\n<td width=\"69\">Copo de tinta fechado<\/td>\n<td width=\"69\">Copo de tinta fechado<\/td>\n<td width=\"69\">Copo de tinta fechado<\/td>\n<\/tr>\n<tr>\n<td width=\"69\">Tamanho da placa<\/td>\n<td width=\"69\">215x100mm<\/td>\n<td width=\"69\">215x100mm<\/td>\n<td width=\"69\">270x130mm<\/td>\n<td width=\"69\">380x190mm<\/td>\n<\/tr>\n<tr>\n<td width=\"69\">Tamanho do copo de tinta<\/td>\n<td width=\"69\">ID90xOD100mm<\/td>\n<td width=\"69\">ID90xOD100mm<\/td>\n<td width=\"69\">ID120xOD130mm<\/td>\n<td width=\"69\">ID180xOD190mm<\/td>\n<\/tr>\n<tr>\n<td width=\"69\">Capacidade m\u00e1xima de impress\u00e3o.<\/td>\n<td width=\"69\">2600pcs<\/td>\n<td width=\"69\">2600pcs<\/td>\n<td width=\"69\">1500pcs<\/td>\n<td width=\"69\">900 unidades<\/td>\n<\/tr>\n<tr>\n<td width=\"69\">Dirigir<\/td>\n<td width=\"69\">Pneum\u00e1tico<\/td>\n<td width=\"69\">Pneum\u00e1tico<\/td>\n<td width=\"69\">Pneum\u00e1tico<\/td>\n<td width=\"69\">Pneum\u00e1tico<\/td>\n<\/tr>\n<tr>\n<td width=\"69\">For\u00e7a de impress\u00e3o<\/td>\n<td width=\"69\">629N<\/td>\n<td width=\"69\">629N<\/td>\n<td width=\"69\">982N<\/td>\n<td width=\"69\">3690N<\/td>\n<\/tr>\n<tr>\n<td width=\"69\">Tra\u00e7o vertical do pad<\/td>\n<td width=\"69\">75 mm<\/td>\n<td width=\"69\">75 mm<\/td>\n<td width=\"69\">100 mm<\/td>\n<td width=\"69\">80 mm<\/td>\n<\/tr>\n<tr>\n<td width=\"69\">Necessidade de ar<\/td>\n<td width=\"69\">5-6 bar<\/td>\n<td width=\"69\">5-6 bar<\/td>\n<td width=\"69\">5-6 bar<\/td>\n<td width=\"69\">5-6 bar<\/td>\n<\/tr>\n<tr>\n<td width=\"69\">Sistema de controle<\/td>\n<td width=\"69\">Placa de circuito impresso de 12V<\/td>\n<td width=\"69\">Placa de circuito impresso de 12V<\/td>\n<td width=\"69\">Placa de circuito impresso de 12V<\/td>\n<td width=\"69\">Placa de circuito impresso de 12V<\/td>\n<\/tr>\n<tr>\n<td width=\"69\">Tens\u00e3o de entrada<\/td>\n<td width=\"69\">110\/220\/230V 1 fase 50\/60Hz<\/td>\n<td width=\"69\">110\/220\/230V 1 fase 50\/60Hz<\/td>\n<td width=\"69\">110\/220\/230V 1 fase 50\/60Hz<\/td>\n<td width=\"69\">110\/220\/230V 1 fase 50\/60Hz<\/td>\n<\/tr>\n<tr>\n<td width=\"69\">Peso<\/td>\n<td width=\"69\">50 kg<\/td>\n<td width=\"69\">75 kg<\/td>\n<td width=\"69\">100 kg<\/td>\n<td width=\"69\">150 kg<\/td>\n<\/tr>\n<\/tbody>\n<\/table>","protected":false},"excerpt":{"rendered":"<p>A m\u00e1quina de impress\u00e3o de blocos de uma cor da Auto Print \u00e9 a impressora de blocos mais popular. A maioria das nossas impressoras de blocos de uma cor \u00e9 equipada com copos de tinta fechados. Essa m\u00e1quina de tampografia de uma cor oferece uma variedade de tamanhos e pode imprimir uma gama de produtos.<br \/>\nEssa m\u00e1quina de tampografia de uma cor apresenta uma base robusta de a\u00e7o soldado, um nivelador de piso ajust\u00e1vel e uma mesa de trabalho com altura ajust\u00e1vel. Todas as m\u00e1quinas padr\u00e3o s\u00e3o acionadas pneumaticamente e controladas por uma placa de circuito impresso. Tamb\u00e9m temos m\u00e1quinas acionadas por servo e fornecemos kits completos de tampografia.<\/p>","protected":false},"featured_media":1365,"template":"","meta":[],"product_cat":[23],"class_list":{"0":"post-334","1":"product","2":"type-product","3":"status-publish","4":"has-post-thumbnail","6":"product_cat-pad-printing-machine","8":"first","9":"instock","10":"shipping-taxable","11":"product-type-simple"},"acf":[],"yoast_head":"<!-- This site is optimized with the Yoast SEO plugin v23.9 - https:\/\/yoast.com\/wordpress\/plugins\/seo\/ -->\n<title>One Color Pad Printing Machine with High Quality &amp; Precision.<\/title>\n<meta name=\"description\" content=\"Auto Print one color pad printing machine have several series, the cup size can be with dia90 to dia180mm.\" \/>\n<meta name=\"robots\" content=\"index, follow, max-snippet:-1, max-image-preview:large, max-video-preview:-1\" \/>\n<link rel=\"canonical\" href=\"https:\/\/autoprintmachine.com\/pt\/maquina-de-tampografia-de-uma-cor\/\" \/>\n<meta property=\"og:locale\" content=\"pt_BR\" \/>\n<meta property=\"og:type\" content=\"article\" \/>\n<meta property=\"og:title\" content=\"One Color Pad Printing Machine with High Quality &amp; Precision.\" \/>\n<meta property=\"og:description\" content=\"Auto Print one color pad printing machine have several series, the cup size can be with dia90 to dia180mm.\" \/>\n<meta property=\"og:url\" content=\"https:\/\/autoprintmachine.com\/pt\/maquina-de-tampografia-de-uma-cor\/\" \/>\n<meta property=\"article:modified_time\" content=\"2026-01-06T08:31:12+00:00\" \/>\n<meta property=\"og:image\" content=\"https:\/\/autoprintmachine.com\/wp-content\/uploads\/2022\/03\/250-1.jpg\" \/>\n\t<meta property=\"og:image:width\" content=\"600\" \/>\n\t<meta property=\"og:image:height\" content=\"600\" \/>\n\t<meta property=\"og:image:type\" content=\"image\/jpeg\" \/>\n<meta name=\"twitter:card\" content=\"summary_large_image\" \/>\n<meta name=\"twitter:label1\" content=\"Est. tempo de leitura\" \/>\n\t<meta name=\"twitter:data1\" content=\"2 minutos\" \/>\n<script type=\"application\/ld+json\" class=\"yoast-schema-graph\">{\"@context\":\"https:\/\/schema.org\",\"@graph\":[{\"@type\":\"WebPage\",\"@id\":\"https:\/\/autoprintmachine.com\/one-color-pad-printing-machine\/\",\"url\":\"https:\/\/autoprintmachine.com\/one-color-pad-printing-machine\/\",\"name\":\"One Color Pad Printing Machine with High Quality & Precision.\",\"isPartOf\":{\"@id\":\"https:\/\/autoprintmachine.com\/#website\"},\"primaryImageOfPage\":{\"@id\":\"https:\/\/autoprintmachine.com\/one-color-pad-printing-machine\/#primaryimage\"},\"image\":{\"@id\":\"https:\/\/autoprintmachine.com\/one-color-pad-printing-machine\/#primaryimage\"},\"thumbnailUrl\":\"https:\/\/autoprintmachine.com\/wp-content\/uploads\/2022\/03\/250-1.jpg\",\"datePublished\":\"2020-08-11T07:33:12+00:00\",\"dateModified\":\"2026-01-06T08:31:12+00:00\",\"description\":\"Auto Print one color pad printing machine have several series, the cup size can be with dia90 to dia180mm.\",\"breadcrumb\":{\"@id\":\"https:\/\/autoprintmachine.com\/one-color-pad-printing-machine\/#breadcrumb\"},\"inLanguage\":\"pt-BR\",\"potentialAction\":[{\"@type\":\"ReadAction\",\"target\":[\"https:\/\/autoprintmachine.com\/one-color-pad-printing-machine\/\"]}]},{\"@type\":\"ImageObject\",\"inLanguage\":\"pt-BR\",\"@id\":\"https:\/\/autoprintmachine.com\/one-color-pad-printing-machine\/#primaryimage\",\"url\":\"https:\/\/autoprintmachine.com\/wp-content\/uploads\/2022\/03\/250-1.jpg\",\"contentUrl\":\"https:\/\/autoprintmachine.com\/wp-content\/uploads\/2022\/03\/250-1.jpg\",\"width\":600,\"height\":600,\"caption\":\"250 1\"},{\"@type\":\"BreadcrumbList\",\"@id\":\"https:\/\/autoprintmachine.com\/one-color-pad-printing-machine\/#breadcrumb\",\"itemListElement\":[{\"@type\":\"ListItem\",\"position\":1,\"name\":\"Home\",\"item\":\"https:\/\/autoprintmachine.com\/\"},{\"@type\":\"ListItem\",\"position\":2,\"name\":\"Products\",\"item\":\"https:\/\/autoprintmachine.com\/shop\/\"},{\"@type\":\"ListItem\",\"position\":3,\"name\":\"One Color Pad Printing Machine\"}]},{\"@type\":\"WebSite\",\"@id\":\"https:\/\/autoprintmachine.com\/#website\",\"url\":\"https:\/\/autoprintmachine.com\/\",\"name\":\"\",\"description\":\"\",\"potentialAction\":[{\"@type\":\"SearchAction\",\"target\":{\"@type\":\"EntryPoint\",\"urlTemplate\":\"https:\/\/autoprintmachine.com\/?s={search_term_string}\"},\"query-input\":{\"@type\":\"PropertyValueSpecification\",\"valueRequired\":true,\"valueName\":\"search_term_string\"}}],\"inLanguage\":\"pt-BR\"}]}<\/script>\n<!-- \/ Yoast SEO plugin. -->","yoast_head_json":{"title":"One Color Pad Printing Machine with High Quality & Precision.","description":"Auto Print one color pad printing machine have several series, the cup size can be with dia90 to dia180mm.","robots":{"index":"index","follow":"follow","max-snippet":"max-snippet:-1","max-image-preview":"max-image-preview:large","max-video-preview":"max-video-preview:-1"},"canonical":"https:\/\/autoprintmachine.com\/pt\/maquina-de-tampografia-de-uma-cor\/","og_locale":"pt_BR","og_type":"article","og_title":"One Color Pad Printing Machine with High Quality & Precision.","og_description":"Auto Print one color pad printing machine have several series, the cup size can be with dia90 to dia180mm.","og_url":"https:\/\/autoprintmachine.com\/pt\/maquina-de-tampografia-de-uma-cor\/","article_modified_time":"2026-01-06T08:31:12+00:00","og_image":[{"width":600,"height":600,"url":"https:\/\/autoprintmachine.com\/wp-content\/uploads\/2022\/03\/250-1.jpg","type":"image\/jpeg"}],"twitter_card":"summary_large_image","twitter_misc":{"Est. tempo de leitura":"2 minutos"},"schema":{"@context":"https:\/\/schema.org","@graph":[{"@type":"WebPage","@id":"https:\/\/autoprintmachine.com\/one-color-pad-printing-machine\/","url":"https:\/\/autoprintmachine.com\/one-color-pad-printing-machine\/","name":"One Color Pad Printing Machine with High Quality & Precision.","isPartOf":{"@id":"https:\/\/autoprintmachine.com\/#website"},"primaryImageOfPage":{"@id":"https:\/\/autoprintmachine.com\/one-color-pad-printing-machine\/#primaryimage"},"image":{"@id":"https:\/\/autoprintmachine.com\/one-color-pad-printing-machine\/#primaryimage"},"thumbnailUrl":"https:\/\/autoprintmachine.com\/wp-content\/uploads\/2022\/03\/250-1.jpg","datePublished":"2020-08-11T07:33:12+00:00","dateModified":"2026-01-06T08:31:12+00:00","description":"Auto Print one color pad printing machine have several series, the cup size can be with dia90 to dia180mm.","breadcrumb":{"@id":"https:\/\/autoprintmachine.com\/one-color-pad-printing-machine\/#breadcrumb"},"inLanguage":"pt-BR","potentialAction":[{"@type":"ReadAction","target":["https:\/\/autoprintmachine.com\/one-color-pad-printing-machine\/"]}]},{"@type":"ImageObject","inLanguage":"pt-BR","@id":"https:\/\/autoprintmachine.com\/one-color-pad-printing-machine\/#primaryimage","url":"https:\/\/autoprintmachine.com\/wp-content\/uploads\/2022\/03\/250-1.jpg","contentUrl":"https:\/\/autoprintmachine.com\/wp-content\/uploads\/2022\/03\/250-1.jpg","width":600,"height":600,"caption":"250 1"},{"@type":"BreadcrumbList","@id":"https:\/\/autoprintmachine.com\/one-color-pad-printing-machine\/#breadcrumb","itemListElement":[{"@type":"ListItem","position":1,"name":"Home","item":"https:\/\/autoprintmachine.com\/"},{"@type":"ListItem","position":2,"name":"Products","item":"https:\/\/autoprintmachine.com\/shop\/"},{"@type":"ListItem","position":3,"name":"One Color Pad Printing Machine"}]},{"@type":"WebSite","@id":"https:\/\/autoprintmachine.com\/#website","url":"https:\/\/autoprintmachine.com\/","name":"","description":"","potentialAction":[{"@type":"SearchAction","target":{"@type":"EntryPoint","urlTemplate":"https:\/\/autoprintmachine.com\/?s={search_term_string}"},"query-input":{"@type":"PropertyValueSpecification","valueRequired":true,"valueName":"search_term_string"}}],"inLanguage":"pt-BR"}]}},"_links":{"self":[{"href":"https:\/\/autoprintmachine.com\/pt\/wp-json\/wp\/v2\/product\/334","targetHints":{"allow":["GET"]}}],"collection":[{"href":"https:\/\/autoprintmachine.com\/pt\/wp-json\/wp\/v2\/product"}],"about":[{"href":"https:\/\/autoprintmachine.com\/pt\/wp-json\/wp\/v2\/types\/product"}],"wp:featuredmedia":[{"embeddable":true,"href":"https:\/\/autoprintmachine.com\/pt\/wp-json\/wp\/v2\/media\/1365"}],"wp:attachment":[{"href":"https:\/\/autoprintmachine.com\/pt\/wp-json\/wp\/v2\/media?parent=334"}],"wp:term":[{"taxonomy":"product_cat","embeddable":true,"href":"https:\/\/autoprintmachine.com\/pt\/wp-json\/wp\/v2\/product_cat?post=334"}],"curies":[{"name":"wp","href":"https:\/\/api.w.org\/{rel}","templated":true}]}}