{"id":339,"date":"2020-08-11T08:45:51","date_gmt":"2020-08-11T08:45:51","guid":{"rendered":"https:\/\/onceauto.seowaimao.com\/?post_type=product&#038;p=339"},"modified":"2026-01-06T08:10:45","modified_gmt":"2026-01-06T08:10:45","slug":"maquina-de-tampografia-de-duas-cores","status":"publish","type":"product","link":"https:\/\/autoprintmachine.com\/pt\/maquina-de-tampografia-de-duas-cores\/","title":{"rendered":"M\u00e1quina de tampografia de duas cores"},"content":{"rendered":"<p><strong>Introdu\u00e7\u00e3o:<\/strong><\/p>\n<p>As impressoras de bloco de duas cores apresentam dois copos de tinta fechados com suportes de clich\u00ea ajust\u00e1veis em X\/Y\/R para ajuste de \u00e2ngulo, s\u00e3o acionadas pneumaticamente e controladas por uma placa de circuito impresso. As m\u00e1quinas bicolores Auto Print tamb\u00e9m s\u00e3o fornecidas em v\u00e1rias s\u00e9ries, de pequenas a grandes: as s\u00e9ries 125, 175 e 250. Essas m\u00e1quinas da s\u00e9rie de duas cores geralmente apresentam um shuttle de pe\u00e7as e um shuttle de transporte de blocos, amplamente usados para impress\u00e3o r\u00e1pida em duas cores.<\/p>\n<p><strong>Recursos padr\u00e3o:<\/strong><\/p>\n<ol>\n<li>F\u00e1cil de operar usando um painel sens\u00edvel ao toque<\/li>\n<li>Controlado por microprocessador<\/li>\n<li>Componentes pneum\u00e1ticos SMC ou FESTO<\/li>\n<li>Ajustes de curso da almofada facilmente acess\u00edveis<\/li>\n<li>Lan\u00e7ador de pe\u00e7as pneum\u00e1tico de duas posi\u00e7\u00f5es<\/li>\n<li>Soprador de almofada para impress\u00e3o em duas cores<\/li>\n<li>Mesa de trabalho X\/Y\/R\/Z<\/li>\n<li>Ajuste duplo de clich\u00ea X\/Y\/R<\/li>\n<li>Desempenho suave e silencioso da m\u00e1quina<\/li>\n<\/ol>\n<p><strong>Especifica\u00e7\u00f5es:<\/strong><\/p>\n<table style=\"height: 430px;\" width=\"681\">\n<tbody>\n<tr>\n<td width=\"69\">Modelo<\/td>\n<td width=\"69\">AP-125-2<\/td>\n<td width=\"69\">AP-175-2<\/td>\n<td width=\"69\">AP-250-2<\/td>\n<\/tr>\n<tr>\n<td width=\"69\">Sistema de tinta<\/td>\n<td width=\"69\">Copo de tinta fechado<\/td>\n<td width=\"69\">Copo de tinta fechado<\/td>\n<td width=\"69\">Copo de tinta fechado<\/td>\n<\/tr>\n<tr>\n<td width=\"69\">Tamanho da placa<\/td>\n<td width=\"69\">215x100mm<\/td>\n<td width=\"69\">270x130mm<\/td>\n<td width=\"69\">380x190mm<\/td>\n<\/tr>\n<tr>\n<td width=\"69\">Tamanho do copo de tinta<\/td>\n<td width=\"69\">ID90xOD100mm<\/td>\n<td width=\"69\">ID120xOD130mm<\/td>\n<td width=\"69\">ID180xOD190mm<\/td>\n<\/tr>\n<tr>\n<td width=\"69\">Capacidade de impress\u00e3o<\/td>\n<td width=\"69\">1800pcs<\/td>\n<td width=\"69\">1400pcs<\/td>\n<td width=\"69\">780 unidades<\/td>\n<\/tr>\n<tr>\n<td width=\"69\">Dirigir<\/td>\n<td width=\"69\">Pneum\u00e1tico<\/td>\n<td width=\"69\">Pneum\u00e1tico<\/td>\n<td width=\"69\">Pneum\u00e1tico<\/td>\n<\/tr>\n<tr>\n<td width=\"69\">For\u00e7a de impress\u00e3o<\/td>\n<td width=\"69\">629N<\/td>\n<td width=\"69\">982N<\/td>\n<td width=\"69\">3690N<\/td>\n<\/tr>\n<tr>\n<td width=\"69\">Tra\u00e7o vertical do pad<\/td>\n<td width=\"69\">75 mm<\/td>\n<td width=\"69\">100 mm<\/td>\n<td width=\"69\">80 mm<\/td>\n<\/tr>\n<tr>\n<td width=\"69\">Necessidade de ar<\/td>\n<td width=\"69\">5-6 bar<\/td>\n<td width=\"69\">5-6 bar<\/td>\n<td width=\"69\">5-6 bar<\/td>\n<\/tr>\n<tr>\n<td width=\"69\">Sistema de controle<\/td>\n<td width=\"69\">Placa de circuito impresso de 12V<\/td>\n<td width=\"69\">Placa de circuito impresso de 12V<\/td>\n<td width=\"69\">Placa de circuito impresso de 12V<\/td>\n<\/tr>\n<tr>\n<td width=\"69\">Tens\u00e3o<\/td>\n<td width=\"69\">110V\/220V\/230V 50\/60Hz<\/td>\n<td width=\"69\">110V\/220V\/230V 50\/60Hz<\/td>\n<td width=\"69\">110V\/220V\/230V 50\/60Hz<\/td>\n<\/tr>\n<tr>\n<td width=\"69\">Peso<\/td>\n<td width=\"69\">75 kg<\/td>\n<td width=\"69\">100 kg<\/td>\n<td width=\"69\">150 kg<\/td>\n<\/tr>\n<\/tbody>\n<\/table>","protected":false},"excerpt":{"rendered":"<p>As m\u00e1quinas de tampografia bicolor Auto Print s\u00e3o divididas em tr\u00eas s\u00e9ries: a s\u00e9rie 125, adequada para a impress\u00e3o de pe\u00e7as de pequeno porte; a s\u00e9rie 175, adequada para a impress\u00e3o de pe\u00e7as de m\u00e9dio porte; e a s\u00e9rie 250, adequada para a impress\u00e3o de pe\u00e7as de grande porte. H\u00e1 dois tipos comuns de m\u00e1quinas de tampografia bicolor Auto Print: uma \u00e9 equipada com uma mesa de trabalho de transporte e a outra com um transporte de tampografia. Essa m\u00e1quina de tampografia bicolor padr\u00e3o \u00e9 acionada pneumaticamente, mas tamb\u00e9m oferecemos outros tipos, como as impressoras de tampografia acionadas por servomotor. Tamb\u00e9m fornecemos kits completos de impress\u00e3o de blocos.<\/p>","protected":false},"featured_media":1368,"template":"","meta":[],"product_brand":[],"product_cat":[23],"product_tag":[],"class_list":{"0":"post-339","1":"product","2":"type-product","3":"status-publish","4":"has-post-thumbnail","6":"product_cat-pad-printing-machine","8":"first","9":"instock","10":"shipping-taxable","11":"product-type-simple"},"yoast_head":"<!-- This site is optimized with the Yoast SEO plugin v27.4 - https:\/\/yoast.com\/product\/yoast-seo-wordpress\/ -->\n<title>Two Color Pad Printing Machine with High-Quality &amp; Stable Performance.<\/title>\n<meta name=\"description\" content=\"The printers features 2 closed ink can adjustment cliche holders for different angle adjustment, pneumatic driven and PCB board controlled.\" \/>\n<meta name=\"robots\" content=\"index, follow, max-snippet:-1, max-image-preview:large, max-video-preview:-1\" \/>\n<link rel=\"canonical\" href=\"https:\/\/autoprintmachine.com\/pt\/maquina-de-tampografia-de-duas-cores\/\" \/>\n<meta property=\"og:locale\" content=\"pt_BR\" \/>\n<meta property=\"og:type\" content=\"article\" \/>\n<meta property=\"og:title\" content=\"Two Color Pad Printing Machine with High-Quality &amp; Stable Performance.\" \/>\n<meta property=\"og:description\" content=\"The printers features 2 closed ink can adjustment cliche holders for different angle adjustment, pneumatic driven and PCB board controlled.\" \/>\n<meta property=\"og:url\" content=\"https:\/\/autoprintmachine.com\/pt\/maquina-de-tampografia-de-duas-cores\/\" \/>\n<meta property=\"article:publisher\" content=\"https:\/\/www.facebook.com\/autoprinttech\/\" \/>\n<meta property=\"article:modified_time\" content=\"2026-01-06T08:10:45+00:00\" \/>\n<meta property=\"og:image\" content=\"https:\/\/autoprintmachine.com\/wp-content\/uploads\/2022\/03\/175-2.jpg\" \/>\n\t<meta property=\"og:image:width\" content=\"600\" \/>\n\t<meta property=\"og:image:height\" content=\"600\" \/>\n\t<meta property=\"og:image:type\" content=\"image\/jpeg\" \/>\n<meta name=\"twitter:card\" content=\"summary_large_image\" \/>\n<meta name=\"twitter:label1\" content=\"Est. reading time\" \/>\n\t<meta name=\"twitter:data1\" content=\"2 minutos\" \/>\n<script type=\"application\/ld+json\" class=\"yoast-schema-graph\">{\"@context\":\"https:\\\/\\\/schema.org\",\"@graph\":[{\"@type\":\"WebPage\",\"@id\":\"https:\\\/\\\/autoprintmachine.com\\\/two-color-pad-printing-machine\\\/\",\"url\":\"https:\\\/\\\/autoprintmachine.com\\\/two-color-pad-printing-machine\\\/\",\"name\":\"Two Color Pad Printing Machine with High-Quality & Stable Performance.\",\"isPartOf\":{\"@id\":\"https:\\\/\\\/autoprintmachine.com\\\/#website\"},\"primaryImageOfPage\":{\"@id\":\"https:\\\/\\\/autoprintmachine.com\\\/two-color-pad-printing-machine\\\/#primaryimage\"},\"image\":{\"@id\":\"https:\\\/\\\/autoprintmachine.com\\\/two-color-pad-printing-machine\\\/#primaryimage\"},\"thumbnailUrl\":\"https:\\\/\\\/autoprintmachine.com\\\/wp-content\\\/uploads\\\/2022\\\/03\\\/175-2.jpg\",\"datePublished\":\"2020-08-11T08:45:51+00:00\",\"dateModified\":\"2026-01-06T08:10:45+00:00\",\"description\":\"The printers features 2 closed ink can adjustment cliche holders for different angle adjustment, pneumatic driven and PCB board controlled.\",\"breadcrumb\":{\"@id\":\"https:\\\/\\\/autoprintmachine.com\\\/two-color-pad-printing-machine\\\/#breadcrumb\"},\"inLanguage\":\"pt-BR\",\"potentialAction\":[{\"@type\":\"ReadAction\",\"target\":[\"https:\\\/\\\/autoprintmachine.com\\\/two-color-pad-printing-machine\\\/\"]}]},{\"@type\":\"ImageObject\",\"inLanguage\":\"pt-BR\",\"@id\":\"https:\\\/\\\/autoprintmachine.com\\\/two-color-pad-printing-machine\\\/#primaryimage\",\"url\":\"https:\\\/\\\/autoprintmachine.com\\\/wp-content\\\/uploads\\\/2022\\\/03\\\/175-2.jpg\",\"contentUrl\":\"https:\\\/\\\/autoprintmachine.com\\\/wp-content\\\/uploads\\\/2022\\\/03\\\/175-2.jpg\",\"width\":600,\"height\":600,\"caption\":\"175 2\"},{\"@type\":\"BreadcrumbList\",\"@id\":\"https:\\\/\\\/autoprintmachine.com\\\/two-color-pad-printing-machine\\\/#breadcrumb\",\"itemListElement\":[{\"@type\":\"ListItem\",\"position\":1,\"name\":\"Home\",\"item\":\"https:\\\/\\\/autoprintmachine.com\\\/\"},{\"@type\":\"ListItem\",\"position\":2,\"name\":\"Products\",\"item\":\"https:\\\/\\\/autoprintmachine.com\\\/shop\\\/\"},{\"@type\":\"ListItem\",\"position\":3,\"name\":\"Two Color Pad Printing Machine\"}]},{\"@type\":\"WebSite\",\"@id\":\"https:\\\/\\\/autoprintmachine.com\\\/#website\",\"url\":\"https:\\\/\\\/autoprintmachine.com\\\/\",\"name\":\"\",\"description\":\"\",\"publisher\":{\"@id\":\"https:\\\/\\\/autoprintmachine.com\\\/#organization\"},\"potentialAction\":[{\"@type\":\"SearchAction\",\"target\":{\"@type\":\"EntryPoint\",\"urlTemplate\":\"https:\\\/\\\/autoprintmachine.com\\\/?s={search_term_string}\"},\"query-input\":{\"@type\":\"PropertyValueSpecification\",\"valueRequired\":true,\"valueName\":\"search_term_string\"}}],\"inLanguage\":\"pt-BR\"},{\"@type\":\"Organization\",\"@id\":\"https:\\\/\\\/autoprintmachine.com\\\/#organization\",\"name\":\"Dongguan Auto Print Tech Co., Ltd\",\"url\":\"https:\\\/\\\/autoprintmachine.com\\\/\",\"logo\":{\"@type\":\"ImageObject\",\"inLanguage\":\"pt-BR\",\"@id\":\"https:\\\/\\\/autoprintmachine.com\\\/#\\\/schema\\\/logo\\\/image\\\/\",\"url\":\"https:\\\/\\\/autoprintmachine.com\\\/wp-content\\\/uploads\\\/2023\\\/06\\\/screen_printing_logo_new.webp\",\"contentUrl\":\"https:\\\/\\\/autoprintmachine.com\\\/wp-content\\\/uploads\\\/2023\\\/06\\\/screen_printing_logo_new.webp\",\"width\":890,\"height\":750,\"caption\":\"Dongguan Auto Print Tech Co., Ltd\"},\"image\":{\"@id\":\"https:\\\/\\\/autoprintmachine.com\\\/#\\\/schema\\\/logo\\\/image\\\/\"},\"sameAs\":[\"https:\\\/\\\/www.facebook.com\\\/autoprinttech\\\/\",\"https:\\\/\\\/www.youtube.com\\\/channel\\\/UCJtPGiBbQWGE2DZLxySpCtw\"]}]}<\/script>\n<!-- \/ Yoast SEO plugin. -->","yoast_head_json":{"title":"M\u00e1quina de tampografia de duas cores com alta qualidade e desempenho est\u00e1vel.","description":"As impressoras apresentam 2 suportes de clich\u00ea de ajuste de lata de tinta fechada para ajuste de \u00e2ngulos diferentes, acionados pneumaticamente e controlados por placa de circuito impresso.","robots":{"index":"index","follow":"follow","max-snippet":"max-snippet:-1","max-image-preview":"max-image-preview:large","max-video-preview":"max-video-preview:-1"},"canonical":"https:\/\/autoprintmachine.com\/pt\/maquina-de-tampografia-de-duas-cores\/","og_locale":"pt_BR","og_type":"article","og_title":"Two Color Pad Printing Machine with High-Quality & Stable Performance.","og_description":"The printers features 2 closed ink can adjustment cliche holders for different angle adjustment, pneumatic driven and PCB board controlled.","og_url":"https:\/\/autoprintmachine.com\/pt\/maquina-de-tampografia-de-duas-cores\/","article_publisher":"https:\/\/www.facebook.com\/autoprinttech\/","article_modified_time":"2026-01-06T08:10:45+00:00","og_image":[{"width":600,"height":600,"url":"https:\/\/autoprintmachine.com\/wp-content\/uploads\/2022\/03\/175-2.jpg","type":"image\/jpeg"}],"twitter_card":"summary_large_image","twitter_misc":{"Est. reading time":"2 minutos"},"schema":{"@context":"https:\/\/schema.org","@graph":[{"@type":"WebPage","@id":"https:\/\/autoprintmachine.com\/two-color-pad-printing-machine\/","url":"https:\/\/autoprintmachine.com\/two-color-pad-printing-machine\/","name":"M\u00e1quina de tampografia de duas cores com alta qualidade e desempenho est\u00e1vel.","isPartOf":{"@id":"https:\/\/autoprintmachine.com\/#website"},"primaryImageOfPage":{"@id":"https:\/\/autoprintmachine.com\/two-color-pad-printing-machine\/#primaryimage"},"image":{"@id":"https:\/\/autoprintmachine.com\/two-color-pad-printing-machine\/#primaryimage"},"thumbnailUrl":"https:\/\/autoprintmachine.com\/wp-content\/uploads\/2022\/03\/175-2.jpg","datePublished":"2020-08-11T08:45:51+00:00","dateModified":"2026-01-06T08:10:45+00:00","description":"As impressoras apresentam 2 suportes de clich\u00ea de ajuste de lata de tinta fechada para ajuste de \u00e2ngulos diferentes, acionados pneumaticamente e controlados por placa de circuito impresso.","breadcrumb":{"@id":"https:\/\/autoprintmachine.com\/two-color-pad-printing-machine\/#breadcrumb"},"inLanguage":"pt-BR","potentialAction":[{"@type":"ReadAction","target":["https:\/\/autoprintmachine.com\/two-color-pad-printing-machine\/"]}]},{"@type":"ImageObject","inLanguage":"pt-BR","@id":"https:\/\/autoprintmachine.com\/two-color-pad-printing-machine\/#primaryimage","url":"https:\/\/autoprintmachine.com\/wp-content\/uploads\/2022\/03\/175-2.jpg","contentUrl":"https:\/\/autoprintmachine.com\/wp-content\/uploads\/2022\/03\/175-2.jpg","width":600,"height":600,"caption":"175 2"},{"@type":"BreadcrumbList","@id":"https:\/\/autoprintmachine.com\/two-color-pad-printing-machine\/#breadcrumb","itemListElement":[{"@type":"ListItem","position":1,"name":"Home","item":"https:\/\/autoprintmachine.com\/"},{"@type":"ListItem","position":2,"name":"Products","item":"https:\/\/autoprintmachine.com\/shop\/"},{"@type":"ListItem","position":3,"name":"Two Color Pad Printing Machine"}]},{"@type":"WebSite","@id":"https:\/\/autoprintmachine.com\/#website","url":"https:\/\/autoprintmachine.com\/","name":"","description":"","publisher":{"@id":"https:\/\/autoprintmachine.com\/#organization"},"potentialAction":[{"@type":"SearchAction","target":{"@type":"EntryPoint","urlTemplate":"https:\/\/autoprintmachine.com\/?s={search_term_string}"},"query-input":{"@type":"PropertyValueSpecification","valueRequired":true,"valueName":"search_term_string"}}],"inLanguage":"pt-BR"},{"@type":"Organization","@id":"https:\/\/autoprintmachine.com\/#organization","name":"Dongguan Auto Print Tech Co., Ltd","url":"https:\/\/autoprintmachine.com\/","logo":{"@type":"ImageObject","inLanguage":"pt-BR","@id":"https:\/\/autoprintmachine.com\/#\/schema\/logo\/image\/","url":"https:\/\/autoprintmachine.com\/wp-content\/uploads\/2023\/06\/screen_printing_logo_new.webp","contentUrl":"https:\/\/autoprintmachine.com\/wp-content\/uploads\/2023\/06\/screen_printing_logo_new.webp","width":890,"height":750,"caption":"Dongguan Auto Print Tech Co., Ltd"},"image":{"@id":"https:\/\/autoprintmachine.com\/#\/schema\/logo\/image\/"},"sameAs":["https:\/\/www.facebook.com\/autoprinttech\/","https:\/\/www.youtube.com\/channel\/UCJtPGiBbQWGE2DZLxySpCtw"]}]}},"_links":{"self":[{"href":"https:\/\/autoprintmachine.com\/pt\/wp-json\/wp\/v2\/product\/339","targetHints":{"allow":["GET"]}}],"collection":[{"href":"https:\/\/autoprintmachine.com\/pt\/wp-json\/wp\/v2\/product"}],"about":[{"href":"https:\/\/autoprintmachine.com\/pt\/wp-json\/wp\/v2\/types\/product"}],"wp:featuredmedia":[{"embeddable":true,"href":"https:\/\/autoprintmachine.com\/pt\/wp-json\/wp\/v2\/media\/1368"}],"wp:attachment":[{"href":"https:\/\/autoprintmachine.com\/pt\/wp-json\/wp\/v2\/media?parent=339"}],"wp:term":[{"taxonomy":"product_brand","embeddable":true,"href":"https:\/\/autoprintmachine.com\/pt\/wp-json\/wp\/v2\/product_brand?post=339"},{"taxonomy":"product_cat","embeddable":true,"href":"https:\/\/autoprintmachine.com\/pt\/wp-json\/wp\/v2\/product_cat?post=339"},{"taxonomy":"product_tag","embeddable":true,"href":"https:\/\/autoprintmachine.com\/pt\/wp-json\/wp\/v2\/product_tag?post=339"}],"curies":[{"name":"wp","href":"https:\/\/api.w.org\/{rel}","templated":true}]}}