{"id":348,"date":"2020-08-12T03:06:31","date_gmt":"2020-08-12T03:06:31","guid":{"rendered":"https:\/\/onceauto.seowaimao.com\/?post_type=product&#038;p=348"},"modified":"2026-01-06T05:32:17","modified_gmt":"2026-01-06T05:32:17","slug":"maquina-de-tampografia-independente-de-cinco-cores","status":"publish","type":"product","link":"https:\/\/autoprintmachine.com\/pt\/maquina-de-tampografia-independente-de-cinco-cores\/","title":{"rendered":"M\u00e1quina de impress\u00e3o independente de cinco cores com almofada"},"content":{"rendered":"<p><strong>Introdu\u00e7\u00e3o:<\/strong><\/p>\n<p><strong>AP-250-5IP<\/strong> A m\u00e1quina de impress\u00e3o por tampografia independente de cinco cores \u00e9 equipada com acionamento servo dianteiro\/traseiro e lan\u00e7ador de pe\u00e7as para imprimir de 1 a 5 cores.<\/p>\n<p>A m\u00e1quina de impress\u00e3o por cilindro independente possui um painel de controle program\u00e1vel com tela sens\u00edvel ao toque, e todas as fun\u00e7\u00f5es podem ser facilmente programadas a partir dele.<\/p>\n<p><strong>O AP-250-5IP<\/strong> vem com uma base de m\u00e1quina de a\u00e7o soldado de constru\u00e7\u00e3o s\u00f3lida para garantir um desempenho suave e sem vibra\u00e7\u00f5es.<\/p>\n<p><strong>AP-250-5IP<\/strong> A m\u00e1quina independente de impress\u00e3o por tampografia \u00e9 equipada com cinco clich\u00eas ajust\u00e1veis e copos de tinta. O tamanho do copo de tinta pode ser de 90 mm ou 120 mm, com cinco suportes de clich\u00ea ajust\u00e1veis X\/Y\/R individuais para o alinhamento preciso das obras de arte.<\/p>\n<p><strong>Vantagens:\u00a0<\/strong><\/p>\n<ul>\n<li>O PLC e a tela sens\u00edvel ao toque controlam todos os movimentos<\/li>\n<li>Shuttle de pe\u00e7as acionado por servo motor program\u00e1vel para extrema precis\u00e3o<\/li>\n<li>Curso de frente para tr\u00e1s acionado por servomotor para curso de trabalho program\u00e1vel<\/li>\n<li>Curso de impress\u00e3o independente ajust\u00e1vel<\/li>\n<li>Dispositivo autom\u00e1tico de limpeza da almofada de fita<\/li>\n<li>Placa de tamanho vari\u00e1vel 100x250mm ou 100x300mm<\/li>\n<li>Prote\u00e7\u00e3o de seguran\u00e7a instalada<\/li>\n<\/ul>\n<p><strong>Especifica\u00e7\u00f5es:<\/strong><\/p>\n<table style=\"height: 567px;\" width=\"696\">\n<tbody>\n<tr>\n<td width=\"69\">Modelo<\/td>\n<td width=\"69\">AP-250-5IP<\/td>\n<td width=\"69\">AP-250-6IP<\/td>\n<\/tr>\n<tr>\n<td width=\"69\">Sistema de tinta<\/td>\n<td width=\"69\">Copo de tinta fechado<\/td>\n<td width=\"69\">Copo de tinta fechado<\/td>\n<\/tr>\n<tr>\n<td width=\"69\">Tamanho da placa<\/td>\n<td width=\"69\">250x100mm ou 300x100mm<\/td>\n<td width=\"69\">250x100mm ou 300x100mm<\/td>\n<\/tr>\n<tr>\n<td width=\"69\">Tamanho do copo de tinta<\/td>\n<td width=\"69\">ID90xOD100mm<\/td>\n<td width=\"69\">ID90xOD100mm<\/td>\n<\/tr>\n<tr>\n<td width=\"69\">Capacidade de impress\u00e3o<\/td>\n<td width=\"69\">150-200pcs<\/td>\n<td width=\"69\">150-200pcs<\/td>\n<\/tr>\n<tr>\n<td width=\"69\">Curso frontal e traseiro<\/td>\n<td width=\"69\">Servoacionado<\/td>\n<td width=\"69\">Servoacionado<\/td>\n<\/tr>\n<tr>\n<td width=\"69\">Transporte de pe\u00e7as<\/td>\n<td width=\"69\">Servoacionado<\/td>\n<td width=\"69\">Servoacionado<\/td>\n<\/tr>\n<tr>\n<td width=\"69\">Tra\u00e7o vertical do pad<\/td>\n<td width=\"69\">Cilindro de ar independente<\/td>\n<td width=\"69\">Cilindro de ar independente<\/td>\n<\/tr>\n<tr>\n<td width=\"69\">Necessidade de ar<\/td>\n<td width=\"69\">5-6 bar<\/td>\n<td width=\"69\">5-6 bar<\/td>\n<\/tr>\n<tr>\n<td width=\"69\">Sistema de controle<\/td>\n<td width=\"69\">PLC e tela sens\u00edvel ao toque<\/td>\n<td width=\"69\">PLC e tela sens\u00edvel ao toque<\/td>\n<\/tr>\n<tr>\n<td width=\"69\">Tens\u00e3o<\/td>\n<td width=\"69\">110V\/220V\/230V 50\/60Hz<\/td>\n<td width=\"69\">110V\/220V\/230V 50\/60Hz<\/td>\n<\/tr>\n<tr>\n<td width=\"69\">Dimens\u00f5es<\/td>\n<td width=\"69\">1050x1200x1750mm<\/td>\n<td width=\"69\">\u00a01050x1200x1750mm<\/td>\n<\/tr>\n<\/tbody>\n<\/table>","protected":false},"excerpt":{"rendered":"<p>A AP-250-5IP \u00e9 uma m\u00e1quina de impress\u00e3o de bloco de cinco cores com curso de bloco independente; cada curso de impress\u00e3o de bloco \u00e9 ajust\u00e1vel para diferentes requisitos de impress\u00e3o. O lan\u00e7ador de pe\u00e7as \u00e9 acionado por um servomotor program\u00e1vel para impress\u00e3o precisa e registro de cor a cor. Todas as fun\u00e7\u00f5es s\u00e3o facilmente controladas por meio da tela sens\u00edvel ao toque. O sistema de limpeza da fita reduz a carga de trabalho do operador e garante uma impress\u00e3o de alta qualidade. Ela pode ser configurada de uma m\u00e1quina de 4 a 6 cores.<\/p>","protected":false},"featured_media":1364,"template":"","meta":[],"product_brand":[],"product_cat":[23],"product_tag":[],"class_list":{"0":"post-348","1":"product","2":"type-product","3":"status-publish","4":"has-post-thumbnail","6":"product_cat-pad-printing-machine","8":"first","9":"instock","10":"shipping-taxable","11":"product-type-simple"},"yoast_head":"<!-- This site is optimized with the Yoast SEO plugin v27.4 - https:\/\/yoast.com\/product\/yoast-seo-wordpress\/ -->\n<title>5 Color Pad Printer with Independent Pad Stroke and Servo Shuttle<\/title>\n<meta name=\"description\" content=\"The 5 color pad printing machine features with independent pad stroke, servo shuttle work table for accurate printing.\" \/>\n<meta name=\"robots\" content=\"index, follow, max-snippet:-1, max-image-preview:large, max-video-preview:-1\" \/>\n<link rel=\"canonical\" href=\"https:\/\/autoprintmachine.com\/pt\/maquina-de-tampografia-independente-de-cinco-cores\/\" \/>\n<meta property=\"og:locale\" content=\"pt_BR\" \/>\n<meta property=\"og:type\" content=\"article\" \/>\n<meta property=\"og:title\" content=\"5 Color Pad Printer with Independent Pad Stroke and Servo Shuttle\" \/>\n<meta property=\"og:description\" content=\"The 5 color pad printing machine features with independent pad stroke, servo shuttle work table for accurate printing.\" \/>\n<meta property=\"og:url\" content=\"https:\/\/autoprintmachine.com\/pt\/maquina-de-tampografia-independente-de-cinco-cores\/\" \/>\n<meta property=\"article:publisher\" content=\"https:\/\/www.facebook.com\/autoprinttech\/\" \/>\n<meta property=\"article:modified_time\" content=\"2026-01-06T05:32:17+00:00\" \/>\n<meta property=\"og:image\" content=\"https:\/\/autoprintmachine.com\/wp-content\/uploads\/2022\/03\/250-5.jpg\" \/>\n\t<meta property=\"og:image:width\" content=\"600\" \/>\n\t<meta property=\"og:image:height\" content=\"600\" \/>\n\t<meta property=\"og:image:type\" content=\"image\/jpeg\" \/>\n<meta name=\"twitter:card\" content=\"summary_large_image\" \/>\n<meta name=\"twitter:label1\" content=\"Est. reading time\" \/>\n\t<meta name=\"twitter:data1\" content=\"2 minutos\" \/>\n<script type=\"application\/ld+json\" class=\"yoast-schema-graph\">{\"@context\":\"https:\\\/\\\/schema.org\",\"@graph\":[{\"@type\":\"WebPage\",\"@id\":\"https:\\\/\\\/autoprintmachine.com\\\/independent-pad-stroke-five-color-pad-printing-machine\\\/\",\"url\":\"https:\\\/\\\/autoprintmachine.com\\\/independent-pad-stroke-five-color-pad-printing-machine\\\/\",\"name\":\"5 Color Pad Printer with Independent Pad Stroke and Servo Shuttle\",\"isPartOf\":{\"@id\":\"https:\\\/\\\/autoprintmachine.com\\\/#website\"},\"primaryImageOfPage\":{\"@id\":\"https:\\\/\\\/autoprintmachine.com\\\/independent-pad-stroke-five-color-pad-printing-machine\\\/#primaryimage\"},\"image\":{\"@id\":\"https:\\\/\\\/autoprintmachine.com\\\/independent-pad-stroke-five-color-pad-printing-machine\\\/#primaryimage\"},\"thumbnailUrl\":\"https:\\\/\\\/autoprintmachine.com\\\/wp-content\\\/uploads\\\/2022\\\/03\\\/250-5.jpg\",\"datePublished\":\"2020-08-12T03:06:31+00:00\",\"dateModified\":\"2026-01-06T05:32:17+00:00\",\"description\":\"The 5 color pad printing machine features with independent pad stroke, servo shuttle work table for accurate printing.\",\"breadcrumb\":{\"@id\":\"https:\\\/\\\/autoprintmachine.com\\\/independent-pad-stroke-five-color-pad-printing-machine\\\/#breadcrumb\"},\"inLanguage\":\"pt-BR\",\"potentialAction\":[{\"@type\":\"ReadAction\",\"target\":[\"https:\\\/\\\/autoprintmachine.com\\\/independent-pad-stroke-five-color-pad-printing-machine\\\/\"]}]},{\"@type\":\"ImageObject\",\"inLanguage\":\"pt-BR\",\"@id\":\"https:\\\/\\\/autoprintmachine.com\\\/independent-pad-stroke-five-color-pad-printing-machine\\\/#primaryimage\",\"url\":\"https:\\\/\\\/autoprintmachine.com\\\/wp-content\\\/uploads\\\/2022\\\/03\\\/250-5.jpg\",\"contentUrl\":\"https:\\\/\\\/autoprintmachine.com\\\/wp-content\\\/uploads\\\/2022\\\/03\\\/250-5.jpg\",\"width\":600,\"height\":600,\"caption\":\"250 5\"},{\"@type\":\"BreadcrumbList\",\"@id\":\"https:\\\/\\\/autoprintmachine.com\\\/independent-pad-stroke-five-color-pad-printing-machine\\\/#breadcrumb\",\"itemListElement\":[{\"@type\":\"ListItem\",\"position\":1,\"name\":\"Home\",\"item\":\"https:\\\/\\\/autoprintmachine.com\\\/\"},{\"@type\":\"ListItem\",\"position\":2,\"name\":\"Products\",\"item\":\"https:\\\/\\\/autoprintmachine.com\\\/shop\\\/\"},{\"@type\":\"ListItem\",\"position\":3,\"name\":\"Independent Pad Stroke Five Color Printing Machine\"}]},{\"@type\":\"WebSite\",\"@id\":\"https:\\\/\\\/autoprintmachine.com\\\/#website\",\"url\":\"https:\\\/\\\/autoprintmachine.com\\\/\",\"name\":\"\",\"description\":\"\",\"publisher\":{\"@id\":\"https:\\\/\\\/autoprintmachine.com\\\/#organization\"},\"potentialAction\":[{\"@type\":\"SearchAction\",\"target\":{\"@type\":\"EntryPoint\",\"urlTemplate\":\"https:\\\/\\\/autoprintmachine.com\\\/?s={search_term_string}\"},\"query-input\":{\"@type\":\"PropertyValueSpecification\",\"valueRequired\":true,\"valueName\":\"search_term_string\"}}],\"inLanguage\":\"pt-BR\"},{\"@type\":\"Organization\",\"@id\":\"https:\\\/\\\/autoprintmachine.com\\\/#organization\",\"name\":\"Dongguan Auto Print Tech Co., Ltd\",\"url\":\"https:\\\/\\\/autoprintmachine.com\\\/\",\"logo\":{\"@type\":\"ImageObject\",\"inLanguage\":\"pt-BR\",\"@id\":\"https:\\\/\\\/autoprintmachine.com\\\/#\\\/schema\\\/logo\\\/image\\\/\",\"url\":\"https:\\\/\\\/autoprintmachine.com\\\/wp-content\\\/uploads\\\/2023\\\/06\\\/screen_printing_logo_new.webp\",\"contentUrl\":\"https:\\\/\\\/autoprintmachine.com\\\/wp-content\\\/uploads\\\/2023\\\/06\\\/screen_printing_logo_new.webp\",\"width\":890,\"height\":750,\"caption\":\"Dongguan Auto Print Tech Co., Ltd\"},\"image\":{\"@id\":\"https:\\\/\\\/autoprintmachine.com\\\/#\\\/schema\\\/logo\\\/image\\\/\"},\"sameAs\":[\"https:\\\/\\\/www.facebook.com\\\/autoprinttech\\\/\",\"https:\\\/\\\/www.youtube.com\\\/channel\\\/UCJtPGiBbQWGE2DZLxySpCtw\"]}]}<\/script>\n<!-- \/ Yoast SEO plugin. -->","yoast_head_json":{"title":"Impressora de bloco de 5 cores com curso de bloco independente e servo shuttle","description":"A m\u00e1quina de impress\u00e3o em bloco de 5 cores possui curso de bloco independente, mesa de trabalho com servo shuttle para impress\u00e3o precisa.","robots":{"index":"index","follow":"follow","max-snippet":"max-snippet:-1","max-image-preview":"max-image-preview:large","max-video-preview":"max-video-preview:-1"},"canonical":"https:\/\/autoprintmachine.com\/pt\/maquina-de-tampografia-independente-de-cinco-cores\/","og_locale":"pt_BR","og_type":"article","og_title":"5 Color Pad Printer with Independent Pad Stroke and Servo Shuttle","og_description":"The 5 color pad printing machine features with independent pad stroke, servo shuttle work table for accurate printing.","og_url":"https:\/\/autoprintmachine.com\/pt\/maquina-de-tampografia-independente-de-cinco-cores\/","article_publisher":"https:\/\/www.facebook.com\/autoprinttech\/","article_modified_time":"2026-01-06T05:32:17+00:00","og_image":[{"width":600,"height":600,"url":"https:\/\/autoprintmachine.com\/wp-content\/uploads\/2022\/03\/250-5.jpg","type":"image\/jpeg"}],"twitter_card":"summary_large_image","twitter_misc":{"Est. reading time":"2 minutos"},"schema":{"@context":"https:\/\/schema.org","@graph":[{"@type":"WebPage","@id":"https:\/\/autoprintmachine.com\/independent-pad-stroke-five-color-pad-printing-machine\/","url":"https:\/\/autoprintmachine.com\/independent-pad-stroke-five-color-pad-printing-machine\/","name":"Impressora de bloco de 5 cores com curso de bloco independente e servo shuttle","isPartOf":{"@id":"https:\/\/autoprintmachine.com\/#website"},"primaryImageOfPage":{"@id":"https:\/\/autoprintmachine.com\/independent-pad-stroke-five-color-pad-printing-machine\/#primaryimage"},"image":{"@id":"https:\/\/autoprintmachine.com\/independent-pad-stroke-five-color-pad-printing-machine\/#primaryimage"},"thumbnailUrl":"https:\/\/autoprintmachine.com\/wp-content\/uploads\/2022\/03\/250-5.jpg","datePublished":"2020-08-12T03:06:31+00:00","dateModified":"2026-01-06T05:32:17+00:00","description":"A m\u00e1quina de impress\u00e3o em bloco de 5 cores possui curso de bloco independente, mesa de trabalho com servo shuttle para impress\u00e3o precisa.","breadcrumb":{"@id":"https:\/\/autoprintmachine.com\/independent-pad-stroke-five-color-pad-printing-machine\/#breadcrumb"},"inLanguage":"pt-BR","potentialAction":[{"@type":"ReadAction","target":["https:\/\/autoprintmachine.com\/independent-pad-stroke-five-color-pad-printing-machine\/"]}]},{"@type":"ImageObject","inLanguage":"pt-BR","@id":"https:\/\/autoprintmachine.com\/independent-pad-stroke-five-color-pad-printing-machine\/#primaryimage","url":"https:\/\/autoprintmachine.com\/wp-content\/uploads\/2022\/03\/250-5.jpg","contentUrl":"https:\/\/autoprintmachine.com\/wp-content\/uploads\/2022\/03\/250-5.jpg","width":600,"height":600,"caption":"250 5"},{"@type":"BreadcrumbList","@id":"https:\/\/autoprintmachine.com\/independent-pad-stroke-five-color-pad-printing-machine\/#breadcrumb","itemListElement":[{"@type":"ListItem","position":1,"name":"Home","item":"https:\/\/autoprintmachine.com\/"},{"@type":"ListItem","position":2,"name":"Products","item":"https:\/\/autoprintmachine.com\/shop\/"},{"@type":"ListItem","position":3,"name":"Independent Pad Stroke Five Color Printing Machine"}]},{"@type":"WebSite","@id":"https:\/\/autoprintmachine.com\/#website","url":"https:\/\/autoprintmachine.com\/","name":"","description":"","publisher":{"@id":"https:\/\/autoprintmachine.com\/#organization"},"potentialAction":[{"@type":"SearchAction","target":{"@type":"EntryPoint","urlTemplate":"https:\/\/autoprintmachine.com\/?s={search_term_string}"},"query-input":{"@type":"PropertyValueSpecification","valueRequired":true,"valueName":"search_term_string"}}],"inLanguage":"pt-BR"},{"@type":"Organization","@id":"https:\/\/autoprintmachine.com\/#organization","name":"Dongguan Auto Print Tech Co., Ltd","url":"https:\/\/autoprintmachine.com\/","logo":{"@type":"ImageObject","inLanguage":"pt-BR","@id":"https:\/\/autoprintmachine.com\/#\/schema\/logo\/image\/","url":"https:\/\/autoprintmachine.com\/wp-content\/uploads\/2023\/06\/screen_printing_logo_new.webp","contentUrl":"https:\/\/autoprintmachine.com\/wp-content\/uploads\/2023\/06\/screen_printing_logo_new.webp","width":890,"height":750,"caption":"Dongguan Auto Print Tech Co., Ltd"},"image":{"@id":"https:\/\/autoprintmachine.com\/#\/schema\/logo\/image\/"},"sameAs":["https:\/\/www.facebook.com\/autoprinttech\/","https:\/\/www.youtube.com\/channel\/UCJtPGiBbQWGE2DZLxySpCtw"]}]}},"_links":{"self":[{"href":"https:\/\/autoprintmachine.com\/pt\/wp-json\/wp\/v2\/product\/348","targetHints":{"allow":["GET"]}}],"collection":[{"href":"https:\/\/autoprintmachine.com\/pt\/wp-json\/wp\/v2\/product"}],"about":[{"href":"https:\/\/autoprintmachine.com\/pt\/wp-json\/wp\/v2\/types\/product"}],"wp:featuredmedia":[{"embeddable":true,"href":"https:\/\/autoprintmachine.com\/pt\/wp-json\/wp\/v2\/media\/1364"}],"wp:attachment":[{"href":"https:\/\/autoprintmachine.com\/pt\/wp-json\/wp\/v2\/media?parent=348"}],"wp:term":[{"taxonomy":"product_brand","embeddable":true,"href":"https:\/\/autoprintmachine.com\/pt\/wp-json\/wp\/v2\/product_brand?post=348"},{"taxonomy":"product_cat","embeddable":true,"href":"https:\/\/autoprintmachine.com\/pt\/wp-json\/wp\/v2\/product_cat?post=348"},{"taxonomy":"product_tag","embeddable":true,"href":"https:\/\/autoprintmachine.com\/pt\/wp-json\/wp\/v2\/product_tag?post=348"}],"curies":[{"name":"wp","href":"https:\/\/api.w.org\/{rel}","templated":true}]}}