{"id":355,"date":"2020-08-12T07:28:45","date_gmt":"2020-08-12T07:28:45","guid":{"rendered":"https:\/\/onceauto.seowaimao.com\/?post_type=product&#038;p=355"},"modified":"2025-12-30T01:37:20","modified_gmt":"2025-12-30T01:37:20","slug":"1-to-6-color-automatic-uv-bottle-screen-printing-machine","status":"publish","type":"product","link":"https:\/\/autoprintmachine.com\/pt\/maquina-de-serigrafia-automatica-para-garrafas-com-1-a-6-cores\/","title":{"rendered":"M\u00e1quina de impress\u00e3o autom\u00e1tica de tela UV para garrafas de 1 a 6 cores"},"content":{"rendered":"<section class=\"section\" id=\"section_629695709\">\n\t\t<div class=\"section-bg fill\" >\n\t\t\t\t\t\t\t\t\t\n\t\t\t\n\n\t\t<\/div>\n\n\t\t\n\n\t\t<div class=\"section-content relative\">\n\t\t\t\n<div class=\"row\"  id=\"row-1890656857\">\n\n\t<div id=\"col-857153101\" class=\"col small-12 large-12\"  >\n\t\t\t\t<div class=\"col-inner\"  >\n\t\t\t\n\t\t\t\n<h2>Assista \u00e0 nossa m\u00e1quina de impress\u00e3o UV autom\u00e1tica de 1 a 6 cores para garrafas<\/h2>\n<hr \/>\n<h2><\/h2>\n<div class=\"row\"  id=\"row-1652599981\">\n\n\t<div id=\"col-1008329457\" class=\"col medium-10 small-12 large-10\"  >\n\t\t\t\t<div class=\"col-inner\"  >\n\t\t\t\n\t\t\t\n<div class=\"video video-fit mb\" style=\"padding-top:56.25%;\"><p><iframe loading=\"lazy\" title=\"M\u00e1quina de impress\u00e3o em tela redonda: AP-100 com sistema LED UV\" width=\"1020\" height=\"574\" src=\"https:\/\/www.youtube.com\/embed\/b0R1PvPROp0?feature=oembed\" frameborder=\"0\" allow=\"accelerometer; autoplay; clipboard-write; encrypted-media; gyroscope; picture-in-picture; web-share\" referrerpolicy=\"strict-origin-when-cross-origin\" allowfullscreen><\/iframe><\/p>\n<\/div>\n\t\t<\/div>\n\t\t\t\t\t<\/div>\n\n\t\n<\/div>\n\t\t<\/div>\n\t\t\t\t\t<\/div>\n\n\t\n\n\t<div id=\"col-790267071\" class=\"col small-12 large-12\"  >\n\t\t\t\t<div class=\"col-inner\"  >\n\t\t\t\n\t\t\t\n<h2>Introdu\u00e7\u00e3o \u00e0 m\u00e1quina de impress\u00e3o em tela UV:<\/h2>\n<p>A m\u00e1quina autom\u00e1tica de impress\u00e3o de tela UV para garrafas da s\u00e9rie AP-100 \u00e9 do tipo acionada mecanicamente. Ela usa o controle do motor CA e o sistema de feixe de caminhada linear. E essa impressora de copo UV pode transportar garrafas com registro de cor a cor altamente preciso. Quando a garrafa \u00e9 carregada na m\u00e1quina, ela pode ser automaticamente tratada com chama, impressa em tela e curada por UV. A velocidade m\u00e1xima de impress\u00e3o dessa linha autom\u00e1tica de impress\u00e3o de tela pode chegar a 70 unidades por minuto.<\/p>\n<p>A impressora de tela autom\u00e1tica da s\u00e9rie AP-100 \u00e9 adequada para diferentes formatos. Incluindo formas redondas, ovais e quadradas. Os materiais do cont\u00eainer podem ser pl\u00e1stico, vidro, metal, etc.<\/p>\n<h2>Caracter\u00edsticas da m\u00e1quina de impress\u00e3o UV:<\/h2>\n<ol>\n<li>Impressora de tela UV autom\u00e1tica de 1 a 6 cores<\/li>\n<li>Velocidades de impress\u00e3o de at\u00e9 70 garrafas por minuto<\/li>\n<li>Impress\u00f5es em recipientes redondos e ovais<\/li>\n<li>Feixe de caminhada mec\u00e2nico indexado<\/li>\n<li>Motor principal da It\u00e1lia<\/li>\n<li>Sistema UV eletr\u00f4nico<\/li>\n<li>PLC Omron com controle por tela sens\u00edvel ao toque<\/li>\n<li>Sopro antiest\u00e1tico e tratamento contra chamas integrados<\/li>\n<\/ol>\n<h2>Especifica\u00e7\u00f5es da impressora UV para garrafas:<\/h2>\n<table width=\"560\">\n<tbody>\n<tr>\n<td colspan=\"2\" width=\"275\">ESPECIFICA\u00c7\u00d5ES DA M\u00c1QUINA<\/td>\n<td width=\"285\">S\u00e9rie AP-100<\/td>\n<\/tr>\n<tr>\n<td colspan=\"2\" width=\"275\">Tamanho do recipiente redondo:<\/td>\n<td width=\"285\">Di\u00e2metro: \u00d810-100mm, Altura: 30-260mm<\/td>\n<\/tr>\n<tr>\n<td colspan=\"2\" width=\"275\">\u00c1rea m\u00e1xima de impress\u00e3o do cont\u00eainer redondo:<\/td>\n<td width=\"285\">C 260 x L 220 mm<\/td>\n<\/tr>\n<tr>\n<td colspan=\"2\" width=\"275\">Tamanho do recipiente oval:<\/td>\n<td width=\"285\">R: 10-250 mm, Altura: 30-260 mm<\/td>\n<\/tr>\n<tr>\n<td colspan=\"2\" width=\"275\">\u00c1rea m\u00e1xima de impress\u00e3o do cont\u00eainer oval:<\/td>\n<td width=\"285\">C 120 x L220 mm<\/td>\n<\/tr>\n<tr>\n<td colspan=\"2\" width=\"275\">Capacidade de impress\u00e3o:<\/td>\n<td width=\"285\">At\u00e9 70 pcs\/min<\/td>\n<\/tr>\n<tr>\n<td colspan=\"2\" width=\"275\">Pot\u00eancia da l\u00e2mpada UV:<\/td>\n<td width=\"285\">5 KW<\/td>\n<\/tr>\n<tr>\n<td colspan=\"2\" width=\"275\">Dirigir:<\/td>\n<td width=\"285\">Acionamento mec\u00e2nico<\/td>\n<\/tr>\n<tr>\n<td colspan=\"2\" width=\"275\">El\u00e9trica:<\/td>\n<td width=\"285\">380V\/480V trif\u00e1sico 50\/60Hz<\/td>\n<\/tr>\n<tr>\n<td colspan=\"2\" width=\"275\">Necessidade de ar:<\/td>\n<td width=\"285\">5-7 bar<\/td>\n<\/tr>\n<tr>\n<td colspan=\"2\" width=\"275\">Consumo de energia:<\/td>\n<td width=\"285\">5,4 KW\/UNIDADE<\/td>\n<\/tr>\n<tr>\n<td colspan=\"2\" width=\"275\">Peso:<\/td>\n<td width=\"285\">1600 KG<\/td>\n<\/tr>\n<\/tbody>\n<\/table>\n\t\t<\/div>\n\t\t\t\t\t<\/div>\n\n\t\n<\/div>\n\t\t<\/div>\n\n\t\t\n<style>\n#section_629695709 {\n  padding-top: 30px;\n  padding-bottom: 30px;\n}\n<\/style>\n\t<\/section>","protected":false},"excerpt":{"rendered":"<p>A m\u00e1quina de serigrafia UV autom\u00e1tica da s\u00e9rie AP-100 \u00e9 uma linha completa de serigrafia autom\u00e1tica de 1 a 6 cores que inclui tratamento de chamas, serigrafia e cura UV. Essa linha de serigrafia \u00e9 equipada com um motor principal da marca italiana que aciona o feixe de deslocamento linear solidamente constru\u00eddo para transportar as garrafas. A alta velocidade e o registro preciso de cores fazem com que essa s\u00e9rie de m\u00e1quinas seja amplamente utilizada para impress\u00e3o em diferentes tipos de garrafas, incluindo pl\u00e1stico, vidro, metal etc. Os formatos das garrafas podem ser redondos, ovais e quadrados.<\/p>","protected":false},"featured_media":1636,"template":"","meta":[],"product_cat":[18],"class_list":{"0":"post-355","1":"product","2":"type-product","3":"status-publish","4":"has-post-thumbnail","6":"product_cat-automatic-uv-screen-printing-equipment","8":"first","9":"instock","10":"shipping-taxable","11":"product-type-simple"},"acf":[],"yoast_head":"<!-- This site is optimized with the Yoast SEO plugin v23.9 - https:\/\/yoast.com\/wordpress\/plugins\/seo\/ -->\n<title>6 Color Automatic UV Bottle Screen Printing Machine<\/title>\n<meta name=\"description\" content=\"The automatic UV tumbler printer is suitable for different shapes bottles can be round, oval, and square shapes. plastic, glass, and metal are OK.\" \/>\n<meta name=\"robots\" content=\"index, follow, max-snippet:-1, max-image-preview:large, max-video-preview:-1\" \/>\n<link rel=\"canonical\" href=\"https:\/\/autoprintmachine.com\/pt\/maquina-de-serigrafia-automatica-para-garrafas-com-1-a-6-cores\/\" \/>\n<meta property=\"og:locale\" content=\"pt_BR\" \/>\n<meta property=\"og:type\" content=\"article\" \/>\n<meta property=\"og:title\" content=\"6 Color Automatic UV Bottle Screen Printing Machine\" \/>\n<meta property=\"og:description\" content=\"The automatic UV tumbler printer is suitable for different shapes bottles can be round, oval, and square shapes. plastic, glass, and metal are OK.\" \/>\n<meta property=\"og:url\" content=\"https:\/\/autoprintmachine.com\/pt\/maquina-de-serigrafia-automatica-para-garrafas-com-1-a-6-cores\/\" \/>\n<meta property=\"article:modified_time\" content=\"2025-12-30T01:37:20+00:00\" \/>\n<meta property=\"og:image\" content=\"https:\/\/autoprintmachine.com\/wp-content\/uploads\/2023\/08\/five_color_bottle_screen_printing_machine.webp\" \/>\n\t<meta property=\"og:image:width\" content=\"600\" \/>\n\t<meta property=\"og:image:height\" content=\"600\" \/>\n\t<meta property=\"og:image:type\" content=\"image\/webp\" \/>\n<meta name=\"twitter:card\" content=\"summary_large_image\" \/>\n<meta name=\"twitter:label1\" content=\"Est. tempo de leitura\" \/>\n\t<meta name=\"twitter:data1\" content=\"2 minutos\" \/>\n<script type=\"application\/ld+json\" class=\"yoast-schema-graph\">{\"@context\":\"https:\/\/schema.org\",\"@graph\":[{\"@type\":\"WebPage\",\"@id\":\"https:\/\/autoprintmachine.com\/1-to-6-color-automatic-uv-bottle-screen-printing-machine\/\",\"url\":\"https:\/\/autoprintmachine.com\/1-to-6-color-automatic-uv-bottle-screen-printing-machine\/\",\"name\":\"6 Color Automatic UV Bottle Screen Printing Machine\",\"isPartOf\":{\"@id\":\"https:\/\/autoprintmachine.com\/#website\"},\"primaryImageOfPage\":{\"@id\":\"https:\/\/autoprintmachine.com\/1-to-6-color-automatic-uv-bottle-screen-printing-machine\/#primaryimage\"},\"image\":{\"@id\":\"https:\/\/autoprintmachine.com\/1-to-6-color-automatic-uv-bottle-screen-printing-machine\/#primaryimage\"},\"thumbnailUrl\":\"https:\/\/autoprintmachine.com\/wp-content\/uploads\/2023\/08\/five_color_bottle_screen_printing_machine.webp\",\"datePublished\":\"2020-08-12T07:28:45+00:00\",\"dateModified\":\"2025-12-30T01:37:20+00:00\",\"description\":\"The automatic UV tumbler printer is suitable for different shapes bottles can be round, oval, and square shapes. plastic, glass, and metal are OK.\",\"breadcrumb\":{\"@id\":\"https:\/\/autoprintmachine.com\/1-to-6-color-automatic-uv-bottle-screen-printing-machine\/#breadcrumb\"},\"inLanguage\":\"pt-BR\",\"potentialAction\":[{\"@type\":\"ReadAction\",\"target\":[\"https:\/\/autoprintmachine.com\/1-to-6-color-automatic-uv-bottle-screen-printing-machine\/\"]}]},{\"@type\":\"ImageObject\",\"inLanguage\":\"pt-BR\",\"@id\":\"https:\/\/autoprintmachine.com\/1-to-6-color-automatic-uv-bottle-screen-printing-machine\/#primaryimage\",\"url\":\"https:\/\/autoprintmachine.com\/wp-content\/uploads\/2023\/08\/five_color_bottle_screen_printing_machine.webp\",\"contentUrl\":\"https:\/\/autoprintmachine.com\/wp-content\/uploads\/2023\/08\/five_color_bottle_screen_printing_machine.webp\",\"width\":600,\"height\":600,\"caption\":\"five_color_bottle_screen_printing_machine\"},{\"@type\":\"BreadcrumbList\",\"@id\":\"https:\/\/autoprintmachine.com\/1-to-6-color-automatic-uv-bottle-screen-printing-machine\/#breadcrumb\",\"itemListElement\":[{\"@type\":\"ListItem\",\"position\":1,\"name\":\"Home\",\"item\":\"https:\/\/autoprintmachine.com\/\"},{\"@type\":\"ListItem\",\"position\":2,\"name\":\"Products\",\"item\":\"https:\/\/autoprintmachine.com\/shop\/\"},{\"@type\":\"ListItem\",\"position\":3,\"name\":\"1 to 6 Color Automatic UV Bottle Screen Printing Machine\"}]},{\"@type\":\"WebSite\",\"@id\":\"https:\/\/autoprintmachine.com\/#website\",\"url\":\"https:\/\/autoprintmachine.com\/\",\"name\":\"\",\"description\":\"\",\"potentialAction\":[{\"@type\":\"SearchAction\",\"target\":{\"@type\":\"EntryPoint\",\"urlTemplate\":\"https:\/\/autoprintmachine.com\/?s={search_term_string}\"},\"query-input\":{\"@type\":\"PropertyValueSpecification\",\"valueRequired\":true,\"valueName\":\"search_term_string\"}}],\"inLanguage\":\"pt-BR\"}]}<\/script>\n<!-- \/ Yoast SEO plugin. -->","yoast_head_json":{"title":"6 Color Automatic UV Bottle Screen Printing Machine","description":"The automatic UV tumbler printer is suitable for different shapes bottles can be round, oval, and square shapes. plastic, glass, and metal are OK.","robots":{"index":"index","follow":"follow","max-snippet":"max-snippet:-1","max-image-preview":"max-image-preview:large","max-video-preview":"max-video-preview:-1"},"canonical":"https:\/\/autoprintmachine.com\/pt\/maquina-de-serigrafia-automatica-para-garrafas-com-1-a-6-cores\/","og_locale":"pt_BR","og_type":"article","og_title":"6 Color Automatic UV Bottle Screen Printing Machine","og_description":"The automatic UV tumbler printer is suitable for different shapes bottles can be round, oval, and square shapes. plastic, glass, and metal are OK.","og_url":"https:\/\/autoprintmachine.com\/pt\/maquina-de-serigrafia-automatica-para-garrafas-com-1-a-6-cores\/","article_modified_time":"2025-12-30T01:37:20+00:00","og_image":[{"width":600,"height":600,"url":"https:\/\/autoprintmachine.com\/wp-content\/uploads\/2023\/08\/five_color_bottle_screen_printing_machine.webp","type":"image\/webp"}],"twitter_card":"summary_large_image","twitter_misc":{"Est. tempo de leitura":"2 minutos"},"schema":{"@context":"https:\/\/schema.org","@graph":[{"@type":"WebPage","@id":"https:\/\/autoprintmachine.com\/1-to-6-color-automatic-uv-bottle-screen-printing-machine\/","url":"https:\/\/autoprintmachine.com\/1-to-6-color-automatic-uv-bottle-screen-printing-machine\/","name":"6 Color Automatic UV Bottle Screen Printing Machine","isPartOf":{"@id":"https:\/\/autoprintmachine.com\/#website"},"primaryImageOfPage":{"@id":"https:\/\/autoprintmachine.com\/1-to-6-color-automatic-uv-bottle-screen-printing-machine\/#primaryimage"},"image":{"@id":"https:\/\/autoprintmachine.com\/1-to-6-color-automatic-uv-bottle-screen-printing-machine\/#primaryimage"},"thumbnailUrl":"https:\/\/autoprintmachine.com\/wp-content\/uploads\/2023\/08\/five_color_bottle_screen_printing_machine.webp","datePublished":"2020-08-12T07:28:45+00:00","dateModified":"2025-12-30T01:37:20+00:00","description":"The automatic UV tumbler printer is suitable for different shapes bottles can be round, oval, and square shapes. plastic, glass, and metal are OK.","breadcrumb":{"@id":"https:\/\/autoprintmachine.com\/1-to-6-color-automatic-uv-bottle-screen-printing-machine\/#breadcrumb"},"inLanguage":"pt-BR","potentialAction":[{"@type":"ReadAction","target":["https:\/\/autoprintmachine.com\/1-to-6-color-automatic-uv-bottle-screen-printing-machine\/"]}]},{"@type":"ImageObject","inLanguage":"pt-BR","@id":"https:\/\/autoprintmachine.com\/1-to-6-color-automatic-uv-bottle-screen-printing-machine\/#primaryimage","url":"https:\/\/autoprintmachine.com\/wp-content\/uploads\/2023\/08\/five_color_bottle_screen_printing_machine.webp","contentUrl":"https:\/\/autoprintmachine.com\/wp-content\/uploads\/2023\/08\/five_color_bottle_screen_printing_machine.webp","width":600,"height":600,"caption":"five_color_bottle_screen_printing_machine"},{"@type":"BreadcrumbList","@id":"https:\/\/autoprintmachine.com\/1-to-6-color-automatic-uv-bottle-screen-printing-machine\/#breadcrumb","itemListElement":[{"@type":"ListItem","position":1,"name":"Home","item":"https:\/\/autoprintmachine.com\/"},{"@type":"ListItem","position":2,"name":"Products","item":"https:\/\/autoprintmachine.com\/shop\/"},{"@type":"ListItem","position":3,"name":"1 to 6 Color Automatic UV Bottle Screen Printing Machine"}]},{"@type":"WebSite","@id":"https:\/\/autoprintmachine.com\/#website","url":"https:\/\/autoprintmachine.com\/","name":"","description":"","potentialAction":[{"@type":"SearchAction","target":{"@type":"EntryPoint","urlTemplate":"https:\/\/autoprintmachine.com\/?s={search_term_string}"},"query-input":{"@type":"PropertyValueSpecification","valueRequired":true,"valueName":"search_term_string"}}],"inLanguage":"pt-BR"}]}},"_links":{"self":[{"href":"https:\/\/autoprintmachine.com\/pt\/wp-json\/wp\/v2\/product\/355","targetHints":{"allow":["GET"]}}],"collection":[{"href":"https:\/\/autoprintmachine.com\/pt\/wp-json\/wp\/v2\/product"}],"about":[{"href":"https:\/\/autoprintmachine.com\/pt\/wp-json\/wp\/v2\/types\/product"}],"wp:featuredmedia":[{"embeddable":true,"href":"https:\/\/autoprintmachine.com\/pt\/wp-json\/wp\/v2\/media\/1636"}],"wp:attachment":[{"href":"https:\/\/autoprintmachine.com\/pt\/wp-json\/wp\/v2\/media?parent=355"}],"wp:term":[{"taxonomy":"product_cat","embeddable":true,"href":"https:\/\/autoprintmachine.com\/pt\/wp-json\/wp\/v2\/product_cat?post=355"}],"curies":[{"name":"wp","href":"https:\/\/api.w.org\/{rel}","templated":true}]}}