{"id":376,"date":"2020-08-14T06:46:21","date_gmt":"2020-08-14T06:46:21","guid":{"rendered":"https:\/\/onceauto.seowaimao.com\/?post_type=product&#038;p=376"},"modified":"2025-12-30T08:29:52","modified_gmt":"2025-12-30T08:29:52","slug":"automatic-uv-screen-printing-machine-for-bucket","status":"publish","type":"product","link":"https:\/\/autoprintmachine.com\/pt\/maquina-automatica-de-serigrafia-uv-para-balde\/","title":{"rendered":"M\u00e1quina autom\u00e1tica de impress\u00e3o em tela UV para balde"},"content":{"rendered":"<section class=\"section\" id=\"section_932687064\">\n\t\t<div class=\"section-bg fill\" >\n\t\t\t\t\t\t\t\t\t\n\t\t\t\n\n\t\t<\/div>\n\n\t\t\n\n\t\t<div class=\"section-content relative\">\n\t\t\t\n<div class=\"row\"  id=\"row-387843966\">\n\n\t<div id=\"col-1924902270\" class=\"col small-12 large-12\"  >\n\t\t\t\t<div class=\"col-inner\"  >\n\t\t\t\n\t\t\t\n<h2>Introdu\u00e7\u00e3o \u00e0 impressora UV para garrafas:<\/h2>\n<p>A m\u00e1quina autom\u00e1tica de impress\u00e3o de tela UV AP-350 \u00e9 uma linha de impress\u00e3o de tela que pode variar de 1 a 6 cores. Essa m\u00e1quina \u00e9 equipada com um feixe de deslocamento mec\u00e2nico de precis\u00e3o para transportar as pe\u00e7as com precis\u00e3o. Quando as ca\u00e7ambas s\u00e3o colocadas em dispositivos usinados com precis\u00e3o, elas s\u00e3o acionadas diretamente e giradas com precis\u00e3o durante a impress\u00e3o. Esse equipamento de impress\u00e3o de tela UV \u00e9 totalmente acionado mecanicamente usando o motor principal da marca italiana com controle PLC de todos os movimentos.<\/p>\n<p>Al\u00e9m disso, um sensor \"sem pe\u00e7a, sem impress\u00e3o\" impede que o rodo se mova quando nenhum balde estiver carregado. Ela foi constru\u00edda de forma s\u00f3lida com dispositivos de usinagem de alta precis\u00e3o. Essa m\u00e1quina tem registro preciso de cor para cor ao fazer impress\u00e3o multicolorida. O equipamento de impress\u00e3o de tela UV AP-350 possui cabe\u00e7otes de tratamento de chama e um sistema de cura UV de alta pot\u00eancia. \u00c9 amplamente utilizado para baldes, baldes, garrafas de 5 gal\u00f5es e cont\u00eaineres, etc.<\/p>\n<h2>Caracter\u00edsticas da m\u00e1quina de impress\u00e3o UV:<\/h2>\n<ol>\n<li>Equipamento de impress\u00e3o de tela UV autom\u00e1tica de 1 a 6 cores<\/li>\n<li>Velocidades de impress\u00e3o de at\u00e9 22 garrafas por minuto<\/li>\n<li>Impress\u00f5es em baldes e ca\u00e7ambas grandes<\/li>\n<li>Feixe de caminhada mec\u00e2nico indexado<\/li>\n<li>Poder de cura UV de alta intensidade (5KW)<\/li>\n<li>PLC Omron controlado com tela sens\u00edvel ao toque<\/li>\n<\/ol>\n<h2><\/h2>\n<h2>Especifica\u00e7\u00f5es da m\u00e1quina de impress\u00e3o UV para garrafas:<\/h2>\n<table width=\"635\">\n<tbody>\n<tr>\n<td colspan=\"2\" width=\"275\"><span style=\"font-size: 14.4px;\">Modelo<\/span><\/td>\n<td width=\"360\">AP-350<\/td>\n<\/tr>\n<tr>\n<td colspan=\"2\" width=\"275\"><span style=\"font-size: 14.4px;\">Tamanho da ca\u00e7amba:<\/span><\/td>\n<td width=\"360\"><span style=\"font-size: 14.4px;\">Di\u00e2metro: \u00d8150-350mm, Altura: 200-400mm<\/span><\/td>\n<\/tr>\n<tr>\n<td colspan=\"2\" width=\"275\"><span style=\"font-size: 14.4px;\">\u00c1rea m\u00e1xima de impress\u00e3o:<\/span><\/td>\n<td width=\"360\"><span style=\"font-size: 14.4px;\">C900 x L250mm<\/span><\/td>\n<\/tr>\n<tr>\n<td colspan=\"2\" width=\"275\"><span style=\"font-size: 14.4px;\">Capacidade de impress\u00e3o:<\/span><\/td>\n<td width=\"360\"><span style=\"font-size: 14.4px;\">At\u00e9 22 PCS\/MIN<\/span><\/td>\n<\/tr>\n<tr>\n<td colspan=\"2\" width=\"275\"><span style=\"font-size: 14.4px;\">Pot\u00eancia da l\u00e2mpada UV:<\/span><\/td>\n<td width=\"360\"><span style=\"font-size: 14.4px;\">5 KW\/UNIDADE<\/span><\/td>\n<\/tr>\n<tr>\n<td colspan=\"2\" width=\"275\"><span style=\"font-size: 14.4px;\">El\u00e9trica:<\/span><\/td>\n<td width=\"360\"><span style=\"font-size: 14.4px;\">380V\/480V trif\u00e1sico 50\/60Hz<\/span><\/td>\n<\/tr>\n<tr>\n<td colspan=\"2\" width=\"275\"><span style=\"font-size: 14.4px;\">Necessidade de ar:<\/span><\/td>\n<td width=\"360\"><span style=\"font-size: 14.4px;\">5-7 BAR<\/span><\/td>\n<\/tr>\n<tr>\n<td colspan=\"2\" width=\"275\"><span style=\"font-size: 14.4px;\">Consumo de energia:<\/span><\/td>\n<td width=\"360\"><span style=\"font-size: 14.4px;\">20 KW\/UNIDADE<\/span><\/td>\n<\/tr>\n<tr>\n<td colspan=\"2\" width=\"275\"><span style=\"font-size: 14.4px;\">Peso:<\/span><\/td>\n<td width=\"360\"><span style=\"font-size: 14.4px;\">2500 KG<\/span><\/td>\n<\/tr>\n<\/tbody>\n<\/table>\n\t\t<\/div>\n\t\t\t\t\t<\/div>\n\n\t\n<\/div>\n\t\t<\/div>\n\n\t\t\n<style>\n#section_932687064 {\n  padding-top: 30px;\n  padding-bottom: 30px;\n}\n<\/style>\n\t<\/section>\n\t\n\n\t<section class=\"section\" id=\"section_1385107206\">\n\t\t<div class=\"section-bg fill\" >\n\t\t\t\t\t\t\t\t\t\n\t\t\t\n\n\t\t<\/div>\n\n\t\t\n\n\t\t<div class=\"section-content relative\">\n\t\t\t\n<div class=\"row\"  id=\"row-891412057\">\n\n\t<div id=\"col-1356566585\" class=\"col small-12 large-12\"  >\n\t\t\t\t<div class=\"col-inner\"  >\n\t\t\t\n\t\t\t\n<h2>Apresenta\u00e7\u00e3o de v\u00eddeo do produto<\/h2>\n<div class=\"video video-fit mb\" style=\"padding-top:56.25%;\"><p><iframe loading=\"lazy\" title=\"M\u00e1quina autom\u00e1tica de impress\u00e3o em tela UV de balde AP-350-4C\" width=\"1020\" height=\"574\" src=\"https:\/\/www.youtube.com\/embed\/GUUgpCzwnWM?feature=oembed\" frameborder=\"0\" allow=\"accelerometer; autoplay; clipboard-write; encrypted-media; gyroscope; picture-in-picture; web-share\" referrerpolicy=\"strict-origin-when-cross-origin\" allowfullscreen><\/iframe><\/p>\n<\/div>\n\t\t<\/div>\n\t\t\t\t\t<\/div>\n\n\t\n<\/div>\n\t\t<\/div>\n\n\t\t\n<style>\n#section_1385107206 {\n  padding-top: 30px;\n  padding-bottom: 30px;\n}\n<\/style>\n\t<\/section>","protected":false},"excerpt":{"rendered":"<p>A m\u00e1quina de impress\u00e3o de tela UV autom\u00e1tica da s\u00e9rie AP-350 \u00e9 uma linha de impress\u00e3o de tela autom\u00e1tica de 1 a 6 cores. Essa impressora de tela apresenta o processo completo de impress\u00e3o. Ela inclui uma esteira de alimenta\u00e7\u00e3o autom\u00e1tica, coleta autom\u00e1tica, tratamento por chama, impress\u00e3o de tela, cura UV e esteira de sa\u00edda autom\u00e1tica.<\/p>\n<p>A m\u00e1quina \u00e9 totalmente mec\u00e2nica e acionada por um motor principal de marca italiana; um PLC com tela sens\u00edvel ao toque controla todos os movimentos. Essa s\u00e9rie de m\u00e1quinas \u00e9 excelente em termos de impress\u00e3o precisa e registro de cor a cor. Essa m\u00e1quina \u00e9 amplamente utilizada para impress\u00e3o de baldes, baldes e recipientes de 5 gal\u00f5es.<\/p>","protected":false},"featured_media":377,"template":"","meta":[],"product_cat":[18],"class_list":{"0":"post-376","1":"product","2":"type-product","3":"status-publish","4":"has-post-thumbnail","6":"product_cat-automatic-uv-screen-printing-equipment","8":"first","9":"instock","10":"shipping-taxable","11":"product-type-simple"},"acf":[],"yoast_head":"<!-- This site is optimized with the Yoast SEO plugin v23.9 - https:\/\/yoast.com\/wordpress\/plugins\/seo\/ -->\n<title>Automatic UV Screen Printing Machine for Bucket<\/title>\n<meta name=\"description\" content=\"The machine is an screen printing line can be with from 1 color to 6 color widely used in bucket, pail, 5 gallon bottle &amp; container, etc.\" \/>\n<meta name=\"robots\" content=\"index, follow, max-snippet:-1, max-image-preview:large, max-video-preview:-1\" \/>\n<link rel=\"canonical\" href=\"https:\/\/autoprintmachine.com\/pt\/maquina-automatica-de-serigrafia-uv-para-balde\/\" \/>\n<meta property=\"og:locale\" content=\"pt_BR\" \/>\n<meta property=\"og:type\" content=\"article\" \/>\n<meta property=\"og:title\" content=\"Automatic UV Screen Printing Machine for Bucket\" \/>\n<meta property=\"og:description\" content=\"The machine is an screen printing line can be with from 1 color to 6 color widely used in bucket, pail, 5 gallon bottle &amp; container, etc.\" \/>\n<meta property=\"og:url\" content=\"https:\/\/autoprintmachine.com\/pt\/maquina-automatica-de-serigrafia-uv-para-balde\/\" \/>\n<meta property=\"article:publisher\" content=\"https:\/\/www.facebook.com\/autoprinttech\/\" \/>\n<meta property=\"article:modified_time\" content=\"2025-12-30T08:29:52+00:00\" \/>\n<meta property=\"og:image\" content=\"https:\/\/autoprintmachine.com\/wp-content\/uploads\/2020\/08\/OS-1000.jpg\" \/>\n\t<meta property=\"og:image:width\" content=\"600\" \/>\n\t<meta property=\"og:image:height\" content=\"600\" \/>\n\t<meta property=\"og:image:type\" content=\"image\/jpeg\" \/>\n<meta name=\"twitter:card\" content=\"summary_large_image\" \/>\n<meta name=\"twitter:label1\" content=\"Est. tempo de leitura\" \/>\n\t<meta name=\"twitter:data1\" content=\"2 minutos\" \/>\n<script type=\"application\/ld+json\" class=\"yoast-schema-graph\">{\"@context\":\"https:\/\/schema.org\",\"@graph\":[{\"@type\":\"WebPage\",\"@id\":\"https:\/\/autoprintmachine.com\/automatic-uv-screen-printing-machine-for-bucket\/\",\"url\":\"https:\/\/autoprintmachine.com\/automatic-uv-screen-printing-machine-for-bucket\/\",\"name\":\"Automatic UV Screen Printing Machine for Bucket\",\"isPartOf\":{\"@id\":\"https:\/\/autoprintmachine.com\/#website\"},\"primaryImageOfPage\":{\"@id\":\"https:\/\/autoprintmachine.com\/automatic-uv-screen-printing-machine-for-bucket\/#primaryimage\"},\"image\":{\"@id\":\"https:\/\/autoprintmachine.com\/automatic-uv-screen-printing-machine-for-bucket\/#primaryimage\"},\"thumbnailUrl\":\"https:\/\/autoprintmachine.com\/wp-content\/uploads\/2020\/08\/OS-1000.jpg\",\"datePublished\":\"2020-08-14T06:46:21+00:00\",\"dateModified\":\"2025-12-30T08:29:52+00:00\",\"description\":\"The machine is an screen printing line can be with from 1 color to 6 color widely used in bucket, pail, 5 gallon bottle & container, etc.\",\"breadcrumb\":{\"@id\":\"https:\/\/autoprintmachine.com\/automatic-uv-screen-printing-machine-for-bucket\/#breadcrumb\"},\"inLanguage\":\"pt-BR\",\"potentialAction\":[{\"@type\":\"ReadAction\",\"target\":[\"https:\/\/autoprintmachine.com\/automatic-uv-screen-printing-machine-for-bucket\/\"]}]},{\"@type\":\"ImageObject\",\"inLanguage\":\"pt-BR\",\"@id\":\"https:\/\/autoprintmachine.com\/automatic-uv-screen-printing-machine-for-bucket\/#primaryimage\",\"url\":\"https:\/\/autoprintmachine.com\/wp-content\/uploads\/2020\/08\/OS-1000.jpg\",\"contentUrl\":\"https:\/\/autoprintmachine.com\/wp-content\/uploads\/2020\/08\/OS-1000.jpg\",\"width\":600,\"height\":600},{\"@type\":\"BreadcrumbList\",\"@id\":\"https:\/\/autoprintmachine.com\/automatic-uv-screen-printing-machine-for-bucket\/#breadcrumb\",\"itemListElement\":[{\"@type\":\"ListItem\",\"position\":1,\"name\":\"Home\",\"item\":\"https:\/\/autoprintmachine.com\/\"},{\"@type\":\"ListItem\",\"position\":2,\"name\":\"Products\",\"item\":\"https:\/\/autoprintmachine.com\/shop\/\"},{\"@type\":\"ListItem\",\"position\":3,\"name\":\"Automatic UV Screen Printing Machine for Bucket\"}]},{\"@type\":\"WebSite\",\"@id\":\"https:\/\/autoprintmachine.com\/#website\",\"url\":\"https:\/\/autoprintmachine.com\/\",\"name\":\"\",\"description\":\"\",\"publisher\":{\"@id\":\"https:\/\/autoprintmachine.com\/#organization\"},\"potentialAction\":[{\"@type\":\"SearchAction\",\"target\":{\"@type\":\"EntryPoint\",\"urlTemplate\":\"https:\/\/autoprintmachine.com\/?s={search_term_string}\"},\"query-input\":{\"@type\":\"PropertyValueSpecification\",\"valueRequired\":true,\"valueName\":\"search_term_string\"}}],\"inLanguage\":\"pt-BR\"},{\"@type\":\"Organization\",\"@id\":\"https:\/\/autoprintmachine.com\/#organization\",\"name\":\"Dongguan Auto Print Tech Co., Ltd\",\"url\":\"https:\/\/autoprintmachine.com\/\",\"logo\":{\"@type\":\"ImageObject\",\"inLanguage\":\"pt-BR\",\"@id\":\"https:\/\/autoprintmachine.com\/#\/schema\/logo\/image\/\",\"url\":\"https:\/\/autoprintmachine.com\/wp-content\/uploads\/2023\/06\/screen_printing_logo_new.webp\",\"contentUrl\":\"https:\/\/autoprintmachine.com\/wp-content\/uploads\/2023\/06\/screen_printing_logo_new.webp\",\"width\":890,\"height\":750,\"caption\":\"Dongguan Auto Print Tech Co., Ltd\"},\"image\":{\"@id\":\"https:\/\/autoprintmachine.com\/#\/schema\/logo\/image\/\"},\"sameAs\":[\"https:\/\/www.facebook.com\/autoprinttech\/\",\"https:\/\/www.youtube.com\/channel\/UCJtPGiBbQWGE2DZLxySpCtw\"]}]}<\/script>\n<!-- \/ Yoast SEO plugin. -->","yoast_head_json":{"title":"Automatic UV Screen Printing Machine for Bucket","description":"The machine is an screen printing line can be with from 1 color to 6 color widely used in bucket, pail, 5 gallon bottle & container, etc.","robots":{"index":"index","follow":"follow","max-snippet":"max-snippet:-1","max-image-preview":"max-image-preview:large","max-video-preview":"max-video-preview:-1"},"canonical":"https:\/\/autoprintmachine.com\/pt\/maquina-automatica-de-serigrafia-uv-para-balde\/","og_locale":"pt_BR","og_type":"article","og_title":"Automatic UV Screen Printing Machine for Bucket","og_description":"The machine is an screen printing line can be with from 1 color to 6 color widely used in bucket, pail, 5 gallon bottle & container, etc.","og_url":"https:\/\/autoprintmachine.com\/pt\/maquina-automatica-de-serigrafia-uv-para-balde\/","article_publisher":"https:\/\/www.facebook.com\/autoprinttech\/","article_modified_time":"2025-12-30T08:29:52+00:00","og_image":[{"width":600,"height":600,"url":"https:\/\/autoprintmachine.com\/wp-content\/uploads\/2020\/08\/OS-1000.jpg","type":"image\/jpeg"}],"twitter_card":"summary_large_image","twitter_misc":{"Est. tempo de leitura":"2 minutos"},"schema":{"@context":"https:\/\/schema.org","@graph":[{"@type":"WebPage","@id":"https:\/\/autoprintmachine.com\/automatic-uv-screen-printing-machine-for-bucket\/","url":"https:\/\/autoprintmachine.com\/automatic-uv-screen-printing-machine-for-bucket\/","name":"Automatic UV Screen Printing Machine for Bucket","isPartOf":{"@id":"https:\/\/autoprintmachine.com\/#website"},"primaryImageOfPage":{"@id":"https:\/\/autoprintmachine.com\/automatic-uv-screen-printing-machine-for-bucket\/#primaryimage"},"image":{"@id":"https:\/\/autoprintmachine.com\/automatic-uv-screen-printing-machine-for-bucket\/#primaryimage"},"thumbnailUrl":"https:\/\/autoprintmachine.com\/wp-content\/uploads\/2020\/08\/OS-1000.jpg","datePublished":"2020-08-14T06:46:21+00:00","dateModified":"2025-12-30T08:29:52+00:00","description":"The machine is an screen printing line can be with from 1 color to 6 color widely used in bucket, pail, 5 gallon bottle & container, etc.","breadcrumb":{"@id":"https:\/\/autoprintmachine.com\/automatic-uv-screen-printing-machine-for-bucket\/#breadcrumb"},"inLanguage":"pt-BR","potentialAction":[{"@type":"ReadAction","target":["https:\/\/autoprintmachine.com\/automatic-uv-screen-printing-machine-for-bucket\/"]}]},{"@type":"ImageObject","inLanguage":"pt-BR","@id":"https:\/\/autoprintmachine.com\/automatic-uv-screen-printing-machine-for-bucket\/#primaryimage","url":"https:\/\/autoprintmachine.com\/wp-content\/uploads\/2020\/08\/OS-1000.jpg","contentUrl":"https:\/\/autoprintmachine.com\/wp-content\/uploads\/2020\/08\/OS-1000.jpg","width":600,"height":600},{"@type":"BreadcrumbList","@id":"https:\/\/autoprintmachine.com\/automatic-uv-screen-printing-machine-for-bucket\/#breadcrumb","itemListElement":[{"@type":"ListItem","position":1,"name":"Home","item":"https:\/\/autoprintmachine.com\/"},{"@type":"ListItem","position":2,"name":"Products","item":"https:\/\/autoprintmachine.com\/shop\/"},{"@type":"ListItem","position":3,"name":"Automatic UV Screen Printing Machine for Bucket"}]},{"@type":"WebSite","@id":"https:\/\/autoprintmachine.com\/#website","url":"https:\/\/autoprintmachine.com\/","name":"","description":"","publisher":{"@id":"https:\/\/autoprintmachine.com\/#organization"},"potentialAction":[{"@type":"SearchAction","target":{"@type":"EntryPoint","urlTemplate":"https:\/\/autoprintmachine.com\/?s={search_term_string}"},"query-input":{"@type":"PropertyValueSpecification","valueRequired":true,"valueName":"search_term_string"}}],"inLanguage":"pt-BR"},{"@type":"Organization","@id":"https:\/\/autoprintmachine.com\/#organization","name":"Dongguan Auto Print Tech Co., Ltd","url":"https:\/\/autoprintmachine.com\/","logo":{"@type":"ImageObject","inLanguage":"pt-BR","@id":"https:\/\/autoprintmachine.com\/#\/schema\/logo\/image\/","url":"https:\/\/autoprintmachine.com\/wp-content\/uploads\/2023\/06\/screen_printing_logo_new.webp","contentUrl":"https:\/\/autoprintmachine.com\/wp-content\/uploads\/2023\/06\/screen_printing_logo_new.webp","width":890,"height":750,"caption":"Dongguan Auto Print Tech Co., Ltd"},"image":{"@id":"https:\/\/autoprintmachine.com\/#\/schema\/logo\/image\/"},"sameAs":["https:\/\/www.facebook.com\/autoprinttech\/","https:\/\/www.youtube.com\/channel\/UCJtPGiBbQWGE2DZLxySpCtw"]}]}},"_links":{"self":[{"href":"https:\/\/autoprintmachine.com\/pt\/wp-json\/wp\/v2\/product\/376","targetHints":{"allow":["GET"]}}],"collection":[{"href":"https:\/\/autoprintmachine.com\/pt\/wp-json\/wp\/v2\/product"}],"about":[{"href":"https:\/\/autoprintmachine.com\/pt\/wp-json\/wp\/v2\/types\/product"}],"wp:featuredmedia":[{"embeddable":true,"href":"https:\/\/autoprintmachine.com\/pt\/wp-json\/wp\/v2\/media\/377"}],"wp:attachment":[{"href":"https:\/\/autoprintmachine.com\/pt\/wp-json\/wp\/v2\/media?parent=376"}],"wp:term":[{"taxonomy":"product_cat","embeddable":true,"href":"https:\/\/autoprintmachine.com\/pt\/wp-json\/wp\/v2\/product_cat?post=376"}],"curies":[{"name":"wp","href":"https:\/\/api.w.org\/{rel}","templated":true}]}}