{"id":383,"date":"2020-08-15T03:17:45","date_gmt":"2020-08-15T03:17:45","guid":{"rendered":"https:\/\/onceauto.seowaimao.com\/?post_type=product&#038;p=383"},"modified":"2026-01-13T08:30:03","modified_gmt":"2026-01-13T08:30:03","slug":"maquina-de-cura-por-uv-redonda-e-plana","status":"publish","type":"product","link":"https:\/\/autoprintmachine.com\/pt\/maquina-de-cura-por-uv-redonda-e-plana\/","title":{"rendered":"M\u00e1quina de cura UV redonda e plana"},"content":{"rendered":"<h2>Introdu\u00e7\u00e3o \u00e0 m\u00e1quina UV redonda:<\/h2>\n<p><strong>A AP-UV200RF<\/strong> A m\u00e1quina de cura UV plana e cil\u00edndrica \u00e9 usada principalmente para curar a tinta UV impressa em v\u00e1rias superf\u00edcies, incluindo garrafas, cont\u00eaineres e outros objetos cil\u00edndricos. Ela tamb\u00e9m pode curar superf\u00edcies planas depois de ajustar o \u00e2ngulo de irradia\u00e7\u00e3o da luz. A velocidade do transportador \u00e9 ajust\u00e1vel. A placa do transportador \u00e9 feita de a\u00e7o inoxid\u00e1vel e funciona sem problemas.<\/p>\n<h2>M\u00e1quina de impress\u00e3o plana UV Especifica\u00e7\u00e3o:<\/h2>\n<table width=\"96%\">\n<tbody>\n<tr>\n<td width=\"50%\">Modelo NO:<\/td>\n<td width=\"50%\">AP-UV200RF<\/td>\n<\/tr>\n<tr>\n<td>Sistema de acionamento:<\/td>\n<td>Sistema UV el\u00e9trico\/eletr\u00f4nico<\/td>\n<\/tr>\n<tr>\n<td>Tamanho adequado da abertura da garrafa<\/td>\n<td>Redondo: \u03a612-\u03a630mm<\/td>\n<\/tr>\n<tr>\n<td>Tamanho do corpo da garrafa<\/td>\n<td>Altura: 25-300 mm<\/td>\n<\/tr>\n<tr>\n<td>Tamanho do produto plano:<\/td>\n<td>Largura m\u00e1xima do plano: 430 mm<br \/>\nAltura m\u00e1xima do plano: 140 mm<\/td>\n<\/tr>\n<tr>\n<td>Velocidade m\u00e1xima. Velocidade do processo:<\/td>\n<td>50 pe\u00e7as\/min<\/td>\n<\/tr>\n<tr>\n<td>Tens\u00e3o:<\/td>\n<td>380V 50Hz trif\u00e1sico<\/td>\n<\/tr>\n<tr>\n<td>Pot\u00eancia da l\u00e2mpada UV:<\/td>\n<td>Uma l\u00e2mpada, 5 kW<\/td>\n<\/tr>\n<tr>\n<td>Comprimento da correia transportadora:<\/td>\n<td>2100 mm<\/td>\n<\/tr>\n<tr>\n<td>Tamanho da m\u00e1quina:<\/td>\n<td>L2200xW750xH1800 mm<\/td>\n<\/tr>\n<tr>\n<td>Tamanho da caixa:<\/td>\n<td>L2470xW830xH1880 mm<\/td>\n<\/tr>\n<tr>\n<td>Peso l\u00edquido:<\/td>\n<td>380 kg<\/td>\n<\/tr>\n<tr>\n<td>Peso bruto:<\/td>\n<td>450 kg<\/td>\n<\/tr>\n<\/tbody>\n<\/table>","protected":false},"excerpt":{"rendered":"<p>Essa m\u00e1quina de cura UV \u00e9 adequada para a cura UV de objetos redondos e planos. A velocidade da esteira transportadora \u00e9 ajust\u00e1vel. Ao usar um sistema UV eletr\u00f4nico, essa m\u00e1quina \u00e9 mais eficiente em termos de energia do que os sistemas UV tradicionais. Tamb\u00e9m podemos personalizar tamanhos diferentes para atender \u00e0s necessidades de cura UV de v\u00e1rios produtos.<\/p>","protected":false},"featured_media":384,"template":"","meta":[],"product_brand":[],"product_cat":[24],"product_tag":[],"class_list":{"0":"post-383","1":"product","2":"type-product","3":"status-publish","4":"has-post-thumbnail","6":"product_cat-auxiliary-equipment-for-screen-printing-and-pad-printing","8":"first","9":"instock","10":"shipping-taxable","11":"product-type-simple"},"yoast_head":"<!-- This site is optimized with the Yoast SEO plugin v27.4 - https:\/\/yoast.com\/product\/yoast-seo-wordpress\/ -->\n<title>Round and Flat UV Curing Machine<\/title>\n<meta name=\"description\" content=\"The curing machine is mainly used for the curing of printed UV ink on various surfaces such as bottles containers and cylindrical objects.\" \/>\n<meta name=\"robots\" content=\"index, follow, max-snippet:-1, max-image-preview:large, max-video-preview:-1\" \/>\n<link rel=\"canonical\" href=\"https:\/\/autoprintmachine.com\/pt\/maquina-de-cura-por-uv-redonda-e-plana\/\" \/>\n<meta property=\"og:locale\" content=\"pt_BR\" \/>\n<meta property=\"og:type\" content=\"article\" \/>\n<meta property=\"og:title\" content=\"Round and Flat UV Curing Machine\" \/>\n<meta property=\"og:description\" content=\"The curing machine is mainly used for the curing of printed UV ink on various surfaces such as bottles containers and cylindrical objects.\" \/>\n<meta property=\"og:url\" content=\"https:\/\/autoprintmachine.com\/pt\/maquina-de-cura-por-uv-redonda-e-plana\/\" \/>\n<meta property=\"article:publisher\" content=\"https:\/\/www.facebook.com\/autoprinttech\/\" \/>\n<meta property=\"article:modified_time\" content=\"2026-01-13T08:30:03+00:00\" \/>\n<meta property=\"og:image\" content=\"https:\/\/autoprintmachine.com\/wp-content\/uploads\/2020\/08\/OS-300RF.jpg\" \/>\n\t<meta property=\"og:image:width\" content=\"600\" \/>\n\t<meta property=\"og:image:height\" content=\"600\" \/>\n\t<meta property=\"og:image:type\" content=\"image\/jpeg\" \/>\n<meta name=\"twitter:card\" content=\"summary_large_image\" \/>\n<meta name=\"twitter:label1\" content=\"Est. reading time\" \/>\n\t<meta name=\"twitter:data1\" content=\"1 minuto\" \/>\n<script type=\"application\/ld+json\" class=\"yoast-schema-graph\">{\"@context\":\"https:\\\/\\\/schema.org\",\"@graph\":[{\"@type\":\"WebPage\",\"@id\":\"https:\\\/\\\/autoprintmachine.com\\\/round-and-flat-uv-curing-machine\\\/\",\"url\":\"https:\\\/\\\/autoprintmachine.com\\\/round-and-flat-uv-curing-machine\\\/\",\"name\":\"Round and Flat UV Curing Machine\",\"isPartOf\":{\"@id\":\"https:\\\/\\\/autoprintmachine.com\\\/#website\"},\"primaryImageOfPage\":{\"@id\":\"https:\\\/\\\/autoprintmachine.com\\\/round-and-flat-uv-curing-machine\\\/#primaryimage\"},\"image\":{\"@id\":\"https:\\\/\\\/autoprintmachine.com\\\/round-and-flat-uv-curing-machine\\\/#primaryimage\"},\"thumbnailUrl\":\"https:\\\/\\\/autoprintmachine.com\\\/wp-content\\\/uploads\\\/2020\\\/08\\\/OS-300RF.jpg\",\"datePublished\":\"2020-08-15T03:17:45+00:00\",\"dateModified\":\"2026-01-13T08:30:03+00:00\",\"description\":\"The curing machine is mainly used for the curing of printed UV ink on various surfaces such as bottles containers and cylindrical objects.\",\"breadcrumb\":{\"@id\":\"https:\\\/\\\/autoprintmachine.com\\\/round-and-flat-uv-curing-machine\\\/#breadcrumb\"},\"inLanguage\":\"pt-BR\",\"potentialAction\":[{\"@type\":\"ReadAction\",\"target\":[\"https:\\\/\\\/autoprintmachine.com\\\/round-and-flat-uv-curing-machine\\\/\"]}]},{\"@type\":\"ImageObject\",\"inLanguage\":\"pt-BR\",\"@id\":\"https:\\\/\\\/autoprintmachine.com\\\/round-and-flat-uv-curing-machine\\\/#primaryimage\",\"url\":\"https:\\\/\\\/autoprintmachine.com\\\/wp-content\\\/uploads\\\/2020\\\/08\\\/OS-300RF.jpg\",\"contentUrl\":\"https:\\\/\\\/autoprintmachine.com\\\/wp-content\\\/uploads\\\/2020\\\/08\\\/OS-300RF.jpg\",\"width\":600,\"height\":600},{\"@type\":\"BreadcrumbList\",\"@id\":\"https:\\\/\\\/autoprintmachine.com\\\/round-and-flat-uv-curing-machine\\\/#breadcrumb\",\"itemListElement\":[{\"@type\":\"ListItem\",\"position\":1,\"name\":\"Home\",\"item\":\"https:\\\/\\\/autoprintmachine.com\\\/\"},{\"@type\":\"ListItem\",\"position\":2,\"name\":\"Products\",\"item\":\"https:\\\/\\\/autoprintmachine.com\\\/shop\\\/\"},{\"@type\":\"ListItem\",\"position\":3,\"name\":\"Round and Flat UV Curing Machine\"}]},{\"@type\":\"WebSite\",\"@id\":\"https:\\\/\\\/autoprintmachine.com\\\/#website\",\"url\":\"https:\\\/\\\/autoprintmachine.com\\\/\",\"name\":\"\",\"description\":\"\",\"publisher\":{\"@id\":\"https:\\\/\\\/autoprintmachine.com\\\/#organization\"},\"potentialAction\":[{\"@type\":\"SearchAction\",\"target\":{\"@type\":\"EntryPoint\",\"urlTemplate\":\"https:\\\/\\\/autoprintmachine.com\\\/?s={search_term_string}\"},\"query-input\":{\"@type\":\"PropertyValueSpecification\",\"valueRequired\":true,\"valueName\":\"search_term_string\"}}],\"inLanguage\":\"pt-BR\"},{\"@type\":\"Organization\",\"@id\":\"https:\\\/\\\/autoprintmachine.com\\\/#organization\",\"name\":\"Dongguan Auto Print Tech Co., Ltd\",\"url\":\"https:\\\/\\\/autoprintmachine.com\\\/\",\"logo\":{\"@type\":\"ImageObject\",\"inLanguage\":\"pt-BR\",\"@id\":\"https:\\\/\\\/autoprintmachine.com\\\/#\\\/schema\\\/logo\\\/image\\\/\",\"url\":\"https:\\\/\\\/autoprintmachine.com\\\/wp-content\\\/uploads\\\/2023\\\/06\\\/screen_printing_logo_new.webp\",\"contentUrl\":\"https:\\\/\\\/autoprintmachine.com\\\/wp-content\\\/uploads\\\/2023\\\/06\\\/screen_printing_logo_new.webp\",\"width\":890,\"height\":750,\"caption\":\"Dongguan Auto Print Tech Co., Ltd\"},\"image\":{\"@id\":\"https:\\\/\\\/autoprintmachine.com\\\/#\\\/schema\\\/logo\\\/image\\\/\"},\"sameAs\":[\"https:\\\/\\\/www.facebook.com\\\/autoprinttech\\\/\",\"https:\\\/\\\/www.youtube.com\\\/channel\\\/UCJtPGiBbQWGE2DZLxySpCtw\"]}]}<\/script>\n<!-- \/ Yoast SEO plugin. -->","yoast_head_json":{"title":"M\u00e1quina de cura UV redonda e plana","description":"A m\u00e1quina de cura \u00e9 usada principalmente para a cura de tinta UV impressa em v\u00e1rias superf\u00edcies, como garrafas, recipientes e objetos cil\u00edndricos.","robots":{"index":"index","follow":"follow","max-snippet":"max-snippet:-1","max-image-preview":"max-image-preview:large","max-video-preview":"max-video-preview:-1"},"canonical":"https:\/\/autoprintmachine.com\/pt\/maquina-de-cura-por-uv-redonda-e-plana\/","og_locale":"pt_BR","og_type":"article","og_title":"Round and Flat UV Curing Machine","og_description":"The curing machine is mainly used for the curing of printed UV ink on various surfaces such as bottles containers and cylindrical objects.","og_url":"https:\/\/autoprintmachine.com\/pt\/maquina-de-cura-por-uv-redonda-e-plana\/","article_publisher":"https:\/\/www.facebook.com\/autoprinttech\/","article_modified_time":"2026-01-13T08:30:03+00:00","og_image":[{"width":600,"height":600,"url":"https:\/\/autoprintmachine.com\/wp-content\/uploads\/2020\/08\/OS-300RF.jpg","type":"image\/jpeg"}],"twitter_card":"summary_large_image","twitter_misc":{"Est. reading time":"1 minuto"},"schema":{"@context":"https:\/\/schema.org","@graph":[{"@type":"WebPage","@id":"https:\/\/autoprintmachine.com\/round-and-flat-uv-curing-machine\/","url":"https:\/\/autoprintmachine.com\/round-and-flat-uv-curing-machine\/","name":"M\u00e1quina de cura UV redonda e plana","isPartOf":{"@id":"https:\/\/autoprintmachine.com\/#website"},"primaryImageOfPage":{"@id":"https:\/\/autoprintmachine.com\/round-and-flat-uv-curing-machine\/#primaryimage"},"image":{"@id":"https:\/\/autoprintmachine.com\/round-and-flat-uv-curing-machine\/#primaryimage"},"thumbnailUrl":"https:\/\/autoprintmachine.com\/wp-content\/uploads\/2020\/08\/OS-300RF.jpg","datePublished":"2020-08-15T03:17:45+00:00","dateModified":"2026-01-13T08:30:03+00:00","description":"A m\u00e1quina de cura \u00e9 usada principalmente para a cura de tinta UV impressa em v\u00e1rias superf\u00edcies, como garrafas, recipientes e objetos cil\u00edndricos.","breadcrumb":{"@id":"https:\/\/autoprintmachine.com\/round-and-flat-uv-curing-machine\/#breadcrumb"},"inLanguage":"pt-BR","potentialAction":[{"@type":"ReadAction","target":["https:\/\/autoprintmachine.com\/round-and-flat-uv-curing-machine\/"]}]},{"@type":"ImageObject","inLanguage":"pt-BR","@id":"https:\/\/autoprintmachine.com\/round-and-flat-uv-curing-machine\/#primaryimage","url":"https:\/\/autoprintmachine.com\/wp-content\/uploads\/2020\/08\/OS-300RF.jpg","contentUrl":"https:\/\/autoprintmachine.com\/wp-content\/uploads\/2020\/08\/OS-300RF.jpg","width":600,"height":600},{"@type":"BreadcrumbList","@id":"https:\/\/autoprintmachine.com\/round-and-flat-uv-curing-machine\/#breadcrumb","itemListElement":[{"@type":"ListItem","position":1,"name":"Home","item":"https:\/\/autoprintmachine.com\/"},{"@type":"ListItem","position":2,"name":"Products","item":"https:\/\/autoprintmachine.com\/shop\/"},{"@type":"ListItem","position":3,"name":"Round and Flat UV Curing Machine"}]},{"@type":"WebSite","@id":"https:\/\/autoprintmachine.com\/#website","url":"https:\/\/autoprintmachine.com\/","name":"","description":"","publisher":{"@id":"https:\/\/autoprintmachine.com\/#organization"},"potentialAction":[{"@type":"SearchAction","target":{"@type":"EntryPoint","urlTemplate":"https:\/\/autoprintmachine.com\/?s={search_term_string}"},"query-input":{"@type":"PropertyValueSpecification","valueRequired":true,"valueName":"search_term_string"}}],"inLanguage":"pt-BR"},{"@type":"Organization","@id":"https:\/\/autoprintmachine.com\/#organization","name":"Dongguan Auto Print Tech Co., Ltd","url":"https:\/\/autoprintmachine.com\/","logo":{"@type":"ImageObject","inLanguage":"pt-BR","@id":"https:\/\/autoprintmachine.com\/#\/schema\/logo\/image\/","url":"https:\/\/autoprintmachine.com\/wp-content\/uploads\/2023\/06\/screen_printing_logo_new.webp","contentUrl":"https:\/\/autoprintmachine.com\/wp-content\/uploads\/2023\/06\/screen_printing_logo_new.webp","width":890,"height":750,"caption":"Dongguan Auto Print Tech Co., Ltd"},"image":{"@id":"https:\/\/autoprintmachine.com\/#\/schema\/logo\/image\/"},"sameAs":["https:\/\/www.facebook.com\/autoprinttech\/","https:\/\/www.youtube.com\/channel\/UCJtPGiBbQWGE2DZLxySpCtw"]}]}},"_links":{"self":[{"href":"https:\/\/autoprintmachine.com\/pt\/wp-json\/wp\/v2\/product\/383","targetHints":{"allow":["GET"]}}],"collection":[{"href":"https:\/\/autoprintmachine.com\/pt\/wp-json\/wp\/v2\/product"}],"about":[{"href":"https:\/\/autoprintmachine.com\/pt\/wp-json\/wp\/v2\/types\/product"}],"wp:featuredmedia":[{"embeddable":true,"href":"https:\/\/autoprintmachine.com\/pt\/wp-json\/wp\/v2\/media\/384"}],"wp:attachment":[{"href":"https:\/\/autoprintmachine.com\/pt\/wp-json\/wp\/v2\/media?parent=383"}],"wp:term":[{"taxonomy":"product_brand","embeddable":true,"href":"https:\/\/autoprintmachine.com\/pt\/wp-json\/wp\/v2\/product_brand?post=383"},{"taxonomy":"product_cat","embeddable":true,"href":"https:\/\/autoprintmachine.com\/pt\/wp-json\/wp\/v2\/product_cat?post=383"},{"taxonomy":"product_tag","embeddable":true,"href":"https:\/\/autoprintmachine.com\/pt\/wp-json\/wp\/v2\/product_tag?post=383"}],"curies":[{"name":"wp","href":"https:\/\/api.w.org\/{rel}","templated":true}]}}