{"id":386,"date":"2020-08-15T03:58:53","date_gmt":"2020-08-15T03:58:53","guid":{"rendered":"https:\/\/onceauto.seowaimao.com\/?post_type=product&#038;p=386"},"modified":"2026-01-13T08:41:49","modified_gmt":"2026-01-13T08:41:49","slug":"flame-treatment-unit","status":"publish","type":"product","link":"https:\/\/autoprintmachine.com\/pt\/unidade-de-tratamento-de-chamas\/","title":{"rendered":"Unidade de tratamento de chamas"},"content":{"rendered":"<h2>Introdu\u00e7\u00e3o \u00e0 unidade de tratamento de chamas:<\/h2>\n<p>A unidade de tratamento por chama AP-F200 \u00e9 uma m\u00e1quina auxiliar para tratamento de superf\u00edcie de produtos. \u00c9 usada principalmente para tratar com chama as superf\u00edcies de pe\u00e7as pl\u00e1sticas feitas de PP, PE, HDPE, etc., para melhorar a ades\u00e3o da tinta.<br \/>\nEle possui uma esteira transportadora de a\u00e7o inoxid\u00e1vel, igni\u00e7\u00e3o autom\u00e1tica, opera\u00e7\u00e3o f\u00e1cil e troca r\u00e1pida.<\/p>\n<h2>Especifica\u00e7\u00e3o da unidade de tratamento de chamas:<\/h2>\n<table width=\"600\">\n<tbody>\n<tr>\n<td>Modelo n\u00ba.<\/td>\n<td>AP-F200<\/td>\n<\/tr>\n<tr>\n<td>Di\u00e2metro de abertura do produto<\/td>\n<td>\u00d810-\u00d830 mm<\/td>\n<\/tr>\n<tr>\n<td>Altura do produto<\/td>\n<td>25-250 mm<\/td>\n<\/tr>\n<tr>\n<td>Velocidade m\u00e1xima de processamento<\/td>\n<td>3000 pe\u00e7as\/hora<\/td>\n<\/tr>\n<tr>\n<td>Fonte de alimenta\u00e7\u00e3o<\/td>\n<td>220V, 120W<\/td>\n<\/tr>\n<tr>\n<td>Consumo de ar<\/td>\n<td>4-6 bar<\/td>\n<\/tr>\n<tr>\n<td>Combust\u00edvel<\/td>\n<td>GLP (g\u00e1s liquefeito de petr\u00f3leo)<\/td>\n<\/tr>\n<tr>\n<td>Dimens\u00f5es da m\u00e1quina<\/td>\n<td>C2200 \u00d7 L600 \u00d7 A1200 mm<\/td>\n<\/tr>\n<tr>\n<td>Dimens\u00f5es da caixa<\/td>\n<td>C2460 \u00d7 L690 \u00d7 A1340 mm<\/td>\n<\/tr>\n<tr>\n<td>Peso l\u00edquido<\/td>\n<td>180 kg<\/td>\n<\/tr>\n<tr>\n<td>Peso bruto<\/td>\n<td>260 kg<\/td>\n<\/tr>\n<\/tbody>\n<\/table>","protected":false},"excerpt":{"rendered":"<p>Essa m\u00e1quina de tratamento por chama foi projetada para o tratamento de superf\u00edcie de produtos pl\u00e1sticos a fim de melhorar a ades\u00e3o da tinta para impress\u00e3o em bloco e serigrafia. Normalmente, ela \u00e9 usada em materiais como PP, PE, HDPE, LDPE etc. O transportador \u00e9 feito de a\u00e7o inoxid\u00e1vel com velocidade ajust\u00e1vel. A fun\u00e7\u00e3o de igni\u00e7\u00e3o autom\u00e1tica torna a opera\u00e7\u00e3o mais f\u00e1cil e segura.<\/p>\n<p>Outros tamanhos e unidades de tratamento de chamas personalizadas tamb\u00e9m est\u00e3o dispon\u00edveis.<\/p>","protected":false},"featured_media":387,"template":"","meta":[],"product_cat":[24],"class_list":{"0":"post-386","1":"product","2":"type-product","3":"status-publish","4":"has-post-thumbnail","6":"product_cat-auxiliary-equipment-for-screen-printing-and-pad-printing","8":"first","9":"instock","10":"shipping-taxable","11":"product-type-simple"},"acf":[],"yoast_head":"<!-- This site is optimized with the Yoast SEO plugin v23.9 - https:\/\/yoast.com\/wordpress\/plugins\/seo\/ -->\n<title>Flame Treatment Unit<\/title>\n<meta name=\"description\" content=\"This AP-F200 flame treatment unit is mostly used in plastic part like PP, PE, HDPE, etc. To make the part have better ink adhesion.\" \/>\n<meta name=\"robots\" content=\"index, follow, max-snippet:-1, max-image-preview:large, max-video-preview:-1\" \/>\n<link rel=\"canonical\" href=\"https:\/\/autoprintmachine.com\/pt\/unidade-de-tratamento-de-chamas\/\" \/>\n<meta property=\"og:locale\" content=\"pt_BR\" \/>\n<meta property=\"og:type\" content=\"article\" \/>\n<meta property=\"og:title\" content=\"Flame Treatment Unit\" \/>\n<meta property=\"og:description\" content=\"This AP-F200 flame treatment unit is mostly used in plastic part like PP, PE, HDPE, etc. To make the part have better ink adhesion.\" \/>\n<meta property=\"og:url\" content=\"https:\/\/autoprintmachine.com\/pt\/unidade-de-tratamento-de-chamas\/\" \/>\n<meta property=\"article:modified_time\" content=\"2026-01-13T08:41:49+00:00\" \/>\n<meta property=\"og:image\" content=\"https:\/\/autoprintmachine.com\/wp-content\/uploads\/2020\/08\/OS-220.jpg\" \/>\n\t<meta property=\"og:image:width\" content=\"600\" \/>\n\t<meta property=\"og:image:height\" content=\"600\" \/>\n\t<meta property=\"og:image:type\" content=\"image\/jpeg\" \/>\n<meta name=\"twitter:card\" content=\"summary_large_image\" \/>\n<meta name=\"twitter:label1\" content=\"Est. tempo de leitura\" \/>\n\t<meta name=\"twitter:data1\" content=\"1 minuto\" \/>\n<script type=\"application\/ld+json\" class=\"yoast-schema-graph\">{\"@context\":\"https:\/\/schema.org\",\"@graph\":[{\"@type\":\"WebPage\",\"@id\":\"https:\/\/autoprintmachine.com\/flame-treatment-unit\/\",\"url\":\"https:\/\/autoprintmachine.com\/flame-treatment-unit\/\",\"name\":\"Flame Treatment Unit\",\"isPartOf\":{\"@id\":\"https:\/\/autoprintmachine.com\/#website\"},\"primaryImageOfPage\":{\"@id\":\"https:\/\/autoprintmachine.com\/flame-treatment-unit\/#primaryimage\"},\"image\":{\"@id\":\"https:\/\/autoprintmachine.com\/flame-treatment-unit\/#primaryimage\"},\"thumbnailUrl\":\"https:\/\/autoprintmachine.com\/wp-content\/uploads\/2020\/08\/OS-220.jpg\",\"datePublished\":\"2020-08-15T03:58:53+00:00\",\"dateModified\":\"2026-01-13T08:41:49+00:00\",\"description\":\"This AP-F200 flame treatment unit is mostly used in plastic part like PP, PE, HDPE, etc. To make the part have better ink adhesion.\",\"breadcrumb\":{\"@id\":\"https:\/\/autoprintmachine.com\/flame-treatment-unit\/#breadcrumb\"},\"inLanguage\":\"pt-BR\",\"potentialAction\":[{\"@type\":\"ReadAction\",\"target\":[\"https:\/\/autoprintmachine.com\/flame-treatment-unit\/\"]}]},{\"@type\":\"ImageObject\",\"inLanguage\":\"pt-BR\",\"@id\":\"https:\/\/autoprintmachine.com\/flame-treatment-unit\/#primaryimage\",\"url\":\"https:\/\/autoprintmachine.com\/wp-content\/uploads\/2020\/08\/OS-220.jpg\",\"contentUrl\":\"https:\/\/autoprintmachine.com\/wp-content\/uploads\/2020\/08\/OS-220.jpg\",\"width\":600,\"height\":600},{\"@type\":\"BreadcrumbList\",\"@id\":\"https:\/\/autoprintmachine.com\/flame-treatment-unit\/#breadcrumb\",\"itemListElement\":[{\"@type\":\"ListItem\",\"position\":1,\"name\":\"Home\",\"item\":\"https:\/\/autoprintmachine.com\/\"},{\"@type\":\"ListItem\",\"position\":2,\"name\":\"Products\",\"item\":\"https:\/\/autoprintmachine.com\/shop\/\"},{\"@type\":\"ListItem\",\"position\":3,\"name\":\"Flame Treatment Unit\"}]},{\"@type\":\"WebSite\",\"@id\":\"https:\/\/autoprintmachine.com\/#website\",\"url\":\"https:\/\/autoprintmachine.com\/\",\"name\":\"\",\"description\":\"\",\"potentialAction\":[{\"@type\":\"SearchAction\",\"target\":{\"@type\":\"EntryPoint\",\"urlTemplate\":\"https:\/\/autoprintmachine.com\/?s={search_term_string}\"},\"query-input\":{\"@type\":\"PropertyValueSpecification\",\"valueRequired\":true,\"valueName\":\"search_term_string\"}}],\"inLanguage\":\"pt-BR\"}]}<\/script>\n<!-- \/ Yoast SEO plugin. -->","yoast_head_json":{"title":"Flame Treatment Unit","description":"This AP-F200 flame treatment unit is mostly used in plastic part like PP, PE, HDPE, etc. To make the part have better ink adhesion.","robots":{"index":"index","follow":"follow","max-snippet":"max-snippet:-1","max-image-preview":"max-image-preview:large","max-video-preview":"max-video-preview:-1"},"canonical":"https:\/\/autoprintmachine.com\/pt\/unidade-de-tratamento-de-chamas\/","og_locale":"pt_BR","og_type":"article","og_title":"Flame Treatment Unit","og_description":"This AP-F200 flame treatment unit is mostly used in plastic part like PP, PE, HDPE, etc. To make the part have better ink adhesion.","og_url":"https:\/\/autoprintmachine.com\/pt\/unidade-de-tratamento-de-chamas\/","article_modified_time":"2026-01-13T08:41:49+00:00","og_image":[{"width":600,"height":600,"url":"https:\/\/autoprintmachine.com\/wp-content\/uploads\/2020\/08\/OS-220.jpg","type":"image\/jpeg"}],"twitter_card":"summary_large_image","twitter_misc":{"Est. tempo de leitura":"1 minuto"},"schema":{"@context":"https:\/\/schema.org","@graph":[{"@type":"WebPage","@id":"https:\/\/autoprintmachine.com\/flame-treatment-unit\/","url":"https:\/\/autoprintmachine.com\/flame-treatment-unit\/","name":"Flame Treatment Unit","isPartOf":{"@id":"https:\/\/autoprintmachine.com\/#website"},"primaryImageOfPage":{"@id":"https:\/\/autoprintmachine.com\/flame-treatment-unit\/#primaryimage"},"image":{"@id":"https:\/\/autoprintmachine.com\/flame-treatment-unit\/#primaryimage"},"thumbnailUrl":"https:\/\/autoprintmachine.com\/wp-content\/uploads\/2020\/08\/OS-220.jpg","datePublished":"2020-08-15T03:58:53+00:00","dateModified":"2026-01-13T08:41:49+00:00","description":"This AP-F200 flame treatment unit is mostly used in plastic part like PP, PE, HDPE, etc. To make the part have better ink adhesion.","breadcrumb":{"@id":"https:\/\/autoprintmachine.com\/flame-treatment-unit\/#breadcrumb"},"inLanguage":"pt-BR","potentialAction":[{"@type":"ReadAction","target":["https:\/\/autoprintmachine.com\/flame-treatment-unit\/"]}]},{"@type":"ImageObject","inLanguage":"pt-BR","@id":"https:\/\/autoprintmachine.com\/flame-treatment-unit\/#primaryimage","url":"https:\/\/autoprintmachine.com\/wp-content\/uploads\/2020\/08\/OS-220.jpg","contentUrl":"https:\/\/autoprintmachine.com\/wp-content\/uploads\/2020\/08\/OS-220.jpg","width":600,"height":600},{"@type":"BreadcrumbList","@id":"https:\/\/autoprintmachine.com\/flame-treatment-unit\/#breadcrumb","itemListElement":[{"@type":"ListItem","position":1,"name":"Home","item":"https:\/\/autoprintmachine.com\/"},{"@type":"ListItem","position":2,"name":"Products","item":"https:\/\/autoprintmachine.com\/shop\/"},{"@type":"ListItem","position":3,"name":"Flame Treatment Unit"}]},{"@type":"WebSite","@id":"https:\/\/autoprintmachine.com\/#website","url":"https:\/\/autoprintmachine.com\/","name":"","description":"","potentialAction":[{"@type":"SearchAction","target":{"@type":"EntryPoint","urlTemplate":"https:\/\/autoprintmachine.com\/?s={search_term_string}"},"query-input":{"@type":"PropertyValueSpecification","valueRequired":true,"valueName":"search_term_string"}}],"inLanguage":"pt-BR"}]}},"_links":{"self":[{"href":"https:\/\/autoprintmachine.com\/pt\/wp-json\/wp\/v2\/product\/386","targetHints":{"allow":["GET"]}}],"collection":[{"href":"https:\/\/autoprintmachine.com\/pt\/wp-json\/wp\/v2\/product"}],"about":[{"href":"https:\/\/autoprintmachine.com\/pt\/wp-json\/wp\/v2\/types\/product"}],"wp:featuredmedia":[{"embeddable":true,"href":"https:\/\/autoprintmachine.com\/pt\/wp-json\/wp\/v2\/media\/387"}],"wp:attachment":[{"href":"https:\/\/autoprintmachine.com\/pt\/wp-json\/wp\/v2\/media?parent=386"}],"wp:term":[{"taxonomy":"product_cat","embeddable":true,"href":"https:\/\/autoprintmachine.com\/pt\/wp-json\/wp\/v2\/product_cat?post=386"}],"curies":[{"name":"wp","href":"https:\/\/api.w.org\/{rel}","templated":true}]}}