{"id":388,"date":"2020-08-15T04:14:21","date_gmt":"2020-08-15T04:14:21","guid":{"rendered":"https:\/\/onceauto.seowaimao.com\/?post_type=product&#038;p=388"},"modified":"2026-01-13T09:04:17","modified_gmt":"2026-01-13T09:04:17","slug":"unidade-de-exposicao-a-vacuo-de-led","status":"publish","type":"product","link":"https:\/\/autoprintmachine.com\/pt\/unidade-de-exposicao-a-vacuo-de-led\/","title":{"rendered":"Unidade de exposi\u00e7\u00e3o de LED"},"content":{"rendered":"<h2>Introdu\u00e7\u00e3o \u00e0 unidade de exposi\u00e7\u00e3o de LED:<\/h2>\n<p>A AP-LED4060 \u00e9 uma m\u00e1quina de exposi\u00e7\u00e3o de LED com efici\u00eancia energ\u00e9tica. Essa unidade de exposi\u00e7\u00e3o de LED oferece muitas vantagens, incluindo uma vida \u00fatil significativamente prolongada da fonte de luz, baixo consumo de energia, uma estrutura compacta, ilumina\u00e7\u00e3o mais uniforme e maior efici\u00eancia de produ\u00e7\u00e3o. Ao adotar conceitos de prote\u00e7\u00e3o ambiental e baixa emiss\u00e3o de carbono, ela representa a melhor op\u00e7\u00e3o para os clientes.<\/p>\n<h2>Caracter\u00edsticas da unidade de exposi\u00e7\u00e3o de LED:<\/h2>\n<ol>\n<li>Energia de baixa pot\u00eancia, alto comprimento de onda efetivo, emiss\u00f5es livres de oz\u00f4nio, baixo carbono e ecologicamente correto.<\/li>\n<li>Ampla compatibilidade, adequada para emuls\u00f5es fotossens\u00edveis da maioria das marcas.<\/li>\n<li>Equipado com um sistema de resfriamento a \u00e1gua. Assim, ele pode reduzir todos os tipos de fatores inst\u00e1veis causados pelo aquecimento do vidro e manter a estabilidade da qualidade da exposi\u00e7\u00e3o do clich\u00ea.<\/li>\n<li>Um temporizador controlado digitalmente reduz bastante a probabilidade de superexposi\u00e7\u00e3o ou subexposi\u00e7\u00e3o.<\/li>\n<li>A ilumina\u00e7\u00e3o \u00e9 mais uniforme do que a de uma l\u00e2mpada convencional, resultando em linhas de padr\u00e3o mais claras. E pode reduzir bastante a situa\u00e7\u00e3o de serrilhado ou padr\u00e3o ondulado.<\/li>\n<li>Opera\u00e7\u00e3o r\u00e1pida e simples: quando a l\u00e2mpada LED \u00e9 ligada, o valor da energia espectral \u00e9 atingido imediatamente e pode expor o clich\u00ea ao mesmo tempo.<\/li>\n<\/ol>\n<h2>Especifica\u00e7\u00f5es da unidade de exposi\u00e7\u00e3o de LED:<\/h2>\n<table style=\"height: 239px;\" width=\"555\">\n<tbody>\n<tr>\n<td width=\"179\">Modelo NO.<\/td>\n<td width=\"200\">AP-LED4060<\/td>\n<\/tr>\n<tr>\n<td width=\"179\">\u00c1rea de exposi\u00e7\u00e3o m\u00e1xima<\/td>\n<td width=\"200\">210 x 330 mm<\/td>\n<\/tr>\n<tr>\n<td width=\"179\">Tamanho do vidro<\/td>\n<td width=\"200\">395 x 495 mm<\/td>\n<\/tr>\n<tr>\n<td width=\"179\">Espessura do vidro<\/td>\n<td width=\"200\">10 mm<\/td>\n<\/tr>\n<tr>\n<td width=\"179\">Fonte de luz UV<\/td>\n<td width=\"200\">LED, 120W<\/td>\n<\/tr>\n<tr>\n<td width=\"179\">N\u00edvel de v\u00e1cuo<\/td>\n<td width=\"200\">-600mmHg<\/td>\n<\/tr>\n<tr>\n<td width=\"179\">Fonte de alimenta\u00e7\u00e3o<\/td>\n<td width=\"200\">AC 220V, 50Hz, monof\u00e1sico<\/td>\n<\/tr>\n<tr>\n<td width=\"179\">Dimens\u00f5es gerais<\/td>\n<td width=\"200\">400 \u00d7 500 \u00d7 600 mm (C \u00d7 L \u00d7 A)<\/td>\n<\/tr>\n<tr>\n<td width=\"179\">Peso l\u00edquido<\/td>\n<td width=\"200\">28 kg<\/td>\n<\/tr>\n<\/tbody>\n<\/table>","protected":false},"excerpt":{"rendered":"<p>A unidade de exposi\u00e7\u00e3o \u00e9 uma pe\u00e7a essencial do equipamento de pr\u00e9-impress\u00e3o, amplamente utilizada para a fabrica\u00e7\u00e3o de chapas de tampografia (clich\u00eas) e quadros de serigrafia. A unidade de exposi\u00e7\u00e3o Auto Print LED apresenta um sistema de luz LED fria com baixo consumo de energia, alta sa\u00edda de energia em comprimentos de onda eficazes e um design ecol\u00f3gico e com baixo teor de carbono. Esse modelo tem um tamanho de vidro de 395 \u00d7 495 mm. Tamb\u00e9m oferecemos outros tamanhos, como 600 \u00d7 900 mm e 800 \u00d7 1200 mm, e tamanhos personalizados est\u00e3o dispon\u00edveis.<\/p>","protected":false},"featured_media":389,"template":"","meta":[],"product_brand":[],"product_cat":[24],"product_tag":[],"class_list":{"0":"post-388","1":"product","2":"type-product","3":"status-publish","4":"has-post-thumbnail","6":"product_cat-auxiliary-equipment-for-screen-printing-and-pad-printing","8":"first","9":"instock","10":"shipping-taxable","11":"product-type-simple"},"yoast_head":"<!-- This site is optimized with the Yoast SEO plugin v27.4 - https:\/\/yoast.com\/product\/yoast-seo-wordpress\/ -->\n<title>LED Exposure Unit<\/title>\n<meta name=\"description\" content=\"This LED exposure has long light source lifetime extended, low energy consumption, uniform illumination,higher production efficiency.\" \/>\n<meta name=\"robots\" content=\"index, follow, max-snippet:-1, max-image-preview:large, max-video-preview:-1\" \/>\n<link rel=\"canonical\" href=\"https:\/\/autoprintmachine.com\/pt\/unidade-de-exposicao-a-vacuo-de-led\/\" \/>\n<meta property=\"og:locale\" content=\"pt_BR\" \/>\n<meta property=\"og:type\" content=\"article\" \/>\n<meta property=\"og:title\" content=\"LED Exposure Unit\" \/>\n<meta property=\"og:description\" content=\"This LED exposure has long light source lifetime extended, low energy consumption, uniform illumination,higher production efficiency.\" \/>\n<meta property=\"og:url\" content=\"https:\/\/autoprintmachine.com\/pt\/unidade-de-exposicao-a-vacuo-de-led\/\" \/>\n<meta property=\"article:publisher\" content=\"https:\/\/www.facebook.com\/autoprinttech\/\" \/>\n<meta property=\"article:modified_time\" content=\"2026-01-13T09:04:17+00:00\" \/>\n<meta property=\"og:image\" content=\"https:\/\/autoprintmachine.com\/wp-content\/uploads\/2020\/08\/OS-LED4060.jpg\" \/>\n\t<meta property=\"og:image:width\" content=\"600\" \/>\n\t<meta property=\"og:image:height\" content=\"600\" \/>\n\t<meta property=\"og:image:type\" content=\"image\/jpeg\" \/>\n<meta name=\"twitter:card\" content=\"summary_large_image\" \/>\n<meta name=\"twitter:label1\" content=\"Est. reading time\" \/>\n\t<meta name=\"twitter:data1\" content=\"2 minutos\" \/>\n<script type=\"application\/ld+json\" class=\"yoast-schema-graph\">{\"@context\":\"https:\\\/\\\/schema.org\",\"@graph\":[{\"@type\":\"WebPage\",\"@id\":\"https:\\\/\\\/autoprintmachine.com\\\/led-vacuum-exposure-unit\\\/\",\"url\":\"https:\\\/\\\/autoprintmachine.com\\\/led-vacuum-exposure-unit\\\/\",\"name\":\"LED Exposure Unit\",\"isPartOf\":{\"@id\":\"https:\\\/\\\/autoprintmachine.com\\\/#website\"},\"primaryImageOfPage\":{\"@id\":\"https:\\\/\\\/autoprintmachine.com\\\/led-vacuum-exposure-unit\\\/#primaryimage\"},\"image\":{\"@id\":\"https:\\\/\\\/autoprintmachine.com\\\/led-vacuum-exposure-unit\\\/#primaryimage\"},\"thumbnailUrl\":\"https:\\\/\\\/autoprintmachine.com\\\/wp-content\\\/uploads\\\/2020\\\/08\\\/OS-LED4060.jpg\",\"datePublished\":\"2020-08-15T04:14:21+00:00\",\"dateModified\":\"2026-01-13T09:04:17+00:00\",\"description\":\"This LED exposure has long light source lifetime extended, low energy consumption, uniform illumination,higher production efficiency.\",\"breadcrumb\":{\"@id\":\"https:\\\/\\\/autoprintmachine.com\\\/led-vacuum-exposure-unit\\\/#breadcrumb\"},\"inLanguage\":\"pt-BR\",\"potentialAction\":[{\"@type\":\"ReadAction\",\"target\":[\"https:\\\/\\\/autoprintmachine.com\\\/led-vacuum-exposure-unit\\\/\"]}]},{\"@type\":\"ImageObject\",\"inLanguage\":\"pt-BR\",\"@id\":\"https:\\\/\\\/autoprintmachine.com\\\/led-vacuum-exposure-unit\\\/#primaryimage\",\"url\":\"https:\\\/\\\/autoprintmachine.com\\\/wp-content\\\/uploads\\\/2020\\\/08\\\/OS-LED4060.jpg\",\"contentUrl\":\"https:\\\/\\\/autoprintmachine.com\\\/wp-content\\\/uploads\\\/2020\\\/08\\\/OS-LED4060.jpg\",\"width\":600,\"height\":600},{\"@type\":\"BreadcrumbList\",\"@id\":\"https:\\\/\\\/autoprintmachine.com\\\/led-vacuum-exposure-unit\\\/#breadcrumb\",\"itemListElement\":[{\"@type\":\"ListItem\",\"position\":1,\"name\":\"Home\",\"item\":\"https:\\\/\\\/autoprintmachine.com\\\/\"},{\"@type\":\"ListItem\",\"position\":2,\"name\":\"Products\",\"item\":\"https:\\\/\\\/autoprintmachine.com\\\/shop\\\/\"},{\"@type\":\"ListItem\",\"position\":3,\"name\":\"LED Exposure Unit\"}]},{\"@type\":\"WebSite\",\"@id\":\"https:\\\/\\\/autoprintmachine.com\\\/#website\",\"url\":\"https:\\\/\\\/autoprintmachine.com\\\/\",\"name\":\"\",\"description\":\"\",\"publisher\":{\"@id\":\"https:\\\/\\\/autoprintmachine.com\\\/#organization\"},\"potentialAction\":[{\"@type\":\"SearchAction\",\"target\":{\"@type\":\"EntryPoint\",\"urlTemplate\":\"https:\\\/\\\/autoprintmachine.com\\\/?s={search_term_string}\"},\"query-input\":{\"@type\":\"PropertyValueSpecification\",\"valueRequired\":true,\"valueName\":\"search_term_string\"}}],\"inLanguage\":\"pt-BR\"},{\"@type\":\"Organization\",\"@id\":\"https:\\\/\\\/autoprintmachine.com\\\/#organization\",\"name\":\"Dongguan Auto Print Tech Co., Ltd\",\"url\":\"https:\\\/\\\/autoprintmachine.com\\\/\",\"logo\":{\"@type\":\"ImageObject\",\"inLanguage\":\"pt-BR\",\"@id\":\"https:\\\/\\\/autoprintmachine.com\\\/#\\\/schema\\\/logo\\\/image\\\/\",\"url\":\"https:\\\/\\\/autoprintmachine.com\\\/wp-content\\\/uploads\\\/2023\\\/06\\\/screen_printing_logo_new.webp\",\"contentUrl\":\"https:\\\/\\\/autoprintmachine.com\\\/wp-content\\\/uploads\\\/2023\\\/06\\\/screen_printing_logo_new.webp\",\"width\":890,\"height\":750,\"caption\":\"Dongguan Auto Print Tech Co., Ltd\"},\"image\":{\"@id\":\"https:\\\/\\\/autoprintmachine.com\\\/#\\\/schema\\\/logo\\\/image\\\/\"},\"sameAs\":[\"https:\\\/\\\/www.facebook.com\\\/autoprinttech\\\/\",\"https:\\\/\\\/www.youtube.com\\\/channel\\\/UCJtPGiBbQWGE2DZLxySpCtw\"]}]}<\/script>\n<!-- \/ Yoast SEO plugin. -->","yoast_head_json":{"title":"Unidade de exposi\u00e7\u00e3o de LED","description":"Essa exposi\u00e7\u00e3o de LED tem longa vida \u00fatil da fonte de luz, baixo consumo de energia, ilumina\u00e7\u00e3o uniforme e maior efici\u00eancia de produ\u00e7\u00e3o.","robots":{"index":"index","follow":"follow","max-snippet":"max-snippet:-1","max-image-preview":"max-image-preview:large","max-video-preview":"max-video-preview:-1"},"canonical":"https:\/\/autoprintmachine.com\/pt\/unidade-de-exposicao-a-vacuo-de-led\/","og_locale":"pt_BR","og_type":"article","og_title":"LED Exposure Unit","og_description":"This LED exposure has long light source lifetime extended, low energy consumption, uniform illumination,higher production efficiency.","og_url":"https:\/\/autoprintmachine.com\/pt\/unidade-de-exposicao-a-vacuo-de-led\/","article_publisher":"https:\/\/www.facebook.com\/autoprinttech\/","article_modified_time":"2026-01-13T09:04:17+00:00","og_image":[{"width":600,"height":600,"url":"https:\/\/autoprintmachine.com\/wp-content\/uploads\/2020\/08\/OS-LED4060.jpg","type":"image\/jpeg"}],"twitter_card":"summary_large_image","twitter_misc":{"Est. reading time":"2 minutos"},"schema":{"@context":"https:\/\/schema.org","@graph":[{"@type":"WebPage","@id":"https:\/\/autoprintmachine.com\/led-vacuum-exposure-unit\/","url":"https:\/\/autoprintmachine.com\/led-vacuum-exposure-unit\/","name":"Unidade de exposi\u00e7\u00e3o de LED","isPartOf":{"@id":"https:\/\/autoprintmachine.com\/#website"},"primaryImageOfPage":{"@id":"https:\/\/autoprintmachine.com\/led-vacuum-exposure-unit\/#primaryimage"},"image":{"@id":"https:\/\/autoprintmachine.com\/led-vacuum-exposure-unit\/#primaryimage"},"thumbnailUrl":"https:\/\/autoprintmachine.com\/wp-content\/uploads\/2020\/08\/OS-LED4060.jpg","datePublished":"2020-08-15T04:14:21+00:00","dateModified":"2026-01-13T09:04:17+00:00","description":"Essa exposi\u00e7\u00e3o de LED tem longa vida \u00fatil da fonte de luz, baixo consumo de energia, ilumina\u00e7\u00e3o uniforme e maior efici\u00eancia de produ\u00e7\u00e3o.","breadcrumb":{"@id":"https:\/\/autoprintmachine.com\/led-vacuum-exposure-unit\/#breadcrumb"},"inLanguage":"pt-BR","potentialAction":[{"@type":"ReadAction","target":["https:\/\/autoprintmachine.com\/led-vacuum-exposure-unit\/"]}]},{"@type":"ImageObject","inLanguage":"pt-BR","@id":"https:\/\/autoprintmachine.com\/led-vacuum-exposure-unit\/#primaryimage","url":"https:\/\/autoprintmachine.com\/wp-content\/uploads\/2020\/08\/OS-LED4060.jpg","contentUrl":"https:\/\/autoprintmachine.com\/wp-content\/uploads\/2020\/08\/OS-LED4060.jpg","width":600,"height":600},{"@type":"BreadcrumbList","@id":"https:\/\/autoprintmachine.com\/led-vacuum-exposure-unit\/#breadcrumb","itemListElement":[{"@type":"ListItem","position":1,"name":"Home","item":"https:\/\/autoprintmachine.com\/"},{"@type":"ListItem","position":2,"name":"Products","item":"https:\/\/autoprintmachine.com\/shop\/"},{"@type":"ListItem","position":3,"name":"LED Exposure Unit"}]},{"@type":"WebSite","@id":"https:\/\/autoprintmachine.com\/#website","url":"https:\/\/autoprintmachine.com\/","name":"","description":"","publisher":{"@id":"https:\/\/autoprintmachine.com\/#organization"},"potentialAction":[{"@type":"SearchAction","target":{"@type":"EntryPoint","urlTemplate":"https:\/\/autoprintmachine.com\/?s={search_term_string}"},"query-input":{"@type":"PropertyValueSpecification","valueRequired":true,"valueName":"search_term_string"}}],"inLanguage":"pt-BR"},{"@type":"Organization","@id":"https:\/\/autoprintmachine.com\/#organization","name":"Dongguan Auto Print Tech Co., Ltd","url":"https:\/\/autoprintmachine.com\/","logo":{"@type":"ImageObject","inLanguage":"pt-BR","@id":"https:\/\/autoprintmachine.com\/#\/schema\/logo\/image\/","url":"https:\/\/autoprintmachine.com\/wp-content\/uploads\/2023\/06\/screen_printing_logo_new.webp","contentUrl":"https:\/\/autoprintmachine.com\/wp-content\/uploads\/2023\/06\/screen_printing_logo_new.webp","width":890,"height":750,"caption":"Dongguan Auto Print Tech Co., Ltd"},"image":{"@id":"https:\/\/autoprintmachine.com\/#\/schema\/logo\/image\/"},"sameAs":["https:\/\/www.facebook.com\/autoprinttech\/","https:\/\/www.youtube.com\/channel\/UCJtPGiBbQWGE2DZLxySpCtw"]}]}},"_links":{"self":[{"href":"https:\/\/autoprintmachine.com\/pt\/wp-json\/wp\/v2\/product\/388","targetHints":{"allow":["GET"]}}],"collection":[{"href":"https:\/\/autoprintmachine.com\/pt\/wp-json\/wp\/v2\/product"}],"about":[{"href":"https:\/\/autoprintmachine.com\/pt\/wp-json\/wp\/v2\/types\/product"}],"wp:featuredmedia":[{"embeddable":true,"href":"https:\/\/autoprintmachine.com\/pt\/wp-json\/wp\/v2\/media\/389"}],"wp:attachment":[{"href":"https:\/\/autoprintmachine.com\/pt\/wp-json\/wp\/v2\/media?parent=388"}],"wp:term":[{"taxonomy":"product_brand","embeddable":true,"href":"https:\/\/autoprintmachine.com\/pt\/wp-json\/wp\/v2\/product_brand?post=388"},{"taxonomy":"product_cat","embeddable":true,"href":"https:\/\/autoprintmachine.com\/pt\/wp-json\/wp\/v2\/product_cat?post=388"},{"taxonomy":"product_tag","embeddable":true,"href":"https:\/\/autoprintmachine.com\/pt\/wp-json\/wp\/v2\/product_tag?post=388"}],"curies":[{"name":"wp","href":"https:\/\/api.w.org\/{rel}","templated":true}]}}