{"id":391,"date":"2020-08-15T08:17:06","date_gmt":"2020-08-15T08:17:06","guid":{"rendered":"https:\/\/onceauto.seowaimao.com\/?post_type=product&#038;p=391"},"modified":"2026-01-21T03:07:56","modified_gmt":"2026-01-21T03:07:56","slug":"aneis-de-ceramica-e-carbeto-de-tungstenio-para-tampografia","status":"publish","type":"product","link":"https:\/\/autoprintmachine.com\/pt\/aneis-de-ceramica-e-carbeto-de-tungstenio-para-tampografia\/","title":{"rendered":"An\u00e9is de cer\u00e2mica e carbeto de tungst\u00eanio para tampografia"},"content":{"rendered":"<p>O anel (de cer\u00e2mica ou carbeto de tungst\u00eanio) \u00e9 um componente do copo de tinta de tampografia. Devido \u00e0 limpeza prolongada contra o clich\u00ea, o anel se desgasta com o tempo e precisa ser substitu\u00eddo. O anel \u00e9 uma pe\u00e7a consum\u00edvel em m\u00e1quinas de tampografia.<\/p>\n<p><strong>Anel de cer\u00e2mica:<\/strong><\/p>\n<p>Ele \u00e9 feito de zirc\u00f4nia, que \u00e9 resistente \u00e0 abras\u00e3o. N\u00e3o \u00e9 t\u00e3o duro quanto o carbeto de tungst\u00eanio, mas custa menos do que um anel de carbeto de tungst\u00eanio. Portanto, o anel de cer\u00e2mica \u00e9 o anel padr\u00e3o usado no copo pela maioria dos usu\u00e1rios de tampografia.<\/p>\n<p><strong>Anel de carboneto de tungst\u00eanio:<\/strong><\/p>\n<p>Ele oferece alta resist\u00eancia \u00e0 abras\u00e3o e excelente dureza. Portanto, para uso a longo prazo, alguns usu\u00e1rios de m\u00e1quinas de tampografia escolhem esse tipo de anel. No entanto, ele custa um pouco mais do que o anel de cer\u00e2mica.<\/p>\n<p>Especifica\u00e7\u00e3o do anel:<\/p>\n<p>Os an\u00e9is (de cer\u00e2mica e de carbeto de tungst\u00eanio) t\u00eam as seguintes especifica\u00e7\u00f5es:<\/p>\n<p><strong>L\u00e2mina \u00fanica:<\/strong> o anel tem uma l\u00e2mina em apenas um lado.<br \/>\n<strong>L\u00e2mina dupla:<\/strong> O anel tem o tipo de l\u00e2mina em ambos os lados.<br \/>\n<strong>Chanfro externo:<\/strong> chanfradas de fora para dentro, formando a borda da l\u00e2mina.<br \/>\n<strong>Chanfro interno:<\/strong> chanfradas de dentro para fora, formando a borda da l\u00e2mina.<br \/>\n<strong>Chanfro duplo (interno e externo)<\/strong>Borda da l\u00e2mina: chanfrada do interior e do exterior at\u00e9 o meio, formando a borda da l\u00e2mina.<\/p>\n<p>As descri\u00e7\u00f5es dos an\u00e9is geralmente consistem em duas partes, como \u201cl\u00e2mina \u00fanica, chanfro externo\u201d, \u201cl\u00e2mina dupla, chanfro interno e externo\u201d, etc.<\/p>\n<p>&nbsp;<\/p>\n<div class=\"row\"  id=\"row-1579270546\">\n\n\t<div id=\"col-1685789903\" class=\"col small-12 large-12\"  >\n\t\t\t\t<div class=\"col-inner text-center\"  >\n\t\t\t\n\t\t\t\n\t<div class=\"img has-hover x md-x lg-x y md-y lg-y\" id=\"image_652661850\">\n\t\t\t\t\t\t\t\t<div class=\"img-inner dark\" >\n\t\t\t<img loading=\"lazy\" decoding=\"async\" width=\"2441\" height=\"1260\" src=\"https:\/\/autoprintmachine.com\/wp-content\/uploads\/2022\/07\/pad_printing.webp\" class=\"attachment-original size-original\" alt=\"impress\u00e3o em bloco\" srcset=\"https:\/\/autoprintmachine.com\/wp-content\/uploads\/2022\/07\/pad_printing.webp 2441w, https:\/\/autoprintmachine.com\/wp-content\/uploads\/2022\/07\/pad_printing-510x263.webp 510w, https:\/\/autoprintmachine.com\/wp-content\/uploads\/2022\/07\/pad_printing-300x155.webp 300w, https:\/\/autoprintmachine.com\/wp-content\/uploads\/2022\/07\/pad_printing-1030x532.webp 1030w, https:\/\/autoprintmachine.com\/wp-content\/uploads\/2022\/07\/pad_printing-768x396.webp 768w, https:\/\/autoprintmachine.com\/wp-content\/uploads\/2022\/07\/pad_printing-1536x793.webp 1536w, https:\/\/autoprintmachine.com\/wp-content\/uploads\/2022\/07\/pad_printing-2048x1057.webp 2048w, https:\/\/autoprintmachine.com\/wp-content\/uploads\/2022\/07\/pad_printing-800x413.webp 800w\" sizes=\"auto, (max-width: 2441px) 100vw, 2441px\" \/>\t\t\t\t\t\t\n\t\t\t\t\t<\/div>\n\t\t\t\t\t\t\t\t\n<style>\n#image_652661850 {\n  width: 64%;\n}\n<\/style>\n\t<\/div>\n\t\n\t\t<\/div>\n\t\t\t\t\t<\/div>\n\n\t\n<\/div>\n<p>Tamanho do anel:<\/p>\n<p>A Auto Print pode fornecer tamanhos diferentes com base em diferentes usos de copos. A maioria dos tamanhos padr\u00e3o internacionais est\u00e1 em estoque. Mas, se voc\u00ea tiver algum requisito especial em rela\u00e7\u00e3o ao anel, tamb\u00e9m podemos personaliz\u00e1-lo.<\/p>\n<p>Nossos an\u00e9is s\u00e3o populares na Europa e nas Am\u00e9ricas do Norte e do Sul, inclusive na Holanda, na Espanha, nos EUA, no M\u00e9xico e no Brasil. A alta qualidade nos rendeu uma forte reputa\u00e7\u00e3o entre nossos clientes. Esperamos poder ajud\u00e1-lo tamb\u00e9m!<\/p>","protected":false},"excerpt":{"rendered":"<p>A Auto Print oferece an\u00e9is de cer\u00e2mica e de carboneto de tungst\u00eanio em v\u00e1rios tamanhos e especifica\u00e7\u00f5es para diferentes marcas de copos de tinta para impressoras de bloco.<\/p>","protected":false},"featured_media":393,"template":"","meta":[],"product_brand":[],"product_cat":[26],"product_tag":[],"class_list":{"0":"post-391","1":"product","2":"type-product","3":"status-publish","4":"has-post-thumbnail","6":"product_cat-screen-printing-pad-printing-consumables","8":"first","9":"instock","10":"shipping-taxable","11":"product-type-simple"},"yoast_head":"<!-- This site is optimized with the Yoast SEO plugin v27.4 - https:\/\/yoast.com\/product\/yoast-seo-wordpress\/ -->\n<title>Ceramic Ring and Hard Steel Ring for Pad Printing<\/title>\n<meta name=\"description\" content=\"Auto Print provides ceramic and hard steel ring for pad printing. There are many kinds of specifications and sizes which fits your needs\" \/>\n<meta name=\"robots\" content=\"index, follow, max-snippet:-1, max-image-preview:large, max-video-preview:-1\" \/>\n<link rel=\"canonical\" href=\"https:\/\/autoprintmachine.com\/pt\/aneis-de-ceramica-e-carbeto-de-tungstenio-para-tampografia\/\" \/>\n<meta property=\"og:locale\" content=\"pt_BR\" \/>\n<meta property=\"og:type\" content=\"article\" \/>\n<meta property=\"og:title\" content=\"Ceramic Ring and Hard Steel Ring for Pad Printing\" \/>\n<meta property=\"og:description\" content=\"Auto Print provides ceramic and hard steel ring for pad printing. There are many kinds of specifications and sizes which fits your needs\" \/>\n<meta property=\"og:url\" content=\"https:\/\/autoprintmachine.com\/pt\/aneis-de-ceramica-e-carbeto-de-tungstenio-para-tampografia\/\" \/>\n<meta property=\"article:publisher\" content=\"https:\/\/www.facebook.com\/autoprinttech\/\" \/>\n<meta property=\"article:modified_time\" content=\"2026-01-21T03:07:56+00:00\" \/>\n<meta property=\"og:image\" content=\"https:\/\/autoprintmachine.com\/wp-content\/uploads\/2020\/08\/\u9676\u74f7\u73af.jpg\" \/>\n\t<meta property=\"og:image:width\" content=\"600\" \/>\n\t<meta property=\"og:image:height\" content=\"600\" \/>\n\t<meta property=\"og:image:type\" content=\"image\/jpeg\" \/>\n<meta name=\"twitter:card\" content=\"summary_large_image\" \/>\n<meta name=\"twitter:label1\" content=\"Est. reading time\" \/>\n\t<meta name=\"twitter:data1\" content=\"2 minutos\" \/>\n<script type=\"application\/ld+json\" class=\"yoast-schema-graph\">{\"@context\":\"https:\\\/\\\/schema.org\",\"@graph\":[{\"@type\":\"WebPage\",\"@id\":\"https:\\\/\\\/autoprintmachine.com\\\/ceramic-and-tungsten-carbide-rings-for-pad-printing\\\/\",\"url\":\"https:\\\/\\\/autoprintmachine.com\\\/ceramic-and-tungsten-carbide-rings-for-pad-printing\\\/\",\"name\":\"Ceramic Ring and Hard Steel Ring for Pad Printing\",\"isPartOf\":{\"@id\":\"https:\\\/\\\/autoprintmachine.com\\\/#website\"},\"primaryImageOfPage\":{\"@id\":\"https:\\\/\\\/autoprintmachine.com\\\/ceramic-and-tungsten-carbide-rings-for-pad-printing\\\/#primaryimage\"},\"image\":{\"@id\":\"https:\\\/\\\/autoprintmachine.com\\\/ceramic-and-tungsten-carbide-rings-for-pad-printing\\\/#primaryimage\"},\"thumbnailUrl\":\"https:\\\/\\\/autoprintmachine.com\\\/wp-content\\\/uploads\\\/2020\\\/08\\\/\u9676\u74f7\u73af.jpg\",\"datePublished\":\"2020-08-15T08:17:06+00:00\",\"dateModified\":\"2026-01-21T03:07:56+00:00\",\"description\":\"Auto Print provides ceramic and hard steel ring for pad printing. There are many kinds of specifications and sizes which fits your needs\",\"breadcrumb\":{\"@id\":\"https:\\\/\\\/autoprintmachine.com\\\/ceramic-and-tungsten-carbide-rings-for-pad-printing\\\/#breadcrumb\"},\"inLanguage\":\"pt-BR\",\"potentialAction\":[{\"@type\":\"ReadAction\",\"target\":[\"https:\\\/\\\/autoprintmachine.com\\\/ceramic-and-tungsten-carbide-rings-for-pad-printing\\\/\"]}]},{\"@type\":\"ImageObject\",\"inLanguage\":\"pt-BR\",\"@id\":\"https:\\\/\\\/autoprintmachine.com\\\/ceramic-and-tungsten-carbide-rings-for-pad-printing\\\/#primaryimage\",\"url\":\"https:\\\/\\\/autoprintmachine.com\\\/wp-content\\\/uploads\\\/2020\\\/08\\\/\u9676\u74f7\u73af.jpg\",\"contentUrl\":\"https:\\\/\\\/autoprintmachine.com\\\/wp-content\\\/uploads\\\/2020\\\/08\\\/\u9676\u74f7\u73af.jpg\",\"width\":600,\"height\":600},{\"@type\":\"BreadcrumbList\",\"@id\":\"https:\\\/\\\/autoprintmachine.com\\\/ceramic-and-tungsten-carbide-rings-for-pad-printing\\\/#breadcrumb\",\"itemListElement\":[{\"@type\":\"ListItem\",\"position\":1,\"name\":\"Home\",\"item\":\"https:\\\/\\\/autoprintmachine.com\\\/\"},{\"@type\":\"ListItem\",\"position\":2,\"name\":\"Products\",\"item\":\"https:\\\/\\\/autoprintmachine.com\\\/shop\\\/\"},{\"@type\":\"ListItem\",\"position\":3,\"name\":\"Ceramic and Tungsten Carbide Rings for Pad Printing\"}]},{\"@type\":\"WebSite\",\"@id\":\"https:\\\/\\\/autoprintmachine.com\\\/#website\",\"url\":\"https:\\\/\\\/autoprintmachine.com\\\/\",\"name\":\"\",\"description\":\"\",\"publisher\":{\"@id\":\"https:\\\/\\\/autoprintmachine.com\\\/#organization\"},\"potentialAction\":[{\"@type\":\"SearchAction\",\"target\":{\"@type\":\"EntryPoint\",\"urlTemplate\":\"https:\\\/\\\/autoprintmachine.com\\\/?s={search_term_string}\"},\"query-input\":{\"@type\":\"PropertyValueSpecification\",\"valueRequired\":true,\"valueName\":\"search_term_string\"}}],\"inLanguage\":\"pt-BR\"},{\"@type\":\"Organization\",\"@id\":\"https:\\\/\\\/autoprintmachine.com\\\/#organization\",\"name\":\"Dongguan Auto Print Tech Co., Ltd\",\"url\":\"https:\\\/\\\/autoprintmachine.com\\\/\",\"logo\":{\"@type\":\"ImageObject\",\"inLanguage\":\"pt-BR\",\"@id\":\"https:\\\/\\\/autoprintmachine.com\\\/#\\\/schema\\\/logo\\\/image\\\/\",\"url\":\"https:\\\/\\\/autoprintmachine.com\\\/wp-content\\\/uploads\\\/2023\\\/06\\\/screen_printing_logo_new.webp\",\"contentUrl\":\"https:\\\/\\\/autoprintmachine.com\\\/wp-content\\\/uploads\\\/2023\\\/06\\\/screen_printing_logo_new.webp\",\"width\":890,\"height\":750,\"caption\":\"Dongguan Auto Print Tech Co., Ltd\"},\"image\":{\"@id\":\"https:\\\/\\\/autoprintmachine.com\\\/#\\\/schema\\\/logo\\\/image\\\/\"},\"sameAs\":[\"https:\\\/\\\/www.facebook.com\\\/autoprinttech\\\/\",\"https:\\\/\\\/www.youtube.com\\\/channel\\\/UCJtPGiBbQWGE2DZLxySpCtw\"]}]}<\/script>\n<!-- \/ Yoast SEO plugin. -->","yoast_head_json":{"title":"Anel de cer\u00e2mica e anel de a\u00e7o duro para impress\u00e3o em bloco","description":"A Auto Print fornece an\u00e9is de cer\u00e2mica e de a\u00e7o duro para impress\u00e3o em bloco. H\u00e1 muitos tipos de especifica\u00e7\u00f5es e tamanhos que atendem \u00e0s suas necessidades","robots":{"index":"index","follow":"follow","max-snippet":"max-snippet:-1","max-image-preview":"max-image-preview:large","max-video-preview":"max-video-preview:-1"},"canonical":"https:\/\/autoprintmachine.com\/pt\/aneis-de-ceramica-e-carbeto-de-tungstenio-para-tampografia\/","og_locale":"pt_BR","og_type":"article","og_title":"Ceramic Ring and Hard Steel Ring for Pad Printing","og_description":"Auto Print provides ceramic and hard steel ring for pad printing. There are many kinds of specifications and sizes which fits your needs","og_url":"https:\/\/autoprintmachine.com\/pt\/aneis-de-ceramica-e-carbeto-de-tungstenio-para-tampografia\/","article_publisher":"https:\/\/www.facebook.com\/autoprinttech\/","article_modified_time":"2026-01-21T03:07:56+00:00","og_image":[{"width":600,"height":600,"url":"https:\/\/autoprintmachine.com\/wp-content\/uploads\/2020\/08\/\u9676\u74f7\u73af.jpg","type":"image\/jpeg"}],"twitter_card":"summary_large_image","twitter_misc":{"Est. reading time":"2 minutos"},"schema":{"@context":"https:\/\/schema.org","@graph":[{"@type":"WebPage","@id":"https:\/\/autoprintmachine.com\/ceramic-and-tungsten-carbide-rings-for-pad-printing\/","url":"https:\/\/autoprintmachine.com\/ceramic-and-tungsten-carbide-rings-for-pad-printing\/","name":"Anel de cer\u00e2mica e anel de a\u00e7o duro para impress\u00e3o em bloco","isPartOf":{"@id":"https:\/\/autoprintmachine.com\/#website"},"primaryImageOfPage":{"@id":"https:\/\/autoprintmachine.com\/ceramic-and-tungsten-carbide-rings-for-pad-printing\/#primaryimage"},"image":{"@id":"https:\/\/autoprintmachine.com\/ceramic-and-tungsten-carbide-rings-for-pad-printing\/#primaryimage"},"thumbnailUrl":"https:\/\/autoprintmachine.com\/wp-content\/uploads\/2020\/08\/\u9676\u74f7\u73af.jpg","datePublished":"2020-08-15T08:17:06+00:00","dateModified":"2026-01-21T03:07:56+00:00","description":"A Auto Print fornece an\u00e9is de cer\u00e2mica e de a\u00e7o duro para impress\u00e3o em bloco. H\u00e1 muitos tipos de especifica\u00e7\u00f5es e tamanhos que atendem \u00e0s suas necessidades","breadcrumb":{"@id":"https:\/\/autoprintmachine.com\/ceramic-and-tungsten-carbide-rings-for-pad-printing\/#breadcrumb"},"inLanguage":"pt-BR","potentialAction":[{"@type":"ReadAction","target":["https:\/\/autoprintmachine.com\/ceramic-and-tungsten-carbide-rings-for-pad-printing\/"]}]},{"@type":"ImageObject","inLanguage":"pt-BR","@id":"https:\/\/autoprintmachine.com\/ceramic-and-tungsten-carbide-rings-for-pad-printing\/#primaryimage","url":"https:\/\/autoprintmachine.com\/wp-content\/uploads\/2020\/08\/\u9676\u74f7\u73af.jpg","contentUrl":"https:\/\/autoprintmachine.com\/wp-content\/uploads\/2020\/08\/\u9676\u74f7\u73af.jpg","width":600,"height":600},{"@type":"BreadcrumbList","@id":"https:\/\/autoprintmachine.com\/ceramic-and-tungsten-carbide-rings-for-pad-printing\/#breadcrumb","itemListElement":[{"@type":"ListItem","position":1,"name":"Home","item":"https:\/\/autoprintmachine.com\/"},{"@type":"ListItem","position":2,"name":"Products","item":"https:\/\/autoprintmachine.com\/shop\/"},{"@type":"ListItem","position":3,"name":"Ceramic and Tungsten Carbide Rings for Pad Printing"}]},{"@type":"WebSite","@id":"https:\/\/autoprintmachine.com\/#website","url":"https:\/\/autoprintmachine.com\/","name":"","description":"","publisher":{"@id":"https:\/\/autoprintmachine.com\/#organization"},"potentialAction":[{"@type":"SearchAction","target":{"@type":"EntryPoint","urlTemplate":"https:\/\/autoprintmachine.com\/?s={search_term_string}"},"query-input":{"@type":"PropertyValueSpecification","valueRequired":true,"valueName":"search_term_string"}}],"inLanguage":"pt-BR"},{"@type":"Organization","@id":"https:\/\/autoprintmachine.com\/#organization","name":"Dongguan Auto Print Tech Co., Ltd","url":"https:\/\/autoprintmachine.com\/","logo":{"@type":"ImageObject","inLanguage":"pt-BR","@id":"https:\/\/autoprintmachine.com\/#\/schema\/logo\/image\/","url":"https:\/\/autoprintmachine.com\/wp-content\/uploads\/2023\/06\/screen_printing_logo_new.webp","contentUrl":"https:\/\/autoprintmachine.com\/wp-content\/uploads\/2023\/06\/screen_printing_logo_new.webp","width":890,"height":750,"caption":"Dongguan Auto Print Tech Co., Ltd"},"image":{"@id":"https:\/\/autoprintmachine.com\/#\/schema\/logo\/image\/"},"sameAs":["https:\/\/www.facebook.com\/autoprinttech\/","https:\/\/www.youtube.com\/channel\/UCJtPGiBbQWGE2DZLxySpCtw"]}]}},"_links":{"self":[{"href":"https:\/\/autoprintmachine.com\/pt\/wp-json\/wp\/v2\/product\/391","targetHints":{"allow":["GET"]}}],"collection":[{"href":"https:\/\/autoprintmachine.com\/pt\/wp-json\/wp\/v2\/product"}],"about":[{"href":"https:\/\/autoprintmachine.com\/pt\/wp-json\/wp\/v2\/types\/product"}],"wp:featuredmedia":[{"embeddable":true,"href":"https:\/\/autoprintmachine.com\/pt\/wp-json\/wp\/v2\/media\/393"}],"wp:attachment":[{"href":"https:\/\/autoprintmachine.com\/pt\/wp-json\/wp\/v2\/media?parent=391"}],"wp:term":[{"taxonomy":"product_brand","embeddable":true,"href":"https:\/\/autoprintmachine.com\/pt\/wp-json\/wp\/v2\/product_brand?post=391"},{"taxonomy":"product_cat","embeddable":true,"href":"https:\/\/autoprintmachine.com\/pt\/wp-json\/wp\/v2\/product_cat?post=391"},{"taxonomy":"product_tag","embeddable":true,"href":"https:\/\/autoprintmachine.com\/pt\/wp-json\/wp\/v2\/product_tag?post=391"}],"curies":[{"name":"wp","href":"https:\/\/api.w.org\/{rel}","templated":true}]}}