{"id":398,"date":"2020-08-15T08:51:49","date_gmt":"2020-08-15T08:51:49","guid":{"rendered":"https:\/\/onceauto.seowaimao.com\/?post_type=product&#038;p=398"},"modified":"2026-01-21T03:19:47","modified_gmt":"2026-01-21T03:19:47","slug":"chapa-de-aco-para-maquina-de-tampografia","status":"publish","type":"product","link":"https:\/\/autoprintmachine.com\/pt\/chapa-de-aco-para-maquina-de-tampografia\/","title":{"rendered":"Placa de a\u00e7o para m\u00e1quina de tampografia"},"content":{"rendered":"<p>A Auto Print fornece diferentes tamanhos e especifica\u00e7\u00f5es de chapas de a\u00e7o (clich\u00eas). A espessura pode ser grossa ou fina. Al\u00e9m disso, est\u00e3o dispon\u00edveis chapas de a\u00e7o para m\u00e1quinas de bandeja aberta e de copo de tinta.<\/p>\n<p>Placas personalizadas e servi\u00e7os de grava\u00e7\u00e3o de placas tamb\u00e9m est\u00e3o dispon\u00edveis.<\/p>","protected":false},"excerpt":{"rendered":"<p>Uma chapa de a\u00e7o, tamb\u00e9m chamada de clich\u00ea, \u00e9 um acess\u00f3rio essencial para m\u00e1quinas de tampografia (tampo printing). Normalmente, h\u00e1 dois tipos principais de clich\u00eas de a\u00e7o: chapas de a\u00e7o finas (normalmente com 0,5 mm de espessura) e chapas de a\u00e7o grossas (normalmente com 10 mm de espessura). Tamb\u00e9m oferecemos servi\u00e7os profissionais de grava\u00e7\u00e3o de chapas.<\/p>","protected":false},"featured_media":399,"template":"","meta":[],"product_brand":[],"product_cat":[26],"product_tag":[],"class_list":{"0":"post-398","1":"product","2":"type-product","3":"status-publish","4":"has-post-thumbnail","6":"product_cat-screen-printing-pad-printing-consumables","8":"first","9":"instock","10":"shipping-taxable","11":"product-type-simple"},"yoast_head":"<!-- This site is optimized with the Yoast SEO plugin v27.4 - https:\/\/yoast.com\/product\/yoast-seo-wordpress\/ -->\n<title>Pad Printing Plates | steel plate<\/title>\n<meta name=\"description\" content=\"We supply different size and specifications steel plate (cliche), and provide thick or thin type, open tray or ink cup,custom and etching.\" \/>\n<meta name=\"robots\" content=\"index, follow, max-snippet:-1, max-image-preview:large, max-video-preview:-1\" \/>\n<link rel=\"canonical\" href=\"https:\/\/autoprintmachine.com\/pt\/chapa-de-aco-para-maquina-de-tampografia\/\" \/>\n<meta property=\"og:locale\" content=\"pt_BR\" \/>\n<meta property=\"og:type\" content=\"article\" \/>\n<meta property=\"og:title\" content=\"Pad Printing Plates | steel plate\" \/>\n<meta property=\"og:description\" content=\"We supply different size and specifications steel plate (cliche), and provide thick or thin type, open tray or ink cup,custom and etching.\" \/>\n<meta property=\"og:url\" content=\"https:\/\/autoprintmachine.com\/pt\/chapa-de-aco-para-maquina-de-tampografia\/\" \/>\n<meta property=\"article:publisher\" content=\"https:\/\/www.facebook.com\/autoprinttech\/\" \/>\n<meta property=\"article:modified_time\" content=\"2026-01-21T03:19:47+00:00\" \/>\n<meta property=\"og:image\" content=\"https:\/\/autoprintmachine.com\/wp-content\/uploads\/2020\/08\/steel-plate.jpg\" \/>\n\t<meta property=\"og:image:width\" content=\"600\" \/>\n\t<meta property=\"og:image:height\" content=\"600\" \/>\n\t<meta property=\"og:image:type\" content=\"image\/jpeg\" \/>\n<meta name=\"twitter:card\" content=\"summary_large_image\" \/>\n<meta name=\"twitter:label1\" content=\"Est. reading time\" \/>\n\t<meta name=\"twitter:data1\" content=\"1 minuto\" \/>\n<script type=\"application\/ld+json\" class=\"yoast-schema-graph\">{\"@context\":\"https:\\\/\\\/schema.org\",\"@graph\":[{\"@type\":\"WebPage\",\"@id\":\"https:\\\/\\\/autoprintmachine.com\\\/steel-plate-for-pad-printing-machine\\\/\",\"url\":\"https:\\\/\\\/autoprintmachine.com\\\/steel-plate-for-pad-printing-machine\\\/\",\"name\":\"Pad Printing Plates | steel plate\",\"isPartOf\":{\"@id\":\"https:\\\/\\\/autoprintmachine.com\\\/#website\"},\"primaryImageOfPage\":{\"@id\":\"https:\\\/\\\/autoprintmachine.com\\\/steel-plate-for-pad-printing-machine\\\/#primaryimage\"},\"image\":{\"@id\":\"https:\\\/\\\/autoprintmachine.com\\\/steel-plate-for-pad-printing-machine\\\/#primaryimage\"},\"thumbnailUrl\":\"https:\\\/\\\/autoprintmachine.com\\\/wp-content\\\/uploads\\\/2020\\\/08\\\/steel-plate.jpg\",\"datePublished\":\"2020-08-15T08:51:49+00:00\",\"dateModified\":\"2026-01-21T03:19:47+00:00\",\"description\":\"We supply different size and specifications steel plate (cliche), and provide thick or thin type, open tray or ink cup,custom and etching.\",\"breadcrumb\":{\"@id\":\"https:\\\/\\\/autoprintmachine.com\\\/steel-plate-for-pad-printing-machine\\\/#breadcrumb\"},\"inLanguage\":\"pt-BR\",\"potentialAction\":[{\"@type\":\"ReadAction\",\"target\":[\"https:\\\/\\\/autoprintmachine.com\\\/steel-plate-for-pad-printing-machine\\\/\"]}]},{\"@type\":\"ImageObject\",\"inLanguage\":\"pt-BR\",\"@id\":\"https:\\\/\\\/autoprintmachine.com\\\/steel-plate-for-pad-printing-machine\\\/#primaryimage\",\"url\":\"https:\\\/\\\/autoprintmachine.com\\\/wp-content\\\/uploads\\\/2020\\\/08\\\/steel-plate.jpg\",\"contentUrl\":\"https:\\\/\\\/autoprintmachine.com\\\/wp-content\\\/uploads\\\/2020\\\/08\\\/steel-plate.jpg\",\"width\":600,\"height\":600},{\"@type\":\"BreadcrumbList\",\"@id\":\"https:\\\/\\\/autoprintmachine.com\\\/steel-plate-for-pad-printing-machine\\\/#breadcrumb\",\"itemListElement\":[{\"@type\":\"ListItem\",\"position\":1,\"name\":\"Home\",\"item\":\"https:\\\/\\\/autoprintmachine.com\\\/\"},{\"@type\":\"ListItem\",\"position\":2,\"name\":\"Products\",\"item\":\"https:\\\/\\\/autoprintmachine.com\\\/shop\\\/\"},{\"@type\":\"ListItem\",\"position\":3,\"name\":\"Steel Plate for Pad Printing Machine\"}]},{\"@type\":\"WebSite\",\"@id\":\"https:\\\/\\\/autoprintmachine.com\\\/#website\",\"url\":\"https:\\\/\\\/autoprintmachine.com\\\/\",\"name\":\"\",\"description\":\"\",\"publisher\":{\"@id\":\"https:\\\/\\\/autoprintmachine.com\\\/#organization\"},\"potentialAction\":[{\"@type\":\"SearchAction\",\"target\":{\"@type\":\"EntryPoint\",\"urlTemplate\":\"https:\\\/\\\/autoprintmachine.com\\\/?s={search_term_string}\"},\"query-input\":{\"@type\":\"PropertyValueSpecification\",\"valueRequired\":true,\"valueName\":\"search_term_string\"}}],\"inLanguage\":\"pt-BR\"},{\"@type\":\"Organization\",\"@id\":\"https:\\\/\\\/autoprintmachine.com\\\/#organization\",\"name\":\"Dongguan Auto Print Tech Co., Ltd\",\"url\":\"https:\\\/\\\/autoprintmachine.com\\\/\",\"logo\":{\"@type\":\"ImageObject\",\"inLanguage\":\"pt-BR\",\"@id\":\"https:\\\/\\\/autoprintmachine.com\\\/#\\\/schema\\\/logo\\\/image\\\/\",\"url\":\"https:\\\/\\\/autoprintmachine.com\\\/wp-content\\\/uploads\\\/2023\\\/06\\\/screen_printing_logo_new.webp\",\"contentUrl\":\"https:\\\/\\\/autoprintmachine.com\\\/wp-content\\\/uploads\\\/2023\\\/06\\\/screen_printing_logo_new.webp\",\"width\":890,\"height\":750,\"caption\":\"Dongguan Auto Print Tech Co., Ltd\"},\"image\":{\"@id\":\"https:\\\/\\\/autoprintmachine.com\\\/#\\\/schema\\\/logo\\\/image\\\/\"},\"sameAs\":[\"https:\\\/\\\/www.facebook.com\\\/autoprinttech\\\/\",\"https:\\\/\\\/www.youtube.com\\\/channel\\\/UCJtPGiBbQWGE2DZLxySpCtw\"]}]}<\/script>\n<!-- \/ Yoast SEO plugin. -->","yoast_head_json":{"title":"Placas de impress\u00e3o em bloco | placa de a\u00e7o","description":"Fornecemos chapas de a\u00e7o (clich\u00ea) de diferentes tamanhos e especifica\u00e7\u00f5es e oferecemos tipos grossos ou finos, bandejas abertas ou copos de tinta, personalizados e gravados.","robots":{"index":"index","follow":"follow","max-snippet":"max-snippet:-1","max-image-preview":"max-image-preview:large","max-video-preview":"max-video-preview:-1"},"canonical":"https:\/\/autoprintmachine.com\/pt\/chapa-de-aco-para-maquina-de-tampografia\/","og_locale":"pt_BR","og_type":"article","og_title":"Pad Printing Plates | steel plate","og_description":"We supply different size and specifications steel plate (cliche), and provide thick or thin type, open tray or ink cup,custom and etching.","og_url":"https:\/\/autoprintmachine.com\/pt\/chapa-de-aco-para-maquina-de-tampografia\/","article_publisher":"https:\/\/www.facebook.com\/autoprinttech\/","article_modified_time":"2026-01-21T03:19:47+00:00","og_image":[{"width":600,"height":600,"url":"https:\/\/autoprintmachine.com\/wp-content\/uploads\/2020\/08\/steel-plate.jpg","type":"image\/jpeg"}],"twitter_card":"summary_large_image","twitter_misc":{"Est. reading time":"1 minuto"},"schema":{"@context":"https:\/\/schema.org","@graph":[{"@type":"WebPage","@id":"https:\/\/autoprintmachine.com\/steel-plate-for-pad-printing-machine\/","url":"https:\/\/autoprintmachine.com\/steel-plate-for-pad-printing-machine\/","name":"Placas de impress\u00e3o em bloco | placa de a\u00e7o","isPartOf":{"@id":"https:\/\/autoprintmachine.com\/#website"},"primaryImageOfPage":{"@id":"https:\/\/autoprintmachine.com\/steel-plate-for-pad-printing-machine\/#primaryimage"},"image":{"@id":"https:\/\/autoprintmachine.com\/steel-plate-for-pad-printing-machine\/#primaryimage"},"thumbnailUrl":"https:\/\/autoprintmachine.com\/wp-content\/uploads\/2020\/08\/steel-plate.jpg","datePublished":"2020-08-15T08:51:49+00:00","dateModified":"2026-01-21T03:19:47+00:00","description":"Fornecemos chapas de a\u00e7o (clich\u00ea) de diferentes tamanhos e especifica\u00e7\u00f5es e oferecemos tipos grossos ou finos, bandejas abertas ou copos de tinta, personalizados e gravados.","breadcrumb":{"@id":"https:\/\/autoprintmachine.com\/steel-plate-for-pad-printing-machine\/#breadcrumb"},"inLanguage":"pt-BR","potentialAction":[{"@type":"ReadAction","target":["https:\/\/autoprintmachine.com\/steel-plate-for-pad-printing-machine\/"]}]},{"@type":"ImageObject","inLanguage":"pt-BR","@id":"https:\/\/autoprintmachine.com\/steel-plate-for-pad-printing-machine\/#primaryimage","url":"https:\/\/autoprintmachine.com\/wp-content\/uploads\/2020\/08\/steel-plate.jpg","contentUrl":"https:\/\/autoprintmachine.com\/wp-content\/uploads\/2020\/08\/steel-plate.jpg","width":600,"height":600},{"@type":"BreadcrumbList","@id":"https:\/\/autoprintmachine.com\/steel-plate-for-pad-printing-machine\/#breadcrumb","itemListElement":[{"@type":"ListItem","position":1,"name":"Home","item":"https:\/\/autoprintmachine.com\/"},{"@type":"ListItem","position":2,"name":"Products","item":"https:\/\/autoprintmachine.com\/shop\/"},{"@type":"ListItem","position":3,"name":"Steel Plate for Pad Printing Machine"}]},{"@type":"WebSite","@id":"https:\/\/autoprintmachine.com\/#website","url":"https:\/\/autoprintmachine.com\/","name":"","description":"","publisher":{"@id":"https:\/\/autoprintmachine.com\/#organization"},"potentialAction":[{"@type":"SearchAction","target":{"@type":"EntryPoint","urlTemplate":"https:\/\/autoprintmachine.com\/?s={search_term_string}"},"query-input":{"@type":"PropertyValueSpecification","valueRequired":true,"valueName":"search_term_string"}}],"inLanguage":"pt-BR"},{"@type":"Organization","@id":"https:\/\/autoprintmachine.com\/#organization","name":"Dongguan Auto Print Tech Co., Ltd","url":"https:\/\/autoprintmachine.com\/","logo":{"@type":"ImageObject","inLanguage":"pt-BR","@id":"https:\/\/autoprintmachine.com\/#\/schema\/logo\/image\/","url":"https:\/\/autoprintmachine.com\/wp-content\/uploads\/2023\/06\/screen_printing_logo_new.webp","contentUrl":"https:\/\/autoprintmachine.com\/wp-content\/uploads\/2023\/06\/screen_printing_logo_new.webp","width":890,"height":750,"caption":"Dongguan Auto Print Tech Co., Ltd"},"image":{"@id":"https:\/\/autoprintmachine.com\/#\/schema\/logo\/image\/"},"sameAs":["https:\/\/www.facebook.com\/autoprinttech\/","https:\/\/www.youtube.com\/channel\/UCJtPGiBbQWGE2DZLxySpCtw"]}]}},"_links":{"self":[{"href":"https:\/\/autoprintmachine.com\/pt\/wp-json\/wp\/v2\/product\/398","targetHints":{"allow":["GET"]}}],"collection":[{"href":"https:\/\/autoprintmachine.com\/pt\/wp-json\/wp\/v2\/product"}],"about":[{"href":"https:\/\/autoprintmachine.com\/pt\/wp-json\/wp\/v2\/types\/product"}],"wp:featuredmedia":[{"embeddable":true,"href":"https:\/\/autoprintmachine.com\/pt\/wp-json\/wp\/v2\/media\/399"}],"wp:attachment":[{"href":"https:\/\/autoprintmachine.com\/pt\/wp-json\/wp\/v2\/media?parent=398"}],"wp:term":[{"taxonomy":"product_brand","embeddable":true,"href":"https:\/\/autoprintmachine.com\/pt\/wp-json\/wp\/v2\/product_brand?post=398"},{"taxonomy":"product_cat","embeddable":true,"href":"https:\/\/autoprintmachine.com\/pt\/wp-json\/wp\/v2\/product_cat?post=398"},{"taxonomy":"product_tag","embeddable":true,"href":"https:\/\/autoprintmachine.com\/pt\/wp-json\/wp\/v2\/product_tag?post=398"}],"curies":[{"name":"wp","href":"https:\/\/api.w.org\/{rel}","templated":true}]}}