{"id":543,"date":"2020-08-26T08:05:00","date_gmt":"2020-08-26T08:05:00","guid":{"rendered":"https:\/\/onceauto.seowaimao.com\/?post_type=product&#038;p=543"},"modified":"2025-12-24T06:07:18","modified_gmt":"2025-12-24T06:07:18","slug":"multi-color-cylindrical-screen-printing-machine","status":"publish","type":"product","link":"https:\/\/autoprintmachine.com\/pt\/maquina-de-impressao-de-tela-cilindrica-multicolorida\/","title":{"rendered":"M\u00e1quina de impress\u00e3o de tela cil\u00edndrica multicolorida"},"content":{"rendered":"<section class=\"section\" id=\"section_231141891\">\n\t\t<div class=\"section-bg fill\" >\n\t\t\t\t\t\t\t\t\t\n\t\t\t\n\n\t\t<\/div>\n\n\t\t\n\n\t\t<div class=\"section-content relative\">\n\t\t\t\n<div class=\"row\"  id=\"row-192961902\">\n\n\t<div id=\"col-131303511\" class=\"col small-12 large-12\"  >\n\t\t\t\t<div class=\"col-inner\"  >\n\t\t\t\n\t\t\t\n<h2>Vis\u00e3o geral do v\u00eddeo do produto: M\u00e1quina de impress\u00e3o de tela cil\u00edndrica AP-400S<\/h2>\n\t\t<\/div>\n\t\t\t\t\t<\/div>\n\n\t\n\n\t<div id=\"col-24567480\" class=\"col medium-2 small-12 large-2\"  >\n\t\t\t\t<div class=\"col-inner text-center\"  >\n\t\t\t\n\t\t\t\n\t\t<\/div>\n\t\t\t\t\t<\/div>\n\n\t\n\n\t<div id=\"col-45084467\" class=\"col medium-8 small-12 large-8\"  >\n\t\t\t\t<div class=\"col-inner text-center\"  >\n\t\t\t\n\t\t\t\n<div class=\"video video-fit mb\" style=\"padding-top:56.25%;\"><p><iframe loading=\"lazy\" title=\"M\u00e1quina semi-autom\u00e1tica de impress\u00e3o de copos pl\u00e1sticos em 2 cores\" width=\"1020\" height=\"574\" src=\"https:\/\/www.youtube.com\/embed\/6YkJuxVgy-Y?feature=oembed\" frameborder=\"0\" allow=\"accelerometer; autoplay; clipboard-write; encrypted-media; gyroscope; picture-in-picture; web-share\" referrerpolicy=\"strict-origin-when-cross-origin\" allowfullscreen><\/iframe><\/p>\n<\/div>\n\t\t<\/div>\n\t\t\t\t\t<\/div>\n\n\t\n\n\t<div id=\"col-225149033\" class=\"col medium-2 small-12 large-2\"  >\n\t\t\t\t<div class=\"col-inner text-center\"  >\n\t\t\t\n\t\t\t\n\t\t<\/div>\n\t\t\t\t\t<\/div>\n\n\t\n<\/div>\n\t\t<\/div>\n\n\t\t\n<style>\n#section_231141891 {\n  padding-top: 30px;\n  padding-bottom: 30px;\n}\n<\/style>\n\t<\/section>\n\t\n\n\t<section class=\"section\" id=\"section_2046428964\">\n\t\t<div class=\"section-bg fill\" >\n\t\t\t\t\t\t\t\t\t\n\t\t\t\n\n\t\t<\/div>\n\n\t\t\n\n\t\t<div class=\"section-content relative\">\n\t\t\t\n<div class=\"row\"  id=\"row-1216037084\">\n\n\t<div id=\"col-1973011576\" class=\"col small-12 large-12\"  >\n\t\t\t\t<div class=\"col-inner\"  >\n\t\t\t\n\t\t\t\t\t<\/div>\n\t\t\t\t\t<\/div>\n\n\t\n<h2>Vis\u00e3o geral da impressora de tela cil\u00edndrica AP-400S<\/h2>\n<p>A m\u00e1quina AP-400S \u00e9 uma m\u00e1quina de impress\u00e3o de tela cil\u00edndrica rotativa, com movimento esquerdo\/direito e acionada por servo. Ela \u00e9 equipada com um PLC da marca e uma tela sens\u00edvel ao toque que controla todos os movimentos. O di\u00e2metro m\u00e1ximo de impress\u00e3o pode chegar a 110 mm. Essa m\u00e1quina \u00e9 equipada com um sensor \u00f3ptico de marca para impress\u00e3o de registro de cor a cor. \u00c9 amplamente utilizada para objetos redondos sem marca de registro (ponto de ancoragem) para imprimir v\u00e1rias cores. Gra\u00e7as \u00e0 rota\u00e7\u00e3o do servo, essa m\u00e1quina tamb\u00e9m n\u00e3o precisa de engrenagens ao mudar para garrafas de di\u00e2metros diferentes. Ela pode imprimir com registro preciso.<\/p>\n<\/div>\n\t\t<\/div>\n\n\t\t\n<style>\n#section_2046428964 {\n  padding-top: 30px;\n  padding-bottom: 30px;\n}\n<\/style>\n\t<\/section>\n\t\n\n\t<section class=\"section\" id=\"section_487773872\">\n\t\t<div class=\"section-bg fill\" >\n\t\t\t\t\t\t\t\t\t\n\t\t\t\n\n\t\t<\/div>\n\n\t\t\n\n\t\t<div class=\"section-content relative\">\n\t\t\t\n<div class=\"row\"  id=\"row-2129822765\">\n\n\t<div id=\"col-75923390\" class=\"col small-12 large-12\"  >\n\t\t\t\t<div class=\"col-inner\"  >\n\t\t\t\n\t\t\t\n<h2>Principais recursos da m\u00e1quina de impress\u00e3o de tela cil\u00edndrica AP-400S<\/h2>\n<ol>\n<li>Especialmente projetado para objetos redondos sem olhais de registro, como garrafas pl\u00e1sticas, garrafas de \u00e1gua, recipientes de vidro, filtros de \u00f3leo, tubos de cosm\u00e9ticos, etc.<\/li>\n<li>Troca de ferramenta r\u00e1pida e f\u00e1cil com posicionamento servo de alta precis\u00e3o. Todos os controles s\u00e3o operados de forma conveniente por meio da tela sens\u00edvel ao toque.<\/li>\n<li>Acionamento de servomotor com controle de tela sens\u00edvel ao toque PLC<\/li>\n<li>Re-registro pelo sensor \u00f3ptico<\/li>\n<li>Opera\u00e7\u00e3o est\u00e1vel e silenciosa da m\u00e1quina<\/li>\n<\/ol>\n\t\t<\/div>\n\t\t\t\t\t<\/div>\n\n\t\n<\/div>\n\t\t<\/div>\n\n\t\t\n<style>\n#section_487773872 {\n  padding-top: 30px;\n  padding-bottom: 30px;\n}\n<\/style>\n\t<\/section>\n\t\n\n\t<section class=\"section\" id=\"section_1533991894\">\n\t\t<div class=\"section-bg fill\" >\n\t\t\t\t\t\t\t\t\t\n\t\t\t\n\n\t\t<\/div>\n\n\t\t\n\n\t\t<div class=\"section-content relative\">\n\t\t\t\n<div class=\"row\"  id=\"row-888111733\">\n\n\t<div id=\"col-1659978096\" class=\"col small-12 large-12\"  >\n\t\t\t\t<div class=\"col-inner\"  >\n\t\t\t\n\t\t\t\n<h2>Especifica\u00e7\u00f5es t\u00e9cnicas<\/h2>\n<table style=\"font-size: 15px;\" width=\"647\">\n<tbody>\n<tr>\n<td width=\"292\"><strong>Modelo NO:<\/strong><\/td>\n<td width=\"355\">AP-400S<\/td>\n<\/tr>\n<tr>\n<td width=\"292\"><strong>Forma de impress\u00e3o<\/strong><\/td>\n<td width=\"355\">Redondo<\/td>\n<\/tr>\n<tr>\n<td width=\"292\"><strong>Curso para cima e para baixo acionado:<\/strong><\/td>\n<td width=\"355\">Motor el\u00e9trico<\/td>\n<\/tr>\n<tr>\n<td width=\"292\"><strong>Curso de impress\u00e3o acionado:<\/strong><\/td>\n<td width=\"355\">Servo motor<\/td>\n<\/tr>\n<tr>\n<td width=\"292\"><strong>Sistema de novo registro:<\/strong><\/td>\n<td width=\"355\">Servo motor e sensor \u00f3ptico<\/td>\n<\/tr>\n<tr>\n<td width=\"292\"><strong>Sistema de controle: <\/strong><\/td>\n<td width=\"355\">Marca PLC e tela sens\u00edvel ao toque<\/td>\n<\/tr>\n<tr>\n<td width=\"292\"><strong>Imprimir di\u00e2metro redondo:<\/strong><\/td>\n<td width=\"355\">\u00a0\u00d87mm(0,276\u2033)-\u00d8110mm (4,33\u2033)<\/td>\n<\/tr>\n<tr>\n<td width=\"292\"><strong>\u00c1rea m\u00e1xima de impress\u00e3o:<\/strong><\/td>\n<td width=\"355\">L350 mm x H220 mm<\/td>\n<\/tr>\n<tr>\n<td width=\"292\"><strong>Tamanho m\u00e1ximo do quadro da tela:<\/strong><\/td>\n<td width=\"355\">800 x 400 mm (31,50\u2033 x 15,74\u2033)<\/td>\n<\/tr>\n<tr>\n<td width=\"292\"><strong>Velocidade do ciclo de impress\u00e3o:<\/strong><\/td>\n<td width=\"355\">2000 ciclos\/hora<\/td>\n<\/tr>\n<tr>\n<td width=\"292\"><strong>Toler\u00e2ncia de registro: <\/strong><\/td>\n<td width=\"355\">+\/- 0,3-0,5 mm (exceto toler\u00e2ncia de produtos)<\/td>\n<\/tr>\n<tr>\n<td width=\"292\"><strong>Alimenta\u00e7\u00e3o el\u00e9trica: <\/strong><\/td>\n<td width=\"355\">110V\/220V 50-60Hz 2,5KW<\/td>\n<\/tr>\n<tr>\n<td width=\"292\"><strong>Necessidade de ar:<\/strong><\/td>\n<td width=\"355\">5-7 bar<\/td>\n<\/tr>\n<tr>\n<td width=\"292\"><strong>Dimens\u00e3o da m\u00e1quina:<\/strong><\/td>\n<td width=\"355\">C900 x L800 x A1450 mm<\/td>\n<\/tr>\n<tr>\n<td width=\"292\"><strong>Peso: <\/strong><\/td>\n<td width=\"355\">200 kg (440,92 lbs)<\/td>\n<\/tr>\n<\/tbody>\n<\/table>\n\t\t<\/div>\n\t\t\t\t\t<\/div>\n\n\t\n<\/div>\n\t\t<\/div>\n\n\t\t\n<style>\n#section_1533991894 {\n  padding-top: 30px;\n  padding-bottom: 30px;\n}\n<\/style>\n\t<\/section>","protected":false},"excerpt":{"rendered":"<p>A m\u00e1quina de serigrafia redonda AP-400S foi projetada para objetos cil\u00edndricos, como garrafas, recipientes e copos, que n\u00e3o t\u00eam uma marca de registro (ponto de ancoragem), mas exigem impress\u00e3o multicolorida. O di\u00e2metro m\u00e1ximo de impress\u00e3o \u00e9 de 110 mm. Esse tipo de m\u00e1quina de serigrafia \u00e9 amplamente utilizado para impress\u00e3o em garrafas, recipientes e copos redondos, como garrafas de \u00e1gua para esportes e copos pl\u00e1sticos.<\/p>\n<p>&nbsp;<\/p>","protected":false},"featured_media":544,"template":"","meta":[],"product_cat":[15],"class_list":{"0":"post-543","1":"product","2":"type-product","3":"status-publish","4":"has-post-thumbnail","6":"product_cat-automatic-cylindrical-screen-printing-machine","8":"first","9":"instock","10":"shipping-taxable","11":"product-type-simple"},"acf":[],"yoast_head":"<!-- This site is optimized with the Yoast SEO plugin v23.9 - https:\/\/yoast.com\/wordpress\/plugins\/seo\/ -->\n<title>Multi Color Screen Printing Machine on Cylindrical products<\/title>\n<meta name=\"description\" content=\"Our machine can print different patterns on round products with touch screen control system. And without gear when the diameter is different.\" \/>\n<meta name=\"robots\" content=\"index, follow, max-snippet:-1, max-image-preview:large, max-video-preview:-1\" \/>\n<link rel=\"canonical\" href=\"https:\/\/autoprintmachine.com\/pt\/maquina-de-impressao-de-tela-cilindrica-multicolorida\/\" \/>\n<meta property=\"og:locale\" content=\"pt_BR\" \/>\n<meta property=\"og:type\" content=\"article\" \/>\n<meta property=\"og:title\" content=\"Multi Color Screen Printing Machine on Cylindrical products\" \/>\n<meta property=\"og:description\" content=\"Our machine can print different patterns on round products with touch screen control system. And without gear when the diameter is different.\" \/>\n<meta property=\"og:url\" content=\"https:\/\/autoprintmachine.com\/pt\/maquina-de-impressao-de-tela-cilindrica-multicolorida\/\" \/>\n<meta property=\"article:publisher\" content=\"https:\/\/www.facebook.com\/autoprinttech\/\" \/>\n<meta property=\"article:modified_time\" content=\"2025-12-24T06:07:18+00:00\" \/>\n<meta property=\"og:image\" content=\"https:\/\/autoprintmachine.com\/wp-content\/uploads\/2020\/08\/OS-400S.jpg\" \/>\n\t<meta property=\"og:image:width\" content=\"600\" \/>\n\t<meta property=\"og:image:height\" content=\"600\" \/>\n\t<meta property=\"og:image:type\" content=\"image\/jpeg\" \/>\n<meta name=\"twitter:card\" content=\"summary_large_image\" \/>\n<meta name=\"twitter:label1\" content=\"Est. tempo de leitura\" \/>\n\t<meta name=\"twitter:data1\" content=\"2 minutos\" \/>\n<script type=\"application\/ld+json\" class=\"yoast-schema-graph\">{\"@context\":\"https:\/\/schema.org\",\"@graph\":[{\"@type\":\"WebPage\",\"@id\":\"https:\/\/autoprintmachine.com\/multi-color-cylindrical-screen-printing-machine\/\",\"url\":\"https:\/\/autoprintmachine.com\/multi-color-cylindrical-screen-printing-machine\/\",\"name\":\"Multi Color Screen Printing Machine on Cylindrical products\",\"isPartOf\":{\"@id\":\"https:\/\/autoprintmachine.com\/#website\"},\"primaryImageOfPage\":{\"@id\":\"https:\/\/autoprintmachine.com\/multi-color-cylindrical-screen-printing-machine\/#primaryimage\"},\"image\":{\"@id\":\"https:\/\/autoprintmachine.com\/multi-color-cylindrical-screen-printing-machine\/#primaryimage\"},\"thumbnailUrl\":\"https:\/\/autoprintmachine.com\/wp-content\/uploads\/2020\/08\/OS-400S.jpg\",\"datePublished\":\"2020-08-26T08:05:00+00:00\",\"dateModified\":\"2025-12-24T06:07:18+00:00\",\"description\":\"Our machine can print different patterns on round products with touch screen control system. And without gear when the diameter is different.\",\"breadcrumb\":{\"@id\":\"https:\/\/autoprintmachine.com\/multi-color-cylindrical-screen-printing-machine\/#breadcrumb\"},\"inLanguage\":\"pt-BR\",\"potentialAction\":[{\"@type\":\"ReadAction\",\"target\":[\"https:\/\/autoprintmachine.com\/multi-color-cylindrical-screen-printing-machine\/\"]}]},{\"@type\":\"ImageObject\",\"inLanguage\":\"pt-BR\",\"@id\":\"https:\/\/autoprintmachine.com\/multi-color-cylindrical-screen-printing-machine\/#primaryimage\",\"url\":\"https:\/\/autoprintmachine.com\/wp-content\/uploads\/2020\/08\/OS-400S.jpg\",\"contentUrl\":\"https:\/\/autoprintmachine.com\/wp-content\/uploads\/2020\/08\/OS-400S.jpg\",\"width\":600,\"height\":600,\"caption\":\"automatic screen printing machine\"},{\"@type\":\"BreadcrumbList\",\"@id\":\"https:\/\/autoprintmachine.com\/multi-color-cylindrical-screen-printing-machine\/#breadcrumb\",\"itemListElement\":[{\"@type\":\"ListItem\",\"position\":1,\"name\":\"Home\",\"item\":\"https:\/\/autoprintmachine.com\/\"},{\"@type\":\"ListItem\",\"position\":2,\"name\":\"Products\",\"item\":\"https:\/\/autoprintmachine.com\/shop\/\"},{\"@type\":\"ListItem\",\"position\":3,\"name\":\"Multi Color Cylindrical Screen Printing Machine\"}]},{\"@type\":\"WebSite\",\"@id\":\"https:\/\/autoprintmachine.com\/#website\",\"url\":\"https:\/\/autoprintmachine.com\/\",\"name\":\"\",\"description\":\"\",\"publisher\":{\"@id\":\"https:\/\/autoprintmachine.com\/#organization\"},\"potentialAction\":[{\"@type\":\"SearchAction\",\"target\":{\"@type\":\"EntryPoint\",\"urlTemplate\":\"https:\/\/autoprintmachine.com\/?s={search_term_string}\"},\"query-input\":{\"@type\":\"PropertyValueSpecification\",\"valueRequired\":true,\"valueName\":\"search_term_string\"}}],\"inLanguage\":\"pt-BR\"},{\"@type\":\"Organization\",\"@id\":\"https:\/\/autoprintmachine.com\/#organization\",\"name\":\"Dongguan Auto Print Tech Co., Ltd\",\"url\":\"https:\/\/autoprintmachine.com\/\",\"logo\":{\"@type\":\"ImageObject\",\"inLanguage\":\"pt-BR\",\"@id\":\"https:\/\/autoprintmachine.com\/#\/schema\/logo\/image\/\",\"url\":\"https:\/\/autoprintmachine.com\/wp-content\/uploads\/2023\/06\/screen_printing_logo_new.webp\",\"contentUrl\":\"https:\/\/autoprintmachine.com\/wp-content\/uploads\/2023\/06\/screen_printing_logo_new.webp\",\"width\":890,\"height\":750,\"caption\":\"Dongguan Auto Print Tech Co., Ltd\"},\"image\":{\"@id\":\"https:\/\/autoprintmachine.com\/#\/schema\/logo\/image\/\"},\"sameAs\":[\"https:\/\/www.facebook.com\/autoprinttech\/\",\"https:\/\/www.youtube.com\/channel\/UCJtPGiBbQWGE2DZLxySpCtw\"]}]}<\/script>\n<!-- \/ Yoast SEO plugin. -->","yoast_head_json":{"title":"Multi Color Screen Printing Machine on Cylindrical products","description":"Our machine can print different patterns on round products with touch screen control system. And without gear when the diameter is different.","robots":{"index":"index","follow":"follow","max-snippet":"max-snippet:-1","max-image-preview":"max-image-preview:large","max-video-preview":"max-video-preview:-1"},"canonical":"https:\/\/autoprintmachine.com\/pt\/maquina-de-impressao-de-tela-cilindrica-multicolorida\/","og_locale":"pt_BR","og_type":"article","og_title":"Multi Color Screen Printing Machine on Cylindrical products","og_description":"Our machine can print different patterns on round products with touch screen control system. And without gear when the diameter is different.","og_url":"https:\/\/autoprintmachine.com\/pt\/maquina-de-impressao-de-tela-cilindrica-multicolorida\/","article_publisher":"https:\/\/www.facebook.com\/autoprinttech\/","article_modified_time":"2025-12-24T06:07:18+00:00","og_image":[{"width":600,"height":600,"url":"https:\/\/autoprintmachine.com\/wp-content\/uploads\/2020\/08\/OS-400S.jpg","type":"image\/jpeg"}],"twitter_card":"summary_large_image","twitter_misc":{"Est. tempo de leitura":"2 minutos"},"schema":{"@context":"https:\/\/schema.org","@graph":[{"@type":"WebPage","@id":"https:\/\/autoprintmachine.com\/multi-color-cylindrical-screen-printing-machine\/","url":"https:\/\/autoprintmachine.com\/multi-color-cylindrical-screen-printing-machine\/","name":"Multi Color Screen Printing Machine on Cylindrical products","isPartOf":{"@id":"https:\/\/autoprintmachine.com\/#website"},"primaryImageOfPage":{"@id":"https:\/\/autoprintmachine.com\/multi-color-cylindrical-screen-printing-machine\/#primaryimage"},"image":{"@id":"https:\/\/autoprintmachine.com\/multi-color-cylindrical-screen-printing-machine\/#primaryimage"},"thumbnailUrl":"https:\/\/autoprintmachine.com\/wp-content\/uploads\/2020\/08\/OS-400S.jpg","datePublished":"2020-08-26T08:05:00+00:00","dateModified":"2025-12-24T06:07:18+00:00","description":"Our machine can print different patterns on round products with touch screen control system. And without gear when the diameter is different.","breadcrumb":{"@id":"https:\/\/autoprintmachine.com\/multi-color-cylindrical-screen-printing-machine\/#breadcrumb"},"inLanguage":"pt-BR","potentialAction":[{"@type":"ReadAction","target":["https:\/\/autoprintmachine.com\/multi-color-cylindrical-screen-printing-machine\/"]}]},{"@type":"ImageObject","inLanguage":"pt-BR","@id":"https:\/\/autoprintmachine.com\/multi-color-cylindrical-screen-printing-machine\/#primaryimage","url":"https:\/\/autoprintmachine.com\/wp-content\/uploads\/2020\/08\/OS-400S.jpg","contentUrl":"https:\/\/autoprintmachine.com\/wp-content\/uploads\/2020\/08\/OS-400S.jpg","width":600,"height":600,"caption":"automatic screen printing machine"},{"@type":"BreadcrumbList","@id":"https:\/\/autoprintmachine.com\/multi-color-cylindrical-screen-printing-machine\/#breadcrumb","itemListElement":[{"@type":"ListItem","position":1,"name":"Home","item":"https:\/\/autoprintmachine.com\/"},{"@type":"ListItem","position":2,"name":"Products","item":"https:\/\/autoprintmachine.com\/shop\/"},{"@type":"ListItem","position":3,"name":"Multi Color Cylindrical Screen Printing Machine"}]},{"@type":"WebSite","@id":"https:\/\/autoprintmachine.com\/#website","url":"https:\/\/autoprintmachine.com\/","name":"","description":"","publisher":{"@id":"https:\/\/autoprintmachine.com\/#organization"},"potentialAction":[{"@type":"SearchAction","target":{"@type":"EntryPoint","urlTemplate":"https:\/\/autoprintmachine.com\/?s={search_term_string}"},"query-input":{"@type":"PropertyValueSpecification","valueRequired":true,"valueName":"search_term_string"}}],"inLanguage":"pt-BR"},{"@type":"Organization","@id":"https:\/\/autoprintmachine.com\/#organization","name":"Dongguan Auto Print Tech Co., Ltd","url":"https:\/\/autoprintmachine.com\/","logo":{"@type":"ImageObject","inLanguage":"pt-BR","@id":"https:\/\/autoprintmachine.com\/#\/schema\/logo\/image\/","url":"https:\/\/autoprintmachine.com\/wp-content\/uploads\/2023\/06\/screen_printing_logo_new.webp","contentUrl":"https:\/\/autoprintmachine.com\/wp-content\/uploads\/2023\/06\/screen_printing_logo_new.webp","width":890,"height":750,"caption":"Dongguan Auto Print Tech Co., Ltd"},"image":{"@id":"https:\/\/autoprintmachine.com\/#\/schema\/logo\/image\/"},"sameAs":["https:\/\/www.facebook.com\/autoprinttech\/","https:\/\/www.youtube.com\/channel\/UCJtPGiBbQWGE2DZLxySpCtw"]}]}},"_links":{"self":[{"href":"https:\/\/autoprintmachine.com\/pt\/wp-json\/wp\/v2\/product\/543","targetHints":{"allow":["GET"]}}],"collection":[{"href":"https:\/\/autoprintmachine.com\/pt\/wp-json\/wp\/v2\/product"}],"about":[{"href":"https:\/\/autoprintmachine.com\/pt\/wp-json\/wp\/v2\/types\/product"}],"wp:featuredmedia":[{"embeddable":true,"href":"https:\/\/autoprintmachine.com\/pt\/wp-json\/wp\/v2\/media\/544"}],"wp:attachment":[{"href":"https:\/\/autoprintmachine.com\/pt\/wp-json\/wp\/v2\/media?parent=543"}],"wp:term":[{"taxonomy":"product_cat","embeddable":true,"href":"https:\/\/autoprintmachine.com\/pt\/wp-json\/wp\/v2\/product_cat?post=543"}],"curies":[{"name":"wp","href":"https:\/\/api.w.org\/{rel}","templated":true}]}}