{"id":561,"date":"2020-09-19T03:02:20","date_gmt":"2020-09-19T03:02:20","guid":{"rendered":"https:\/\/autoprintmachine.com\/?post_type=product&#038;p=561"},"modified":"2026-01-06T05:18:35","modified_gmt":"2026-01-06T05:18:35","slug":"maquina-de-impressao-em-bloco-de-uma-cor-de-mesa-com-acionamento-servo","status":"publish","type":"product","link":"https:\/\/autoprintmachine.com\/pt\/maquina-de-impressao-em-bloco-de-uma-cor-de-mesa-com-acionamento-servo\/","title":{"rendered":"M\u00e1quina de impress\u00e3o em bloco de uma cor de mesa acionada por servo"},"content":{"rendered":"<h2><strong>INTRODU\u00c7\u00c3O<\/strong><\/h2>\n<p><strong>AP-100-SM<\/strong> A m\u00e1quina de tampografia controlada por servomotor \u00e9 um sistema compacto e preciso de tampografia em uma cor que \u00e9 f\u00e1cil de usar e r\u00e1pido de configurar. Ela possui um painel de controle com tela sens\u00edvel ao toque program\u00e1vel, e todas as fun\u00e7\u00f5es podem ser facilmente programadas a partir dele.<\/p>\n<p><strong>O AP-100-SM<\/strong> A impressora de bloco servocontrolada \u00e9 equipada com servomotores Panasonic que acionam o movimento frontal\/traseiro da placa e o curso do bloco sobre os objetos impressos.<\/p>\n<p><strong>O AP-100-SM<\/strong> A m\u00e1quina de tampografia servo-controlada \u00e9 adequada para impress\u00e3o r\u00e1pida e em pequena escala de uma cor e \u00e9 amplamente utilizada em muitos setores, incluindo artigos de papelaria, brinquedos, pl\u00e1sticos, presentes, eletrodom\u00e9sticos e eletr\u00f4nicos.<\/p>\n<h2><strong>Recursos padr\u00e3o:<\/strong><\/h2>\n<ul>\n<li>Impressora monocrom\u00e1tica compacta e precisa<\/li>\n<li>F\u00e1cil de usar e r\u00e1pido de configurar<\/li>\n<li>O PLC da Mitsubishi e a tela sens\u00edvel ao toque da Weinview controlam todos os movimentos<\/li>\n<li>O servomotor aciona o movimento frontal e traseiro da placa<\/li>\n<li>\u00a0Curso de impress\u00e3o program\u00e1vel acionado por um servomotor<\/li>\n<li>Dispositivo de limpeza autom\u00e1tica da almofada com fita (opcional)<\/li>\n<li>Controle de tela sens\u00edvel ao toque com armazenamento de mem\u00f3ria de trabalho<\/li>\n<li>Desempenho suave e silencioso da m\u00e1quina<\/li>\n<\/ul>\n<h2><strong>Especifica\u00e7\u00f5es:<\/strong><\/h2>\n<table width=\"643\">\n<tbody>\n<tr>\n<td width=\"260\">Modelo<\/td>\n<td width=\"383\">AP-100-SM<\/td>\n<\/tr>\n<tr>\n<td width=\"260\">Sistema de controle<\/td>\n<td width=\"383\">PLC da Mitsubishi e tela sens\u00edvel ao toque da Weinview<\/td>\n<\/tr>\n<tr>\n<td width=\"260\">Acionamento do curso dianteiro\/traseiro<\/td>\n<td width=\"383\">Servo motor Panasonic<\/td>\n<\/tr>\n<tr>\n<td width=\"260\">Impulsionado pelo curso de impress\u00e3o para cima\/para baixo<\/td>\n<td width=\"383\">Servo motor Panasonic<\/td>\n<\/tr>\n<tr>\n<td width=\"260\">Tamanho do clich\u00ea<\/td>\n<td width=\"383\">100 x 215 mm<\/td>\n<\/tr>\n<tr>\n<td width=\"260\">Espessura do clich\u00ea<\/td>\n<td width=\"383\">0,3 mm ou 0,5 mm ou 10 mm<\/td>\n<\/tr>\n<tr>\n<td width=\"260\">Tamanho do copo de tinta<\/td>\n<td width=\"383\">ID90 x OD100 mm<\/td>\n<\/tr>\n<tr>\n<td width=\"260\">Tamanho m\u00e1ximo de impress\u00e3o.<\/td>\n<td width=\"383\">\u00d8 85 mm<\/td>\n<\/tr>\n<tr>\n<td width=\"260\">Ciclos de funcionamento\/hora M\u00e1x.<\/td>\n<td width=\"383\">1800 - 6300<\/td>\n<\/tr>\n<tr>\n<td width=\"260\">Curso da almofada<\/td>\n<td width=\"383\">100 mm<\/td>\n<\/tr>\n<tr>\n<td width=\"260\">Tens\u00e3o principal<\/td>\n<td width=\"383\">110V\/220V\/230V 1Fase 50\/60Hz<\/td>\n<\/tr>\n<tr>\n<td width=\"260\">Tens\u00e3o de controle<\/td>\n<td width=\"383\">24 V\/DC<\/td>\n<\/tr>\n<tr>\n<td width=\"260\">Peso<\/td>\n<td width=\"383\">100 kg aproximadamente.<\/td>\n<\/tr>\n<tr>\n<td width=\"260\">Tamanho da m\u00e1quina<\/td>\n<td width=\"383\">L670 x L420 x A766 mm<\/td>\n<\/tr>\n<\/tbody>\n<\/table>","protected":false},"excerpt":{"rendered":"<p>A AP-100-SM \u00e9 uma m\u00e1quina de tampografia de mesa com curso servo acionado para cima\/para baixo e para frente\/para tr\u00e1s. Todas as opera\u00e7\u00f5es podem ser ajustadas e programadas por meio da tela sens\u00edvel ao toque e controladas por um PLC da marca. Essa m\u00e1quina de impress\u00e3o de blocos tem um desempenho de trabalho est\u00e1vel e pode obter uma impress\u00e3o de alta precis\u00e3o. O tamanho do copo de tinta dessa impressora de bloco \u00e9 de 90x100 mm e o tamanho da placa de impress\u00e3o \u00e9 de 100x215 mm. Ela \u00e9 amplamente utilizada para impress\u00e3o de pe\u00e7as pequenas, especialmente pe\u00e7as de alta qualidade, como componentes automotivos e eletr\u00f4nicos. Essa m\u00e1quina de tampografia de mesa tamb\u00e9m \u00e9 adequada para integra\u00e7\u00e3o em linhas de produ\u00e7\u00e3o.<\/p>","protected":false},"featured_media":1369,"template":"","meta":[],"product_brand":[],"product_cat":[23],"product_tag":[],"class_list":{"0":"post-561","1":"product","2":"type-product","3":"status-publish","4":"has-post-thumbnail","6":"product_cat-pad-printing-machine","8":"first","9":"instock","10":"shipping-taxable","11":"product-type-simple"},"yoast_head":"<!-- This site is optimized with the Yoast SEO plugin v27.4 - https:\/\/yoast.com\/product\/yoast-seo-wordpress\/ -->\n<title>Servo Tabletop One Color Pad Printing Machine with High-Quality<\/title>\n<meta name=\"description\" content=\"AP-100-SM is a tabletop pad printing machine with an up\/down drive and front\/rear drive, all driven by servo motors.\" \/>\n<meta name=\"robots\" content=\"index, follow, max-snippet:-1, max-image-preview:large, max-video-preview:-1\" \/>\n<link rel=\"canonical\" href=\"https:\/\/autoprintmachine.com\/pt\/maquina-de-impressao-em-bloco-de-uma-cor-de-mesa-com-acionamento-servo\/\" \/>\n<meta property=\"og:locale\" content=\"pt_BR\" \/>\n<meta property=\"og:type\" content=\"article\" \/>\n<meta property=\"og:title\" content=\"Servo Tabletop One Color Pad Printing Machine with High-Quality\" \/>\n<meta property=\"og:description\" content=\"AP-100-SM is a tabletop pad printing machine with an up\/down drive and front\/rear drive, all driven by servo motors.\" \/>\n<meta property=\"og:url\" content=\"https:\/\/autoprintmachine.com\/pt\/maquina-de-impressao-em-bloco-de-uma-cor-de-mesa-com-acionamento-servo\/\" \/>\n<meta property=\"article:publisher\" content=\"https:\/\/www.facebook.com\/autoprinttech\/\" \/>\n<meta property=\"article:modified_time\" content=\"2026-01-06T05:18:35+00:00\" \/>\n<meta property=\"og:image\" content=\"https:\/\/autoprintmachine.com\/wp-content\/uploads\/2022\/03\/125-1-SM.jpg\" \/>\n\t<meta property=\"og:image:width\" content=\"600\" \/>\n\t<meta property=\"og:image:height\" content=\"600\" \/>\n\t<meta property=\"og:image:type\" content=\"image\/jpeg\" \/>\n<meta name=\"twitter:card\" content=\"summary_large_image\" \/>\n<meta name=\"twitter:label1\" content=\"Est. reading time\" \/>\n\t<meta name=\"twitter:data1\" content=\"2 minutos\" \/>\n<script type=\"application\/ld+json\" class=\"yoast-schema-graph\">{\"@context\":\"https:\\\/\\\/schema.org\",\"@graph\":[{\"@type\":\"WebPage\",\"@id\":\"https:\\\/\\\/autoprintmachine.com\\\/servo-driven-tabletop-one-color-pad-printing-machine\\\/\",\"url\":\"https:\\\/\\\/autoprintmachine.com\\\/servo-driven-tabletop-one-color-pad-printing-machine\\\/\",\"name\":\"Servo Tabletop One Color Pad Printing Machine with High-Quality\",\"isPartOf\":{\"@id\":\"https:\\\/\\\/autoprintmachine.com\\\/#website\"},\"primaryImageOfPage\":{\"@id\":\"https:\\\/\\\/autoprintmachine.com\\\/servo-driven-tabletop-one-color-pad-printing-machine\\\/#primaryimage\"},\"image\":{\"@id\":\"https:\\\/\\\/autoprintmachine.com\\\/servo-driven-tabletop-one-color-pad-printing-machine\\\/#primaryimage\"},\"thumbnailUrl\":\"https:\\\/\\\/autoprintmachine.com\\\/wp-content\\\/uploads\\\/2022\\\/03\\\/125-1-SM.jpg\",\"datePublished\":\"2020-09-19T03:02:20+00:00\",\"dateModified\":\"2026-01-06T05:18:35+00:00\",\"description\":\"AP-100-SM is a tabletop pad printing machine with an up\\\/down drive and front\\\/rear drive, all driven by servo motors.\",\"breadcrumb\":{\"@id\":\"https:\\\/\\\/autoprintmachine.com\\\/servo-driven-tabletop-one-color-pad-printing-machine\\\/#breadcrumb\"},\"inLanguage\":\"pt-BR\",\"potentialAction\":[{\"@type\":\"ReadAction\",\"target\":[\"https:\\\/\\\/autoprintmachine.com\\\/servo-driven-tabletop-one-color-pad-printing-machine\\\/\"]}]},{\"@type\":\"ImageObject\",\"inLanguage\":\"pt-BR\",\"@id\":\"https:\\\/\\\/autoprintmachine.com\\\/servo-driven-tabletop-one-color-pad-printing-machine\\\/#primaryimage\",\"url\":\"https:\\\/\\\/autoprintmachine.com\\\/wp-content\\\/uploads\\\/2022\\\/03\\\/125-1-SM.jpg\",\"contentUrl\":\"https:\\\/\\\/autoprintmachine.com\\\/wp-content\\\/uploads\\\/2022\\\/03\\\/125-1-SM.jpg\",\"width\":600,\"height\":600,\"caption\":\"125 1 SM\"},{\"@type\":\"BreadcrumbList\",\"@id\":\"https:\\\/\\\/autoprintmachine.com\\\/servo-driven-tabletop-one-color-pad-printing-machine\\\/#breadcrumb\",\"itemListElement\":[{\"@type\":\"ListItem\",\"position\":1,\"name\":\"Home\",\"item\":\"https:\\\/\\\/autoprintmachine.com\\\/\"},{\"@type\":\"ListItem\",\"position\":2,\"name\":\"Products\",\"item\":\"https:\\\/\\\/autoprintmachine.com\\\/shop\\\/\"},{\"@type\":\"ListItem\",\"position\":3,\"name\":\"Servo Driven Tabletop One Color Pad Printing Machine\"}]},{\"@type\":\"WebSite\",\"@id\":\"https:\\\/\\\/autoprintmachine.com\\\/#website\",\"url\":\"https:\\\/\\\/autoprintmachine.com\\\/\",\"name\":\"\",\"description\":\"\",\"publisher\":{\"@id\":\"https:\\\/\\\/autoprintmachine.com\\\/#organization\"},\"potentialAction\":[{\"@type\":\"SearchAction\",\"target\":{\"@type\":\"EntryPoint\",\"urlTemplate\":\"https:\\\/\\\/autoprintmachine.com\\\/?s={search_term_string}\"},\"query-input\":{\"@type\":\"PropertyValueSpecification\",\"valueRequired\":true,\"valueName\":\"search_term_string\"}}],\"inLanguage\":\"pt-BR\"},{\"@type\":\"Organization\",\"@id\":\"https:\\\/\\\/autoprintmachine.com\\\/#organization\",\"name\":\"Dongguan Auto Print Tech Co., Ltd\",\"url\":\"https:\\\/\\\/autoprintmachine.com\\\/\",\"logo\":{\"@type\":\"ImageObject\",\"inLanguage\":\"pt-BR\",\"@id\":\"https:\\\/\\\/autoprintmachine.com\\\/#\\\/schema\\\/logo\\\/image\\\/\",\"url\":\"https:\\\/\\\/autoprintmachine.com\\\/wp-content\\\/uploads\\\/2023\\\/06\\\/screen_printing_logo_new.webp\",\"contentUrl\":\"https:\\\/\\\/autoprintmachine.com\\\/wp-content\\\/uploads\\\/2023\\\/06\\\/screen_printing_logo_new.webp\",\"width\":890,\"height\":750,\"caption\":\"Dongguan Auto Print Tech Co., Ltd\"},\"image\":{\"@id\":\"https:\\\/\\\/autoprintmachine.com\\\/#\\\/schema\\\/logo\\\/image\\\/\"},\"sameAs\":[\"https:\\\/\\\/www.facebook.com\\\/autoprinttech\\\/\",\"https:\\\/\\\/www.youtube.com\\\/channel\\\/UCJtPGiBbQWGE2DZLxySpCtw\"]}]}<\/script>\n<!-- \/ Yoast SEO plugin. -->","yoast_head_json":{"title":"M\u00e1quina de impress\u00e3o em bloco de uma cor de mesa servo com alta qualidade","description":"A AP-100-SM \u00e9 uma m\u00e1quina de tampografia de mesa com acionamento para cima\/para baixo e para frente\/para tr\u00e1s, todos acionados por servomotores.","robots":{"index":"index","follow":"follow","max-snippet":"max-snippet:-1","max-image-preview":"max-image-preview:large","max-video-preview":"max-video-preview:-1"},"canonical":"https:\/\/autoprintmachine.com\/pt\/maquina-de-impressao-em-bloco-de-uma-cor-de-mesa-com-acionamento-servo\/","og_locale":"pt_BR","og_type":"article","og_title":"Servo Tabletop One Color Pad Printing Machine with High-Quality","og_description":"AP-100-SM is a tabletop pad printing machine with an up\/down drive and front\/rear drive, all driven by servo motors.","og_url":"https:\/\/autoprintmachine.com\/pt\/maquina-de-impressao-em-bloco-de-uma-cor-de-mesa-com-acionamento-servo\/","article_publisher":"https:\/\/www.facebook.com\/autoprinttech\/","article_modified_time":"2026-01-06T05:18:35+00:00","og_image":[{"width":600,"height":600,"url":"https:\/\/autoprintmachine.com\/wp-content\/uploads\/2022\/03\/125-1-SM.jpg","type":"image\/jpeg"}],"twitter_card":"summary_large_image","twitter_misc":{"Est. reading time":"2 minutos"},"schema":{"@context":"https:\/\/schema.org","@graph":[{"@type":"WebPage","@id":"https:\/\/autoprintmachine.com\/servo-driven-tabletop-one-color-pad-printing-machine\/","url":"https:\/\/autoprintmachine.com\/servo-driven-tabletop-one-color-pad-printing-machine\/","name":"M\u00e1quina de impress\u00e3o em bloco de uma cor de mesa servo com alta qualidade","isPartOf":{"@id":"https:\/\/autoprintmachine.com\/#website"},"primaryImageOfPage":{"@id":"https:\/\/autoprintmachine.com\/servo-driven-tabletop-one-color-pad-printing-machine\/#primaryimage"},"image":{"@id":"https:\/\/autoprintmachine.com\/servo-driven-tabletop-one-color-pad-printing-machine\/#primaryimage"},"thumbnailUrl":"https:\/\/autoprintmachine.com\/wp-content\/uploads\/2022\/03\/125-1-SM.jpg","datePublished":"2020-09-19T03:02:20+00:00","dateModified":"2026-01-06T05:18:35+00:00","description":"A AP-100-SM \u00e9 uma m\u00e1quina de tampografia de mesa com acionamento para cima\/para baixo e para frente\/para tr\u00e1s, todos acionados por servomotores.","breadcrumb":{"@id":"https:\/\/autoprintmachine.com\/servo-driven-tabletop-one-color-pad-printing-machine\/#breadcrumb"},"inLanguage":"pt-BR","potentialAction":[{"@type":"ReadAction","target":["https:\/\/autoprintmachine.com\/servo-driven-tabletop-one-color-pad-printing-machine\/"]}]},{"@type":"ImageObject","inLanguage":"pt-BR","@id":"https:\/\/autoprintmachine.com\/servo-driven-tabletop-one-color-pad-printing-machine\/#primaryimage","url":"https:\/\/autoprintmachine.com\/wp-content\/uploads\/2022\/03\/125-1-SM.jpg","contentUrl":"https:\/\/autoprintmachine.com\/wp-content\/uploads\/2022\/03\/125-1-SM.jpg","width":600,"height":600,"caption":"125 1 SM"},{"@type":"BreadcrumbList","@id":"https:\/\/autoprintmachine.com\/servo-driven-tabletop-one-color-pad-printing-machine\/#breadcrumb","itemListElement":[{"@type":"ListItem","position":1,"name":"Home","item":"https:\/\/autoprintmachine.com\/"},{"@type":"ListItem","position":2,"name":"Products","item":"https:\/\/autoprintmachine.com\/shop\/"},{"@type":"ListItem","position":3,"name":"Servo Driven Tabletop One Color Pad Printing Machine"}]},{"@type":"WebSite","@id":"https:\/\/autoprintmachine.com\/#website","url":"https:\/\/autoprintmachine.com\/","name":"","description":"","publisher":{"@id":"https:\/\/autoprintmachine.com\/#organization"},"potentialAction":[{"@type":"SearchAction","target":{"@type":"EntryPoint","urlTemplate":"https:\/\/autoprintmachine.com\/?s={search_term_string}"},"query-input":{"@type":"PropertyValueSpecification","valueRequired":true,"valueName":"search_term_string"}}],"inLanguage":"pt-BR"},{"@type":"Organization","@id":"https:\/\/autoprintmachine.com\/#organization","name":"Dongguan Auto Print Tech Co., Ltd","url":"https:\/\/autoprintmachine.com\/","logo":{"@type":"ImageObject","inLanguage":"pt-BR","@id":"https:\/\/autoprintmachine.com\/#\/schema\/logo\/image\/","url":"https:\/\/autoprintmachine.com\/wp-content\/uploads\/2023\/06\/screen_printing_logo_new.webp","contentUrl":"https:\/\/autoprintmachine.com\/wp-content\/uploads\/2023\/06\/screen_printing_logo_new.webp","width":890,"height":750,"caption":"Dongguan Auto Print Tech Co., Ltd"},"image":{"@id":"https:\/\/autoprintmachine.com\/#\/schema\/logo\/image\/"},"sameAs":["https:\/\/www.facebook.com\/autoprinttech\/","https:\/\/www.youtube.com\/channel\/UCJtPGiBbQWGE2DZLxySpCtw"]}]}},"_links":{"self":[{"href":"https:\/\/autoprintmachine.com\/pt\/wp-json\/wp\/v2\/product\/561","targetHints":{"allow":["GET"]}}],"collection":[{"href":"https:\/\/autoprintmachine.com\/pt\/wp-json\/wp\/v2\/product"}],"about":[{"href":"https:\/\/autoprintmachine.com\/pt\/wp-json\/wp\/v2\/types\/product"}],"wp:featuredmedia":[{"embeddable":true,"href":"https:\/\/autoprintmachine.com\/pt\/wp-json\/wp\/v2\/media\/1369"}],"wp:attachment":[{"href":"https:\/\/autoprintmachine.com\/pt\/wp-json\/wp\/v2\/media?parent=561"}],"wp:term":[{"taxonomy":"product_brand","embeddable":true,"href":"https:\/\/autoprintmachine.com\/pt\/wp-json\/wp\/v2\/product_brand?post=561"},{"taxonomy":"product_cat","embeddable":true,"href":"https:\/\/autoprintmachine.com\/pt\/wp-json\/wp\/v2\/product_cat?post=561"},{"taxonomy":"product_tag","embeddable":true,"href":"https:\/\/autoprintmachine.com\/pt\/wp-json\/wp\/v2\/product_tag?post=561"}],"curies":[{"name":"wp","href":"https:\/\/api.w.org\/{rel}","templated":true}]}}